{"id":1408,"date":"2009-05-10T17:09:24","date_gmt":"2009-05-10T17:09:24","guid":{"rendered":"https:\/\/www.inmsol.com\/"},"modified":"2023-06-30T18:16:27","modified_gmt":"2023-06-30T16:16:27","slug":"methodologie-und-lehrer","status":"publish","type":"page","link":"https:\/\/www.inmsol.com\/de\/methodologie-und-lehrer\/","title":{"rendered":"Methodologie und Lehrer"},"content":{"rendered":"\t\t<div data-elementor-type=\"wp-page\" data-elementor-id=\"1408\" class=\"elementor elementor-1408 elementor-1406\" data-elementor-post-type=\"page\">\n\t\t\t\t\t\t<section class=\"elementor-section elementor-top-section elementor-element elementor-element-0b6dc77 elementor-section-full_width elementor-section-height-min-height elementor-section-stretched elementor-section-height-default elementor-section-items-middle parallax_section_no qode_elementor_container_no\" data-id=\"0b6dc77\" data-element_type=\"section\" data-settings=\"{&quot;stretch_section&quot;:&quot;section-stretched&quot;,&quot;background_background&quot;:&quot;classic&quot;}\">\n\t\t\t\t\t\t\t<div class=\"elementor-background-overlay\"><\/div>\n\t\t\t\t\t\t\t<div class=\"elementor-container elementor-column-gap-no\">\n\t\t\t\t\t<div class=\"elementor-column elementor-col-100 elementor-top-column elementor-element elementor-element-aef5659\" data-id=\"aef5659\" data-element_type=\"column\">\n\t\t\t<div class=\"elementor-widget-wrap elementor-element-populated\">\n\t\t\t\t\t\t<section class=\"elementor-section elementor-inner-section elementor-element elementor-element-7c6797b elementor-section-boxed elementor-section-height-default elementor-section-height-default parallax_section_no qode_elementor_container_no\" data-id=\"7c6797b\" data-element_type=\"section\">\n\t\t\t\t\t\t<div class=\"elementor-container elementor-column-gap-default\">\n\t\t\t\t\t<div class=\"elementor-column elementor-col-100 elementor-inner-column elementor-element elementor-element-5afd671\" data-id=\"5afd671\" data-element_type=\"column\">\n\t\t\t<div class=\"elementor-widget-wrap elementor-element-populated\">\n\t\t\t\t\t\t\t<\/div>\n\t\t<\/div>\n\t\t\t\t\t<\/div>\n\t\t<\/section>\n\t\t\t\t\t<\/div>\n\t\t<\/div>\n\t\t\t\t\t<\/div>\n\t\t<\/section>\n\t\t\t\t<section class=\"elementor-section elementor-top-section elementor-element elementor-element-1ab920f elementor-section-full_width elementor-section-content-middle elementor-section-stretched elementor-section-height-default elementor-section-height-default parallax_section_no qode_elementor_container_no\" data-id=\"1ab920f\" data-element_type=\"section\" data-settings=\"{&quot;stretch_section&quot;:&quot;section-stretched&quot;,&quot;background_background&quot;:&quot;classic&quot;}\">\n\t\t\t\t\t\t<div class=\"elementor-container elementor-column-gap-wider\">\n\t\t\t\t\t<div class=\"elementor-column elementor-col-50 elementor-top-column elementor-element elementor-element-2a9d521\" data-id=\"2a9d521\" data-element_type=\"column\" data-settings=\"{&quot;background_background&quot;:&quot;classic&quot;}\">\n\t\t\t<div class=\"elementor-widget-wrap elementor-element-populated\">\n\t\t\t\t\t\t<div class=\"elementor-element elementor-element-016ba66 elementor-widget elementor-widget-spacer\" data-id=\"016ba66\" data-element_type=\"widget\" data-widget_type=\"spacer.default\">\n\t\t\t\t<div class=\"elementor-widget-container\">\n\t\t\t\t\t\t\t<div class=\"elementor-spacer\">\n\t\t\t<div class=\"elementor-spacer-inner\"><\/div>\n\t\t<\/div>\n\t\t\t\t\t\t<\/div>\n\t\t\t\t<\/div>\n\t\t\t\t\t<\/div>\n\t\t<\/div>\n\t\t\t\t<div class=\"elementor-column elementor-col-50 elementor-top-column elementor-element elementor-element-1a107a6\" data-id=\"1a107a6\" data-element_type=\"column\">\n\t\t\t<div class=\"elementor-widget-wrap elementor-element-populated\">\n\t\t\t\t\t\t<div class=\"elementor-element elementor-element-9c46270 elementor-widget elementor-widget-heading\" data-id=\"9c46270\" data-element_type=\"widget\" data-widget_type=\"heading.default\">\n\t\t\t\t<div class=\"elementor-widget-container\">\n\t\t\t\t\t<h3 class=\"elementor-heading-title elementor-size-default\">METHODOLOGIE<\/h3>\t\t\t\t<\/div>\n\t\t\t\t<\/div>\n\t\t\t\t<div class=\"elementor-element elementor-element-5b7cafb elementor-widget elementor-widget-text-editor\" data-id=\"5b7cafb\" data-element_type=\"widget\" data-widget_type=\"text-editor.default\">\n\t\t\t\t<div class=\"elementor-widget-container\">\n\t\t\t\t\t\t\t\t\t<p>Der Unterricht findet ausschlie\u00dflich auf Spanisch statt, ohne eine andere Sprache zur Unterst\u00fctzung zu benutzen. Dabei kommen die\u00a0<b>direkte kommunikative Methode\u00a0<\/b>und die<b>\u00a0situationale Methode\u00a0<\/b>zum Einsatz, durch die die Assoziation zwischen dem bezeichneten Gegenstand und dem entsprechenden spanischen Wort aufgestellt wird. Wortschatz und Grammatik werden im Kontext gelernt, wobei viel Wert auf sowohl schriftliche als auch m\u00fcndliche Mitarbeit der Sch\u00fcler gelegt wird. Es werden \u00dcbungsaufgaben zu den verschiedenen grammatikalischen Strukturen, den regelm\u00e4ssigen und unregelm\u00e4ssigen Verben, Diktate, Lekt\u00fcren, bei denen besonders auf Aussprache geachtet wird, die aber auch als Redeanlass f\u00fcr die freie oder gef\u00fchrte Kommunikation dienen k\u00f6nnen, behandelt, wobei der Lehrer stets Fehler verbessert. Alle unsere Programme sind in \u00dcbereinstimmung mit dem Europ\u00e4ischen Referenzrahmen f\u00fcr Sprachen und dem Curriculum des Instituto Cervantes ausgearbeitet worden.<\/p><p>Mit jedem Sch\u00fcler wird vor Beginn der ersten Unterrichtsstunde ein Sprachleistungstest durchgef\u00fchrt, um seine Kompetenzen in den verschiedenen Bereichen der spanischen Sprache festzustellen. Abh\u00e4ngig von seinen Testergebnissen wird der Sch\u00fcler in die seinem Grammatik- und Konversationsniveau entsprechenden Gruppen eingeteilt. Da die Kenntnisse auf den Gebieten\u00a0<b>Grammatik, Konversation und Wortschatz<\/b>\u00a0nicht immer identisch sind und unsere Kurse diese Unterschiede ber\u00fccksichtigen, kann es sein, dass der Sch\u00fcler je nach Einsch\u00e4tzung der Kursleiter in zwei Gruppen verschiedener Niveaustufen eingeteilt wird.<\/p><p>Die Gruppen (Niveaustufen) werden immer erst am Dienstag jeder Woche endg\u00fcltig geschlossen. Es besteht also die M\u00f6glichkeit eines Kurswechsels, wenn Lehrer und Studienleiter ihn f\u00fcr angebracht halten.<\/p>\t\t\t\t\t\t\t\t<\/div>\n\t\t\t\t<\/div>\n\t\t\t\t\t<\/div>\n\t\t<\/div>\n\t\t\t\t\t<\/div>\n\t\t<\/section>\n\t\t\t\t<section class=\"elementor-section elementor-top-section elementor-element elementor-element-b7f3a21 elementor-section-full_width elementor-section-content-middle elementor-section-stretched elementor-section-height-default elementor-section-height-default parallax_section_no qode_elementor_container_no\" data-id=\"b7f3a21\" data-element_type=\"section\" data-settings=\"{&quot;stretch_section&quot;:&quot;section-stretched&quot;}\">\n\t\t\t\t\t\t<div class=\"elementor-container elementor-column-gap-wider\">\n\t\t\t\t\t<div class=\"elementor-column elementor-col-50 elementor-top-column elementor-element elementor-element-3bbbd0d\" data-id=\"3bbbd0d\" data-element_type=\"column\">\n\t\t\t<div class=\"elementor-widget-wrap elementor-element-populated\">\n\t\t\t\t\t\t<div class=\"elementor-element elementor-element-076afd1 elementor-widget elementor-widget-heading\" data-id=\"076afd1\" data-element_type=\"widget\" data-widget_type=\"heading.default\">\n\t\t\t\t<div class=\"elementor-widget-container\">\n\t\t\t\t\t<h3 class=\"elementor-heading-title elementor-size-default\">LEHRER<\/h3>\t\t\t\t<\/div>\n\t\t\t\t<\/div>\n\t\t\t\t<div class=\"elementor-element elementor-element-9fc9234 elementor-widget elementor-widget-text-editor\" data-id=\"9fc9234\" data-element_type=\"widget\" data-widget_type=\"text-editor.default\">\n\t\t\t\t<div class=\"elementor-widget-container\">\n\t\t\t\t\t\t\t\t\t<p>Zur Durchf\u00fchrung dieser Methodologie verf\u00fcgt Instituto Mediterr\u00e1neo Sol (iNMSOL) \u00fcber hochprofessionelle und dynamische Lehrer mit Universit\u00e4tsabschluss, die speziell f\u00fcr den Spanischunterricht f\u00fcr Ausl\u00e4nder methodologisch von unserem Institut ausgebildet wurden.<\/p><p>Alle iNMSOL-<b>Sprachlehrer<\/b>\u00a0sind\u00a0<b>Muttersprachler<\/b>.<\/p><p>Die Arbeit der Lehrer wird von einem Studienleiter gef\u00fchrt und koordiniert, der sie gleichzeitig hinsichtlich der f\u00fcr den Unterrichtsablauf notwendigen Aspekte beratend zur Seite steht.<\/p><p>iNMSOL hat eine Arbeitsb\u00f6rse, in die jeder aufgenommen wird, der den\u00a0<a href=\"http:\/\/www.cursos-profesores-ele.com\/\" target=\"_blank\" rel=\"noopener noreferrer\">Fortbildungskurs f\u00fcr Spanischlehrer\u00a0<\/a>absolviert hat.<\/p>\t\t\t\t\t\t\t\t<\/div>\n\t\t\t\t<\/div>\n\t\t\t\t\t<\/div>\n\t\t<\/div>\n\t\t\t\t<div class=\"elementor-column elementor-col-50 elementor-top-column elementor-element elementor-element-fc70e6c\" data-id=\"fc70e6c\" data-element_type=\"column\" data-settings=\"{&quot;background_background&quot;:&quot;classic&quot;}\">\n\t\t\t<div class=\"elementor-widget-wrap elementor-element-populated\">\n\t\t\t\t\t\t<div class=\"elementor-element elementor-element-b42297a elementor-widget elementor-widget-spacer\" data-id=\"b42297a\" data-element_type=\"widget\" data-widget_type=\"spacer.default\">\n\t\t\t\t<div class=\"elementor-widget-container\">\n\t\t\t\t\t\t\t<div class=\"elementor-spacer\">\n\t\t\t<div class=\"elementor-spacer-inner\"><\/div>\n\t\t<\/div>\n\t\t\t\t\t\t<\/div>\n\t\t\t\t<\/div>\n\t\t\t\t\t<\/div>\n\t\t<\/div>\n\t\t\t\t\t<\/div>\n\t\t<\/section>\n\t\t\t\t<\/div>\n\t\t","protected":false},"excerpt":{"rendered":"<p>METHODOLOGIE Der Unterricht findet ausschlie\u00dflich auf Spanisch statt, ohne eine andere Sprache zur Unterst\u00fctzung zu benutzen. Dabei kommen die\u00a0direkte kommunikative Methode\u00a0und die\u00a0situationale Methode\u00a0zum Einsatz, durch die die Assoziation zwischen dem bezeichneten Gegenstand und dem entsprechenden spanischen Wort aufgestellt wird. Wortschatz und Grammatik werden im Kontext&#8230;<\/p>\n","protected":false},"author":2,"featured_media":6808,"parent":0,"menu_order":0,"comment_status":"closed","ping_status":"closed","template":"elementor_header_footer","meta":{"_acf_changed":false,"footnotes":""},"class_list":["post-1408","page","type-page","status-publish","has-post-thumbnail","hentry"],"acf":[],"yoast_head":"<!-- This site is optimized with the Yoast SEO plugin v27.4 - https:\/\/yoast.com\/product\/yoast-seo-wordpress\/ -->\n<title>Methodologie und Lehrer | iNMSOL<\/title>\n<meta name=\"description\" content=\"Der Unterricht findet ausschlie\u00dflich auf Spanisch statt, ohne andere Sprachen zur Unterst\u00fctzung zu benutzen. Alle iNMSOL-Sprachlehrer sind Muttersprachler.\" \/>\n<meta name=\"robots\" content=\"index, follow, max-snippet:-1, max-image-preview:large, max-video-preview:-1\" \/>\n<link rel=\"canonical\" href=\"https:\/\/www.inmsol.com\/de\/methodologie-und-lehrer\/\" \/>\n<meta property=\"og:locale\" content=\"de_DE\" \/>\n<meta property=\"og:type\" content=\"article\" \/>\n<meta property=\"og:title\" content=\"Methodologie und Lehrer | iNMSOL\" \/>\n<meta property=\"og:description\" content=\"Der Unterricht findet ausschlie\u00dflich auf Spanisch statt, ohne andere Sprachen zur Unterst\u00fctzung zu benutzen. Alle iNMSOL-Sprachlehrer sind Muttersprachler.\" \/>\n<meta property=\"og:url\" content=\"https:\/\/www.inmsol.com\/de\/methodologie-und-lehrer\/\" \/>\n<meta property=\"og:site_name\" content=\"iNMSOL\" \/>\n<meta property=\"article:publisher\" content=\"https:\/\/www.facebook.com\/spanishcourses\" \/>\n<meta property=\"article:modified_time\" content=\"2023-06-30T16:16:27+00:00\" \/>\n<meta property=\"og:image\" content=\"https:\/\/www.inmsol.com\/wp-content\/uploads\/2009\/05\/DSC_0039-scaled.jpg\" \/>\n\t<meta property=\"og:image:width\" content=\"2560\" \/>\n\t<meta property=\"og:image:height\" content=\"1718\" \/>\n\t<meta property=\"og:image:type\" content=\"image\/jpeg\" \/>\n<meta name=\"twitter:label1\" content=\"Gesch\u00e4tzte Lesezeit\" \/>\n\t<meta name=\"twitter:data1\" content=\"2\u00a0Minuten\" \/>\n<script type=\"application\/ld+json\" class=\"yoast-schema-graph\">{\"@context\":\"https:\\\/\\\/schema.org\",\"@graph\":[{\"@type\":\"WebPage\",\"@id\":\"https:\\\/\\\/www.inmsol.com\\\/de\\\/methodologie-und-lehrer\\\/\",\"url\":\"https:\\\/\\\/www.inmsol.com\\\/de\\\/methodologie-und-lehrer\\\/\",\"name\":\"Methodologie und Lehrer | iNMSOL\",\"isPartOf\":{\"@id\":\"https:\\\/\\\/www.inmsol.com\\\/de\\\/#website\"},\"primaryImageOfPage\":{\"@id\":\"https:\\\/\\\/www.inmsol.com\\\/de\\\/methodologie-und-lehrer\\\/#primaryimage\"},\"image\":{\"@id\":\"https:\\\/\\\/www.inmsol.com\\\/de\\\/methodologie-und-lehrer\\\/#primaryimage\"},\"thumbnailUrl\":\"https:\\\/\\\/www.inmsol.com\\\/wp-content\\\/uploads\\\/2009\\\/05\\\/DSC_0039-scaled.jpg\",\"datePublished\":\"2009-05-10T17:09:24+00:00\",\"dateModified\":\"2023-06-30T16:16:27+00:00\",\"description\":\"Der Unterricht findet ausschlie\u00dflich auf Spanisch statt, ohne andere Sprachen zur Unterst\u00fctzung zu benutzen. Alle iNMSOL-Sprachlehrer sind Muttersprachler.\",\"breadcrumb\":{\"@id\":\"https:\\\/\\\/www.inmsol.com\\\/de\\\/methodologie-und-lehrer\\\/#breadcrumb\"},\"inLanguage\":\"de\",\"potentialAction\":[{\"@type\":\"ReadAction\",\"target\":[\"https:\\\/\\\/www.inmsol.com\\\/de\\\/methodologie-und-lehrer\\\/\"]}]},{\"@type\":\"ImageObject\",\"inLanguage\":\"de\",\"@id\":\"https:\\\/\\\/www.inmsol.com\\\/de\\\/methodologie-und-lehrer\\\/#primaryimage\",\"url\":\"https:\\\/\\\/www.inmsol.com\\\/wp-content\\\/uploads\\\/2009\\\/05\\\/DSC_0039-scaled.jpg\",\"contentUrl\":\"https:\\\/\\\/www.inmsol.com\\\/wp-content\\\/uploads\\\/2009\\\/05\\\/DSC_0039-scaled.jpg\",\"width\":2560,\"height\":1718},{\"@type\":\"BreadcrumbList\",\"@id\":\"https:\\\/\\\/www.inmsol.com\\\/de\\\/methodologie-und-lehrer\\\/#breadcrumb\",\"itemListElement\":[{\"@type\":\"ListItem\",\"position\":1,\"name\":\"Accredited Center by Instituto Cervantes\",\"item\":\"https:\\\/\\\/www.inmsol.com\\\/de\\\/pagina-ejemplo\\\/\"},{\"@type\":\"ListItem\",\"position\":2,\"name\":\"Methodologie und Lehrer\"}]},{\"@type\":\"WebSite\",\"@id\":\"https:\\\/\\\/www.inmsol.com\\\/de\\\/#website\",\"url\":\"https:\\\/\\\/www.inmsol.com\\\/de\\\/\",\"name\":\"iNMSOL\",\"description\":\"Lerne Spanisch mit uns - Cervantes akkreditiertes Lernzentrum\",\"publisher\":{\"@id\":\"https:\\\/\\\/www.inmsol.com\\\/de\\\/#organization\"},\"potentialAction\":[{\"@type\":\"SearchAction\",\"target\":{\"@type\":\"EntryPoint\",\"urlTemplate\":\"https:\\\/\\\/www.inmsol.com\\\/de\\\/?s={search_term_string}\"},\"query-input\":{\"@type\":\"PropertyValueSpecification\",\"valueRequired\":true,\"valueName\":\"search_term_string\"}}],\"inLanguage\":\"de\"},{\"@type\":\"Organization\",\"@id\":\"https:\\\/\\\/www.inmsol.com\\\/de\\\/#organization\",\"name\":\"Instituto Mediterr\u00e1neo Sol\",\"url\":\"https:\\\/\\\/www.inmsol.com\\\/de\\\/\",\"logo\":{\"@type\":\"ImageObject\",\"inLanguage\":\"de\",\"@id\":\"https:\\\/\\\/www.inmsol.com\\\/de\\\/#\\\/schema\\\/logo\\\/image\\\/\",\"url\":\"https:\\\/\\\/www.inmsol.com\\\/wp-content\\\/uploads\\\/2023\\\/06\\\/logo-inmsol-1.png\",\"contentUrl\":\"https:\\\/\\\/www.inmsol.com\\\/wp-content\\\/uploads\\\/2023\\\/06\\\/logo-inmsol-1.png\",\"width\":136,\"height\":73,\"caption\":\"Instituto Mediterr\u00e1neo Sol\"},\"image\":{\"@id\":\"https:\\\/\\\/www.inmsol.com\\\/de\\\/#\\\/schema\\\/logo\\\/image\\\/\"},\"sameAs\":[\"https:\\\/\\\/www.facebook.com\\\/spanishcourses\",\"https:\\\/\\\/x.com\\\/StudyInGranada\",\"http:\\\/\\\/instagram.com\\\/imsolgranada\",\"https:\\\/\\\/es.linkedin.com\\\/company\\\/imsol-granada\",\"https:\\\/\\\/www.pinterest.es\\\/inmsol\\\/\",\"https:\\\/\\\/www.youtube.com\\\/channel\\\/UChz-Qn_7coFMosY85iYMO4g\"]}]}<\/script>\n<!-- \/ Yoast SEO plugin. -->","yoast_head_json":{"title":"Methodologie und Lehrer | iNMSOL","description":"Der Unterricht findet ausschlie\u00dflich auf Spanisch statt, ohne andere Sprachen zur Unterst\u00fctzung zu benutzen. Alle iNMSOL-Sprachlehrer sind Muttersprachler.","robots":{"index":"index","follow":"follow","max-snippet":"max-snippet:-1","max-image-preview":"max-image-preview:large","max-video-preview":"max-video-preview:-1"},"canonical":"https:\/\/www.inmsol.com\/de\/methodologie-und-lehrer\/","og_locale":"de_DE","og_type":"article","og_title":"Methodologie und Lehrer | iNMSOL","og_description":"Der Unterricht findet ausschlie\u00dflich auf Spanisch statt, ohne andere Sprachen zur Unterst\u00fctzung zu benutzen. Alle iNMSOL-Sprachlehrer sind Muttersprachler.","og_url":"https:\/\/www.inmsol.com\/de\/methodologie-und-lehrer\/","og_site_name":"iNMSOL","article_publisher":"https:\/\/www.facebook.com\/spanishcourses","article_modified_time":"2023-06-30T16:16:27+00:00","og_image":[{"width":2560,"height":1718,"url":"https:\/\/www.inmsol.com\/wp-content\/uploads\/2009\/05\/DSC_0039-scaled.jpg","type":"image\/jpeg"}],"twitter_misc":{"Gesch\u00e4tzte Lesezeit":"2\u00a0Minuten"},"schema":{"@context":"https:\/\/schema.org","@graph":[{"@type":"WebPage","@id":"https:\/\/www.inmsol.com\/de\/methodologie-und-lehrer\/","url":"https:\/\/www.inmsol.com\/de\/methodologie-und-lehrer\/","name":"Methodologie und Lehrer | iNMSOL","isPartOf":{"@id":"https:\/\/www.inmsol.com\/de\/#website"},"primaryImageOfPage":{"@id":"https:\/\/www.inmsol.com\/de\/methodologie-und-lehrer\/#primaryimage"},"image":{"@id":"https:\/\/www.inmsol.com\/de\/methodologie-und-lehrer\/#primaryimage"},"thumbnailUrl":"https:\/\/www.inmsol.com\/wp-content\/uploads\/2009\/05\/DSC_0039-scaled.jpg","datePublished":"2009-05-10T17:09:24+00:00","dateModified":"2023-06-30T16:16:27+00:00","description":"Der Unterricht findet ausschlie\u00dflich auf Spanisch statt, ohne andere Sprachen zur Unterst\u00fctzung zu benutzen. Alle iNMSOL-Sprachlehrer sind Muttersprachler.","breadcrumb":{"@id":"https:\/\/www.inmsol.com\/de\/methodologie-und-lehrer\/#breadcrumb"},"inLanguage":"de","potentialAction":[{"@type":"ReadAction","target":["https:\/\/www.inmsol.com\/de\/methodologie-und-lehrer\/"]}]},{"@type":"ImageObject","inLanguage":"de","@id":"https:\/\/www.inmsol.com\/de\/methodologie-und-lehrer\/#primaryimage","url":"https:\/\/www.inmsol.com\/wp-content\/uploads\/2009\/05\/DSC_0039-scaled.jpg","contentUrl":"https:\/\/www.inmsol.com\/wp-content\/uploads\/2009\/05\/DSC_0039-scaled.jpg","width":2560,"height":1718},{"@type":"BreadcrumbList","@id":"https:\/\/www.inmsol.com\/de\/methodologie-und-lehrer\/#breadcrumb","itemListElement":[{"@type":"ListItem","position":1,"name":"Accredited Center by Instituto Cervantes","item":"https:\/\/www.inmsol.com\/de\/pagina-ejemplo\/"},{"@type":"ListItem","position":2,"name":"Methodologie und Lehrer"}]},{"@type":"WebSite","@id":"https:\/\/www.inmsol.com\/de\/#website","url":"https:\/\/www.inmsol.com\/de\/","name":"iNMSOL","description":"Lerne Spanisch mit uns - Cervantes akkreditiertes Lernzentrum","publisher":{"@id":"https:\/\/www.inmsol.com\/de\/#organization"},"potentialAction":[{"@type":"SearchAction","target":{"@type":"EntryPoint","urlTemplate":"https:\/\/www.inmsol.com\/de\/?s={search_term_string}"},"query-input":{"@type":"PropertyValueSpecification","valueRequired":true,"valueName":"search_term_string"}}],"inLanguage":"de"},{"@type":"Organization","@id":"https:\/\/www.inmsol.com\/de\/#organization","name":"Instituto Mediterr\u00e1neo Sol","url":"https:\/\/www.inmsol.com\/de\/","logo":{"@type":"ImageObject","inLanguage":"de","@id":"https:\/\/www.inmsol.com\/de\/#\/schema\/logo\/image\/","url":"https:\/\/www.inmsol.com\/wp-content\/uploads\/2023\/06\/logo-inmsol-1.png","contentUrl":"https:\/\/www.inmsol.com\/wp-content\/uploads\/2023\/06\/logo-inmsol-1.png","width":136,"height":73,"caption":"Instituto Mediterr\u00e1neo Sol"},"image":{"@id":"https:\/\/www.inmsol.com\/de\/#\/schema\/logo\/image\/"},"sameAs":["https:\/\/www.facebook.com\/spanishcourses","https:\/\/x.com\/StudyInGranada","http:\/\/instagram.com\/imsolgranada","https:\/\/es.linkedin.com\/company\/imsol-granada","https:\/\/www.pinterest.es\/inmsol\/","https:\/\/www.youtube.com\/channel\/UChz-Qn_7coFMosY85iYMO4g"]}]}},"_links":{"self":[{"href":"https:\/\/www.inmsol.com\/de\/wp-json\/wp\/v2\/pages\/1408","targetHints":{"allow":["GET"]}}],"collection":[{"href":"https:\/\/www.inmsol.com\/de\/wp-json\/wp\/v2\/pages"}],"about":[{"href":"https:\/\/www.inmsol.com\/de\/wp-json\/wp\/v2\/types\/page"}],"author":[{"embeddable":true,"href":"https:\/\/www.inmsol.com\/de\/wp-json\/wp\/v2\/users\/2"}],"replies":[{"embeddable":true,"href":"https:\/\/www.inmsol.com\/de\/wp-json\/wp\/v2\/comments?post=1408"}],"version-history":[{"count":0,"href":"https:\/\/www.inmsol.com\/de\/wp-json\/wp\/v2\/pages\/1408\/revisions"}],"wp:featuredmedia":[{"embeddable":true,"href":"https:\/\/www.inmsol.com\/de\/wp-json\/wp\/v2\/media\/6808"}],"wp:attachment":[{"href":"https:\/\/www.inmsol.com\/de\/wp-json\/wp\/v2\/media?parent=1408"}],"curies":[{"name":"wp","href":"https:\/\/api.w.org\/{rel}","templated":true}]}}