{"id":1425,"date":"2009-05-10T18:10:13","date_gmt":"2009-05-10T18:10:13","guid":{"rendered":"https:\/\/www.inmsol.com\/"},"modified":"2014-07-03T13:15:33","modified_gmt":"2014-07-03T13:15:33","slug":"spanischkurse","status":"publish","type":"page","link":"https:\/\/www.inmsol.com\/de\/spanischkurse\/","title":{"rendered":"Spanischkurse"},"content":{"rendered":"<p><b>SPANISCHKURSE: BESCHREIBUNG UND DATEN F\u00dcR DEN KURSBEGINN<\/b><\/p>\n<ul>\n<li>Jede Unterrichtsstunde dauert <b>45 Minuten<\/b>.<\/li>\n<li>Die Unterrichtsstunden finden von Montag bis Freitag statt, <strong>au\u00dfer an Feiertagen. 2014<\/strong>: 1. Januar, 6. Januar, 18. April, 1. Mai, 15. August, 13. October, 8. Dezember, 25. Dezember. <strong>Es gibt 2 lokale Feiertage<\/strong> (28. Februar und 19. Juni), die die Autorit\u00e4ten j\u00e4hrlich bestimmen. <strong>In manchen Jahren fallen zwei Feiertage in eine Woche. In diesem Fall f\u00e4llt der Unterricht bei iNMSOL nur an einem der Tage aus<\/strong>.<\/li>\n<li>Die Unterrichtsstunden <span style=\"font-weight: bold;\">finden <\/span><b>morgens, mittags oder nachmittags statt<\/b>. Dabei werden die Zeiten der Mahlzeiten ber\u00fccksichtigt, falls Vollpension in Familien gebucht wurde.<\/li>\n<li>Unabh\u00e4ngig vom Leistungsstand wird der Unterricht vom ersten Tag an auf <b>Spanisch<\/b> erteilt.<\/li>\n<li>Die Schule stellt den Teilnehmern die ben\u00f6tigten <b>Lehrb\u00fccher leihweise zur Verf\u00fcgung<\/b>.<\/li>\n<\/ul>\n<ul>\n<li><strong>Die maximale Teilnehmerzahl pro Klasse betr\u00e4gt acht Sch\u00fcler, die Mindestanzahl zwei.<\/strong> Wird die Mindestanzahl nicht erreicht, werden 50% der vereinbarten Unterrichtseinheiten als EINZELSTUNDEN erteilt, OHNE, dass der Sch\u00fcler die anfallende PREISDIFFERENZ zu zahlen hat. Dabei verbleiben wir folgenderma\u00dfen:\n<ul>\n<li><strong>20 Unterrichtstunden<\/strong> in der Gruppe werden durch 10 Stunden Einzelunterricht ersetzt<\/li>\n<li><strong>25 Unterichtsstunden<\/strong> in der Gruppe werden durch 13 Stunden Einzelunterricht ersetzt<\/li>\n<li><strong>30 Unterrichtsstunden<\/strong> in der Gruppe werden durch 15 Stunden Einzelunterricht ersetzt<\/li>\n<\/ul>\n<\/li>\n<li><strong>5.\u00a0 oder\u00a0 6. Unterrichtsstunde am Tag<\/strong>:<br \/>\nSollte ein Sch\u00fcler der einzige mit 5 oder 6 Stunden am Tag sein, werden diese als Einzelstunden abgehalten, wobei die Anzahl der erteilten Unterrichtseinheiten folgenderma\u00dfen reduziert wird:<\/p>\n<ul>\n<li>5 Unterrichtsstunden in der Gruppe werden durch 3 Stunden Einzelunterricht ersetzt<\/li>\n<li>10 Unterrichtsstunden in der Gruppe werden durch 5 Stunden Einzelunterricht ersetzt<\/li>\n<\/ul>\n<\/li>\n<\/ul>\n<p>In keinem Falle muss der Sch\u00fcler den anfallenden Preisunterschied begleichen.<\/p>\n<ul>\n<li>Vor Beginn des Kurses wird ein <b>Sprachtest<\/b> durchgef\u00fchrt, um den Leistungsstand des Teilnehmers zu bestimmen. Danach wird der Teilnehmer der Gruppe zugewiesen, die seinen Kenntnissen in Grammatik und Konversation am besten entspricht.<\/li>\n<li>Am Ende des Kurses erh\u00e4lt der Student ein Teilnahmezertifikat von iNMSOL. Auf Wunsch k\u00f6nnen nach Bestehen einer entsprechenden Pr\u00fcfung auch Leistungsbescheinigungen ausgestellt werden.<\/li>\n<\/ul>\n<p>&nbsp;<\/p>\n","protected":false},"excerpt":{"rendered":"<p>SPANISCHKURSE: BESCHREIBUNG UND DATEN F\u00dcR DEN KURSBEGINN Jede Unterrichtsstunde dauert 45 Minuten. Die Unterrichtsstunden finden von Montag bis Freitag statt, au\u00dfer an Feiertagen. 2014: 1. Januar, 6. Januar, 18. April, 1. Mai, 15. August, 13. October, 8. Dezember, 25. Dezember. Es gibt 2 lokale Feiertage&#8230;<\/p>\n","protected":false},"author":2,"featured_media":0,"parent":0,"menu_order":0,"comment_status":"closed","ping_status":"closed","template":"","meta":{"_acf_changed":false,"footnotes":""},"class_list":["post-1425","page","type-page","status-publish","hentry"],"acf":[],"yoast_head":"<!-- This site is optimized with the Yoast SEO plugin v27.5 - https:\/\/yoast.com\/product\/yoast-seo-wordpress\/ -->\n<title>Spanischkurse | INMSOL<\/title>\n<meta name=\"description\" content=\"Spanischkurse im Granada, S\u00fcd-Spanien.\" \/>\n<meta name=\"robots\" content=\"index, follow, max-snippet:-1, max-image-preview:large, max-video-preview:-1\" \/>\n<link rel=\"canonical\" href=\"https:\/\/www.inmsol.com\/de\/spanischkurse\/\" \/>\n<meta property=\"og:locale\" content=\"de_DE\" \/>\n<meta property=\"og:type\" content=\"article\" \/>\n<meta property=\"og:title\" content=\"Spanischkurse | INMSOL\" \/>\n<meta property=\"og:description\" content=\"Spanischkurse im Granada, S\u00fcd-Spanien.\" \/>\n<meta property=\"og:url\" content=\"https:\/\/www.inmsol.com\/de\/spanischkurse\/\" \/>\n<meta property=\"og:site_name\" content=\"iNMSOL\" \/>\n<meta property=\"article:publisher\" content=\"https:\/\/www.facebook.com\/spanishcourses\" \/>\n<meta property=\"article:modified_time\" content=\"2014-07-03T13:15:33+00:00\" \/>\n<meta property=\"og:image\" content=\"https:\/\/www.inmsol.com\/wp-content\/uploads\/2019\/08\/logo-inmsol.png\" \/>\n\t<meta property=\"og:image:width\" content=\"320\" \/>\n\t<meta property=\"og:image:height\" content=\"154\" \/>\n\t<meta property=\"og:image:type\" content=\"image\/png\" \/>\n<meta name=\"twitter:label1\" content=\"Gesch\u00e4tzte Lesezeit\" \/>\n\t<meta name=\"twitter:data1\" content=\"2\u00a0Minuten\" \/>\n<script type=\"application\/ld+json\" class=\"yoast-schema-graph\">{\"@context\":\"https:\\\/\\\/schema.org\",\"@graph\":[{\"@type\":\"WebPage\",\"@id\":\"https:\\\/\\\/www.inmsol.com\\\/de\\\/spanischkurse\\\/\",\"url\":\"https:\\\/\\\/www.inmsol.com\\\/de\\\/spanischkurse\\\/\",\"name\":\"Spanischkurse | INMSOL\",\"isPartOf\":{\"@id\":\"https:\\\/\\\/www.inmsol.com\\\/de\\\/#website\"},\"datePublished\":\"2009-05-10T18:10:13+00:00\",\"dateModified\":\"2014-07-03T13:15:33+00:00\",\"description\":\"Spanischkurse im Granada, S\u00fcd-Spanien.\",\"breadcrumb\":{\"@id\":\"https:\\\/\\\/www.inmsol.com\\\/de\\\/spanischkurse\\\/#breadcrumb\"},\"inLanguage\":\"de\",\"potentialAction\":[{\"@type\":\"ReadAction\",\"target\":[\"https:\\\/\\\/www.inmsol.com\\\/de\\\/spanischkurse\\\/\"]}]},{\"@type\":\"BreadcrumbList\",\"@id\":\"https:\\\/\\\/www.inmsol.com\\\/de\\\/spanischkurse\\\/#breadcrumb\",\"itemListElement\":[{\"@type\":\"ListItem\",\"position\":1,\"name\":\"Accredited Center by Instituto Cervantes\",\"item\":\"https:\\\/\\\/www.inmsol.com\\\/de\\\/pagina-ejemplo\\\/\"},{\"@type\":\"ListItem\",\"position\":2,\"name\":\"Spanischkurse\"}]},{\"@type\":\"WebSite\",\"@id\":\"https:\\\/\\\/www.inmsol.com\\\/de\\\/#website\",\"url\":\"https:\\\/\\\/www.inmsol.com\\\/de\\\/\",\"name\":\"iNMSOL\",\"description\":\"Lerne Spanisch mit uns - Cervantes akkreditiertes Lernzentrum\",\"publisher\":{\"@id\":\"https:\\\/\\\/www.inmsol.com\\\/de\\\/#organization\"},\"potentialAction\":[{\"@type\":\"SearchAction\",\"target\":{\"@type\":\"EntryPoint\",\"urlTemplate\":\"https:\\\/\\\/www.inmsol.com\\\/de\\\/?s={search_term_string}\"},\"query-input\":{\"@type\":\"PropertyValueSpecification\",\"valueRequired\":true,\"valueName\":\"search_term_string\"}}],\"inLanguage\":\"de\"},{\"@type\":\"Organization\",\"@id\":\"https:\\\/\\\/www.inmsol.com\\\/de\\\/#organization\",\"name\":\"Instituto Mediterr\u00e1neo Sol\",\"url\":\"https:\\\/\\\/www.inmsol.com\\\/de\\\/\",\"logo\":{\"@type\":\"ImageObject\",\"inLanguage\":\"de\",\"@id\":\"https:\\\/\\\/www.inmsol.com\\\/de\\\/#\\\/schema\\\/logo\\\/image\\\/\",\"url\":\"https:\\\/\\\/www.inmsol.com\\\/wp-content\\\/uploads\\\/2023\\\/06\\\/logo-inmsol-1.png\",\"contentUrl\":\"https:\\\/\\\/www.inmsol.com\\\/wp-content\\\/uploads\\\/2023\\\/06\\\/logo-inmsol-1.png\",\"width\":136,\"height\":73,\"caption\":\"Instituto Mediterr\u00e1neo Sol\"},\"image\":{\"@id\":\"https:\\\/\\\/www.inmsol.com\\\/de\\\/#\\\/schema\\\/logo\\\/image\\\/\"},\"sameAs\":[\"https:\\\/\\\/www.facebook.com\\\/spanishcourses\",\"https:\\\/\\\/x.com\\\/StudyInGranada\",\"http:\\\/\\\/instagram.com\\\/imsolgranada\",\"https:\\\/\\\/es.linkedin.com\\\/company\\\/imsol-granada\",\"https:\\\/\\\/www.pinterest.es\\\/inmsol\\\/\",\"https:\\\/\\\/www.youtube.com\\\/channel\\\/UChz-Qn_7coFMosY85iYMO4g\"]}]}<\/script>\n<!-- \/ Yoast SEO plugin. -->","yoast_head_json":{"title":"Spanischkurse | INMSOL","description":"Spanischkurse im Granada, S\u00fcd-Spanien.","robots":{"index":"index","follow":"follow","max-snippet":"max-snippet:-1","max-image-preview":"max-image-preview:large","max-video-preview":"max-video-preview:-1"},"canonical":"https:\/\/www.inmsol.com\/de\/spanischkurse\/","og_locale":"de_DE","og_type":"article","og_title":"Spanischkurse | INMSOL","og_description":"Spanischkurse im Granada, S\u00fcd-Spanien.","og_url":"https:\/\/www.inmsol.com\/de\/spanischkurse\/","og_site_name":"iNMSOL","article_publisher":"https:\/\/www.facebook.com\/spanishcourses","article_modified_time":"2014-07-03T13:15:33+00:00","og_image":[{"width":320,"height":154,"url":"https:\/\/www.inmsol.com\/wp-content\/uploads\/2019\/08\/logo-inmsol.png","type":"image\/png"}],"twitter_misc":{"Gesch\u00e4tzte Lesezeit":"2\u00a0Minuten"},"schema":{"@context":"https:\/\/schema.org","@graph":[{"@type":"WebPage","@id":"https:\/\/www.inmsol.com\/de\/spanischkurse\/","url":"https:\/\/www.inmsol.com\/de\/spanischkurse\/","name":"Spanischkurse | INMSOL","isPartOf":{"@id":"https:\/\/www.inmsol.com\/de\/#website"},"datePublished":"2009-05-10T18:10:13+00:00","dateModified":"2014-07-03T13:15:33+00:00","description":"Spanischkurse im Granada, S\u00fcd-Spanien.","breadcrumb":{"@id":"https:\/\/www.inmsol.com\/de\/spanischkurse\/#breadcrumb"},"inLanguage":"de","potentialAction":[{"@type":"ReadAction","target":["https:\/\/www.inmsol.com\/de\/spanischkurse\/"]}]},{"@type":"BreadcrumbList","@id":"https:\/\/www.inmsol.com\/de\/spanischkurse\/#breadcrumb","itemListElement":[{"@type":"ListItem","position":1,"name":"Accredited Center by Instituto Cervantes","item":"https:\/\/www.inmsol.com\/de\/pagina-ejemplo\/"},{"@type":"ListItem","position":2,"name":"Spanischkurse"}]},{"@type":"WebSite","@id":"https:\/\/www.inmsol.com\/de\/#website","url":"https:\/\/www.inmsol.com\/de\/","name":"iNMSOL","description":"Lerne Spanisch mit uns - Cervantes akkreditiertes Lernzentrum","publisher":{"@id":"https:\/\/www.inmsol.com\/de\/#organization"},"potentialAction":[{"@type":"SearchAction","target":{"@type":"EntryPoint","urlTemplate":"https:\/\/www.inmsol.com\/de\/?s={search_term_string}"},"query-input":{"@type":"PropertyValueSpecification","valueRequired":true,"valueName":"search_term_string"}}],"inLanguage":"de"},{"@type":"Organization","@id":"https:\/\/www.inmsol.com\/de\/#organization","name":"Instituto Mediterr\u00e1neo Sol","url":"https:\/\/www.inmsol.com\/de\/","logo":{"@type":"ImageObject","inLanguage":"de","@id":"https:\/\/www.inmsol.com\/de\/#\/schema\/logo\/image\/","url":"https:\/\/www.inmsol.com\/wp-content\/uploads\/2023\/06\/logo-inmsol-1.png","contentUrl":"https:\/\/www.inmsol.com\/wp-content\/uploads\/2023\/06\/logo-inmsol-1.png","width":136,"height":73,"caption":"Instituto Mediterr\u00e1neo Sol"},"image":{"@id":"https:\/\/www.inmsol.com\/de\/#\/schema\/logo\/image\/"},"sameAs":["https:\/\/www.facebook.com\/spanishcourses","https:\/\/x.com\/StudyInGranada","http:\/\/instagram.com\/imsolgranada","https:\/\/es.linkedin.com\/company\/imsol-granada","https:\/\/www.pinterest.es\/inmsol\/","https:\/\/www.youtube.com\/channel\/UChz-Qn_7coFMosY85iYMO4g"]}]}},"_links":{"self":[{"href":"https:\/\/www.inmsol.com\/de\/wp-json\/wp\/v2\/pages\/1425","targetHints":{"allow":["GET"]}}],"collection":[{"href":"https:\/\/www.inmsol.com\/de\/wp-json\/wp\/v2\/pages"}],"about":[{"href":"https:\/\/www.inmsol.com\/de\/wp-json\/wp\/v2\/types\/page"}],"author":[{"embeddable":true,"href":"https:\/\/www.inmsol.com\/de\/wp-json\/wp\/v2\/users\/2"}],"replies":[{"embeddable":true,"href":"https:\/\/www.inmsol.com\/de\/wp-json\/wp\/v2\/comments?post=1425"}],"version-history":[{"count":0,"href":"https:\/\/www.inmsol.com\/de\/wp-json\/wp\/v2\/pages\/1425\/revisions"}],"wp:attachment":[{"href":"https:\/\/www.inmsol.com\/de\/wp-json\/wp\/v2\/media?parent=1425"}],"curies":[{"name":"wp","href":"https:\/\/api.w.org\/{rel}","templated":true}]}}