{"id":1443,"date":"2009-05-10T19:05:08","date_gmt":"2009-05-10T19:05:08","guid":{"rendered":"https:\/\/www.inmsol.com\/"},"modified":"2023-06-27T18:30:25","modified_gmt":"2023-06-27T16:30:25","slug":"unterkunft","status":"publish","type":"page","link":"https:\/\/www.inmsol.com\/de\/unterkunft\/","title":{"rendered":"Unterkunft"},"content":{"rendered":"\t\t<div data-elementor-type=\"wp-page\" data-elementor-id=\"1443\" class=\"elementor elementor-1443 elementor-1441\" data-elementor-post-type=\"page\">\n\t\t\t\t\t\t<section class=\"elementor-section elementor-top-section elementor-element elementor-element-76baa07 elementor-section-full_width elementor-section-height-min-height elementor-section-stretched elementor-section-height-default elementor-section-items-middle parallax_section_no qode_elementor_container_no\" data-id=\"76baa07\" data-element_type=\"section\" data-settings=\"{&quot;stretch_section&quot;:&quot;section-stretched&quot;,&quot;background_background&quot;:&quot;classic&quot;}\">\n\t\t\t\t\t\t\t<div class=\"elementor-background-overlay\"><\/div>\n\t\t\t\t\t\t\t<div class=\"elementor-container elementor-column-gap-no\">\n\t\t\t\t\t<div class=\"elementor-column elementor-col-100 elementor-top-column elementor-element elementor-element-0496787\" data-id=\"0496787\" data-element_type=\"column\">\n\t\t\t<div class=\"elementor-widget-wrap elementor-element-populated\">\n\t\t\t\t\t\t<section class=\"elementor-section elementor-inner-section elementor-element elementor-element-e53a5d2 elementor-section-boxed elementor-section-height-default elementor-section-height-default parallax_section_no qode_elementor_container_no\" data-id=\"e53a5d2\" data-element_type=\"section\">\n\t\t\t\t\t\t<div class=\"elementor-container elementor-column-gap-default\">\n\t\t\t\t\t<div class=\"elementor-column elementor-col-100 elementor-inner-column elementor-element elementor-element-f4de842\" data-id=\"f4de842\" data-element_type=\"column\">\n\t\t\t<div class=\"elementor-widget-wrap elementor-element-populated\">\n\t\t\t\t\t\t\t<\/div>\n\t\t<\/div>\n\t\t\t\t\t<\/div>\n\t\t<\/section>\n\t\t\t\t\t<\/div>\n\t\t<\/div>\n\t\t\t\t\t<\/div>\n\t\t<\/section>\n\t\t\t\t<section class=\"elementor-section elementor-top-section elementor-element elementor-element-109f84f elementor-section-boxed elementor-section-height-default elementor-section-height-default parallax_section_no qode_elementor_container_no\" data-id=\"109f84f\" data-element_type=\"section\">\n\t\t\t\t\t\t<div class=\"elementor-container elementor-column-gap-default\">\n\t\t\t\t\t<div class=\"elementor-column elementor-col-100 elementor-top-column elementor-element elementor-element-fba8b92\" data-id=\"fba8b92\" data-element_type=\"column\">\n\t\t\t<div class=\"elementor-widget-wrap elementor-element-populated\">\n\t\t\t\t\t\t<div class=\"elementor-element elementor-element-b9e124a elementor-widget elementor-widget-qi_addons_for_elementor_image_slider\" data-id=\"b9e124a\" data-element_type=\"widget\" data-widget_type=\"qi_addons_for_elementor_image_slider.default\">\n\t\t\t\t<div class=\"elementor-widget-container\">\n\t\t\t\t\t<div class=\"qodef-shortcode qodef-m qodef-qi-image-slider qodef-qi-fslightbox-popup qodef-popup-gallery qodef-col-num--1 qodef-qi-grid qodef-qi-swiper-container qodef-navigation--inside qodef-pagination--inside qodef-navigation--hover-move\" data-options=\"{&quot;direction&quot;:&quot;horizontal&quot;,&quot;slidesPerView&quot;:&quot;1&quot;,&quot;spaceBetween&quot;:0,&quot;spaceBetweenTablet&quot;:30,&quot;spaceBetweenMobile&quot;:30,&quot;effect&quot;:&quot;slide&quot;,&quot;loop&quot;:true,&quot;autoplay&quot;:true,&quot;centeredSlides&quot;:true,&quot;speed&quot;:&quot;&quot;,&quot;speedAnimation&quot;:&quot;&quot;,&quot;outsideNavigation&quot;:&quot;no&quot;,&quot;outsidePagination&quot;:&quot;no&quot;,&quot;unique&quot;:586,&quot;partialValue&quot;:0,&quot;disablePartialValue&quot;:&quot;&quot;,&quot;parallax&quot;:&quot;no&quot;,&quot;customStages&quot;:true,&quot;slidesPerView1680&quot;:&quot;3&quot;,&quot;slidesPerView1440&quot;:&quot;1&quot;,&quot;slidesPerView1366&quot;:&quot;1&quot;,&quot;slidesPerView1024&quot;:&quot;1&quot;,&quot;slidesPerView768&quot;:&quot;1&quot;,&quot;slidesPerView680&quot;:&quot;1&quot;,&quot;slidesPerView480&quot;:&quot;1&quot;}\">\n\t<div class=\"swiper-wrapper\">\n\t\t<div class=\"qodef-e swiper-slide\">\n\t<div class=\"qodef-e-inner\">\n\t\t<div class=\"qodef-e-inner-holder\">\n\t\t\t\t\t\t\t<a class=\"qodef-popup-item\" itemprop=\"image\" href=\"https:\/\/www.inmsol.com\/wp-content\/uploads\/2023\/06\/familia-salon.jpg\" data-type=\"image\" data-fslightbox=\"gallery-586\" data-e-disable-page-transition=\u201dtrue\u201d>\n\t\t\t\t\t\t\t<img fetchpriority=\"high\" decoding=\"async\" width=\"1536\" height=\"1852\" src=\"https:\/\/www.inmsol.com\/wp-content\/uploads\/2023\/06\/familia-salon.jpg\" class=\"attachment-full size-full\" alt=\"\" srcset=\"https:\/\/www.inmsol.com\/wp-content\/uploads\/2023\/06\/familia-salon.jpg 1536w, https:\/\/www.inmsol.com\/wp-content\/uploads\/2023\/06\/familia-salon-800x965.jpg 800w, https:\/\/www.inmsol.com\/wp-content\/uploads\/2023\/06\/familia-salon-64x77.jpg 64w, https:\/\/www.inmsol.com\/wp-content\/uploads\/2023\/06\/familia-salon-249x300.jpg 249w, https:\/\/www.inmsol.com\/wp-content\/uploads\/2023\/06\/familia-salon-849x1024.jpg 849w, https:\/\/www.inmsol.com\/wp-content\/uploads\/2023\/06\/familia-salon-124x150.jpg 124w, https:\/\/www.inmsol.com\/wp-content\/uploads\/2023\/06\/familia-salon-768x926.jpg 768w, https:\/\/www.inmsol.com\/wp-content\/uploads\/2023\/06\/familia-salon-1274x1536.jpg 1274w, https:\/\/www.inmsol.com\/wp-content\/uploads\/2023\/06\/familia-salon-700x844.jpg 700w\" sizes=\"(max-width: 1536px) 100vw, 1536px\" \/>\t\t\t\t\t\t\t<\/a>\n\t\t\t\t\t<\/div>\n\t<\/div>\n\t<\/div>\n<div class=\"qodef-e swiper-slide\">\n\t<div class=\"qodef-e-inner\">\n\t\t<div class=\"qodef-e-inner-holder\">\n\t\t\t\t\t\t\t<a class=\"qodef-popup-item\" itemprop=\"image\" href=\"https:\/\/www.inmsol.com\/wp-content\/uploads\/2023\/06\/familia-h-doble.jpg\" data-type=\"image\" data-fslightbox=\"gallery-586\" data-e-disable-page-transition=\u201dtrue\u201d>\n\t\t\t\t\t\t\t<img decoding=\"async\" width=\"2048\" height=\"1536\" src=\"https:\/\/www.inmsol.com\/wp-content\/uploads\/2023\/06\/familia-h-doble.jpg\" class=\"attachment-full size-full\" alt=\"\" srcset=\"https:\/\/www.inmsol.com\/wp-content\/uploads\/2023\/06\/familia-h-doble.jpg 2048w, https:\/\/www.inmsol.com\/wp-content\/uploads\/2023\/06\/familia-h-doble-800x600.jpg 800w, https:\/\/www.inmsol.com\/wp-content\/uploads\/2023\/06\/familia-h-doble-64x48.jpg 64w, https:\/\/www.inmsol.com\/wp-content\/uploads\/2023\/06\/familia-h-doble-400x300.jpg 400w, https:\/\/www.inmsol.com\/wp-content\/uploads\/2023\/06\/familia-h-doble-1024x768.jpg 1024w, https:\/\/www.inmsol.com\/wp-content\/uploads\/2023\/06\/familia-h-doble-150x113.jpg 150w, https:\/\/www.inmsol.com\/wp-content\/uploads\/2023\/06\/familia-h-doble-768x576.jpg 768w, https:\/\/www.inmsol.com\/wp-content\/uploads\/2023\/06\/familia-h-doble-1536x1152.jpg 1536w, https:\/\/www.inmsol.com\/wp-content\/uploads\/2023\/06\/familia-h-doble-700x525.jpg 700w\" sizes=\"(max-width: 2048px) 100vw, 2048px\" \/>\t\t\t\t\t\t\t<\/a>\n\t\t\t\t\t<\/div>\n\t<\/div>\n\t<\/div>\n<div class=\"qodef-e swiper-slide\">\n\t<div class=\"qodef-e-inner\">\n\t\t<div class=\"qodef-e-inner-holder\">\n\t\t\t\t\t\t\t<a class=\"qodef-popup-item\" itemprop=\"image\" href=\"https:\/\/www.inmsol.com\/wp-content\/uploads\/2023\/06\/Alojamiento-piso-compartido3-scaled-1.jpg\" data-type=\"image\" data-fslightbox=\"gallery-586\" data-e-disable-page-transition=\u201dtrue\u201d>\n\t\t\t\t\t\t\t<img decoding=\"async\" width=\"2560\" height=\"1714\" src=\"https:\/\/www.inmsol.com\/wp-content\/uploads\/2023\/06\/Alojamiento-piso-compartido3-scaled-1.jpg\" class=\"attachment-full size-full\" alt=\"\" srcset=\"https:\/\/www.inmsol.com\/wp-content\/uploads\/2023\/06\/Alojamiento-piso-compartido3-scaled-1.jpg 2560w, https:\/\/www.inmsol.com\/wp-content\/uploads\/2023\/06\/Alojamiento-piso-compartido3-scaled-1-800x536.jpg 800w, https:\/\/www.inmsol.com\/wp-content\/uploads\/2023\/06\/Alojamiento-piso-compartido3-scaled-1-64x43.jpg 64w, https:\/\/www.inmsol.com\/wp-content\/uploads\/2023\/06\/Alojamiento-piso-compartido3-scaled-1-448x300.jpg 448w, https:\/\/www.inmsol.com\/wp-content\/uploads\/2023\/06\/Alojamiento-piso-compartido3-scaled-1-1024x686.jpg 1024w, https:\/\/www.inmsol.com\/wp-content\/uploads\/2023\/06\/Alojamiento-piso-compartido3-scaled-1-150x100.jpg 150w, https:\/\/www.inmsol.com\/wp-content\/uploads\/2023\/06\/Alojamiento-piso-compartido3-scaled-1-768x514.jpg 768w, https:\/\/www.inmsol.com\/wp-content\/uploads\/2023\/06\/Alojamiento-piso-compartido3-scaled-1-1536x1028.jpg 1536w, https:\/\/www.inmsol.com\/wp-content\/uploads\/2023\/06\/Alojamiento-piso-compartido3-scaled-1-2048x1371.jpg 2048w, https:\/\/www.inmsol.com\/wp-content\/uploads\/2023\/06\/Alojamiento-piso-compartido3-scaled-1-700x469.jpg 700w\" sizes=\"(max-width: 2560px) 100vw, 2560px\" \/>\t\t\t\t\t\t\t<\/a>\n\t\t\t\t\t<\/div>\n\t<\/div>\n\t<\/div>\n<div class=\"qodef-e swiper-slide\">\n\t<div class=\"qodef-e-inner\">\n\t\t<div class=\"qodef-e-inner-holder\">\n\t\t\t\t\t\t\t<a class=\"qodef-popup-item\" itemprop=\"image\" href=\"https:\/\/www.inmsol.com\/wp-content\/uploads\/2023\/06\/Alojamiento-piso-compartido2-scaled-1.jpg\" data-type=\"image\" data-fslightbox=\"gallery-586\" data-e-disable-page-transition=\u201dtrue\u201d>\n\t\t\t\t\t\t\t<img loading=\"lazy\" decoding=\"async\" width=\"2560\" height=\"1714\" src=\"https:\/\/www.inmsol.com\/wp-content\/uploads\/2023\/06\/Alojamiento-piso-compartido2-scaled-1.jpg\" class=\"attachment-full size-full\" alt=\"\" srcset=\"https:\/\/www.inmsol.com\/wp-content\/uploads\/2023\/06\/Alojamiento-piso-compartido2-scaled-1.jpg 2560w, https:\/\/www.inmsol.com\/wp-content\/uploads\/2023\/06\/Alojamiento-piso-compartido2-scaled-1-800x536.jpg 800w, https:\/\/www.inmsol.com\/wp-content\/uploads\/2023\/06\/Alojamiento-piso-compartido2-scaled-1-64x43.jpg 64w, https:\/\/www.inmsol.com\/wp-content\/uploads\/2023\/06\/Alojamiento-piso-compartido2-scaled-1-448x300.jpg 448w, https:\/\/www.inmsol.com\/wp-content\/uploads\/2023\/06\/Alojamiento-piso-compartido2-scaled-1-1024x686.jpg 1024w, https:\/\/www.inmsol.com\/wp-content\/uploads\/2023\/06\/Alojamiento-piso-compartido2-scaled-1-150x100.jpg 150w, https:\/\/www.inmsol.com\/wp-content\/uploads\/2023\/06\/Alojamiento-piso-compartido2-scaled-1-768x514.jpg 768w, https:\/\/www.inmsol.com\/wp-content\/uploads\/2023\/06\/Alojamiento-piso-compartido2-scaled-1-1536x1028.jpg 1536w, https:\/\/www.inmsol.com\/wp-content\/uploads\/2023\/06\/Alojamiento-piso-compartido2-scaled-1-2048x1371.jpg 2048w, https:\/\/www.inmsol.com\/wp-content\/uploads\/2023\/06\/Alojamiento-piso-compartido2-scaled-1-700x469.jpg 700w\" sizes=\"(max-width: 2560px) 100vw, 2560px\" \/>\t\t\t\t\t\t\t<\/a>\n\t\t\t\t\t<\/div>\n\t<\/div>\n\t<\/div>\n\t<\/div>\n\t\t<div class=\"swiper-button-prev\"><svg class=\"qodef-swiper-arrow-left\" xmlns=\"http:\/\/www.w3.org\/2000\/svg\" x=\"0px\" y=\"0px\" viewBox=\"0 0 34.2 32.3\" xml:space=\"preserve\" style=\"stroke-width: 2;\"><line x1=\"0.5\" y1=\"16\" x2=\"33.5\" y2=\"16\"\/><line x1=\"0.3\" y1=\"16.5\" x2=\"16.2\" y2=\"0.7\"\/><line x1=\"0\" y1=\"15.4\" x2=\"16.2\" y2=\"31.6\"\/><\/svg><\/div>\n\t<div class=\"swiper-button-next\"><svg class=\"qodef-swiper-arrow-right\" xmlns=\"http:\/\/www.w3.org\/2000\/svg\" x=\"0px\" y=\"0px\" viewBox=\"0 0 34.2 32.3\" xml:space=\"preserve\" style=\"stroke-width: 2;\"><line x1=\"0\" y1=\"16\" x2=\"33\" y2=\"16\"\/><line x1=\"17.3\" y1=\"0.7\" x2=\"33.2\" y2=\"16.5\"\/><line x1=\"17.3\" y1=\"31.6\" x2=\"33.5\" y2=\"15.4\"\/><\/svg><\/div>\n\t<div class=\"swiper-pagination\"><\/div>\n<\/div>\n\t\t\t\t<\/div>\n\t\t\t\t<\/div>\n\t\t\t\t\t<\/div>\n\t\t<\/div>\n\t\t\t\t\t<\/div>\n\t\t<\/section>\n\t\t\t\t<section class=\"elementor-section elementor-top-section elementor-element elementor-element-5560396 elementor-section-boxed elementor-section-height-default elementor-section-height-default parallax_section_no qode_elementor_container_no\" data-id=\"5560396\" data-element_type=\"section\">\n\t\t\t\t\t\t<div class=\"elementor-container elementor-column-gap-default\">\n\t\t\t\t\t<div class=\"elementor-column elementor-col-100 elementor-top-column elementor-element elementor-element-2e5bb84\" data-id=\"2e5bb84\" data-element_type=\"column\">\n\t\t\t<div class=\"elementor-widget-wrap elementor-element-populated\">\n\t\t\t\t\t\t<div class=\"elementor-element elementor-element-d17d8f5 elementor-widget elementor-widget-heading\" data-id=\"d17d8f5\" data-element_type=\"widget\" data-widget_type=\"heading.default\">\n\t\t\t\t<div class=\"elementor-widget-container\">\n\t\t\t\t\t<h3 class=\"elementor-heading-title elementor-size-default\">Unterkunft<\/h3>\t\t\t\t<\/div>\n\t\t\t\t<\/div>\n\t\t\t\t<div class=\"elementor-element elementor-element-c92c2e6 elementor-widget elementor-widget-text-editor\" data-id=\"c92c2e6\" data-element_type=\"widget\" data-widget_type=\"text-editor.default\">\n\t\t\t\t<div class=\"elementor-widget-container\">\n\t\t\t\t\t\t\t\t\t<p>Gerne sind wir Ihnen auf Ihren Wunsch hin bei der Unterkunftssuche als Vermittler behilflich und garantieren Ihnen somit, dass diese bei Ihrer Ankunft frei ist.<\/p><p><b>Allgemeine Bedingungen f\u00fcr die Unterk\u00fcnfte:<\/b><\/p><ul><li>Die Aufenthaltswoche f\u00e4ngt am\u00a0<b>Sonntag vor Kursbeginn an und endet am Samstag nach Kursende<\/b>.<\/li><li><b>Zuschl\u00e4ge:<\/b><ul><li><b>Zus\u00e4tzliche N\u00e4chte:<\/b>\u00a0Jede zus\u00e4tzliche Nacht hat einen Extrapreis, je nach der vom Sch\u00fclern gew\u00e4hlten Unterkunftsart.<\/li><li><b>Begleitperson:<\/b>\u00a0Der Sch\u00fcler kann von einer Person begleitet werden, die zwar nicht am Unterricht teilnimmt, aber eine Unterkunft ben\u00f6tigt. Diese \u201cBegleitpersonen\u201d haben einen Sonderpreis f\u00fcr die von ihnen gew\u00e4hlte Unterkunft zu entrichten (s.\u00a0<a href=\"https:\/\/www.inmsol.com\/de\/preise\/\"><b>Preise<\/b><\/a>) und k\u00f6nnen an den von der Schule angebotenen au\u00dferschulischen Aktivit\u00e4ten teilnehmen.<\/li><\/ul><\/li><li><b>Ankunftszeit:<\/b>\u00a0Gegen\u00a0<b>16:00 Uhr<\/b><\/li><li><b>Abreisezeit:<\/b>\u00a0Vor\u00a0<b>12:00 Uhr<\/b>.<\/li><li>Jedem Teilnehmer wird das n\u00f6tige Bettzeug zur Verf\u00fcgung gestellt (Kissen, Bettlaken, Decken usw.), Handt\u00fccher und Toilettenartikel m\u00fcssen selbst mitgebracht werden.<\/li><li>Die\u00a0<b>durchschnittliche Entfernung<\/b>\u00a0der Unterk\u00fcnfte zur Schule betr\u00e4gt in Granada\u00a0<b>15-20 Gehminuten<\/b>.<\/li><\/ul><p><b>Es kann zwischen folgenden Modalit\u00e4ten gew\u00e4hlt werden:<\/b><\/p><ul><li><b>Wohngemeinschaft:<\/b>\u00a0Vollst\u00e4ndig m\u00f6blierte Appartements.<ul><li>Die Zimmer sind folgenderma\u00dfen ausgestattet: Bett, Schrank, Schreibtisch, Stuhl<\/li><li>Gemeinschaftsbereiche:<ul><li>entsprechend eingerichtetes Wohnzimmer mit TV, TDT, DVD<\/li><li>K\u00fcche mit Herd, K\u00fchlschrank, Waschmaschine<\/li><li>Badezimmer<\/li><\/ul><\/li><\/ul><\/li><li><b>\u201cGastfamilie\u201d:<\/b>\u00a0<b><i>Halbpension\u00a0<\/i><\/b>(zwei Mahlzeiten: Fr\u00fchst\u00fcck und Mittag- oder Abendessen) und\u00a0<i><b>Vollpension<\/b><\/i>\u00a0(drei Mahlzeiten: Fr\u00fchst\u00fcck, Mittag- und Abendessen) im Einzel- oder Doppelzimmer. Einmal w\u00f6chentlich wird die W\u00e4sche gewaschen. Bei der Anmeldung m\u00fcssen Ern\u00e4hrungsgewohnheiten und eventuelle Allergien oder Unvertr\u00e4glichkeiten angegeben werden. Ausserdem sollte der Sch\u00fcler mitteilen, ob er Raucher oder Nichtraucher ist.<\/li><\/ul><ul><li><b>Reservierung exklusiver Hotels, Hostals oder Appartements:<\/b>\u00a0Wenn gew\u00fcnscht, kann Instituto Mediterr\u00e1neo Sol auch diese Unterkunftsart buchen. Der Preis h\u00e4ngt von den Anspr\u00fcchen und W\u00fcnschen des Teilnehmers ab.<\/li><\/ul>\t\t\t\t\t\t\t\t<\/div>\n\t\t\t\t<\/div>\n\t\t\t\t\t<\/div>\n\t\t<\/div>\n\t\t\t\t\t<\/div>\n\t\t<\/section>\n\t\t\t\t<\/div>\n\t\t","protected":false},"excerpt":{"rendered":"<p>Unterkunft Gerne sind wir Ihnen auf Ihren Wunsch hin bei der Unterkunftssuche als Vermittler behilflich und garantieren Ihnen somit, dass diese bei Ihrer Ankunft frei ist. Allgemeine Bedingungen f\u00fcr die Unterk\u00fcnfte: Die Aufenthaltswoche f\u00e4ngt am\u00a0Sonntag vor Kursbeginn an und endet am Samstag nach Kursende. Zuschl\u00e4ge:&#8230;<\/p>\n","protected":false},"author":2,"featured_media":3063,"parent":0,"menu_order":0,"comment_status":"closed","ping_status":"closed","template":"","meta":{"_acf_changed":false,"footnotes":""},"class_list":["post-1443","page","type-page","status-publish","has-post-thumbnail","hentry"],"acf":[],"yoast_head":"<!-- This site is optimized with the Yoast SEO plugin v27.4 - https:\/\/yoast.com\/product\/yoast-seo-wordpress\/ -->\n<title>Unterkunft | iNMSOL<\/title>\n<meta name=\"description\" content=\"iNMSOL biedet auch verschiedene Unterk\u00fcnfte an. W\u00e4hlen Sie zwischen einer Wohngemeinschaft, einer spanischen Gastfamilie oder einem Hotel.\" \/>\n<meta name=\"robots\" content=\"index, follow, max-snippet:-1, max-image-preview:large, max-video-preview:-1\" \/>\n<link rel=\"canonical\" href=\"https:\/\/www.inmsol.com\/de\/unterkunft\/\" \/>\n<meta property=\"og:locale\" content=\"de_DE\" \/>\n<meta property=\"og:type\" content=\"article\" \/>\n<meta property=\"og:title\" content=\"Unterkunft | iNMSOL\" \/>\n<meta property=\"og:description\" content=\"iNMSOL biedet auch verschiedene Unterk\u00fcnfte an. W\u00e4hlen Sie zwischen einer Wohngemeinschaft, einer spanischen Gastfamilie oder einem Hotel.\" \/>\n<meta property=\"og:url\" content=\"https:\/\/www.inmsol.com\/de\/unterkunft\/\" \/>\n<meta property=\"og:site_name\" content=\"iNMSOL\" \/>\n<meta property=\"article:publisher\" content=\"https:\/\/www.facebook.com\/spanishcourses\" \/>\n<meta property=\"article:modified_time\" content=\"2023-06-27T16:30:25+00:00\" \/>\n<meta property=\"og:image\" content=\"https:\/\/www.inmsol.com\/wp-content\/uploads\/2009\/05\/Alojamiento-piso-compartido2-scaled.jpg\" \/>\n\t<meta property=\"og:image:width\" content=\"2560\" \/>\n\t<meta property=\"og:image:height\" content=\"1714\" \/>\n\t<meta property=\"og:image:type\" content=\"image\/jpeg\" \/>\n<meta name=\"twitter:label1\" content=\"Gesch\u00e4tzte Lesezeit\" \/>\n\t<meta name=\"twitter:data1\" content=\"1\u00a0Minute\" \/>\n<script type=\"application\/ld+json\" class=\"yoast-schema-graph\">{\"@context\":\"https:\\\/\\\/schema.org\",\"@graph\":[{\"@type\":\"WebPage\",\"@id\":\"https:\\\/\\\/www.inmsol.com\\\/de\\\/unterkunft\\\/\",\"url\":\"https:\\\/\\\/www.inmsol.com\\\/de\\\/unterkunft\\\/\",\"name\":\"Unterkunft | iNMSOL\",\"isPartOf\":{\"@id\":\"https:\\\/\\\/www.inmsol.com\\\/de\\\/#website\"},\"primaryImageOfPage\":{\"@id\":\"https:\\\/\\\/www.inmsol.com\\\/de\\\/unterkunft\\\/#primaryimage\"},\"image\":{\"@id\":\"https:\\\/\\\/www.inmsol.com\\\/de\\\/unterkunft\\\/#primaryimage\"},\"thumbnailUrl\":\"https:\\\/\\\/www.inmsol.com\\\/wp-content\\\/uploads\\\/2009\\\/05\\\/Alojamiento-piso-compartido2-scaled.jpg\",\"datePublished\":\"2009-05-10T19:05:08+00:00\",\"dateModified\":\"2023-06-27T16:30:25+00:00\",\"description\":\"iNMSOL biedet auch verschiedene Unterk\u00fcnfte an. W\u00e4hlen Sie zwischen einer Wohngemeinschaft, einer spanischen Gastfamilie oder einem Hotel.\",\"breadcrumb\":{\"@id\":\"https:\\\/\\\/www.inmsol.com\\\/de\\\/unterkunft\\\/#breadcrumb\"},\"inLanguage\":\"de\",\"potentialAction\":[{\"@type\":\"ReadAction\",\"target\":[\"https:\\\/\\\/www.inmsol.com\\\/de\\\/unterkunft\\\/\"]}]},{\"@type\":\"ImageObject\",\"inLanguage\":\"de\",\"@id\":\"https:\\\/\\\/www.inmsol.com\\\/de\\\/unterkunft\\\/#primaryimage\",\"url\":\"https:\\\/\\\/www.inmsol.com\\\/wp-content\\\/uploads\\\/2009\\\/05\\\/Alojamiento-piso-compartido2-scaled.jpg\",\"contentUrl\":\"https:\\\/\\\/www.inmsol.com\\\/wp-content\\\/uploads\\\/2009\\\/05\\\/Alojamiento-piso-compartido2-scaled.jpg\",\"width\":2560,\"height\":1714},{\"@type\":\"BreadcrumbList\",\"@id\":\"https:\\\/\\\/www.inmsol.com\\\/de\\\/unterkunft\\\/#breadcrumb\",\"itemListElement\":[{\"@type\":\"ListItem\",\"position\":1,\"name\":\"Accredited Center by Instituto Cervantes\",\"item\":\"https:\\\/\\\/www.inmsol.com\\\/de\\\/pagina-ejemplo\\\/\"},{\"@type\":\"ListItem\",\"position\":2,\"name\":\"Unterkunft\"}]},{\"@type\":\"WebSite\",\"@id\":\"https:\\\/\\\/www.inmsol.com\\\/de\\\/#website\",\"url\":\"https:\\\/\\\/www.inmsol.com\\\/de\\\/\",\"name\":\"iNMSOL\",\"description\":\"Lerne Spanisch mit uns - Cervantes akkreditiertes Lernzentrum\",\"publisher\":{\"@id\":\"https:\\\/\\\/www.inmsol.com\\\/de\\\/#organization\"},\"potentialAction\":[{\"@type\":\"SearchAction\",\"target\":{\"@type\":\"EntryPoint\",\"urlTemplate\":\"https:\\\/\\\/www.inmsol.com\\\/de\\\/?s={search_term_string}\"},\"query-input\":{\"@type\":\"PropertyValueSpecification\",\"valueRequired\":true,\"valueName\":\"search_term_string\"}}],\"inLanguage\":\"de\"},{\"@type\":\"Organization\",\"@id\":\"https:\\\/\\\/www.inmsol.com\\\/de\\\/#organization\",\"name\":\"Instituto Mediterr\u00e1neo Sol\",\"url\":\"https:\\\/\\\/www.inmsol.com\\\/de\\\/\",\"logo\":{\"@type\":\"ImageObject\",\"inLanguage\":\"de\",\"@id\":\"https:\\\/\\\/www.inmsol.com\\\/de\\\/#\\\/schema\\\/logo\\\/image\\\/\",\"url\":\"https:\\\/\\\/www.inmsol.com\\\/wp-content\\\/uploads\\\/2023\\\/06\\\/logo-inmsol-1.png\",\"contentUrl\":\"https:\\\/\\\/www.inmsol.com\\\/wp-content\\\/uploads\\\/2023\\\/06\\\/logo-inmsol-1.png\",\"width\":136,\"height\":73,\"caption\":\"Instituto Mediterr\u00e1neo Sol\"},\"image\":{\"@id\":\"https:\\\/\\\/www.inmsol.com\\\/de\\\/#\\\/schema\\\/logo\\\/image\\\/\"},\"sameAs\":[\"https:\\\/\\\/www.facebook.com\\\/spanishcourses\",\"https:\\\/\\\/x.com\\\/StudyInGranada\",\"http:\\\/\\\/instagram.com\\\/imsolgranada\",\"https:\\\/\\\/es.linkedin.com\\\/company\\\/imsol-granada\",\"https:\\\/\\\/www.pinterest.es\\\/inmsol\\\/\",\"https:\\\/\\\/www.youtube.com\\\/channel\\\/UChz-Qn_7coFMosY85iYMO4g\"]}]}<\/script>\n<!-- \/ Yoast SEO plugin. -->","yoast_head_json":{"title":"Unterkunft | iNMSOL","description":"iNMSOL biedet auch verschiedene Unterk\u00fcnfte an. W\u00e4hlen Sie zwischen einer Wohngemeinschaft, einer spanischen Gastfamilie oder einem Hotel.","robots":{"index":"index","follow":"follow","max-snippet":"max-snippet:-1","max-image-preview":"max-image-preview:large","max-video-preview":"max-video-preview:-1"},"canonical":"https:\/\/www.inmsol.com\/de\/unterkunft\/","og_locale":"de_DE","og_type":"article","og_title":"Unterkunft | iNMSOL","og_description":"iNMSOL biedet auch verschiedene Unterk\u00fcnfte an. W\u00e4hlen Sie zwischen einer Wohngemeinschaft, einer spanischen Gastfamilie oder einem Hotel.","og_url":"https:\/\/www.inmsol.com\/de\/unterkunft\/","og_site_name":"iNMSOL","article_publisher":"https:\/\/www.facebook.com\/spanishcourses","article_modified_time":"2023-06-27T16:30:25+00:00","og_image":[{"width":2560,"height":1714,"url":"https:\/\/www.inmsol.com\/wp-content\/uploads\/2009\/05\/Alojamiento-piso-compartido2-scaled.jpg","type":"image\/jpeg"}],"twitter_misc":{"Gesch\u00e4tzte Lesezeit":"1\u00a0Minute"},"schema":{"@context":"https:\/\/schema.org","@graph":[{"@type":"WebPage","@id":"https:\/\/www.inmsol.com\/de\/unterkunft\/","url":"https:\/\/www.inmsol.com\/de\/unterkunft\/","name":"Unterkunft | iNMSOL","isPartOf":{"@id":"https:\/\/www.inmsol.com\/de\/#website"},"primaryImageOfPage":{"@id":"https:\/\/www.inmsol.com\/de\/unterkunft\/#primaryimage"},"image":{"@id":"https:\/\/www.inmsol.com\/de\/unterkunft\/#primaryimage"},"thumbnailUrl":"https:\/\/www.inmsol.com\/wp-content\/uploads\/2009\/05\/Alojamiento-piso-compartido2-scaled.jpg","datePublished":"2009-05-10T19:05:08+00:00","dateModified":"2023-06-27T16:30:25+00:00","description":"iNMSOL biedet auch verschiedene Unterk\u00fcnfte an. W\u00e4hlen Sie zwischen einer Wohngemeinschaft, einer spanischen Gastfamilie oder einem Hotel.","breadcrumb":{"@id":"https:\/\/www.inmsol.com\/de\/unterkunft\/#breadcrumb"},"inLanguage":"de","potentialAction":[{"@type":"ReadAction","target":["https:\/\/www.inmsol.com\/de\/unterkunft\/"]}]},{"@type":"ImageObject","inLanguage":"de","@id":"https:\/\/www.inmsol.com\/de\/unterkunft\/#primaryimage","url":"https:\/\/www.inmsol.com\/wp-content\/uploads\/2009\/05\/Alojamiento-piso-compartido2-scaled.jpg","contentUrl":"https:\/\/www.inmsol.com\/wp-content\/uploads\/2009\/05\/Alojamiento-piso-compartido2-scaled.jpg","width":2560,"height":1714},{"@type":"BreadcrumbList","@id":"https:\/\/www.inmsol.com\/de\/unterkunft\/#breadcrumb","itemListElement":[{"@type":"ListItem","position":1,"name":"Accredited Center by Instituto Cervantes","item":"https:\/\/www.inmsol.com\/de\/pagina-ejemplo\/"},{"@type":"ListItem","position":2,"name":"Unterkunft"}]},{"@type":"WebSite","@id":"https:\/\/www.inmsol.com\/de\/#website","url":"https:\/\/www.inmsol.com\/de\/","name":"iNMSOL","description":"Lerne Spanisch mit uns - Cervantes akkreditiertes Lernzentrum","publisher":{"@id":"https:\/\/www.inmsol.com\/de\/#organization"},"potentialAction":[{"@type":"SearchAction","target":{"@type":"EntryPoint","urlTemplate":"https:\/\/www.inmsol.com\/de\/?s={search_term_string}"},"query-input":{"@type":"PropertyValueSpecification","valueRequired":true,"valueName":"search_term_string"}}],"inLanguage":"de"},{"@type":"Organization","@id":"https:\/\/www.inmsol.com\/de\/#organization","name":"Instituto Mediterr\u00e1neo Sol","url":"https:\/\/www.inmsol.com\/de\/","logo":{"@type":"ImageObject","inLanguage":"de","@id":"https:\/\/www.inmsol.com\/de\/#\/schema\/logo\/image\/","url":"https:\/\/www.inmsol.com\/wp-content\/uploads\/2023\/06\/logo-inmsol-1.png","contentUrl":"https:\/\/www.inmsol.com\/wp-content\/uploads\/2023\/06\/logo-inmsol-1.png","width":136,"height":73,"caption":"Instituto Mediterr\u00e1neo Sol"},"image":{"@id":"https:\/\/www.inmsol.com\/de\/#\/schema\/logo\/image\/"},"sameAs":["https:\/\/www.facebook.com\/spanishcourses","https:\/\/x.com\/StudyInGranada","http:\/\/instagram.com\/imsolgranada","https:\/\/es.linkedin.com\/company\/imsol-granada","https:\/\/www.pinterest.es\/inmsol\/","https:\/\/www.youtube.com\/channel\/UChz-Qn_7coFMosY85iYMO4g"]}]}},"_links":{"self":[{"href":"https:\/\/www.inmsol.com\/de\/wp-json\/wp\/v2\/pages\/1443","targetHints":{"allow":["GET"]}}],"collection":[{"href":"https:\/\/www.inmsol.com\/de\/wp-json\/wp\/v2\/pages"}],"about":[{"href":"https:\/\/www.inmsol.com\/de\/wp-json\/wp\/v2\/types\/page"}],"author":[{"embeddable":true,"href":"https:\/\/www.inmsol.com\/de\/wp-json\/wp\/v2\/users\/2"}],"replies":[{"embeddable":true,"href":"https:\/\/www.inmsol.com\/de\/wp-json\/wp\/v2\/comments?post=1443"}],"version-history":[{"count":0,"href":"https:\/\/www.inmsol.com\/de\/wp-json\/wp\/v2\/pages\/1443\/revisions"}],"wp:featuredmedia":[{"embeddable":true,"href":"https:\/\/www.inmsol.com\/de\/wp-json\/wp\/v2\/media\/3063"}],"wp:attachment":[{"href":"https:\/\/www.inmsol.com\/de\/wp-json\/wp\/v2\/media?parent=1443"}],"curies":[{"name":"wp","href":"https:\/\/api.w.org\/{rel}","templated":true}]}}