{"id":1449,"date":"2009-05-10T19:19:33","date_gmt":"2009-05-10T19:19:33","guid":{"rendered":"https:\/\/www.inmsol.com\/"},"modified":"2023-06-29T02:47:50","modified_gmt":"2023-06-29T00:47:50","slug":"kostenlose-leistungen","status":"publish","type":"page","link":"https:\/\/www.inmsol.com\/de\/kostenlose-leistungen\/","title":{"rendered":"Kostenlose Leistungen"},"content":{"rendered":"\t\t<div data-elementor-type=\"wp-page\" data-elementor-id=\"1449\" class=\"elementor elementor-1449 elementor-1447\" data-elementor-post-type=\"page\">\n\t\t\t\t\t\t<section class=\"elementor-section elementor-top-section elementor-element elementor-element-03de90a elementor-section-full_width elementor-section-height-min-height elementor-section-stretched elementor-section-height-default elementor-section-items-middle parallax_section_no qode_elementor_container_no\" data-id=\"03de90a\" data-element_type=\"section\" data-settings=\"{&quot;stretch_section&quot;:&quot;section-stretched&quot;,&quot;background_background&quot;:&quot;classic&quot;}\">\n\t\t\t\t\t\t\t<div class=\"elementor-background-overlay\"><\/div>\n\t\t\t\t\t\t\t<div class=\"elementor-container elementor-column-gap-no\">\n\t\t\t\t\t<div class=\"elementor-column elementor-col-100 elementor-top-column elementor-element elementor-element-5e2fd18\" data-id=\"5e2fd18\" data-element_type=\"column\">\n\t\t\t<div class=\"elementor-widget-wrap elementor-element-populated\">\n\t\t\t\t\t\t<section class=\"elementor-section elementor-inner-section elementor-element elementor-element-def5930 elementor-section-boxed elementor-section-height-default elementor-section-height-default parallax_section_no qode_elementor_container_no\" data-id=\"def5930\" data-element_type=\"section\">\n\t\t\t\t\t\t<div class=\"elementor-container elementor-column-gap-default\">\n\t\t\t\t\t<div class=\"elementor-column elementor-col-100 elementor-inner-column elementor-element elementor-element-a94d125\" data-id=\"a94d125\" data-element_type=\"column\">\n\t\t\t<div class=\"elementor-widget-wrap elementor-element-populated\">\n\t\t\t\t\t\t\t<\/div>\n\t\t<\/div>\n\t\t\t\t\t<\/div>\n\t\t<\/section>\n\t\t\t\t\t<\/div>\n\t\t<\/div>\n\t\t\t\t\t<\/div>\n\t\t<\/section>\n\t\t\t\t<section class=\"elementor-section elementor-top-section elementor-element elementor-element-16697ff elementor-section-boxed elementor-section-height-default elementor-section-height-default parallax_section_no qode_elementor_container_no\" data-id=\"16697ff\" data-element_type=\"section\">\n\t\t\t\t\t\t<div class=\"elementor-container elementor-column-gap-wider\">\n\t\t\t\t\t<div class=\"elementor-column elementor-col-50 elementor-top-column elementor-element elementor-element-bc80120\" data-id=\"bc80120\" data-element_type=\"column\">\n\t\t\t<div class=\"elementor-widget-wrap elementor-element-populated\">\n\t\t\t\t\t\t<div class=\"elementor-element elementor-element-32adf73 elementor-widget elementor-widget-text-editor\" data-id=\"32adf73\" data-element_type=\"widget\" data-widget_type=\"text-editor.default\">\n\t\t\t\t<div class=\"elementor-widget-container\">\n\t\t\t\t\t\t\t\t\t<ul><li>Sprachleistungstest bei der Ankunft<\/li><li>Willkommensmappe<\/li><li>Teilnahmebescheinigung am Kursende<\/li><li>W\u00f6chentliche Tutorien<\/li><li>Bibliothek mit Ausleihservice<\/li><\/ul>\t\t\t\t\t\t\t\t<\/div>\n\t\t\t\t<\/div>\n\t\t\t\t\t<\/div>\n\t\t<\/div>\n\t\t\t\t<div class=\"elementor-column elementor-col-50 elementor-top-column elementor-element elementor-element-e3ae88d\" data-id=\"e3ae88d\" data-element_type=\"column\">\n\t\t\t<div class=\"elementor-widget-wrap elementor-element-populated\">\n\t\t\t\t\t\t<div class=\"elementor-element elementor-element-1c44379 elementor-widget elementor-widget-text-editor\" data-id=\"1c44379\" data-element_type=\"widget\" data-widget_type=\"text-editor.default\">\n\t\t\t\t<div class=\"elementor-widget-container\">\n\t\t\t\t\t\t\t\t\t<ul><li>Videothek mit VHS und DVDs<\/li><li>Internetzugang<\/li><li>WLAN in der ganzen Schule<\/li><li>iNMSOL-Sch\u00fclerausweis mit Preisnachl\u00e4ssen in verschiedenen Gesch\u00e4ften in Granada<\/li><\/ul>\t\t\t\t\t\t\t\t<\/div>\n\t\t\t\t<\/div>\n\t\t\t\t\t<\/div>\n\t\t<\/div>\n\t\t\t\t\t<\/div>\n\t\t<\/section>\n\t\t\t\t<\/div>\n\t\t","protected":false},"excerpt":{"rendered":"<p>Sprachleistungstest bei der Ankunft Willkommensmappe Teilnahmebescheinigung am Kursende W\u00f6chentliche Tutorien Bibliothek mit Ausleihservice Videothek mit VHS und DVDs Internetzugang WLAN in der ganzen Schule iNMSOL-Sch\u00fclerausweis mit Preisnachl\u00e4ssen in verschiedenen Gesch\u00e4ften in Granada<\/p>\n","protected":false},"author":2,"featured_media":6776,"parent":0,"menu_order":0,"comment_status":"closed","ping_status":"closed","template":"","meta":{"_acf_changed":false,"footnotes":""},"class_list":["post-1449","page","type-page","status-publish","has-post-thumbnail","hentry"],"acf":[],"yoast_head":"<!-- This site is optimized with the Yoast SEO plugin v27.4 - https:\/\/yoast.com\/product\/yoast-seo-wordpress\/ -->\n<title>Kostenlose Dienstleistungen | iNMSOL<\/title>\n<meta name=\"description\" content=\"iNMSOL bietet eine Reihe kostenloser Dienstleistungen: Sprachleistungstest bei der Ankunft, w\u00f6chentliche Tutorien, Internetzugang, Bibliothek und vieles mehr\" \/>\n<meta name=\"robots\" content=\"index, follow, max-snippet:-1, max-image-preview:large, max-video-preview:-1\" \/>\n<link rel=\"canonical\" href=\"https:\/\/www.inmsol.com\/de\/kostenlose-leistungen\/\" \/>\n<meta property=\"og:locale\" content=\"de_DE\" \/>\n<meta property=\"og:type\" content=\"article\" \/>\n<meta property=\"og:title\" content=\"Kostenlose Dienstleistungen | iNMSOL\" \/>\n<meta property=\"og:description\" content=\"iNMSOL bietet eine Reihe kostenloser Dienstleistungen: Sprachleistungstest bei der Ankunft, w\u00f6chentliche Tutorien, Internetzugang, Bibliothek und vieles mehr\" \/>\n<meta property=\"og:url\" content=\"https:\/\/www.inmsol.com\/de\/kostenlose-leistungen\/\" \/>\n<meta property=\"og:site_name\" content=\"iNMSOL\" \/>\n<meta property=\"article:publisher\" content=\"https:\/\/www.facebook.com\/spanishcourses\" \/>\n<meta property=\"article:modified_time\" content=\"2023-06-29T00:47:50+00:00\" \/>\n<meta property=\"og:image\" content=\"https:\/\/www.inmsol.com\/wp-content\/uploads\/2009\/05\/serviciosgratuitos-scaled.jpg\" \/>\n\t<meta property=\"og:image:width\" content=\"2560\" \/>\n\t<meta property=\"og:image:height\" content=\"1676\" \/>\n\t<meta property=\"og:image:type\" content=\"image\/jpeg\" \/>\n<script type=\"application\/ld+json\" class=\"yoast-schema-graph\">{\"@context\":\"https:\\\/\\\/schema.org\",\"@graph\":[{\"@type\":\"WebPage\",\"@id\":\"https:\\\/\\\/www.inmsol.com\\\/de\\\/kostenlose-leistungen\\\/\",\"url\":\"https:\\\/\\\/www.inmsol.com\\\/de\\\/kostenlose-leistungen\\\/\",\"name\":\"Kostenlose Dienstleistungen | iNMSOL\",\"isPartOf\":{\"@id\":\"https:\\\/\\\/www.inmsol.com\\\/de\\\/#website\"},\"primaryImageOfPage\":{\"@id\":\"https:\\\/\\\/www.inmsol.com\\\/de\\\/kostenlose-leistungen\\\/#primaryimage\"},\"image\":{\"@id\":\"https:\\\/\\\/www.inmsol.com\\\/de\\\/kostenlose-leistungen\\\/#primaryimage\"},\"thumbnailUrl\":\"https:\\\/\\\/www.inmsol.com\\\/wp-content\\\/uploads\\\/2009\\\/05\\\/serviciosgratuitos-scaled.jpg\",\"datePublished\":\"2009-05-10T19:19:33+00:00\",\"dateModified\":\"2023-06-29T00:47:50+00:00\",\"description\":\"iNMSOL bietet eine Reihe kostenloser Dienstleistungen: Sprachleistungstest bei der Ankunft, w\u00f6chentliche Tutorien, Internetzugang, Bibliothek und vieles mehr\",\"breadcrumb\":{\"@id\":\"https:\\\/\\\/www.inmsol.com\\\/de\\\/kostenlose-leistungen\\\/#breadcrumb\"},\"inLanguage\":\"de\",\"potentialAction\":[{\"@type\":\"ReadAction\",\"target\":[\"https:\\\/\\\/www.inmsol.com\\\/de\\\/kostenlose-leistungen\\\/\"]}]},{\"@type\":\"ImageObject\",\"inLanguage\":\"de\",\"@id\":\"https:\\\/\\\/www.inmsol.com\\\/de\\\/kostenlose-leistungen\\\/#primaryimage\",\"url\":\"https:\\\/\\\/www.inmsol.com\\\/wp-content\\\/uploads\\\/2009\\\/05\\\/serviciosgratuitos-scaled.jpg\",\"contentUrl\":\"https:\\\/\\\/www.inmsol.com\\\/wp-content\\\/uploads\\\/2009\\\/05\\\/serviciosgratuitos-scaled.jpg\",\"width\":2560,\"height\":1676},{\"@type\":\"BreadcrumbList\",\"@id\":\"https:\\\/\\\/www.inmsol.com\\\/de\\\/kostenlose-leistungen\\\/#breadcrumb\",\"itemListElement\":[{\"@type\":\"ListItem\",\"position\":1,\"name\":\"Accredited Center by Instituto Cervantes\",\"item\":\"https:\\\/\\\/www.inmsol.com\\\/de\\\/pagina-ejemplo\\\/\"},{\"@type\":\"ListItem\",\"position\":2,\"name\":\"Kostenlose Leistungen\"}]},{\"@type\":\"WebSite\",\"@id\":\"https:\\\/\\\/www.inmsol.com\\\/de\\\/#website\",\"url\":\"https:\\\/\\\/www.inmsol.com\\\/de\\\/\",\"name\":\"iNMSOL\",\"description\":\"Lerne Spanisch mit uns - Cervantes akkreditiertes Lernzentrum\",\"publisher\":{\"@id\":\"https:\\\/\\\/www.inmsol.com\\\/de\\\/#organization\"},\"potentialAction\":[{\"@type\":\"SearchAction\",\"target\":{\"@type\":\"EntryPoint\",\"urlTemplate\":\"https:\\\/\\\/www.inmsol.com\\\/de\\\/?s={search_term_string}\"},\"query-input\":{\"@type\":\"PropertyValueSpecification\",\"valueRequired\":true,\"valueName\":\"search_term_string\"}}],\"inLanguage\":\"de\"},{\"@type\":\"Organization\",\"@id\":\"https:\\\/\\\/www.inmsol.com\\\/de\\\/#organization\",\"name\":\"Instituto Mediterr\u00e1neo Sol\",\"url\":\"https:\\\/\\\/www.inmsol.com\\\/de\\\/\",\"logo\":{\"@type\":\"ImageObject\",\"inLanguage\":\"de\",\"@id\":\"https:\\\/\\\/www.inmsol.com\\\/de\\\/#\\\/schema\\\/logo\\\/image\\\/\",\"url\":\"https:\\\/\\\/www.inmsol.com\\\/wp-content\\\/uploads\\\/2023\\\/06\\\/logo-inmsol-1.png\",\"contentUrl\":\"https:\\\/\\\/www.inmsol.com\\\/wp-content\\\/uploads\\\/2023\\\/06\\\/logo-inmsol-1.png\",\"width\":136,\"height\":73,\"caption\":\"Instituto Mediterr\u00e1neo Sol\"},\"image\":{\"@id\":\"https:\\\/\\\/www.inmsol.com\\\/de\\\/#\\\/schema\\\/logo\\\/image\\\/\"},\"sameAs\":[\"https:\\\/\\\/www.facebook.com\\\/spanishcourses\",\"https:\\\/\\\/x.com\\\/StudyInGranada\",\"http:\\\/\\\/instagram.com\\\/imsolgranada\",\"https:\\\/\\\/es.linkedin.com\\\/company\\\/imsol-granada\",\"https:\\\/\\\/www.pinterest.es\\\/inmsol\\\/\",\"https:\\\/\\\/www.youtube.com\\\/channel\\\/UChz-Qn_7coFMosY85iYMO4g\"]}]}<\/script>\n<!-- \/ Yoast SEO plugin. -->","yoast_head_json":{"title":"Kostenlose Dienstleistungen | iNMSOL","description":"iNMSOL bietet eine Reihe kostenloser Dienstleistungen: Sprachleistungstest bei der Ankunft, w\u00f6chentliche Tutorien, Internetzugang, Bibliothek und vieles mehr","robots":{"index":"index","follow":"follow","max-snippet":"max-snippet:-1","max-image-preview":"max-image-preview:large","max-video-preview":"max-video-preview:-1"},"canonical":"https:\/\/www.inmsol.com\/de\/kostenlose-leistungen\/","og_locale":"de_DE","og_type":"article","og_title":"Kostenlose Dienstleistungen | iNMSOL","og_description":"iNMSOL bietet eine Reihe kostenloser Dienstleistungen: Sprachleistungstest bei der Ankunft, w\u00f6chentliche Tutorien, Internetzugang, Bibliothek und vieles mehr","og_url":"https:\/\/www.inmsol.com\/de\/kostenlose-leistungen\/","og_site_name":"iNMSOL","article_publisher":"https:\/\/www.facebook.com\/spanishcourses","article_modified_time":"2023-06-29T00:47:50+00:00","og_image":[{"width":2560,"height":1676,"url":"https:\/\/www.inmsol.com\/wp-content\/uploads\/2009\/05\/serviciosgratuitos-scaled.jpg","type":"image\/jpeg"}],"schema":{"@context":"https:\/\/schema.org","@graph":[{"@type":"WebPage","@id":"https:\/\/www.inmsol.com\/de\/kostenlose-leistungen\/","url":"https:\/\/www.inmsol.com\/de\/kostenlose-leistungen\/","name":"Kostenlose Dienstleistungen | iNMSOL","isPartOf":{"@id":"https:\/\/www.inmsol.com\/de\/#website"},"primaryImageOfPage":{"@id":"https:\/\/www.inmsol.com\/de\/kostenlose-leistungen\/#primaryimage"},"image":{"@id":"https:\/\/www.inmsol.com\/de\/kostenlose-leistungen\/#primaryimage"},"thumbnailUrl":"https:\/\/www.inmsol.com\/wp-content\/uploads\/2009\/05\/serviciosgratuitos-scaled.jpg","datePublished":"2009-05-10T19:19:33+00:00","dateModified":"2023-06-29T00:47:50+00:00","description":"iNMSOL bietet eine Reihe kostenloser Dienstleistungen: Sprachleistungstest bei der Ankunft, w\u00f6chentliche Tutorien, Internetzugang, Bibliothek und vieles mehr","breadcrumb":{"@id":"https:\/\/www.inmsol.com\/de\/kostenlose-leistungen\/#breadcrumb"},"inLanguage":"de","potentialAction":[{"@type":"ReadAction","target":["https:\/\/www.inmsol.com\/de\/kostenlose-leistungen\/"]}]},{"@type":"ImageObject","inLanguage":"de","@id":"https:\/\/www.inmsol.com\/de\/kostenlose-leistungen\/#primaryimage","url":"https:\/\/www.inmsol.com\/wp-content\/uploads\/2009\/05\/serviciosgratuitos-scaled.jpg","contentUrl":"https:\/\/www.inmsol.com\/wp-content\/uploads\/2009\/05\/serviciosgratuitos-scaled.jpg","width":2560,"height":1676},{"@type":"BreadcrumbList","@id":"https:\/\/www.inmsol.com\/de\/kostenlose-leistungen\/#breadcrumb","itemListElement":[{"@type":"ListItem","position":1,"name":"Accredited Center by Instituto Cervantes","item":"https:\/\/www.inmsol.com\/de\/pagina-ejemplo\/"},{"@type":"ListItem","position":2,"name":"Kostenlose Leistungen"}]},{"@type":"WebSite","@id":"https:\/\/www.inmsol.com\/de\/#website","url":"https:\/\/www.inmsol.com\/de\/","name":"iNMSOL","description":"Lerne Spanisch mit uns - Cervantes akkreditiertes Lernzentrum","publisher":{"@id":"https:\/\/www.inmsol.com\/de\/#organization"},"potentialAction":[{"@type":"SearchAction","target":{"@type":"EntryPoint","urlTemplate":"https:\/\/www.inmsol.com\/de\/?s={search_term_string}"},"query-input":{"@type":"PropertyValueSpecification","valueRequired":true,"valueName":"search_term_string"}}],"inLanguage":"de"},{"@type":"Organization","@id":"https:\/\/www.inmsol.com\/de\/#organization","name":"Instituto Mediterr\u00e1neo Sol","url":"https:\/\/www.inmsol.com\/de\/","logo":{"@type":"ImageObject","inLanguage":"de","@id":"https:\/\/www.inmsol.com\/de\/#\/schema\/logo\/image\/","url":"https:\/\/www.inmsol.com\/wp-content\/uploads\/2023\/06\/logo-inmsol-1.png","contentUrl":"https:\/\/www.inmsol.com\/wp-content\/uploads\/2023\/06\/logo-inmsol-1.png","width":136,"height":73,"caption":"Instituto Mediterr\u00e1neo Sol"},"image":{"@id":"https:\/\/www.inmsol.com\/de\/#\/schema\/logo\/image\/"},"sameAs":["https:\/\/www.facebook.com\/spanishcourses","https:\/\/x.com\/StudyInGranada","http:\/\/instagram.com\/imsolgranada","https:\/\/es.linkedin.com\/company\/imsol-granada","https:\/\/www.pinterest.es\/inmsol\/","https:\/\/www.youtube.com\/channel\/UChz-Qn_7coFMosY85iYMO4g"]}]}},"_links":{"self":[{"href":"https:\/\/www.inmsol.com\/de\/wp-json\/wp\/v2\/pages\/1449","targetHints":{"allow":["GET"]}}],"collection":[{"href":"https:\/\/www.inmsol.com\/de\/wp-json\/wp\/v2\/pages"}],"about":[{"href":"https:\/\/www.inmsol.com\/de\/wp-json\/wp\/v2\/types\/page"}],"author":[{"embeddable":true,"href":"https:\/\/www.inmsol.com\/de\/wp-json\/wp\/v2\/users\/2"}],"replies":[{"embeddable":true,"href":"https:\/\/www.inmsol.com\/de\/wp-json\/wp\/v2\/comments?post=1449"}],"version-history":[{"count":0,"href":"https:\/\/www.inmsol.com\/de\/wp-json\/wp\/v2\/pages\/1449\/revisions"}],"wp:featuredmedia":[{"embeddable":true,"href":"https:\/\/www.inmsol.com\/de\/wp-json\/wp\/v2\/media\/6776"}],"wp:attachment":[{"href":"https:\/\/www.inmsol.com\/de\/wp-json\/wp\/v2\/media?parent=1449"}],"curies":[{"name":"wp","href":"https:\/\/api.w.org\/{rel}","templated":true}]}}