{"id":1485,"date":"2009-05-10T21:18:25","date_gmt":"2009-05-10T21:18:25","guid":{"rendered":"https:\/\/www.inmsol.com\/"},"modified":"2015-04-21T00:31:41","modified_gmt":"2015-04-20T22:31:41","slug":"home","status":"publish","type":"page","link":"https:\/\/www.inmsol.com\/de\/home\/","title":{"rendered":"Spanische Sprachschule in Granada"},"content":{"rendered":"<p><b>Lernen Sie Spanisch in Spanien mit iNMSOL!<\/b><\/p>\n<p class=\"just\">Seit 1992 bietet das Instituto Mediterr\u00e1neo Sol (iNMSOL) ganzj\u00e4hrig <strong><a title=\"Spanischkurse\" href=\"https:\/\/www.inmsol.com\/de\/spanischkurse\/\">Spanischkurse in Spanien<\/a><\/strong> an, in <strong><a href=\"https:\/\/www.inmsol.com\/de\/die-stadt-granada\/\">Granada<\/a><\/strong>, einer Stadt voller Geschichte und einer einzigartigen Umgebung, die Ihnen einen angenehmen Aufenthalt bescheren wird, w\u00e4hrend Sie Spanisch lernen.<\/p>\n<p>In der <b>Spanischschule<\/b> sind optimale Voraussetzungen f\u00fcr den Erwerb der spanischen Sprache gegeben, weil wir eine vom<b> Instituto Cervantes<\/b> akkreditiertes Institution sind und zudem die Anforderungen des <b>CEN<\/b> (Comit\u00e9 Europ\u00e9en de Normalisation) in Bezug auf <b>Sprachreisen<\/b> erf\u00fcllen.<br \/>\nUnsere <strong><a title=\"Spanischkurse\" href=\"https:\/\/www.inmsol.com\/de\/spanischkurse\/\">Spanisch-Sprachprogramme<\/a><\/strong> sind an die Leistungsstufen des<b> gemeinsamen europ\u00e4ischen Referenzrahmens <\/b>und an den Lehrplan des <strong>Instituto Cervantes<\/strong> angepasst.<\/p>\n<p>Die gro\u00dfe Vielfalt an <strong><a title=\"Spanischkurse\" href=\"https:\/\/www.inmsol.com\/de\/spanischkurse\/\">Intensivkursen<\/a><\/strong>, was Art und Anzahl der Unterrichtsstunden pro Woche betrifft, erm\u00f6glicht es Ihnen, die f\u00fcr Sie am besten geeignete Option zu w\u00e4hlen. Das gilt gleicherma\u00dfen f\u00fcr Berufst\u00e4tige, Studenten, Jugendliche, Rentner oder f\u00fcr alle diejenigen, die Spanisch einfach aus Spa\u00df lernen m\u00f6chten. Auf diesen Seiten werden Sie alle Informationen finden, die Sie suchen.<\/p>\n<p>\u00dcber unsere <strong>Spanischkurse<\/strong> hinaus bieten wir t\u00e4glich diverse <a title=\"Kulturelle Aktivit\u00e4ten und Ausfl\u00fcge\" href=\"https:\/\/www.inmsol.com\/de\/aktivitaeten-und-ausfluege\/\"><strong>Aktivit\u00e4ten<\/strong><\/a> an, \u00fcber die Sie auf eine unterhaltsame Art mit der spanischen, insbesondere andalusischen Kultur in Ber\u00fchrung kommen. Am Wochenende k\u00f6nnen Sie an den von uns angebotenen Ausfl\u00fcgen (z. B. an die Costa Tropical, nach Alpujarras, Sevilla, C\u00f3rdoba,&#8230;) teilnehmen.<\/p>\n<p>Gerne sind wir auch bei der Suche nach einer <strong><a title=\"Unterkunft\" href=\"https:\/\/www.inmsol.com\/de\/unterkunft\/\">Unterkunft<\/a><\/strong> behilflich.<\/p>\n<p>Schreiben Sie uns, wenn Sie Fragen haben! Wir antworten so schnell wie m\u00f6glich und helfen bei der Organisation Ihrer Sprachreise nach Granada.<\/p>\n<p>All dies, zusammen mit der aufmerksamen Behandlung eines jeden und der Qualit\u00e4t aller unserer Dienstleistungen, sind einige der Merkmale, die das Instituto Mediterr\u00e1neo Sol von anderen Sprachschulen abheben.<\/p>\n<table class=\"sin_borde\">\n<tbody>\n<tr>\n<td><b>Wir freuen uns auf Sie!<\/b><\/td>\n<td align=\"right\"><\/td>\n<\/tr>\n<\/tbody>\n<\/table>\n<p>&nbsp;<\/p>\n","protected":false},"excerpt":{"rendered":"<p>Lernen Sie Spanisch in Spanien mit iNMSOL! Seit 1992 bietet das Instituto Mediterr\u00e1neo Sol (iNMSOL) ganzj\u00e4hrig Spanischkurse in Spanien an, in Granada, einer Stadt voller Geschichte und einer einzigartigen Umgebung, die Ihnen einen angenehmen Aufenthalt bescheren wird, w\u00e4hrend Sie Spanisch lernen. In der Spanischschule sind&#8230;<\/p>\n","protected":false},"author":2,"featured_media":0,"parent":0,"menu_order":0,"comment_status":"closed","ping_status":"closed","template":"","meta":{"_acf_changed":false,"footnotes":""},"class_list":["post-1485","page","type-page","status-publish","hentry"],"acf":[],"yoast_head":"<!-- This site is optimized with the Yoast SEO plugin v27.5 - https:\/\/yoast.com\/product\/yoast-seo-wordpress\/ -->\n<title>Spanische Sprachschule Granada | INMSOL<\/title>\n<meta name=\"description\" content=\"Spanische Sprachschule Granada. Lernen Sie Spanisch in Spanien mit iNMSOL!\" \/>\n<meta name=\"robots\" content=\"index, follow, max-snippet:-1, max-image-preview:large, max-video-preview:-1\" \/>\n<link rel=\"canonical\" href=\"https:\/\/www.inmsol.com\/de\/home\/\" \/>\n<meta property=\"og:locale\" content=\"de_DE\" \/>\n<meta property=\"og:type\" content=\"article\" \/>\n<meta property=\"og:title\" content=\"Spanische Sprachschule Granada | INMSOL\" \/>\n<meta property=\"og:description\" content=\"Spanische Sprachschule Granada. Lernen Sie Spanisch in Spanien mit iNMSOL!\" \/>\n<meta property=\"og:url\" content=\"https:\/\/www.inmsol.com\/de\/home\/\" \/>\n<meta property=\"og:site_name\" content=\"iNMSOL\" \/>\n<meta property=\"article:publisher\" content=\"https:\/\/www.facebook.com\/spanishcourses\" \/>\n<meta property=\"article:modified_time\" content=\"2015-04-20T22:31:41+00:00\" \/>\n<meta property=\"og:image\" content=\"https:\/\/www.inmsol.com\/wp-content\/uploads\/2019\/08\/logo-inmsol.png\" \/>\n\t<meta property=\"og:image:width\" content=\"320\" \/>\n\t<meta property=\"og:image:height\" content=\"154\" \/>\n\t<meta property=\"og:image:type\" content=\"image\/png\" \/>\n<meta name=\"twitter:label1\" content=\"Gesch\u00e4tzte Lesezeit\" \/>\n\t<meta name=\"twitter:data1\" content=\"1\u00a0Minute\" \/>\n<script type=\"application\/ld+json\" class=\"yoast-schema-graph\">{\"@context\":\"https:\\\/\\\/schema.org\",\"@graph\":[{\"@type\":\"WebPage\",\"@id\":\"https:\\\/\\\/www.inmsol.com\\\/de\\\/home\\\/\",\"url\":\"https:\\\/\\\/www.inmsol.com\\\/de\\\/home\\\/\",\"name\":\"Spanische Sprachschule Granada | INMSOL\",\"isPartOf\":{\"@id\":\"https:\\\/\\\/www.inmsol.com\\\/de\\\/#website\"},\"datePublished\":\"2009-05-10T21:18:25+00:00\",\"dateModified\":\"2015-04-20T22:31:41+00:00\",\"description\":\"Spanische Sprachschule Granada. Lernen Sie Spanisch in Spanien mit iNMSOL!\",\"breadcrumb\":{\"@id\":\"https:\\\/\\\/www.inmsol.com\\\/de\\\/home\\\/#breadcrumb\"},\"inLanguage\":\"de\",\"potentialAction\":[{\"@type\":\"ReadAction\",\"target\":[\"https:\\\/\\\/www.inmsol.com\\\/de\\\/home\\\/\"]}]},{\"@type\":\"BreadcrumbList\",\"@id\":\"https:\\\/\\\/www.inmsol.com\\\/de\\\/home\\\/#breadcrumb\",\"itemListElement\":[{\"@type\":\"ListItem\",\"position\":1,\"name\":\"Accredited Center by Instituto Cervantes\",\"item\":\"https:\\\/\\\/www.inmsol.com\\\/de\\\/pagina-ejemplo\\\/\"},{\"@type\":\"ListItem\",\"position\":2,\"name\":\"Spanische Sprachschule in Granada\"}]},{\"@type\":\"WebSite\",\"@id\":\"https:\\\/\\\/www.inmsol.com\\\/de\\\/#website\",\"url\":\"https:\\\/\\\/www.inmsol.com\\\/de\\\/\",\"name\":\"iNMSOL\",\"description\":\"Lerne Spanisch mit uns - Cervantes akkreditiertes Lernzentrum\",\"publisher\":{\"@id\":\"https:\\\/\\\/www.inmsol.com\\\/de\\\/#organization\"},\"potentialAction\":[{\"@type\":\"SearchAction\",\"target\":{\"@type\":\"EntryPoint\",\"urlTemplate\":\"https:\\\/\\\/www.inmsol.com\\\/de\\\/?s={search_term_string}\"},\"query-input\":{\"@type\":\"PropertyValueSpecification\",\"valueRequired\":true,\"valueName\":\"search_term_string\"}}],\"inLanguage\":\"de\"},{\"@type\":\"Organization\",\"@id\":\"https:\\\/\\\/www.inmsol.com\\\/de\\\/#organization\",\"name\":\"Instituto Mediterr\u00e1neo Sol\",\"url\":\"https:\\\/\\\/www.inmsol.com\\\/de\\\/\",\"logo\":{\"@type\":\"ImageObject\",\"inLanguage\":\"de\",\"@id\":\"https:\\\/\\\/www.inmsol.com\\\/de\\\/#\\\/schema\\\/logo\\\/image\\\/\",\"url\":\"https:\\\/\\\/www.inmsol.com\\\/wp-content\\\/uploads\\\/2023\\\/06\\\/logo-inmsol-1.png\",\"contentUrl\":\"https:\\\/\\\/www.inmsol.com\\\/wp-content\\\/uploads\\\/2023\\\/06\\\/logo-inmsol-1.png\",\"width\":136,\"height\":73,\"caption\":\"Instituto Mediterr\u00e1neo Sol\"},\"image\":{\"@id\":\"https:\\\/\\\/www.inmsol.com\\\/de\\\/#\\\/schema\\\/logo\\\/image\\\/\"},\"sameAs\":[\"https:\\\/\\\/www.facebook.com\\\/spanishcourses\",\"https:\\\/\\\/x.com\\\/StudyInGranada\",\"http:\\\/\\\/instagram.com\\\/imsolgranada\",\"https:\\\/\\\/es.linkedin.com\\\/company\\\/imsol-granada\",\"https:\\\/\\\/www.pinterest.es\\\/inmsol\\\/\",\"https:\\\/\\\/www.youtube.com\\\/channel\\\/UChz-Qn_7coFMosY85iYMO4g\"]}]}<\/script>\n<!-- \/ Yoast SEO plugin. -->","yoast_head_json":{"title":"Spanische Sprachschule Granada | INMSOL","description":"Spanische Sprachschule Granada. Lernen Sie Spanisch in Spanien mit iNMSOL!","robots":{"index":"index","follow":"follow","max-snippet":"max-snippet:-1","max-image-preview":"max-image-preview:large","max-video-preview":"max-video-preview:-1"},"canonical":"https:\/\/www.inmsol.com\/de\/home\/","og_locale":"de_DE","og_type":"article","og_title":"Spanische Sprachschule Granada | INMSOL","og_description":"Spanische Sprachschule Granada. Lernen Sie Spanisch in Spanien mit iNMSOL!","og_url":"https:\/\/www.inmsol.com\/de\/home\/","og_site_name":"iNMSOL","article_publisher":"https:\/\/www.facebook.com\/spanishcourses","article_modified_time":"2015-04-20T22:31:41+00:00","og_image":[{"width":320,"height":154,"url":"https:\/\/www.inmsol.com\/wp-content\/uploads\/2019\/08\/logo-inmsol.png","type":"image\/png"}],"twitter_misc":{"Gesch\u00e4tzte Lesezeit":"1\u00a0Minute"},"schema":{"@context":"https:\/\/schema.org","@graph":[{"@type":"WebPage","@id":"https:\/\/www.inmsol.com\/de\/home\/","url":"https:\/\/www.inmsol.com\/de\/home\/","name":"Spanische Sprachschule Granada | INMSOL","isPartOf":{"@id":"https:\/\/www.inmsol.com\/de\/#website"},"datePublished":"2009-05-10T21:18:25+00:00","dateModified":"2015-04-20T22:31:41+00:00","description":"Spanische Sprachschule Granada. Lernen Sie Spanisch in Spanien mit iNMSOL!","breadcrumb":{"@id":"https:\/\/www.inmsol.com\/de\/home\/#breadcrumb"},"inLanguage":"de","potentialAction":[{"@type":"ReadAction","target":["https:\/\/www.inmsol.com\/de\/home\/"]}]},{"@type":"BreadcrumbList","@id":"https:\/\/www.inmsol.com\/de\/home\/#breadcrumb","itemListElement":[{"@type":"ListItem","position":1,"name":"Accredited Center by Instituto Cervantes","item":"https:\/\/www.inmsol.com\/de\/pagina-ejemplo\/"},{"@type":"ListItem","position":2,"name":"Spanische Sprachschule in Granada"}]},{"@type":"WebSite","@id":"https:\/\/www.inmsol.com\/de\/#website","url":"https:\/\/www.inmsol.com\/de\/","name":"iNMSOL","description":"Lerne Spanisch mit uns - Cervantes akkreditiertes Lernzentrum","publisher":{"@id":"https:\/\/www.inmsol.com\/de\/#organization"},"potentialAction":[{"@type":"SearchAction","target":{"@type":"EntryPoint","urlTemplate":"https:\/\/www.inmsol.com\/de\/?s={search_term_string}"},"query-input":{"@type":"PropertyValueSpecification","valueRequired":true,"valueName":"search_term_string"}}],"inLanguage":"de"},{"@type":"Organization","@id":"https:\/\/www.inmsol.com\/de\/#organization","name":"Instituto Mediterr\u00e1neo Sol","url":"https:\/\/www.inmsol.com\/de\/","logo":{"@type":"ImageObject","inLanguage":"de","@id":"https:\/\/www.inmsol.com\/de\/#\/schema\/logo\/image\/","url":"https:\/\/www.inmsol.com\/wp-content\/uploads\/2023\/06\/logo-inmsol-1.png","contentUrl":"https:\/\/www.inmsol.com\/wp-content\/uploads\/2023\/06\/logo-inmsol-1.png","width":136,"height":73,"caption":"Instituto Mediterr\u00e1neo Sol"},"image":{"@id":"https:\/\/www.inmsol.com\/de\/#\/schema\/logo\/image\/"},"sameAs":["https:\/\/www.facebook.com\/spanishcourses","https:\/\/x.com\/StudyInGranada","http:\/\/instagram.com\/imsolgranada","https:\/\/es.linkedin.com\/company\/imsol-granada","https:\/\/www.pinterest.es\/inmsol\/","https:\/\/www.youtube.com\/channel\/UChz-Qn_7coFMosY85iYMO4g"]}]}},"_links":{"self":[{"href":"https:\/\/www.inmsol.com\/de\/wp-json\/wp\/v2\/pages\/1485","targetHints":{"allow":["GET"]}}],"collection":[{"href":"https:\/\/www.inmsol.com\/de\/wp-json\/wp\/v2\/pages"}],"about":[{"href":"https:\/\/www.inmsol.com\/de\/wp-json\/wp\/v2\/types\/page"}],"author":[{"embeddable":true,"href":"https:\/\/www.inmsol.com\/de\/wp-json\/wp\/v2\/users\/2"}],"replies":[{"embeddable":true,"href":"https:\/\/www.inmsol.com\/de\/wp-json\/wp\/v2\/comments?post=1485"}],"version-history":[{"count":0,"href":"https:\/\/www.inmsol.com\/de\/wp-json\/wp\/v2\/pages\/1485\/revisions"}],"wp:attachment":[{"href":"https:\/\/www.inmsol.com\/de\/wp-json\/wp\/v2\/media?parent=1485"}],"curies":[{"name":"wp","href":"https:\/\/api.w.org\/{rel}","templated":true}]}}