{"id":1573,"date":"2009-08-05T03:48:22","date_gmt":"2009-08-05T03:48:22","guid":{"rendered":"https:\/\/www.inmsol.com\/"},"modified":"2023-07-05T22:10:34","modified_gmt":"2023-07-05T20:10:34","slug":"verhaltensregeln","status":"publish","type":"page","link":"https:\/\/www.inmsol.com\/de\/sprachschule-fur-spanisch-granada\/verhaltensregeln\/","title":{"rendered":"Verhaltensregeln"},"content":{"rendered":"\t\t<div data-elementor-type=\"wp-page\" data-elementor-id=\"1573\" class=\"elementor elementor-1573 elementor-1571\" data-elementor-post-type=\"page\">\n\t\t\t\t\t\t<section class=\"elementor-section elementor-top-section elementor-element elementor-element-e3289e0 elementor-section-full_width elementor-section-height-min-height elementor-section-stretched elementor-section-height-default elementor-section-items-middle parallax_section_no qode_elementor_container_no\" data-id=\"e3289e0\" data-element_type=\"section\" data-settings=\"{&quot;stretch_section&quot;:&quot;section-stretched&quot;,&quot;background_background&quot;:&quot;classic&quot;}\">\n\t\t\t\t\t\t\t<div class=\"elementor-background-overlay\"><\/div>\n\t\t\t\t\t\t\t<div class=\"elementor-container elementor-column-gap-no\">\n\t\t\t\t\t<div class=\"elementor-column elementor-col-100 elementor-top-column elementor-element elementor-element-38539dd\" data-id=\"38539dd\" data-element_type=\"column\">\n\t\t\t<div class=\"elementor-widget-wrap elementor-element-populated\">\n\t\t\t\t\t\t<section class=\"elementor-section elementor-inner-section elementor-element elementor-element-a902d6e elementor-section-boxed elementor-section-height-default elementor-section-height-default parallax_section_no qode_elementor_container_no\" data-id=\"a902d6e\" data-element_type=\"section\">\n\t\t\t\t\t\t<div class=\"elementor-container elementor-column-gap-default\">\n\t\t\t\t\t<div class=\"elementor-column elementor-col-100 elementor-inner-column elementor-element elementor-element-b6c89a4\" data-id=\"b6c89a4\" data-element_type=\"column\">\n\t\t\t<div class=\"elementor-widget-wrap elementor-element-populated\">\n\t\t\t\t\t\t\t<\/div>\n\t\t<\/div>\n\t\t\t\t\t<\/div>\n\t\t<\/section>\n\t\t\t\t\t<\/div>\n\t\t<\/div>\n\t\t\t\t\t<\/div>\n\t\t<\/section>\n\t\t\t\t<section class=\"elementor-section elementor-top-section elementor-element elementor-element-2819f2f elementor-section-boxed elementor-section-height-default elementor-section-height-default parallax_section_no qode_elementor_container_no\" data-id=\"2819f2f\" data-element_type=\"section\">\n\t\t\t\t\t\t<div class=\"elementor-container elementor-column-gap-default\">\n\t\t\t\t\t<div class=\"elementor-column elementor-col-100 elementor-top-column elementor-element elementor-element-e91b249\" data-id=\"e91b249\" data-element_type=\"column\">\n\t\t\t<div class=\"elementor-widget-wrap elementor-element-populated\">\n\t\t\t\t\t\t<div class=\"elementor-element elementor-element-5dfad13 elementor-widget elementor-widget-heading\" data-id=\"5dfad13\" data-element_type=\"widget\" data-widget_type=\"heading.default\">\n\t\t\t\t<div class=\"elementor-widget-container\">\n\t\t\t\t\t<h2 class=\"elementor-heading-title elementor-size-default\">VERHALTENSREGELN\n\n<\/h2>\t\t\t\t<\/div>\n\t\t\t\t<\/div>\n\t\t\t\t<div class=\"elementor-element elementor-element-eda8f6b elementor-widget elementor-widget-text-editor\" data-id=\"eda8f6b\" data-element_type=\"widget\" data-widget_type=\"text-editor.default\">\n\t\t\t\t<div class=\"elementor-widget-container\">\n\t\t\t\t\t\t\t\t\t<p><a href=\"https:\/\/www.inmsol.com\/de\/downloads\/brochures\/ANMELDEFORMULAR%20JUGENDLICHE.pdf\">Klicke hier<\/a>, um die Regeln\u00a0f\u00fcr Minderj\u00e4hrige herunterzuladen.<\/p>\t\t\t\t\t\t\t\t<\/div>\n\t\t\t\t<\/div>\n\t\t\t\t\t<\/div>\n\t\t<\/div>\n\t\t\t\t\t<\/div>\n\t\t<\/section>\n\t\t\t\t<section class=\"elementor-section elementor-top-section elementor-element elementor-element-5539eb8 elementor-section-boxed elementor-section-height-default elementor-section-height-default parallax_section_no qode_elementor_container_no\" data-id=\"5539eb8\" data-element_type=\"section\">\n\t\t\t\t\t\t<div class=\"elementor-container elementor-column-gap-default\">\n\t\t\t\t\t<div class=\"elementor-column elementor-col-50 elementor-top-column elementor-element elementor-element-d83913e\" data-id=\"d83913e\" data-element_type=\"column\">\n\t\t\t<div class=\"elementor-widget-wrap elementor-element-populated\">\n\t\t\t\t\t\t<div class=\"elementor-element elementor-element-fbcf12e elementor-widget elementor-widget-heading\" data-id=\"fbcf12e\" data-element_type=\"widget\" data-widget_type=\"heading.default\">\n\t\t\t\t<div class=\"elementor-widget-container\">\n\t\t\t\t\t<h3 class=\"elementor-heading-title elementor-size-default\">GESETZE<\/h3>\t\t\t\t<\/div>\n\t\t\t\t<\/div>\n\t\t\t\t<div class=\"elementor-element elementor-element-81d4f94 elementor-widget elementor-widget-text-editor\" data-id=\"81d4f94\" data-element_type=\"widget\" data-widget_type=\"text-editor.default\">\n\t\t\t\t<div class=\"elementor-widget-container\">\n\t\t\t\t\t\t\t\t\t<ul><li>Der Sch\u00fcler hat die Gesetze und Vorschriften des Ziellandes und \u2013ortes zu akzeptieren und zu erf\u00fcllen und sich so weit wie m\u00f6glich den Gewohnheiten anzupassen.<\/li><li>Nach der spanischen Gesetzgebung ist der Konsum alkoholischer Getr\u00e4nke \u00a0von Jugendlichen unter 18 Jahren und der Drogenkonsum im Allgemeinen verboten. Ein Versto\u00df gegen diese Gesetzgebung bedeutet den unverz\u00fcglichen Ausschluss aus dem Kursprogramm f\u00fcr Jugendliche und die die R\u00fcckf\u00fchrung ins Herkunftsland.<\/li><\/ul>\t\t\t\t\t\t\t\t<\/div>\n\t\t\t\t<\/div>\n\t\t\t\t\t<\/div>\n\t\t<\/div>\n\t\t\t\t<div class=\"elementor-column elementor-col-50 elementor-top-column elementor-element elementor-element-faa6ad0\" data-id=\"faa6ad0\" data-element_type=\"column\">\n\t\t\t<div class=\"elementor-widget-wrap elementor-element-populated\">\n\t\t\t\t\t\t<div class=\"elementor-element elementor-element-1ad51ec elementor-widget elementor-widget-heading\" data-id=\"1ad51ec\" data-element_type=\"widget\" data-widget_type=\"heading.default\">\n\t\t\t\t<div class=\"elementor-widget-container\">\n\t\t\t\t\t<h3 class=\"elementor-heading-title elementor-size-default\">IN DER FAMILIE\n\n<\/h3>\t\t\t\t<\/div>\n\t\t\t\t<\/div>\n\t\t\t\t<div class=\"elementor-element elementor-element-1c8a13f elementor-widget elementor-widget-text-editor\" data-id=\"1c8a13f\" data-element_type=\"widget\" data-widget_type=\"text-editor.default\">\n\t\t\t\t<div class=\"elementor-widget-container\">\n\t\t\t\t\t\t\t\t\t<ul><li>In Familien werden nur Sch\u00fcler aufgenommen, die die \u00fcblichen innerhalb einer Familie geltenden Verhaltensregeln, zu deren Erf\u00fcllung sie verpflichtet sind, respektieren.<\/li><li>Die Teilnehmer haben sich in der Familie vorbildlich zu verhalten.<\/li><li>Der Sch\u00fcler respektiert die Gewohn- und Gepflogenheiten der ihn aufnehmenden Familie und richtet sich nach den von der Schule aufgestellten Essens- und n\u00e4chtlichen Ankunftszeiten. Gegen diese Regeln darf auf keinen Fall versto\u00dfen werden, es sei denn, es handelt sich um eine Aktivit\u00e4t der Schule, \u00fcber die im Voraus informiert wurde.<\/li><li>Jugendliche habe nachts auch am Wochenende sp\u00e4testens um 24:00 Uhr zu Hause zu sein.<\/li><li>Sollte sich der Sch\u00fcler aus irgendeinem Grund versp\u00e4ten, hat er die Familie zu benachrichtigen und sich zu rechtfertigen.<\/li><\/ul>\t\t\t\t\t\t\t\t<\/div>\n\t\t\t\t<\/div>\n\t\t\t\t\t<\/div>\n\t\t<\/div>\n\t\t\t\t\t<\/div>\n\t\t<\/section>\n\t\t\t\t<section class=\"elementor-section elementor-top-section elementor-element elementor-element-9bff300 elementor-section-boxed elementor-section-height-default elementor-section-height-default parallax_section_no qode_elementor_container_no\" data-id=\"9bff300\" data-element_type=\"section\">\n\t\t\t\t\t\t<div class=\"elementor-container elementor-column-gap-default\">\n\t\t\t\t\t<div class=\"elementor-column elementor-col-50 elementor-top-column elementor-element elementor-element-227ac2d\" data-id=\"227ac2d\" data-element_type=\"column\">\n\t\t\t<div class=\"elementor-widget-wrap elementor-element-populated\">\n\t\t\t\t\t\t<div class=\"elementor-element elementor-element-89f91c6 elementor-widget elementor-widget-heading\" data-id=\"89f91c6\" data-element_type=\"widget\" data-widget_type=\"heading.default\">\n\t\t\t\t<div class=\"elementor-widget-container\">\n\t\t\t\t\t<h3 class=\"elementor-heading-title elementor-size-default\">IN DER SCHULE<\/h3>\t\t\t\t<\/div>\n\t\t\t\t<\/div>\n\t\t\t\t<div class=\"elementor-element elementor-element-225b9b1 elementor-widget elementor-widget-text-editor\" data-id=\"225b9b1\" data-element_type=\"widget\" data-widget_type=\"text-editor.default\">\n\t\t\t\t<div class=\"elementor-widget-container\">\n\t\t\t\t\t\t\t\t\t<ul><li>Die Teilnehmer haben sich nach den Unterrichtszeiten und den Zeiten der von der Schule organisierten Aktivit\u00e4ten zu richten.<\/li><li>Sie haben p\u00fcnktlich und ordentlich gekleidet zu erscheinen.<\/li><li>Die Teilnehmer haben das Grundmaterial (Heft und Kugelschreiber) in die Schule mitzubringen und das von der Schule zur Verf\u00fcgung gestellte Material zu respektieren.<\/li><\/ul>\t\t\t\t\t\t\t\t<\/div>\n\t\t\t\t<\/div>\n\t\t\t\t\t<\/div>\n\t\t<\/div>\n\t\t\t\t<div class=\"elementor-column elementor-col-50 elementor-top-column elementor-element elementor-element-003fe95\" data-id=\"003fe95\" data-element_type=\"column\">\n\t\t\t<div class=\"elementor-widget-wrap elementor-element-populated\">\n\t\t\t\t\t\t<div class=\"elementor-element elementor-element-01cf684 elementor-widget elementor-widget-heading\" data-id=\"01cf684\" data-element_type=\"widget\" data-widget_type=\"heading.default\">\n\t\t\t\t<div class=\"elementor-widget-container\">\n\t\t\t\t\t<h3 class=\"elementor-heading-title elementor-size-default\">iNMSOL<\/h3>\t\t\t\t<\/div>\n\t\t\t\t<\/div>\n\t\t\t\t<div class=\"elementor-element elementor-element-1c74e63 elementor-widget elementor-widget-text-editor\" data-id=\"1c74e63\" data-element_type=\"widget\" data-widget_type=\"text-editor.default\">\n\t\t\t\t<div class=\"elementor-widget-container\">\n\t\t\t\t\t\t\t\t\t<ul><li>iNMSOL ist nicht f\u00fcr Verhaltensweisen verantwortlich zu machen, die gegen die dargestellten Vorschriften oder die g\u00fcltigen Gesetze Spaniens, der Autonomen Region oder des jeweiligen Aufenthaltsorts versto\u00dfen.<\/li><li>Bei einem Versto\u00df gegen diese Pflichten ist iNMSOL erm\u00e4chtigt, den Sch\u00fcler aus dem Programm auszuschlie\u00dfen und nach Hause zu schicken, wobei die dadurch entstandenen Kosten vom Teilnehmer, seinen Eltern oder dem Vormund zu tragen sind.<\/li><li>Durch den Ausschluss eines Teilnehmers verliert er jegliches Recht auf R\u00fcckerstattungen.<\/li><\/ul>\t\t\t\t\t\t\t\t<\/div>\n\t\t\t\t<\/div>\n\t\t\t\t\t<\/div>\n\t\t<\/div>\n\t\t\t\t\t<\/div>\n\t\t<\/section>\n\t\t\t\t<section class=\"elementor-section elementor-top-section elementor-element elementor-element-7df11f9 elementor-section-boxed elementor-section-height-default elementor-section-height-default parallax_section_no qode_elementor_container_no\" data-id=\"7df11f9\" data-element_type=\"section\">\n\t\t\t\t\t\t<div class=\"elementor-container elementor-column-gap-default\">\n\t\t\t\t\t<div class=\"elementor-column elementor-col-100 elementor-top-column elementor-element elementor-element-5e7f467\" data-id=\"5e7f467\" data-element_type=\"column\">\n\t\t\t<div class=\"elementor-widget-wrap elementor-element-populated\">\n\t\t\t\t\t\t<div class=\"elementor-element elementor-element-f80d53b elementor-widget elementor-widget-heading\" data-id=\"f80d53b\" data-element_type=\"widget\" data-widget_type=\"heading.default\">\n\t\t\t\t<div class=\"elementor-widget-container\">\n\t\t\t\t\t<h3 class=\"elementor-heading-title elementor-size-default\">HAFTBARKEIT VON iNMSOL\n\n<\/h3>\t\t\t\t<\/div>\n\t\t\t\t<\/div>\n\t\t\t\t<div class=\"elementor-element elementor-element-9500dc6 elementor-widget elementor-widget-text-editor\" data-id=\"9500dc6\" data-element_type=\"widget\" data-widget_type=\"text-editor.default\">\n\t\t\t\t<div class=\"elementor-widget-container\">\n\t\t\t\t\t\t\t\t\t<ul><li>iNMSOL \u00fcbernimmt in folgenden F\u00e4llen die Haftbarkeit f\u00fcr den Sch\u00fcler:<\/li><li style=\"list-style-type: none;\"><ul><li style=\"list-style-type: none;\"><ul><li>W\u00e4hrend den Unterrichtszeiten und den Zeiten in der Schule.<\/li><li>W\u00e4hrend den von der Schule organisierten Aktivit\u00e4ten.<\/li><li>W\u00e4hrend den Essenszeiten und des Aufenthalts in der Familie.<\/li><li>W\u00e4hrend den von der Schule organisierten Ausfl\u00fcgen.<\/li><\/ul><\/li><li>iNMSOL \u00fcbernimmt KEINE Haftung f\u00fcr den oder die zus\u00e4tzlichen Kurse, in die sich der Sch\u00fcler einschreibt, und auch nicht f\u00fcr die Programmgestaltung, Kurszeiten oder sich aus den Kursen ergebenen Aktivit\u00e4ten. Diesbez\u00fcglich ist allein der Kursveranstalter f\u00fcr den Teilnehmer verantwortlich.<\/li><\/ul><\/li><\/ul>\t\t\t\t\t\t\t\t<\/div>\n\t\t\t\t<\/div>\n\t\t\t\t\t<\/div>\n\t\t<\/div>\n\t\t\t\t\t<\/div>\n\t\t<\/section>\n\t\t\t\t<\/div>\n\t\t","protected":false},"excerpt":{"rendered":"<p>VERHALTENSREGELN Klicke hier, um die Regeln\u00a0f\u00fcr Minderj\u00e4hrige herunterzuladen. GESETZE Der Sch\u00fcler hat die Gesetze und Vorschriften des Ziellandes und \u2013ortes zu akzeptieren und zu erf\u00fcllen und sich so weit wie m\u00f6glich den Gewohnheiten anzupassen. Nach der spanischen Gesetzgebung ist der Konsum alkoholischer Getr\u00e4nke \u00a0von Jugendlichen&#8230;<\/p>\n","protected":false},"author":2,"featured_media":0,"parent":1402,"menu_order":0,"comment_status":"closed","ping_status":"closed","template":"","meta":{"_acf_changed":false,"footnotes":""},"class_list":["post-1573","page","type-page","status-publish","hentry"],"acf":[],"yoast_head":"<!-- This site is optimized with the Yoast SEO plugin v27.4 - https:\/\/yoast.com\/product\/yoast-seo-wordpress\/ -->\n<title>Verhaltensregeln | iNMSOL<\/title>\n<meta name=\"description\" content=\"Die Studierenden sind verpflichtet sich an gewisse Verhaltensregeln zu halten. Diese Regeln gelten in der Schule, in der Stadt, in der Unterkunft, usw.\" \/>\n<meta name=\"robots\" content=\"index, follow, max-snippet:-1, max-image-preview:large, max-video-preview:-1\" \/>\n<link rel=\"canonical\" href=\"https:\/\/www.inmsol.com\/de\/sprachschule-fur-spanisch-granada\/verhaltensregeln\/\" \/>\n<meta property=\"og:locale\" content=\"de_DE\" \/>\n<meta property=\"og:type\" content=\"article\" \/>\n<meta property=\"og:title\" content=\"Verhaltensregeln | iNMSOL\" \/>\n<meta property=\"og:description\" content=\"Die Studierenden sind verpflichtet sich an gewisse Verhaltensregeln zu halten. Diese Regeln gelten in der Schule, in der Stadt, in der Unterkunft, usw.\" \/>\n<meta property=\"og:url\" content=\"https:\/\/www.inmsol.com\/de\/sprachschule-fur-spanisch-granada\/verhaltensregeln\/\" \/>\n<meta property=\"og:site_name\" content=\"iNMSOL\" \/>\n<meta property=\"article:publisher\" content=\"https:\/\/www.facebook.com\/spanishcourses\" \/>\n<meta property=\"article:modified_time\" content=\"2023-07-05T20:10:34+00:00\" \/>\n<meta property=\"og:image\" content=\"https:\/\/www.inmsol.com\/wp-content\/uploads\/2019\/08\/logo-inmsol.png\" \/>\n\t<meta property=\"og:image:width\" content=\"320\" \/>\n\t<meta property=\"og:image:height\" content=\"154\" \/>\n\t<meta property=\"og:image:type\" content=\"image\/png\" \/>\n<meta name=\"twitter:label1\" content=\"Gesch\u00e4tzte Lesezeit\" \/>\n\t<meta name=\"twitter:data1\" content=\"2\u00a0Minuten\" \/>\n<script type=\"application\/ld+json\" class=\"yoast-schema-graph\">{\"@context\":\"https:\\\/\\\/schema.org\",\"@graph\":[{\"@type\":\"WebPage\",\"@id\":\"https:\\\/\\\/www.inmsol.com\\\/de\\\/sprachschule-fur-spanisch-granada\\\/verhaltensregeln\\\/\",\"url\":\"https:\\\/\\\/www.inmsol.com\\\/de\\\/sprachschule-fur-spanisch-granada\\\/verhaltensregeln\\\/\",\"name\":\"Verhaltensregeln | iNMSOL\",\"isPartOf\":{\"@id\":\"https:\\\/\\\/www.inmsol.com\\\/de\\\/#website\"},\"datePublished\":\"2009-08-05T03:48:22+00:00\",\"dateModified\":\"2023-07-05T20:10:34+00:00\",\"description\":\"Die Studierenden sind verpflichtet sich an gewisse Verhaltensregeln zu halten. Diese Regeln gelten in der Schule, in der Stadt, in der Unterkunft, usw.\",\"breadcrumb\":{\"@id\":\"https:\\\/\\\/www.inmsol.com\\\/de\\\/sprachschule-fur-spanisch-granada\\\/verhaltensregeln\\\/#breadcrumb\"},\"inLanguage\":\"de\",\"potentialAction\":[{\"@type\":\"ReadAction\",\"target\":[\"https:\\\/\\\/www.inmsol.com\\\/de\\\/sprachschule-fur-spanisch-granada\\\/verhaltensregeln\\\/\"]}]},{\"@type\":\"BreadcrumbList\",\"@id\":\"https:\\\/\\\/www.inmsol.com\\\/de\\\/sprachschule-fur-spanisch-granada\\\/verhaltensregeln\\\/#breadcrumb\",\"itemListElement\":[{\"@type\":\"ListItem\",\"position\":1,\"name\":\"Accredited Center by Instituto Cervantes\",\"item\":\"https:\\\/\\\/www.inmsol.com\\\/de\\\/pagina-ejemplo\\\/\"},{\"@type\":\"ListItem\",\"position\":2,\"name\":\"Sprachschule iNMSOL f\u00fcr Spanisch in Granada\",\"item\":\"https:\\\/\\\/www.inmsol.com\\\/de\\\/sprachschule-fur-spanisch-granada\\\/\"},{\"@type\":\"ListItem\",\"position\":3,\"name\":\"Verhaltensregeln\"}]},{\"@type\":\"WebSite\",\"@id\":\"https:\\\/\\\/www.inmsol.com\\\/de\\\/#website\",\"url\":\"https:\\\/\\\/www.inmsol.com\\\/de\\\/\",\"name\":\"iNMSOL\",\"description\":\"Lerne Spanisch mit uns - Cervantes akkreditiertes Lernzentrum\",\"publisher\":{\"@id\":\"https:\\\/\\\/www.inmsol.com\\\/de\\\/#organization\"},\"potentialAction\":[{\"@type\":\"SearchAction\",\"target\":{\"@type\":\"EntryPoint\",\"urlTemplate\":\"https:\\\/\\\/www.inmsol.com\\\/de\\\/?s={search_term_string}\"},\"query-input\":{\"@type\":\"PropertyValueSpecification\",\"valueRequired\":true,\"valueName\":\"search_term_string\"}}],\"inLanguage\":\"de\"},{\"@type\":\"Organization\",\"@id\":\"https:\\\/\\\/www.inmsol.com\\\/de\\\/#organization\",\"name\":\"Instituto Mediterr\u00e1neo Sol\",\"url\":\"https:\\\/\\\/www.inmsol.com\\\/de\\\/\",\"logo\":{\"@type\":\"ImageObject\",\"inLanguage\":\"de\",\"@id\":\"https:\\\/\\\/www.inmsol.com\\\/de\\\/#\\\/schema\\\/logo\\\/image\\\/\",\"url\":\"https:\\\/\\\/www.inmsol.com\\\/wp-content\\\/uploads\\\/2023\\\/06\\\/logo-inmsol-1.png\",\"contentUrl\":\"https:\\\/\\\/www.inmsol.com\\\/wp-content\\\/uploads\\\/2023\\\/06\\\/logo-inmsol-1.png\",\"width\":136,\"height\":73,\"caption\":\"Instituto Mediterr\u00e1neo Sol\"},\"image\":{\"@id\":\"https:\\\/\\\/www.inmsol.com\\\/de\\\/#\\\/schema\\\/logo\\\/image\\\/\"},\"sameAs\":[\"https:\\\/\\\/www.facebook.com\\\/spanishcourses\",\"https:\\\/\\\/x.com\\\/StudyInGranada\",\"http:\\\/\\\/instagram.com\\\/imsolgranada\",\"https:\\\/\\\/es.linkedin.com\\\/company\\\/imsol-granada\",\"https:\\\/\\\/www.pinterest.es\\\/inmsol\\\/\",\"https:\\\/\\\/www.youtube.com\\\/channel\\\/UChz-Qn_7coFMosY85iYMO4g\"]}]}<\/script>\n<!-- \/ Yoast SEO plugin. -->","yoast_head_json":{"title":"Verhaltensregeln | iNMSOL","description":"Die Studierenden sind verpflichtet sich an gewisse Verhaltensregeln zu halten. Diese Regeln gelten in der Schule, in der Stadt, in der Unterkunft, usw.","robots":{"index":"index","follow":"follow","max-snippet":"max-snippet:-1","max-image-preview":"max-image-preview:large","max-video-preview":"max-video-preview:-1"},"canonical":"https:\/\/www.inmsol.com\/de\/sprachschule-fur-spanisch-granada\/verhaltensregeln\/","og_locale":"de_DE","og_type":"article","og_title":"Verhaltensregeln | iNMSOL","og_description":"Die Studierenden sind verpflichtet sich an gewisse Verhaltensregeln zu halten. Diese Regeln gelten in der Schule, in der Stadt, in der Unterkunft, usw.","og_url":"https:\/\/www.inmsol.com\/de\/sprachschule-fur-spanisch-granada\/verhaltensregeln\/","og_site_name":"iNMSOL","article_publisher":"https:\/\/www.facebook.com\/spanishcourses","article_modified_time":"2023-07-05T20:10:34+00:00","og_image":[{"width":320,"height":154,"url":"https:\/\/www.inmsol.com\/wp-content\/uploads\/2019\/08\/logo-inmsol.png","type":"image\/png"}],"twitter_misc":{"Gesch\u00e4tzte Lesezeit":"2\u00a0Minuten"},"schema":{"@context":"https:\/\/schema.org","@graph":[{"@type":"WebPage","@id":"https:\/\/www.inmsol.com\/de\/sprachschule-fur-spanisch-granada\/verhaltensregeln\/","url":"https:\/\/www.inmsol.com\/de\/sprachschule-fur-spanisch-granada\/verhaltensregeln\/","name":"Verhaltensregeln | iNMSOL","isPartOf":{"@id":"https:\/\/www.inmsol.com\/de\/#website"},"datePublished":"2009-08-05T03:48:22+00:00","dateModified":"2023-07-05T20:10:34+00:00","description":"Die Studierenden sind verpflichtet sich an gewisse Verhaltensregeln zu halten. Diese Regeln gelten in der Schule, in der Stadt, in der Unterkunft, usw.","breadcrumb":{"@id":"https:\/\/www.inmsol.com\/de\/sprachschule-fur-spanisch-granada\/verhaltensregeln\/#breadcrumb"},"inLanguage":"de","potentialAction":[{"@type":"ReadAction","target":["https:\/\/www.inmsol.com\/de\/sprachschule-fur-spanisch-granada\/verhaltensregeln\/"]}]},{"@type":"BreadcrumbList","@id":"https:\/\/www.inmsol.com\/de\/sprachschule-fur-spanisch-granada\/verhaltensregeln\/#breadcrumb","itemListElement":[{"@type":"ListItem","position":1,"name":"Accredited Center by Instituto Cervantes","item":"https:\/\/www.inmsol.com\/de\/pagina-ejemplo\/"},{"@type":"ListItem","position":2,"name":"Sprachschule iNMSOL f\u00fcr Spanisch in Granada","item":"https:\/\/www.inmsol.com\/de\/sprachschule-fur-spanisch-granada\/"},{"@type":"ListItem","position":3,"name":"Verhaltensregeln"}]},{"@type":"WebSite","@id":"https:\/\/www.inmsol.com\/de\/#website","url":"https:\/\/www.inmsol.com\/de\/","name":"iNMSOL","description":"Lerne Spanisch mit uns - Cervantes akkreditiertes Lernzentrum","publisher":{"@id":"https:\/\/www.inmsol.com\/de\/#organization"},"potentialAction":[{"@type":"SearchAction","target":{"@type":"EntryPoint","urlTemplate":"https:\/\/www.inmsol.com\/de\/?s={search_term_string}"},"query-input":{"@type":"PropertyValueSpecification","valueRequired":true,"valueName":"search_term_string"}}],"inLanguage":"de"},{"@type":"Organization","@id":"https:\/\/www.inmsol.com\/de\/#organization","name":"Instituto Mediterr\u00e1neo Sol","url":"https:\/\/www.inmsol.com\/de\/","logo":{"@type":"ImageObject","inLanguage":"de","@id":"https:\/\/www.inmsol.com\/de\/#\/schema\/logo\/image\/","url":"https:\/\/www.inmsol.com\/wp-content\/uploads\/2023\/06\/logo-inmsol-1.png","contentUrl":"https:\/\/www.inmsol.com\/wp-content\/uploads\/2023\/06\/logo-inmsol-1.png","width":136,"height":73,"caption":"Instituto Mediterr\u00e1neo Sol"},"image":{"@id":"https:\/\/www.inmsol.com\/de\/#\/schema\/logo\/image\/"},"sameAs":["https:\/\/www.facebook.com\/spanishcourses","https:\/\/x.com\/StudyInGranada","http:\/\/instagram.com\/imsolgranada","https:\/\/es.linkedin.com\/company\/imsol-granada","https:\/\/www.pinterest.es\/inmsol\/","https:\/\/www.youtube.com\/channel\/UChz-Qn_7coFMosY85iYMO4g"]}]}},"_links":{"self":[{"href":"https:\/\/www.inmsol.com\/de\/wp-json\/wp\/v2\/pages\/1573","targetHints":{"allow":["GET"]}}],"collection":[{"href":"https:\/\/www.inmsol.com\/de\/wp-json\/wp\/v2\/pages"}],"about":[{"href":"https:\/\/www.inmsol.com\/de\/wp-json\/wp\/v2\/types\/page"}],"author":[{"embeddable":true,"href":"https:\/\/www.inmsol.com\/de\/wp-json\/wp\/v2\/users\/2"}],"replies":[{"embeddable":true,"href":"https:\/\/www.inmsol.com\/de\/wp-json\/wp\/v2\/comments?post=1573"}],"version-history":[{"count":0,"href":"https:\/\/www.inmsol.com\/de\/wp-json\/wp\/v2\/pages\/1573\/revisions"}],"up":[{"embeddable":true,"href":"https:\/\/www.inmsol.com\/de\/wp-json\/wp\/v2\/pages\/1402"}],"wp:attachment":[{"href":"https:\/\/www.inmsol.com\/de\/wp-json\/wp\/v2\/media?parent=1573"}],"curies":[{"name":"wp","href":"https:\/\/api.w.org\/{rel}","templated":true}]}}