{"id":1780,"date":"2011-08-04T12:25:44","date_gmt":"2011-08-04T12:25:44","guid":{"rendered":"https:\/\/www.inmsol.com\/"},"modified":"2020-11-23T09:59:49","modified_gmt":"2020-11-23T08:59:49","slug":"stipendium-fortbildungskurs-fur-spanischlehrer","status":"publish","type":"page","link":"https:\/\/www.inmsol.com\/de\/stipendium-fortbildungskurs-fur-spanischlehrer\/","title":{"rendered":"Stipendium &#8211; Fortbildungskurs f\u00fcr Spanischlehrer"},"content":{"rendered":"<p><a href=\"https:\/\/ec.europa.eu\/programmes\/erasmus-plus\/about_en\" target=\"_blank\" rel=\"noopener noreferrer\"><strong>Erasmus +<\/strong><\/a> ist die neue EU Programm von Erziehung, Ausbildung, Jugend\u00a0und\u00a0\u00a0Sport<strong> f\u00fcr die Zeit von 2014 bis 2020<\/strong>.Dieses Programm kombiniert alle sieben Programme (einschlie\u00dflich Comenius und Grundtvig) von 2007 bis 2013,\u00a0die Programme, dass zu \u00a0das Programm &#8222;Lebensbegleitendes Lernen&#8220; geh\u00f6rten, das Programm &#8222;Jugend in Aktion&#8220; \u00a0und f\u00fcnf internationale Kooperationsprogramme.<\/p>\n<p>Dieses neue Programm wird sich auf \u00a0die Bereiche konzentrieren:<\/p>\n<ul>\n<li>Erziehun, Ausbildung und Jugend<\/li>\n<li>Sport<\/li>\n<\/ul>\n<p>Die folgende L\u00e4nder k\u00f6nnen in alle Bereiche von Erasmus + Programme teilnehmen: \u00a0alle Mitgliedsstaaten der Europ\u00e4ischen Union und auch die ehemaliges Jugoslawien, der Republik Mazedonien, Island, Liechtenstein, Norwegen, Schweiz, T\u00fcrkei und Ungarn.<\/p>\n<p>Andere Staaten k\u00f6nnen sich in bestimmte Aktionen\u00a0beteiligen, \u00a0in Abh\u00e4ngigkeit von den Kriterien oder den Konditionen.<\/p>\n<p><strong>Sie k\u00f6nnen \u00a0<a href=\"https:\/\/www.inmsol.com\/downloads\/brochures\/erasmus-plus-programme-guide_en.pdf\">HERE<\/a>\u00a0das spezifische Programm finden.\u00a0<\/strong><\/p>\n<p><strong>Seit 2010 iNMSOL \u00a0hat ein <b class=\"b3\">Lehrerausbildungskurs\u00a0f\u00fcr Nicht-Muttersprachler<\/b>\u00a0Comenius und Grundtvig Lehrer mit viele<strong>\u00a0<\/strong>Teilnehmerinnen von verschiedene europ\u00e4ische L\u00e4nder\u00a0geboten\u00a0<\/strong>. Dieser Kurs ist speziell f\u00fcr Lehrer im Bereich der Jugend und Erwachsene und es kann f\u00fcr die europ\u00e4ischen Schl\u00fcsselsaktion-Stipendium qualifizieren. Sie k\u00f6nnen <strong><a href=\"https:\/\/www.inmsol.com\/downloads\/brochures\/FormaciondeProfesoresERASMUSplusEN.pdf\">HERE<\/a>\u00a0 die Inhalte von dem Kurs finden.<\/strong><\/p>\n<p class=\"rtecenter\"><span style=\"text-decoration: underline;\"><strong>ERINNERN SIE, DASS UNSERE PIC NUMMER (PARTICIPANT IDENTIFICATION CODE) 946526292 IST.<\/strong><\/span><\/p>\n<p class=\"rtecenter\"><span style=\"text-decoration: underline;\"><strong>Mit diesem Programm k\u00f6nnen Sie nur durh die Institution oder die Schule, die Sie arbeiten, anmelden.<\/strong><\/span>\u00a0Also, m\u00fcssen Sie Ihnen baldm\u00f6glichst kontaktieren!<\/p>\n<p>&nbsp;<\/p>\n","protected":false},"excerpt":{"rendered":"<p>Erasmus + ist die neue EU Programm von Erziehung, Ausbildung, Jugend\u00a0und\u00a0\u00a0Sport f\u00fcr die Zeit von 2014 bis 2020.Dieses Programm kombiniert alle sieben Programme (einschlie\u00dflich Comenius und Grundtvig) von 2007 bis 2013,\u00a0die Programme, dass zu \u00a0das Programm &#8222;Lebensbegleitendes Lernen&#8220; geh\u00f6rten, das Programm &#8222;Jugend in Aktion&#8220; \u00a0und&#8230;<\/p>\n","protected":false},"author":2,"featured_media":8324,"parent":0,"menu_order":0,"comment_status":"closed","ping_status":"closed","template":"","meta":{"_acf_changed":false,"footnotes":""},"class_list":["post-1780","page","type-page","status-publish","has-post-thumbnail","hentry"],"acf":[],"yoast_head":"<!-- This site is optimized with the Yoast SEO plugin v27.5 - https:\/\/yoast.com\/product\/yoast-seo-wordpress\/ -->\n<title>Fortbildungskurs f\u00fcr Spanischlehrer | INMSOL<\/title>\n<meta name=\"description\" content=\"Instituto Mediterr\u00e1neo Sol bietet Kurse f\u00fcr die Lehrerbildung an, die von der Europ\u00e4ischen Kommission durch ein Erasmus +-Stipendium gef\u00f6rdert werden.\" \/>\n<meta name=\"robots\" content=\"index, follow, max-snippet:-1, max-image-preview:large, max-video-preview:-1\" \/>\n<link rel=\"canonical\" href=\"https:\/\/www.inmsol.com\/de\/stipendium-fortbildungskurs-fur-spanischlehrer\/\" \/>\n<meta property=\"og:locale\" content=\"de_DE\" \/>\n<meta property=\"og:type\" content=\"article\" \/>\n<meta property=\"og:title\" content=\"Fortbildungskurs f\u00fcr Spanischlehrer | INMSOL\" \/>\n<meta property=\"og:description\" content=\"Instituto Mediterr\u00e1neo Sol bietet Kurse f\u00fcr die Lehrerbildung an, die von der Europ\u00e4ischen Kommission durch ein Erasmus +-Stipendium gef\u00f6rdert werden.\" \/>\n<meta property=\"og:url\" content=\"https:\/\/www.inmsol.com\/de\/stipendium-fortbildungskurs-fur-spanischlehrer\/\" \/>\n<meta property=\"og:site_name\" content=\"iNMSOL\" \/>\n<meta property=\"article:publisher\" content=\"https:\/\/www.facebook.com\/spanishcourses\" \/>\n<meta property=\"article:modified_time\" content=\"2020-11-23T08:59:49+00:00\" \/>\n<meta property=\"og:image\" content=\"https:\/\/www.inmsol.com\/wp-content\/uploads\/2011\/04\/erasmus-plus-logo.jpg\" \/>\n\t<meta property=\"og:image:width\" content=\"1024\" \/>\n\t<meta property=\"og:image:height\" content=\"728\" \/>\n\t<meta property=\"og:image:type\" content=\"image\/jpeg\" \/>\n<meta name=\"twitter:label1\" content=\"Gesch\u00e4tzte Lesezeit\" \/>\n\t<meta name=\"twitter:data1\" content=\"1\u00a0Minute\" \/>\n<script type=\"application\/ld+json\" class=\"yoast-schema-graph\">{\"@context\":\"https:\\\/\\\/schema.org\",\"@graph\":[{\"@type\":\"WebPage\",\"@id\":\"https:\\\/\\\/www.inmsol.com\\\/de\\\/stipendium-fortbildungskurs-fur-spanischlehrer\\\/\",\"url\":\"https:\\\/\\\/www.inmsol.com\\\/de\\\/stipendium-fortbildungskurs-fur-spanischlehrer\\\/\",\"name\":\"Fortbildungskurs f\u00fcr Spanischlehrer | INMSOL\",\"isPartOf\":{\"@id\":\"https:\\\/\\\/www.inmsol.com\\\/de\\\/#website\"},\"primaryImageOfPage\":{\"@id\":\"https:\\\/\\\/www.inmsol.com\\\/de\\\/stipendium-fortbildungskurs-fur-spanischlehrer\\\/#primaryimage\"},\"image\":{\"@id\":\"https:\\\/\\\/www.inmsol.com\\\/de\\\/stipendium-fortbildungskurs-fur-spanischlehrer\\\/#primaryimage\"},\"thumbnailUrl\":\"https:\\\/\\\/www.inmsol.com\\\/wp-content\\\/uploads\\\/2011\\\/04\\\/erasmus-plus-logo.jpg\",\"datePublished\":\"2011-08-04T12:25:44+00:00\",\"dateModified\":\"2020-11-23T08:59:49+00:00\",\"description\":\"Instituto Mediterr\u00e1neo Sol bietet Kurse f\u00fcr die Lehrerbildung an, die von der Europ\u00e4ischen Kommission durch ein Erasmus +-Stipendium gef\u00f6rdert werden.\",\"breadcrumb\":{\"@id\":\"https:\\\/\\\/www.inmsol.com\\\/de\\\/stipendium-fortbildungskurs-fur-spanischlehrer\\\/#breadcrumb\"},\"inLanguage\":\"de\",\"potentialAction\":[{\"@type\":\"ReadAction\",\"target\":[\"https:\\\/\\\/www.inmsol.com\\\/de\\\/stipendium-fortbildungskurs-fur-spanischlehrer\\\/\"]}]},{\"@type\":\"ImageObject\",\"inLanguage\":\"de\",\"@id\":\"https:\\\/\\\/www.inmsol.com\\\/de\\\/stipendium-fortbildungskurs-fur-spanischlehrer\\\/#primaryimage\",\"url\":\"https:\\\/\\\/www.inmsol.com\\\/wp-content\\\/uploads\\\/2011\\\/04\\\/erasmus-plus-logo.jpg\",\"contentUrl\":\"https:\\\/\\\/www.inmsol.com\\\/wp-content\\\/uploads\\\/2011\\\/04\\\/erasmus-plus-logo.jpg\",\"width\":1024,\"height\":728,\"caption\":\"Erasmus plus logo\"},{\"@type\":\"BreadcrumbList\",\"@id\":\"https:\\\/\\\/www.inmsol.com\\\/de\\\/stipendium-fortbildungskurs-fur-spanischlehrer\\\/#breadcrumb\",\"itemListElement\":[{\"@type\":\"ListItem\",\"position\":1,\"name\":\"Accredited Center by Instituto Cervantes\",\"item\":\"https:\\\/\\\/www.inmsol.com\\\/de\\\/pagina-ejemplo\\\/\"},{\"@type\":\"ListItem\",\"position\":2,\"name\":\"Stipendium &#8211; Fortbildungskurs f\u00fcr Spanischlehrer\"}]},{\"@type\":\"WebSite\",\"@id\":\"https:\\\/\\\/www.inmsol.com\\\/de\\\/#website\",\"url\":\"https:\\\/\\\/www.inmsol.com\\\/de\\\/\",\"name\":\"iNMSOL\",\"description\":\"Lerne Spanisch mit uns - Cervantes akkreditiertes Lernzentrum\",\"publisher\":{\"@id\":\"https:\\\/\\\/www.inmsol.com\\\/de\\\/#organization\"},\"potentialAction\":[{\"@type\":\"SearchAction\",\"target\":{\"@type\":\"EntryPoint\",\"urlTemplate\":\"https:\\\/\\\/www.inmsol.com\\\/de\\\/?s={search_term_string}\"},\"query-input\":{\"@type\":\"PropertyValueSpecification\",\"valueRequired\":true,\"valueName\":\"search_term_string\"}}],\"inLanguage\":\"de\"},{\"@type\":\"Organization\",\"@id\":\"https:\\\/\\\/www.inmsol.com\\\/de\\\/#organization\",\"name\":\"Instituto Mediterr\u00e1neo Sol\",\"url\":\"https:\\\/\\\/www.inmsol.com\\\/de\\\/\",\"logo\":{\"@type\":\"ImageObject\",\"inLanguage\":\"de\",\"@id\":\"https:\\\/\\\/www.inmsol.com\\\/de\\\/#\\\/schema\\\/logo\\\/image\\\/\",\"url\":\"https:\\\/\\\/www.inmsol.com\\\/wp-content\\\/uploads\\\/2023\\\/06\\\/logo-inmsol-1.png\",\"contentUrl\":\"https:\\\/\\\/www.inmsol.com\\\/wp-content\\\/uploads\\\/2023\\\/06\\\/logo-inmsol-1.png\",\"width\":136,\"height\":73,\"caption\":\"Instituto Mediterr\u00e1neo Sol\"},\"image\":{\"@id\":\"https:\\\/\\\/www.inmsol.com\\\/de\\\/#\\\/schema\\\/logo\\\/image\\\/\"},\"sameAs\":[\"https:\\\/\\\/www.facebook.com\\\/spanishcourses\",\"https:\\\/\\\/x.com\\\/StudyInGranada\",\"http:\\\/\\\/instagram.com\\\/imsolgranada\",\"https:\\\/\\\/es.linkedin.com\\\/company\\\/imsol-granada\",\"https:\\\/\\\/www.pinterest.es\\\/inmsol\\\/\",\"https:\\\/\\\/www.youtube.com\\\/channel\\\/UChz-Qn_7coFMosY85iYMO4g\"]}]}<\/script>\n<!-- \/ Yoast SEO plugin. -->","yoast_head_json":{"title":"Fortbildungskurs f\u00fcr Spanischlehrer | INMSOL","description":"Instituto Mediterr\u00e1neo Sol bietet Kurse f\u00fcr die Lehrerbildung an, die von der Europ\u00e4ischen Kommission durch ein Erasmus +-Stipendium gef\u00f6rdert werden.","robots":{"index":"index","follow":"follow","max-snippet":"max-snippet:-1","max-image-preview":"max-image-preview:large","max-video-preview":"max-video-preview:-1"},"canonical":"https:\/\/www.inmsol.com\/de\/stipendium-fortbildungskurs-fur-spanischlehrer\/","og_locale":"de_DE","og_type":"article","og_title":"Fortbildungskurs f\u00fcr Spanischlehrer | INMSOL","og_description":"Instituto Mediterr\u00e1neo Sol bietet Kurse f\u00fcr die Lehrerbildung an, die von der Europ\u00e4ischen Kommission durch ein Erasmus +-Stipendium gef\u00f6rdert werden.","og_url":"https:\/\/www.inmsol.com\/de\/stipendium-fortbildungskurs-fur-spanischlehrer\/","og_site_name":"iNMSOL","article_publisher":"https:\/\/www.facebook.com\/spanishcourses","article_modified_time":"2020-11-23T08:59:49+00:00","og_image":[{"width":1024,"height":728,"url":"https:\/\/www.inmsol.com\/wp-content\/uploads\/2011\/04\/erasmus-plus-logo.jpg","type":"image\/jpeg"}],"twitter_misc":{"Gesch\u00e4tzte Lesezeit":"1\u00a0Minute"},"schema":{"@context":"https:\/\/schema.org","@graph":[{"@type":"WebPage","@id":"https:\/\/www.inmsol.com\/de\/stipendium-fortbildungskurs-fur-spanischlehrer\/","url":"https:\/\/www.inmsol.com\/de\/stipendium-fortbildungskurs-fur-spanischlehrer\/","name":"Fortbildungskurs f\u00fcr Spanischlehrer | INMSOL","isPartOf":{"@id":"https:\/\/www.inmsol.com\/de\/#website"},"primaryImageOfPage":{"@id":"https:\/\/www.inmsol.com\/de\/stipendium-fortbildungskurs-fur-spanischlehrer\/#primaryimage"},"image":{"@id":"https:\/\/www.inmsol.com\/de\/stipendium-fortbildungskurs-fur-spanischlehrer\/#primaryimage"},"thumbnailUrl":"https:\/\/www.inmsol.com\/wp-content\/uploads\/2011\/04\/erasmus-plus-logo.jpg","datePublished":"2011-08-04T12:25:44+00:00","dateModified":"2020-11-23T08:59:49+00:00","description":"Instituto Mediterr\u00e1neo Sol bietet Kurse f\u00fcr die Lehrerbildung an, die von der Europ\u00e4ischen Kommission durch ein Erasmus +-Stipendium gef\u00f6rdert werden.","breadcrumb":{"@id":"https:\/\/www.inmsol.com\/de\/stipendium-fortbildungskurs-fur-spanischlehrer\/#breadcrumb"},"inLanguage":"de","potentialAction":[{"@type":"ReadAction","target":["https:\/\/www.inmsol.com\/de\/stipendium-fortbildungskurs-fur-spanischlehrer\/"]}]},{"@type":"ImageObject","inLanguage":"de","@id":"https:\/\/www.inmsol.com\/de\/stipendium-fortbildungskurs-fur-spanischlehrer\/#primaryimage","url":"https:\/\/www.inmsol.com\/wp-content\/uploads\/2011\/04\/erasmus-plus-logo.jpg","contentUrl":"https:\/\/www.inmsol.com\/wp-content\/uploads\/2011\/04\/erasmus-plus-logo.jpg","width":1024,"height":728,"caption":"Erasmus plus logo"},{"@type":"BreadcrumbList","@id":"https:\/\/www.inmsol.com\/de\/stipendium-fortbildungskurs-fur-spanischlehrer\/#breadcrumb","itemListElement":[{"@type":"ListItem","position":1,"name":"Accredited Center by Instituto Cervantes","item":"https:\/\/www.inmsol.com\/de\/pagina-ejemplo\/"},{"@type":"ListItem","position":2,"name":"Stipendium &#8211; Fortbildungskurs f\u00fcr Spanischlehrer"}]},{"@type":"WebSite","@id":"https:\/\/www.inmsol.com\/de\/#website","url":"https:\/\/www.inmsol.com\/de\/","name":"iNMSOL","description":"Lerne Spanisch mit uns - Cervantes akkreditiertes Lernzentrum","publisher":{"@id":"https:\/\/www.inmsol.com\/de\/#organization"},"potentialAction":[{"@type":"SearchAction","target":{"@type":"EntryPoint","urlTemplate":"https:\/\/www.inmsol.com\/de\/?s={search_term_string}"},"query-input":{"@type":"PropertyValueSpecification","valueRequired":true,"valueName":"search_term_string"}}],"inLanguage":"de"},{"@type":"Organization","@id":"https:\/\/www.inmsol.com\/de\/#organization","name":"Instituto Mediterr\u00e1neo Sol","url":"https:\/\/www.inmsol.com\/de\/","logo":{"@type":"ImageObject","inLanguage":"de","@id":"https:\/\/www.inmsol.com\/de\/#\/schema\/logo\/image\/","url":"https:\/\/www.inmsol.com\/wp-content\/uploads\/2023\/06\/logo-inmsol-1.png","contentUrl":"https:\/\/www.inmsol.com\/wp-content\/uploads\/2023\/06\/logo-inmsol-1.png","width":136,"height":73,"caption":"Instituto Mediterr\u00e1neo Sol"},"image":{"@id":"https:\/\/www.inmsol.com\/de\/#\/schema\/logo\/image\/"},"sameAs":["https:\/\/www.facebook.com\/spanishcourses","https:\/\/x.com\/StudyInGranada","http:\/\/instagram.com\/imsolgranada","https:\/\/es.linkedin.com\/company\/imsol-granada","https:\/\/www.pinterest.es\/inmsol\/","https:\/\/www.youtube.com\/channel\/UChz-Qn_7coFMosY85iYMO4g"]}]}},"_links":{"self":[{"href":"https:\/\/www.inmsol.com\/de\/wp-json\/wp\/v2\/pages\/1780","targetHints":{"allow":["GET"]}}],"collection":[{"href":"https:\/\/www.inmsol.com\/de\/wp-json\/wp\/v2\/pages"}],"about":[{"href":"https:\/\/www.inmsol.com\/de\/wp-json\/wp\/v2\/types\/page"}],"author":[{"embeddable":true,"href":"https:\/\/www.inmsol.com\/de\/wp-json\/wp\/v2\/users\/2"}],"replies":[{"embeddable":true,"href":"https:\/\/www.inmsol.com\/de\/wp-json\/wp\/v2\/comments?post=1780"}],"version-history":[{"count":0,"href":"https:\/\/www.inmsol.com\/de\/wp-json\/wp\/v2\/pages\/1780\/revisions"}],"wp:featuredmedia":[{"embeddable":true,"href":"https:\/\/www.inmsol.com\/de\/wp-json\/wp\/v2\/media\/8324"}],"wp:attachment":[{"href":"https:\/\/www.inmsol.com\/de\/wp-json\/wp\/v2\/media?parent=1780"}],"curies":[{"name":"wp","href":"https:\/\/api.w.org\/{rel}","templated":true}]}}