{"id":46898,"date":"2019-09-03T15:39:52","date_gmt":"2019-09-03T13:39:52","guid":{"rendered":"https:\/\/www.inmsol.com\/?page_id=46898"},"modified":"2024-02-23T18:14:33","modified_gmt":"2024-02-23T17:14:33","slug":"legal-information","status":"publish","type":"page","link":"https:\/\/www.inmsol.com\/de\/legal-information\/","title":{"rendered":"Legal notice"},"content":{"rendered":"\t\t<div data-elementor-type=\"wp-page\" data-elementor-id=\"46898\" class=\"elementor elementor-46898 elementor-1911\" data-elementor-post-type=\"page\">\n\t\t\t\t\t\t<section class=\"elementor-section elementor-top-section elementor-element elementor-element-21d6c3c elementor-section-full_width elementor-section-height-min-height elementor-section-stretched elementor-section-height-default elementor-section-items-middle parallax_section_no qode_elementor_container_no\" data-id=\"21d6c3c\" data-element_type=\"section\" data-settings=\"{&quot;stretch_section&quot;:&quot;section-stretched&quot;,&quot;background_background&quot;:&quot;classic&quot;}\">\n\t\t\t\t\t\t\t<div class=\"elementor-background-overlay\"><\/div>\n\t\t\t\t\t\t\t<div class=\"elementor-container elementor-column-gap-no\">\n\t\t\t\t\t<div class=\"elementor-column elementor-col-100 elementor-top-column elementor-element elementor-element-bb63849\" data-id=\"bb63849\" data-element_type=\"column\">\n\t\t\t<div class=\"elementor-widget-wrap elementor-element-populated\">\n\t\t\t\t\t\t<section class=\"elementor-section elementor-inner-section elementor-element elementor-element-0a40252 elementor-section-boxed elementor-section-height-default elementor-section-height-default parallax_section_no qode_elementor_container_no\" data-id=\"0a40252\" data-element_type=\"section\">\n\t\t\t\t\t\t<div class=\"elementor-container elementor-column-gap-default\">\n\t\t\t\t\t<div class=\"elementor-column elementor-col-100 elementor-inner-column elementor-element elementor-element-97b58e4\" data-id=\"97b58e4\" data-element_type=\"column\">\n\t\t\t<div class=\"elementor-widget-wrap elementor-element-populated\">\n\t\t\t\t\t\t\t<\/div>\n\t\t<\/div>\n\t\t\t\t\t<\/div>\n\t\t<\/section>\n\t\t\t\t\t<\/div>\n\t\t<\/div>\n\t\t\t\t\t<\/div>\n\t\t<\/section>\n\t\t\t\t<section class=\"elementor-section elementor-top-section elementor-element elementor-element-3be05c06 elementor-section-boxed elementor-section-height-default elementor-section-height-default parallax_section_no qode_elementor_container_no\" data-id=\"3be05c06\" data-element_type=\"section\">\n\t\t\t\t\t\t<div class=\"elementor-container elementor-column-gap-default\">\n\t\t\t\t\t<div class=\"elementor-column elementor-col-100 elementor-top-column elementor-element elementor-element-8f35b7\" data-id=\"8f35b7\" data-element_type=\"column\">\n\t\t\t<div class=\"elementor-widget-wrap elementor-element-populated\">\n\t\t\t\t\t\t<div class=\"elementor-element elementor-element-48fcebcb elementor-widget elementor-widget-text-editor\" data-id=\"48fcebcb\" data-element_type=\"widget\" data-widget_type=\"text-editor.default\">\n\t\t\t\t<div class=\"elementor-widget-container\">\n\t\t\t\t\t\t\t\t\t<h3>IMPRESSUM<\/h3><p>In \u00dcbereinstimmung mit Artikel 10 des Gesetzes 34\/2002 vom 11. Juli, Dienste der Informationsgesellschaft und des elektronischen Handels, lauten die Identifikationsdetails wie folgt:<\/p><p>Name des Dienstleisters auf dieser Website: INSTITUTO MEDITERRANEO SOL, S.L. (im Folgenden INMSOL) Gesellschaft spanischen Rechts mit Sitz in C \/ Enriqueta Lozano 17-1 \u00ba B 18009 Granada, Spanien. Eingetragen in das Handelsregister von Granada, Buch 485, Folio 213, Blatt Nr. GR3554 und CIF B-18314468<\/p><p>Zus\u00e4tzlich zum eingetragenen Sitz steht den Benutzern die folgende Adresse zur Verf\u00fcgung: info@inmsol.com. Dort k\u00f6nnen sie Anfragen, Fragen oder Beschwerden senden.<\/p><p>\u00a0<\/p><h3>OBJEKT<\/h3><p>iNMSOL, nachstehend \u201cDiensteanbieter\u201d genannt, der f\u00fcr die Website verantwortlich ist, bietet den Benutzern dieses Dokument an, das die im Gesetz 34\/2002 \u00fcber Dienste der Informationsgesellschaft und des elektronischen Handels (LSSI -CE) festgelegten Verpflichtungen erf\u00fcllen soll, und informiert alle Benutzer dar\u00fcber die Website hinsichtlich der Nutzungsbedingungen der Website.<\/p><p>Jede Person, die diese Website besucht, \u00fcbernimmt die Rolle des Benutzers und verpflichtet sich zur Einhaltung und Durchsetzung der hierin enthaltenen Bestimmungen sowie anderer Gesetze, die anwendbar sein sollen. Durch den Zugriff auf diese Website erkennen Sie die folgenden Nutzungsbedingungen an und akzeptieren sie.<\/p><p>Der Anbieter beh\u00e4lt sich das Recht vor, Informationen, die auf der Website erscheinen, ohne Vorwarnung zu \u00e4ndern oder den Nutzer auf solche Verpflichtungen hinzuweisen, was mit der Ver\u00f6ffentlichung auf der Website des Anbieters ausreicht.<\/p><p>\u00a0<\/p><h3>LINKS UND HAFTUNG<\/h3><p>Von der Website werden Sie m\u00f6glicherweise zu Websites mit Inhalten von Drittanbietern weitergeleitet. Da der Diensteanbieter die von Dritten auf seinen Websites eingestellten Inhalte nicht immer kontrollieren kann, \u00fcbernimmt er keine Verantwortung f\u00fcr diese Inhalte. In jedem Fall erkl\u00e4rt der Diensteanbieter, dass er Inhalte, die gegen nationales oder internationales Recht, gegen die guten Sitten oder gegen die \u00f6ffentliche Ordnung versto\u00dfen k\u00f6nnten, unverz\u00fcglich entfernt und die zust\u00e4ndigen Beh\u00f6rden darauf aufmerksam macht des fraglichen Inhalts.<\/p><p>Der Anbieter lehnt jede Haftung f\u00fcr die auf seiner Website ver\u00f6ffentlichten Informationen ab, wenn diese Informationen von einer externen Partei ge\u00e4ndert oder eingef\u00fcgt wurden.<\/p><p>Diese Website wurde \u00fcberpr\u00fcft und auf einwandfreie Funktion getestet. Theoretisch k\u00f6nnen wir den ordnungsgem\u00e4\u00dfen Betrieb 365 Tage im Jahr und 24 Stunden am Tag sicherstellen. Der Diensteanbieter schlie\u00dft jedoch nicht die M\u00f6glichkeit von Programmierfehlern aus, oder dass Naturkatastrophen, Streiks oder \u00e4hnliche Umst\u00e4nde den Zugriff auf die Website unm\u00f6glich machen.<\/p><p>\u00a0<\/p><h3>AKTUALISIERUNGEN UND \u00c4NDERUNGEN DER WEBSEITE<\/h3><p>Der Anbieter beh\u00e4lt sich das Recht vor, die auf seiner Website enthaltenen Informationen sowie deren Konfiguration oder Darstellung jederzeit ohne vorherige Ank\u00fcndigung und ohne jegliche Haftung zu aktualisieren, zu \u00e4ndern oder zu l\u00f6schen.<\/p><p>\u00a0<\/p><h3>GEISTIGES EIGENTUM<\/h3><p>Die Website, einschlie\u00dflich, aber nicht beschr\u00e4nkt auf Programmierung, Bearbeitung, Zusammenstellung und andere f\u00fcr den Betrieb erforderliche Elemente, Designs, Logos, Texte und \/ oder Grafiken, ist Eigentum des Anbieters oder unterliegt einer Lizenz oder Genehmigung der Autoren. Alle Inhalte der Website sind ordnungsgem\u00e4\u00df durch die Regeln des geistigen Eigentums gesch\u00fctzt und in den \u00f6ffentlichen Aufzeichnungen registriert. Unabh\u00e4ngig von dem Zweck, f\u00fcr den sie bestimmt sind, bedarf die vollst\u00e4ndige oder teilweise Vervielf\u00e4ltigung, Verwendung, Verwertung, Verbreitung und Vermarktung in jedem Fall der vorherigen schriftlichen Zustimmung des Anbieters. Jede zuvor vom Anbieter nicht genehmigte Anwendung wird als schwerwiegende Verletzung der Rechte des geistigen Eigentums des Autors angesehen.<\/p><p>Diese Website enth\u00e4lt Marken, Logos, Designs und Slogans, die Eigentum von INMSOL sind. Der Benutzer erkennt ausdr\u00fccklich an und versteht, dass dieser Titel keine Rechte an ihnen erwirbt und diese weder modifizieren noch nutzen kann. Diese Marke darf ohne ausdr\u00fcckliche schriftliche Zustimmung und ohne Unterschrift des Eigent\u00fcmers nicht verwendet werden. Der Benutzer ist nicht berechtigt, eine andere Website, die Marke von Inmsol, als Links zu verwenden, ohne die schriftliche Zustimmung von Inmsol.<\/p><p>Die Designs, Logos, Texte und \/ oder Grafiken au\u00dferhalb des Anbieters, die auf der Website erscheinen, geh\u00f6ren ihren jeweiligen Eigent\u00fcmern und sind selbst f\u00fcr etwaige Streitigkeiten verantwortlich.<\/p><p>Sie k\u00f6nnen Kommentare zu m\u00f6glichen Verletzungen der Rechte an geistigem Eigentum sowie zu Inhalten der Website \u00fcber die folgende E-Mail-Adresse info@inmsol.com abgeben.<\/p><p>\u00a0<\/p><h3>SICHERHEIT<\/h3><p>Sie haben die Sicherheitsniveaus f\u00fcr den Schutz personenbezogener Daten festgelegt, die gesetzlich vorgeschrieben sind, und es wurden alle technischen und organisatorischen Ma\u00dfnahmen getroffen, um den Verlust, den Missbrauch, die \u00c4nderung, den unbefugten Zugriff und den Diebstahl der personenbezogenen Daten zu verhindern uns zur Verf\u00fcgung gestellt. Benutzer sollten sich jedoch bewusst sein, dass Internet-Sicherheitsma\u00dfnahmen nicht uneinnehmbar sind.<\/p><p>\u00a0<\/p><h3>ANWENDBARES RECHT UND GERICHTSSTAND<\/h3><p>Im Allgemeinen unterliegen die Beziehungen zu Nutzern, die sich aus der Bereitstellung unserer auf dieser Website beschriebenen Aktivit\u00e4ten und Dienstleistungen ergeben, den Bestimmungen<\/p>\t\t\t\t\t\t\t\t<\/div>\n\t\t\t\t<\/div>\n\t\t\t\t\t<\/div>\n\t\t<\/div>\n\t\t\t\t\t<\/div>\n\t\t<\/section>\n\t\t\t\t<\/div>\n\t\t","protected":false},"excerpt":{"rendered":"<p>IMPRESSUM In \u00dcbereinstimmung mit Artikel 10 des Gesetzes 34\/2002 vom 11. Juli, Dienste der Informationsgesellschaft und des elektronischen Handels, lauten die Identifikationsdetails wie folgt: Name des Dienstleisters auf dieser Website: INSTITUTO MEDITERRANEO SOL, S.L. (im Folgenden INMSOL) Gesellschaft spanischen Rechts mit Sitz in C \/&#8230;<\/p>\n","protected":false},"author":3,"featured_media":0,"parent":0,"menu_order":0,"comment_status":"closed","ping_status":"closed","template":"","meta":{"_acf_changed":false,"footnotes":""},"class_list":["post-46898","page","type-page","status-publish","hentry"],"acf":[],"yoast_head":"<!-- This site is optimized with the Yoast SEO plugin v27.4 - https:\/\/yoast.com\/product\/yoast-seo-wordpress\/ -->\n<title>Legal notice &#8226; iNMSOL<\/title>\n<meta name=\"robots\" content=\"index, follow, max-snippet:-1, max-image-preview:large, max-video-preview:-1\" \/>\n<link rel=\"canonical\" href=\"https:\/\/www.inmsol.com\/de\/legal-information\/\" \/>\n<meta property=\"og:locale\" content=\"de_DE\" \/>\n<meta property=\"og:type\" content=\"article\" \/>\n<meta property=\"og:title\" content=\"Legal notice &#8226; iNMSOL\" \/>\n<meta property=\"og:description\" content=\"IMPRESSUM In \u00dcbereinstimmung mit Artikel 10 des Gesetzes 34\/2002 vom 11. Juli, Dienste der Informationsgesellschaft und des elektronischen Handels, lauten die Identifikationsdetails wie folgt: Name des Dienstleisters auf dieser Website: INSTITUTO MEDITERRANEO SOL, S.L. (im Folgenden INMSOL) Gesellschaft spanischen Rechts mit Sitz in C \/...\" \/>\n<meta property=\"og:url\" content=\"https:\/\/www.inmsol.com\/de\/legal-information\/\" \/>\n<meta property=\"og:site_name\" content=\"iNMSOL\" \/>\n<meta property=\"article:publisher\" content=\"https:\/\/www.facebook.com\/spanishcourses\" \/>\n<meta property=\"article:modified_time\" content=\"2024-02-23T17:14:33+00:00\" \/>\n<meta property=\"og:image\" content=\"https:\/\/www.inmsol.com\/wp-content\/uploads\/2019\/08\/logo-inmsol.png\" \/>\n\t<meta property=\"og:image:width\" content=\"320\" \/>\n\t<meta property=\"og:image:height\" content=\"154\" \/>\n\t<meta property=\"og:image:type\" content=\"image\/png\" \/>\n<meta name=\"twitter:label1\" content=\"Gesch\u00e4tzte Lesezeit\" \/>\n\t<meta name=\"twitter:data1\" content=\"4\u00a0Minuten\" \/>\n<script type=\"application\/ld+json\" class=\"yoast-schema-graph\">{\"@context\":\"https:\\\/\\\/schema.org\",\"@graph\":[{\"@type\":\"WebPage\",\"@id\":\"https:\\\/\\\/www.inmsol.com\\\/de\\\/legal-information\\\/\",\"url\":\"https:\\\/\\\/www.inmsol.com\\\/de\\\/legal-information\\\/\",\"name\":\"Legal notice &#8226; iNMSOL\",\"isPartOf\":{\"@id\":\"https:\\\/\\\/www.inmsol.com\\\/de\\\/#website\"},\"datePublished\":\"2019-09-03T13:39:52+00:00\",\"dateModified\":\"2024-02-23T17:14:33+00:00\",\"breadcrumb\":{\"@id\":\"https:\\\/\\\/www.inmsol.com\\\/de\\\/legal-information\\\/#breadcrumb\"},\"inLanguage\":\"de\",\"potentialAction\":[{\"@type\":\"ReadAction\",\"target\":[\"https:\\\/\\\/www.inmsol.com\\\/de\\\/legal-information\\\/\"]}]},{\"@type\":\"BreadcrumbList\",\"@id\":\"https:\\\/\\\/www.inmsol.com\\\/de\\\/legal-information\\\/#breadcrumb\",\"itemListElement\":[{\"@type\":\"ListItem\",\"position\":1,\"name\":\"Accredited Center by Instituto Cervantes\",\"item\":\"https:\\\/\\\/www.inmsol.com\\\/de\\\/pagina-ejemplo\\\/\"},{\"@type\":\"ListItem\",\"position\":2,\"name\":\"Legal notice\"}]},{\"@type\":\"WebSite\",\"@id\":\"https:\\\/\\\/www.inmsol.com\\\/de\\\/#website\",\"url\":\"https:\\\/\\\/www.inmsol.com\\\/de\\\/\",\"name\":\"iNMSOL\",\"description\":\"Lerne Spanisch mit uns - Cervantes akkreditiertes Lernzentrum\",\"publisher\":{\"@id\":\"https:\\\/\\\/www.inmsol.com\\\/de\\\/#organization\"},\"potentialAction\":[{\"@type\":\"SearchAction\",\"target\":{\"@type\":\"EntryPoint\",\"urlTemplate\":\"https:\\\/\\\/www.inmsol.com\\\/de\\\/?s={search_term_string}\"},\"query-input\":{\"@type\":\"PropertyValueSpecification\",\"valueRequired\":true,\"valueName\":\"search_term_string\"}}],\"inLanguage\":\"de\"},{\"@type\":\"Organization\",\"@id\":\"https:\\\/\\\/www.inmsol.com\\\/de\\\/#organization\",\"name\":\"Instituto Mediterr\u00e1neo Sol\",\"url\":\"https:\\\/\\\/www.inmsol.com\\\/de\\\/\",\"logo\":{\"@type\":\"ImageObject\",\"inLanguage\":\"de\",\"@id\":\"https:\\\/\\\/www.inmsol.com\\\/de\\\/#\\\/schema\\\/logo\\\/image\\\/\",\"url\":\"https:\\\/\\\/www.inmsol.com\\\/wp-content\\\/uploads\\\/2023\\\/06\\\/logo-inmsol-1.png\",\"contentUrl\":\"https:\\\/\\\/www.inmsol.com\\\/wp-content\\\/uploads\\\/2023\\\/06\\\/logo-inmsol-1.png\",\"width\":136,\"height\":73,\"caption\":\"Instituto Mediterr\u00e1neo Sol\"},\"image\":{\"@id\":\"https:\\\/\\\/www.inmsol.com\\\/de\\\/#\\\/schema\\\/logo\\\/image\\\/\"},\"sameAs\":[\"https:\\\/\\\/www.facebook.com\\\/spanishcourses\",\"https:\\\/\\\/x.com\\\/StudyInGranada\",\"http:\\\/\\\/instagram.com\\\/imsolgranada\",\"https:\\\/\\\/es.linkedin.com\\\/company\\\/imsol-granada\",\"https:\\\/\\\/www.pinterest.es\\\/inmsol\\\/\",\"https:\\\/\\\/www.youtube.com\\\/channel\\\/UChz-Qn_7coFMosY85iYMO4g\"]}]}<\/script>\n<!-- \/ Yoast SEO plugin. -->","yoast_head_json":{"title":"Legal notice &#8226; iNMSOL","robots":{"index":"index","follow":"follow","max-snippet":"max-snippet:-1","max-image-preview":"max-image-preview:large","max-video-preview":"max-video-preview:-1"},"canonical":"https:\/\/www.inmsol.com\/de\/legal-information\/","og_locale":"de_DE","og_type":"article","og_title":"Legal notice &#8226; iNMSOL","og_description":"IMPRESSUM In \u00dcbereinstimmung mit Artikel 10 des Gesetzes 34\/2002 vom 11. Juli, Dienste der Informationsgesellschaft und des elektronischen Handels, lauten die Identifikationsdetails wie folgt: Name des Dienstleisters auf dieser Website: INSTITUTO MEDITERRANEO SOL, S.L. (im Folgenden INMSOL) Gesellschaft spanischen Rechts mit Sitz in C \/...","og_url":"https:\/\/www.inmsol.com\/de\/legal-information\/","og_site_name":"iNMSOL","article_publisher":"https:\/\/www.facebook.com\/spanishcourses","article_modified_time":"2024-02-23T17:14:33+00:00","og_image":[{"width":320,"height":154,"url":"https:\/\/www.inmsol.com\/wp-content\/uploads\/2019\/08\/logo-inmsol.png","type":"image\/png"}],"twitter_misc":{"Gesch\u00e4tzte Lesezeit":"4\u00a0Minuten"},"schema":{"@context":"https:\/\/schema.org","@graph":[{"@type":"WebPage","@id":"https:\/\/www.inmsol.com\/de\/legal-information\/","url":"https:\/\/www.inmsol.com\/de\/legal-information\/","name":"Legal notice &#8226; iNMSOL","isPartOf":{"@id":"https:\/\/www.inmsol.com\/de\/#website"},"datePublished":"2019-09-03T13:39:52+00:00","dateModified":"2024-02-23T17:14:33+00:00","breadcrumb":{"@id":"https:\/\/www.inmsol.com\/de\/legal-information\/#breadcrumb"},"inLanguage":"de","potentialAction":[{"@type":"ReadAction","target":["https:\/\/www.inmsol.com\/de\/legal-information\/"]}]},{"@type":"BreadcrumbList","@id":"https:\/\/www.inmsol.com\/de\/legal-information\/#breadcrumb","itemListElement":[{"@type":"ListItem","position":1,"name":"Accredited Center by Instituto Cervantes","item":"https:\/\/www.inmsol.com\/de\/pagina-ejemplo\/"},{"@type":"ListItem","position":2,"name":"Legal notice"}]},{"@type":"WebSite","@id":"https:\/\/www.inmsol.com\/de\/#website","url":"https:\/\/www.inmsol.com\/de\/","name":"iNMSOL","description":"Lerne Spanisch mit uns - Cervantes akkreditiertes Lernzentrum","publisher":{"@id":"https:\/\/www.inmsol.com\/de\/#organization"},"potentialAction":[{"@type":"SearchAction","target":{"@type":"EntryPoint","urlTemplate":"https:\/\/www.inmsol.com\/de\/?s={search_term_string}"},"query-input":{"@type":"PropertyValueSpecification","valueRequired":true,"valueName":"search_term_string"}}],"inLanguage":"de"},{"@type":"Organization","@id":"https:\/\/www.inmsol.com\/de\/#organization","name":"Instituto Mediterr\u00e1neo Sol","url":"https:\/\/www.inmsol.com\/de\/","logo":{"@type":"ImageObject","inLanguage":"de","@id":"https:\/\/www.inmsol.com\/de\/#\/schema\/logo\/image\/","url":"https:\/\/www.inmsol.com\/wp-content\/uploads\/2023\/06\/logo-inmsol-1.png","contentUrl":"https:\/\/www.inmsol.com\/wp-content\/uploads\/2023\/06\/logo-inmsol-1.png","width":136,"height":73,"caption":"Instituto Mediterr\u00e1neo Sol"},"image":{"@id":"https:\/\/www.inmsol.com\/de\/#\/schema\/logo\/image\/"},"sameAs":["https:\/\/www.facebook.com\/spanishcourses","https:\/\/x.com\/StudyInGranada","http:\/\/instagram.com\/imsolgranada","https:\/\/es.linkedin.com\/company\/imsol-granada","https:\/\/www.pinterest.es\/inmsol\/","https:\/\/www.youtube.com\/channel\/UChz-Qn_7coFMosY85iYMO4g"]}]}},"_links":{"self":[{"href":"https:\/\/www.inmsol.com\/de\/wp-json\/wp\/v2\/pages\/46898","targetHints":{"allow":["GET"]}}],"collection":[{"href":"https:\/\/www.inmsol.com\/de\/wp-json\/wp\/v2\/pages"}],"about":[{"href":"https:\/\/www.inmsol.com\/de\/wp-json\/wp\/v2\/types\/page"}],"author":[{"embeddable":true,"href":"https:\/\/www.inmsol.com\/de\/wp-json\/wp\/v2\/users\/3"}],"replies":[{"embeddable":true,"href":"https:\/\/www.inmsol.com\/de\/wp-json\/wp\/v2\/comments?post=46898"}],"version-history":[{"count":0,"href":"https:\/\/www.inmsol.com\/de\/wp-json\/wp\/v2\/pages\/46898\/revisions"}],"wp:attachment":[{"href":"https:\/\/www.inmsol.com\/de\/wp-json\/wp\/v2\/media?parent=46898"}],"curies":[{"name":"wp","href":"https:\/\/api.w.org\/{rel}","templated":true}]}}