{"id":70069,"date":"2023-03-09T15:53:58","date_gmt":"2023-03-09T14:53:58","guid":{"rendered":"https:\/\/www.inmsol.com\/?page_id=70069"},"modified":"2023-04-05T15:14:45","modified_gmt":"2023-04-05T13:14:45","slug":"accessibility-statement","status":"publish","type":"page","link":"https:\/\/www.inmsol.com\/de\/accessibility-statement\/","title":{"rendered":"Zug\u00e4nglichkeitserkl\u00e4rung"},"content":{"rendered":"<p><span lang=\"DE\">In \u00dcbereinstimmung mit den geltenden Zug\u00e4nglichkeitsvorschriften wird diese Website mit der prim\u00e4ren Absicht bereitgestellt, ihre Nutzung f\u00fcr m\u00f6glichst viele Nutzer\/-innen zu erleichtern, unabh\u00e4ngig von ihren Eigenschaften und Bedingungen (F\u00e4higkeiten, Einschr\u00e4nkungen, Hardware, Software, Kommunikation usw.), mit dem Ziel, die M\u00f6glichkeit zu bieten, ihre Inhalte in einer universellen Art und Weise zu pr\u00e4sentieren und jede m\u00f6gliche Behinderung (physisch, intellektuell oder technisch) oder jeden spezifischen Kontext der Nutzung (technologische oder Umweltbedingungen) zu ber\u00fccksichtigen.<\/span><\/p>\n<p><span lang=\"DE\">Aus diesem Grund wurden beim Aufbau, der Gestaltung und der Entwicklung der Website alle Ma\u00dfnahmen und Kriterien ber\u00fccksichtigt, die gew\u00e4hrleisten, dass die Nutzer\/-innen alle ihnen zur Verf\u00fcgung gestellten Informationen und Dienstleistungen mit m\u00f6glichst wenig Schwierigkeiten erhalten k\u00f6nnen.<\/span><\/p>\n<p>&nbsp;<\/p>\n<h3><strong>Einhaltung der Vorschriften und Vorbereitung<\/strong><\/h3>\n<p><span lang=\"DE\">Mit dem Ergebnis <b>\u201eteilweise erf\u00fcllt\u201c<\/b> wurde die vorliegende Erkl\u00e4rung am 1. M\u00e4rz 2023 mit Hilfe einer Selbstbewertungsmethode erstellt, wobei die Website nach den folgenden Standards entwickelt wurde:<\/span><\/p>\n<ul>\n<li>Sie wurde in \u00dcbereinstimmung mit den aktuellen Normen und Vorschriften in Bezug auf die Zug\u00e4nglichkeit gestaltet und entspricht den Pr\u00fcfpunkten der Priorit\u00e4t 2 (AA), die in der Spezifikation der Richtlinie f\u00fcr die Zug\u00e4nglichkeit und Nutzung von Webseiten (WCAG 2.1) festgelegt sind.<\/li>\n<li>Sie ist f\u00fcr die Kompatibilit\u00e4t mit den neuesten Versionen der verschiedenen Browser optimiert.<\/li>\n<li>Sie wurde f\u00fcr die korrekte Anzeige bei allen Bildschirmaufl\u00f6sungen und auf allen Ger\u00e4tetypen konzipiert und optimiert.<\/li>\n<li>Sie wurde unter Verwendung von HTML5 als Auszeichnungssprache und CSS3-Stilvorlagen f\u00fcr ihr Design entwickelt.<\/li>\n<li>Sie bietet eine logische und standardisierte Reihenfolge f\u00fcr die Darstellung der Elemente auf dem Bildschirm.<\/li>\n<li>Sie verf\u00fcgt \u00fcber ein vereinfachtes Navigationssystem, das leicht zu erlernen und zu benutzen ist, wobei das Layout des Inhalts stets Vorrang vor dem Design hat.<\/li>\n<li>Sie verf\u00fcgt \u00fcber eine koh\u00e4rente und konsistente Navigation, Gestaltung und visuelle Struktur.<\/li>\n<li>Die Verf\u00fcgbarkeit eines Formulars f\u00fcr die Inhaltssuche wurde implementiert.<\/li>\n<li>In die verwendeten Bilder wurde ein beschreibender Text eingef\u00fcgt.<\/li>\n<li>Sie wurde so gestaltet, dass die Navigation durch die Verwendung von Registerkartenoptionen m\u00f6glich ist.<\/li>\n<li>\u00dcber eine auf der gesamten Website zug\u00e4ngliche Schaltfl\u00e4che wurde die M\u00f6glichkeit geschaffen, dass die Nutzer\/-innen die Zug\u00e4nglichkeitstools konfigurieren und anwenden k\u00f6nnen.<\/li>\n<\/ul>\n<h3><strong>Mitteilung von Vorf\u00e4llen<\/strong><\/h3>\n<p><span lang=\"DE\">Um die Qualit\u00e4t der Website zu gew\u00e4hrleisten, k\u00f6nnen Sie sich bei Problemen mit der Zug\u00e4nglichkeit oder damit zusammenh\u00e4ngenden Fragen an <a href=\"mailto:info@inmsol.com\" target=\"_blank\" rel=\"noopener\">info@inmsol.com<\/a> wenden, um:<\/span><\/p>\n<ul>\n<li>M\u00f6gliche Verst\u00f6\u00dfe gegen die Zug\u00e4nglichkeit zu melden.<\/li>\n<li>Uns \u00fcber eventuelle Schwierigkeiten beim Zugriff auf die gefundenen Inhalte zu informieren.<\/li>\n<li>Uns jede Art von Anfrage oder Verbesserungsvorschlag in Bezug auf die Zug\u00e4nglichkeit der Website zu senden.<\/li>\n<\/ul>\n<p><span lang=\"DE\">Wir werden die eingegangenen Mitteilungen so schnell wie m\u00f6glich beantworten und danken Ihnen im Voraus f\u00fcr Ihre Mitarbeit.<\/span><\/p>\n","protected":false},"excerpt":{"rendered":"<p>In \u00dcbereinstimmung mit den geltenden Zug\u00e4nglichkeitsvorschriften wird diese Website mit der prim\u00e4ren Absicht bereitgestellt, ihre Nutzung f\u00fcr m\u00f6glichst viele Nutzer\/-innen zu erleichtern, unabh\u00e4ngig von ihren Eigenschaften und Bedingungen (F\u00e4higkeiten, Einschr\u00e4nkungen, Hardware, Software, Kommunikation usw.), mit dem Ziel, die M\u00f6glichkeit zu bieten, ihre Inhalte in einer&#8230;<\/p>\n","protected":false},"author":31,"featured_media":0,"parent":0,"menu_order":0,"comment_status":"closed","ping_status":"closed","template":"","meta":{"_acf_changed":false,"footnotes":""},"class_list":["post-70069","page","type-page","status-publish","hentry"],"acf":[],"yoast_head":"<!-- This site is optimized with the Yoast SEO plugin v27.4 - https:\/\/yoast.com\/product\/yoast-seo-wordpress\/ -->\n<title>Zug\u00e4nglichkeitserkl\u00e4rung &#8226; iNMSOL<\/title>\n<meta name=\"robots\" content=\"index, follow, max-snippet:-1, max-image-preview:large, max-video-preview:-1\" \/>\n<link rel=\"canonical\" href=\"https:\/\/www.inmsol.com\/de\/accessibility-statement\/\" \/>\n<meta property=\"og:locale\" content=\"de_DE\" \/>\n<meta property=\"og:type\" content=\"article\" \/>\n<meta property=\"og:title\" content=\"Zug\u00e4nglichkeitserkl\u00e4rung &#8226; iNMSOL\" \/>\n<meta property=\"og:description\" content=\"In \u00dcbereinstimmung mit den geltenden Zug\u00e4nglichkeitsvorschriften wird diese Website mit der prim\u00e4ren Absicht bereitgestellt, ihre Nutzung f\u00fcr m\u00f6glichst viele Nutzer\/-innen zu erleichtern, unabh\u00e4ngig von ihren Eigenschaften und Bedingungen (F\u00e4higkeiten, Einschr\u00e4nkungen, Hardware, Software, Kommunikation usw.), mit dem Ziel, die M\u00f6glichkeit zu bieten, ihre Inhalte in einer...\" \/>\n<meta property=\"og:url\" content=\"https:\/\/www.inmsol.com\/de\/accessibility-statement\/\" \/>\n<meta property=\"og:site_name\" content=\"iNMSOL\" \/>\n<meta property=\"article:publisher\" content=\"https:\/\/www.facebook.com\/spanishcourses\" \/>\n<meta property=\"article:modified_time\" content=\"2023-04-05T13:14:45+00:00\" \/>\n<meta property=\"og:image\" content=\"https:\/\/www.inmsol.com\/wp-content\/uploads\/2019\/08\/logo-inmsol.png\" \/>\n\t<meta property=\"og:image:width\" content=\"320\" \/>\n\t<meta property=\"og:image:height\" content=\"154\" \/>\n\t<meta property=\"og:image:type\" content=\"image\/png\" \/>\n<meta name=\"twitter:label1\" content=\"Gesch\u00e4tzte Lesezeit\" \/>\n\t<meta name=\"twitter:data1\" content=\"2\u00a0Minuten\" \/>\n<script type=\"application\/ld+json\" class=\"yoast-schema-graph\">{\"@context\":\"https:\\\/\\\/schema.org\",\"@graph\":[{\"@type\":\"WebPage\",\"@id\":\"https:\\\/\\\/www.inmsol.com\\\/de\\\/accessibility-statement\\\/\",\"url\":\"https:\\\/\\\/www.inmsol.com\\\/de\\\/accessibility-statement\\\/\",\"name\":\"Zug\u00e4nglichkeitserkl\u00e4rung &#8226; iNMSOL\",\"isPartOf\":{\"@id\":\"https:\\\/\\\/www.inmsol.com\\\/de\\\/#website\"},\"datePublished\":\"2023-03-09T14:53:58+00:00\",\"dateModified\":\"2023-04-05T13:14:45+00:00\",\"breadcrumb\":{\"@id\":\"https:\\\/\\\/www.inmsol.com\\\/de\\\/accessibility-statement\\\/#breadcrumb\"},\"inLanguage\":\"de\",\"potentialAction\":[{\"@type\":\"ReadAction\",\"target\":[\"https:\\\/\\\/www.inmsol.com\\\/de\\\/accessibility-statement\\\/\"]}]},{\"@type\":\"BreadcrumbList\",\"@id\":\"https:\\\/\\\/www.inmsol.com\\\/de\\\/accessibility-statement\\\/#breadcrumb\",\"itemListElement\":[{\"@type\":\"ListItem\",\"position\":1,\"name\":\"Accredited Center by Instituto Cervantes\",\"item\":\"https:\\\/\\\/www.inmsol.com\\\/de\\\/pagina-ejemplo\\\/\"},{\"@type\":\"ListItem\",\"position\":2,\"name\":\"Zug\u00e4nglichkeitserkl\u00e4rung\"}]},{\"@type\":\"WebSite\",\"@id\":\"https:\\\/\\\/www.inmsol.com\\\/de\\\/#website\",\"url\":\"https:\\\/\\\/www.inmsol.com\\\/de\\\/\",\"name\":\"iNMSOL\",\"description\":\"Lerne Spanisch mit uns - Cervantes akkreditiertes Lernzentrum\",\"publisher\":{\"@id\":\"https:\\\/\\\/www.inmsol.com\\\/de\\\/#organization\"},\"potentialAction\":[{\"@type\":\"SearchAction\",\"target\":{\"@type\":\"EntryPoint\",\"urlTemplate\":\"https:\\\/\\\/www.inmsol.com\\\/de\\\/?s={search_term_string}\"},\"query-input\":{\"@type\":\"PropertyValueSpecification\",\"valueRequired\":true,\"valueName\":\"search_term_string\"}}],\"inLanguage\":\"de\"},{\"@type\":\"Organization\",\"@id\":\"https:\\\/\\\/www.inmsol.com\\\/de\\\/#organization\",\"name\":\"Instituto Mediterr\u00e1neo Sol\",\"url\":\"https:\\\/\\\/www.inmsol.com\\\/de\\\/\",\"logo\":{\"@type\":\"ImageObject\",\"inLanguage\":\"de\",\"@id\":\"https:\\\/\\\/www.inmsol.com\\\/de\\\/#\\\/schema\\\/logo\\\/image\\\/\",\"url\":\"https:\\\/\\\/www.inmsol.com\\\/wp-content\\\/uploads\\\/2023\\\/06\\\/logo-inmsol-1.png\",\"contentUrl\":\"https:\\\/\\\/www.inmsol.com\\\/wp-content\\\/uploads\\\/2023\\\/06\\\/logo-inmsol-1.png\",\"width\":136,\"height\":73,\"caption\":\"Instituto Mediterr\u00e1neo Sol\"},\"image\":{\"@id\":\"https:\\\/\\\/www.inmsol.com\\\/de\\\/#\\\/schema\\\/logo\\\/image\\\/\"},\"sameAs\":[\"https:\\\/\\\/www.facebook.com\\\/spanishcourses\",\"https:\\\/\\\/x.com\\\/StudyInGranada\",\"http:\\\/\\\/instagram.com\\\/imsolgranada\",\"https:\\\/\\\/es.linkedin.com\\\/company\\\/imsol-granada\",\"https:\\\/\\\/www.pinterest.es\\\/inmsol\\\/\",\"https:\\\/\\\/www.youtube.com\\\/channel\\\/UChz-Qn_7coFMosY85iYMO4g\"]}]}<\/script>\n<!-- \/ Yoast SEO plugin. -->","yoast_head_json":{"title":"Zug\u00e4nglichkeitserkl\u00e4rung &#8226; iNMSOL","robots":{"index":"index","follow":"follow","max-snippet":"max-snippet:-1","max-image-preview":"max-image-preview:large","max-video-preview":"max-video-preview:-1"},"canonical":"https:\/\/www.inmsol.com\/de\/accessibility-statement\/","og_locale":"de_DE","og_type":"article","og_title":"Zug\u00e4nglichkeitserkl\u00e4rung &#8226; iNMSOL","og_description":"In \u00dcbereinstimmung mit den geltenden Zug\u00e4nglichkeitsvorschriften wird diese Website mit der prim\u00e4ren Absicht bereitgestellt, ihre Nutzung f\u00fcr m\u00f6glichst viele Nutzer\/-innen zu erleichtern, unabh\u00e4ngig von ihren Eigenschaften und Bedingungen (F\u00e4higkeiten, Einschr\u00e4nkungen, Hardware, Software, Kommunikation usw.), mit dem Ziel, die M\u00f6glichkeit zu bieten, ihre Inhalte in einer...","og_url":"https:\/\/www.inmsol.com\/de\/accessibility-statement\/","og_site_name":"iNMSOL","article_publisher":"https:\/\/www.facebook.com\/spanishcourses","article_modified_time":"2023-04-05T13:14:45+00:00","og_image":[{"width":320,"height":154,"url":"https:\/\/www.inmsol.com\/wp-content\/uploads\/2019\/08\/logo-inmsol.png","type":"image\/png"}],"twitter_misc":{"Gesch\u00e4tzte Lesezeit":"2\u00a0Minuten"},"schema":{"@context":"https:\/\/schema.org","@graph":[{"@type":"WebPage","@id":"https:\/\/www.inmsol.com\/de\/accessibility-statement\/","url":"https:\/\/www.inmsol.com\/de\/accessibility-statement\/","name":"Zug\u00e4nglichkeitserkl\u00e4rung &#8226; iNMSOL","isPartOf":{"@id":"https:\/\/www.inmsol.com\/de\/#website"},"datePublished":"2023-03-09T14:53:58+00:00","dateModified":"2023-04-05T13:14:45+00:00","breadcrumb":{"@id":"https:\/\/www.inmsol.com\/de\/accessibility-statement\/#breadcrumb"},"inLanguage":"de","potentialAction":[{"@type":"ReadAction","target":["https:\/\/www.inmsol.com\/de\/accessibility-statement\/"]}]},{"@type":"BreadcrumbList","@id":"https:\/\/www.inmsol.com\/de\/accessibility-statement\/#breadcrumb","itemListElement":[{"@type":"ListItem","position":1,"name":"Accredited Center by Instituto Cervantes","item":"https:\/\/www.inmsol.com\/de\/pagina-ejemplo\/"},{"@type":"ListItem","position":2,"name":"Zug\u00e4nglichkeitserkl\u00e4rung"}]},{"@type":"WebSite","@id":"https:\/\/www.inmsol.com\/de\/#website","url":"https:\/\/www.inmsol.com\/de\/","name":"iNMSOL","description":"Lerne Spanisch mit uns - Cervantes akkreditiertes Lernzentrum","publisher":{"@id":"https:\/\/www.inmsol.com\/de\/#organization"},"potentialAction":[{"@type":"SearchAction","target":{"@type":"EntryPoint","urlTemplate":"https:\/\/www.inmsol.com\/de\/?s={search_term_string}"},"query-input":{"@type":"PropertyValueSpecification","valueRequired":true,"valueName":"search_term_string"}}],"inLanguage":"de"},{"@type":"Organization","@id":"https:\/\/www.inmsol.com\/de\/#organization","name":"Instituto Mediterr\u00e1neo Sol","url":"https:\/\/www.inmsol.com\/de\/","logo":{"@type":"ImageObject","inLanguage":"de","@id":"https:\/\/www.inmsol.com\/de\/#\/schema\/logo\/image\/","url":"https:\/\/www.inmsol.com\/wp-content\/uploads\/2023\/06\/logo-inmsol-1.png","contentUrl":"https:\/\/www.inmsol.com\/wp-content\/uploads\/2023\/06\/logo-inmsol-1.png","width":136,"height":73,"caption":"Instituto Mediterr\u00e1neo Sol"},"image":{"@id":"https:\/\/www.inmsol.com\/de\/#\/schema\/logo\/image\/"},"sameAs":["https:\/\/www.facebook.com\/spanishcourses","https:\/\/x.com\/StudyInGranada","http:\/\/instagram.com\/imsolgranada","https:\/\/es.linkedin.com\/company\/imsol-granada","https:\/\/www.pinterest.es\/inmsol\/","https:\/\/www.youtube.com\/channel\/UChz-Qn_7coFMosY85iYMO4g"]}]}},"_links":{"self":[{"href":"https:\/\/www.inmsol.com\/de\/wp-json\/wp\/v2\/pages\/70069","targetHints":{"allow":["GET"]}}],"collection":[{"href":"https:\/\/www.inmsol.com\/de\/wp-json\/wp\/v2\/pages"}],"about":[{"href":"https:\/\/www.inmsol.com\/de\/wp-json\/wp\/v2\/types\/page"}],"author":[{"embeddable":true,"href":"https:\/\/www.inmsol.com\/de\/wp-json\/wp\/v2\/users\/31"}],"replies":[{"embeddable":true,"href":"https:\/\/www.inmsol.com\/de\/wp-json\/wp\/v2\/comments?post=70069"}],"version-history":[{"count":0,"href":"https:\/\/www.inmsol.com\/de\/wp-json\/wp\/v2\/pages\/70069\/revisions"}],"wp:attachment":[{"href":"https:\/\/www.inmsol.com\/de\/wp-json\/wp\/v2\/media?parent=70069"}],"curies":[{"name":"wp","href":"https:\/\/api.w.org\/{rel}","templated":true}]}}