{"id":65675,"date":"2023-01-11T17:58:47","date_gmt":"2023-01-11T16:58:47","guid":{"rendered":"https:\/\/www.inmsol.com\/?post_type=product&#038;p=65675"},"modified":"2026-03-31T11:53:41","modified_gmt":"2026-03-31T09:53:41","slug":"konversationskurs-spanisch-und-spanischer-wortschatz","status":"publish","type":"product","link":"https:\/\/www.inmsol.com\/de\/producto\/konversationskurs-spanisch-und-spanischer-wortschatz\/","title":{"rendered":"Konversationskurs Spanisch und spanischer Wortschatz"},"content":{"rendered":"<p>Konversationskurs Spanisch und spanischer Wortschatz bestehend aus 2 Lektionen pro Tag:<\/p>\n<ul>\n<li>2 Lektionen Konversation auf Spanisch pro Tag<\/li>\n<\/ul>\n<p><a href=\"https:\/\/www.inmsol.com\/wp-content\/uploads\/2023\/01\/Cursos-de-conversacion-y-vocabulario.jpg\" target=\"_blank\" rel=\"noopener\"><img fetchpriority=\"high\" decoding=\"async\" class=\"aligncenter wp-image-65819 size-full\" title=\"Conversation and vocabulary course in Granada\" src=\"https:\/\/www.inmsol.com\/wp-content\/uploads\/2023\/01\/Cursos-de-conversacion-y-vocabulario.jpg\" alt=\"Conversation and vocabulary course\" width=\"1010\" height=\"500\" srcset=\"https:\/\/www.inmsol.com\/wp-content\/uploads\/2023\/01\/Cursos-de-conversacion-y-vocabulario.jpg 1010w, https:\/\/www.inmsol.com\/wp-content\/uploads\/2023\/01\/Cursos-de-conversacion-y-vocabulario-800x396.jpg 800w, https:\/\/www.inmsol.com\/wp-content\/uploads\/2023\/01\/Cursos-de-conversacion-y-vocabulario-64x32.jpg 64w, https:\/\/www.inmsol.com\/wp-content\/uploads\/2023\/01\/Cursos-de-conversacion-y-vocabulario-460x228.jpg 460w, https:\/\/www.inmsol.com\/wp-content\/uploads\/2023\/01\/Cursos-de-conversacion-y-vocabulario-768x380.jpg 768w, https:\/\/www.inmsol.com\/wp-content\/uploads\/2023\/01\/Cursos-de-conversacion-y-vocabulario-250x124.jpg 250w, https:\/\/www.inmsol.com\/wp-content\/uploads\/2023\/01\/Cursos-de-conversacion-y-vocabulario-600x297.jpg 600w\" sizes=\"(max-width: 1010px) 100vw, 1010px\" \/><\/a><\/p>\n<p>Der Unterricht findet vom ersten Tag an vollst\u00e4ndig auf Spanisch statt. Die Einschreibegeb\u00fchr beinhaltet den <em>Online-Einstufungstest<\/em>, Unterricht von Montag bis Freitag, <em>w\u00f6chentliche Aktivit\u00e4ten<\/em> und eine <em>Teilnahmebescheinigung<\/em> am Ende des Kurses. Jede Lektion dauert 45 Minuten.<\/p>\n<style>\n.btn-descarga {<br \/>\n    display: inline-block !important;<br \/>\n    background-color: #ad0228 !important;<br \/>\n    color: white !important;<br \/>\n    padding: 8px 16px !important;<br \/>\n    font-size: 14px !important;<br \/>\n    font-weight: bold !important;<br \/>\n    text-decoration: none !important;<br \/>\n    border-radius: 5px !important;<br \/>\n    transition: background-color 0.3s ease !important;<br \/>\n    cursor: pointer !important;<br \/>\n    border: none !important;<br \/>\n}<\/p>\n<p>.btn-descarga:hover {<br \/>\n    background-color: #8b0120 !important;<br \/>\n    color: white !important;<br \/>\n    text-decoration: none !important;<br \/>\n}<br \/>\n<\/style>\n<p><a class=\"btn-descarga\" href=\"https:\/\/www.inmsol.com\/wp-content\/uploads\/2026\/03\/Objetivos_contenidos_cursos-generales_2026.pdf\" target=\"_blank\" rel=\"noopener\"><br \/>\n\ud83d\udcc4 Kursinhalte<br \/>\n<\/a><\/p>\n<h4>Allgemeine Bedingungen in Abh\u00e4ngigkeit von der Teilnehmerzahl in den Kursen:<\/h4>\n<p>Die maximale Anzahl von Teilnehmern pro Klasse mit dem gleichen Niveau und den gleichen Kursmerkmalen betr\u00e4gt 10, die minimale Anzahl ist 3. Wird diese Mindestzahl nicht erreicht, gelten die folgenden Bedingungen:<\/p>\n<blockquote><p><strong>1 oder 2 Teilnehmer:<\/strong> Der Teilnehmer erh\u00e4lt 50 % der gebuchten Unterrichtsstunden als Einzelunterricht (1 Lehrer\/1 Sch\u00fcler) oder als Semi-Privatunterricht (1 Lehrer\/2 Sch\u00fcler), je nach seinem Niveau und seinen Bed\u00fcrfnissen. In keinem Fall muss der Sch\u00fcler den Preisunterschied bezahlen.<\/p>\n<p><strong>Ab 3 Teilnehmern:<\/strong> Die Teilnehmer erhalten 100 % der gebuchten Unterrichtsstunden in der Gruppe.<\/p><\/blockquote>\n<p>Bitte lesen Sie unsere <a href=\"https:\/\/www.inmsol.com\/de\/informationen-und-bedingungen\/\">allgemeinen Gesch\u00e4ftsbedingungen<\/a> nach.<\/p>\n","protected":false},"excerpt":{"rendered":"<p>Konversationskurs Spanisch und spanischer Wortschatz bestehend aus 10 Lektionen\/Woche.<\/p>\n","protected":false},"featured_media":65829,"template":"","meta":{"_acf_changed":false},"product_brand":[],"product_cat":[893,892,896,891,898,897,1176],"product_tag":[],"class_list":{"0":"post-65675","1":"product","2":"type-product","3":"status-publish","4":"has-post-thumbnail","6":"product_cat-a1-de","7":"product_cat-a2-de","8":"product_cat-b1-de","9":"product_cat-b2-de","10":"product_cat-c1-de","11":"product_cat-c2-de","12":"product_cat-conversation-and-vocabulary","14":"first","15":"instock","16":"sold-individually","17":"purchasable","18":"product-type-variable"},"acf":[],"yoast_head":"<!-- This site is optimized with the Yoast SEO plugin v27.4 - https:\/\/yoast.com\/product\/yoast-seo-wordpress\/ -->\n<title>Konversationskurs Spanisch und spanischer Wortschatz | iNMSOL<\/title>\n<meta name=\"description\" content=\"\u00dcben Sie Ihren m\u00fcndlichen Ausdruck auf Spanisch mit unseremKonversationskurs auf kommunikative und unterhaltsame Weise in Granada.\" \/>\n<meta name=\"robots\" content=\"index, follow, max-snippet:-1, max-image-preview:large, max-video-preview:-1\" \/>\n<link rel=\"canonical\" href=\"https:\/\/www.inmsol.com\/de\/producto\/konversationskurs-spanisch-und-spanischer-wortschatz\/\" \/>\n<meta property=\"og:locale\" content=\"de_DE\" \/>\n<meta property=\"og:type\" content=\"article\" \/>\n<meta property=\"og:title\" content=\"Gram\u00e1tica espa\u00f1ola\" \/>\n<meta property=\"og:description\" content=\"Estudia la gram\u00e1tica espa\u00f1ola en Granada, de una forma comunicativa y entretenida. Los cursos de gram\u00e1tica se componen de 10 clases por semana.\" \/>\n<meta property=\"og:url\" content=\"https:\/\/www.inmsol.com\/de\/producto\/konversationskurs-spanisch-und-spanischer-wortschatz\/\" \/>\n<meta property=\"og:site_name\" content=\"iNMSOL\" \/>\n<meta property=\"article:publisher\" content=\"https:\/\/www.facebook.com\/spanishcourses\" \/>\n<meta property=\"article:modified_time\" content=\"2026-03-31T09:53:41+00:00\" \/>\n<meta property=\"og:image\" content=\"https:\/\/www.inmsol.com\/wp-content\/uploads\/2023\/01\/Curso-conversacion.jpg\" \/>\n\t<meta property=\"og:image:width\" content=\"1000\" \/>\n\t<meta property=\"og:image:height\" content=\"1000\" \/>\n\t<meta property=\"og:image:type\" content=\"image\/jpeg\" \/>\n<meta name=\"twitter:label1\" content=\"Gesch\u00e4tzte Lesezeit\" \/>\n\t<meta name=\"twitter:data1\" content=\"1\u00a0Minute\" \/>\n<script type=\"application\/ld+json\" class=\"yoast-schema-graph\">{\"@context\":\"https:\\\/\\\/schema.org\",\"@graph\":[{\"@type\":\"WebPage\",\"@id\":\"https:\\\/\\\/www.inmsol.com\\\/de\\\/producto\\\/konversationskurs-spanisch-und-spanischer-wortschatz\\\/\",\"url\":\"https:\\\/\\\/www.inmsol.com\\\/de\\\/producto\\\/konversationskurs-spanisch-und-spanischer-wortschatz\\\/\",\"name\":\"Konversationskurs Spanisch und spanischer Wortschatz | iNMSOL\",\"isPartOf\":{\"@id\":\"https:\\\/\\\/www.inmsol.com\\\/de\\\/#website\"},\"primaryImageOfPage\":{\"@id\":\"https:\\\/\\\/www.inmsol.com\\\/de\\\/producto\\\/konversationskurs-spanisch-und-spanischer-wortschatz\\\/#primaryimage\"},\"image\":{\"@id\":\"https:\\\/\\\/www.inmsol.com\\\/de\\\/producto\\\/konversationskurs-spanisch-und-spanischer-wortschatz\\\/#primaryimage\"},\"thumbnailUrl\":\"https:\\\/\\\/www.inmsol.com\\\/wp-content\\\/uploads\\\/2023\\\/01\\\/Curso-conversacion.jpg\",\"datePublished\":\"2023-01-11T16:58:47+00:00\",\"dateModified\":\"2026-03-31T09:53:41+00:00\",\"description\":\"\u00dcben Sie Ihren m\u00fcndlichen Ausdruck auf Spanisch mit unseremKonversationskurs auf kommunikative und unterhaltsame Weise in Granada.\",\"breadcrumb\":{\"@id\":\"https:\\\/\\\/www.inmsol.com\\\/de\\\/producto\\\/konversationskurs-spanisch-und-spanischer-wortschatz\\\/#breadcrumb\"},\"inLanguage\":\"de\",\"potentialAction\":[{\"@type\":\"ReadAction\",\"target\":[\"https:\\\/\\\/www.inmsol.com\\\/de\\\/producto\\\/konversationskurs-spanisch-und-spanischer-wortschatz\\\/\"]}]},{\"@type\":\"ImageObject\",\"inLanguage\":\"de\",\"@id\":\"https:\\\/\\\/www.inmsol.com\\\/de\\\/producto\\\/konversationskurs-spanisch-und-spanischer-wortschatz\\\/#primaryimage\",\"url\":\"https:\\\/\\\/www.inmsol.com\\\/wp-content\\\/uploads\\\/2023\\\/01\\\/Curso-conversacion.jpg\",\"contentUrl\":\"https:\\\/\\\/www.inmsol.com\\\/wp-content\\\/uploads\\\/2023\\\/01\\\/Curso-conversacion.jpg\",\"width\":1000,\"height\":1000},{\"@type\":\"BreadcrumbList\",\"@id\":\"https:\\\/\\\/www.inmsol.com\\\/de\\\/producto\\\/konversationskurs-spanisch-und-spanischer-wortschatz\\\/#breadcrumb\",\"itemListElement\":[{\"@type\":\"ListItem\",\"position\":1,\"name\":\"Accredited Center by Instituto Cervantes\",\"item\":\"https:\\\/\\\/www.inmsol.com\\\/de\\\/pagina-ejemplo\\\/\"},{\"@type\":\"ListItem\",\"position\":2,\"name\":\"Kurse\",\"item\":\"https:\\\/\\\/www.inmsol.com\\\/de\\\/kurse\\\/\"},{\"@type\":\"ListItem\",\"position\":3,\"name\":\"Konversationskurs Spanisch und spanischer Wortschatz\"}]},{\"@type\":\"WebSite\",\"@id\":\"https:\\\/\\\/www.inmsol.com\\\/de\\\/#website\",\"url\":\"https:\\\/\\\/www.inmsol.com\\\/de\\\/\",\"name\":\"iNMSOL\",\"description\":\"Lerne Spanisch mit uns - Cervantes akkreditiertes Lernzentrum\",\"publisher\":{\"@id\":\"https:\\\/\\\/www.inmsol.com\\\/de\\\/#organization\"},\"potentialAction\":[{\"@type\":\"SearchAction\",\"target\":{\"@type\":\"EntryPoint\",\"urlTemplate\":\"https:\\\/\\\/www.inmsol.com\\\/de\\\/?s={search_term_string}\"},\"query-input\":{\"@type\":\"PropertyValueSpecification\",\"valueRequired\":true,\"valueName\":\"search_term_string\"}}],\"inLanguage\":\"de\"},{\"@type\":\"Organization\",\"@id\":\"https:\\\/\\\/www.inmsol.com\\\/de\\\/#organization\",\"name\":\"Instituto Mediterr\u00e1neo Sol\",\"url\":\"https:\\\/\\\/www.inmsol.com\\\/de\\\/\",\"logo\":{\"@type\":\"ImageObject\",\"inLanguage\":\"de\",\"@id\":\"https:\\\/\\\/www.inmsol.com\\\/de\\\/#\\\/schema\\\/logo\\\/image\\\/\",\"url\":\"https:\\\/\\\/www.inmsol.com\\\/wp-content\\\/uploads\\\/2023\\\/06\\\/logo-inmsol-1.png\",\"contentUrl\":\"https:\\\/\\\/www.inmsol.com\\\/wp-content\\\/uploads\\\/2023\\\/06\\\/logo-inmsol-1.png\",\"width\":136,\"height\":73,\"caption\":\"Instituto Mediterr\u00e1neo Sol\"},\"image\":{\"@id\":\"https:\\\/\\\/www.inmsol.com\\\/de\\\/#\\\/schema\\\/logo\\\/image\\\/\"},\"sameAs\":[\"https:\\\/\\\/www.facebook.com\\\/spanishcourses\",\"https:\\\/\\\/x.com\\\/StudyInGranada\",\"http:\\\/\\\/instagram.com\\\/imsolgranada\",\"https:\\\/\\\/es.linkedin.com\\\/company\\\/imsol-granada\",\"https:\\\/\\\/www.pinterest.es\\\/inmsol\\\/\",\"https:\\\/\\\/www.youtube.com\\\/channel\\\/UChz-Qn_7coFMosY85iYMO4g\"]}]}<\/script>\n<!-- \/ Yoast SEO plugin. -->","yoast_head_json":{"title":"Konversationskurs Spanisch und spanischer Wortschatz | iNMSOL","description":"\u00dcben Sie Ihren m\u00fcndlichen Ausdruck auf Spanisch mit unseremKonversationskurs auf kommunikative und unterhaltsame Weise in Granada.","robots":{"index":"index","follow":"follow","max-snippet":"max-snippet:-1","max-image-preview":"max-image-preview:large","max-video-preview":"max-video-preview:-1"},"canonical":"https:\/\/www.inmsol.com\/de\/producto\/konversationskurs-spanisch-und-spanischer-wortschatz\/","og_locale":"de_DE","og_type":"article","og_title":"Gram\u00e1tica espa\u00f1ola","og_description":"Estudia la gram\u00e1tica espa\u00f1ola en Granada, de una forma comunicativa y entretenida. Los cursos de gram\u00e1tica se componen de 10 clases por semana.","og_url":"https:\/\/www.inmsol.com\/de\/producto\/konversationskurs-spanisch-und-spanischer-wortschatz\/","og_site_name":"iNMSOL","article_publisher":"https:\/\/www.facebook.com\/spanishcourses","article_modified_time":"2026-03-31T09:53:41+00:00","og_image":[{"width":1000,"height":1000,"url":"https:\/\/www.inmsol.com\/wp-content\/uploads\/2023\/01\/Curso-conversacion.jpg","type":"image\/jpeg"}],"twitter_misc":{"Gesch\u00e4tzte Lesezeit":"1\u00a0Minute"},"schema":{"@context":"https:\/\/schema.org","@graph":[{"@type":"WebPage","@id":"https:\/\/www.inmsol.com\/de\/producto\/konversationskurs-spanisch-und-spanischer-wortschatz\/","url":"https:\/\/www.inmsol.com\/de\/producto\/konversationskurs-spanisch-und-spanischer-wortschatz\/","name":"Konversationskurs Spanisch und spanischer Wortschatz | iNMSOL","isPartOf":{"@id":"https:\/\/www.inmsol.com\/de\/#website"},"primaryImageOfPage":{"@id":"https:\/\/www.inmsol.com\/de\/producto\/konversationskurs-spanisch-und-spanischer-wortschatz\/#primaryimage"},"image":{"@id":"https:\/\/www.inmsol.com\/de\/producto\/konversationskurs-spanisch-und-spanischer-wortschatz\/#primaryimage"},"thumbnailUrl":"https:\/\/www.inmsol.com\/wp-content\/uploads\/2023\/01\/Curso-conversacion.jpg","datePublished":"2023-01-11T16:58:47+00:00","dateModified":"2026-03-31T09:53:41+00:00","description":"\u00dcben Sie Ihren m\u00fcndlichen Ausdruck auf Spanisch mit unseremKonversationskurs auf kommunikative und unterhaltsame Weise in Granada.","breadcrumb":{"@id":"https:\/\/www.inmsol.com\/de\/producto\/konversationskurs-spanisch-und-spanischer-wortschatz\/#breadcrumb"},"inLanguage":"de","potentialAction":[{"@type":"ReadAction","target":["https:\/\/www.inmsol.com\/de\/producto\/konversationskurs-spanisch-und-spanischer-wortschatz\/"]}]},{"@type":"ImageObject","inLanguage":"de","@id":"https:\/\/www.inmsol.com\/de\/producto\/konversationskurs-spanisch-und-spanischer-wortschatz\/#primaryimage","url":"https:\/\/www.inmsol.com\/wp-content\/uploads\/2023\/01\/Curso-conversacion.jpg","contentUrl":"https:\/\/www.inmsol.com\/wp-content\/uploads\/2023\/01\/Curso-conversacion.jpg","width":1000,"height":1000},{"@type":"BreadcrumbList","@id":"https:\/\/www.inmsol.com\/de\/producto\/konversationskurs-spanisch-und-spanischer-wortschatz\/#breadcrumb","itemListElement":[{"@type":"ListItem","position":1,"name":"Accredited Center by Instituto Cervantes","item":"https:\/\/www.inmsol.com\/de\/pagina-ejemplo\/"},{"@type":"ListItem","position":2,"name":"Kurse","item":"https:\/\/www.inmsol.com\/de\/kurse\/"},{"@type":"ListItem","position":3,"name":"Konversationskurs Spanisch und spanischer Wortschatz"}]},{"@type":"WebSite","@id":"https:\/\/www.inmsol.com\/de\/#website","url":"https:\/\/www.inmsol.com\/de\/","name":"iNMSOL","description":"Lerne Spanisch mit uns - Cervantes akkreditiertes Lernzentrum","publisher":{"@id":"https:\/\/www.inmsol.com\/de\/#organization"},"potentialAction":[{"@type":"SearchAction","target":{"@type":"EntryPoint","urlTemplate":"https:\/\/www.inmsol.com\/de\/?s={search_term_string}"},"query-input":{"@type":"PropertyValueSpecification","valueRequired":true,"valueName":"search_term_string"}}],"inLanguage":"de"},{"@type":"Organization","@id":"https:\/\/www.inmsol.com\/de\/#organization","name":"Instituto Mediterr\u00e1neo Sol","url":"https:\/\/www.inmsol.com\/de\/","logo":{"@type":"ImageObject","inLanguage":"de","@id":"https:\/\/www.inmsol.com\/de\/#\/schema\/logo\/image\/","url":"https:\/\/www.inmsol.com\/wp-content\/uploads\/2023\/06\/logo-inmsol-1.png","contentUrl":"https:\/\/www.inmsol.com\/wp-content\/uploads\/2023\/06\/logo-inmsol-1.png","width":136,"height":73,"caption":"Instituto Mediterr\u00e1neo Sol"},"image":{"@id":"https:\/\/www.inmsol.com\/de\/#\/schema\/logo\/image\/"},"sameAs":["https:\/\/www.facebook.com\/spanishcourses","https:\/\/x.com\/StudyInGranada","http:\/\/instagram.com\/imsolgranada","https:\/\/es.linkedin.com\/company\/imsol-granada","https:\/\/www.pinterest.es\/inmsol\/","https:\/\/www.youtube.com\/channel\/UChz-Qn_7coFMosY85iYMO4g"]}]}},"_links":{"self":[{"href":"https:\/\/www.inmsol.com\/de\/wp-json\/wp\/v2\/product\/65675","targetHints":{"allow":["GET"]}}],"collection":[{"href":"https:\/\/www.inmsol.com\/de\/wp-json\/wp\/v2\/product"}],"about":[{"href":"https:\/\/www.inmsol.com\/de\/wp-json\/wp\/v2\/types\/product"}],"wp:featuredmedia":[{"embeddable":true,"href":"https:\/\/www.inmsol.com\/de\/wp-json\/wp\/v2\/media\/65829"}],"wp:attachment":[{"href":"https:\/\/www.inmsol.com\/de\/wp-json\/wp\/v2\/media?parent=65675"}],"wp:term":[{"taxonomy":"product_brand","embeddable":true,"href":"https:\/\/www.inmsol.com\/de\/wp-json\/wp\/v2\/product_brand?post=65675"},{"taxonomy":"product_cat","embeddable":true,"href":"https:\/\/www.inmsol.com\/de\/wp-json\/wp\/v2\/product_cat?post=65675"},{"taxonomy":"product_tag","embeddable":true,"href":"https:\/\/www.inmsol.com\/de\/wp-json\/wp\/v2\/product_tag?post=65675"}],"curies":[{"name":"wp","href":"https:\/\/api.w.org\/{rel}","templated":true}]}}