{"id":66534,"date":"2023-01-12T16:32:59","date_gmt":"2023-01-12T15:32:59","guid":{"rendered":"https:\/\/www.inmsol.com\/?post_type=product&#038;p=66534"},"modified":"2026-03-31T11:33:54","modified_gmt":"2026-03-31T09:33:54","slug":"hispanistik-kurs","status":"publish","type":"product","link":"https:\/\/www.inmsol.com\/de\/producto\/hispanistik-kurs\/","title":{"rendered":"Hispanistik-Kurs"},"content":{"rendered":"<p>Diese Kurse vermitteln den Kursteilnehmer\/-innen ein breites Wissen \u00fcber die spanische Sprache im literarischen, historischen, kulturellen und wirtschaftlichen Kontext, so dass sie die spanische Realit\u00e4t in verschiedenen Bereichen kennenlernen. Dar\u00fcber hinaus werden allgemeine Aspekte des Spanischen als Sprache und als sprachliches Mittel sowie die Geschichte, Kultur, Literatur und der Handel in Spanien behandelt. F\u00fcr diesen Kurs m\u00fcssen die Teilnehmer\/-innen <strong>mindestens das Niveau B1 <\/strong>haben. Kurs bestehend aus 4 Lektionen pro Tag, die wie folgt organisiert sind:<\/p>\n<ul>\n<li>2 Lektionen Grammatik oder Konversation pro Tag<\/li>\n<li>2 Lektionen zu spezifischen Hispanistik-Themen pro Tag<\/li>\n<\/ul>\n<p>Die spezifischen Themen sind 2 F\u00e4cher, die von der Kursteilnehmerin\/vom Kursteilnehmer ausgew\u00e4hlt werden:<\/p>\n<p>1. Spanische und lateinamerikanische Literatur<br \/>\n2. Spanische und lateinamerikanische Geschichte<br \/>\n3. Spanische und lateinamerikanische Kultur<\/p>\n<p>&nbsp;<\/p>\n<p><a href=\"https:\/\/www.inmsol.com\/wp-content\/uploads\/2023\/01\/Curso-general-de-estudios-hispanicos.jpg\" target=\"_blank\" rel=\"noopener\"><img fetchpriority=\"high\" decoding=\"async\" class=\"aligncenter wp-image-67006 size-full\" title=\"Estudios hisp\u00e1nicos en Granada\" src=\"https:\/\/www.inmsol.com\/wp-content\/uploads\/2023\/01\/Curso-general-de-estudios-hispanicos.jpg\" alt=\"Estudios hisp\u00e1nicos\" width=\"1010\" height=\"500\" srcset=\"https:\/\/www.inmsol.com\/wp-content\/uploads\/2023\/01\/Curso-general-de-estudios-hispanicos.jpg 1010w, https:\/\/www.inmsol.com\/wp-content\/uploads\/2023\/01\/Curso-general-de-estudios-hispanicos-800x396.jpg 800w, https:\/\/www.inmsol.com\/wp-content\/uploads\/2023\/01\/Curso-general-de-estudios-hispanicos-64x32.jpg 64w, https:\/\/www.inmsol.com\/wp-content\/uploads\/2023\/01\/Curso-general-de-estudios-hispanicos-460x228.jpg 460w, https:\/\/www.inmsol.com\/wp-content\/uploads\/2023\/01\/Curso-general-de-estudios-hispanicos-768x380.jpg 768w, https:\/\/www.inmsol.com\/wp-content\/uploads\/2023\/01\/Curso-general-de-estudios-hispanicos-250x124.jpg 250w, https:\/\/www.inmsol.com\/wp-content\/uploads\/2023\/01\/Curso-general-de-estudios-hispanicos-600x297.jpg 600w\" sizes=\"(max-width: 1010px) 100vw, 1010px\" \/><\/a><\/p>\n<p>Der Unterricht findet vom ersten Tag an vollst\u00e4ndig auf Spanisch statt. Die Einschreibegeb\u00fchr beinhaltet den <em>Online-Einstufungstest<\/em>, Unterricht von Montag bis Freitag, <em>w\u00f6chentliche Aktivit\u00e4ten<\/em> und eine <em>Teilnahmebescheinigung<\/em> am Ende des Kurses. Jede Lektion dauert 45 Minuten.<\/p>\n<style>\n.btn-descarga {<br \/>\n    display: inline-block !important;<br \/>\n    background-color: #ad0228 !important;<br \/>\n    color: white !important;<br \/>\n    padding: 8px 16px !important;<br \/>\n    font-size: 14px !important;<br \/>\n    font-weight: bold !important;<br \/>\n    text-decoration: none !important;<br \/>\n    border-radius: 5px !important;<br \/>\n    transition: background-color 0.3s ease !important;<br \/>\n    cursor: pointer !important;<br \/>\n    border: none !important;<br \/>\n}<\/p>\n<p>.btn-descarga:hover {<br \/>\n    background-color: #8b0120 !important;<br \/>\n    color: white !important;<br \/>\n    text-decoration: none !important;<br \/>\n}<br \/>\n<\/style>\n<p><a class=\"btn-descarga\" href=\"https:\/\/www.inmsol.com\/wp-content\/uploads\/2026\/03\/Objetivos_contenidos_cursos-especificos_2026_iNMSOL.pdf\" target=\"_blank\" rel=\"noopener\"><br \/>\n\ud83d\udcc4 Kursinhalte<br \/>\n<\/a><\/p>\n<h4>Allgemeine Bedingungen in Abh\u00e4ngigkeit von der Teilnehmerzahl in den Kursen:<\/h4>\n<p>Falls der Kurs 2 Unterrichtsstunden pro Tag umfasst: Der Teilnehmer erh\u00e4lt die gesamte Anzahl der gebuchten Unterrichtsstunden, auch wenn er der einzige Teilnehmer ist, unabh\u00e4ngig von seinem Niveau.<\/p>\n<p>Bitte lesen Sie unsere <a href=\"https:\/\/www.inmsol.com\/de\/informationen-und-bedingungen\/\">allgemeinen Gesch\u00e4ftsbedingungen<\/a> nach.<\/p>\n","protected":false},"excerpt":{"rendered":"<p>Hispanistik-Kurs von 20 Lektionen\/Woche.<\/p>\n","protected":false},"featured_media":67016,"template":"","meta":{"_acf_changed":false},"product_brand":[],"product_cat":[896,891,898,897,1181],"product_tag":[],"class_list":{"0":"post-66534","1":"product","2":"type-product","3":"status-publish","4":"has-post-thumbnail","6":"product_cat-b1-de","7":"product_cat-b2-de","8":"product_cat-c1-de","9":"product_cat-c2-de","10":"product_cat-hispanic-studies-de","12":"first","13":"instock","14":"sold-individually","15":"purchasable","16":"product-type-variable"},"acf":[],"yoast_head":"<!-- This site is optimized with the Yoast SEO plugin v27.4 - https:\/\/yoast.com\/product\/yoast-seo-wordpress\/ -->\n<title>Hispanistik-Kurs | iNMSOL<\/title>\n<meta name=\"description\" content=\"Erwerben Sie umfassende Kenntnisse der spanischen Sprache imliterarischen, historischen, kulturellen und wirtschaftlichen Kontext Spaniens und Lateinamerikas.\" \/>\n<meta name=\"robots\" content=\"index, follow, max-snippet:-1, max-image-preview:large, max-video-preview:-1\" \/>\n<link rel=\"canonical\" href=\"https:\/\/www.inmsol.com\/de\/producto\/hispanistik-kurs\/\" \/>\n<meta property=\"og:locale\" content=\"de_DE\" \/>\n<meta property=\"og:type\" content=\"article\" \/>\n<meta property=\"og:title\" content=\"Estudios hisp\u00e1nicos en Granada\" \/>\n<meta property=\"og:description\" content=\"Obt\u00e9n un conocimiento amplio del espa\u00f1ol dentro de contextos literarios, hist\u00f3ricos, culturales y comerciales, tanto de Espa\u00f1a como de Latinoam\u00e9rica.\" \/>\n<meta property=\"og:url\" content=\"https:\/\/www.inmsol.com\/de\/producto\/hispanistik-kurs\/\" \/>\n<meta property=\"og:site_name\" content=\"iNMSOL\" \/>\n<meta property=\"article:publisher\" content=\"https:\/\/www.facebook.com\/spanishcourses\" \/>\n<meta property=\"article:modified_time\" content=\"2026-03-31T09:33:54+00:00\" \/>\n<meta property=\"og:image\" content=\"https:\/\/www.inmsol.com\/wp-content\/uploads\/2023\/01\/Curso-de-estudios-hispanicos.jpg\" \/>\n\t<meta property=\"og:image:width\" content=\"1000\" \/>\n\t<meta property=\"og:image:height\" content=\"1000\" \/>\n\t<meta property=\"og:image:type\" content=\"image\/jpeg\" \/>\n<meta name=\"twitter:label1\" content=\"Gesch\u00e4tzte Lesezeit\" \/>\n\t<meta name=\"twitter:data1\" content=\"2\u00a0Minuten\" \/>\n<script type=\"application\/ld+json\" class=\"yoast-schema-graph\">{\"@context\":\"https:\\\/\\\/schema.org\",\"@graph\":[{\"@type\":\"WebPage\",\"@id\":\"https:\\\/\\\/www.inmsol.com\\\/de\\\/producto\\\/hispanistik-kurs\\\/\",\"url\":\"https:\\\/\\\/www.inmsol.com\\\/de\\\/producto\\\/hispanistik-kurs\\\/\",\"name\":\"Hispanistik-Kurs | iNMSOL\",\"isPartOf\":{\"@id\":\"https:\\\/\\\/www.inmsol.com\\\/de\\\/#website\"},\"primaryImageOfPage\":{\"@id\":\"https:\\\/\\\/www.inmsol.com\\\/de\\\/producto\\\/hispanistik-kurs\\\/#primaryimage\"},\"image\":{\"@id\":\"https:\\\/\\\/www.inmsol.com\\\/de\\\/producto\\\/hispanistik-kurs\\\/#primaryimage\"},\"thumbnailUrl\":\"https:\\\/\\\/www.inmsol.com\\\/wp-content\\\/uploads\\\/2023\\\/01\\\/Curso-de-estudios-hispanicos.jpg\",\"datePublished\":\"2023-01-12T15:32:59+00:00\",\"dateModified\":\"2026-03-31T09:33:54+00:00\",\"description\":\"Erwerben Sie umfassende Kenntnisse der spanischen Sprache imliterarischen, historischen, kulturellen und wirtschaftlichen Kontext Spaniens und Lateinamerikas.\",\"breadcrumb\":{\"@id\":\"https:\\\/\\\/www.inmsol.com\\\/de\\\/producto\\\/hispanistik-kurs\\\/#breadcrumb\"},\"inLanguage\":\"de\",\"potentialAction\":[{\"@type\":\"ReadAction\",\"target\":[\"https:\\\/\\\/www.inmsol.com\\\/de\\\/producto\\\/hispanistik-kurs\\\/\"]}]},{\"@type\":\"ImageObject\",\"inLanguage\":\"de\",\"@id\":\"https:\\\/\\\/www.inmsol.com\\\/de\\\/producto\\\/hispanistik-kurs\\\/#primaryimage\",\"url\":\"https:\\\/\\\/www.inmsol.com\\\/wp-content\\\/uploads\\\/2023\\\/01\\\/Curso-de-estudios-hispanicos.jpg\",\"contentUrl\":\"https:\\\/\\\/www.inmsol.com\\\/wp-content\\\/uploads\\\/2023\\\/01\\\/Curso-de-estudios-hispanicos.jpg\",\"width\":1000,\"height\":1000},{\"@type\":\"BreadcrumbList\",\"@id\":\"https:\\\/\\\/www.inmsol.com\\\/de\\\/producto\\\/hispanistik-kurs\\\/#breadcrumb\",\"itemListElement\":[{\"@type\":\"ListItem\",\"position\":1,\"name\":\"Accredited Center by Instituto Cervantes\",\"item\":\"https:\\\/\\\/www.inmsol.com\\\/de\\\/pagina-ejemplo\\\/\"},{\"@type\":\"ListItem\",\"position\":2,\"name\":\"Kurse\",\"item\":\"https:\\\/\\\/www.inmsol.com\\\/de\\\/kurse\\\/\"},{\"@type\":\"ListItem\",\"position\":3,\"name\":\"Hispanistik-Kurs\"}]},{\"@type\":\"WebSite\",\"@id\":\"https:\\\/\\\/www.inmsol.com\\\/de\\\/#website\",\"url\":\"https:\\\/\\\/www.inmsol.com\\\/de\\\/\",\"name\":\"iNMSOL\",\"description\":\"Lerne Spanisch mit uns - Cervantes akkreditiertes Lernzentrum\",\"publisher\":{\"@id\":\"https:\\\/\\\/www.inmsol.com\\\/de\\\/#organization\"},\"potentialAction\":[{\"@type\":\"SearchAction\",\"target\":{\"@type\":\"EntryPoint\",\"urlTemplate\":\"https:\\\/\\\/www.inmsol.com\\\/de\\\/?s={search_term_string}\"},\"query-input\":{\"@type\":\"PropertyValueSpecification\",\"valueRequired\":true,\"valueName\":\"search_term_string\"}}],\"inLanguage\":\"de\"},{\"@type\":\"Organization\",\"@id\":\"https:\\\/\\\/www.inmsol.com\\\/de\\\/#organization\",\"name\":\"Instituto Mediterr\u00e1neo Sol\",\"url\":\"https:\\\/\\\/www.inmsol.com\\\/de\\\/\",\"logo\":{\"@type\":\"ImageObject\",\"inLanguage\":\"de\",\"@id\":\"https:\\\/\\\/www.inmsol.com\\\/de\\\/#\\\/schema\\\/logo\\\/image\\\/\",\"url\":\"https:\\\/\\\/www.inmsol.com\\\/wp-content\\\/uploads\\\/2023\\\/06\\\/logo-inmsol-1.png\",\"contentUrl\":\"https:\\\/\\\/www.inmsol.com\\\/wp-content\\\/uploads\\\/2023\\\/06\\\/logo-inmsol-1.png\",\"width\":136,\"height\":73,\"caption\":\"Instituto Mediterr\u00e1neo Sol\"},\"image\":{\"@id\":\"https:\\\/\\\/www.inmsol.com\\\/de\\\/#\\\/schema\\\/logo\\\/image\\\/\"},\"sameAs\":[\"https:\\\/\\\/www.facebook.com\\\/spanishcourses\",\"https:\\\/\\\/x.com\\\/StudyInGranada\",\"http:\\\/\\\/instagram.com\\\/imsolgranada\",\"https:\\\/\\\/es.linkedin.com\\\/company\\\/imsol-granada\",\"https:\\\/\\\/www.pinterest.es\\\/inmsol\\\/\",\"https:\\\/\\\/www.youtube.com\\\/channel\\\/UChz-Qn_7coFMosY85iYMO4g\"]}]}<\/script>\n<!-- \/ Yoast SEO plugin. -->","yoast_head_json":{"title":"Hispanistik-Kurs | iNMSOL","description":"Erwerben Sie umfassende Kenntnisse der spanischen Sprache imliterarischen, historischen, kulturellen und wirtschaftlichen Kontext Spaniens und Lateinamerikas.","robots":{"index":"index","follow":"follow","max-snippet":"max-snippet:-1","max-image-preview":"max-image-preview:large","max-video-preview":"max-video-preview:-1"},"canonical":"https:\/\/www.inmsol.com\/de\/producto\/hispanistik-kurs\/","og_locale":"de_DE","og_type":"article","og_title":"Estudios hisp\u00e1nicos en Granada","og_description":"Obt\u00e9n un conocimiento amplio del espa\u00f1ol dentro de contextos literarios, hist\u00f3ricos, culturales y comerciales, tanto de Espa\u00f1a como de Latinoam\u00e9rica.","og_url":"https:\/\/www.inmsol.com\/de\/producto\/hispanistik-kurs\/","og_site_name":"iNMSOL","article_publisher":"https:\/\/www.facebook.com\/spanishcourses","article_modified_time":"2026-03-31T09:33:54+00:00","og_image":[{"width":1000,"height":1000,"url":"https:\/\/www.inmsol.com\/wp-content\/uploads\/2023\/01\/Curso-de-estudios-hispanicos.jpg","type":"image\/jpeg"}],"twitter_misc":{"Gesch\u00e4tzte Lesezeit":"2\u00a0Minuten"},"schema":{"@context":"https:\/\/schema.org","@graph":[{"@type":"WebPage","@id":"https:\/\/www.inmsol.com\/de\/producto\/hispanistik-kurs\/","url":"https:\/\/www.inmsol.com\/de\/producto\/hispanistik-kurs\/","name":"Hispanistik-Kurs | iNMSOL","isPartOf":{"@id":"https:\/\/www.inmsol.com\/de\/#website"},"primaryImageOfPage":{"@id":"https:\/\/www.inmsol.com\/de\/producto\/hispanistik-kurs\/#primaryimage"},"image":{"@id":"https:\/\/www.inmsol.com\/de\/producto\/hispanistik-kurs\/#primaryimage"},"thumbnailUrl":"https:\/\/www.inmsol.com\/wp-content\/uploads\/2023\/01\/Curso-de-estudios-hispanicos.jpg","datePublished":"2023-01-12T15:32:59+00:00","dateModified":"2026-03-31T09:33:54+00:00","description":"Erwerben Sie umfassende Kenntnisse der spanischen Sprache imliterarischen, historischen, kulturellen und wirtschaftlichen Kontext Spaniens und Lateinamerikas.","breadcrumb":{"@id":"https:\/\/www.inmsol.com\/de\/producto\/hispanistik-kurs\/#breadcrumb"},"inLanguage":"de","potentialAction":[{"@type":"ReadAction","target":["https:\/\/www.inmsol.com\/de\/producto\/hispanistik-kurs\/"]}]},{"@type":"ImageObject","inLanguage":"de","@id":"https:\/\/www.inmsol.com\/de\/producto\/hispanistik-kurs\/#primaryimage","url":"https:\/\/www.inmsol.com\/wp-content\/uploads\/2023\/01\/Curso-de-estudios-hispanicos.jpg","contentUrl":"https:\/\/www.inmsol.com\/wp-content\/uploads\/2023\/01\/Curso-de-estudios-hispanicos.jpg","width":1000,"height":1000},{"@type":"BreadcrumbList","@id":"https:\/\/www.inmsol.com\/de\/producto\/hispanistik-kurs\/#breadcrumb","itemListElement":[{"@type":"ListItem","position":1,"name":"Accredited Center by Instituto Cervantes","item":"https:\/\/www.inmsol.com\/de\/pagina-ejemplo\/"},{"@type":"ListItem","position":2,"name":"Kurse","item":"https:\/\/www.inmsol.com\/de\/kurse\/"},{"@type":"ListItem","position":3,"name":"Hispanistik-Kurs"}]},{"@type":"WebSite","@id":"https:\/\/www.inmsol.com\/de\/#website","url":"https:\/\/www.inmsol.com\/de\/","name":"iNMSOL","description":"Lerne Spanisch mit uns - Cervantes akkreditiertes Lernzentrum","publisher":{"@id":"https:\/\/www.inmsol.com\/de\/#organization"},"potentialAction":[{"@type":"SearchAction","target":{"@type":"EntryPoint","urlTemplate":"https:\/\/www.inmsol.com\/de\/?s={search_term_string}"},"query-input":{"@type":"PropertyValueSpecification","valueRequired":true,"valueName":"search_term_string"}}],"inLanguage":"de"},{"@type":"Organization","@id":"https:\/\/www.inmsol.com\/de\/#organization","name":"Instituto Mediterr\u00e1neo Sol","url":"https:\/\/www.inmsol.com\/de\/","logo":{"@type":"ImageObject","inLanguage":"de","@id":"https:\/\/www.inmsol.com\/de\/#\/schema\/logo\/image\/","url":"https:\/\/www.inmsol.com\/wp-content\/uploads\/2023\/06\/logo-inmsol-1.png","contentUrl":"https:\/\/www.inmsol.com\/wp-content\/uploads\/2023\/06\/logo-inmsol-1.png","width":136,"height":73,"caption":"Instituto Mediterr\u00e1neo Sol"},"image":{"@id":"https:\/\/www.inmsol.com\/de\/#\/schema\/logo\/image\/"},"sameAs":["https:\/\/www.facebook.com\/spanishcourses","https:\/\/x.com\/StudyInGranada","http:\/\/instagram.com\/imsolgranada","https:\/\/es.linkedin.com\/company\/imsol-granada","https:\/\/www.pinterest.es\/inmsol\/","https:\/\/www.youtube.com\/channel\/UChz-Qn_7coFMosY85iYMO4g"]}]}},"_links":{"self":[{"href":"https:\/\/www.inmsol.com\/de\/wp-json\/wp\/v2\/product\/66534","targetHints":{"allow":["GET"]}}],"collection":[{"href":"https:\/\/www.inmsol.com\/de\/wp-json\/wp\/v2\/product"}],"about":[{"href":"https:\/\/www.inmsol.com\/de\/wp-json\/wp\/v2\/types\/product"}],"wp:featuredmedia":[{"embeddable":true,"href":"https:\/\/www.inmsol.com\/de\/wp-json\/wp\/v2\/media\/67016"}],"wp:attachment":[{"href":"https:\/\/www.inmsol.com\/de\/wp-json\/wp\/v2\/media?parent=66534"}],"wp:term":[{"taxonomy":"product_brand","embeddable":true,"href":"https:\/\/www.inmsol.com\/de\/wp-json\/wp\/v2\/product_brand?post=66534"},{"taxonomy":"product_cat","embeddable":true,"href":"https:\/\/www.inmsol.com\/de\/wp-json\/wp\/v2\/product_cat?post=66534"},{"taxonomy":"product_tag","embeddable":true,"href":"https:\/\/www.inmsol.com\/de\/wp-json\/wp\/v2\/product_tag?post=66534"}],"curies":[{"name":"wp","href":"https:\/\/api.w.org\/{rel}","templated":true}]}}