{"id":67799,"date":"2023-01-16T18:40:02","date_gmt":"2023-01-16T17:40:02","guid":{"rendered":"https:\/\/www.inmsol.com\/?post_type=product&#038;p=67799"},"modified":"2026-03-30T18:29:41","modified_gmt":"2026-03-30T16:29:41","slug":"spanischkurs-fuer-mediziner","status":"publish","type":"product","link":"https:\/\/www.inmsol.com\/de\/producto\/spanischkurs-fuer-mediziner\/","title":{"rendered":"Spanischkurs f\u00fcr Mediziner"},"content":{"rendered":"<p>Eignen Sie sich die erforderlichen Instrumente an, um Spanisch im medizinischen Fachbereich zu verwenden. Erlangen Sie die sprachliche Kompetenz in gegenw\u00e4rtigen oder zuk\u00fcnftigen beruflichen Erfahrungen im Gesundheitswesen. Dieser Kurs besteht aus 2 Lektionen pro Tag, die wie folgt organisiert sind:<\/p>\n<ul>\n<li>2 Lektionen Spanisch f\u00fcr Mediziner pro Tag<\/li>\n<\/ul>\n<p>&nbsp;<\/p>\n<p><a href=\"https:\/\/www.inmsol.com\/wp-content\/uploads\/2023\/01\/6.-Espanol-de-la-salud.jpg\" target=\"_blank\" rel=\"noopener\"><img fetchpriority=\"high\" decoding=\"async\" class=\"aligncenter wp-image-67867 size-full\" title=\"Espa\u00f1ol de la salud\" src=\"https:\/\/www.inmsol.com\/wp-content\/uploads\/2023\/01\/6.-Espanol-de-la-salud.jpg\" alt=\"Espa\u00f1ol de la salud en Granada\" width=\"1010\" height=\"500\" srcset=\"https:\/\/www.inmsol.com\/wp-content\/uploads\/2023\/01\/6.-Espanol-de-la-salud.jpg 1010w, https:\/\/www.inmsol.com\/wp-content\/uploads\/2023\/01\/6.-Espanol-de-la-salud-800x396.jpg 800w, https:\/\/www.inmsol.com\/wp-content\/uploads\/2023\/01\/6.-Espanol-de-la-salud-64x32.jpg 64w, https:\/\/www.inmsol.com\/wp-content\/uploads\/2023\/01\/6.-Espanol-de-la-salud-460x228.jpg 460w, https:\/\/www.inmsol.com\/wp-content\/uploads\/2023\/01\/6.-Espanol-de-la-salud-768x380.jpg 768w, https:\/\/www.inmsol.com\/wp-content\/uploads\/2023\/01\/6.-Espanol-de-la-salud-250x124.jpg 250w, https:\/\/www.inmsol.com\/wp-content\/uploads\/2023\/01\/6.-Espanol-de-la-salud-600x297.jpg 600w\" sizes=\"(max-width: 1010px) 100vw, 1010px\" \/><\/a><\/p>\n<p>Der Unterricht findet vom ersten Tag an vollst\u00e4ndig auf Spanisch statt. Die Einschreibegeb\u00fchr beinhaltet den <em>Online-Einstufungstest<\/em>, Unterricht von Montag bis Freitag, <em>w\u00f6chentliche Aktivit\u00e4ten<\/em> und eine <em>Teilnahmebescheinigung<\/em> am Ende des Kurses. Jede Lektion dauert 45 Minuten.<\/p>\n<style>\n.btn-descarga {\n    display: inline-block !important;\n    background-color: #ad0228 !important;\n    color: white !important;\n    padding: 8px 16px !important;\n    font-size: 14px !important;\n    font-weight: bold !important;\n    text-decoration: none !important;\n    border-radius: 5px !important;\n    transition: background-color 0.3s ease !important;\n    cursor: pointer !important;\n    border: none !important;\n}<\/p>\n<p>.btn-descarga:hover {\n    background-color: #8b0120 !important;\n    color: white !important;\n    text-decoration: none !important;\n}\n<\/style>\n<p><a href=\"https:\/\/www.inmsol.com\/wp-content\/uploads\/2026\/03\/Objetivos_contenidos_cursos-especificos_2026_iNMSOL.pdf\" target=\"_blank\" class=\"btn-descarga\"><br \/>\n    \ud83d\udcc4 Kursinhalt<br \/>\n<\/a>&nbsp;<\/p>\n<p>&nbsp;<\/p>\n<h4>Allgemeine Bedingungen in Abh\u00e4ngigkeit von der Teilnehmerzahl in den Kursen:<\/h4>\n<p>Falls der Kurs 2 Unterrichtsstunden pro Tag umfasst: Der Teilnehmer erh\u00e4lt die gesamte Anzahl der gebuchten Unterrichtsstunden, auch wenn er der einzige Teilnehmer ist, unabh\u00e4ngig von seinem Niveau.<\/p>\n<p>Bitte lesen Sie unsere <a href=\"https:\/\/www.inmsol.com\/de\/informationen-und-bedingungen\/\">allgemeinen Gesch\u00e4ftsbedingungen<\/a> nach.<\/p>\n","protected":false},"excerpt":{"rendered":"<p>Spanischkurs f\u00fcr Mediziner von 10 Lektionen\/Woche.<\/p>\n","protected":false},"featured_media":67863,"template":"","meta":{"_acf_changed":false},"product_brand":[],"product_cat":[896,891,898,897,1185],"product_tag":[],"class_list":{"0":"post-67799","1":"product","2":"type-product","3":"status-publish","4":"has-post-thumbnail","6":"product_cat-b1-de","7":"product_cat-b2-de","8":"product_cat-c1-de","9":"product_cat-c2-de","10":"product_cat-specific-purposes-de","12":"first","13":"instock","14":"sold-individually","15":"purchasable","16":"product-type-variable"},"acf":[],"yoast_head":"<!-- This site is optimized with the Yoast SEO plugin v27.4 - https:\/\/yoast.com\/product\/yoast-seo-wordpress\/ -->\n<title>Spanischkurs f\u00fcr Mediziner | iNMSOL<\/title>\n<meta name=\"description\" content=\"Eignen Sie sich die erforderlichen Instrumente an, um Spanisch im medizinischen Fachbereich in allen seinen Aspekten zu verwenden.\" \/>\n<meta name=\"robots\" content=\"index, follow, max-snippet:-1, max-image-preview:large, max-video-preview:-1\" \/>\n<link rel=\"canonical\" href=\"https:\/\/www.inmsol.com\/de\/producto\/spanischkurs-fuer-mediziner\/\" \/>\n<meta property=\"og:locale\" content=\"de_DE\" \/>\n<meta property=\"og:type\" content=\"article\" \/>\n<meta property=\"og:title\" content=\"Espa\u00f1ol de la salud\" \/>\n<meta property=\"og:description\" content=\"Adquiere las herramientas espec\u00edficas para utilizar el espa\u00f1ol en un \u00e1mbito profesional sanitario. Consigue ser competente en experiencias profesionales sanitarias presentes o futuras.\" \/>\n<meta property=\"og:url\" content=\"https:\/\/www.inmsol.com\/de\/producto\/spanischkurs-fuer-mediziner\/\" \/>\n<meta property=\"og:site_name\" content=\"iNMSOL\" \/>\n<meta property=\"article:publisher\" content=\"https:\/\/www.facebook.com\/spanishcourses\" \/>\n<meta property=\"article:modified_time\" content=\"2026-03-30T16:29:41+00:00\" \/>\n<meta property=\"og:image\" content=\"https:\/\/www.inmsol.com\/wp-content\/uploads\/2023\/01\/6.-Espanol-de-la-salud.jpg\" \/>\n<meta name=\"twitter:label1\" content=\"Gesch\u00e4tzte Lesezeit\" \/>\n\t<meta name=\"twitter:data1\" content=\"1\u00a0Minute\" \/>\n<script type=\"application\/ld+json\" class=\"yoast-schema-graph\">{\"@context\":\"https:\\\/\\\/schema.org\",\"@graph\":[{\"@type\":\"WebPage\",\"@id\":\"https:\\\/\\\/www.inmsol.com\\\/de\\\/producto\\\/spanischkurs-fuer-mediziner\\\/\",\"url\":\"https:\\\/\\\/www.inmsol.com\\\/de\\\/producto\\\/spanischkurs-fuer-mediziner\\\/\",\"name\":\"Spanischkurs f\u00fcr Mediziner | iNMSOL\",\"isPartOf\":{\"@id\":\"https:\\\/\\\/www.inmsol.com\\\/de\\\/#website\"},\"primaryImageOfPage\":{\"@id\":\"https:\\\/\\\/www.inmsol.com\\\/de\\\/producto\\\/spanischkurs-fuer-mediziner\\\/#primaryimage\"},\"image\":{\"@id\":\"https:\\\/\\\/www.inmsol.com\\\/de\\\/producto\\\/spanischkurs-fuer-mediziner\\\/#primaryimage\"},\"thumbnailUrl\":\"https:\\\/\\\/www.inmsol.com\\\/wp-content\\\/uploads\\\/2023\\\/01\\\/Espanol-de-la-salud.jpg\",\"datePublished\":\"2023-01-16T17:40:02+00:00\",\"dateModified\":\"2026-03-30T16:29:41+00:00\",\"description\":\"Eignen Sie sich die erforderlichen Instrumente an, um Spanisch im medizinischen Fachbereich in allen seinen Aspekten zu verwenden.\",\"breadcrumb\":{\"@id\":\"https:\\\/\\\/www.inmsol.com\\\/de\\\/producto\\\/spanischkurs-fuer-mediziner\\\/#breadcrumb\"},\"inLanguage\":\"de\",\"potentialAction\":[{\"@type\":\"ReadAction\",\"target\":[\"https:\\\/\\\/www.inmsol.com\\\/de\\\/producto\\\/spanischkurs-fuer-mediziner\\\/\"]}]},{\"@type\":\"ImageObject\",\"inLanguage\":\"de\",\"@id\":\"https:\\\/\\\/www.inmsol.com\\\/de\\\/producto\\\/spanischkurs-fuer-mediziner\\\/#primaryimage\",\"url\":\"https:\\\/\\\/www.inmsol.com\\\/wp-content\\\/uploads\\\/2023\\\/01\\\/Espanol-de-la-salud.jpg\",\"contentUrl\":\"https:\\\/\\\/www.inmsol.com\\\/wp-content\\\/uploads\\\/2023\\\/01\\\/Espanol-de-la-salud.jpg\",\"width\":1000,\"height\":1000},{\"@type\":\"BreadcrumbList\",\"@id\":\"https:\\\/\\\/www.inmsol.com\\\/de\\\/producto\\\/spanischkurs-fuer-mediziner\\\/#breadcrumb\",\"itemListElement\":[{\"@type\":\"ListItem\",\"position\":1,\"name\":\"Accredited Center by Instituto Cervantes\",\"item\":\"https:\\\/\\\/www.inmsol.com\\\/de\\\/pagina-ejemplo\\\/\"},{\"@type\":\"ListItem\",\"position\":2,\"name\":\"Kurse\",\"item\":\"https:\\\/\\\/www.inmsol.com\\\/de\\\/kurse\\\/\"},{\"@type\":\"ListItem\",\"position\":3,\"name\":\"Spanischkurs f\u00fcr Mediziner\"}]},{\"@type\":\"WebSite\",\"@id\":\"https:\\\/\\\/www.inmsol.com\\\/de\\\/#website\",\"url\":\"https:\\\/\\\/www.inmsol.com\\\/de\\\/\",\"name\":\"iNMSOL\",\"description\":\"Lerne Spanisch mit uns - Cervantes akkreditiertes Lernzentrum\",\"publisher\":{\"@id\":\"https:\\\/\\\/www.inmsol.com\\\/de\\\/#organization\"},\"potentialAction\":[{\"@type\":\"SearchAction\",\"target\":{\"@type\":\"EntryPoint\",\"urlTemplate\":\"https:\\\/\\\/www.inmsol.com\\\/de\\\/?s={search_term_string}\"},\"query-input\":{\"@type\":\"PropertyValueSpecification\",\"valueRequired\":true,\"valueName\":\"search_term_string\"}}],\"inLanguage\":\"de\"},{\"@type\":\"Organization\",\"@id\":\"https:\\\/\\\/www.inmsol.com\\\/de\\\/#organization\",\"name\":\"Instituto Mediterr\u00e1neo Sol\",\"url\":\"https:\\\/\\\/www.inmsol.com\\\/de\\\/\",\"logo\":{\"@type\":\"ImageObject\",\"inLanguage\":\"de\",\"@id\":\"https:\\\/\\\/www.inmsol.com\\\/de\\\/#\\\/schema\\\/logo\\\/image\\\/\",\"url\":\"https:\\\/\\\/www.inmsol.com\\\/wp-content\\\/uploads\\\/2023\\\/06\\\/logo-inmsol-1.png\",\"contentUrl\":\"https:\\\/\\\/www.inmsol.com\\\/wp-content\\\/uploads\\\/2023\\\/06\\\/logo-inmsol-1.png\",\"width\":136,\"height\":73,\"caption\":\"Instituto Mediterr\u00e1neo Sol\"},\"image\":{\"@id\":\"https:\\\/\\\/www.inmsol.com\\\/de\\\/#\\\/schema\\\/logo\\\/image\\\/\"},\"sameAs\":[\"https:\\\/\\\/www.facebook.com\\\/spanishcourses\",\"https:\\\/\\\/x.com\\\/StudyInGranada\",\"http:\\\/\\\/instagram.com\\\/imsolgranada\",\"https:\\\/\\\/es.linkedin.com\\\/company\\\/imsol-granada\",\"https:\\\/\\\/www.pinterest.es\\\/inmsol\\\/\",\"https:\\\/\\\/www.youtube.com\\\/channel\\\/UChz-Qn_7coFMosY85iYMO4g\"]}]}<\/script>\n<!-- \/ Yoast SEO plugin. -->","yoast_head_json":{"title":"Spanischkurs f\u00fcr Mediziner | iNMSOL","description":"Eignen Sie sich die erforderlichen Instrumente an, um Spanisch im medizinischen Fachbereich in allen seinen Aspekten zu verwenden.","robots":{"index":"index","follow":"follow","max-snippet":"max-snippet:-1","max-image-preview":"max-image-preview:large","max-video-preview":"max-video-preview:-1"},"canonical":"https:\/\/www.inmsol.com\/de\/producto\/spanischkurs-fuer-mediziner\/","og_locale":"de_DE","og_type":"article","og_title":"Espa\u00f1ol de la salud","og_description":"Adquiere las herramientas espec\u00edficas para utilizar el espa\u00f1ol en un \u00e1mbito profesional sanitario. Consigue ser competente en experiencias profesionales sanitarias presentes o futuras.","og_url":"https:\/\/www.inmsol.com\/de\/producto\/spanischkurs-fuer-mediziner\/","og_site_name":"iNMSOL","article_publisher":"https:\/\/www.facebook.com\/spanishcourses","article_modified_time":"2026-03-30T16:29:41+00:00","og_image":[{"url":"https:\/\/www.inmsol.com\/wp-content\/uploads\/2023\/01\/6.-Espanol-de-la-salud.jpg","type":"","width":"","height":""}],"twitter_misc":{"Gesch\u00e4tzte Lesezeit":"1\u00a0Minute"},"schema":{"@context":"https:\/\/schema.org","@graph":[{"@type":"WebPage","@id":"https:\/\/www.inmsol.com\/de\/producto\/spanischkurs-fuer-mediziner\/","url":"https:\/\/www.inmsol.com\/de\/producto\/spanischkurs-fuer-mediziner\/","name":"Spanischkurs f\u00fcr Mediziner | iNMSOL","isPartOf":{"@id":"https:\/\/www.inmsol.com\/de\/#website"},"primaryImageOfPage":{"@id":"https:\/\/www.inmsol.com\/de\/producto\/spanischkurs-fuer-mediziner\/#primaryimage"},"image":{"@id":"https:\/\/www.inmsol.com\/de\/producto\/spanischkurs-fuer-mediziner\/#primaryimage"},"thumbnailUrl":"https:\/\/www.inmsol.com\/wp-content\/uploads\/2023\/01\/Espanol-de-la-salud.jpg","datePublished":"2023-01-16T17:40:02+00:00","dateModified":"2026-03-30T16:29:41+00:00","description":"Eignen Sie sich die erforderlichen Instrumente an, um Spanisch im medizinischen Fachbereich in allen seinen Aspekten zu verwenden.","breadcrumb":{"@id":"https:\/\/www.inmsol.com\/de\/producto\/spanischkurs-fuer-mediziner\/#breadcrumb"},"inLanguage":"de","potentialAction":[{"@type":"ReadAction","target":["https:\/\/www.inmsol.com\/de\/producto\/spanischkurs-fuer-mediziner\/"]}]},{"@type":"ImageObject","inLanguage":"de","@id":"https:\/\/www.inmsol.com\/de\/producto\/spanischkurs-fuer-mediziner\/#primaryimage","url":"https:\/\/www.inmsol.com\/wp-content\/uploads\/2023\/01\/Espanol-de-la-salud.jpg","contentUrl":"https:\/\/www.inmsol.com\/wp-content\/uploads\/2023\/01\/Espanol-de-la-salud.jpg","width":1000,"height":1000},{"@type":"BreadcrumbList","@id":"https:\/\/www.inmsol.com\/de\/producto\/spanischkurs-fuer-mediziner\/#breadcrumb","itemListElement":[{"@type":"ListItem","position":1,"name":"Accredited Center by Instituto Cervantes","item":"https:\/\/www.inmsol.com\/de\/pagina-ejemplo\/"},{"@type":"ListItem","position":2,"name":"Kurse","item":"https:\/\/www.inmsol.com\/de\/kurse\/"},{"@type":"ListItem","position":3,"name":"Spanischkurs f\u00fcr Mediziner"}]},{"@type":"WebSite","@id":"https:\/\/www.inmsol.com\/de\/#website","url":"https:\/\/www.inmsol.com\/de\/","name":"iNMSOL","description":"Lerne Spanisch mit uns - Cervantes akkreditiertes Lernzentrum","publisher":{"@id":"https:\/\/www.inmsol.com\/de\/#organization"},"potentialAction":[{"@type":"SearchAction","target":{"@type":"EntryPoint","urlTemplate":"https:\/\/www.inmsol.com\/de\/?s={search_term_string}"},"query-input":{"@type":"PropertyValueSpecification","valueRequired":true,"valueName":"search_term_string"}}],"inLanguage":"de"},{"@type":"Organization","@id":"https:\/\/www.inmsol.com\/de\/#organization","name":"Instituto Mediterr\u00e1neo Sol","url":"https:\/\/www.inmsol.com\/de\/","logo":{"@type":"ImageObject","inLanguage":"de","@id":"https:\/\/www.inmsol.com\/de\/#\/schema\/logo\/image\/","url":"https:\/\/www.inmsol.com\/wp-content\/uploads\/2023\/06\/logo-inmsol-1.png","contentUrl":"https:\/\/www.inmsol.com\/wp-content\/uploads\/2023\/06\/logo-inmsol-1.png","width":136,"height":73,"caption":"Instituto Mediterr\u00e1neo Sol"},"image":{"@id":"https:\/\/www.inmsol.com\/de\/#\/schema\/logo\/image\/"},"sameAs":["https:\/\/www.facebook.com\/spanishcourses","https:\/\/x.com\/StudyInGranada","http:\/\/instagram.com\/imsolgranada","https:\/\/es.linkedin.com\/company\/imsol-granada","https:\/\/www.pinterest.es\/inmsol\/","https:\/\/www.youtube.com\/channel\/UChz-Qn_7coFMosY85iYMO4g"]}]}},"_links":{"self":[{"href":"https:\/\/www.inmsol.com\/de\/wp-json\/wp\/v2\/product\/67799","targetHints":{"allow":["GET"]}}],"collection":[{"href":"https:\/\/www.inmsol.com\/de\/wp-json\/wp\/v2\/product"}],"about":[{"href":"https:\/\/www.inmsol.com\/de\/wp-json\/wp\/v2\/types\/product"}],"wp:featuredmedia":[{"embeddable":true,"href":"https:\/\/www.inmsol.com\/de\/wp-json\/wp\/v2\/media\/67863"}],"wp:attachment":[{"href":"https:\/\/www.inmsol.com\/de\/wp-json\/wp\/v2\/media?parent=67799"}],"wp:term":[{"taxonomy":"product_brand","embeddable":true,"href":"https:\/\/www.inmsol.com\/de\/wp-json\/wp\/v2\/product_brand?post=67799"},{"taxonomy":"product_cat","embeddable":true,"href":"https:\/\/www.inmsol.com\/de\/wp-json\/wp\/v2\/product_cat?post=67799"},{"taxonomy":"product_tag","embeddable":true,"href":"https:\/\/www.inmsol.com\/de\/wp-json\/wp\/v2\/product_tag?post=67799"}],"curies":[{"name":"wp","href":"https:\/\/api.w.org\/{rel}","templated":true}]}}