{"id":70179,"date":"2023-01-17T17:25:42","date_gmt":"2023-01-17T16:25:42","guid":{"rendered":"https:\/\/www.inmsol.com\/producto\/dele-a2-nationality\/"},"modified":"2026-03-30T18:12:31","modified_gmt":"2026-03-30T16:12:31","slug":"dele-a2-staatsangehoerigkeit","status":"publish","type":"product","link":"https:\/\/www.inmsol.com\/de\/producto\/dele-a2-staatsangehoerigkeit\/","title":{"rendered":"DELE A2 Staatsangeh\u00f6rigkeit"},"content":{"rendered":"<p>Kurs bestehend aus 2 Lektionen pro Tag, die von offiziellen Pr\u00fcfern erteilt werden, dessen Inhalt sich auf die Vorbereitung der offiziellen DELE Pr\u00fcfungen (Diploma de Espa\u00f1ol como Lengua Extranjera) f\u00fcr das Niveau A2, das f\u00fcr die Erlangung der spanischen Staatsangeh\u00f6rigkeit erforderlich ist, konzentriert:<\/p>\n<ul>\n<li>Leseverstehen<\/li>\n<li>Schriftlicher Ausdruck und schriftliche Interaktion<\/li>\n<li>H\u00f6rverstehen<\/li>\n<li>M\u00fcndlicher Ausdruck und m\u00fcndliche Interaktion<\/li>\n<\/ul>\n<p><a href=\"https:\/\/www.inmsol.com\/wp-content\/uploads\/2023\/01\/4.-Curso-extensivo.jpg\" target=\"_blank\" rel=\"noopener\"><img fetchpriority=\"high\" decoding=\"async\" class=\"aligncenter\" title=\"DELE A2 preparation course Granada\" src=\"https:\/\/www.inmsol.com\/wp-content\/uploads\/2023\/01\/4.-Curso-extensivo.jpg\" alt=\"DELE A2 preparation course\" width=\"1010\" height=\"500\" \/><\/a><\/p>\n<p>Der Unterricht findet vom ersten Tag an vollst\u00e4ndig auf Spanisch statt. Die Einschreibegeb\u00fchr beinhaltet den <em>Online-Einstufungstest<\/em>, Unterricht von Montag bis Freitag, <em>w\u00f6chentliche Aktivit\u00e4ten<\/em> und eine <em>Teilnahmebescheinigung<\/em> am Ende des Kurses. Jede Lektion dauert 45 Minuten.<\/p>\n<style>\n.btn-descarga {\n    display: inline-block !important;\n    background-color: #ad0228 !important;\n    color: white !important;\n    padding: 8px 16px !important;\n    font-size: 14px !important;\n    font-weight: bold !important;\n    text-decoration: none !important;\n    border-radius: 5px !important;\n    transition: background-color 0.3s ease !important;\n    cursor: pointer !important;\n    border: none !important;\n}<\/p>\n<p>.btn-descarga:hover {\n    background-color: #8b0120 !important;\n    color: white !important;\n    text-decoration: none !important;\n}\n<\/style>\n<p><a href=\"https:\/\/www.inmsol.com\/wp-content\/uploads\/2026\/03\/Objetivos_contenidos_cursos-especificos_2026_iNMSOL.pdf\" target=\"_blank\" class=\"btn-descarga\"><br \/>\n    \ud83d\udcc4 Kursinhalt<br \/>\n<\/a>&nbsp;<\/p>\n<p>&nbsp;<\/p>\n<p><strong><span lang=\"DE\">Dieser Kurs beinhaltet nicht die Anmeldung zur DELE Pr\u00fcfung<\/span><\/strong><span lang=\"DE\">, aber wir k\u00f6nnen Ihnen in unserem Zentrum bei der Anmeldung zur Pr\u00fcfung helfen.<\/span><\/p>\n<p>&nbsp;<\/p>\n<p>Bitte lesen Sie unsere <a href=\"https:\/\/www.inmsol.com\/de\/informationen-und-bedingungen\/\">allgemeinen Gesch\u00e4ftsbedingungen<\/a> nach.<\/p>\n","protected":false},"excerpt":{"rendered":"<p>DELE Vorbereitungskurs von 10 Lektionen\/Woche.<\/p>\n","protected":false},"featured_media":68887,"template":"","meta":{"_acf_changed":false},"product_brand":[],"product_cat":[892,1240],"product_tag":[],"class_list":{"0":"post-70179","1":"product","2":"type-product","3":"status-publish","4":"has-post-thumbnail","6":"product_cat-a2-de","7":"product_cat-dele-preparation-de","9":"first","10":"instock","11":"sold-individually","12":"shipping-taxable","13":"purchasable","14":"product-type-variable"},"acf":[],"yoast_head":"<!-- This site is optimized with the Yoast SEO plugin v27.6 - https:\/\/yoast.com\/product\/yoast-seo-wordpress\/ -->\n<title>DELE A2 Staatsangeh\u00f6rigkeit &#8226; iNMSOL<\/title>\n<meta name=\"description\" content=\"Bereiten Sie sich mit unseren muttersprachlichen Lehrkr\u00e4ften aufIhre Pr\u00fcfung f\u00fcr das Niveau DELE A2 zur Erlangung der Staatsangeh\u00f6rigkeit vor!Nutzen Sie dieses spezielle Angebot w\u00e4hrend der DELE Pr\u00fcfungswoche.\" \/>\n<meta name=\"robots\" content=\"index, follow, max-snippet:-1, max-image-preview:large, max-video-preview:-1\" \/>\n<link rel=\"canonical\" href=\"https:\/\/www.inmsol.com\/de\/producto\/dele-a2-staatsangehoerigkeit\/\" \/>\n<meta property=\"og:locale\" content=\"de_DE\" \/>\n<meta property=\"og:type\" content=\"article\" \/>\n<meta property=\"og:title\" content=\"DELE A2 Staatsangeh\u00f6rigkeit &#8226; iNMSOL\" \/>\n<meta property=\"og:description\" content=\"Bereiten Sie sich mit unseren muttersprachlichen Lehrkr\u00e4ften aufIhre Pr\u00fcfung f\u00fcr das Niveau DELE A2 zur Erlangung der Staatsangeh\u00f6rigkeit vor!Nutzen Sie dieses spezielle Angebot w\u00e4hrend der DELE Pr\u00fcfungswoche.\" \/>\n<meta property=\"og:url\" content=\"https:\/\/www.inmsol.com\/de\/producto\/dele-a2-staatsangehoerigkeit\/\" \/>\n<meta property=\"og:site_name\" content=\"iNMSOL\" \/>\n<meta property=\"article:publisher\" content=\"https:\/\/www.facebook.com\/spanishcourses\" \/>\n<meta property=\"article:modified_time\" content=\"2026-03-30T16:12:31+00:00\" \/>\n<meta property=\"og:image\" content=\"https:\/\/www.inmsol.com\/wp-content\/uploads\/2023\/01\/DELE-A2-nacionalidad.jpg\" \/>\n\t<meta property=\"og:image:width\" content=\"1000\" \/>\n\t<meta property=\"og:image:height\" content=\"1000\" \/>\n\t<meta property=\"og:image:type\" content=\"image\/jpeg\" \/>\n<meta name=\"twitter:label1\" content=\"Gesch\u00e4tzte Lesezeit\" \/>\n\t<meta name=\"twitter:data1\" content=\"2\u00a0Minuten\" \/>\n<script type=\"application\/ld+json\" class=\"yoast-schema-graph\">{\"@context\":\"https:\\\/\\\/schema.org\",\"@graph\":[{\"@type\":\"WebPage\",\"@id\":\"https:\\\/\\\/www.inmsol.com\\\/de\\\/producto\\\/dele-a2-staatsangehoerigkeit\\\/\",\"url\":\"https:\\\/\\\/www.inmsol.com\\\/de\\\/producto\\\/dele-a2-staatsangehoerigkeit\\\/\",\"name\":\"DELE A2 Staatsangeh\u00f6rigkeit &#8226; iNMSOL\",\"isPartOf\":{\"@id\":\"https:\\\/\\\/www.inmsol.com\\\/de\\\/#website\"},\"primaryImageOfPage\":{\"@id\":\"https:\\\/\\\/www.inmsol.com\\\/de\\\/producto\\\/dele-a2-staatsangehoerigkeit\\\/#primaryimage\"},\"image\":{\"@id\":\"https:\\\/\\\/www.inmsol.com\\\/de\\\/producto\\\/dele-a2-staatsangehoerigkeit\\\/#primaryimage\"},\"thumbnailUrl\":\"https:\\\/\\\/www.inmsol.com\\\/wp-content\\\/uploads\\\/2023\\\/01\\\/DELE-A2-nacionalidad.jpg\",\"datePublished\":\"2023-01-17T16:25:42+00:00\",\"dateModified\":\"2026-03-30T16:12:31+00:00\",\"description\":\"Bereiten Sie sich mit unseren muttersprachlichen Lehrkr\u00e4ften aufIhre Pr\u00fcfung f\u00fcr das Niveau DELE A2 zur Erlangung der Staatsangeh\u00f6rigkeit vor!Nutzen Sie dieses spezielle Angebot w\u00e4hrend der DELE Pr\u00fcfungswoche.\",\"breadcrumb\":{\"@id\":\"https:\\\/\\\/www.inmsol.com\\\/de\\\/producto\\\/dele-a2-staatsangehoerigkeit\\\/#breadcrumb\"},\"inLanguage\":\"de\",\"potentialAction\":[{\"@type\":\"ReadAction\",\"target\":[\"https:\\\/\\\/www.inmsol.com\\\/de\\\/producto\\\/dele-a2-staatsangehoerigkeit\\\/\"]}]},{\"@type\":\"ImageObject\",\"inLanguage\":\"de\",\"@id\":\"https:\\\/\\\/www.inmsol.com\\\/de\\\/producto\\\/dele-a2-staatsangehoerigkeit\\\/#primaryimage\",\"url\":\"https:\\\/\\\/www.inmsol.com\\\/wp-content\\\/uploads\\\/2023\\\/01\\\/DELE-A2-nacionalidad.jpg\",\"contentUrl\":\"https:\\\/\\\/www.inmsol.com\\\/wp-content\\\/uploads\\\/2023\\\/01\\\/DELE-A2-nacionalidad.jpg\",\"width\":1000,\"height\":1000},{\"@type\":\"BreadcrumbList\",\"@id\":\"https:\\\/\\\/www.inmsol.com\\\/de\\\/producto\\\/dele-a2-staatsangehoerigkeit\\\/#breadcrumb\",\"itemListElement\":[{\"@type\":\"ListItem\",\"position\":1,\"name\":\"Accredited Center by Instituto Cervantes\",\"item\":\"https:\\\/\\\/www.inmsol.com\\\/de\\\/pagina-ejemplo\\\/\"},{\"@type\":\"ListItem\",\"position\":2,\"name\":\"Kurse\",\"item\":\"https:\\\/\\\/www.inmsol.com\\\/de\\\/kurse\\\/\"},{\"@type\":\"ListItem\",\"position\":3,\"name\":\"DELE A2 Staatsangeh\u00f6rigkeit\"}]},{\"@type\":\"WebSite\",\"@id\":\"https:\\\/\\\/www.inmsol.com\\\/de\\\/#website\",\"url\":\"https:\\\/\\\/www.inmsol.com\\\/de\\\/\",\"name\":\"iNMSOL\",\"description\":\"Lerne Spanisch mit uns - Cervantes akkreditiertes Lernzentrum\",\"publisher\":{\"@id\":\"https:\\\/\\\/www.inmsol.com\\\/de\\\/#organization\"},\"potentialAction\":[{\"@type\":\"SearchAction\",\"target\":{\"@type\":\"EntryPoint\",\"urlTemplate\":\"https:\\\/\\\/www.inmsol.com\\\/de\\\/?s={search_term_string}\"},\"query-input\":{\"@type\":\"PropertyValueSpecification\",\"valueRequired\":true,\"valueName\":\"search_term_string\"}}],\"inLanguage\":\"de\"},{\"@type\":\"Organization\",\"@id\":\"https:\\\/\\\/www.inmsol.com\\\/de\\\/#organization\",\"name\":\"Instituto Mediterr\u00e1neo Sol\",\"url\":\"https:\\\/\\\/www.inmsol.com\\\/de\\\/\",\"logo\":{\"@type\":\"ImageObject\",\"inLanguage\":\"de\",\"@id\":\"https:\\\/\\\/www.inmsol.com\\\/de\\\/#\\\/schema\\\/logo\\\/image\\\/\",\"url\":\"https:\\\/\\\/www.inmsol.com\\\/wp-content\\\/uploads\\\/2023\\\/06\\\/logo-inmsol-1.png\",\"contentUrl\":\"https:\\\/\\\/www.inmsol.com\\\/wp-content\\\/uploads\\\/2023\\\/06\\\/logo-inmsol-1.png\",\"width\":136,\"height\":73,\"caption\":\"Instituto Mediterr\u00e1neo Sol\"},\"image\":{\"@id\":\"https:\\\/\\\/www.inmsol.com\\\/de\\\/#\\\/schema\\\/logo\\\/image\\\/\"},\"sameAs\":[\"https:\\\/\\\/www.facebook.com\\\/spanishcourses\",\"https:\\\/\\\/x.com\\\/StudyInGranada\",\"http:\\\/\\\/instagram.com\\\/imsolgranada\",\"https:\\\/\\\/es.linkedin.com\\\/company\\\/imsol-granada\",\"https:\\\/\\\/www.pinterest.es\\\/inmsol\\\/\",\"https:\\\/\\\/www.youtube.com\\\/channel\\\/UChz-Qn_7coFMosY85iYMO4g\"]}]}<\/script>\n<!-- \/ Yoast SEO plugin. -->","yoast_head_json":{"title":"DELE A2 Staatsangeh\u00f6rigkeit &#8226; iNMSOL","description":"Bereiten Sie sich mit unseren muttersprachlichen Lehrkr\u00e4ften aufIhre Pr\u00fcfung f\u00fcr das Niveau DELE A2 zur Erlangung der Staatsangeh\u00f6rigkeit vor!Nutzen Sie dieses spezielle Angebot w\u00e4hrend der DELE Pr\u00fcfungswoche.","robots":{"index":"index","follow":"follow","max-snippet":"max-snippet:-1","max-image-preview":"max-image-preview:large","max-video-preview":"max-video-preview:-1"},"canonical":"https:\/\/www.inmsol.com\/de\/producto\/dele-a2-staatsangehoerigkeit\/","og_locale":"de_DE","og_type":"article","og_title":"DELE A2 Staatsangeh\u00f6rigkeit &#8226; iNMSOL","og_description":"Bereiten Sie sich mit unseren muttersprachlichen Lehrkr\u00e4ften aufIhre Pr\u00fcfung f\u00fcr das Niveau DELE A2 zur Erlangung der Staatsangeh\u00f6rigkeit vor!Nutzen Sie dieses spezielle Angebot w\u00e4hrend der DELE Pr\u00fcfungswoche.","og_url":"https:\/\/www.inmsol.com\/de\/producto\/dele-a2-staatsangehoerigkeit\/","og_site_name":"iNMSOL","article_publisher":"https:\/\/www.facebook.com\/spanishcourses","article_modified_time":"2026-03-30T16:12:31+00:00","og_image":[{"width":1000,"height":1000,"url":"https:\/\/www.inmsol.com\/wp-content\/uploads\/2023\/01\/DELE-A2-nacionalidad.jpg","type":"image\/jpeg"}],"twitter_misc":{"Gesch\u00e4tzte Lesezeit":"2\u00a0Minuten"},"schema":{"@context":"https:\/\/schema.org","@graph":[{"@type":"WebPage","@id":"https:\/\/www.inmsol.com\/de\/producto\/dele-a2-staatsangehoerigkeit\/","url":"https:\/\/www.inmsol.com\/de\/producto\/dele-a2-staatsangehoerigkeit\/","name":"DELE A2 Staatsangeh\u00f6rigkeit &#8226; iNMSOL","isPartOf":{"@id":"https:\/\/www.inmsol.com\/de\/#website"},"primaryImageOfPage":{"@id":"https:\/\/www.inmsol.com\/de\/producto\/dele-a2-staatsangehoerigkeit\/#primaryimage"},"image":{"@id":"https:\/\/www.inmsol.com\/de\/producto\/dele-a2-staatsangehoerigkeit\/#primaryimage"},"thumbnailUrl":"https:\/\/www.inmsol.com\/wp-content\/uploads\/2023\/01\/DELE-A2-nacionalidad.jpg","datePublished":"2023-01-17T16:25:42+00:00","dateModified":"2026-03-30T16:12:31+00:00","description":"Bereiten Sie sich mit unseren muttersprachlichen Lehrkr\u00e4ften aufIhre Pr\u00fcfung f\u00fcr das Niveau DELE A2 zur Erlangung der Staatsangeh\u00f6rigkeit vor!Nutzen Sie dieses spezielle Angebot w\u00e4hrend der DELE Pr\u00fcfungswoche.","breadcrumb":{"@id":"https:\/\/www.inmsol.com\/de\/producto\/dele-a2-staatsangehoerigkeit\/#breadcrumb"},"inLanguage":"de","potentialAction":[{"@type":"ReadAction","target":["https:\/\/www.inmsol.com\/de\/producto\/dele-a2-staatsangehoerigkeit\/"]}]},{"@type":"ImageObject","inLanguage":"de","@id":"https:\/\/www.inmsol.com\/de\/producto\/dele-a2-staatsangehoerigkeit\/#primaryimage","url":"https:\/\/www.inmsol.com\/wp-content\/uploads\/2023\/01\/DELE-A2-nacionalidad.jpg","contentUrl":"https:\/\/www.inmsol.com\/wp-content\/uploads\/2023\/01\/DELE-A2-nacionalidad.jpg","width":1000,"height":1000},{"@type":"BreadcrumbList","@id":"https:\/\/www.inmsol.com\/de\/producto\/dele-a2-staatsangehoerigkeit\/#breadcrumb","itemListElement":[{"@type":"ListItem","position":1,"name":"Accredited Center by Instituto Cervantes","item":"https:\/\/www.inmsol.com\/de\/pagina-ejemplo\/"},{"@type":"ListItem","position":2,"name":"Kurse","item":"https:\/\/www.inmsol.com\/de\/kurse\/"},{"@type":"ListItem","position":3,"name":"DELE A2 Staatsangeh\u00f6rigkeit"}]},{"@type":"WebSite","@id":"https:\/\/www.inmsol.com\/de\/#website","url":"https:\/\/www.inmsol.com\/de\/","name":"iNMSOL","description":"Lerne Spanisch mit uns - Cervantes akkreditiertes Lernzentrum","publisher":{"@id":"https:\/\/www.inmsol.com\/de\/#organization"},"potentialAction":[{"@type":"SearchAction","target":{"@type":"EntryPoint","urlTemplate":"https:\/\/www.inmsol.com\/de\/?s={search_term_string}"},"query-input":{"@type":"PropertyValueSpecification","valueRequired":true,"valueName":"search_term_string"}}],"inLanguage":"de"},{"@type":"Organization","@id":"https:\/\/www.inmsol.com\/de\/#organization","name":"Instituto Mediterr\u00e1neo Sol","url":"https:\/\/www.inmsol.com\/de\/","logo":{"@type":"ImageObject","inLanguage":"de","@id":"https:\/\/www.inmsol.com\/de\/#\/schema\/logo\/image\/","url":"https:\/\/www.inmsol.com\/wp-content\/uploads\/2023\/06\/logo-inmsol-1.png","contentUrl":"https:\/\/www.inmsol.com\/wp-content\/uploads\/2023\/06\/logo-inmsol-1.png","width":136,"height":73,"caption":"Instituto Mediterr\u00e1neo Sol"},"image":{"@id":"https:\/\/www.inmsol.com\/de\/#\/schema\/logo\/image\/"},"sameAs":["https:\/\/www.facebook.com\/spanishcourses","https:\/\/x.com\/StudyInGranada","http:\/\/instagram.com\/imsolgranada","https:\/\/es.linkedin.com\/company\/imsol-granada","https:\/\/www.pinterest.es\/inmsol\/","https:\/\/www.youtube.com\/channel\/UChz-Qn_7coFMosY85iYMO4g"]}]}},"_links":{"self":[{"href":"https:\/\/www.inmsol.com\/de\/wp-json\/wp\/v2\/product\/70179","targetHints":{"allow":["GET"]}}],"collection":[{"href":"https:\/\/www.inmsol.com\/de\/wp-json\/wp\/v2\/product"}],"about":[{"href":"https:\/\/www.inmsol.com\/de\/wp-json\/wp\/v2\/types\/product"}],"wp:featuredmedia":[{"embeddable":true,"href":"https:\/\/www.inmsol.com\/de\/wp-json\/wp\/v2\/media\/68887"}],"wp:attachment":[{"href":"https:\/\/www.inmsol.com\/de\/wp-json\/wp\/v2\/media?parent=70179"}],"wp:term":[{"taxonomy":"product_brand","embeddable":true,"href":"https:\/\/www.inmsol.com\/de\/wp-json\/wp\/v2\/product_brand?post=70179"},{"taxonomy":"product_cat","embeddable":true,"href":"https:\/\/www.inmsol.com\/de\/wp-json\/wp\/v2\/product_cat?post=70179"},{"taxonomy":"product_tag","embeddable":true,"href":"https:\/\/www.inmsol.com\/de\/wp-json\/wp\/v2\/product_tag?post=70179"}],"curies":[{"name":"wp","href":"https:\/\/api.w.org\/{rel}","templated":true}]}}