{"id":1445,"date":"2009-05-10T19:01:35","date_gmt":"2009-05-10T19:01:35","guid":{"rendered":"https:\/\/www.inmsol.com\/"},"modified":"2023-06-27T17:38:04","modified_gmt":"2023-06-27T15:38:04","slug":"alojamiento-para-estudiantes-granada-espana","status":"publish","type":"page","link":"https:\/\/www.inmsol.com\/es\/alojamiento-para-estudiantes-granada-espana\/","title":{"rendered":"Alojamiento para estudiantes en Granada"},"content":{"rendered":"\t\t<div data-elementor-type=\"wp-page\" data-elementor-id=\"1445\" class=\"elementor elementor-1445 elementor-1441\" data-elementor-post-type=\"page\">\n\t\t\t\t\t\t<section class=\"elementor-section elementor-top-section elementor-element elementor-element-6462e24 elementor-section-full_width elementor-section-height-min-height elementor-section-stretched elementor-section-height-default elementor-section-items-middle parallax_section_no qode_elementor_container_no\" data-id=\"6462e24\" data-element_type=\"section\" data-settings=\"{&quot;stretch_section&quot;:&quot;section-stretched&quot;,&quot;background_background&quot;:&quot;classic&quot;}\">\n\t\t\t\t\t\t\t<div class=\"elementor-background-overlay\"><\/div>\n\t\t\t\t\t\t\t<div class=\"elementor-container elementor-column-gap-no\">\n\t\t\t\t\t<div class=\"elementor-column elementor-col-100 elementor-top-column elementor-element elementor-element-3c0a274\" data-id=\"3c0a274\" data-element_type=\"column\">\n\t\t\t<div class=\"elementor-widget-wrap elementor-element-populated\">\n\t\t\t\t\t\t<section class=\"elementor-section elementor-inner-section elementor-element elementor-element-6e04006 elementor-section-boxed elementor-section-height-default elementor-section-height-default parallax_section_no qode_elementor_container_no\" data-id=\"6e04006\" data-element_type=\"section\">\n\t\t\t\t\t\t<div class=\"elementor-container elementor-column-gap-default\">\n\t\t\t\t\t<div class=\"elementor-column elementor-col-100 elementor-inner-column elementor-element elementor-element-758d6c4\" data-id=\"758d6c4\" data-element_type=\"column\">\n\t\t\t<div class=\"elementor-widget-wrap elementor-element-populated\">\n\t\t\t\t\t\t\t<\/div>\n\t\t<\/div>\n\t\t\t\t\t<\/div>\n\t\t<\/section>\n\t\t\t\t\t<\/div>\n\t\t<\/div>\n\t\t\t\t\t<\/div>\n\t\t<\/section>\n\t\t\t\t<section class=\"elementor-section elementor-top-section elementor-element elementor-element-a4d8549 elementor-section-boxed elementor-section-height-default elementor-section-height-default parallax_section_no qode_elementor_container_no\" data-id=\"a4d8549\" data-element_type=\"section\">\n\t\t\t\t\t\t<div class=\"elementor-container elementor-column-gap-default\">\n\t\t\t\t\t<div class=\"elementor-column elementor-col-100 elementor-top-column elementor-element elementor-element-c9c6faf\" data-id=\"c9c6faf\" data-element_type=\"column\">\n\t\t\t<div class=\"elementor-widget-wrap elementor-element-populated\">\n\t\t\t\t\t\t<div class=\"elementor-element elementor-element-68b7cc0 elementor-widget elementor-widget-qi_addons_for_elementor_image_slider\" data-id=\"68b7cc0\" data-element_type=\"widget\" data-widget_type=\"qi_addons_for_elementor_image_slider.default\">\n\t\t\t\t<div class=\"elementor-widget-container\">\n\t\t\t\t\t<div class=\"qodef-shortcode qodef-m qodef-qi-image-slider qodef-qi-fslightbox-popup qodef-popup-gallery qodef-col-num--1 qodef-qi-grid qodef-qi-swiper-container qodef-navigation--inside qodef-pagination--inside qodef-navigation--hover-move\" data-options=\"{&quot;direction&quot;:&quot;horizontal&quot;,&quot;slidesPerView&quot;:&quot;1&quot;,&quot;spaceBetween&quot;:0,&quot;spaceBetweenTablet&quot;:30,&quot;spaceBetweenMobile&quot;:30,&quot;effect&quot;:&quot;slide&quot;,&quot;loop&quot;:true,&quot;autoplay&quot;:true,&quot;centeredSlides&quot;:true,&quot;speed&quot;:&quot;&quot;,&quot;speedAnimation&quot;:&quot;&quot;,&quot;outsideNavigation&quot;:&quot;no&quot;,&quot;outsidePagination&quot;:&quot;no&quot;,&quot;unique&quot;:971,&quot;partialValue&quot;:0,&quot;disablePartialValue&quot;:&quot;&quot;,&quot;parallax&quot;:&quot;no&quot;,&quot;customStages&quot;:true,&quot;slidesPerView1680&quot;:&quot;3&quot;,&quot;slidesPerView1440&quot;:&quot;1&quot;,&quot;slidesPerView1366&quot;:&quot;1&quot;,&quot;slidesPerView1024&quot;:&quot;1&quot;,&quot;slidesPerView768&quot;:&quot;1&quot;,&quot;slidesPerView680&quot;:&quot;1&quot;,&quot;slidesPerView480&quot;:&quot;1&quot;}\">\n\t<div class=\"swiper-wrapper\">\n\t\t<div class=\"qodef-e swiper-slide\">\n\t<div class=\"qodef-e-inner\">\n\t\t<div class=\"qodef-e-inner-holder\">\n\t\t\t\t\t\t\t<a class=\"qodef-popup-item\" itemprop=\"image\" href=\"https:\/\/www.inmsol.com\/wp-content\/uploads\/2009\/05\/familia-salon.jpg\" data-type=\"image\" data-fslightbox=\"gallery-971\" data-e-disable-page-transition=\u201dtrue\u201d>\n\t\t\t\t\t\t\t<img fetchpriority=\"high\" decoding=\"async\" width=\"1536\" height=\"1852\" src=\"https:\/\/www.inmsol.com\/wp-content\/uploads\/2009\/05\/familia-salon.jpg\" class=\"attachment-full size-full\" alt=\"\" srcset=\"https:\/\/www.inmsol.com\/wp-content\/uploads\/2009\/05\/familia-salon.jpg 1536w, https:\/\/www.inmsol.com\/wp-content\/uploads\/2009\/05\/familia-salon-800x965.jpg 800w, https:\/\/www.inmsol.com\/wp-content\/uploads\/2009\/05\/familia-salon-64x77.jpg 64w, https:\/\/www.inmsol.com\/wp-content\/uploads\/2009\/05\/familia-salon-248x300.jpg 248w, https:\/\/www.inmsol.com\/wp-content\/uploads\/2009\/05\/familia-salon-849x1024.jpg 849w, https:\/\/www.inmsol.com\/wp-content\/uploads\/2009\/05\/familia-salon-165x200.jpg 165w, https:\/\/www.inmsol.com\/wp-content\/uploads\/2009\/05\/familia-salon-331x400.jpg 331w\" sizes=\"(max-width: 1536px) 100vw, 1536px\" \/>\t\t\t\t\t\t\t<\/a>\n\t\t\t\t\t<\/div>\n\t<\/div>\n\t<\/div>\n<div class=\"qodef-e swiper-slide\">\n\t<div class=\"qodef-e-inner\">\n\t\t<div class=\"qodef-e-inner-holder\">\n\t\t\t\t\t\t\t<a class=\"qodef-popup-item\" itemprop=\"image\" href=\"https:\/\/www.inmsol.com\/wp-content\/uploads\/2009\/05\/familia-h-doble.jpg\" data-type=\"image\" data-fslightbox=\"gallery-971\" data-e-disable-page-transition=\u201dtrue\u201d>\n\t\t\t\t\t\t\t<img decoding=\"async\" width=\"2048\" height=\"1536\" src=\"https:\/\/www.inmsol.com\/wp-content\/uploads\/2009\/05\/familia-h-doble.jpg\" class=\"attachment-full size-full\" alt=\"\" srcset=\"https:\/\/www.inmsol.com\/wp-content\/uploads\/2009\/05\/familia-h-doble.jpg 2048w, https:\/\/www.inmsol.com\/wp-content\/uploads\/2009\/05\/familia-h-doble-800x600.jpg 800w, https:\/\/www.inmsol.com\/wp-content\/uploads\/2009\/05\/familia-h-doble-64x48.jpg 64w, https:\/\/www.inmsol.com\/wp-content\/uploads\/2009\/05\/familia-h-doble-400x300.jpg 400w, https:\/\/www.inmsol.com\/wp-content\/uploads\/2009\/05\/familia-h-doble-1024x768.jpg 1024w, https:\/\/www.inmsol.com\/wp-content\/uploads\/2009\/05\/familia-h-doble-200x150.jpg 200w, https:\/\/www.inmsol.com\/wp-content\/uploads\/2009\/05\/familia-h-doble-250x187.jpg 250w, https:\/\/www.inmsol.com\/wp-content\/uploads\/2009\/05\/familia-h-doble-533x400.jpg 533w\" sizes=\"(max-width: 2048px) 100vw, 2048px\" \/>\t\t\t\t\t\t\t<\/a>\n\t\t\t\t\t<\/div>\n\t<\/div>\n\t<\/div>\n<div class=\"qodef-e swiper-slide\">\n\t<div class=\"qodef-e-inner\">\n\t\t<div class=\"qodef-e-inner-holder\">\n\t\t\t\t\t\t\t<a class=\"qodef-popup-item\" itemprop=\"image\" href=\"https:\/\/www.inmsol.com\/wp-content\/uploads\/2009\/05\/Alojamiento-piso-compartido3-scaled.jpg\" data-type=\"image\" data-fslightbox=\"gallery-971\" data-e-disable-page-transition=\u201dtrue\u201d>\n\t\t\t\t\t\t\t<img decoding=\"async\" width=\"2560\" height=\"1714\" src=\"https:\/\/www.inmsol.com\/wp-content\/uploads\/2009\/05\/Alojamiento-piso-compartido3-scaled.jpg\" class=\"attachment-full size-full\" alt=\"\" srcset=\"https:\/\/www.inmsol.com\/wp-content\/uploads\/2009\/05\/Alojamiento-piso-compartido3-scaled.jpg 2560w, https:\/\/www.inmsol.com\/wp-content\/uploads\/2009\/05\/Alojamiento-piso-compartido3-scaled-800x536.jpg 800w, https:\/\/www.inmsol.com\/wp-content\/uploads\/2009\/05\/Alojamiento-piso-compartido3-scaled-64x43.jpg 64w, https:\/\/www.inmsol.com\/wp-content\/uploads\/2009\/05\/Alojamiento-piso-compartido3-448x300.jpg 448w, https:\/\/www.inmsol.com\/wp-content\/uploads\/2009\/05\/Alojamiento-piso-compartido3-1024x685.jpg 1024w, https:\/\/www.inmsol.com\/wp-content\/uploads\/2009\/05\/Alojamiento-piso-compartido3-200x133.jpg 200w, https:\/\/www.inmsol.com\/wp-content\/uploads\/2009\/05\/Alojamiento-piso-compartido3-250x167.jpg 250w, https:\/\/www.inmsol.com\/wp-content\/uploads\/2009\/05\/Alojamiento-piso-compartido3-597x400.jpg 597w\" sizes=\"(max-width: 2560px) 100vw, 2560px\" \/>\t\t\t\t\t\t\t<\/a>\n\t\t\t\t\t<\/div>\n\t<\/div>\n\t<\/div>\n<div class=\"qodef-e swiper-slide\">\n\t<div class=\"qodef-e-inner\">\n\t\t<div class=\"qodef-e-inner-holder\">\n\t\t\t\t\t\t\t<a class=\"qodef-popup-item\" itemprop=\"image\" href=\"https:\/\/www.inmsol.com\/wp-content\/uploads\/2009\/05\/Alojamiento-piso-compartido2-scaled.jpg\" data-type=\"image\" data-fslightbox=\"gallery-971\" data-e-disable-page-transition=\u201dtrue\u201d>\n\t\t\t\t\t\t\t<img loading=\"lazy\" decoding=\"async\" width=\"2560\" height=\"1714\" src=\"https:\/\/www.inmsol.com\/wp-content\/uploads\/2009\/05\/Alojamiento-piso-compartido2-scaled.jpg\" class=\"attachment-full size-full\" alt=\"\" srcset=\"https:\/\/www.inmsol.com\/wp-content\/uploads\/2009\/05\/Alojamiento-piso-compartido2-scaled.jpg 2560w, https:\/\/www.inmsol.com\/wp-content\/uploads\/2009\/05\/Alojamiento-piso-compartido2-scaled-800x536.jpg 800w, https:\/\/www.inmsol.com\/wp-content\/uploads\/2009\/05\/Alojamiento-piso-compartido2-scaled-64x43.jpg 64w, https:\/\/www.inmsol.com\/wp-content\/uploads\/2009\/05\/Alojamiento-piso-compartido2-448x300.jpg 448w, https:\/\/www.inmsol.com\/wp-content\/uploads\/2009\/05\/Alojamiento-piso-compartido2-1024x685.jpg 1024w, https:\/\/www.inmsol.com\/wp-content\/uploads\/2009\/05\/Alojamiento-piso-compartido2-200x133.jpg 200w, https:\/\/www.inmsol.com\/wp-content\/uploads\/2009\/05\/Alojamiento-piso-compartido2-250x167.jpg 250w, https:\/\/www.inmsol.com\/wp-content\/uploads\/2009\/05\/Alojamiento-piso-compartido2-597x400.jpg 597w\" sizes=\"(max-width: 2560px) 100vw, 2560px\" \/>\t\t\t\t\t\t\t<\/a>\n\t\t\t\t\t<\/div>\n\t<\/div>\n\t<\/div>\n\t<\/div>\n\t\t<div class=\"swiper-button-prev\"><svg class=\"qodef-swiper-arrow-left\" xmlns=\"http:\/\/www.w3.org\/2000\/svg\" x=\"0px\" y=\"0px\" viewBox=\"0 0 34.2 32.3\" xml:space=\"preserve\" style=\"stroke-width: 2;\"><line x1=\"0.5\" y1=\"16\" x2=\"33.5\" y2=\"16\"\/><line x1=\"0.3\" y1=\"16.5\" x2=\"16.2\" y2=\"0.7\"\/><line x1=\"0\" y1=\"15.4\" x2=\"16.2\" y2=\"31.6\"\/><\/svg><\/div>\n\t<div class=\"swiper-button-next\"><svg class=\"qodef-swiper-arrow-right\" xmlns=\"http:\/\/www.w3.org\/2000\/svg\" x=\"0px\" y=\"0px\" viewBox=\"0 0 34.2 32.3\" xml:space=\"preserve\" style=\"stroke-width: 2;\"><line x1=\"0\" y1=\"16\" x2=\"33\" y2=\"16\"\/><line x1=\"17.3\" y1=\"0.7\" x2=\"33.2\" y2=\"16.5\"\/><line x1=\"17.3\" y1=\"31.6\" x2=\"33.5\" y2=\"15.4\"\/><\/svg><\/div>\n\t<div class=\"swiper-pagination\"><\/div>\n<\/div>\n\t\t\t\t<\/div>\n\t\t\t\t<\/div>\n\t\t\t\t\t<\/div>\n\t\t<\/div>\n\t\t\t\t\t<\/div>\n\t\t<\/section>\n\t\t\t\t<section class=\"elementor-section elementor-top-section elementor-element elementor-element-2219af7 elementor-section-boxed elementor-section-height-default elementor-section-height-default parallax_section_no qode_elementor_container_no\" data-id=\"2219af7\" data-element_type=\"section\">\n\t\t\t\t\t\t<div class=\"elementor-container elementor-column-gap-default\">\n\t\t\t\t\t<div class=\"elementor-column elementor-col-100 elementor-top-column elementor-element elementor-element-1f1ae6e\" data-id=\"1f1ae6e\" data-element_type=\"column\">\n\t\t\t<div class=\"elementor-widget-wrap elementor-element-populated\">\n\t\t\t\t\t\t<div class=\"elementor-element elementor-element-96db520 elementor-widget elementor-widget-heading\" data-id=\"96db520\" data-element_type=\"widget\" data-widget_type=\"heading.default\">\n\t\t\t\t<div class=\"elementor-widget-container\">\n\t\t\t\t\t<h3 class=\"elementor-heading-title elementor-size-default\">Alojamiento para estudiantes en Granada<\/h3>\t\t\t\t<\/div>\n\t\t\t\t<\/div>\n\t\t\t\t<div class=\"elementor-element elementor-element-aa8bc42 elementor-widget elementor-widget-text-editor\" data-id=\"aa8bc42\" data-element_type=\"widget\" data-widget_type=\"text-editor.default\">\n\t\t\t\t<div class=\"elementor-widget-container\">\n\t\t\t\t\t\t\t\t\t<p><b>Puedes optar entre las siguientes modalidades de alojamientos para estudiantes en Granada \u2013 Espa\u00f1a:<\/b><\/p><ul><li><b>Apartamento compartido:<\/b> Los apartamentos est\u00e1n totalmente equipados.<\/li><li>Las habitaciones tienen: cama, armario, mesa de estudio, silla, s\u00e1banas. El estudiante s\u00f3lo tiene que traer sus propias toallas.<ul><li>Zonas comunes:<ul><li>Sala de estar con TV, TDT, DVD mobiliario adecuado;<\/li><li>Cocina con hornilla, frigor\u00edfico, lavadora;<\/li><li>Cuarto de ba\u00f1o.<\/li><\/ul><\/li><\/ul><\/li><\/ul><ul><li><b>\u201cFamilia de acogida\u201d:<\/b>\u00a0en\u00a0<b><i>media pensi\u00f3n<\/i><\/b>\u00a0(dos comidas: desayuno, almuerzo o cena) y\u00a0<i><b>pensi\u00f3n completa<\/b><\/i>\u00a0(tres comidas: desayuno, almuerzo y cena), en habitaci\u00f3n individual o doble. Se incluye un lavado de ropa por semana. El estudiante no tiene que traer s\u00e1banas, s\u00f3lo sus propias toallas. Es necesario que en la inscripci\u00f3n se especifiquen alergias, fumador o no fumador y h\u00e1bitos alimenticios.<\/li><\/ul><ul><li><b>Reserva de Hotel \/ Hostal y Apartamento \u201cexclusivo\u201d:<\/b>\u00a0Si se requiere, Instituto Mediterr\u00e1neo Sol puede reservar este tipo de alojamiento tambi\u00e9n. El precio depender\u00e1 de las necesidades del participante y de sus deseos.<\/li><\/ul><p class=\"rtecenter\"><strong>DESCRIPCI\u00d3N Y CARACTER\u00cdSTICAS DE ALOJAMIENTOS<\/strong><\/p><p class=\"rteleft\">Podemos, si lo deseas, realizar la gesti\u00f3n para la reserva de tu alojamiento en calidad de intermediario, garantiz\u00e1ndote que el mismo se hallar\u00e1 dispuesto a tu llegada.<\/p><p><b>Consideraciones generales para los alojamientos:<\/b><\/p><ul><li>La semana de alojamiento va\u00a0<b>desde el domingo anterior al comienzo del curso hasta el s\u00e1bado posterior al t\u00e9rmino del mismo.<\/b><\/li><li><b>Suplementos:<\/b><ul><li><b>Noches Extras:<\/b>\u00a0cada noche extra anterior o posterior al d\u00eda de llegada o salida tiene un precio que depender\u00e1 del tipo de alojamiento elegido por el estudiante.<\/li><li><b>Persona acompa\u00f1ante:<\/b>\u00a0Es posible venir acompa\u00f1ado por alguna persona que no desee realizar curso, pero que necesite alojamiento. Esta \u201cpersona acompa\u00f1ante\u201d deber\u00e1 abonar un extra al precio del alojamiento que elija (ver\u00a0<a href=\"https:\/\/www.inmsol.com\/pt-pt\/precos\/\">precios<\/a>), pudiendo participar en las actividades extra curriculares que la escuela ofrezca.<\/li><\/ul><\/li><li><b>Hora de entrada:<\/b>\u00a0Aproximadamente a partir de las\u00a0<b>16.00<\/b><\/li><li><b>Hora de salida:<\/b>\u00a0Antes de las\u00a0<b>12.00<\/b><\/li><li>A cada participante se le dar\u00e1 todo lo necesario para la cama (almohada, s\u00e1banas, mantas, etc), pero s\u00ed es necesario traer toallas y productos de higiene personal.<\/li><li>La\u00a0<b>distancia media aproximada andando<\/b>\u00a0de nuestros alojamientos a la escuela es de\u00a0<b>15-20 minutos<\/b>.<\/li><\/ul>\t\t\t\t\t\t\t\t<\/div>\n\t\t\t\t<\/div>\n\t\t\t\t\t<\/div>\n\t\t<\/div>\n\t\t\t\t\t<\/div>\n\t\t<\/section>\n\t\t\t\t<\/div>\n\t\t","protected":false},"excerpt":{"rendered":"<p>Alojamiento para estudiantes en Granada Puedes optar entre las siguientes modalidades de alojamientos para estudiantes en Granada \u2013 Espa\u00f1a: Apartamento compartido: Los apartamentos est\u00e1n totalmente equipados. Las habitaciones tienen: cama, armario, mesa de estudio, silla, s\u00e1banas. El estudiante s\u00f3lo tiene que traer sus propias toallas&#8230;.<\/p>\n","protected":false},"author":2,"featured_media":3066,"parent":0,"menu_order":0,"comment_status":"closed","ping_status":"closed","template":"","meta":{"_acf_changed":false,"footnotes":""},"class_list":["post-1445","page","type-page","status-publish","has-post-thumbnail","hentry"],"acf":[],"yoast_head":"<!-- This site is optimized with the Yoast SEO plugin v27.4 - https:\/\/yoast.com\/product\/yoast-seo-wordpress\/ -->\n<title>Accommodation for students in Granada | Andalusia, Spain<\/title>\n<meta name=\"description\" content=\"Inmsol arranges a wide variety of accommodation for students in Granada, Spain, with the guarantee that it will be ready for your arrival.\" \/>\n<meta name=\"robots\" content=\"index, follow, max-snippet:-1, max-image-preview:large, max-video-preview:-1\" \/>\n<link rel=\"canonical\" href=\"https:\/\/www.inmsol.com\/es\/alojamiento-para-estudiantes-granada-espana\/\" \/>\n<meta property=\"og:locale\" content=\"es_ES\" \/>\n<meta property=\"og:type\" content=\"article\" \/>\n<meta property=\"og:title\" content=\"Accommodation for students in Granada | Andalusia, Spain\" \/>\n<meta property=\"og:description\" content=\"Inmsol arranges a wide variety of accommodation for students in Granada, Spain, with the guarantee that it will be ready for your arrival.\" \/>\n<meta property=\"og:url\" content=\"https:\/\/www.inmsol.com\/es\/alojamiento-para-estudiantes-granada-espana\/\" \/>\n<meta property=\"og:site_name\" content=\"iNMSOL\" \/>\n<meta property=\"article:publisher\" content=\"https:\/\/www.facebook.com\/spanishcourses\" \/>\n<meta property=\"article:modified_time\" content=\"2023-06-27T15:38:04+00:00\" \/>\n<meta property=\"og:image\" content=\"https:\/\/www.inmsol.com\/wp-content\/uploads\/2009\/05\/Alojamiento-piso-compartido2-scaled.jpg\" \/>\n\t<meta property=\"og:image:width\" content=\"2560\" \/>\n\t<meta property=\"og:image:height\" content=\"1714\" \/>\n\t<meta property=\"og:image:type\" content=\"image\/jpeg\" \/>\n<meta name=\"twitter:label1\" content=\"Tiempo de lectura\" \/>\n\t<meta name=\"twitter:data1\" content=\"2 minutos\" \/>\n<script type=\"application\/ld+json\" class=\"yoast-schema-graph\">{\"@context\":\"https:\\\/\\\/schema.org\",\"@graph\":[{\"@type\":\"WebPage\",\"@id\":\"https:\\\/\\\/www.inmsol.com\\\/es\\\/alojamiento-para-estudiantes-granada-espana\\\/\",\"url\":\"https:\\\/\\\/www.inmsol.com\\\/es\\\/alojamiento-para-estudiantes-granada-espana\\\/\",\"name\":\"Accommodation for students in Granada | Andalusia, Spain\",\"isPartOf\":{\"@id\":\"https:\\\/\\\/www.inmsol.com\\\/es\\\/#website\"},\"primaryImageOfPage\":{\"@id\":\"https:\\\/\\\/www.inmsol.com\\\/es\\\/alojamiento-para-estudiantes-granada-espana\\\/#primaryimage\"},\"image\":{\"@id\":\"https:\\\/\\\/www.inmsol.com\\\/es\\\/alojamiento-para-estudiantes-granada-espana\\\/#primaryimage\"},\"thumbnailUrl\":\"https:\\\/\\\/www.inmsol.com\\\/wp-content\\\/uploads\\\/2009\\\/05\\\/Alojamiento-piso-compartido2-scaled.jpg\",\"datePublished\":\"2009-05-10T19:01:35+00:00\",\"dateModified\":\"2023-06-27T15:38:04+00:00\",\"description\":\"Inmsol arranges a wide variety of accommodation for students in Granada, Spain, with the guarantee that it will be ready for your arrival.\",\"breadcrumb\":{\"@id\":\"https:\\\/\\\/www.inmsol.com\\\/es\\\/alojamiento-para-estudiantes-granada-espana\\\/#breadcrumb\"},\"inLanguage\":\"es\",\"potentialAction\":[{\"@type\":\"ReadAction\",\"target\":[\"https:\\\/\\\/www.inmsol.com\\\/es\\\/alojamiento-para-estudiantes-granada-espana\\\/\"]}]},{\"@type\":\"ImageObject\",\"inLanguage\":\"es\",\"@id\":\"https:\\\/\\\/www.inmsol.com\\\/es\\\/alojamiento-para-estudiantes-granada-espana\\\/#primaryimage\",\"url\":\"https:\\\/\\\/www.inmsol.com\\\/wp-content\\\/uploads\\\/2009\\\/05\\\/Alojamiento-piso-compartido2-scaled.jpg\",\"contentUrl\":\"https:\\\/\\\/www.inmsol.com\\\/wp-content\\\/uploads\\\/2009\\\/05\\\/Alojamiento-piso-compartido2-scaled.jpg\",\"width\":2560,\"height\":1714},{\"@type\":\"BreadcrumbList\",\"@id\":\"https:\\\/\\\/www.inmsol.com\\\/es\\\/alojamiento-para-estudiantes-granada-espana\\\/#breadcrumb\",\"itemListElement\":[{\"@type\":\"ListItem\",\"position\":1,\"name\":\"Accredited Center by Instituto Cervantes\",\"item\":\"https:\\\/\\\/www.inmsol.com\\\/es\\\/pagina-ejemplo\\\/\"},{\"@type\":\"ListItem\",\"position\":2,\"name\":\"Alojamiento para estudiantes en Granada\"}]},{\"@type\":\"WebSite\",\"@id\":\"https:\\\/\\\/www.inmsol.com\\\/es\\\/#website\",\"url\":\"https:\\\/\\\/www.inmsol.com\\\/es\\\/\",\"name\":\"iNMSOL\",\"description\":\"Aprenda Espa\u00f1ol con iNMSOL en Granada | Centro Acreditado por el Instituto Cervantes\",\"publisher\":{\"@id\":\"https:\\\/\\\/www.inmsol.com\\\/es\\\/#organization\"},\"potentialAction\":[{\"@type\":\"SearchAction\",\"target\":{\"@type\":\"EntryPoint\",\"urlTemplate\":\"https:\\\/\\\/www.inmsol.com\\\/es\\\/?s={search_term_string}\"},\"query-input\":{\"@type\":\"PropertyValueSpecification\",\"valueRequired\":true,\"valueName\":\"search_term_string\"}}],\"inLanguage\":\"es\"},{\"@type\":\"Organization\",\"@id\":\"https:\\\/\\\/www.inmsol.com\\\/es\\\/#organization\",\"name\":\"Instituto Mediterr\u00e1neo Sol\",\"url\":\"https:\\\/\\\/www.inmsol.com\\\/es\\\/\",\"logo\":{\"@type\":\"ImageObject\",\"inLanguage\":\"es\",\"@id\":\"https:\\\/\\\/www.inmsol.com\\\/es\\\/#\\\/schema\\\/logo\\\/image\\\/\",\"url\":\"https:\\\/\\\/www.inmsol.com\\\/wp-content\\\/uploads\\\/2023\\\/06\\\/logo-inmsol-1.png\",\"contentUrl\":\"https:\\\/\\\/www.inmsol.com\\\/wp-content\\\/uploads\\\/2023\\\/06\\\/logo-inmsol-1.png\",\"width\":136,\"height\":73,\"caption\":\"Instituto Mediterr\u00e1neo Sol\"},\"image\":{\"@id\":\"https:\\\/\\\/www.inmsol.com\\\/es\\\/#\\\/schema\\\/logo\\\/image\\\/\"},\"sameAs\":[\"https:\\\/\\\/www.facebook.com\\\/spanishcourses\",\"https:\\\/\\\/x.com\\\/StudyInGranada\",\"http:\\\/\\\/instagram.com\\\/imsolgranada\",\"https:\\\/\\\/es.linkedin.com\\\/company\\\/imsol-granada\",\"https:\\\/\\\/www.pinterest.es\\\/inmsol\\\/\",\"https:\\\/\\\/www.youtube.com\\\/channel\\\/UChz-Qn_7coFMosY85iYMO4g\"]}]}<\/script>\n<!-- \/ Yoast SEO plugin. -->","yoast_head_json":{"title":"Accommodation for students in Granada | Andalusia, Spain","description":"Inmsol arranges a wide variety of accommodation for students in Granada, Spain, with the guarantee that it will be ready for your arrival.","robots":{"index":"index","follow":"follow","max-snippet":"max-snippet:-1","max-image-preview":"max-image-preview:large","max-video-preview":"max-video-preview:-1"},"canonical":"https:\/\/www.inmsol.com\/es\/alojamiento-para-estudiantes-granada-espana\/","og_locale":"es_ES","og_type":"article","og_title":"Accommodation for students in Granada | Andalusia, Spain","og_description":"Inmsol arranges a wide variety of accommodation for students in Granada, Spain, with the guarantee that it will be ready for your arrival.","og_url":"https:\/\/www.inmsol.com\/es\/alojamiento-para-estudiantes-granada-espana\/","og_site_name":"iNMSOL","article_publisher":"https:\/\/www.facebook.com\/spanishcourses","article_modified_time":"2023-06-27T15:38:04+00:00","og_image":[{"width":2560,"height":1714,"url":"https:\/\/www.inmsol.com\/wp-content\/uploads\/2009\/05\/Alojamiento-piso-compartido2-scaled.jpg","type":"image\/jpeg"}],"twitter_misc":{"Tiempo de lectura":"2 minutos"},"schema":{"@context":"https:\/\/schema.org","@graph":[{"@type":"WebPage","@id":"https:\/\/www.inmsol.com\/es\/alojamiento-para-estudiantes-granada-espana\/","url":"https:\/\/www.inmsol.com\/es\/alojamiento-para-estudiantes-granada-espana\/","name":"Accommodation for students in Granada | Andalusia, Spain","isPartOf":{"@id":"https:\/\/www.inmsol.com\/es\/#website"},"primaryImageOfPage":{"@id":"https:\/\/www.inmsol.com\/es\/alojamiento-para-estudiantes-granada-espana\/#primaryimage"},"image":{"@id":"https:\/\/www.inmsol.com\/es\/alojamiento-para-estudiantes-granada-espana\/#primaryimage"},"thumbnailUrl":"https:\/\/www.inmsol.com\/wp-content\/uploads\/2009\/05\/Alojamiento-piso-compartido2-scaled.jpg","datePublished":"2009-05-10T19:01:35+00:00","dateModified":"2023-06-27T15:38:04+00:00","description":"Inmsol arranges a wide variety of accommodation for students in Granada, Spain, with the guarantee that it will be ready for your arrival.","breadcrumb":{"@id":"https:\/\/www.inmsol.com\/es\/alojamiento-para-estudiantes-granada-espana\/#breadcrumb"},"inLanguage":"es","potentialAction":[{"@type":"ReadAction","target":["https:\/\/www.inmsol.com\/es\/alojamiento-para-estudiantes-granada-espana\/"]}]},{"@type":"ImageObject","inLanguage":"es","@id":"https:\/\/www.inmsol.com\/es\/alojamiento-para-estudiantes-granada-espana\/#primaryimage","url":"https:\/\/www.inmsol.com\/wp-content\/uploads\/2009\/05\/Alojamiento-piso-compartido2-scaled.jpg","contentUrl":"https:\/\/www.inmsol.com\/wp-content\/uploads\/2009\/05\/Alojamiento-piso-compartido2-scaled.jpg","width":2560,"height":1714},{"@type":"BreadcrumbList","@id":"https:\/\/www.inmsol.com\/es\/alojamiento-para-estudiantes-granada-espana\/#breadcrumb","itemListElement":[{"@type":"ListItem","position":1,"name":"Accredited Center by Instituto Cervantes","item":"https:\/\/www.inmsol.com\/es\/pagina-ejemplo\/"},{"@type":"ListItem","position":2,"name":"Alojamiento para estudiantes en Granada"}]},{"@type":"WebSite","@id":"https:\/\/www.inmsol.com\/es\/#website","url":"https:\/\/www.inmsol.com\/es\/","name":"iNMSOL","description":"Aprenda Espa\u00f1ol con iNMSOL en Granada | Centro Acreditado por el Instituto Cervantes","publisher":{"@id":"https:\/\/www.inmsol.com\/es\/#organization"},"potentialAction":[{"@type":"SearchAction","target":{"@type":"EntryPoint","urlTemplate":"https:\/\/www.inmsol.com\/es\/?s={search_term_string}"},"query-input":{"@type":"PropertyValueSpecification","valueRequired":true,"valueName":"search_term_string"}}],"inLanguage":"es"},{"@type":"Organization","@id":"https:\/\/www.inmsol.com\/es\/#organization","name":"Instituto Mediterr\u00e1neo Sol","url":"https:\/\/www.inmsol.com\/es\/","logo":{"@type":"ImageObject","inLanguage":"es","@id":"https:\/\/www.inmsol.com\/es\/#\/schema\/logo\/image\/","url":"https:\/\/www.inmsol.com\/wp-content\/uploads\/2023\/06\/logo-inmsol-1.png","contentUrl":"https:\/\/www.inmsol.com\/wp-content\/uploads\/2023\/06\/logo-inmsol-1.png","width":136,"height":73,"caption":"Instituto Mediterr\u00e1neo Sol"},"image":{"@id":"https:\/\/www.inmsol.com\/es\/#\/schema\/logo\/image\/"},"sameAs":["https:\/\/www.facebook.com\/spanishcourses","https:\/\/x.com\/StudyInGranada","http:\/\/instagram.com\/imsolgranada","https:\/\/es.linkedin.com\/company\/imsol-granada","https:\/\/www.pinterest.es\/inmsol\/","https:\/\/www.youtube.com\/channel\/UChz-Qn_7coFMosY85iYMO4g"]}]}},"_links":{"self":[{"href":"https:\/\/www.inmsol.com\/es\/wp-json\/wp\/v2\/pages\/1445","targetHints":{"allow":["GET"]}}],"collection":[{"href":"https:\/\/www.inmsol.com\/es\/wp-json\/wp\/v2\/pages"}],"about":[{"href":"https:\/\/www.inmsol.com\/es\/wp-json\/wp\/v2\/types\/page"}],"author":[{"embeddable":true,"href":"https:\/\/www.inmsol.com\/es\/wp-json\/wp\/v2\/users\/2"}],"replies":[{"embeddable":true,"href":"https:\/\/www.inmsol.com\/es\/wp-json\/wp\/v2\/comments?post=1445"}],"version-history":[{"count":0,"href":"https:\/\/www.inmsol.com\/es\/wp-json\/wp\/v2\/pages\/1445\/revisions"}],"wp:featuredmedia":[{"embeddable":true,"href":"https:\/\/www.inmsol.com\/es\/wp-json\/wp\/v2\/media\/3066"}],"wp:attachment":[{"href":"https:\/\/www.inmsol.com\/es\/wp-json\/wp\/v2\/media?parent=1445"}],"curies":[{"name":"wp","href":"https:\/\/api.w.org\/{rel}","templated":true}]}}