{"id":1572,"date":"2009-08-05T03:46:49","date_gmt":"2009-08-05T03:46:49","guid":{"rendered":"https:\/\/www.inmsol.com\/"},"modified":"2023-07-05T22:18:01","modified_gmt":"2023-07-05T20:18:01","slug":"normas-de-conducta","status":"publish","type":"page","link":"https:\/\/www.inmsol.com\/es\/escuela-espanol-granada\/normas-de-conducta\/","title":{"rendered":"Normas de Conducta"},"content":{"rendered":"\t\t<div data-elementor-type=\"wp-page\" data-elementor-id=\"1572\" class=\"elementor elementor-1572 elementor-1571\" data-elementor-post-type=\"page\">\n\t\t\t\t\t\t<section class=\"elementor-section elementor-top-section elementor-element elementor-element-bd891a1 elementor-section-full_width elementor-section-height-min-height elementor-section-stretched elementor-section-height-default elementor-section-items-middle parallax_section_no qode_elementor_container_no\" data-id=\"bd891a1\" data-element_type=\"section\" data-settings=\"{&quot;stretch_section&quot;:&quot;section-stretched&quot;,&quot;background_background&quot;:&quot;classic&quot;}\">\n\t\t\t\t\t\t\t<div class=\"elementor-background-overlay\"><\/div>\n\t\t\t\t\t\t\t<div class=\"elementor-container elementor-column-gap-no\">\n\t\t\t\t\t<div class=\"elementor-column elementor-col-100 elementor-top-column elementor-element elementor-element-1d1a3e9\" data-id=\"1d1a3e9\" data-element_type=\"column\">\n\t\t\t<div class=\"elementor-widget-wrap elementor-element-populated\">\n\t\t\t\t\t\t<section class=\"elementor-section elementor-inner-section elementor-element elementor-element-cfcc8ed elementor-section-boxed elementor-section-height-default elementor-section-height-default parallax_section_no qode_elementor_container_no\" data-id=\"cfcc8ed\" data-element_type=\"section\">\n\t\t\t\t\t\t<div class=\"elementor-container elementor-column-gap-default\">\n\t\t\t\t\t<div class=\"elementor-column elementor-col-100 elementor-inner-column elementor-element elementor-element-ae975ef\" data-id=\"ae975ef\" data-element_type=\"column\">\n\t\t\t<div class=\"elementor-widget-wrap elementor-element-populated\">\n\t\t\t\t\t\t\t<\/div>\n\t\t<\/div>\n\t\t\t\t\t<\/div>\n\t\t<\/section>\n\t\t\t\t\t<\/div>\n\t\t<\/div>\n\t\t\t\t\t<\/div>\n\t\t<\/section>\n\t\t\t\t<section class=\"elementor-section elementor-top-section elementor-element elementor-element-7ce2971 elementor-section-boxed elementor-section-height-default elementor-section-height-default parallax_section_no qode_elementor_container_no\" data-id=\"7ce2971\" data-element_type=\"section\">\n\t\t\t\t\t\t<div class=\"elementor-container elementor-column-gap-default\">\n\t\t\t\t\t<div class=\"elementor-column elementor-col-100 elementor-top-column elementor-element elementor-element-622cebe\" data-id=\"622cebe\" data-element_type=\"column\">\n\t\t\t<div class=\"elementor-widget-wrap elementor-element-populated\">\n\t\t\t\t\t\t<div class=\"elementor-element elementor-element-5d8cba8 elementor-widget elementor-widget-heading\" data-id=\"5d8cba8\" data-element_type=\"widget\" data-widget_type=\"heading.default\">\n\t\t\t\t<div class=\"elementor-widget-container\">\n\t\t\t\t\t<h2 class=\"elementor-heading-title elementor-size-default\">NORMAS DE CONDUCTA\n\n<\/h2>\t\t\t\t<\/div>\n\t\t\t\t<\/div>\n\t\t\t\t<div class=\"elementor-element elementor-element-5f6828c elementor-widget elementor-widget-text-editor\" data-id=\"5f6828c\" data-element_type=\"widget\" data-widget_type=\"text-editor.default\">\n\t\t\t\t<div class=\"elementor-widget-container\">\n\t\t\t\t\t\t\t\t\t<p>Haz clic <strong><a href=\"https:\/\/www.inmsol.com\/downloads\/brochures\/form%20for%20underage.pdf\">aqu\u00ed<\/a> <\/strong>para descargar el M\u00f3dulo para Menores.<\/p>\t\t\t\t\t\t\t\t<\/div>\n\t\t\t\t<\/div>\n\t\t\t\t\t<\/div>\n\t\t<\/div>\n\t\t\t\t\t<\/div>\n\t\t<\/section>\n\t\t\t\t<section class=\"elementor-section elementor-top-section elementor-element elementor-element-c7850f9 elementor-section-boxed elementor-section-height-default elementor-section-height-default parallax_section_no qode_elementor_container_no\" data-id=\"c7850f9\" data-element_type=\"section\">\n\t\t\t\t\t\t<div class=\"elementor-container elementor-column-gap-default\">\n\t\t\t\t\t<div class=\"elementor-column elementor-col-50 elementor-top-column elementor-element elementor-element-781b889\" data-id=\"781b889\" data-element_type=\"column\">\n\t\t\t<div class=\"elementor-widget-wrap elementor-element-populated\">\n\t\t\t\t\t\t<div class=\"elementor-element elementor-element-f96dd88 elementor-widget elementor-widget-heading\" data-id=\"f96dd88\" data-element_type=\"widget\" data-widget_type=\"heading.default\">\n\t\t\t\t<div class=\"elementor-widget-container\">\n\t\t\t\t\t<h3 class=\"elementor-heading-title elementor-size-default\">LEYES<\/h3>\t\t\t\t<\/div>\n\t\t\t\t<\/div>\n\t\t\t\t<div class=\"elementor-element elementor-element-c12b0c8 elementor-widget elementor-widget-text-editor\" data-id=\"c12b0c8\" data-element_type=\"widget\" data-widget_type=\"text-editor.default\">\n\t\t\t\t<div class=\"elementor-widget-container\">\n\t\t\t\t\t\t\t\t\t<ul><li>El estudiante debe aceptar y cumplir las leyes y normas del pa\u00eds y localidad de destino, y adaptarse en la medida de lo posible a las costumbres.<\/li><li>La ley espa\u00f1ola proh\u00edbe beber alcohol a los menores de 18 a\u00f1os y proh\u00edbe el consumo de drogas. Violar esta ley supone la expulsi\u00f3n inmediata del programa del Curso de Adolescentes y la repatriaci\u00f3n a su pa\u00eds.<\/li><\/ul>\t\t\t\t\t\t\t\t<\/div>\n\t\t\t\t<\/div>\n\t\t\t\t\t<\/div>\n\t\t<\/div>\n\t\t\t\t<div class=\"elementor-column elementor-col-50 elementor-top-column elementor-element elementor-element-1461b25\" data-id=\"1461b25\" data-element_type=\"column\">\n\t\t\t<div class=\"elementor-widget-wrap elementor-element-populated\">\n\t\t\t\t\t\t<div class=\"elementor-element elementor-element-f4ce5a4 elementor-widget elementor-widget-heading\" data-id=\"f4ce5a4\" data-element_type=\"widget\" data-widget_type=\"heading.default\">\n\t\t\t\t<div class=\"elementor-widget-container\">\n\t\t\t\t\t<h3 class=\"elementor-heading-title elementor-size-default\">EN LA FAMILIA\n\n<\/h3>\t\t\t\t<\/div>\n\t\t\t\t<\/div>\n\t\t\t\t<div class=\"elementor-element elementor-element-75923b2 elementor-widget elementor-widget-text-editor\" data-id=\"75923b2\" data-element_type=\"widget\" data-widget_type=\"text-editor.default\">\n\t\t\t\t<div class=\"elementor-widget-container\">\n\t\t\t\t\t\t\t\t\t<ul><li>S\u00f3lo se admitir\u00e1n estudiantes en familia dispuestos a aceptar las normas habituales de convivencia y comportamiento en un ambiente familiar que estar\u00e1n obligados a respetar.<\/li><li>Los participantes deber\u00e1n tener una conducta ejemplar en la familia.<\/li><li>El estudiante respetar\u00e1 los h\u00e1bitos y costumbres de la familia que le acoge y seguir\u00e1 el horario de comidas y llegadas nocturnas establecido por la escuela. No hay nada que pueda alterarlo, salvo una actividad de la escuela, que previamente le ser\u00e1 comunicada.<\/li><li>La hora de llegada por la noche para los adolescentes es a las 24:00, incluido fines de semana.<\/li><li>Si por alg\u00fan motivo, el participante no llega puntual a casa, deber\u00e1 avisar a la familia y justificarlo.<\/li><\/ul>\t\t\t\t\t\t\t\t<\/div>\n\t\t\t\t<\/div>\n\t\t\t\t\t<\/div>\n\t\t<\/div>\n\t\t\t\t\t<\/div>\n\t\t<\/section>\n\t\t\t\t<section class=\"elementor-section elementor-top-section elementor-element elementor-element-ecee056 elementor-section-boxed elementor-section-height-default elementor-section-height-default parallax_section_no qode_elementor_container_no\" data-id=\"ecee056\" data-element_type=\"section\">\n\t\t\t\t\t\t<div class=\"elementor-container elementor-column-gap-default\">\n\t\t\t\t\t<div class=\"elementor-column elementor-col-50 elementor-top-column elementor-element elementor-element-12c9b7a\" data-id=\"12c9b7a\" data-element_type=\"column\">\n\t\t\t<div class=\"elementor-widget-wrap elementor-element-populated\">\n\t\t\t\t\t\t<div class=\"elementor-element elementor-element-56f04d5 elementor-widget elementor-widget-heading\" data-id=\"56f04d5\" data-element_type=\"widget\" data-widget_type=\"heading.default\">\n\t\t\t\t<div class=\"elementor-widget-container\">\n\t\t\t\t\t<h3 class=\"elementor-heading-title elementor-size-default\">EN LA ESCUELA\n\n<\/h3>\t\t\t\t<\/div>\n\t\t\t\t<\/div>\n\t\t\t\t<div class=\"elementor-element elementor-element-d147412 elementor-widget elementor-widget-text-editor\" data-id=\"d147412\" data-element_type=\"widget\" data-widget_type=\"text-editor.default\">\n\t\t\t\t<div class=\"elementor-widget-container\">\n\t\t\t\t\t\t\t\t\t<ul><li>Los participantes deber\u00e1n cumplir el horario de sus clases y actividades llevadas a cabo por la escuela.<\/li><li>Deber\u00e1n llegar con puntualidad y vestidos correctamente.<\/li><li>Los participantes vendr\u00e1n a clase con el material b\u00e1sico (cuaderno y bol\u00edgrafo) y respetar\u00e1 el material que la escuela le proporcione.<\/li><\/ul>\t\t\t\t\t\t\t\t<\/div>\n\t\t\t\t<\/div>\n\t\t\t\t\t<\/div>\n\t\t<\/div>\n\t\t\t\t<div class=\"elementor-column elementor-col-50 elementor-top-column elementor-element elementor-element-66d69bc\" data-id=\"66d69bc\" data-element_type=\"column\">\n\t\t\t<div class=\"elementor-widget-wrap elementor-element-populated\">\n\t\t\t\t\t\t<div class=\"elementor-element elementor-element-7c60919 elementor-widget elementor-widget-heading\" data-id=\"7c60919\" data-element_type=\"widget\" data-widget_type=\"heading.default\">\n\t\t\t\t<div class=\"elementor-widget-container\">\n\t\t\t\t\t<h3 class=\"elementor-heading-title elementor-size-default\">iNMSOL<\/h3>\t\t\t\t<\/div>\n\t\t\t\t<\/div>\n\t\t\t\t<div class=\"elementor-element elementor-element-d076959 elementor-widget elementor-widget-text-editor\" data-id=\"d076959\" data-element_type=\"widget\" data-widget_type=\"text-editor.default\">\n\t\t\t\t<div class=\"elementor-widget-container\">\n\t\t\t\t\t\t\t\t\t<ul><li>iNMSOL no se hace responsable de aquellos comportamientos que no se ajusten a las normas expuestas o a la legalidad vigente en Espa\u00f1a, la Comunidad Aut\u00f3noma o la Localidad en el momento en que se realiza la estancia.<\/li><li>El incumplimiento de alguna de estas obligaciones facultar\u00e1 a iNMSOL a la expulsi\u00f3n del programa y repatriado, corriendo por cuenta del participante o de la de sus padres o tutores, todos los gastos originados por el incumplimiento.<\/li><li>La expulsi\u00f3n de un participante implica la p\u00e9rdida del derecho a devoluci\u00f3n de ning\u00fan tipo.<\/li><\/ul>\t\t\t\t\t\t\t\t<\/div>\n\t\t\t\t<\/div>\n\t\t\t\t\t<\/div>\n\t\t<\/div>\n\t\t\t\t\t<\/div>\n\t\t<\/section>\n\t\t\t\t<section class=\"elementor-section elementor-top-section elementor-element elementor-element-12a0272 elementor-section-boxed elementor-section-height-default elementor-section-height-default parallax_section_no qode_elementor_container_no\" data-id=\"12a0272\" data-element_type=\"section\">\n\t\t\t\t\t\t<div class=\"elementor-container elementor-column-gap-default\">\n\t\t\t\t\t<div class=\"elementor-column elementor-col-100 elementor-top-column elementor-element elementor-element-30d6cee\" data-id=\"30d6cee\" data-element_type=\"column\">\n\t\t\t<div class=\"elementor-widget-wrap elementor-element-populated\">\n\t\t\t\t\t\t<div class=\"elementor-element elementor-element-7746e6a elementor-widget elementor-widget-heading\" data-id=\"7746e6a\" data-element_type=\"widget\" data-widget_type=\"heading.default\">\n\t\t\t\t<div class=\"elementor-widget-container\">\n\t\t\t\t\t<h3 class=\"elementor-heading-title elementor-size-default\">RESPONSABILIDAD DE iNMSOL\n\n<\/h3>\t\t\t\t<\/div>\n\t\t\t\t<\/div>\n\t\t\t\t<div class=\"elementor-element elementor-element-13766aa elementor-widget elementor-widget-text-editor\" data-id=\"13766aa\" data-element_type=\"widget\" data-widget_type=\"text-editor.default\">\n\t\t\t\t<div class=\"elementor-widget-container\">\n\t\t\t\t\t\t\t\t\t<ul><li><ul><li>iNMSOL asume la responsabilidad del estudiante en los siguientes casos:<ul><li>Durante las horas de clase y de la escuela.<\/li><li>Durante las actividades organizadas por la escuela.<\/li><li>Durante las horas de comidas y las estancias en la familia.<\/li><li>Durante las excursiones programadas por la escuela.<\/li><\/ul><\/li><li>iNMSOL NO asume la responsabilidad sobre los Curso\/s Complementario\/s a los que el participante se haya inscrito, ni a la programaci\u00f3n, horario o actividad derivada de los mismos, quedando la empresa o persona\/as que los organiza totalmente responsable sobre el participante.<\/li><\/ul><p>El s\u00f3lo hecho de inscribirse y participar en un curso implica la aceptaci\u00f3n y el cumplimiento por parte del participante de las Normas de Comportamiento incluidas en estas p\u00e1ginas y La Informaci\u00f3n y Condiciones Generales de la Inscirpci\u00f3n.<\/p><p>iNMSOL se reserva el derecho a modificar cualquier informaci\u00f3n de la que figura en su informaci\u00f3n siempre por razones justificadas.<\/p><\/li><\/ul>\t\t\t\t\t\t\t\t<\/div>\n\t\t\t\t<\/div>\n\t\t\t\t\t<\/div>\n\t\t<\/div>\n\t\t\t\t\t<\/div>\n\t\t<\/section>\n\t\t\t\t<\/div>\n\t\t","protected":false},"excerpt":{"rendered":"<p>NORMAS DE CONDUCTA Haz clic aqu\u00ed para descargar el M\u00f3dulo para Menores. LEYES El estudiante debe aceptar y cumplir las leyes y normas del pa\u00eds y localidad de destino, y adaptarse en la medida de lo posible a las costumbres. La ley espa\u00f1ola proh\u00edbe beber&#8230;<\/p>\n","protected":false},"author":2,"featured_media":0,"parent":1806,"menu_order":0,"comment_status":"closed","ping_status":"closed","template":"","meta":{"_acf_changed":false,"footnotes":""},"class_list":["post-1572","page","type-page","status-publish","hentry"],"acf":[],"yoast_head":"<!-- This site is optimized with the Yoast SEO plugin v27.4 - https:\/\/yoast.com\/product\/yoast-seo-wordpress\/ -->\n<title>Normas de Conducta | M\u00f3dulo para menores, reglas, responsabilidades | INMSOL<\/title>\n<meta name=\"description\" content=\"El estudiante debe aceptar y cumplir las leyes y normas del pa\u00eds y localidad de destino, y adaptarse en la medida de lo posible a las costumbres.Sea el estudiante sea la escuela tienen algunas responsabilidades que tienen que cumplir.\" \/>\n<meta name=\"robots\" content=\"index, follow, max-snippet:-1, max-image-preview:large, max-video-preview:-1\" \/>\n<link rel=\"canonical\" href=\"https:\/\/www.inmsol.com\/es\/escuela-espanol-granada\/normas-de-conducta\/\" \/>\n<meta property=\"og:locale\" content=\"es_ES\" \/>\n<meta property=\"og:type\" content=\"article\" \/>\n<meta property=\"og:title\" content=\"Normas de Conducta | M\u00f3dulo para menores, reglas, responsabilidades | INMSOL\" \/>\n<meta property=\"og:description\" content=\"El estudiante debe aceptar y cumplir las leyes y normas del pa\u00eds y localidad de destino, y adaptarse en la medida de lo posible a las costumbres.Sea el estudiante sea la escuela tienen algunas responsabilidades que tienen que cumplir.\" \/>\n<meta property=\"og:url\" content=\"https:\/\/www.inmsol.com\/es\/escuela-espanol-granada\/normas-de-conducta\/\" \/>\n<meta property=\"og:site_name\" content=\"iNMSOL\" \/>\n<meta property=\"article:publisher\" content=\"https:\/\/www.facebook.com\/spanishcourses\" \/>\n<meta property=\"article:modified_time\" content=\"2023-07-05T20:18:01+00:00\" \/>\n<meta property=\"og:image\" content=\"https:\/\/www.inmsol.com\/wp-content\/uploads\/2019\/08\/logo-inmsol.png\" \/>\n\t<meta property=\"og:image:width\" content=\"320\" \/>\n\t<meta property=\"og:image:height\" content=\"154\" \/>\n\t<meta property=\"og:image:type\" content=\"image\/png\" \/>\n<meta name=\"twitter:label1\" content=\"Tiempo de lectura\" \/>\n\t<meta name=\"twitter:data1\" content=\"3 minutos\" \/>\n<script type=\"application\/ld+json\" class=\"yoast-schema-graph\">{\"@context\":\"https:\\\/\\\/schema.org\",\"@graph\":[{\"@type\":\"WebPage\",\"@id\":\"https:\\\/\\\/www.inmsol.com\\\/es\\\/escuela-espanol-granada\\\/normas-de-conducta\\\/\",\"url\":\"https:\\\/\\\/www.inmsol.com\\\/es\\\/escuela-espanol-granada\\\/normas-de-conducta\\\/\",\"name\":\"Normas de Conducta | M\u00f3dulo para menores, reglas, responsabilidades | INMSOL\",\"isPartOf\":{\"@id\":\"https:\\\/\\\/www.inmsol.com\\\/es\\\/#website\"},\"datePublished\":\"2009-08-05T03:46:49+00:00\",\"dateModified\":\"2023-07-05T20:18:01+00:00\",\"description\":\"El estudiante debe aceptar y cumplir las leyes y normas del pa\u00eds y localidad de destino, y adaptarse en la medida de lo posible a las costumbres.Sea el estudiante sea la escuela tienen algunas responsabilidades que tienen que cumplir.\",\"breadcrumb\":{\"@id\":\"https:\\\/\\\/www.inmsol.com\\\/es\\\/escuela-espanol-granada\\\/normas-de-conducta\\\/#breadcrumb\"},\"inLanguage\":\"es\",\"potentialAction\":[{\"@type\":\"ReadAction\",\"target\":[\"https:\\\/\\\/www.inmsol.com\\\/es\\\/escuela-espanol-granada\\\/normas-de-conducta\\\/\"]}]},{\"@type\":\"BreadcrumbList\",\"@id\":\"https:\\\/\\\/www.inmsol.com\\\/es\\\/escuela-espanol-granada\\\/normas-de-conducta\\\/#breadcrumb\",\"itemListElement\":[{\"@type\":\"ListItem\",\"position\":1,\"name\":\"Accredited Center by Instituto Cervantes\",\"item\":\"https:\\\/\\\/www.inmsol.com\\\/es\\\/pagina-ejemplo\\\/\"},{\"@type\":\"ListItem\",\"position\":2,\"name\":\"Escuela de espa\u00f1ol en Granada\",\"item\":\"https:\\\/\\\/www.inmsol.com\\\/es\\\/escuela-espanol-granada\\\/\"},{\"@type\":\"ListItem\",\"position\":3,\"name\":\"Normas de Conducta\"}]},{\"@type\":\"WebSite\",\"@id\":\"https:\\\/\\\/www.inmsol.com\\\/es\\\/#website\",\"url\":\"https:\\\/\\\/www.inmsol.com\\\/es\\\/\",\"name\":\"iNMSOL\",\"description\":\"Aprenda Espa\u00f1ol con iNMSOL en Granada | Centro Acreditado por el Instituto Cervantes\",\"publisher\":{\"@id\":\"https:\\\/\\\/www.inmsol.com\\\/es\\\/#organization\"},\"potentialAction\":[{\"@type\":\"SearchAction\",\"target\":{\"@type\":\"EntryPoint\",\"urlTemplate\":\"https:\\\/\\\/www.inmsol.com\\\/es\\\/?s={search_term_string}\"},\"query-input\":{\"@type\":\"PropertyValueSpecification\",\"valueRequired\":true,\"valueName\":\"search_term_string\"}}],\"inLanguage\":\"es\"},{\"@type\":\"Organization\",\"@id\":\"https:\\\/\\\/www.inmsol.com\\\/es\\\/#organization\",\"name\":\"Instituto Mediterr\u00e1neo Sol\",\"url\":\"https:\\\/\\\/www.inmsol.com\\\/es\\\/\",\"logo\":{\"@type\":\"ImageObject\",\"inLanguage\":\"es\",\"@id\":\"https:\\\/\\\/www.inmsol.com\\\/es\\\/#\\\/schema\\\/logo\\\/image\\\/\",\"url\":\"https:\\\/\\\/www.inmsol.com\\\/wp-content\\\/uploads\\\/2023\\\/06\\\/logo-inmsol-1.png\",\"contentUrl\":\"https:\\\/\\\/www.inmsol.com\\\/wp-content\\\/uploads\\\/2023\\\/06\\\/logo-inmsol-1.png\",\"width\":136,\"height\":73,\"caption\":\"Instituto Mediterr\u00e1neo Sol\"},\"image\":{\"@id\":\"https:\\\/\\\/www.inmsol.com\\\/es\\\/#\\\/schema\\\/logo\\\/image\\\/\"},\"sameAs\":[\"https:\\\/\\\/www.facebook.com\\\/spanishcourses\",\"https:\\\/\\\/x.com\\\/StudyInGranada\",\"http:\\\/\\\/instagram.com\\\/imsolgranada\",\"https:\\\/\\\/es.linkedin.com\\\/company\\\/imsol-granada\",\"https:\\\/\\\/www.pinterest.es\\\/inmsol\\\/\",\"https:\\\/\\\/www.youtube.com\\\/channel\\\/UChz-Qn_7coFMosY85iYMO4g\"]}]}<\/script>\n<!-- \/ Yoast SEO plugin. -->","yoast_head_json":{"title":"Normas de Conducta | M\u00f3dulo para menores, reglas, responsabilidades | INMSOL","description":"El estudiante debe aceptar y cumplir las leyes y normas del pa\u00eds y localidad de destino, y adaptarse en la medida de lo posible a las costumbres.Sea el estudiante sea la escuela tienen algunas responsabilidades que tienen que cumplir.","robots":{"index":"index","follow":"follow","max-snippet":"max-snippet:-1","max-image-preview":"max-image-preview:large","max-video-preview":"max-video-preview:-1"},"canonical":"https:\/\/www.inmsol.com\/es\/escuela-espanol-granada\/normas-de-conducta\/","og_locale":"es_ES","og_type":"article","og_title":"Normas de Conducta | M\u00f3dulo para menores, reglas, responsabilidades | INMSOL","og_description":"El estudiante debe aceptar y cumplir las leyes y normas del pa\u00eds y localidad de destino, y adaptarse en la medida de lo posible a las costumbres.Sea el estudiante sea la escuela tienen algunas responsabilidades que tienen que cumplir.","og_url":"https:\/\/www.inmsol.com\/es\/escuela-espanol-granada\/normas-de-conducta\/","og_site_name":"iNMSOL","article_publisher":"https:\/\/www.facebook.com\/spanishcourses","article_modified_time":"2023-07-05T20:18:01+00:00","og_image":[{"width":320,"height":154,"url":"https:\/\/www.inmsol.com\/wp-content\/uploads\/2019\/08\/logo-inmsol.png","type":"image\/png"}],"twitter_misc":{"Tiempo de lectura":"3 minutos"},"schema":{"@context":"https:\/\/schema.org","@graph":[{"@type":"WebPage","@id":"https:\/\/www.inmsol.com\/es\/escuela-espanol-granada\/normas-de-conducta\/","url":"https:\/\/www.inmsol.com\/es\/escuela-espanol-granada\/normas-de-conducta\/","name":"Normas de Conducta | M\u00f3dulo para menores, reglas, responsabilidades | INMSOL","isPartOf":{"@id":"https:\/\/www.inmsol.com\/es\/#website"},"datePublished":"2009-08-05T03:46:49+00:00","dateModified":"2023-07-05T20:18:01+00:00","description":"El estudiante debe aceptar y cumplir las leyes y normas del pa\u00eds y localidad de destino, y adaptarse en la medida de lo posible a las costumbres.Sea el estudiante sea la escuela tienen algunas responsabilidades que tienen que cumplir.","breadcrumb":{"@id":"https:\/\/www.inmsol.com\/es\/escuela-espanol-granada\/normas-de-conducta\/#breadcrumb"},"inLanguage":"es","potentialAction":[{"@type":"ReadAction","target":["https:\/\/www.inmsol.com\/es\/escuela-espanol-granada\/normas-de-conducta\/"]}]},{"@type":"BreadcrumbList","@id":"https:\/\/www.inmsol.com\/es\/escuela-espanol-granada\/normas-de-conducta\/#breadcrumb","itemListElement":[{"@type":"ListItem","position":1,"name":"Accredited Center by Instituto Cervantes","item":"https:\/\/www.inmsol.com\/es\/pagina-ejemplo\/"},{"@type":"ListItem","position":2,"name":"Escuela de espa\u00f1ol en Granada","item":"https:\/\/www.inmsol.com\/es\/escuela-espanol-granada\/"},{"@type":"ListItem","position":3,"name":"Normas de Conducta"}]},{"@type":"WebSite","@id":"https:\/\/www.inmsol.com\/es\/#website","url":"https:\/\/www.inmsol.com\/es\/","name":"iNMSOL","description":"Aprenda Espa\u00f1ol con iNMSOL en Granada | Centro Acreditado por el Instituto Cervantes","publisher":{"@id":"https:\/\/www.inmsol.com\/es\/#organization"},"potentialAction":[{"@type":"SearchAction","target":{"@type":"EntryPoint","urlTemplate":"https:\/\/www.inmsol.com\/es\/?s={search_term_string}"},"query-input":{"@type":"PropertyValueSpecification","valueRequired":true,"valueName":"search_term_string"}}],"inLanguage":"es"},{"@type":"Organization","@id":"https:\/\/www.inmsol.com\/es\/#organization","name":"Instituto Mediterr\u00e1neo Sol","url":"https:\/\/www.inmsol.com\/es\/","logo":{"@type":"ImageObject","inLanguage":"es","@id":"https:\/\/www.inmsol.com\/es\/#\/schema\/logo\/image\/","url":"https:\/\/www.inmsol.com\/wp-content\/uploads\/2023\/06\/logo-inmsol-1.png","contentUrl":"https:\/\/www.inmsol.com\/wp-content\/uploads\/2023\/06\/logo-inmsol-1.png","width":136,"height":73,"caption":"Instituto Mediterr\u00e1neo Sol"},"image":{"@id":"https:\/\/www.inmsol.com\/es\/#\/schema\/logo\/image\/"},"sameAs":["https:\/\/www.facebook.com\/spanishcourses","https:\/\/x.com\/StudyInGranada","http:\/\/instagram.com\/imsolgranada","https:\/\/es.linkedin.com\/company\/imsol-granada","https:\/\/www.pinterest.es\/inmsol\/","https:\/\/www.youtube.com\/channel\/UChz-Qn_7coFMosY85iYMO4g"]}]}},"_links":{"self":[{"href":"https:\/\/www.inmsol.com\/es\/wp-json\/wp\/v2\/pages\/1572","targetHints":{"allow":["GET"]}}],"collection":[{"href":"https:\/\/www.inmsol.com\/es\/wp-json\/wp\/v2\/pages"}],"about":[{"href":"https:\/\/www.inmsol.com\/es\/wp-json\/wp\/v2\/types\/page"}],"author":[{"embeddable":true,"href":"https:\/\/www.inmsol.com\/es\/wp-json\/wp\/v2\/users\/2"}],"replies":[{"embeddable":true,"href":"https:\/\/www.inmsol.com\/es\/wp-json\/wp\/v2\/comments?post=1572"}],"version-history":[{"count":0,"href":"https:\/\/www.inmsol.com\/es\/wp-json\/wp\/v2\/pages\/1572\/revisions"}],"up":[{"embeddable":true,"href":"https:\/\/www.inmsol.com\/es\/wp-json\/wp\/v2\/pages\/1806"}],"wp:attachment":[{"href":"https:\/\/www.inmsol.com\/es\/wp-json\/wp\/v2\/media?parent=1572"}],"curies":[{"name":"wp","href":"https:\/\/api.w.org\/{rel}","templated":true}]}}