{"id":1669,"date":"2010-10-22T12:49:09","date_gmt":"2010-10-22T12:49:09","guid":{"rendered":"https:\/\/www.inmsol.com\/"},"modified":"2014-09-22T23:00:14","modified_gmt":"2014-09-22T21:00:14","slug":"breve-historia-de-la-real-academia-espanola","status":"publish","type":"page","link":"https:\/\/www.inmsol.com\/es\/breve-historia-de-la-real-academia-espanola\/","title":{"rendered":"Breve historia de la Real Academia Espa\u00f1ola"},"content":{"rendered":"<p>La Real Academia Espa\u00f1ola (RAE) es un organismo que se ocupa de la elaboraci\u00f3n de reglas normativas para el idioma espa\u00f1ol, con el fin de regular su unidad en los territorios hispanohablantes. Estas normas est\u00e1n recogidas y plasmadas en el Diccionario de la lengua espa\u00f1ola (DRAE), que abarca tanto la gram\u00e1tica como la ortograf\u00eda.<\/p>\n<p><!--break--><\/p>\n<p>La RAE trabaja \u00abal servicio del honor de la naci\u00f3n\u00bb, en coordinaci\u00f3n con las restantes 21 Academias Nacionales de los Pa\u00edses de habla hisp\u00e1nica y, junto con ellas, forma la Asociaci\u00f3n de Academias de la Lengua Espa\u00f1ola.<br \/>\nSe fund\u00f3 en 1713 por iniciativa de Juan Manuel Fern\u00e1ndez Pacheco, marqu\u00e9s de Villena y duque de Escalona. Felipe V aprob\u00f3 su constituci\u00f3n el 3 de octubre de 1714 y la coloc\u00f3 bajo su \u00abamparo y Real Protecci\u00f3n\u00bb. <br \/>\nEl\u00a0 prop\u00f3sito de la instituci\u00f3n fue \u00abfijar las voces y vocablos de la lengua castellana en su mayor propiedad, elegancia y pureza\u00bb, para mantener el estado de \u201cperfecci\u00f3n suma\u201d alcanzado en el siglo XVI. <br \/>\nActualmente, la Academia \u00abtiene como misi\u00f3n principal velar porque los cambios que experimente la Lengua Espa\u00f1ola en su constante adaptaci\u00f3n a las necesidades de sus hablantes, no quiebren la esencial unidad que mantiene en todo el \u00e1mbito hisp\u00e1nico\u00bb.<br \/>\nSu sede est\u00e1 en Madrid.<br \/>\nSe tomaron como modelo para su creaci\u00f3n la \u201cAccademia della Crusca\u201d italiana (1582) y la Academia Francesa (1635).<br \/>\nDesde muy pronto, la Academia vio reconocida su autoridad en materia ling\u00fc\u00edstica, porque responde a la necesidad de regular una lengua tan extensa como la espa\u00f1ola, adaptando su funcionamiento a los tiempos que le ha tocado vivir y sin influencias pol\u00edticas.<br \/>\nLa RAE es considerada frecuentemente como una organizaci\u00f3n conservadora: sin embargo, se esfuerza en mantener el lenguaje formal en sinton\u00eda con la actualidad, pero tampoco \u201ccierra las puertas\u201d a la admisi\u00f3n de nuevas palabras.<\/p>\n<p>\u00a0<\/p>\n","protected":false},"excerpt":{"rendered":"<p>La Real Academia Espa\u00f1ola (RAE) es un organismo que se ocupa de la elaboraci\u00f3n de reglas normativas para el idioma espa\u00f1ol, con el fin de regular su unidad en los territorios hispanohablantes. Estas normas est\u00e1n recogidas y plasmadas en el Diccionario de la lengua espa\u00f1ola&#8230;<\/p>\n","protected":false},"author":2,"featured_media":0,"parent":0,"menu_order":0,"comment_status":"closed","ping_status":"closed","template":"","meta":{"_acf_changed":false,"footnotes":""},"class_list":["post-1669","page","type-page","status-publish","hentry"],"acf":[],"yoast_head":"<!-- This site is optimized with the Yoast SEO plugin v27.5 - https:\/\/yoast.com\/product\/yoast-seo-wordpress\/ -->\n<title>Breve historia de la Real Academia Espa\u00f1ola | INMSOL<\/title>\n<meta name=\"description\" content=\"breve historia de la rae\" \/>\n<meta name=\"robots\" content=\"index, follow, max-snippet:-1, max-image-preview:large, max-video-preview:-1\" \/>\n<link rel=\"canonical\" href=\"https:\/\/www.inmsol.com\/es\/breve-historia-de-la-real-academia-espanola\/\" \/>\n<meta property=\"og:locale\" content=\"es_ES\" \/>\n<meta property=\"og:type\" content=\"article\" \/>\n<meta property=\"og:title\" content=\"Breve historia de la Real Academia Espa\u00f1ola | INMSOL\" \/>\n<meta property=\"og:description\" content=\"breve historia de la rae\" \/>\n<meta property=\"og:url\" content=\"https:\/\/www.inmsol.com\/es\/breve-historia-de-la-real-academia-espanola\/\" \/>\n<meta property=\"og:site_name\" content=\"iNMSOL\" \/>\n<meta property=\"article:publisher\" content=\"https:\/\/www.facebook.com\/spanishcourses\" \/>\n<meta property=\"article:modified_time\" content=\"2014-09-22T21:00:14+00:00\" \/>\n<meta property=\"og:image\" content=\"https:\/\/www.inmsol.com\/wp-content\/uploads\/2019\/08\/logo-inmsol.png\" \/>\n\t<meta property=\"og:image:width\" content=\"320\" \/>\n\t<meta property=\"og:image:height\" content=\"154\" \/>\n\t<meta property=\"og:image:type\" content=\"image\/png\" \/>\n<meta name=\"twitter:label1\" content=\"Tiempo de lectura\" \/>\n\t<meta name=\"twitter:data1\" content=\"2 minutos\" \/>\n<script type=\"application\/ld+json\" class=\"yoast-schema-graph\">{\"@context\":\"https:\\\/\\\/schema.org\",\"@graph\":[{\"@type\":\"WebPage\",\"@id\":\"https:\\\/\\\/www.inmsol.com\\\/es\\\/breve-historia-de-la-real-academia-espanola\\\/\",\"url\":\"https:\\\/\\\/www.inmsol.com\\\/es\\\/breve-historia-de-la-real-academia-espanola\\\/\",\"name\":\"Breve historia de la Real Academia Espa\u00f1ola | INMSOL\",\"isPartOf\":{\"@id\":\"https:\\\/\\\/www.inmsol.com\\\/es\\\/#website\"},\"datePublished\":\"2010-10-22T12:49:09+00:00\",\"dateModified\":\"2014-09-22T21:00:14+00:00\",\"description\":\"breve historia de la rae\",\"breadcrumb\":{\"@id\":\"https:\\\/\\\/www.inmsol.com\\\/es\\\/breve-historia-de-la-real-academia-espanola\\\/#breadcrumb\"},\"inLanguage\":\"es\",\"potentialAction\":[{\"@type\":\"ReadAction\",\"target\":[\"https:\\\/\\\/www.inmsol.com\\\/es\\\/breve-historia-de-la-real-academia-espanola\\\/\"]}]},{\"@type\":\"BreadcrumbList\",\"@id\":\"https:\\\/\\\/www.inmsol.com\\\/es\\\/breve-historia-de-la-real-academia-espanola\\\/#breadcrumb\",\"itemListElement\":[{\"@type\":\"ListItem\",\"position\":1,\"name\":\"Accredited Center by Instituto Cervantes\",\"item\":\"https:\\\/\\\/www.inmsol.com\\\/es\\\/pagina-ejemplo\\\/\"},{\"@type\":\"ListItem\",\"position\":2,\"name\":\"Breve historia de la Real Academia Espa\u00f1ola\"}]},{\"@type\":\"WebSite\",\"@id\":\"https:\\\/\\\/www.inmsol.com\\\/es\\\/#website\",\"url\":\"https:\\\/\\\/www.inmsol.com\\\/es\\\/\",\"name\":\"iNMSOL\",\"description\":\"Aprenda Espa\u00f1ol con iNMSOL en Granada | Centro Acreditado por el Instituto Cervantes\",\"publisher\":{\"@id\":\"https:\\\/\\\/www.inmsol.com\\\/es\\\/#organization\"},\"potentialAction\":[{\"@type\":\"SearchAction\",\"target\":{\"@type\":\"EntryPoint\",\"urlTemplate\":\"https:\\\/\\\/www.inmsol.com\\\/es\\\/?s={search_term_string}\"},\"query-input\":{\"@type\":\"PropertyValueSpecification\",\"valueRequired\":true,\"valueName\":\"search_term_string\"}}],\"inLanguage\":\"es\"},{\"@type\":\"Organization\",\"@id\":\"https:\\\/\\\/www.inmsol.com\\\/es\\\/#organization\",\"name\":\"Instituto Mediterr\u00e1neo Sol\",\"url\":\"https:\\\/\\\/www.inmsol.com\\\/es\\\/\",\"logo\":{\"@type\":\"ImageObject\",\"inLanguage\":\"es\",\"@id\":\"https:\\\/\\\/www.inmsol.com\\\/es\\\/#\\\/schema\\\/logo\\\/image\\\/\",\"url\":\"https:\\\/\\\/www.inmsol.com\\\/wp-content\\\/uploads\\\/2023\\\/06\\\/logo-inmsol-1.png\",\"contentUrl\":\"https:\\\/\\\/www.inmsol.com\\\/wp-content\\\/uploads\\\/2023\\\/06\\\/logo-inmsol-1.png\",\"width\":136,\"height\":73,\"caption\":\"Instituto Mediterr\u00e1neo Sol\"},\"image\":{\"@id\":\"https:\\\/\\\/www.inmsol.com\\\/es\\\/#\\\/schema\\\/logo\\\/image\\\/\"},\"sameAs\":[\"https:\\\/\\\/www.facebook.com\\\/spanishcourses\",\"https:\\\/\\\/x.com\\\/StudyInGranada\",\"http:\\\/\\\/instagram.com\\\/imsolgranada\",\"https:\\\/\\\/es.linkedin.com\\\/company\\\/imsol-granada\",\"https:\\\/\\\/www.pinterest.es\\\/inmsol\\\/\",\"https:\\\/\\\/www.youtube.com\\\/channel\\\/UChz-Qn_7coFMosY85iYMO4g\"]}]}<\/script>\n<!-- \/ Yoast SEO plugin. -->","yoast_head_json":{"title":"Breve historia de la Real Academia Espa\u00f1ola | INMSOL","description":"breve historia de la rae","robots":{"index":"index","follow":"follow","max-snippet":"max-snippet:-1","max-image-preview":"max-image-preview:large","max-video-preview":"max-video-preview:-1"},"canonical":"https:\/\/www.inmsol.com\/es\/breve-historia-de-la-real-academia-espanola\/","og_locale":"es_ES","og_type":"article","og_title":"Breve historia de la Real Academia Espa\u00f1ola | INMSOL","og_description":"breve historia de la rae","og_url":"https:\/\/www.inmsol.com\/es\/breve-historia-de-la-real-academia-espanola\/","og_site_name":"iNMSOL","article_publisher":"https:\/\/www.facebook.com\/spanishcourses","article_modified_time":"2014-09-22T21:00:14+00:00","og_image":[{"width":320,"height":154,"url":"https:\/\/www.inmsol.com\/wp-content\/uploads\/2019\/08\/logo-inmsol.png","type":"image\/png"}],"twitter_misc":{"Tiempo de lectura":"2 minutos"},"schema":{"@context":"https:\/\/schema.org","@graph":[{"@type":"WebPage","@id":"https:\/\/www.inmsol.com\/es\/breve-historia-de-la-real-academia-espanola\/","url":"https:\/\/www.inmsol.com\/es\/breve-historia-de-la-real-academia-espanola\/","name":"Breve historia de la Real Academia Espa\u00f1ola | INMSOL","isPartOf":{"@id":"https:\/\/www.inmsol.com\/es\/#website"},"datePublished":"2010-10-22T12:49:09+00:00","dateModified":"2014-09-22T21:00:14+00:00","description":"breve historia de la rae","breadcrumb":{"@id":"https:\/\/www.inmsol.com\/es\/breve-historia-de-la-real-academia-espanola\/#breadcrumb"},"inLanguage":"es","potentialAction":[{"@type":"ReadAction","target":["https:\/\/www.inmsol.com\/es\/breve-historia-de-la-real-academia-espanola\/"]}]},{"@type":"BreadcrumbList","@id":"https:\/\/www.inmsol.com\/es\/breve-historia-de-la-real-academia-espanola\/#breadcrumb","itemListElement":[{"@type":"ListItem","position":1,"name":"Accredited Center by Instituto Cervantes","item":"https:\/\/www.inmsol.com\/es\/pagina-ejemplo\/"},{"@type":"ListItem","position":2,"name":"Breve historia de la Real Academia Espa\u00f1ola"}]},{"@type":"WebSite","@id":"https:\/\/www.inmsol.com\/es\/#website","url":"https:\/\/www.inmsol.com\/es\/","name":"iNMSOL","description":"Aprenda Espa\u00f1ol con iNMSOL en Granada | Centro Acreditado por el Instituto Cervantes","publisher":{"@id":"https:\/\/www.inmsol.com\/es\/#organization"},"potentialAction":[{"@type":"SearchAction","target":{"@type":"EntryPoint","urlTemplate":"https:\/\/www.inmsol.com\/es\/?s={search_term_string}"},"query-input":{"@type":"PropertyValueSpecification","valueRequired":true,"valueName":"search_term_string"}}],"inLanguage":"es"},{"@type":"Organization","@id":"https:\/\/www.inmsol.com\/es\/#organization","name":"Instituto Mediterr\u00e1neo Sol","url":"https:\/\/www.inmsol.com\/es\/","logo":{"@type":"ImageObject","inLanguage":"es","@id":"https:\/\/www.inmsol.com\/es\/#\/schema\/logo\/image\/","url":"https:\/\/www.inmsol.com\/wp-content\/uploads\/2023\/06\/logo-inmsol-1.png","contentUrl":"https:\/\/www.inmsol.com\/wp-content\/uploads\/2023\/06\/logo-inmsol-1.png","width":136,"height":73,"caption":"Instituto Mediterr\u00e1neo Sol"},"image":{"@id":"https:\/\/www.inmsol.com\/es\/#\/schema\/logo\/image\/"},"sameAs":["https:\/\/www.facebook.com\/spanishcourses","https:\/\/x.com\/StudyInGranada","http:\/\/instagram.com\/imsolgranada","https:\/\/es.linkedin.com\/company\/imsol-granada","https:\/\/www.pinterest.es\/inmsol\/","https:\/\/www.youtube.com\/channel\/UChz-Qn_7coFMosY85iYMO4g"]}]}},"_links":{"self":[{"href":"https:\/\/www.inmsol.com\/es\/wp-json\/wp\/v2\/pages\/1669","targetHints":{"allow":["GET"]}}],"collection":[{"href":"https:\/\/www.inmsol.com\/es\/wp-json\/wp\/v2\/pages"}],"about":[{"href":"https:\/\/www.inmsol.com\/es\/wp-json\/wp\/v2\/types\/page"}],"author":[{"embeddable":true,"href":"https:\/\/www.inmsol.com\/es\/wp-json\/wp\/v2\/users\/2"}],"replies":[{"embeddable":true,"href":"https:\/\/www.inmsol.com\/es\/wp-json\/wp\/v2\/comments?post=1669"}],"version-history":[{"count":0,"href":"https:\/\/www.inmsol.com\/es\/wp-json\/wp\/v2\/pages\/1669\/revisions"}],"wp:attachment":[{"href":"https:\/\/www.inmsol.com\/es\/wp-json\/wp\/v2\/media?parent=1669"}],"curies":[{"name":"wp","href":"https:\/\/api.w.org\/{rel}","templated":true}]}}