{"id":1772,"date":"2011-04-13T16:32:19","date_gmt":"2011-04-13T16:32:19","guid":{"rendered":"https:\/\/www.inmsol.com\/"},"modified":"2020-11-23T09:54:05","modified_gmt":"2020-11-23T08:54:05","slug":"la-venta-las-entradas-de-mamma-mia-en-granada","status":"publish","type":"page","link":"https:\/\/www.inmsol.com\/es\/la-venta-las-entradas-de-mamma-mia-en-granada\/","title":{"rendered":"A la venta las entradas de \u00abMamma Mia\u00bb en Granada!"},"content":{"rendered":"<p>Ya est\u00e1n a la venta las entradas para ver el musical \u00ab<strong>Mamma Mia<\/strong>\u00ab, que llegar\u00e1 al <strong>Palacio de Congresos de Granada del 28 de abril al 1 de mayo<\/strong> <strong>de 2011<\/strong>. Desde su estreno en Madrid en 2004, m\u00e1s de dos millones de espectadores han disfrutado de la mezcla de actuaci\u00f3n, m\u00fasica, canto y humor del espect\u00e1culo, basado en las canciones del grupo sueco Abba. Mamma Mia se ha convertido en un fen\u00f3meno mundial, la versi\u00f3n cinematogr\u00e1fica del musical ha sido n\u00famero uno en m\u00e1s de doce pa\u00edses y es el musical que m\u00e1s dinero ha recaudado en la historia del cine. Una gira de la productora Stage Entertainment que recorrer\u00e1 veinte ciudades espa\u00f1olas hasta junio de 2011. Las entradas ya est\u00e1n a la venta en en la web<\/p>\n<p>https:\/\/www.elcorteingles.es\/entradas\/<\/p>\n<p>y en el tel\u00e9fono 902.400.222.<\/p>\n<p class=\"rteleft\">Inspirada por la magia de las atemporales canciones de Abba, el maravilloso cuento de hadas a cerca de la familia y la amistad de la escritora Catherine Johnson, transcurre en el para\u00edso de una isla griega. La noche previa a su boda, una hija inicia la b\u00fasqueda para descubrir la identidad de su padre. Re\u00fane a tres hombres que pertenecen al pasado de su madre en la isla que visitaron 20 a\u00f1os atr\u00e1s.<\/p>\n<p>Con m\u00fasica y letra de Benny Andersson y Bj\u00f6rn Ulvaeus, &#8216;Mamma Mia!&#8217; est\u00e1 escrito por Catherine Johnson y dirigido por Phyllida Lloyd. Adem\u00e1s, ha sido coreografiada por Anthony Van Laast, mientras que la escenograf\u00eda ha corrido a cargo de Mark Thompson; el dise\u00f1o de luces por Howard Harrison; el dise\u00f1o de sonido por Andrew Bruce y Bobby Aitken y la supervisi\u00f3n musical, material adicional y arreglos por Martin Koch.<\/p>\n<p class=\"rteleft\"><a href=\"http:\/\/www.granadahoy.com\/article\/ocio\/918765\/ya\/estan\/la\/venta\/las\/entradas\/para\/ver\/granada\/mamma\/mia.html\" target=\"_blank\" rel=\"noopener noreferrer\">Fuente<\/a><\/p>\n","protected":false},"excerpt":{"rendered":"<p>Ya est\u00e1n a la venta las entradas para ver el musical \u00abMamma Mia\u00ab, que llegar\u00e1 al Palacio de Congresos de Granada del 28 de abril al 1 de mayo de 2011. Desde su estreno en Madrid en 2004, m\u00e1s de dos millones de espectadores han&#8230;<\/p>\n","protected":false},"author":2,"featured_media":0,"parent":0,"menu_order":0,"comment_status":"closed","ping_status":"closed","template":"","meta":{"_acf_changed":false,"footnotes":""},"class_list":["post-1772","page","type-page","status-publish","hentry"],"acf":[],"yoast_head":"<!-- This site is optimized with the Yoast SEO plugin v27.6 - https:\/\/yoast.com\/product\/yoast-seo-wordpress\/ -->\n<title>A la venta las entradas de &quot;Mamma Mia&quot; en Granada! | palacio de congresos, espect\u00e1culo, abba, | INMSOL<\/title>\n<meta name=\"description\" content=\"Espect\u00e1culo Mamma M\u00eda en Granada, del 28 de abril al 1 de mayo de 2011, en el Palacio de Congresos.\" \/>\n<meta name=\"robots\" content=\"index, follow, max-snippet:-1, max-image-preview:large, max-video-preview:-1\" \/>\n<link rel=\"canonical\" href=\"https:\/\/www.inmsol.com\/es\/la-venta-las-entradas-de-mamma-mia-en-granada\/\" \/>\n<meta property=\"og:locale\" content=\"es_ES\" \/>\n<meta property=\"og:type\" content=\"article\" \/>\n<meta property=\"og:title\" content=\"A la venta las entradas de &quot;Mamma Mia&quot; en Granada! | palacio de congresos, espect\u00e1culo, abba, | INMSOL\" \/>\n<meta property=\"og:description\" content=\"Espect\u00e1culo Mamma M\u00eda en Granada, del 28 de abril al 1 de mayo de 2011, en el Palacio de Congresos.\" \/>\n<meta property=\"og:url\" content=\"https:\/\/www.inmsol.com\/es\/la-venta-las-entradas-de-mamma-mia-en-granada\/\" \/>\n<meta property=\"og:site_name\" content=\"iNMSOL\" \/>\n<meta property=\"article:publisher\" content=\"https:\/\/www.facebook.com\/spanishcourses\" \/>\n<meta property=\"article:modified_time\" content=\"2020-11-23T08:54:05+00:00\" \/>\n<meta property=\"og:image\" content=\"https:\/\/www.inmsol.com\/wp-content\/uploads\/2019\/08\/logo-inmsol.png\" \/>\n\t<meta property=\"og:image:width\" content=\"320\" \/>\n\t<meta property=\"og:image:height\" content=\"154\" \/>\n\t<meta property=\"og:image:type\" content=\"image\/png\" \/>\n<meta name=\"twitter:label1\" content=\"Tiempo de lectura\" \/>\n\t<meta name=\"twitter:data1\" content=\"2 minutos\" \/>\n<script type=\"application\/ld+json\" class=\"yoast-schema-graph\">{\"@context\":\"https:\\\/\\\/schema.org\",\"@graph\":[{\"@type\":\"WebPage\",\"@id\":\"https:\\\/\\\/www.inmsol.com\\\/es\\\/la-venta-las-entradas-de-mamma-mia-en-granada\\\/\",\"url\":\"https:\\\/\\\/www.inmsol.com\\\/es\\\/la-venta-las-entradas-de-mamma-mia-en-granada\\\/\",\"name\":\"A la venta las entradas de \\\"Mamma Mia\\\" en Granada! | palacio de congresos, espect\u00e1culo, abba, | INMSOL\",\"isPartOf\":{\"@id\":\"https:\\\/\\\/www.inmsol.com\\\/es\\\/#website\"},\"datePublished\":\"2011-04-13T16:32:19+00:00\",\"dateModified\":\"2020-11-23T08:54:05+00:00\",\"description\":\"Espect\u00e1culo Mamma M\u00eda en Granada, del 28 de abril al 1 de mayo de 2011, en el Palacio de Congresos.\",\"breadcrumb\":{\"@id\":\"https:\\\/\\\/www.inmsol.com\\\/es\\\/la-venta-las-entradas-de-mamma-mia-en-granada\\\/#breadcrumb\"},\"inLanguage\":\"es\",\"potentialAction\":[{\"@type\":\"ReadAction\",\"target\":[\"https:\\\/\\\/www.inmsol.com\\\/es\\\/la-venta-las-entradas-de-mamma-mia-en-granada\\\/\"]}]},{\"@type\":\"BreadcrumbList\",\"@id\":\"https:\\\/\\\/www.inmsol.com\\\/es\\\/la-venta-las-entradas-de-mamma-mia-en-granada\\\/#breadcrumb\",\"itemListElement\":[{\"@type\":\"ListItem\",\"position\":1,\"name\":\"Accredited Center by Instituto Cervantes\",\"item\":\"https:\\\/\\\/www.inmsol.com\\\/es\\\/pagina-ejemplo\\\/\"},{\"@type\":\"ListItem\",\"position\":2,\"name\":\"A la venta las entradas de \u00abMamma Mia\u00bb en Granada!\"}]},{\"@type\":\"WebSite\",\"@id\":\"https:\\\/\\\/www.inmsol.com\\\/es\\\/#website\",\"url\":\"https:\\\/\\\/www.inmsol.com\\\/es\\\/\",\"name\":\"iNMSOL\",\"description\":\"Aprenda Espa\u00f1ol con iNMSOL en Granada | Centro Acreditado por el Instituto Cervantes\",\"publisher\":{\"@id\":\"https:\\\/\\\/www.inmsol.com\\\/es\\\/#organization\"},\"potentialAction\":[{\"@type\":\"SearchAction\",\"target\":{\"@type\":\"EntryPoint\",\"urlTemplate\":\"https:\\\/\\\/www.inmsol.com\\\/es\\\/?s={search_term_string}\"},\"query-input\":{\"@type\":\"PropertyValueSpecification\",\"valueRequired\":true,\"valueName\":\"search_term_string\"}}],\"inLanguage\":\"es\"},{\"@type\":\"Organization\",\"@id\":\"https:\\\/\\\/www.inmsol.com\\\/es\\\/#organization\",\"name\":\"Instituto Mediterr\u00e1neo Sol\",\"url\":\"https:\\\/\\\/www.inmsol.com\\\/es\\\/\",\"logo\":{\"@type\":\"ImageObject\",\"inLanguage\":\"es\",\"@id\":\"https:\\\/\\\/www.inmsol.com\\\/es\\\/#\\\/schema\\\/logo\\\/image\\\/\",\"url\":\"https:\\\/\\\/www.inmsol.com\\\/wp-content\\\/uploads\\\/2023\\\/06\\\/logo-inmsol-1.png\",\"contentUrl\":\"https:\\\/\\\/www.inmsol.com\\\/wp-content\\\/uploads\\\/2023\\\/06\\\/logo-inmsol-1.png\",\"width\":136,\"height\":73,\"caption\":\"Instituto Mediterr\u00e1neo Sol\"},\"image\":{\"@id\":\"https:\\\/\\\/www.inmsol.com\\\/es\\\/#\\\/schema\\\/logo\\\/image\\\/\"},\"sameAs\":[\"https:\\\/\\\/www.facebook.com\\\/spanishcourses\",\"https:\\\/\\\/x.com\\\/StudyInGranada\",\"http:\\\/\\\/instagram.com\\\/imsolgranada\",\"https:\\\/\\\/es.linkedin.com\\\/company\\\/imsol-granada\",\"https:\\\/\\\/www.pinterest.es\\\/inmsol\\\/\",\"https:\\\/\\\/www.youtube.com\\\/channel\\\/UChz-Qn_7coFMosY85iYMO4g\"]}]}<\/script>\n<!-- \/ Yoast SEO plugin. -->","yoast_head_json":{"title":"A la venta las entradas de \"Mamma Mia\" en Granada! | palacio de congresos, espect\u00e1culo, abba, | INMSOL","description":"Espect\u00e1culo Mamma M\u00eda en Granada, del 28 de abril al 1 de mayo de 2011, en el Palacio de Congresos.","robots":{"index":"index","follow":"follow","max-snippet":"max-snippet:-1","max-image-preview":"max-image-preview:large","max-video-preview":"max-video-preview:-1"},"canonical":"https:\/\/www.inmsol.com\/es\/la-venta-las-entradas-de-mamma-mia-en-granada\/","og_locale":"es_ES","og_type":"article","og_title":"A la venta las entradas de \"Mamma Mia\" en Granada! | palacio de congresos, espect\u00e1culo, abba, | INMSOL","og_description":"Espect\u00e1culo Mamma M\u00eda en Granada, del 28 de abril al 1 de mayo de 2011, en el Palacio de Congresos.","og_url":"https:\/\/www.inmsol.com\/es\/la-venta-las-entradas-de-mamma-mia-en-granada\/","og_site_name":"iNMSOL","article_publisher":"https:\/\/www.facebook.com\/spanishcourses","article_modified_time":"2020-11-23T08:54:05+00:00","og_image":[{"width":320,"height":154,"url":"https:\/\/www.inmsol.com\/wp-content\/uploads\/2019\/08\/logo-inmsol.png","type":"image\/png"}],"twitter_misc":{"Tiempo de lectura":"2 minutos"},"schema":{"@context":"https:\/\/schema.org","@graph":[{"@type":"WebPage","@id":"https:\/\/www.inmsol.com\/es\/la-venta-las-entradas-de-mamma-mia-en-granada\/","url":"https:\/\/www.inmsol.com\/es\/la-venta-las-entradas-de-mamma-mia-en-granada\/","name":"A la venta las entradas de \"Mamma Mia\" en Granada! | palacio de congresos, espect\u00e1culo, abba, | INMSOL","isPartOf":{"@id":"https:\/\/www.inmsol.com\/es\/#website"},"datePublished":"2011-04-13T16:32:19+00:00","dateModified":"2020-11-23T08:54:05+00:00","description":"Espect\u00e1culo Mamma M\u00eda en Granada, del 28 de abril al 1 de mayo de 2011, en el Palacio de Congresos.","breadcrumb":{"@id":"https:\/\/www.inmsol.com\/es\/la-venta-las-entradas-de-mamma-mia-en-granada\/#breadcrumb"},"inLanguage":"es","potentialAction":[{"@type":"ReadAction","target":["https:\/\/www.inmsol.com\/es\/la-venta-las-entradas-de-mamma-mia-en-granada\/"]}]},{"@type":"BreadcrumbList","@id":"https:\/\/www.inmsol.com\/es\/la-venta-las-entradas-de-mamma-mia-en-granada\/#breadcrumb","itemListElement":[{"@type":"ListItem","position":1,"name":"Accredited Center by Instituto Cervantes","item":"https:\/\/www.inmsol.com\/es\/pagina-ejemplo\/"},{"@type":"ListItem","position":2,"name":"A la venta las entradas de \u00abMamma Mia\u00bb en Granada!"}]},{"@type":"WebSite","@id":"https:\/\/www.inmsol.com\/es\/#website","url":"https:\/\/www.inmsol.com\/es\/","name":"iNMSOL","description":"Aprenda Espa\u00f1ol con iNMSOL en Granada | Centro Acreditado por el Instituto Cervantes","publisher":{"@id":"https:\/\/www.inmsol.com\/es\/#organization"},"potentialAction":[{"@type":"SearchAction","target":{"@type":"EntryPoint","urlTemplate":"https:\/\/www.inmsol.com\/es\/?s={search_term_string}"},"query-input":{"@type":"PropertyValueSpecification","valueRequired":true,"valueName":"search_term_string"}}],"inLanguage":"es"},{"@type":"Organization","@id":"https:\/\/www.inmsol.com\/es\/#organization","name":"Instituto Mediterr\u00e1neo Sol","url":"https:\/\/www.inmsol.com\/es\/","logo":{"@type":"ImageObject","inLanguage":"es","@id":"https:\/\/www.inmsol.com\/es\/#\/schema\/logo\/image\/","url":"https:\/\/www.inmsol.com\/wp-content\/uploads\/2023\/06\/logo-inmsol-1.png","contentUrl":"https:\/\/www.inmsol.com\/wp-content\/uploads\/2023\/06\/logo-inmsol-1.png","width":136,"height":73,"caption":"Instituto Mediterr\u00e1neo Sol"},"image":{"@id":"https:\/\/www.inmsol.com\/es\/#\/schema\/logo\/image\/"},"sameAs":["https:\/\/www.facebook.com\/spanishcourses","https:\/\/x.com\/StudyInGranada","http:\/\/instagram.com\/imsolgranada","https:\/\/es.linkedin.com\/company\/imsol-granada","https:\/\/www.pinterest.es\/inmsol\/","https:\/\/www.youtube.com\/channel\/UChz-Qn_7coFMosY85iYMO4g"]}]}},"_links":{"self":[{"href":"https:\/\/www.inmsol.com\/es\/wp-json\/wp\/v2\/pages\/1772","targetHints":{"allow":["GET"]}}],"collection":[{"href":"https:\/\/www.inmsol.com\/es\/wp-json\/wp\/v2\/pages"}],"about":[{"href":"https:\/\/www.inmsol.com\/es\/wp-json\/wp\/v2\/types\/page"}],"author":[{"embeddable":true,"href":"https:\/\/www.inmsol.com\/es\/wp-json\/wp\/v2\/users\/2"}],"replies":[{"embeddable":true,"href":"https:\/\/www.inmsol.com\/es\/wp-json\/wp\/v2\/comments?post=1772"}],"version-history":[{"count":0,"href":"https:\/\/www.inmsol.com\/es\/wp-json\/wp\/v2\/pages\/1772\/revisions"}],"wp:attachment":[{"href":"https:\/\/www.inmsol.com\/es\/wp-json\/wp\/v2\/media?parent=1772"}],"curies":[{"name":"wp","href":"https:\/\/api.w.org\/{rel}","templated":true}]}}