{"id":1775,"date":"2011-04-25T17:47:58","date_gmt":"2011-04-25T17:47:58","guid":{"rendered":"https:\/\/www.inmsol.com\/"},"modified":"2020-11-23T10:02:48","modified_gmt":"2020-11-23T09:02:48","slug":"becas-curso-de-formacion-para-profesores-de-espanol","status":"publish","type":"page","link":"https:\/\/www.inmsol.com\/es\/becas-curso-de-formacion-para-profesores-de-espanol\/","title":{"rendered":"Becas &#8211; Curso de formaci\u00f3n para profesores de espa\u00f1ol"},"content":{"rendered":"<p><strong><a href=\"https:\/\/ec.europa.eu\/programmes\/erasmus-plus\/about_en\" target=\"_blank\" rel=\"noopener noreferrer\">Erasmus +<\/a><\/strong> es el nuevo<strong> programa europeo en el area de Educaci\u00f3n, Formaci\u00f3n, Juventus y Deporte para el per\u00edodo entre el 2014 y el 2020.<\/strong><br \/>\nRe\u00fane los siete programas (inclu\u00eddos los Comenius y Grundtvig) del per\u00edodo entre el 2007 y el 2013, que eran parte del Life Learning Programme (LLP), el de Jovenes en Acci\u00f3n y 5 programas de cooperaci\u00f3n internacional.<\/p>\n<p>Este nuevo programa se centrar\u00e1 en estas areas:<\/p>\n<ul>\n<li>educaci\u00f3n, formaci\u00f3n y j\u00f3venes<\/li>\n<li>deporte<\/li>\n<\/ul>\n<p>Los siguiente pa\u00edses pueden tomar parte integralmente a todas las acciones del programa Erasmus +: todos los pa\u00edses miembros de la Uni\u00f3n Europea y tambi\u00e9n la ex-Yugoslavia, la Rep\u00fablica de Macedonia, Islandia, Liechtenstein, Noruega, Suiza y Turqu\u00eda.<\/p>\n<p>Otros paises pueden participar s\u00f3lo a ciertas acciones, dependiendo de criterios espec\u00edficos o condiciones.<\/p>\n<p><strong>Puedes encontrar la gu\u00eda espec\u00edfica del programa <a href=\"https:\/\/www.inmsol.com\/downloads\/brochures\/erasmus-plus-programme-guide_en.pdf\">AQU\u00cd<\/a>.<\/strong><\/p>\n<p><strong>Desde 2010 iNMSOL ofrece un \u00abCurso de formaci\u00f3n para profesores\u00bb Comenius y Grundtvig no nativos<\/strong>, que ha tenido siempre muchos participantes de toda Europa. Este curso est\u00e1 espec\u00edficamente dise\u00f1ado para profesores tanto de educaci\u00f3n secundaria como adulta y entra en la <strong>Accion Clave 1<\/strong>.<\/p>\n<p><strong><a href=\"https:\/\/www.inmsol.com\/downloads\/brochures\/FormaciondeProfesoresERASMUSplus.pdf\">AQU\u00cd<\/a> puedes encontrar los contenidos generales del curso.<\/strong><\/p>\n<p class=\"rtecenter\"><span style=\"text-decoration: underline;\"><strong>RECUERDA QUE NUESTRO N\u00daMERO PIC (C\u00d3DIGO DE PARTICIPACI\u00d3N) ES EL 946526292 <\/strong><\/span><\/p>\n<p class=\"rtecenter\"><span style=\"text-decoration: underline;\"><strong>Es muy importante que contactes con el Instituto donde trabajas, ya que no podr\u00e1s pedir la beca por tu cuenta<\/strong>.<\/span> Desde este a\u00f1o, <strong>S\u00d3LO las escuelas\/colegios\/institutos podr\u00e1n pedir las subvenciones<\/strong> para que sus profesores puedan participar al programa. Contacta con ellos en cuanto antes para <strong>expresarle tu deseo en querer participar gratis a nuestro Curso de formaci\u00f3n para profesores!<\/strong><\/p>\n<p><a href=\"https:\/\/ec.europa.eu\/programmes\/erasmus-plus\/contact\/national-agencies_en\" target=\"_blank\" rel=\"noopener noreferrer\"><em><strong>En este enlace puedes encontrar los datos de contacto de la Agencia Nacional de tu pa\u00eds. Ellos podr\u00e1n resolver tus dudas y contestar a todas tus preguntas.<\/strong><\/em><\/a><\/p>\n","protected":false},"excerpt":{"rendered":"<p>Erasmus + es el nuevo programa europeo en el area de Educaci\u00f3n, Formaci\u00f3n, Juventus y Deporte para el per\u00edodo entre el 2014 y el 2020. Re\u00fane los siete programas (inclu\u00eddos los Comenius y Grundtvig) del per\u00edodo entre el 2007 y el 2013, que eran parte&#8230;<\/p>\n","protected":false},"author":2,"featured_media":8327,"parent":0,"menu_order":0,"comment_status":"closed","ping_status":"closed","template":"","meta":{"_acf_changed":false,"footnotes":""},"class_list":["post-1775","page","type-page","status-publish","has-post-thumbnail","hentry"],"acf":[],"yoast_head":"<!-- This site is optimized with the Yoast SEO plugin v27.5 - https:\/\/yoast.com\/product\/yoast-seo-wordpress\/ -->\n<title>Becas | educaci\u00f3n, adultos, formaci\u00f3n, convocatorias | INMSOL<\/title>\n<meta name=\"description\" content=\"Instituto Mediterr\u00e1neo Sol ofrece Cursos de formaci\u00f3n para Profesores de espa\u00f1ol becados por la Comisi\u00f3n Europea (Erasmus Plus)\" \/>\n<meta name=\"robots\" content=\"index, follow, max-snippet:-1, max-image-preview:large, max-video-preview:-1\" \/>\n<link rel=\"canonical\" href=\"https:\/\/www.inmsol.com\/es\/becas-curso-de-formacion-para-profesores-de-espanol\/\" \/>\n<meta property=\"og:locale\" content=\"es_ES\" \/>\n<meta property=\"og:type\" content=\"article\" \/>\n<meta property=\"og:title\" content=\"Becas | educaci\u00f3n, adultos, formaci\u00f3n, convocatorias | INMSOL\" \/>\n<meta property=\"og:description\" content=\"Instituto Mediterr\u00e1neo Sol ofrece Cursos de formaci\u00f3n para Profesores de espa\u00f1ol becados por la Comisi\u00f3n Europea (Erasmus Plus)\" \/>\n<meta property=\"og:url\" content=\"https:\/\/www.inmsol.com\/es\/becas-curso-de-formacion-para-profesores-de-espanol\/\" \/>\n<meta property=\"og:site_name\" content=\"iNMSOL\" \/>\n<meta property=\"article:publisher\" content=\"https:\/\/www.facebook.com\/spanishcourses\" \/>\n<meta property=\"article:modified_time\" content=\"2020-11-23T09:02:48+00:00\" \/>\n<meta property=\"og:image\" content=\"https:\/\/www.inmsol.com\/wp-content\/uploads\/2011\/04\/erasmus-plus-logo.jpg\" \/>\n\t<meta property=\"og:image:width\" content=\"1024\" \/>\n\t<meta property=\"og:image:height\" content=\"728\" \/>\n\t<meta property=\"og:image:type\" content=\"image\/jpeg\" \/>\n<meta name=\"twitter:label1\" content=\"Tiempo de lectura\" \/>\n\t<meta name=\"twitter:data1\" content=\"2 minutos\" \/>\n<script type=\"application\/ld+json\" class=\"yoast-schema-graph\">{\"@context\":\"https:\\\/\\\/schema.org\",\"@graph\":[{\"@type\":\"WebPage\",\"@id\":\"https:\\\/\\\/www.inmsol.com\\\/es\\\/becas-curso-de-formacion-para-profesores-de-espanol\\\/\",\"url\":\"https:\\\/\\\/www.inmsol.com\\\/es\\\/becas-curso-de-formacion-para-profesores-de-espanol\\\/\",\"name\":\"Becas | educaci\u00f3n, adultos, formaci\u00f3n, convocatorias | INMSOL\",\"isPartOf\":{\"@id\":\"https:\\\/\\\/www.inmsol.com\\\/es\\\/#website\"},\"primaryImageOfPage\":{\"@id\":\"https:\\\/\\\/www.inmsol.com\\\/es\\\/becas-curso-de-formacion-para-profesores-de-espanol\\\/#primaryimage\"},\"image\":{\"@id\":\"https:\\\/\\\/www.inmsol.com\\\/es\\\/becas-curso-de-formacion-para-profesores-de-espanol\\\/#primaryimage\"},\"thumbnailUrl\":\"https:\\\/\\\/www.inmsol.com\\\/wp-content\\\/uploads\\\/2011\\\/04\\\/erasmus-plus-logo.jpg\",\"datePublished\":\"2011-04-25T17:47:58+00:00\",\"dateModified\":\"2020-11-23T09:02:48+00:00\",\"description\":\"Instituto Mediterr\u00e1neo Sol ofrece Cursos de formaci\u00f3n para Profesores de espa\u00f1ol becados por la Comisi\u00f3n Europea (Erasmus Plus)\",\"breadcrumb\":{\"@id\":\"https:\\\/\\\/www.inmsol.com\\\/es\\\/becas-curso-de-formacion-para-profesores-de-espanol\\\/#breadcrumb\"},\"inLanguage\":\"es\",\"potentialAction\":[{\"@type\":\"ReadAction\",\"target\":[\"https:\\\/\\\/www.inmsol.com\\\/es\\\/becas-curso-de-formacion-para-profesores-de-espanol\\\/\"]}]},{\"@type\":\"ImageObject\",\"inLanguage\":\"es\",\"@id\":\"https:\\\/\\\/www.inmsol.com\\\/es\\\/becas-curso-de-formacion-para-profesores-de-espanol\\\/#primaryimage\",\"url\":\"https:\\\/\\\/www.inmsol.com\\\/wp-content\\\/uploads\\\/2011\\\/04\\\/erasmus-plus-logo.jpg\",\"contentUrl\":\"https:\\\/\\\/www.inmsol.com\\\/wp-content\\\/uploads\\\/2011\\\/04\\\/erasmus-plus-logo.jpg\",\"width\":1024,\"height\":728,\"caption\":\"Erasmus plus logo\"},{\"@type\":\"BreadcrumbList\",\"@id\":\"https:\\\/\\\/www.inmsol.com\\\/es\\\/becas-curso-de-formacion-para-profesores-de-espanol\\\/#breadcrumb\",\"itemListElement\":[{\"@type\":\"ListItem\",\"position\":1,\"name\":\"Accredited Center by Instituto Cervantes\",\"item\":\"https:\\\/\\\/www.inmsol.com\\\/es\\\/pagina-ejemplo\\\/\"},{\"@type\":\"ListItem\",\"position\":2,\"name\":\"Becas &#8211; Curso de formaci\u00f3n para profesores de espa\u00f1ol\"}]},{\"@type\":\"WebSite\",\"@id\":\"https:\\\/\\\/www.inmsol.com\\\/es\\\/#website\",\"url\":\"https:\\\/\\\/www.inmsol.com\\\/es\\\/\",\"name\":\"iNMSOL\",\"description\":\"Aprenda Espa\u00f1ol con iNMSOL en Granada | Centro Acreditado por el Instituto Cervantes\",\"publisher\":{\"@id\":\"https:\\\/\\\/www.inmsol.com\\\/es\\\/#organization\"},\"potentialAction\":[{\"@type\":\"SearchAction\",\"target\":{\"@type\":\"EntryPoint\",\"urlTemplate\":\"https:\\\/\\\/www.inmsol.com\\\/es\\\/?s={search_term_string}\"},\"query-input\":{\"@type\":\"PropertyValueSpecification\",\"valueRequired\":true,\"valueName\":\"search_term_string\"}}],\"inLanguage\":\"es\"},{\"@type\":\"Organization\",\"@id\":\"https:\\\/\\\/www.inmsol.com\\\/es\\\/#organization\",\"name\":\"Instituto Mediterr\u00e1neo Sol\",\"url\":\"https:\\\/\\\/www.inmsol.com\\\/es\\\/\",\"logo\":{\"@type\":\"ImageObject\",\"inLanguage\":\"es\",\"@id\":\"https:\\\/\\\/www.inmsol.com\\\/es\\\/#\\\/schema\\\/logo\\\/image\\\/\",\"url\":\"https:\\\/\\\/www.inmsol.com\\\/wp-content\\\/uploads\\\/2023\\\/06\\\/logo-inmsol-1.png\",\"contentUrl\":\"https:\\\/\\\/www.inmsol.com\\\/wp-content\\\/uploads\\\/2023\\\/06\\\/logo-inmsol-1.png\",\"width\":136,\"height\":73,\"caption\":\"Instituto Mediterr\u00e1neo Sol\"},\"image\":{\"@id\":\"https:\\\/\\\/www.inmsol.com\\\/es\\\/#\\\/schema\\\/logo\\\/image\\\/\"},\"sameAs\":[\"https:\\\/\\\/www.facebook.com\\\/spanishcourses\",\"https:\\\/\\\/x.com\\\/StudyInGranada\",\"http:\\\/\\\/instagram.com\\\/imsolgranada\",\"https:\\\/\\\/es.linkedin.com\\\/company\\\/imsol-granada\",\"https:\\\/\\\/www.pinterest.es\\\/inmsol\\\/\",\"https:\\\/\\\/www.youtube.com\\\/channel\\\/UChz-Qn_7coFMosY85iYMO4g\"]}]}<\/script>\n<!-- \/ Yoast SEO plugin. -->","yoast_head_json":{"title":"Becas | educaci\u00f3n, adultos, formaci\u00f3n, convocatorias | INMSOL","description":"Instituto Mediterr\u00e1neo Sol ofrece Cursos de formaci\u00f3n para Profesores de espa\u00f1ol becados por la Comisi\u00f3n Europea (Erasmus Plus)","robots":{"index":"index","follow":"follow","max-snippet":"max-snippet:-1","max-image-preview":"max-image-preview:large","max-video-preview":"max-video-preview:-1"},"canonical":"https:\/\/www.inmsol.com\/es\/becas-curso-de-formacion-para-profesores-de-espanol\/","og_locale":"es_ES","og_type":"article","og_title":"Becas | educaci\u00f3n, adultos, formaci\u00f3n, convocatorias | INMSOL","og_description":"Instituto Mediterr\u00e1neo Sol ofrece Cursos de formaci\u00f3n para Profesores de espa\u00f1ol becados por la Comisi\u00f3n Europea (Erasmus Plus)","og_url":"https:\/\/www.inmsol.com\/es\/becas-curso-de-formacion-para-profesores-de-espanol\/","og_site_name":"iNMSOL","article_publisher":"https:\/\/www.facebook.com\/spanishcourses","article_modified_time":"2020-11-23T09:02:48+00:00","og_image":[{"width":1024,"height":728,"url":"https:\/\/www.inmsol.com\/wp-content\/uploads\/2011\/04\/erasmus-plus-logo.jpg","type":"image\/jpeg"}],"twitter_misc":{"Tiempo de lectura":"2 minutos"},"schema":{"@context":"https:\/\/schema.org","@graph":[{"@type":"WebPage","@id":"https:\/\/www.inmsol.com\/es\/becas-curso-de-formacion-para-profesores-de-espanol\/","url":"https:\/\/www.inmsol.com\/es\/becas-curso-de-formacion-para-profesores-de-espanol\/","name":"Becas | educaci\u00f3n, adultos, formaci\u00f3n, convocatorias | INMSOL","isPartOf":{"@id":"https:\/\/www.inmsol.com\/es\/#website"},"primaryImageOfPage":{"@id":"https:\/\/www.inmsol.com\/es\/becas-curso-de-formacion-para-profesores-de-espanol\/#primaryimage"},"image":{"@id":"https:\/\/www.inmsol.com\/es\/becas-curso-de-formacion-para-profesores-de-espanol\/#primaryimage"},"thumbnailUrl":"https:\/\/www.inmsol.com\/wp-content\/uploads\/2011\/04\/erasmus-plus-logo.jpg","datePublished":"2011-04-25T17:47:58+00:00","dateModified":"2020-11-23T09:02:48+00:00","description":"Instituto Mediterr\u00e1neo Sol ofrece Cursos de formaci\u00f3n para Profesores de espa\u00f1ol becados por la Comisi\u00f3n Europea (Erasmus Plus)","breadcrumb":{"@id":"https:\/\/www.inmsol.com\/es\/becas-curso-de-formacion-para-profesores-de-espanol\/#breadcrumb"},"inLanguage":"es","potentialAction":[{"@type":"ReadAction","target":["https:\/\/www.inmsol.com\/es\/becas-curso-de-formacion-para-profesores-de-espanol\/"]}]},{"@type":"ImageObject","inLanguage":"es","@id":"https:\/\/www.inmsol.com\/es\/becas-curso-de-formacion-para-profesores-de-espanol\/#primaryimage","url":"https:\/\/www.inmsol.com\/wp-content\/uploads\/2011\/04\/erasmus-plus-logo.jpg","contentUrl":"https:\/\/www.inmsol.com\/wp-content\/uploads\/2011\/04\/erasmus-plus-logo.jpg","width":1024,"height":728,"caption":"Erasmus plus logo"},{"@type":"BreadcrumbList","@id":"https:\/\/www.inmsol.com\/es\/becas-curso-de-formacion-para-profesores-de-espanol\/#breadcrumb","itemListElement":[{"@type":"ListItem","position":1,"name":"Accredited Center by Instituto Cervantes","item":"https:\/\/www.inmsol.com\/es\/pagina-ejemplo\/"},{"@type":"ListItem","position":2,"name":"Becas &#8211; Curso de formaci\u00f3n para profesores de espa\u00f1ol"}]},{"@type":"WebSite","@id":"https:\/\/www.inmsol.com\/es\/#website","url":"https:\/\/www.inmsol.com\/es\/","name":"iNMSOL","description":"Aprenda Espa\u00f1ol con iNMSOL en Granada | Centro Acreditado por el Instituto Cervantes","publisher":{"@id":"https:\/\/www.inmsol.com\/es\/#organization"},"potentialAction":[{"@type":"SearchAction","target":{"@type":"EntryPoint","urlTemplate":"https:\/\/www.inmsol.com\/es\/?s={search_term_string}"},"query-input":{"@type":"PropertyValueSpecification","valueRequired":true,"valueName":"search_term_string"}}],"inLanguage":"es"},{"@type":"Organization","@id":"https:\/\/www.inmsol.com\/es\/#organization","name":"Instituto Mediterr\u00e1neo Sol","url":"https:\/\/www.inmsol.com\/es\/","logo":{"@type":"ImageObject","inLanguage":"es","@id":"https:\/\/www.inmsol.com\/es\/#\/schema\/logo\/image\/","url":"https:\/\/www.inmsol.com\/wp-content\/uploads\/2023\/06\/logo-inmsol-1.png","contentUrl":"https:\/\/www.inmsol.com\/wp-content\/uploads\/2023\/06\/logo-inmsol-1.png","width":136,"height":73,"caption":"Instituto Mediterr\u00e1neo Sol"},"image":{"@id":"https:\/\/www.inmsol.com\/es\/#\/schema\/logo\/image\/"},"sameAs":["https:\/\/www.facebook.com\/spanishcourses","https:\/\/x.com\/StudyInGranada","http:\/\/instagram.com\/imsolgranada","https:\/\/es.linkedin.com\/company\/imsol-granada","https:\/\/www.pinterest.es\/inmsol\/","https:\/\/www.youtube.com\/channel\/UChz-Qn_7coFMosY85iYMO4g"]}]}},"_links":{"self":[{"href":"https:\/\/www.inmsol.com\/es\/wp-json\/wp\/v2\/pages\/1775","targetHints":{"allow":["GET"]}}],"collection":[{"href":"https:\/\/www.inmsol.com\/es\/wp-json\/wp\/v2\/pages"}],"about":[{"href":"https:\/\/www.inmsol.com\/es\/wp-json\/wp\/v2\/types\/page"}],"author":[{"embeddable":true,"href":"https:\/\/www.inmsol.com\/es\/wp-json\/wp\/v2\/users\/2"}],"replies":[{"embeddable":true,"href":"https:\/\/www.inmsol.com\/es\/wp-json\/wp\/v2\/comments?post=1775"}],"version-history":[{"count":0,"href":"https:\/\/www.inmsol.com\/es\/wp-json\/wp\/v2\/pages\/1775\/revisions"}],"wp:featuredmedia":[{"embeddable":true,"href":"https:\/\/www.inmsol.com\/es\/wp-json\/wp\/v2\/media\/8327"}],"wp:attachment":[{"href":"https:\/\/www.inmsol.com\/es\/wp-json\/wp\/v2\/media?parent=1775"}],"curies":[{"name":"wp","href":"https:\/\/api.w.org\/{rel}","templated":true}]}}