{"id":248,"date":"2010-04-19T17:52:59","date_gmt":"2010-04-19T17:52:59","guid":{"rendered":"https:\/\/www.inmsol.com\/"},"modified":"2014-09-24T16:53:47","modified_gmt":"2014-09-24T14:53:47","slug":"oferta-para-cursos-de-larga-duracion","status":"publish","type":"page","link":"https:\/\/www.inmsol.com\/es\/oferta-para-cursos-de-larga-duracion\/","title":{"rendered":"Oferta para cursos de larga duraci\u00f3n"},"content":{"rendered":"<p class=\"rtecenter\"><u><strong>Oferta v\u00e1lida para todas las personas que se inscriben en un curso intensivo <\/strong><\/u><u><strong>de espa\u00f1ol (4, 5 o 6 clases\/d\u00eda) o combinado (4 clases en grupo + 1 individ<\/strong><strong>ual)<\/strong> <\/u><u><strong>de larga duraci\u00f3n<\/strong><\/u><\/p>\n<p>Si te inscribes para un <strong>curso de espa\u00f1ol<\/strong> (intensivo de espa\u00f1ol -4, 5 o 6 clases\/d\u00eda- o combinado -4 clases en grupo + 1 individual-) de una duraci\u00f3n<strong> superior a 12 semanas<\/strong> tendr\u00e1s un <strong>20% de descuento<\/strong> en el precio del curso.<\/p>\n<p class=\"rtecenter\"><strong><a href=\"https:\/\/www.inmsol.com\/es\/inscripcion\/\"><strong>INSCR\u00cdBETE AQU\u00cd<\/strong><\/a><\/strong><\/p>\n<p><u><strong>NOTA: esta oferta es v\u00e1lida s\u00f3lo para inscripciones realizadas directamente a trav\u00e9s de esta p\u00e1gina web.<\/strong><\/u><\/p>\n","protected":false},"excerpt":{"rendered":"<p>Oferta v\u00e1lida para todas las personas que se inscriben en un curso intensivo de espa\u00f1ol (4, 5 o 6 clases\/d\u00eda) o combinado (4 clases en grupo + 1 individual) de larga duraci\u00f3n Si te inscribes para un curso de espa\u00f1ol (intensivo de espa\u00f1ol -4, 5&#8230;<\/p>\n","protected":false},"author":2,"featured_media":0,"parent":0,"menu_order":0,"comment_status":"closed","ping_status":"closed","template":"","meta":{"_acf_changed":false,"footnotes":""},"class_list":["post-248","page","type-page","status-publish","hentry"],"acf":[],"yoast_head":"<!-- This site is optimized with the Yoast SEO plugin v27.4 - https:\/\/yoast.com\/product\/yoast-seo-wordpress\/ -->\n<title>Cursos de espa\u00f1ol en oferta | intensivo, descuento, clases | INMSOL<\/title>\n<meta name=\"description\" content=\"Descuento para cursos intensivos de espa\u00f1ol de larga duraci\u00f3n.\" \/>\n<meta name=\"robots\" content=\"index, follow, max-snippet:-1, max-image-preview:large, max-video-preview:-1\" \/>\n<link rel=\"canonical\" href=\"https:\/\/www.inmsol.com\/es\/oferta-para-cursos-de-larga-duracion\/\" \/>\n<meta property=\"og:locale\" content=\"es_ES\" \/>\n<meta property=\"og:type\" content=\"article\" \/>\n<meta property=\"og:title\" content=\"Cursos de espa\u00f1ol en oferta | intensivo, descuento, clases | INMSOL\" \/>\n<meta property=\"og:description\" content=\"Descuento para cursos intensivos de espa\u00f1ol de larga duraci\u00f3n.\" \/>\n<meta property=\"og:url\" content=\"https:\/\/www.inmsol.com\/es\/oferta-para-cursos-de-larga-duracion\/\" \/>\n<meta property=\"og:site_name\" content=\"iNMSOL\" \/>\n<meta property=\"article:publisher\" content=\"https:\/\/www.facebook.com\/spanishcourses\" \/>\n<meta property=\"article:modified_time\" content=\"2014-09-24T14:53:47+00:00\" \/>\n<meta property=\"og:image\" content=\"https:\/\/www.inmsol.com\/wp-content\/uploads\/2019\/08\/logo-inmsol.png\" \/>\n\t<meta property=\"og:image:width\" content=\"320\" \/>\n\t<meta property=\"og:image:height\" content=\"154\" \/>\n\t<meta property=\"og:image:type\" content=\"image\/png\" \/>\n<script type=\"application\/ld+json\" class=\"yoast-schema-graph\">{\"@context\":\"https:\\\/\\\/schema.org\",\"@graph\":[{\"@type\":\"WebPage\",\"@id\":\"https:\\\/\\\/www.inmsol.com\\\/es\\\/oferta-para-cursos-de-larga-duracion\\\/\",\"url\":\"https:\\\/\\\/www.inmsol.com\\\/es\\\/oferta-para-cursos-de-larga-duracion\\\/\",\"name\":\"Cursos de espa\u00f1ol en oferta | intensivo, descuento, clases | INMSOL\",\"isPartOf\":{\"@id\":\"https:\\\/\\\/www.inmsol.com\\\/es\\\/#website\"},\"datePublished\":\"2010-04-19T17:52:59+00:00\",\"dateModified\":\"2014-09-24T14:53:47+00:00\",\"description\":\"Descuento para cursos intensivos de espa\u00f1ol de larga duraci\u00f3n.\",\"breadcrumb\":{\"@id\":\"https:\\\/\\\/www.inmsol.com\\\/es\\\/oferta-para-cursos-de-larga-duracion\\\/#breadcrumb\"},\"inLanguage\":\"es\",\"potentialAction\":[{\"@type\":\"ReadAction\",\"target\":[\"https:\\\/\\\/www.inmsol.com\\\/es\\\/oferta-para-cursos-de-larga-duracion\\\/\"]}]},{\"@type\":\"BreadcrumbList\",\"@id\":\"https:\\\/\\\/www.inmsol.com\\\/es\\\/oferta-para-cursos-de-larga-duracion\\\/#breadcrumb\",\"itemListElement\":[{\"@type\":\"ListItem\",\"position\":1,\"name\":\"Accredited Center by Instituto Cervantes\",\"item\":\"https:\\\/\\\/www.inmsol.com\\\/es\\\/pagina-ejemplo\\\/\"},{\"@type\":\"ListItem\",\"position\":2,\"name\":\"Oferta para cursos de larga duraci\u00f3n\"}]},{\"@type\":\"WebSite\",\"@id\":\"https:\\\/\\\/www.inmsol.com\\\/es\\\/#website\",\"url\":\"https:\\\/\\\/www.inmsol.com\\\/es\\\/\",\"name\":\"iNMSOL\",\"description\":\"Aprenda Espa\u00f1ol con iNMSOL en Granada | Centro Acreditado por el Instituto Cervantes\",\"publisher\":{\"@id\":\"https:\\\/\\\/www.inmsol.com\\\/es\\\/#organization\"},\"potentialAction\":[{\"@type\":\"SearchAction\",\"target\":{\"@type\":\"EntryPoint\",\"urlTemplate\":\"https:\\\/\\\/www.inmsol.com\\\/es\\\/?s={search_term_string}\"},\"query-input\":{\"@type\":\"PropertyValueSpecification\",\"valueRequired\":true,\"valueName\":\"search_term_string\"}}],\"inLanguage\":\"es\"},{\"@type\":\"Organization\",\"@id\":\"https:\\\/\\\/www.inmsol.com\\\/es\\\/#organization\",\"name\":\"Instituto Mediterr\u00e1neo Sol\",\"url\":\"https:\\\/\\\/www.inmsol.com\\\/es\\\/\",\"logo\":{\"@type\":\"ImageObject\",\"inLanguage\":\"es\",\"@id\":\"https:\\\/\\\/www.inmsol.com\\\/es\\\/#\\\/schema\\\/logo\\\/image\\\/\",\"url\":\"https:\\\/\\\/www.inmsol.com\\\/wp-content\\\/uploads\\\/2023\\\/06\\\/logo-inmsol-1.png\",\"contentUrl\":\"https:\\\/\\\/www.inmsol.com\\\/wp-content\\\/uploads\\\/2023\\\/06\\\/logo-inmsol-1.png\",\"width\":136,\"height\":73,\"caption\":\"Instituto Mediterr\u00e1neo Sol\"},\"image\":{\"@id\":\"https:\\\/\\\/www.inmsol.com\\\/es\\\/#\\\/schema\\\/logo\\\/image\\\/\"},\"sameAs\":[\"https:\\\/\\\/www.facebook.com\\\/spanishcourses\",\"https:\\\/\\\/x.com\\\/StudyInGranada\",\"http:\\\/\\\/instagram.com\\\/imsolgranada\",\"https:\\\/\\\/es.linkedin.com\\\/company\\\/imsol-granada\",\"https:\\\/\\\/www.pinterest.es\\\/inmsol\\\/\",\"https:\\\/\\\/www.youtube.com\\\/channel\\\/UChz-Qn_7coFMosY85iYMO4g\"]}]}<\/script>\n<!-- \/ Yoast SEO plugin. -->","yoast_head_json":{"title":"Cursos de espa\u00f1ol en oferta | intensivo, descuento, clases | INMSOL","description":"Descuento para cursos intensivos de espa\u00f1ol de larga duraci\u00f3n.","robots":{"index":"index","follow":"follow","max-snippet":"max-snippet:-1","max-image-preview":"max-image-preview:large","max-video-preview":"max-video-preview:-1"},"canonical":"https:\/\/www.inmsol.com\/es\/oferta-para-cursos-de-larga-duracion\/","og_locale":"es_ES","og_type":"article","og_title":"Cursos de espa\u00f1ol en oferta | intensivo, descuento, clases | INMSOL","og_description":"Descuento para cursos intensivos de espa\u00f1ol de larga duraci\u00f3n.","og_url":"https:\/\/www.inmsol.com\/es\/oferta-para-cursos-de-larga-duracion\/","og_site_name":"iNMSOL","article_publisher":"https:\/\/www.facebook.com\/spanishcourses","article_modified_time":"2014-09-24T14:53:47+00:00","og_image":[{"width":320,"height":154,"url":"https:\/\/www.inmsol.com\/wp-content\/uploads\/2019\/08\/logo-inmsol.png","type":"image\/png"}],"schema":{"@context":"https:\/\/schema.org","@graph":[{"@type":"WebPage","@id":"https:\/\/www.inmsol.com\/es\/oferta-para-cursos-de-larga-duracion\/","url":"https:\/\/www.inmsol.com\/es\/oferta-para-cursos-de-larga-duracion\/","name":"Cursos de espa\u00f1ol en oferta | intensivo, descuento, clases | INMSOL","isPartOf":{"@id":"https:\/\/www.inmsol.com\/es\/#website"},"datePublished":"2010-04-19T17:52:59+00:00","dateModified":"2014-09-24T14:53:47+00:00","description":"Descuento para cursos intensivos de espa\u00f1ol de larga duraci\u00f3n.","breadcrumb":{"@id":"https:\/\/www.inmsol.com\/es\/oferta-para-cursos-de-larga-duracion\/#breadcrumb"},"inLanguage":"es","potentialAction":[{"@type":"ReadAction","target":["https:\/\/www.inmsol.com\/es\/oferta-para-cursos-de-larga-duracion\/"]}]},{"@type":"BreadcrumbList","@id":"https:\/\/www.inmsol.com\/es\/oferta-para-cursos-de-larga-duracion\/#breadcrumb","itemListElement":[{"@type":"ListItem","position":1,"name":"Accredited Center by Instituto Cervantes","item":"https:\/\/www.inmsol.com\/es\/pagina-ejemplo\/"},{"@type":"ListItem","position":2,"name":"Oferta para cursos de larga duraci\u00f3n"}]},{"@type":"WebSite","@id":"https:\/\/www.inmsol.com\/es\/#website","url":"https:\/\/www.inmsol.com\/es\/","name":"iNMSOL","description":"Aprenda Espa\u00f1ol con iNMSOL en Granada | Centro Acreditado por el Instituto Cervantes","publisher":{"@id":"https:\/\/www.inmsol.com\/es\/#organization"},"potentialAction":[{"@type":"SearchAction","target":{"@type":"EntryPoint","urlTemplate":"https:\/\/www.inmsol.com\/es\/?s={search_term_string}"},"query-input":{"@type":"PropertyValueSpecification","valueRequired":true,"valueName":"search_term_string"}}],"inLanguage":"es"},{"@type":"Organization","@id":"https:\/\/www.inmsol.com\/es\/#organization","name":"Instituto Mediterr\u00e1neo Sol","url":"https:\/\/www.inmsol.com\/es\/","logo":{"@type":"ImageObject","inLanguage":"es","@id":"https:\/\/www.inmsol.com\/es\/#\/schema\/logo\/image\/","url":"https:\/\/www.inmsol.com\/wp-content\/uploads\/2023\/06\/logo-inmsol-1.png","contentUrl":"https:\/\/www.inmsol.com\/wp-content\/uploads\/2023\/06\/logo-inmsol-1.png","width":136,"height":73,"caption":"Instituto Mediterr\u00e1neo Sol"},"image":{"@id":"https:\/\/www.inmsol.com\/es\/#\/schema\/logo\/image\/"},"sameAs":["https:\/\/www.facebook.com\/spanishcourses","https:\/\/x.com\/StudyInGranada","http:\/\/instagram.com\/imsolgranada","https:\/\/es.linkedin.com\/company\/imsol-granada","https:\/\/www.pinterest.es\/inmsol\/","https:\/\/www.youtube.com\/channel\/UChz-Qn_7coFMosY85iYMO4g"]}]}},"_links":{"self":[{"href":"https:\/\/www.inmsol.com\/es\/wp-json\/wp\/v2\/pages\/248","targetHints":{"allow":["GET"]}}],"collection":[{"href":"https:\/\/www.inmsol.com\/es\/wp-json\/wp\/v2\/pages"}],"about":[{"href":"https:\/\/www.inmsol.com\/es\/wp-json\/wp\/v2\/types\/page"}],"author":[{"embeddable":true,"href":"https:\/\/www.inmsol.com\/es\/wp-json\/wp\/v2\/users\/2"}],"replies":[{"embeddable":true,"href":"https:\/\/www.inmsol.com\/es\/wp-json\/wp\/v2\/comments?post=248"}],"version-history":[{"count":0,"href":"https:\/\/www.inmsol.com\/es\/wp-json\/wp\/v2\/pages\/248\/revisions"}],"wp:attachment":[{"href":"https:\/\/www.inmsol.com\/es\/wp-json\/wp\/v2\/media?parent=248"}],"curies":[{"name":"wp","href":"https:\/\/api.w.org\/{rel}","templated":true}]}}