{"id":50072,"date":"2020-05-05T13:15:18","date_gmt":"2020-05-05T11:15:18","guid":{"rendered":"https:\/\/www.inmsol.com\/?page_id=50072"},"modified":"2020-05-11T09:19:53","modified_gmt":"2020-05-11T07:19:53","slug":"descuentos-especiales","status":"publish","type":"page","link":"https:\/\/www.inmsol.com\/es\/descuentos-especiales\/","title":{"rendered":"Descuentos especiales"},"content":{"rendered":"<p>Ofrecemos precios con <strong>descuentos especiales*<\/strong> para los cursos <em>online<\/em>. Dentro de los cursos disponibles en nuestro cat\u00e1logo <em>online<\/em>, los descuentos ser\u00e1n:<\/p>\n<p>&nbsp;<\/p>\n<h3>1. Cursos intensivos de espa\u00f1ol<\/h3>\n<ul>\n<li>Duraci\u00f3n del curso entre 2 y 12 semanas: <strong>10% de descuento<\/strong><\/li>\n<li>Duraci\u00f3n del curso entre 13 y 24 semanas: <strong>15% de descuento<\/strong><\/li>\n<li>Duraci\u00f3n del curso entre 25 y 36 semanas: <strong>20% de descuento<\/strong><\/li>\n<li>Duraci\u00f3n del curso entre 37 y 52 semanas o m\u00e1s: <strong>25% de descuento<\/strong><\/li>\n<\/ul>\n<p>&nbsp;<\/p>\n<h3>2. Resto de cursos del <a href=\"https:\/\/www.inmsol.com\/es\/catalogo-cursos-online\/\" target=\"_blank\" rel=\"noopener noreferrer\">cat\u00e1logo online<\/a><\/h3>\n<ul>\n<li><strong>Descuento del 10%<\/strong> en el precio del curso desde la primera semana.<\/li>\n<\/ul>\n<p>&nbsp;<\/p>\n<p><em>*Descuentos aplicables al <a href=\"https:\/\/www.inmsol.com\/es\/precios\/\" target=\"_blank\" rel=\"noopener noreferrer\">precio<\/a> habitual del curso.<\/em><\/p>\n<p>&nbsp;<\/p>\n","protected":false},"excerpt":{"rendered":"<p>Ofrecemos precios con descuentos especiales* para los cursos online. Dentro de los cursos disponibles en nuestro cat\u00e1logo online, los descuentos ser\u00e1n: &nbsp; 1. Cursos intensivos de espa\u00f1ol Duraci\u00f3n del curso entre 2 y 12 semanas: 10% de descuento Duraci\u00f3n del curso entre 13 y 24&#8230;<\/p>\n","protected":false},"author":31,"featured_media":50110,"parent":0,"menu_order":0,"comment_status":"closed","ping_status":"closed","template":"","meta":{"_acf_changed":false,"footnotes":""},"class_list":["post-50072","page","type-page","status-publish","has-post-thumbnail","hentry"],"acf":[],"yoast_head":"<!-- This site is optimized with the Yoast SEO plugin v27.4 - https:\/\/yoast.com\/product\/yoast-seo-wordpress\/ -->\n<title>Descuentos especiales cursos online | iNMSOL<\/title>\n<meta name=\"description\" content=\"Detalle de precios con descuentos especiales para los cursos online, dentro de los cursos disponibles en nuestro cat\u00e1logo online.\" \/>\n<meta name=\"robots\" content=\"index, follow, max-snippet:-1, max-image-preview:large, max-video-preview:-1\" \/>\n<link rel=\"canonical\" href=\"https:\/\/www.inmsol.com\/es\/descuentos-especiales\/\" \/>\n<meta property=\"og:locale\" content=\"es_ES\" \/>\n<meta property=\"og:type\" content=\"article\" \/>\n<meta property=\"og:title\" content=\"Descuentos especiales cursos online | iNMSOL\" \/>\n<meta property=\"og:description\" content=\"Detalle de precios con descuentos especiales para los cursos online, dentro de los cursos disponibles en nuestro cat\u00e1logo online.\" \/>\n<meta property=\"og:url\" content=\"https:\/\/www.inmsol.com\/es\/descuentos-especiales\/\" \/>\n<meta property=\"og:site_name\" content=\"iNMSOL\" \/>\n<meta property=\"article:publisher\" content=\"https:\/\/www.facebook.com\/spanishcourses\" \/>\n<meta property=\"article:modified_time\" content=\"2020-05-11T07:19:53+00:00\" \/>\n<meta property=\"og:image\" content=\"https:\/\/www.inmsol.com\/wp-content\/uploads\/2020\/05\/Descuentos-cursos.jpg\" \/>\n\t<meta property=\"og:image:width\" content=\"1200\" \/>\n\t<meta property=\"og:image:height\" content=\"500\" \/>\n\t<meta property=\"og:image:type\" content=\"image\/jpeg\" \/>\n<script type=\"application\/ld+json\" class=\"yoast-schema-graph\">{\"@context\":\"https:\\\/\\\/schema.org\",\"@graph\":[{\"@type\":\"WebPage\",\"@id\":\"https:\\\/\\\/www.inmsol.com\\\/es\\\/descuentos-especiales\\\/\",\"url\":\"https:\\\/\\\/www.inmsol.com\\\/es\\\/descuentos-especiales\\\/\",\"name\":\"Descuentos especiales cursos online | iNMSOL\",\"isPartOf\":{\"@id\":\"https:\\\/\\\/www.inmsol.com\\\/es\\\/#website\"},\"primaryImageOfPage\":{\"@id\":\"https:\\\/\\\/www.inmsol.com\\\/es\\\/descuentos-especiales\\\/#primaryimage\"},\"image\":{\"@id\":\"https:\\\/\\\/www.inmsol.com\\\/es\\\/descuentos-especiales\\\/#primaryimage\"},\"thumbnailUrl\":\"https:\\\/\\\/www.inmsol.com\\\/wp-content\\\/uploads\\\/2020\\\/05\\\/Descuentos-cursos.jpg\",\"datePublished\":\"2020-05-05T11:15:18+00:00\",\"dateModified\":\"2020-05-11T07:19:53+00:00\",\"description\":\"Detalle de precios con descuentos especiales para los cursos online, dentro de los cursos disponibles en nuestro cat\u00e1logo online.\",\"breadcrumb\":{\"@id\":\"https:\\\/\\\/www.inmsol.com\\\/es\\\/descuentos-especiales\\\/#breadcrumb\"},\"inLanguage\":\"es\",\"potentialAction\":[{\"@type\":\"ReadAction\",\"target\":[\"https:\\\/\\\/www.inmsol.com\\\/es\\\/descuentos-especiales\\\/\"]}]},{\"@type\":\"ImageObject\",\"inLanguage\":\"es\",\"@id\":\"https:\\\/\\\/www.inmsol.com\\\/es\\\/descuentos-especiales\\\/#primaryimage\",\"url\":\"https:\\\/\\\/www.inmsol.com\\\/wp-content\\\/uploads\\\/2020\\\/05\\\/Descuentos-cursos.jpg\",\"contentUrl\":\"https:\\\/\\\/www.inmsol.com\\\/wp-content\\\/uploads\\\/2020\\\/05\\\/Descuentos-cursos.jpg\",\"width\":1200,\"height\":500,\"caption\":\"Descuentos en nuestros cursos online\"},{\"@type\":\"BreadcrumbList\",\"@id\":\"https:\\\/\\\/www.inmsol.com\\\/es\\\/descuentos-especiales\\\/#breadcrumb\",\"itemListElement\":[{\"@type\":\"ListItem\",\"position\":1,\"name\":\"Accredited Center by Instituto Cervantes\",\"item\":\"https:\\\/\\\/www.inmsol.com\\\/es\\\/pagina-ejemplo\\\/\"},{\"@type\":\"ListItem\",\"position\":2,\"name\":\"Descuentos especiales\"}]},{\"@type\":\"WebSite\",\"@id\":\"https:\\\/\\\/www.inmsol.com\\\/es\\\/#website\",\"url\":\"https:\\\/\\\/www.inmsol.com\\\/es\\\/\",\"name\":\"iNMSOL\",\"description\":\"Aprenda Espa\u00f1ol con iNMSOL en Granada | Centro Acreditado por el Instituto Cervantes\",\"publisher\":{\"@id\":\"https:\\\/\\\/www.inmsol.com\\\/es\\\/#organization\"},\"potentialAction\":[{\"@type\":\"SearchAction\",\"target\":{\"@type\":\"EntryPoint\",\"urlTemplate\":\"https:\\\/\\\/www.inmsol.com\\\/es\\\/?s={search_term_string}\"},\"query-input\":{\"@type\":\"PropertyValueSpecification\",\"valueRequired\":true,\"valueName\":\"search_term_string\"}}],\"inLanguage\":\"es\"},{\"@type\":\"Organization\",\"@id\":\"https:\\\/\\\/www.inmsol.com\\\/es\\\/#organization\",\"name\":\"Instituto Mediterr\u00e1neo Sol\",\"url\":\"https:\\\/\\\/www.inmsol.com\\\/es\\\/\",\"logo\":{\"@type\":\"ImageObject\",\"inLanguage\":\"es\",\"@id\":\"https:\\\/\\\/www.inmsol.com\\\/es\\\/#\\\/schema\\\/logo\\\/image\\\/\",\"url\":\"https:\\\/\\\/www.inmsol.com\\\/wp-content\\\/uploads\\\/2023\\\/06\\\/logo-inmsol-1.png\",\"contentUrl\":\"https:\\\/\\\/www.inmsol.com\\\/wp-content\\\/uploads\\\/2023\\\/06\\\/logo-inmsol-1.png\",\"width\":136,\"height\":73,\"caption\":\"Instituto Mediterr\u00e1neo Sol\"},\"image\":{\"@id\":\"https:\\\/\\\/www.inmsol.com\\\/es\\\/#\\\/schema\\\/logo\\\/image\\\/\"},\"sameAs\":[\"https:\\\/\\\/www.facebook.com\\\/spanishcourses\",\"https:\\\/\\\/x.com\\\/StudyInGranada\",\"http:\\\/\\\/instagram.com\\\/imsolgranada\",\"https:\\\/\\\/es.linkedin.com\\\/company\\\/imsol-granada\",\"https:\\\/\\\/www.pinterest.es\\\/inmsol\\\/\",\"https:\\\/\\\/www.youtube.com\\\/channel\\\/UChz-Qn_7coFMosY85iYMO4g\"]}]}<\/script>\n<!-- \/ Yoast SEO plugin. -->","yoast_head_json":{"title":"Descuentos especiales cursos online | iNMSOL","description":"Detalle de precios con descuentos especiales para los cursos online, dentro de los cursos disponibles en nuestro cat\u00e1logo online.","robots":{"index":"index","follow":"follow","max-snippet":"max-snippet:-1","max-image-preview":"max-image-preview:large","max-video-preview":"max-video-preview:-1"},"canonical":"https:\/\/www.inmsol.com\/es\/descuentos-especiales\/","og_locale":"es_ES","og_type":"article","og_title":"Descuentos especiales cursos online | iNMSOL","og_description":"Detalle de precios con descuentos especiales para los cursos online, dentro de los cursos disponibles en nuestro cat\u00e1logo online.","og_url":"https:\/\/www.inmsol.com\/es\/descuentos-especiales\/","og_site_name":"iNMSOL","article_publisher":"https:\/\/www.facebook.com\/spanishcourses","article_modified_time":"2020-05-11T07:19:53+00:00","og_image":[{"width":1200,"height":500,"url":"https:\/\/www.inmsol.com\/wp-content\/uploads\/2020\/05\/Descuentos-cursos.jpg","type":"image\/jpeg"}],"schema":{"@context":"https:\/\/schema.org","@graph":[{"@type":"WebPage","@id":"https:\/\/www.inmsol.com\/es\/descuentos-especiales\/","url":"https:\/\/www.inmsol.com\/es\/descuentos-especiales\/","name":"Descuentos especiales cursos online | iNMSOL","isPartOf":{"@id":"https:\/\/www.inmsol.com\/es\/#website"},"primaryImageOfPage":{"@id":"https:\/\/www.inmsol.com\/es\/descuentos-especiales\/#primaryimage"},"image":{"@id":"https:\/\/www.inmsol.com\/es\/descuentos-especiales\/#primaryimage"},"thumbnailUrl":"https:\/\/www.inmsol.com\/wp-content\/uploads\/2020\/05\/Descuentos-cursos.jpg","datePublished":"2020-05-05T11:15:18+00:00","dateModified":"2020-05-11T07:19:53+00:00","description":"Detalle de precios con descuentos especiales para los cursos online, dentro de los cursos disponibles en nuestro cat\u00e1logo online.","breadcrumb":{"@id":"https:\/\/www.inmsol.com\/es\/descuentos-especiales\/#breadcrumb"},"inLanguage":"es","potentialAction":[{"@type":"ReadAction","target":["https:\/\/www.inmsol.com\/es\/descuentos-especiales\/"]}]},{"@type":"ImageObject","inLanguage":"es","@id":"https:\/\/www.inmsol.com\/es\/descuentos-especiales\/#primaryimage","url":"https:\/\/www.inmsol.com\/wp-content\/uploads\/2020\/05\/Descuentos-cursos.jpg","contentUrl":"https:\/\/www.inmsol.com\/wp-content\/uploads\/2020\/05\/Descuentos-cursos.jpg","width":1200,"height":500,"caption":"Descuentos en nuestros cursos online"},{"@type":"BreadcrumbList","@id":"https:\/\/www.inmsol.com\/es\/descuentos-especiales\/#breadcrumb","itemListElement":[{"@type":"ListItem","position":1,"name":"Accredited Center by Instituto Cervantes","item":"https:\/\/www.inmsol.com\/es\/pagina-ejemplo\/"},{"@type":"ListItem","position":2,"name":"Descuentos especiales"}]},{"@type":"WebSite","@id":"https:\/\/www.inmsol.com\/es\/#website","url":"https:\/\/www.inmsol.com\/es\/","name":"iNMSOL","description":"Aprenda Espa\u00f1ol con iNMSOL en Granada | Centro Acreditado por el Instituto Cervantes","publisher":{"@id":"https:\/\/www.inmsol.com\/es\/#organization"},"potentialAction":[{"@type":"SearchAction","target":{"@type":"EntryPoint","urlTemplate":"https:\/\/www.inmsol.com\/es\/?s={search_term_string}"},"query-input":{"@type":"PropertyValueSpecification","valueRequired":true,"valueName":"search_term_string"}}],"inLanguage":"es"},{"@type":"Organization","@id":"https:\/\/www.inmsol.com\/es\/#organization","name":"Instituto Mediterr\u00e1neo Sol","url":"https:\/\/www.inmsol.com\/es\/","logo":{"@type":"ImageObject","inLanguage":"es","@id":"https:\/\/www.inmsol.com\/es\/#\/schema\/logo\/image\/","url":"https:\/\/www.inmsol.com\/wp-content\/uploads\/2023\/06\/logo-inmsol-1.png","contentUrl":"https:\/\/www.inmsol.com\/wp-content\/uploads\/2023\/06\/logo-inmsol-1.png","width":136,"height":73,"caption":"Instituto Mediterr\u00e1neo Sol"},"image":{"@id":"https:\/\/www.inmsol.com\/es\/#\/schema\/logo\/image\/"},"sameAs":["https:\/\/www.facebook.com\/spanishcourses","https:\/\/x.com\/StudyInGranada","http:\/\/instagram.com\/imsolgranada","https:\/\/es.linkedin.com\/company\/imsol-granada","https:\/\/www.pinterest.es\/inmsol\/","https:\/\/www.youtube.com\/channel\/UChz-Qn_7coFMosY85iYMO4g"]}]}},"_links":{"self":[{"href":"https:\/\/www.inmsol.com\/es\/wp-json\/wp\/v2\/pages\/50072","targetHints":{"allow":["GET"]}}],"collection":[{"href":"https:\/\/www.inmsol.com\/es\/wp-json\/wp\/v2\/pages"}],"about":[{"href":"https:\/\/www.inmsol.com\/es\/wp-json\/wp\/v2\/types\/page"}],"author":[{"embeddable":true,"href":"https:\/\/www.inmsol.com\/es\/wp-json\/wp\/v2\/users\/31"}],"replies":[{"embeddable":true,"href":"https:\/\/www.inmsol.com\/es\/wp-json\/wp\/v2\/comments?post=50072"}],"version-history":[{"count":0,"href":"https:\/\/www.inmsol.com\/es\/wp-json\/wp\/v2\/pages\/50072\/revisions"}],"wp:featuredmedia":[{"embeddable":true,"href":"https:\/\/www.inmsol.com\/es\/wp-json\/wp\/v2\/media\/50110"}],"wp:attachment":[{"href":"https:\/\/www.inmsol.com\/es\/wp-json\/wp\/v2\/media?parent=50072"}],"curies":[{"name":"wp","href":"https:\/\/api.w.org\/{rel}","templated":true}]}}