{"id":50660,"date":"2020-06-06T20:36:23","date_gmt":"2020-06-06T18:36:23","guid":{"rendered":"https:\/\/www.inmsol.com\/?page_id=50660"},"modified":"2021-07-26T17:44:22","modified_gmt":"2021-07-26T15:44:22","slug":"escuela-ele-segura-covid-19","status":"publish","type":"page","link":"https:\/\/www.inmsol.com\/es\/escuela-ele-segura-covid-19\/","title":{"rendered":"Escuela ELE segura COVID-19"},"content":{"rendered":"<blockquote>\n<h4>El presente sello acredita que nuestro centro cuenta con un Plan de Contingencia para disminuir las posibilidades de contagio en los centros de ense\u00f1anza y frenar la expansi\u00f3n ante posibles brotes por COVID-19. No obstante, no podemos asegurar la inexistencia de riesgo debido a la cambiante situaci\u00f3n epidemiol\u00f3gica en la que nos encontramos y la responsabilidad personal de cada usuario.<\/h4>\n<p>&nbsp;<\/p><\/blockquote>\n<p>&nbsp;<\/p>\n<p><a href=\"https:\/\/www.inmsol.com\/wp-content\/uploads\/2020\/05\/Certificado-Centro-ELE-Seguro_Imagotipo-Certificado.png\" target=\"_blank\" rel=\"noopener noreferrer\"><img fetchpriority=\"high\" decoding=\"async\" class=\"aligncenter wp-image-50351 size-full\" title=\"Sello Escuela ELE segura COVID-19\" src=\"https:\/\/www.inmsol.com\/wp-content\/uploads\/2020\/05\/Certificado-Centro-ELE-Seguro_Imagotipo-Certificado-e1591465684589.png\" alt=\"Sello Escuela ELE segura COVID-19\" width=\"1200\" height=\"412\" srcset=\"https:\/\/www.inmsol.com\/wp-content\/uploads\/2020\/05\/Certificado-Centro-ELE-Seguro_Imagotipo-Certificado-e1591465684589.png 1200w, https:\/\/www.inmsol.com\/wp-content\/uploads\/2020\/05\/Certificado-Centro-ELE-Seguro_Imagotipo-Certificado-e1591465684589-800x275.png 800w, https:\/\/www.inmsol.com\/wp-content\/uploads\/2020\/05\/Certificado-Centro-ELE-Seguro_Imagotipo-Certificado-e1591465684589-64x22.png 64w\" sizes=\"(max-width: 1200px) 100vw, 1200px\" \/><\/a><\/p>\n<p>&nbsp;<\/p>\n<p>&nbsp;<\/p>\n<h3>PLAN DE CONTINGENCIAS FRENTE AL COVID-19<\/h3>\n<p>El sello de<strong> escuela ELE segura COVID-19<\/strong>, que encontrar\u00e9is a menudo en nuestras publicaciones a partir de ahora, garantiza que nuestra escuela cumple con las medidas establecidas en su <strong>Plan de Contingencia contra la propagaci\u00f3n del COVID-19<\/strong>, entre las que destacan:<\/p>\n<p>&nbsp;<\/p>\n<ul>\n<li>Distancias de seguridad aseguradas entre profesores y estudiantes en las aulas.<\/li>\n<li>Se\u00f1alizaci\u00f3n de distancias de seguridad fuera de las aulas.<\/li>\n<li>Normas de seguridad y protecci\u00f3n para el personal de la escuela.<\/li>\n<li>Utilizaci\u00f3n obligatoria de mascarillas.<\/li>\n<li>Lavado frecuente de manos.<\/li>\n<li>Informaci\u00f3n suficiente sobre estas medidas.<\/li>\n<li>Toma de temperatura diaria de todas las personas que accedan a la escuela.<\/li>\n<\/ul>\n<p>&nbsp;<\/p>\n<p style=\"text-align: center;\">[tboot_button url=\u00bbhttps:\/\/www.inmsol.com\/wp-content\/uploads\/2009\/08\/Plan-de-Contingencias-iNMSOL_julio-2021-pB.pdf\u00bb color=\u00bbinfo\u00bb size=\u00bblg\u00bb target=\u00bbself\u00bb rel=\u00bb\u00bb]CONSULTAR PLAN CONTINGENCIAS[\/tboot_button]<\/p>\n<p>&nbsp;<\/p>\n<p>Los requisitos para la obtenci\u00f3n de este sello est\u00e1n publicados en la web de <a href=\"https:\/\/fedele.org\/\" target=\"_blank\" rel=\"noopener noreferrer\"><em>FEDELE, Federaci\u00f3n Espa\u00f1ola de Asociaciones de Escuelas de Espa\u00f1ol para Extranjeros<\/em><\/a> . Por nuestra parte, publicaremos la carteler\u00eda e infograf\u00edas por nuestras instalaciones, adem\u00e1s de informar a nuestros estudiantes y usuarios a trav\u00e9s de emails y newsletters.<\/p>\n<p>&nbsp;<\/p>\n<h3>La seguridad de nuestros estudiantes es lo primero<\/h3>\n<p>Para garantizar la seguridad de nuestros estudiantes, en la medida de lo posible, en <a href=\"https:\/\/www.inmsol.com\/es\/\" target=\"_blank\" rel=\"noopener noreferrer\"><strong>iNMSOL<\/strong><\/a> contamos con toda la protecci\u00f3n que necesiten:<\/p>\n<p>&nbsp;<\/p>\n<ul>\n<li>La entrada a la escuela se har\u00e1 de forma individual.<\/li>\n<li>Tendr\u00e1n un felpudo desinfectante y otro secante a la entrada. Ser\u00e1 lo primero que tengan que hacer a su llegada.<\/li>\n<li>Un miembro de iNMSOL les tomar\u00e1 la temperatura con un term\u00f3metro sin contacto. Si alg\u00fan estudiante tuviera m\u00e1s de 37\u00ba, deber\u00e1 volver a casa. iNMSOL dar\u00e1 las clases online en directo si esto ocurre.<\/li>\n<li>El primer d\u00eda entregaremos nuestro Kit COVID iNMSOL a los estudiantes. Este kit contiene:<\/li>\n<\/ul>\n<ul>\n<li style=\"list-style-type: none;\">\n<ul>\n<li style=\"list-style-type: none;\">\n<ul>\n<li>Mascarilla quir\u00fargica<\/li>\n<li>Bote de gel hidroalcoh\u00f3lico<\/li>\n<li>Gu\u00eda informativa sobre las medidas contra el COVID + COVIDiccionario<\/li>\n<\/ul>\n<\/li>\n<\/ul>\n<\/li>\n<\/ul>\n<p>&nbsp;<\/p>\n<ul>\n<li>Los asientos en clase entre estudiantes cumplir\u00e1n la distancia de seguridad.<\/li>\n<li>Se intentar\u00e1 que la mayor\u00eda de los materiales sean en formato digital, para evitar manipulaciones. Para ello invitamos a los estudiantes a traer sus port\u00e1tiles o m\u00f3viles.<\/li>\n<\/ul>\n<p>&nbsp;<\/p>\n<p>Tenemos a disposici\u00f3n de nuestros estudiantes carteler\u00eda e infograf\u00edas de todas las pautas de seguridad que deben seguir. Las encontrar\u00e1n todas las aulas, en el tabl\u00f3n de anuncios y en secretar\u00eda. Pero, adem\u00e1s, podr\u00e1n solicitarlo en formato digital al personal del centro.<\/p>\n<p>&nbsp;<\/p>\n<h4>Nos gustar\u00eda devolver a nuestros estudiantes esa confianza depositada. El personal de iNMSOL estar\u00e1 constantemente vigilando el cumplimiento de estas pautas, desinfectando las zonas comunes y a vuestra disposici\u00f3n.<\/h4>\n","protected":false},"excerpt":{"rendered":"<p>El sello Escuela ELE segura COVID-19 garantiza que iNMSOL cumple con las medidas establecidas en su Plan de Contingencia contra la propagaci\u00f3n del COVID-19.<\/p>\n","protected":false},"author":31,"featured_media":50661,"parent":0,"menu_order":0,"comment_status":"closed","ping_status":"closed","template":"","meta":{"_acf_changed":false,"footnotes":""},"class_list":["post-50660","page","type-page","status-publish","has-post-thumbnail","hentry"],"acf":[],"yoast_head":"<!-- This site is optimized with the Yoast SEO plugin v27.5 - https:\/\/yoast.com\/product\/yoast-seo-wordpress\/ -->\n<title>Escuela ELE segura COVID-19 | iNMSOL<\/title>\n<meta name=\"description\" content=\"El sello Escuela ELE segura COVID-19 garantiza que iNMSOL cumple con las medidas establecidas en su Plan de Contingencia contra la propagaci\u00f3n del COVID-19.\" \/>\n<meta name=\"robots\" content=\"index, follow, max-snippet:-1, max-image-preview:large, max-video-preview:-1\" \/>\n<link rel=\"canonical\" href=\"https:\/\/www.inmsol.com\/es\/escuela-ele-segura-covid-19\/\" \/>\n<meta property=\"og:locale\" content=\"es_ES\" \/>\n<meta property=\"og:type\" content=\"article\" \/>\n<meta property=\"og:title\" content=\"Escuela ELE segura COVID-19 | iNMSOL\" \/>\n<meta property=\"og:description\" content=\"El sello Escuela ELE segura COVID-19 garantiza que iNMSOL cumple con las medidas establecidas en su Plan de Contingencia contra la propagaci\u00f3n del COVID-19.\" \/>\n<meta property=\"og:url\" content=\"https:\/\/www.inmsol.com\/es\/escuela-ele-segura-covid-19\/\" \/>\n<meta property=\"og:site_name\" content=\"iNMSOL\" \/>\n<meta property=\"article:publisher\" content=\"https:\/\/www.facebook.com\/spanishcourses\" \/>\n<meta property=\"article:modified_time\" content=\"2021-07-26T15:44:22+00:00\" \/>\n<meta property=\"og:image\" content=\"https:\/\/www.inmsol.com\/wp-content\/uploads\/2020\/06\/Certificado-Centro-ELE-Seguro_Publicaci\u00f3n-Redes-Sociales-e1591465839990.png\" \/>\n\t<meta property=\"og:image:width\" content=\"1200\" \/>\n\t<meta property=\"og:image:height\" content=\"702\" \/>\n\t<meta property=\"og:image:type\" content=\"image\/png\" \/>\n<meta name=\"twitter:label1\" content=\"Tiempo de lectura\" \/>\n\t<meta name=\"twitter:data1\" content=\"3 minutos\" \/>\n<script type=\"application\/ld+json\" class=\"yoast-schema-graph\">{\"@context\":\"https:\\\/\\\/schema.org\",\"@graph\":[{\"@type\":\"WebPage\",\"@id\":\"https:\\\/\\\/www.inmsol.com\\\/es\\\/escuela-ele-segura-covid-19\\\/\",\"url\":\"https:\\\/\\\/www.inmsol.com\\\/es\\\/escuela-ele-segura-covid-19\\\/\",\"name\":\"Escuela ELE segura COVID-19 | iNMSOL\",\"isPartOf\":{\"@id\":\"https:\\\/\\\/www.inmsol.com\\\/es\\\/#website\"},\"primaryImageOfPage\":{\"@id\":\"https:\\\/\\\/www.inmsol.com\\\/es\\\/escuela-ele-segura-covid-19\\\/#primaryimage\"},\"image\":{\"@id\":\"https:\\\/\\\/www.inmsol.com\\\/es\\\/escuela-ele-segura-covid-19\\\/#primaryimage\"},\"thumbnailUrl\":\"https:\\\/\\\/www.inmsol.com\\\/wp-content\\\/uploads\\\/2020\\\/06\\\/Certificado-Centro-ELE-Seguro_Publicaci\u00f3n-Redes-Sociales-e1591465839990.png\",\"datePublished\":\"2020-06-06T18:36:23+00:00\",\"dateModified\":\"2021-07-26T15:44:22+00:00\",\"description\":\"El sello Escuela ELE segura COVID-19 garantiza que iNMSOL cumple con las medidas establecidas en su Plan de Contingencia contra la propagaci\u00f3n del COVID-19.\",\"breadcrumb\":{\"@id\":\"https:\\\/\\\/www.inmsol.com\\\/es\\\/escuela-ele-segura-covid-19\\\/#breadcrumb\"},\"inLanguage\":\"es\",\"potentialAction\":[{\"@type\":\"ReadAction\",\"target\":[\"https:\\\/\\\/www.inmsol.com\\\/es\\\/escuela-ele-segura-covid-19\\\/\"]}]},{\"@type\":\"ImageObject\",\"inLanguage\":\"es\",\"@id\":\"https:\\\/\\\/www.inmsol.com\\\/es\\\/escuela-ele-segura-covid-19\\\/#primaryimage\",\"url\":\"https:\\\/\\\/www.inmsol.com\\\/wp-content\\\/uploads\\\/2020\\\/06\\\/Certificado-Centro-ELE-Seguro_Publicaci\u00f3n-Redes-Sociales-e1591465839990.png\",\"contentUrl\":\"https:\\\/\\\/www.inmsol.com\\\/wp-content\\\/uploads\\\/2020\\\/06\\\/Certificado-Centro-ELE-Seguro_Publicaci\u00f3n-Redes-Sociales-e1591465839990.png\",\"width\":1200,\"height\":702,\"caption\":\"Certificado Centro ELE Seguro_Publicaci\u00f3n Redes Sociales\"},{\"@type\":\"BreadcrumbList\",\"@id\":\"https:\\\/\\\/www.inmsol.com\\\/es\\\/escuela-ele-segura-covid-19\\\/#breadcrumb\",\"itemListElement\":[{\"@type\":\"ListItem\",\"position\":1,\"name\":\"Accredited Center by Instituto Cervantes\",\"item\":\"https:\\\/\\\/www.inmsol.com\\\/es\\\/pagina-ejemplo\\\/\"},{\"@type\":\"ListItem\",\"position\":2,\"name\":\"Escuela ELE segura COVID-19\"}]},{\"@type\":\"WebSite\",\"@id\":\"https:\\\/\\\/www.inmsol.com\\\/es\\\/#website\",\"url\":\"https:\\\/\\\/www.inmsol.com\\\/es\\\/\",\"name\":\"iNMSOL\",\"description\":\"Aprenda Espa\u00f1ol con iNMSOL en Granada | Centro Acreditado por el Instituto Cervantes\",\"publisher\":{\"@id\":\"https:\\\/\\\/www.inmsol.com\\\/es\\\/#organization\"},\"potentialAction\":[{\"@type\":\"SearchAction\",\"target\":{\"@type\":\"EntryPoint\",\"urlTemplate\":\"https:\\\/\\\/www.inmsol.com\\\/es\\\/?s={search_term_string}\"},\"query-input\":{\"@type\":\"PropertyValueSpecification\",\"valueRequired\":true,\"valueName\":\"search_term_string\"}}],\"inLanguage\":\"es\"},{\"@type\":\"Organization\",\"@id\":\"https:\\\/\\\/www.inmsol.com\\\/es\\\/#organization\",\"name\":\"Instituto Mediterr\u00e1neo Sol\",\"url\":\"https:\\\/\\\/www.inmsol.com\\\/es\\\/\",\"logo\":{\"@type\":\"ImageObject\",\"inLanguage\":\"es\",\"@id\":\"https:\\\/\\\/www.inmsol.com\\\/es\\\/#\\\/schema\\\/logo\\\/image\\\/\",\"url\":\"https:\\\/\\\/www.inmsol.com\\\/wp-content\\\/uploads\\\/2023\\\/06\\\/logo-inmsol-1.png\",\"contentUrl\":\"https:\\\/\\\/www.inmsol.com\\\/wp-content\\\/uploads\\\/2023\\\/06\\\/logo-inmsol-1.png\",\"width\":136,\"height\":73,\"caption\":\"Instituto Mediterr\u00e1neo Sol\"},\"image\":{\"@id\":\"https:\\\/\\\/www.inmsol.com\\\/es\\\/#\\\/schema\\\/logo\\\/image\\\/\"},\"sameAs\":[\"https:\\\/\\\/www.facebook.com\\\/spanishcourses\",\"https:\\\/\\\/x.com\\\/StudyInGranada\",\"http:\\\/\\\/instagram.com\\\/imsolgranada\",\"https:\\\/\\\/es.linkedin.com\\\/company\\\/imsol-granada\",\"https:\\\/\\\/www.pinterest.es\\\/inmsol\\\/\",\"https:\\\/\\\/www.youtube.com\\\/channel\\\/UChz-Qn_7coFMosY85iYMO4g\"]}]}<\/script>\n<!-- \/ Yoast SEO plugin. -->","yoast_head_json":{"title":"Escuela ELE segura COVID-19 | iNMSOL","description":"El sello Escuela ELE segura COVID-19 garantiza que iNMSOL cumple con las medidas establecidas en su Plan de Contingencia contra la propagaci\u00f3n del COVID-19.","robots":{"index":"index","follow":"follow","max-snippet":"max-snippet:-1","max-image-preview":"max-image-preview:large","max-video-preview":"max-video-preview:-1"},"canonical":"https:\/\/www.inmsol.com\/es\/escuela-ele-segura-covid-19\/","og_locale":"es_ES","og_type":"article","og_title":"Escuela ELE segura COVID-19 | iNMSOL","og_description":"El sello Escuela ELE segura COVID-19 garantiza que iNMSOL cumple con las medidas establecidas en su Plan de Contingencia contra la propagaci\u00f3n del COVID-19.","og_url":"https:\/\/www.inmsol.com\/es\/escuela-ele-segura-covid-19\/","og_site_name":"iNMSOL","article_publisher":"https:\/\/www.facebook.com\/spanishcourses","article_modified_time":"2021-07-26T15:44:22+00:00","og_image":[{"width":1200,"height":702,"url":"https:\/\/www.inmsol.com\/wp-content\/uploads\/2020\/06\/Certificado-Centro-ELE-Seguro_Publicaci\u00f3n-Redes-Sociales-e1591465839990.png","type":"image\/png"}],"twitter_misc":{"Tiempo de lectura":"3 minutos"},"schema":{"@context":"https:\/\/schema.org","@graph":[{"@type":"WebPage","@id":"https:\/\/www.inmsol.com\/es\/escuela-ele-segura-covid-19\/","url":"https:\/\/www.inmsol.com\/es\/escuela-ele-segura-covid-19\/","name":"Escuela ELE segura COVID-19 | iNMSOL","isPartOf":{"@id":"https:\/\/www.inmsol.com\/es\/#website"},"primaryImageOfPage":{"@id":"https:\/\/www.inmsol.com\/es\/escuela-ele-segura-covid-19\/#primaryimage"},"image":{"@id":"https:\/\/www.inmsol.com\/es\/escuela-ele-segura-covid-19\/#primaryimage"},"thumbnailUrl":"https:\/\/www.inmsol.com\/wp-content\/uploads\/2020\/06\/Certificado-Centro-ELE-Seguro_Publicaci\u00f3n-Redes-Sociales-e1591465839990.png","datePublished":"2020-06-06T18:36:23+00:00","dateModified":"2021-07-26T15:44:22+00:00","description":"El sello Escuela ELE segura COVID-19 garantiza que iNMSOL cumple con las medidas establecidas en su Plan de Contingencia contra la propagaci\u00f3n del COVID-19.","breadcrumb":{"@id":"https:\/\/www.inmsol.com\/es\/escuela-ele-segura-covid-19\/#breadcrumb"},"inLanguage":"es","potentialAction":[{"@type":"ReadAction","target":["https:\/\/www.inmsol.com\/es\/escuela-ele-segura-covid-19\/"]}]},{"@type":"ImageObject","inLanguage":"es","@id":"https:\/\/www.inmsol.com\/es\/escuela-ele-segura-covid-19\/#primaryimage","url":"https:\/\/www.inmsol.com\/wp-content\/uploads\/2020\/06\/Certificado-Centro-ELE-Seguro_Publicaci\u00f3n-Redes-Sociales-e1591465839990.png","contentUrl":"https:\/\/www.inmsol.com\/wp-content\/uploads\/2020\/06\/Certificado-Centro-ELE-Seguro_Publicaci\u00f3n-Redes-Sociales-e1591465839990.png","width":1200,"height":702,"caption":"Certificado Centro ELE Seguro_Publicaci\u00f3n Redes Sociales"},{"@type":"BreadcrumbList","@id":"https:\/\/www.inmsol.com\/es\/escuela-ele-segura-covid-19\/#breadcrumb","itemListElement":[{"@type":"ListItem","position":1,"name":"Accredited Center by Instituto Cervantes","item":"https:\/\/www.inmsol.com\/es\/pagina-ejemplo\/"},{"@type":"ListItem","position":2,"name":"Escuela ELE segura COVID-19"}]},{"@type":"WebSite","@id":"https:\/\/www.inmsol.com\/es\/#website","url":"https:\/\/www.inmsol.com\/es\/","name":"iNMSOL","description":"Aprenda Espa\u00f1ol con iNMSOL en Granada | Centro Acreditado por el Instituto Cervantes","publisher":{"@id":"https:\/\/www.inmsol.com\/es\/#organization"},"potentialAction":[{"@type":"SearchAction","target":{"@type":"EntryPoint","urlTemplate":"https:\/\/www.inmsol.com\/es\/?s={search_term_string}"},"query-input":{"@type":"PropertyValueSpecification","valueRequired":true,"valueName":"search_term_string"}}],"inLanguage":"es"},{"@type":"Organization","@id":"https:\/\/www.inmsol.com\/es\/#organization","name":"Instituto Mediterr\u00e1neo Sol","url":"https:\/\/www.inmsol.com\/es\/","logo":{"@type":"ImageObject","inLanguage":"es","@id":"https:\/\/www.inmsol.com\/es\/#\/schema\/logo\/image\/","url":"https:\/\/www.inmsol.com\/wp-content\/uploads\/2023\/06\/logo-inmsol-1.png","contentUrl":"https:\/\/www.inmsol.com\/wp-content\/uploads\/2023\/06\/logo-inmsol-1.png","width":136,"height":73,"caption":"Instituto Mediterr\u00e1neo Sol"},"image":{"@id":"https:\/\/www.inmsol.com\/es\/#\/schema\/logo\/image\/"},"sameAs":["https:\/\/www.facebook.com\/spanishcourses","https:\/\/x.com\/StudyInGranada","http:\/\/instagram.com\/imsolgranada","https:\/\/es.linkedin.com\/company\/imsol-granada","https:\/\/www.pinterest.es\/inmsol\/","https:\/\/www.youtube.com\/channel\/UChz-Qn_7coFMosY85iYMO4g"]}]}},"_links":{"self":[{"href":"https:\/\/www.inmsol.com\/es\/wp-json\/wp\/v2\/pages\/50660","targetHints":{"allow":["GET"]}}],"collection":[{"href":"https:\/\/www.inmsol.com\/es\/wp-json\/wp\/v2\/pages"}],"about":[{"href":"https:\/\/www.inmsol.com\/es\/wp-json\/wp\/v2\/types\/page"}],"author":[{"embeddable":true,"href":"https:\/\/www.inmsol.com\/es\/wp-json\/wp\/v2\/users\/31"}],"replies":[{"embeddable":true,"href":"https:\/\/www.inmsol.com\/es\/wp-json\/wp\/v2\/comments?post=50660"}],"version-history":[{"count":0,"href":"https:\/\/www.inmsol.com\/es\/wp-json\/wp\/v2\/pages\/50660\/revisions"}],"wp:featuredmedia":[{"embeddable":true,"href":"https:\/\/www.inmsol.com\/es\/wp-json\/wp\/v2\/media\/50661"}],"wp:attachment":[{"href":"https:\/\/www.inmsol.com\/es\/wp-json\/wp\/v2\/media?parent=50660"}],"curies":[{"name":"wp","href":"https:\/\/api.w.org\/{rel}","templated":true}]}}