{"id":52150,"date":"2020-08-31T13:40:25","date_gmt":"2020-08-31T11:40:25","guid":{"rendered":"https:\/\/www.inmsol.com\/?page_id=52150"},"modified":"2020-08-31T13:40:25","modified_gmt":"2020-08-31T11:40:25","slug":"fechas-examenes-siele","status":"publish","type":"page","link":"https:\/\/www.inmsol.com\/es\/fechas-examenes-siele\/","title":{"rendered":"Fechas de los ex\u00e1menes SIELE"},"content":{"rendered":"<h4>El examen SIELE es un examen mucho m\u00e1s flexible que el examen DELE<\/h4>\n<p>&nbsp;<\/p>\n<p>El candidato que se inscriba presencialmente en nuestra escuela podr\u00e1 <strong>elegir<\/strong> la fecha de examen, siempre que haya disponibilidad.<\/p>\n<p>Se necesitar\u00e1 al menos una semana de antelaci\u00f3n, pero las fechas son abiertas&#8230; \u00a1totalmente adaptado a ti!<\/p>\n<p>&nbsp;<\/p>\n<blockquote>\n<p style=\"text-align: center;\">Adem\u00e1s, el resultado y certificado estar\u00e1n disponibles para el candidato en un <strong>m\u00e1ximo de 3 semanas<\/strong> desde la fecha del examen.<\/p>\n<\/blockquote>\n","protected":false},"excerpt":{"rendered":"<p>Las fechas de examen SIELE son abiertas, y el certificado\/informe estar\u00e1 disponible para el candidato en un m\u00e1ximo de 3 semanas.<\/p>\n","protected":false},"author":31,"featured_media":52134,"parent":0,"menu_order":0,"comment_status":"closed","ping_status":"closed","template":"","meta":{"_acf_changed":false,"footnotes":""},"class_list":["post-52150","page","type-page","status-publish","has-post-thumbnail","hentry"],"acf":[],"yoast_head":"<!-- This site is optimized with the Yoast SEO plugin v27.4 - https:\/\/yoast.com\/product\/yoast-seo-wordpress\/ -->\n<title>Fechas de los ex\u00e1menes SIELE | Certificados iNMSOL<\/title>\n<meta name=\"description\" content=\"Las fechas de examen SIELE son abiertas, y el certificado\/informe estar\u00e1 disponible para el candidato en un m\u00e1ximo de 3 semanas.\" \/>\n<meta name=\"robots\" content=\"index, follow, max-snippet:-1, max-image-preview:large, max-video-preview:-1\" \/>\n<link rel=\"canonical\" href=\"https:\/\/www.inmsol.com\/es\/fechas-examenes-siele\/\" \/>\n<meta property=\"og:locale\" content=\"es_ES\" \/>\n<meta property=\"og:type\" content=\"article\" \/>\n<meta property=\"og:title\" content=\"Fechas de los ex\u00e1menes SIELE | Certificados iNMSOL\" \/>\n<meta property=\"og:description\" content=\"Las fechas de examen SIELE son abiertas, y el certificado\/informe estar\u00e1 disponible para el candidato en un m\u00e1ximo de 3 semanas.\" \/>\n<meta property=\"og:url\" content=\"https:\/\/www.inmsol.com\/es\/fechas-examenes-siele\/\" \/>\n<meta property=\"og:site_name\" content=\"iNMSOL\" \/>\n<meta property=\"article:publisher\" content=\"https:\/\/www.facebook.com\/spanishcourses\" \/>\n<meta property=\"og:image\" content=\"https:\/\/www.inmsol.com\/wp-content\/uploads\/2020\/08\/Calendario-fechas-examen-1.jpg\" \/>\n\t<meta property=\"og:image:width\" content=\"1202\" \/>\n\t<meta property=\"og:image:height\" content=\"600\" \/>\n\t<meta property=\"og:image:type\" content=\"image\/jpeg\" \/>\n<script type=\"application\/ld+json\" class=\"yoast-schema-graph\">{\"@context\":\"https:\\\/\\\/schema.org\",\"@graph\":[{\"@type\":\"WebPage\",\"@id\":\"https:\\\/\\\/www.inmsol.com\\\/es\\\/fechas-examenes-siele\\\/\",\"url\":\"https:\\\/\\\/www.inmsol.com\\\/es\\\/fechas-examenes-siele\\\/\",\"name\":\"Fechas de los ex\u00e1menes SIELE | Certificados iNMSOL\",\"isPartOf\":{\"@id\":\"https:\\\/\\\/www.inmsol.com\\\/es\\\/#website\"},\"primaryImageOfPage\":{\"@id\":\"https:\\\/\\\/www.inmsol.com\\\/es\\\/fechas-examenes-siele\\\/#primaryimage\"},\"image\":{\"@id\":\"https:\\\/\\\/www.inmsol.com\\\/es\\\/fechas-examenes-siele\\\/#primaryimage\"},\"thumbnailUrl\":\"https:\\\/\\\/www.inmsol.com\\\/wp-content\\\/uploads\\\/2020\\\/08\\\/Calendario-fechas-examen-1.jpg\",\"datePublished\":\"2020-08-31T11:40:25+00:00\",\"description\":\"Las fechas de examen SIELE son abiertas, y el certificado\\\/informe estar\u00e1 disponible para el candidato en un m\u00e1ximo de 3 semanas.\",\"breadcrumb\":{\"@id\":\"https:\\\/\\\/www.inmsol.com\\\/es\\\/fechas-examenes-siele\\\/#breadcrumb\"},\"inLanguage\":\"es\",\"potentialAction\":[{\"@type\":\"ReadAction\",\"target\":[\"https:\\\/\\\/www.inmsol.com\\\/es\\\/fechas-examenes-siele\\\/\"]}]},{\"@type\":\"ImageObject\",\"inLanguage\":\"es\",\"@id\":\"https:\\\/\\\/www.inmsol.com\\\/es\\\/fechas-examenes-siele\\\/#primaryimage\",\"url\":\"https:\\\/\\\/www.inmsol.com\\\/wp-content\\\/uploads\\\/2020\\\/08\\\/Calendario-fechas-examen-1.jpg\",\"contentUrl\":\"https:\\\/\\\/www.inmsol.com\\\/wp-content\\\/uploads\\\/2020\\\/08\\\/Calendario-fechas-examen-1.jpg\",\"width\":1202,\"height\":600,\"caption\":\"Fechas SIELE\"},{\"@type\":\"BreadcrumbList\",\"@id\":\"https:\\\/\\\/www.inmsol.com\\\/es\\\/fechas-examenes-siele\\\/#breadcrumb\",\"itemListElement\":[{\"@type\":\"ListItem\",\"position\":1,\"name\":\"Accredited Center by Instituto Cervantes\",\"item\":\"https:\\\/\\\/www.inmsol.com\\\/es\\\/pagina-ejemplo\\\/\"},{\"@type\":\"ListItem\",\"position\":2,\"name\":\"Fechas de los ex\u00e1menes SIELE\"}]},{\"@type\":\"WebSite\",\"@id\":\"https:\\\/\\\/www.inmsol.com\\\/es\\\/#website\",\"url\":\"https:\\\/\\\/www.inmsol.com\\\/es\\\/\",\"name\":\"iNMSOL\",\"description\":\"Aprenda Espa\u00f1ol con iNMSOL en Granada | Centro Acreditado por el Instituto Cervantes\",\"publisher\":{\"@id\":\"https:\\\/\\\/www.inmsol.com\\\/es\\\/#organization\"},\"potentialAction\":[{\"@type\":\"SearchAction\",\"target\":{\"@type\":\"EntryPoint\",\"urlTemplate\":\"https:\\\/\\\/www.inmsol.com\\\/es\\\/?s={search_term_string}\"},\"query-input\":{\"@type\":\"PropertyValueSpecification\",\"valueRequired\":true,\"valueName\":\"search_term_string\"}}],\"inLanguage\":\"es\"},{\"@type\":\"Organization\",\"@id\":\"https:\\\/\\\/www.inmsol.com\\\/es\\\/#organization\",\"name\":\"Instituto Mediterr\u00e1neo Sol\",\"url\":\"https:\\\/\\\/www.inmsol.com\\\/es\\\/\",\"logo\":{\"@type\":\"ImageObject\",\"inLanguage\":\"es\",\"@id\":\"https:\\\/\\\/www.inmsol.com\\\/es\\\/#\\\/schema\\\/logo\\\/image\\\/\",\"url\":\"https:\\\/\\\/www.inmsol.com\\\/wp-content\\\/uploads\\\/2023\\\/06\\\/logo-inmsol-1.png\",\"contentUrl\":\"https:\\\/\\\/www.inmsol.com\\\/wp-content\\\/uploads\\\/2023\\\/06\\\/logo-inmsol-1.png\",\"width\":136,\"height\":73,\"caption\":\"Instituto Mediterr\u00e1neo Sol\"},\"image\":{\"@id\":\"https:\\\/\\\/www.inmsol.com\\\/es\\\/#\\\/schema\\\/logo\\\/image\\\/\"},\"sameAs\":[\"https:\\\/\\\/www.facebook.com\\\/spanishcourses\",\"https:\\\/\\\/x.com\\\/StudyInGranada\",\"http:\\\/\\\/instagram.com\\\/imsolgranada\",\"https:\\\/\\\/es.linkedin.com\\\/company\\\/imsol-granada\",\"https:\\\/\\\/www.pinterest.es\\\/inmsol\\\/\",\"https:\\\/\\\/www.youtube.com\\\/channel\\\/UChz-Qn_7coFMosY85iYMO4g\"]}]}<\/script>\n<!-- \/ Yoast SEO plugin. -->","yoast_head_json":{"title":"Fechas de los ex\u00e1menes SIELE | Certificados iNMSOL","description":"Las fechas de examen SIELE son abiertas, y el certificado\/informe estar\u00e1 disponible para el candidato en un m\u00e1ximo de 3 semanas.","robots":{"index":"index","follow":"follow","max-snippet":"max-snippet:-1","max-image-preview":"max-image-preview:large","max-video-preview":"max-video-preview:-1"},"canonical":"https:\/\/www.inmsol.com\/es\/fechas-examenes-siele\/","og_locale":"es_ES","og_type":"article","og_title":"Fechas de los ex\u00e1menes SIELE | Certificados iNMSOL","og_description":"Las fechas de examen SIELE son abiertas, y el certificado\/informe estar\u00e1 disponible para el candidato en un m\u00e1ximo de 3 semanas.","og_url":"https:\/\/www.inmsol.com\/es\/fechas-examenes-siele\/","og_site_name":"iNMSOL","article_publisher":"https:\/\/www.facebook.com\/spanishcourses","og_image":[{"width":1202,"height":600,"url":"https:\/\/www.inmsol.com\/wp-content\/uploads\/2020\/08\/Calendario-fechas-examen-1.jpg","type":"image\/jpeg"}],"schema":{"@context":"https:\/\/schema.org","@graph":[{"@type":"WebPage","@id":"https:\/\/www.inmsol.com\/es\/fechas-examenes-siele\/","url":"https:\/\/www.inmsol.com\/es\/fechas-examenes-siele\/","name":"Fechas de los ex\u00e1menes SIELE | Certificados iNMSOL","isPartOf":{"@id":"https:\/\/www.inmsol.com\/es\/#website"},"primaryImageOfPage":{"@id":"https:\/\/www.inmsol.com\/es\/fechas-examenes-siele\/#primaryimage"},"image":{"@id":"https:\/\/www.inmsol.com\/es\/fechas-examenes-siele\/#primaryimage"},"thumbnailUrl":"https:\/\/www.inmsol.com\/wp-content\/uploads\/2020\/08\/Calendario-fechas-examen-1.jpg","datePublished":"2020-08-31T11:40:25+00:00","description":"Las fechas de examen SIELE son abiertas, y el certificado\/informe estar\u00e1 disponible para el candidato en un m\u00e1ximo de 3 semanas.","breadcrumb":{"@id":"https:\/\/www.inmsol.com\/es\/fechas-examenes-siele\/#breadcrumb"},"inLanguage":"es","potentialAction":[{"@type":"ReadAction","target":["https:\/\/www.inmsol.com\/es\/fechas-examenes-siele\/"]}]},{"@type":"ImageObject","inLanguage":"es","@id":"https:\/\/www.inmsol.com\/es\/fechas-examenes-siele\/#primaryimage","url":"https:\/\/www.inmsol.com\/wp-content\/uploads\/2020\/08\/Calendario-fechas-examen-1.jpg","contentUrl":"https:\/\/www.inmsol.com\/wp-content\/uploads\/2020\/08\/Calendario-fechas-examen-1.jpg","width":1202,"height":600,"caption":"Fechas SIELE"},{"@type":"BreadcrumbList","@id":"https:\/\/www.inmsol.com\/es\/fechas-examenes-siele\/#breadcrumb","itemListElement":[{"@type":"ListItem","position":1,"name":"Accredited Center by Instituto Cervantes","item":"https:\/\/www.inmsol.com\/es\/pagina-ejemplo\/"},{"@type":"ListItem","position":2,"name":"Fechas de los ex\u00e1menes SIELE"}]},{"@type":"WebSite","@id":"https:\/\/www.inmsol.com\/es\/#website","url":"https:\/\/www.inmsol.com\/es\/","name":"iNMSOL","description":"Aprenda Espa\u00f1ol con iNMSOL en Granada | Centro Acreditado por el Instituto Cervantes","publisher":{"@id":"https:\/\/www.inmsol.com\/es\/#organization"},"potentialAction":[{"@type":"SearchAction","target":{"@type":"EntryPoint","urlTemplate":"https:\/\/www.inmsol.com\/es\/?s={search_term_string}"},"query-input":{"@type":"PropertyValueSpecification","valueRequired":true,"valueName":"search_term_string"}}],"inLanguage":"es"},{"@type":"Organization","@id":"https:\/\/www.inmsol.com\/es\/#organization","name":"Instituto Mediterr\u00e1neo Sol","url":"https:\/\/www.inmsol.com\/es\/","logo":{"@type":"ImageObject","inLanguage":"es","@id":"https:\/\/www.inmsol.com\/es\/#\/schema\/logo\/image\/","url":"https:\/\/www.inmsol.com\/wp-content\/uploads\/2023\/06\/logo-inmsol-1.png","contentUrl":"https:\/\/www.inmsol.com\/wp-content\/uploads\/2023\/06\/logo-inmsol-1.png","width":136,"height":73,"caption":"Instituto Mediterr\u00e1neo Sol"},"image":{"@id":"https:\/\/www.inmsol.com\/es\/#\/schema\/logo\/image\/"},"sameAs":["https:\/\/www.facebook.com\/spanishcourses","https:\/\/x.com\/StudyInGranada","http:\/\/instagram.com\/imsolgranada","https:\/\/es.linkedin.com\/company\/imsol-granada","https:\/\/www.pinterest.es\/inmsol\/","https:\/\/www.youtube.com\/channel\/UChz-Qn_7coFMosY85iYMO4g"]}]}},"_links":{"self":[{"href":"https:\/\/www.inmsol.com\/es\/wp-json\/wp\/v2\/pages\/52150","targetHints":{"allow":["GET"]}}],"collection":[{"href":"https:\/\/www.inmsol.com\/es\/wp-json\/wp\/v2\/pages"}],"about":[{"href":"https:\/\/www.inmsol.com\/es\/wp-json\/wp\/v2\/types\/page"}],"author":[{"embeddable":true,"href":"https:\/\/www.inmsol.com\/es\/wp-json\/wp\/v2\/users\/31"}],"replies":[{"embeddable":true,"href":"https:\/\/www.inmsol.com\/es\/wp-json\/wp\/v2\/comments?post=52150"}],"version-history":[{"count":0,"href":"https:\/\/www.inmsol.com\/es\/wp-json\/wp\/v2\/pages\/52150\/revisions"}],"wp:featuredmedia":[{"embeddable":true,"href":"https:\/\/www.inmsol.com\/es\/wp-json\/wp\/v2\/media\/52134"}],"wp:attachment":[{"href":"https:\/\/www.inmsol.com\/es\/wp-json\/wp\/v2\/media?parent=52150"}],"curies":[{"name":"wp","href":"https:\/\/api.w.org\/{rel}","templated":true}]}}