{"id":52610,"date":"2020-09-10T16:58:46","date_gmt":"2020-09-10T14:58:46","guid":{"rendered":"https:\/\/www.inmsol.com\/?page_id=52610"},"modified":"2020-09-10T16:58:46","modified_gmt":"2020-09-10T14:58:46","slug":"inscripcion-y-requisitos","status":"publish","type":"page","link":"https:\/\/www.inmsol.com\/es\/inscripcion-y-requisitos\/","title":{"rendered":"Inscripci\u00f3n y requisitos"},"content":{"rendered":"<h4>Procedimiento de inscripci\u00f3n y requisitos previos<\/h4>\n<p>Para matricularte en uno de <a href=\"https:\/\/www.inmsol.com\/es\/ects-creditos-europeos-universitarios\/\" target=\"_blank\" rel=\"noopener noreferrer\">nuestros cursos de espa\u00f1ol conducentes a la obtenci\u00f3n de cr\u00e9ditos ECTS<\/a> deber\u00e1s seguir los siguientes pasos:<\/p>\n<p>&nbsp;<\/p>\n<h4>ANTES DE COMENZAR EL CURSO<\/h4>\n<p>Ser\u00e1 necesario enviar la siguiente documentaci\u00f3n:<\/p>\n<p>&nbsp;<\/p>\n<ol>\n<li>\n<h4>Copia del pasaporte\/NIE\/DNI o c\u00e9dula de identidad. Por ambas caras, en un mismo documento PDF.<\/h4>\n<\/li>\n<li>\n<h4>Fotograf\u00eda actual con fondo blanco, tama\u00f1o carnet.<\/h4>\n<\/li>\n<li>\n<h4>Formulario de inscripci\u00f3n de iNMSOL relleno. Se puede rellenar desde el siguiente link: <a href=\"https:\/\/www.inmsol.com\/es\/inscripcion\/\" target=\"_blank\" rel=\"noopener noreferrer\">https:\/\/www.inmsol.com\/es\/inscripcion\/<\/a><\/h4>\n<\/li>\n<li>\n<h4>Fichero de importaci\u00f3n del alumno, de la UCAM (ser\u00e1 completado por iNMSOL).<\/h4>\n<\/li>\n<li>\n<h4>Confirmaci\u00f3n del pago de la totalidad del curso.<\/h4>\n<\/li>\n<\/ol>\n<p>&nbsp;<\/p>\n<h4>ANTES DE FINALIZAR EL CURSO<\/h4>\n<p>Para poder solicitar los <strong>cr\u00e9ditos ECTS<\/strong>, el alumno se compromete a asistir al<strong> 85% de las clases, como m\u00ednimo<\/strong>. Adem\u00e1s, deber\u00e1 aprobar el examen correspondiente (<strong>prueba de aprovechamiento<\/strong>).<\/p>\n<p>&nbsp;<\/p>\n<blockquote>\n<h4 style=\"text-align: center;\">Una vez que nuestro centro cuente con todos los documentos requeridos, se enviar\u00e1 la solicitud de convalidaci\u00f3n a la UCAM para su aprobaci\u00f3n.<\/h4>\n<p style=\"text-align: center;\">[tboot_button url=\u00bbhttps:\/\/www.inmsol.com\/es\/inscripcion\/\u00bb color=\u00bbinfo\u00bb size=\u00bblg\u00bb target=\u00bbself\u00bb rel=\u00bb\u00bb]INSCRIPCI\u00d3N[\/tboot_button]<\/p>\n<h4 style=\"text-align: center;\">\u00a1Inscr\u00edbete ya y accede a tus cr\u00e9ditos ECTS!<\/h4>\n<\/blockquote>\n","protected":false},"excerpt":{"rendered":"<p>Para matricularte en uno de nuestros cursos de espa\u00f1ol conducentes a la obtenci\u00f3n de cr\u00e9ditos ECTS deber\u00e1s seguir los siguientes pasos.<\/p>\n","protected":false},"author":31,"featured_media":0,"parent":0,"menu_order":0,"comment_status":"closed","ping_status":"closed","template":"","meta":{"_acf_changed":false,"footnotes":""},"class_list":["post-52610","page","type-page","status-publish","hentry"],"acf":[],"yoast_head":"<!-- This site is optimized with the Yoast SEO plugin v27.5 - https:\/\/yoast.com\/product\/yoast-seo-wordpress\/ -->\n<title>Inscripci\u00f3n y requisitos | Ex\u00e1menes oficiales iNMSOL<\/title>\n<meta name=\"description\" content=\"Para matricularte en uno de nuestros cursos de espa\u00f1ol conducentes a la obtenci\u00f3n de cr\u00e9ditos ECTS deber\u00e1s seguir los siguientes pasos.\" \/>\n<meta name=\"robots\" content=\"index, follow, max-snippet:-1, max-image-preview:large, max-video-preview:-1\" \/>\n<link rel=\"canonical\" href=\"https:\/\/www.inmsol.com\/es\/inscripcion-y-requisitos\/\" \/>\n<meta property=\"og:locale\" content=\"es_ES\" \/>\n<meta property=\"og:type\" content=\"article\" \/>\n<meta property=\"og:title\" content=\"Inscripci\u00f3n y requisitos | Ex\u00e1menes oficiales iNMSOL\" \/>\n<meta property=\"og:description\" content=\"Para matricularte en uno de nuestros cursos de espa\u00f1ol conducentes a la obtenci\u00f3n de cr\u00e9ditos ECTS deber\u00e1s seguir los siguientes pasos.\" \/>\n<meta property=\"og:url\" content=\"https:\/\/www.inmsol.com\/es\/inscripcion-y-requisitos\/\" \/>\n<meta property=\"og:site_name\" content=\"iNMSOL\" \/>\n<meta property=\"article:publisher\" content=\"https:\/\/www.facebook.com\/spanishcourses\" \/>\n<meta property=\"og:image\" content=\"https:\/\/www.inmsol.com\/wp-content\/uploads\/2019\/08\/logo-inmsol.png\" \/>\n\t<meta property=\"og:image:width\" content=\"320\" \/>\n\t<meta property=\"og:image:height\" content=\"154\" \/>\n\t<meta property=\"og:image:type\" content=\"image\/png\" \/>\n<meta name=\"twitter:label1\" content=\"Tiempo de lectura\" \/>\n\t<meta name=\"twitter:data1\" content=\"1 minuto\" \/>\n<script type=\"application\/ld+json\" class=\"yoast-schema-graph\">{\"@context\":\"https:\\\/\\\/schema.org\",\"@graph\":[{\"@type\":\"WebPage\",\"@id\":\"https:\\\/\\\/www.inmsol.com\\\/es\\\/inscripcion-y-requisitos\\\/\",\"url\":\"https:\\\/\\\/www.inmsol.com\\\/es\\\/inscripcion-y-requisitos\\\/\",\"name\":\"Inscripci\u00f3n y requisitos | Ex\u00e1menes oficiales iNMSOL\",\"isPartOf\":{\"@id\":\"https:\\\/\\\/www.inmsol.com\\\/es\\\/#website\"},\"datePublished\":\"2020-09-10T14:58:46+00:00\",\"description\":\"Para matricularte en uno de nuestros cursos de espa\u00f1ol conducentes a la obtenci\u00f3n de cr\u00e9ditos ECTS deber\u00e1s seguir los siguientes pasos.\",\"breadcrumb\":{\"@id\":\"https:\\\/\\\/www.inmsol.com\\\/es\\\/inscripcion-y-requisitos\\\/#breadcrumb\"},\"inLanguage\":\"es\",\"potentialAction\":[{\"@type\":\"ReadAction\",\"target\":[\"https:\\\/\\\/www.inmsol.com\\\/es\\\/inscripcion-y-requisitos\\\/\"]}]},{\"@type\":\"BreadcrumbList\",\"@id\":\"https:\\\/\\\/www.inmsol.com\\\/es\\\/inscripcion-y-requisitos\\\/#breadcrumb\",\"itemListElement\":[{\"@type\":\"ListItem\",\"position\":1,\"name\":\"Accredited Center by Instituto Cervantes\",\"item\":\"https:\\\/\\\/www.inmsol.com\\\/es\\\/pagina-ejemplo\\\/\"},{\"@type\":\"ListItem\",\"position\":2,\"name\":\"Inscripci\u00f3n y requisitos\"}]},{\"@type\":\"WebSite\",\"@id\":\"https:\\\/\\\/www.inmsol.com\\\/es\\\/#website\",\"url\":\"https:\\\/\\\/www.inmsol.com\\\/es\\\/\",\"name\":\"iNMSOL\",\"description\":\"Aprenda Espa\u00f1ol con iNMSOL en Granada | Centro Acreditado por el Instituto Cervantes\",\"publisher\":{\"@id\":\"https:\\\/\\\/www.inmsol.com\\\/es\\\/#organization\"},\"potentialAction\":[{\"@type\":\"SearchAction\",\"target\":{\"@type\":\"EntryPoint\",\"urlTemplate\":\"https:\\\/\\\/www.inmsol.com\\\/es\\\/?s={search_term_string}\"},\"query-input\":{\"@type\":\"PropertyValueSpecification\",\"valueRequired\":true,\"valueName\":\"search_term_string\"}}],\"inLanguage\":\"es\"},{\"@type\":\"Organization\",\"@id\":\"https:\\\/\\\/www.inmsol.com\\\/es\\\/#organization\",\"name\":\"Instituto Mediterr\u00e1neo Sol\",\"url\":\"https:\\\/\\\/www.inmsol.com\\\/es\\\/\",\"logo\":{\"@type\":\"ImageObject\",\"inLanguage\":\"es\",\"@id\":\"https:\\\/\\\/www.inmsol.com\\\/es\\\/#\\\/schema\\\/logo\\\/image\\\/\",\"url\":\"https:\\\/\\\/www.inmsol.com\\\/wp-content\\\/uploads\\\/2023\\\/06\\\/logo-inmsol-1.png\",\"contentUrl\":\"https:\\\/\\\/www.inmsol.com\\\/wp-content\\\/uploads\\\/2023\\\/06\\\/logo-inmsol-1.png\",\"width\":136,\"height\":73,\"caption\":\"Instituto Mediterr\u00e1neo Sol\"},\"image\":{\"@id\":\"https:\\\/\\\/www.inmsol.com\\\/es\\\/#\\\/schema\\\/logo\\\/image\\\/\"},\"sameAs\":[\"https:\\\/\\\/www.facebook.com\\\/spanishcourses\",\"https:\\\/\\\/x.com\\\/StudyInGranada\",\"http:\\\/\\\/instagram.com\\\/imsolgranada\",\"https:\\\/\\\/es.linkedin.com\\\/company\\\/imsol-granada\",\"https:\\\/\\\/www.pinterest.es\\\/inmsol\\\/\",\"https:\\\/\\\/www.youtube.com\\\/channel\\\/UChz-Qn_7coFMosY85iYMO4g\"]}]}<\/script>\n<!-- \/ Yoast SEO plugin. -->","yoast_head_json":{"title":"Inscripci\u00f3n y requisitos | Ex\u00e1menes oficiales iNMSOL","description":"Para matricularte en uno de nuestros cursos de espa\u00f1ol conducentes a la obtenci\u00f3n de cr\u00e9ditos ECTS deber\u00e1s seguir los siguientes pasos.","robots":{"index":"index","follow":"follow","max-snippet":"max-snippet:-1","max-image-preview":"max-image-preview:large","max-video-preview":"max-video-preview:-1"},"canonical":"https:\/\/www.inmsol.com\/es\/inscripcion-y-requisitos\/","og_locale":"es_ES","og_type":"article","og_title":"Inscripci\u00f3n y requisitos | Ex\u00e1menes oficiales iNMSOL","og_description":"Para matricularte en uno de nuestros cursos de espa\u00f1ol conducentes a la obtenci\u00f3n de cr\u00e9ditos ECTS deber\u00e1s seguir los siguientes pasos.","og_url":"https:\/\/www.inmsol.com\/es\/inscripcion-y-requisitos\/","og_site_name":"iNMSOL","article_publisher":"https:\/\/www.facebook.com\/spanishcourses","og_image":[{"width":320,"height":154,"url":"https:\/\/www.inmsol.com\/wp-content\/uploads\/2019\/08\/logo-inmsol.png","type":"image\/png"}],"twitter_misc":{"Tiempo de lectura":"1 minuto"},"schema":{"@context":"https:\/\/schema.org","@graph":[{"@type":"WebPage","@id":"https:\/\/www.inmsol.com\/es\/inscripcion-y-requisitos\/","url":"https:\/\/www.inmsol.com\/es\/inscripcion-y-requisitos\/","name":"Inscripci\u00f3n y requisitos | Ex\u00e1menes oficiales iNMSOL","isPartOf":{"@id":"https:\/\/www.inmsol.com\/es\/#website"},"datePublished":"2020-09-10T14:58:46+00:00","description":"Para matricularte en uno de nuestros cursos de espa\u00f1ol conducentes a la obtenci\u00f3n de cr\u00e9ditos ECTS deber\u00e1s seguir los siguientes pasos.","breadcrumb":{"@id":"https:\/\/www.inmsol.com\/es\/inscripcion-y-requisitos\/#breadcrumb"},"inLanguage":"es","potentialAction":[{"@type":"ReadAction","target":["https:\/\/www.inmsol.com\/es\/inscripcion-y-requisitos\/"]}]},{"@type":"BreadcrumbList","@id":"https:\/\/www.inmsol.com\/es\/inscripcion-y-requisitos\/#breadcrumb","itemListElement":[{"@type":"ListItem","position":1,"name":"Accredited Center by Instituto Cervantes","item":"https:\/\/www.inmsol.com\/es\/pagina-ejemplo\/"},{"@type":"ListItem","position":2,"name":"Inscripci\u00f3n y requisitos"}]},{"@type":"WebSite","@id":"https:\/\/www.inmsol.com\/es\/#website","url":"https:\/\/www.inmsol.com\/es\/","name":"iNMSOL","description":"Aprenda Espa\u00f1ol con iNMSOL en Granada | Centro Acreditado por el Instituto Cervantes","publisher":{"@id":"https:\/\/www.inmsol.com\/es\/#organization"},"potentialAction":[{"@type":"SearchAction","target":{"@type":"EntryPoint","urlTemplate":"https:\/\/www.inmsol.com\/es\/?s={search_term_string}"},"query-input":{"@type":"PropertyValueSpecification","valueRequired":true,"valueName":"search_term_string"}}],"inLanguage":"es"},{"@type":"Organization","@id":"https:\/\/www.inmsol.com\/es\/#organization","name":"Instituto Mediterr\u00e1neo Sol","url":"https:\/\/www.inmsol.com\/es\/","logo":{"@type":"ImageObject","inLanguage":"es","@id":"https:\/\/www.inmsol.com\/es\/#\/schema\/logo\/image\/","url":"https:\/\/www.inmsol.com\/wp-content\/uploads\/2023\/06\/logo-inmsol-1.png","contentUrl":"https:\/\/www.inmsol.com\/wp-content\/uploads\/2023\/06\/logo-inmsol-1.png","width":136,"height":73,"caption":"Instituto Mediterr\u00e1neo Sol"},"image":{"@id":"https:\/\/www.inmsol.com\/es\/#\/schema\/logo\/image\/"},"sameAs":["https:\/\/www.facebook.com\/spanishcourses","https:\/\/x.com\/StudyInGranada","http:\/\/instagram.com\/imsolgranada","https:\/\/es.linkedin.com\/company\/imsol-granada","https:\/\/www.pinterest.es\/inmsol\/","https:\/\/www.youtube.com\/channel\/UChz-Qn_7coFMosY85iYMO4g"]}]}},"_links":{"self":[{"href":"https:\/\/www.inmsol.com\/es\/wp-json\/wp\/v2\/pages\/52610","targetHints":{"allow":["GET"]}}],"collection":[{"href":"https:\/\/www.inmsol.com\/es\/wp-json\/wp\/v2\/pages"}],"about":[{"href":"https:\/\/www.inmsol.com\/es\/wp-json\/wp\/v2\/types\/page"}],"author":[{"embeddable":true,"href":"https:\/\/www.inmsol.com\/es\/wp-json\/wp\/v2\/users\/31"}],"replies":[{"embeddable":true,"href":"https:\/\/www.inmsol.com\/es\/wp-json\/wp\/v2\/comments?post=52610"}],"version-history":[{"count":0,"href":"https:\/\/www.inmsol.com\/es\/wp-json\/wp\/v2\/pages\/52610\/revisions"}],"wp:attachment":[{"href":"https:\/\/www.inmsol.com\/es\/wp-json\/wp\/v2\/media?parent=52610"}],"curies":[{"name":"wp","href":"https:\/\/api.w.org\/{rel}","templated":true}]}}