{"id":67531,"date":"2023-01-12T17:55:04","date_gmt":"2023-01-12T16:55:04","guid":{"rendered":"https:\/\/www.inmsol.com\/?post_type=product&#038;p=67531"},"modified":"2026-03-24T16:43:15","modified_gmt":"2026-03-24T15:43:15","slug":"historia-espanola-latinoamericana","status":"publish","type":"product","link":"https:\/\/www.inmsol.com\/es\/producto\/historia-espanola-latinoamericana\/","title":{"rendered":"Historia espa\u00f1ola y latinoamericana"},"content":{"rendered":"<p>Conoce los or\u00edgenes, causas, caracter\u00edsticas y transformaciones de la historia de Espa\u00f1a y Latinoam\u00e9rica hasta nuestros d\u00edas, adquiriendo una actitud cr\u00edtica ante la realidad espa\u00f1ola de hoy. Este curso consta de 2 clases al d\u00eda, organizadas de la siguiente forma:<\/p>\n<ul>\n<li>2 clases diarias de historia espa\u00f1ola y latinoamericana<\/li>\n<\/ul>\n<p><a href=\"https:\/\/www.inmsol.com\/wp-content\/uploads\/2023\/01\/Cursos-de-historia.jpg\" target=\"_blank\" rel=\"noopener\"><img fetchpriority=\"high\" decoding=\"async\" class=\"aligncenter wp-image-67573 size-full\" title=\"Historia espa\u00f1ola y latinoamericana en Granada\" src=\"https:\/\/www.inmsol.com\/wp-content\/uploads\/2023\/01\/Cursos-de-historia.jpg\" alt=\"Historia espa\u00f1ola y latinoamericana\" width=\"1010\" height=\"500\" srcset=\"https:\/\/www.inmsol.com\/wp-content\/uploads\/2023\/01\/Cursos-de-historia.jpg 1010w, https:\/\/www.inmsol.com\/wp-content\/uploads\/2023\/01\/Cursos-de-historia-800x396.jpg 800w, https:\/\/www.inmsol.com\/wp-content\/uploads\/2023\/01\/Cursos-de-historia-64x32.jpg 64w, https:\/\/www.inmsol.com\/wp-content\/uploads\/2023\/01\/Cursos-de-historia-460x228.jpg 460w, https:\/\/www.inmsol.com\/wp-content\/uploads\/2023\/01\/Cursos-de-historia-768x380.jpg 768w, https:\/\/www.inmsol.com\/wp-content\/uploads\/2023\/01\/Cursos-de-historia-250x124.jpg 250w, https:\/\/www.inmsol.com\/wp-content\/uploads\/2023\/01\/Cursos-de-historia-600x297.jpg 600w\" sizes=\"(max-width: 1010px) 100vw, 1010px\" \/><\/a><\/p>\n<p>Las clases se llevan a cabo totalmente en espa\u00f1ol desde el primer d\u00eda. La matr\u00edcula incluye la <em>prueba de nivel online<\/em>, clases de lunes a viernes, <em>actividades semanales<\/em> y <em>certificado de asistencia<\/em> al final del curso. Cada clase tiene una duraci\u00f3n de 45 minutos.<\/p>\n<style>\n.btn-descarga {\n    display: inline-block !important;\n    background-color: #ad0228 !important;\n    color: white !important;\n    padding: 8px 16px !important;\n    font-size: 14px !important;\n    font-weight: bold !important;\n    text-decoration: none !important;\n    border-radius: 5px !important;\n    transition: background-color 0.3s ease !important;\n    cursor: pointer !important;\n    border: none !important;\n}<\/p>\n<p>.btn-descarga:hover {\n    background-color: #8b0120 !important;\n    color: white !important;\n    text-decoration: none !important;\n}\n<\/style>\n<p><a href=\"https:\/\/www.inmsol.com\/wp-content\/uploads\/2026\/03\/Objetivos_contenidos_cursos-especificos_2026_iNMSOL.pdf\" target=\"_blank\" class=\"btn-descarga\"><br \/>\n    \ud83d\udcc4 Contenidos del Curso<br \/>\n<\/a>&nbsp;<\/p>\n<p>&nbsp;<\/p>\n<h4>Condiciones generales seg\u00fan el n\u00famero de participantes en los cursos<\/h4>\n<p><strong>Si los cursos son de 2 clases al d\u00eda:<\/strong> el estudiante obtendr\u00e1 el total de clases contratadas, aunque sea el \u00fanico participante, independientemente de su nivel.<\/p>\n<p><strong>Si son de 4 clases al d\u00eda o m\u00e1s:<\/strong><\/p>\n<blockquote><p><strong>1 <\/strong><strong>estudiante<\/strong>: el participante recibir\u00e1 el 50% de las clases contratadas, de forma individual, atendiendo a su nivel y necesidades. En ning\u00fan caso deber\u00e1 abonar la diferencia de precio. Si hay un curso de gram\u00e1tica o conversaci\u00f3n (2 clases\/d\u00eda) en el que el estudiante pueda participar, se le invitar\u00e1 a que se integre por el n\u00famero de clases que se hayan reducido de su curso, de forma adicional a las clases individuales.<\/p>\n<p><strong>3 estudiantes o m\u00e1s: <\/strong>los participantes recibir\u00e1n el 100% de las clases contratadas, en grupo.<\/p><\/blockquote>\n<p>&nbsp;<\/p>\n<p>\u00a1Consulta nuestros <a href=\"https:\/\/www.inmsol.com\/es\/informacion-y-condiciones-generales\/\" target=\"_blank\" rel=\"noopener\">t\u00e9rminos y condiciones<\/a>!<\/p>\n","protected":false},"excerpt":{"rendered":"<p>Curso de historia espa\u00f1ola y latinoamericana de 10 clases\/semana.<\/p>\n","protected":false},"featured_media":67605,"template":"","meta":{"_acf_changed":false},"product_brand":[],"product_cat":[766,767,768,769,756],"product_tag":[],"class_list":{"0":"post-67531","1":"product","2":"type-product","3":"status-publish","4":"has-post-thumbnail","6":"product_cat-b1","7":"product_cat-b2","8":"product_cat-c1","9":"product_cat-c2","10":"product_cat-estudios-hispanicos","12":"first","13":"instock","14":"sold-individually","15":"purchasable","16":"product-type-variable"},"acf":[],"yoast_head":"<!-- This site is optimized with the Yoast SEO plugin v27.5 - https:\/\/yoast.com\/product\/yoast-seo-wordpress\/ -->\n<title>Historia espa\u00f1ola y latinoamericana | iNMSOL<\/title>\n<meta name=\"description\" content=\"Repaso te\u00f3rico-pr\u00e1ctico a la literatura desde los comienzos hasta nuestros d\u00edas.\" \/>\n<meta name=\"robots\" content=\"index, follow, max-snippet:-1, max-image-preview:large, max-video-preview:-1\" \/>\n<link rel=\"canonical\" href=\"https:\/\/www.inmsol.com\/es\/producto\/historia-espanola-latinoamericana\/\" \/>\n<meta property=\"og:locale\" content=\"es_ES\" \/>\n<meta property=\"og:type\" content=\"article\" \/>\n<meta property=\"og:title\" content=\"Curso de literatura espa\u00f1ola y latinoamericana\" \/>\n<meta property=\"og:description\" content=\"Repaso te\u00f3rico-pr\u00e1ctico a la literatura desde los comienzos del siglo X hasta los autores contempor\u00e1neos, tratando todos los g\u00e9neros.\" \/>\n<meta property=\"og:url\" content=\"https:\/\/www.inmsol.com\/es\/producto\/historia-espanola-latinoamericana\/\" \/>\n<meta property=\"og:site_name\" content=\"iNMSOL\" \/>\n<meta property=\"article:publisher\" content=\"https:\/\/www.facebook.com\/spanishcourses\" \/>\n<meta property=\"article:modified_time\" content=\"2026-03-24T15:43:15+00:00\" \/>\n<meta property=\"og:image\" content=\"https:\/\/www.inmsol.com\/wp-content\/uploads\/2023\/01\/Cursos-de-literatura.jpg\" \/>\n\t<meta property=\"og:image:width\" content=\"1010\" \/>\n\t<meta property=\"og:image:height\" content=\"500\" \/>\n\t<meta property=\"og:image:type\" content=\"image\/jpeg\" \/>\n<meta name=\"twitter:label1\" content=\"Tiempo de lectura\" \/>\n\t<meta name=\"twitter:data1\" content=\"2 minutos\" \/>\n<script type=\"application\/ld+json\" class=\"yoast-schema-graph\">{\"@context\":\"https:\\\/\\\/schema.org\",\"@graph\":[{\"@type\":\"WebPage\",\"@id\":\"https:\\\/\\\/www.inmsol.com\\\/es\\\/producto\\\/historia-espanola-latinoamericana\\\/\",\"url\":\"https:\\\/\\\/www.inmsol.com\\\/es\\\/producto\\\/historia-espanola-latinoamericana\\\/\",\"name\":\"Historia espa\u00f1ola y latinoamericana | iNMSOL\",\"isPartOf\":{\"@id\":\"https:\\\/\\\/www.inmsol.com\\\/es\\\/#website\"},\"primaryImageOfPage\":{\"@id\":\"https:\\\/\\\/www.inmsol.com\\\/es\\\/producto\\\/historia-espanola-latinoamericana\\\/#primaryimage\"},\"image\":{\"@id\":\"https:\\\/\\\/www.inmsol.com\\\/es\\\/producto\\\/historia-espanola-latinoamericana\\\/#primaryimage\"},\"thumbnailUrl\":\"https:\\\/\\\/www.inmsol.com\\\/wp-content\\\/uploads\\\/2023\\\/01\\\/Curso-historia.jpg\",\"datePublished\":\"2023-01-12T16:55:04+00:00\",\"dateModified\":\"2026-03-24T15:43:15+00:00\",\"description\":\"Repaso te\u00f3rico-pr\u00e1ctico a la literatura desde los comienzos hasta nuestros d\u00edas.\",\"breadcrumb\":{\"@id\":\"https:\\\/\\\/www.inmsol.com\\\/es\\\/producto\\\/historia-espanola-latinoamericana\\\/#breadcrumb\"},\"inLanguage\":\"es\",\"potentialAction\":[{\"@type\":\"ReadAction\",\"target\":[\"https:\\\/\\\/www.inmsol.com\\\/es\\\/producto\\\/historia-espanola-latinoamericana\\\/\"]}]},{\"@type\":\"ImageObject\",\"inLanguage\":\"es\",\"@id\":\"https:\\\/\\\/www.inmsol.com\\\/es\\\/producto\\\/historia-espanola-latinoamericana\\\/#primaryimage\",\"url\":\"https:\\\/\\\/www.inmsol.com\\\/wp-content\\\/uploads\\\/2023\\\/01\\\/Curso-historia.jpg\",\"contentUrl\":\"https:\\\/\\\/www.inmsol.com\\\/wp-content\\\/uploads\\\/2023\\\/01\\\/Curso-historia.jpg\",\"width\":1000,\"height\":1000},{\"@type\":\"BreadcrumbList\",\"@id\":\"https:\\\/\\\/www.inmsol.com\\\/es\\\/producto\\\/historia-espanola-latinoamericana\\\/#breadcrumb\",\"itemListElement\":[{\"@type\":\"ListItem\",\"position\":1,\"name\":\"Accredited Center by Instituto Cervantes\",\"item\":\"https:\\\/\\\/www.inmsol.com\\\/es\\\/pagina-ejemplo\\\/\"},{\"@type\":\"ListItem\",\"position\":2,\"name\":\"Cursos\",\"item\":\"https:\\\/\\\/www.inmsol.com\\\/es\\\/cursos\\\/\"},{\"@type\":\"ListItem\",\"position\":3,\"name\":\"Historia espa\u00f1ola y latinoamericana\"}]},{\"@type\":\"WebSite\",\"@id\":\"https:\\\/\\\/www.inmsol.com\\\/es\\\/#website\",\"url\":\"https:\\\/\\\/www.inmsol.com\\\/es\\\/\",\"name\":\"iNMSOL\",\"description\":\"Aprenda Espa\u00f1ol con iNMSOL en Granada | Centro Acreditado por el Instituto Cervantes\",\"publisher\":{\"@id\":\"https:\\\/\\\/www.inmsol.com\\\/es\\\/#organization\"},\"potentialAction\":[{\"@type\":\"SearchAction\",\"target\":{\"@type\":\"EntryPoint\",\"urlTemplate\":\"https:\\\/\\\/www.inmsol.com\\\/es\\\/?s={search_term_string}\"},\"query-input\":{\"@type\":\"PropertyValueSpecification\",\"valueRequired\":true,\"valueName\":\"search_term_string\"}}],\"inLanguage\":\"es\"},{\"@type\":\"Organization\",\"@id\":\"https:\\\/\\\/www.inmsol.com\\\/es\\\/#organization\",\"name\":\"Instituto Mediterr\u00e1neo Sol\",\"url\":\"https:\\\/\\\/www.inmsol.com\\\/es\\\/\",\"logo\":{\"@type\":\"ImageObject\",\"inLanguage\":\"es\",\"@id\":\"https:\\\/\\\/www.inmsol.com\\\/es\\\/#\\\/schema\\\/logo\\\/image\\\/\",\"url\":\"https:\\\/\\\/www.inmsol.com\\\/wp-content\\\/uploads\\\/2023\\\/06\\\/logo-inmsol-1.png\",\"contentUrl\":\"https:\\\/\\\/www.inmsol.com\\\/wp-content\\\/uploads\\\/2023\\\/06\\\/logo-inmsol-1.png\",\"width\":136,\"height\":73,\"caption\":\"Instituto Mediterr\u00e1neo Sol\"},\"image\":{\"@id\":\"https:\\\/\\\/www.inmsol.com\\\/es\\\/#\\\/schema\\\/logo\\\/image\\\/\"},\"sameAs\":[\"https:\\\/\\\/www.facebook.com\\\/spanishcourses\",\"https:\\\/\\\/x.com\\\/StudyInGranada\",\"http:\\\/\\\/instagram.com\\\/imsolgranada\",\"https:\\\/\\\/es.linkedin.com\\\/company\\\/imsol-granada\",\"https:\\\/\\\/www.pinterest.es\\\/inmsol\\\/\",\"https:\\\/\\\/www.youtube.com\\\/channel\\\/UChz-Qn_7coFMosY85iYMO4g\"]}]}<\/script>\n<!-- \/ Yoast SEO plugin. -->","yoast_head_json":{"title":"Historia espa\u00f1ola y latinoamericana | iNMSOL","description":"Repaso te\u00f3rico-pr\u00e1ctico a la literatura desde los comienzos hasta nuestros d\u00edas.","robots":{"index":"index","follow":"follow","max-snippet":"max-snippet:-1","max-image-preview":"max-image-preview:large","max-video-preview":"max-video-preview:-1"},"canonical":"https:\/\/www.inmsol.com\/es\/producto\/historia-espanola-latinoamericana\/","og_locale":"es_ES","og_type":"article","og_title":"Curso de literatura espa\u00f1ola y latinoamericana","og_description":"Repaso te\u00f3rico-pr\u00e1ctico a la literatura desde los comienzos del siglo X hasta los autores contempor\u00e1neos, tratando todos los g\u00e9neros.","og_url":"https:\/\/www.inmsol.com\/es\/producto\/historia-espanola-latinoamericana\/","og_site_name":"iNMSOL","article_publisher":"https:\/\/www.facebook.com\/spanishcourses","article_modified_time":"2026-03-24T15:43:15+00:00","og_image":[{"width":1010,"height":500,"url":"https:\/\/www.inmsol.com\/wp-content\/uploads\/2023\/01\/Cursos-de-literatura.jpg","type":"image\/jpeg"}],"twitter_misc":{"Tiempo de lectura":"2 minutos"},"schema":{"@context":"https:\/\/schema.org","@graph":[{"@type":"WebPage","@id":"https:\/\/www.inmsol.com\/es\/producto\/historia-espanola-latinoamericana\/","url":"https:\/\/www.inmsol.com\/es\/producto\/historia-espanola-latinoamericana\/","name":"Historia espa\u00f1ola y latinoamericana | iNMSOL","isPartOf":{"@id":"https:\/\/www.inmsol.com\/es\/#website"},"primaryImageOfPage":{"@id":"https:\/\/www.inmsol.com\/es\/producto\/historia-espanola-latinoamericana\/#primaryimage"},"image":{"@id":"https:\/\/www.inmsol.com\/es\/producto\/historia-espanola-latinoamericana\/#primaryimage"},"thumbnailUrl":"https:\/\/www.inmsol.com\/wp-content\/uploads\/2023\/01\/Curso-historia.jpg","datePublished":"2023-01-12T16:55:04+00:00","dateModified":"2026-03-24T15:43:15+00:00","description":"Repaso te\u00f3rico-pr\u00e1ctico a la literatura desde los comienzos hasta nuestros d\u00edas.","breadcrumb":{"@id":"https:\/\/www.inmsol.com\/es\/producto\/historia-espanola-latinoamericana\/#breadcrumb"},"inLanguage":"es","potentialAction":[{"@type":"ReadAction","target":["https:\/\/www.inmsol.com\/es\/producto\/historia-espanola-latinoamericana\/"]}]},{"@type":"ImageObject","inLanguage":"es","@id":"https:\/\/www.inmsol.com\/es\/producto\/historia-espanola-latinoamericana\/#primaryimage","url":"https:\/\/www.inmsol.com\/wp-content\/uploads\/2023\/01\/Curso-historia.jpg","contentUrl":"https:\/\/www.inmsol.com\/wp-content\/uploads\/2023\/01\/Curso-historia.jpg","width":1000,"height":1000},{"@type":"BreadcrumbList","@id":"https:\/\/www.inmsol.com\/es\/producto\/historia-espanola-latinoamericana\/#breadcrumb","itemListElement":[{"@type":"ListItem","position":1,"name":"Accredited Center by Instituto Cervantes","item":"https:\/\/www.inmsol.com\/es\/pagina-ejemplo\/"},{"@type":"ListItem","position":2,"name":"Cursos","item":"https:\/\/www.inmsol.com\/es\/cursos\/"},{"@type":"ListItem","position":3,"name":"Historia espa\u00f1ola y latinoamericana"}]},{"@type":"WebSite","@id":"https:\/\/www.inmsol.com\/es\/#website","url":"https:\/\/www.inmsol.com\/es\/","name":"iNMSOL","description":"Aprenda Espa\u00f1ol con iNMSOL en Granada | Centro Acreditado por el Instituto Cervantes","publisher":{"@id":"https:\/\/www.inmsol.com\/es\/#organization"},"potentialAction":[{"@type":"SearchAction","target":{"@type":"EntryPoint","urlTemplate":"https:\/\/www.inmsol.com\/es\/?s={search_term_string}"},"query-input":{"@type":"PropertyValueSpecification","valueRequired":true,"valueName":"search_term_string"}}],"inLanguage":"es"},{"@type":"Organization","@id":"https:\/\/www.inmsol.com\/es\/#organization","name":"Instituto Mediterr\u00e1neo Sol","url":"https:\/\/www.inmsol.com\/es\/","logo":{"@type":"ImageObject","inLanguage":"es","@id":"https:\/\/www.inmsol.com\/es\/#\/schema\/logo\/image\/","url":"https:\/\/www.inmsol.com\/wp-content\/uploads\/2023\/06\/logo-inmsol-1.png","contentUrl":"https:\/\/www.inmsol.com\/wp-content\/uploads\/2023\/06\/logo-inmsol-1.png","width":136,"height":73,"caption":"Instituto Mediterr\u00e1neo Sol"},"image":{"@id":"https:\/\/www.inmsol.com\/es\/#\/schema\/logo\/image\/"},"sameAs":["https:\/\/www.facebook.com\/spanishcourses","https:\/\/x.com\/StudyInGranada","http:\/\/instagram.com\/imsolgranada","https:\/\/es.linkedin.com\/company\/imsol-granada","https:\/\/www.pinterest.es\/inmsol\/","https:\/\/www.youtube.com\/channel\/UChz-Qn_7coFMosY85iYMO4g"]}]}},"_links":{"self":[{"href":"https:\/\/www.inmsol.com\/es\/wp-json\/wp\/v2\/product\/67531","targetHints":{"allow":["GET"]}}],"collection":[{"href":"https:\/\/www.inmsol.com\/es\/wp-json\/wp\/v2\/product"}],"about":[{"href":"https:\/\/www.inmsol.com\/es\/wp-json\/wp\/v2\/types\/product"}],"wp:featuredmedia":[{"embeddable":true,"href":"https:\/\/www.inmsol.com\/es\/wp-json\/wp\/v2\/media\/67605"}],"wp:attachment":[{"href":"https:\/\/www.inmsol.com\/es\/wp-json\/wp\/v2\/media?parent=67531"}],"wp:term":[{"taxonomy":"product_brand","embeddable":true,"href":"https:\/\/www.inmsol.com\/es\/wp-json\/wp\/v2\/product_brand?post=67531"},{"taxonomy":"product_cat","embeddable":true,"href":"https:\/\/www.inmsol.com\/es\/wp-json\/wp\/v2\/product_cat?post=67531"},{"taxonomy":"product_tag","embeddable":true,"href":"https:\/\/www.inmsol.com\/es\/wp-json\/wp\/v2\/product_tag?post=67531"}],"curies":[{"name":"wp","href":"https:\/\/api.w.org\/{rel}","templated":true}]}}