{"id":67974,"date":"2023-01-17T10:24:23","date_gmt":"2023-01-17T09:24:23","guid":{"rendered":"https:\/\/www.inmsol.com\/?post_type=product&#038;p=67974"},"modified":"2026-03-23T17:44:55","modified_gmt":"2026-03-23T16:44:55","slug":"adolescentes","status":"publish","type":"product","link":"https:\/\/www.inmsol.com\/es\/producto\/adolescentes\/","title":{"rendered":"Adolescentes"},"content":{"rendered":"<p>Programa de inmersi\u00f3n para estudiantes de entre 13 y 17 a\u00f1os en los meses de verano. <strong>Una experiencia integral<\/strong>\u00a0para j\u00f3venes que buscan pasar entre dos y\/o cuatro semanas aprendiendo espa\u00f1ol en Granada\u00a0<strong>junto a otros alumnos de la misma edad<\/strong>.\u00a0Este curso consta de 4 clases al d\u00eda, organizadas de la siguiente forma:<\/p>\n<ul>\n<li>4 clases diarias de curso intensivo de espa\u00f1ol<\/li>\n<li>Programa diario de actividades complementarias<\/li>\n<\/ul>\n<p>&nbsp;<\/p>\n<p>&nbsp;<\/p>\n<p><a href=\"https:\/\/www.inmsol.com\/wp-content\/uploads\/2023\/01\/Adolescentes.jpg\" target=\"_blank\" rel=\"noopener\"><img fetchpriority=\"high\" decoding=\"async\" class=\"aligncenter wp-image-68054 size-full\" title=\"Espa\u00f1ol para adolescentes\" src=\"https:\/\/www.inmsol.com\/wp-content\/uploads\/2023\/01\/Adolescentes.jpg\" alt=\"Espa\u00f1ol para adolescentes\" width=\"1010\" height=\"500\" srcset=\"https:\/\/www.inmsol.com\/wp-content\/uploads\/2023\/01\/Adolescentes.jpg 1010w, https:\/\/www.inmsol.com\/wp-content\/uploads\/2023\/01\/Adolescentes-800x396.jpg 800w, https:\/\/www.inmsol.com\/wp-content\/uploads\/2023\/01\/Adolescentes-64x32.jpg 64w, https:\/\/www.inmsol.com\/wp-content\/uploads\/2023\/01\/Adolescentes-460x228.jpg 460w, https:\/\/www.inmsol.com\/wp-content\/uploads\/2023\/01\/Adolescentes-768x380.jpg 768w, https:\/\/www.inmsol.com\/wp-content\/uploads\/2023\/01\/Adolescentes-250x124.jpg 250w, https:\/\/www.inmsol.com\/wp-content\/uploads\/2023\/01\/Adolescentes-600x297.jpg 600w\" sizes=\"(max-width: 1010px) 100vw, 1010px\" \/><\/a><\/p>\n<p>Estos cursos incluyen:<\/p>\n<ul>\n<li>Servicio de transfer desde\/hacia el aeropuerto<\/li>\n<li>Alojamiento en familia hospedante (en habitaci\u00f3n doble, pensi\u00f3n completa)<\/li>\n<li>Monitor durante todo el curso<\/li>\n<li>Programa de actividades culturales semanales<\/li>\n<li>Excursi\u00f3n\/actividad de fin de semana<\/li>\n<\/ul>\n<p>Las clases se llevan a cabo totalmente en espa\u00f1ol desde el primer d\u00eda. La matr\u00edcula incluye la <em>prueba de nivel online<\/em>, clases de lunes a viernes, <em>actividades semanales<\/em> y <em>certificado de asistencia<\/em> al final del curso. Cada clase tiene una duraci\u00f3n de 45 minutos.<\/p>\n<style>\n.btn-descarga {\n    display: inline-block !important;\n    background-color: #ad0228 !important;\n    color: white !important;\n    padding: 8px 16px !important;\n    font-size: 14px !important;\n    font-weight: bold !important;\n    text-decoration: none !important;\n    border-radius: 5px !important;\n    transition: background-color 0.3s ease !important;\n    cursor: pointer !important;\n    border: none !important;\n}<\/p>\n<p>.btn-descarga:hover {\n    background-color: #8b0120 !important;\n    color: white !important;\n    text-decoration: none !important;\n}\n<\/style>\n<p><a href=\"https:\/\/www.inmsol.com\/wp-content\/uploads\/2026\/03\/Objetivos_contenidos_cursos-especificos_2026_iNMSOL.pdf\" target=\"_blank\" class=\"btn-descarga\"><br \/>\n    \ud83d\udcc4 Contenidos del Curso<br \/>\n<\/a>&nbsp;<\/p>\n<blockquote>\n<h3>Condiciones que se aplican seg\u00fan el n\u00famero de participantes en este curso:<\/h3>\n<p><strong>1<\/strong><strong> estudiante<\/strong> <strong>o 2 <\/strong><strong>estudiantes<\/strong>: los participantes recibir\u00e1n el <strong>50% de las clases contratadas<\/strong>, de forma individual (1 profesor\/1 estudiante), \u00a0o semi privada (1 profesor\/2 estudiantes), atendiendo a su nivel y necesidades. En ning\u00fan caso deber\u00e1n abonar la diferencia de precio.<\/p>\n<p><strong>3 estudiantes o m\u00e1s: <\/strong>los participantes <strong>recibir\u00e1n el 100% de las clases contratadas<\/strong>, en grupo.<\/p>\n<p>&nbsp;<\/p><\/blockquote>\n<p>&nbsp;<\/p>\n<p>\u00a1Consulta nuestros <a href=\"https:\/\/www.inmsol.com\/es\/informacion-y-condiciones-generales\/\" target=\"_blank\" rel=\"noopener\">t\u00e9rminos y condiciones<\/a>!<\/p>\n","protected":false},"excerpt":{"rendered":"<p>Curso de espa\u00f1ol para adolescentes, todo incluido.<\/p>\n","protected":false},"featured_media":68061,"template":"","meta":{"_acf_changed":false},"product_brand":[],"product_cat":[763,765,752,766,767,768,769],"product_tag":[],"class_list":{"0":"post-67974","1":"product","2":"type-product","3":"status-publish","4":"has-post-thumbnail","6":"product_cat-a1","7":"product_cat-a2","8":"product_cat-adolescentes","9":"product_cat-b1","10":"product_cat-b2","11":"product_cat-c1","12":"product_cat-c2","14":"first","15":"instock","16":"sold-individually","17":"purchasable","18":"product-type-variable"},"acf":[],"yoast_head":"<!-- This site is optimized with the Yoast SEO plugin v27.5 - https:\/\/yoast.com\/product\/yoast-seo-wordpress\/ -->\n<title>Adolescentes | iNMSOL<\/title>\n<meta name=\"description\" content=\"\u00a1Programa de inmersi\u00f3n en espa\u00f1ol para adolescentes de entre 13 y 17 a\u00f1os, en los meses de verano! Incluye curso de espa\u00f1ol y servicios complementarios.\" \/>\n<meta name=\"robots\" content=\"index, follow, max-snippet:-1, max-image-preview:large, max-video-preview:-1\" \/>\n<link rel=\"canonical\" href=\"https:\/\/www.inmsol.com\/es\/producto\/adolescentes\/\" \/>\n<meta property=\"og:locale\" content=\"es_ES\" \/>\n<meta property=\"og:type\" content=\"article\" \/>\n<meta property=\"og:title\" content=\"Espa\u00f1ol para adolescentes\" \/>\n<meta property=\"og:description\" content=\"Adquiere las herramientas espec\u00edficas para utilizar el espa\u00f1ol en un \u00e1mbito profesional sanitario. Consigue ser competente en experiencias profesionales sanitarias presentes o futuras.\u00a1Programa de inmersi\u00f3n en espa\u00f1ol para adolescentes de entre 13 y 17 a\u00f1os, en los meses de verano! Incluye curso de espa\u00f1ol y servicios complementarios.\" \/>\n<meta property=\"og:url\" content=\"https:\/\/www.inmsol.com\/es\/producto\/adolescentes\/\" \/>\n<meta property=\"og:site_name\" content=\"iNMSOL\" \/>\n<meta property=\"article:publisher\" content=\"https:\/\/www.facebook.com\/spanishcourses\" \/>\n<meta property=\"article:modified_time\" content=\"2026-03-23T16:44:55+00:00\" \/>\n<meta property=\"og:image\" content=\"https:\/\/www.inmsol.com\/wp-content\/uploads\/2023\/01\/Adolescentes.jpg\" \/>\n\t<meta property=\"og:image:width\" content=\"1010\" \/>\n\t<meta property=\"og:image:height\" content=\"500\" \/>\n\t<meta property=\"og:image:type\" content=\"image\/jpeg\" \/>\n<meta name=\"twitter:label1\" content=\"Tiempo de lectura\" \/>\n\t<meta name=\"twitter:data1\" content=\"2 minutos\" \/>\n<script type=\"application\/ld+json\" class=\"yoast-schema-graph\">{\"@context\":\"https:\\\/\\\/schema.org\",\"@graph\":[{\"@type\":\"WebPage\",\"@id\":\"https:\\\/\\\/www.inmsol.com\\\/es\\\/producto\\\/adolescentes\\\/\",\"url\":\"https:\\\/\\\/www.inmsol.com\\\/es\\\/producto\\\/adolescentes\\\/\",\"name\":\"Adolescentes | iNMSOL\",\"isPartOf\":{\"@id\":\"https:\\\/\\\/www.inmsol.com\\\/es\\\/#website\"},\"primaryImageOfPage\":{\"@id\":\"https:\\\/\\\/www.inmsol.com\\\/es\\\/producto\\\/adolescentes\\\/#primaryimage\"},\"image\":{\"@id\":\"https:\\\/\\\/www.inmsol.com\\\/es\\\/producto\\\/adolescentes\\\/#primaryimage\"},\"thumbnailUrl\":\"https:\\\/\\\/www.inmsol.com\\\/wp-content\\\/uploads\\\/2023\\\/01\\\/Adolescentes-1.jpg\",\"datePublished\":\"2023-01-17T09:24:23+00:00\",\"dateModified\":\"2026-03-23T16:44:55+00:00\",\"description\":\"\u00a1Programa de inmersi\u00f3n en espa\u00f1ol para adolescentes de entre 13 y 17 a\u00f1os, en los meses de verano! Incluye curso de espa\u00f1ol y servicios complementarios.\",\"breadcrumb\":{\"@id\":\"https:\\\/\\\/www.inmsol.com\\\/es\\\/producto\\\/adolescentes\\\/#breadcrumb\"},\"inLanguage\":\"es\",\"potentialAction\":[{\"@type\":\"ReadAction\",\"target\":[\"https:\\\/\\\/www.inmsol.com\\\/es\\\/producto\\\/adolescentes\\\/\"]}]},{\"@type\":\"ImageObject\",\"inLanguage\":\"es\",\"@id\":\"https:\\\/\\\/www.inmsol.com\\\/es\\\/producto\\\/adolescentes\\\/#primaryimage\",\"url\":\"https:\\\/\\\/www.inmsol.com\\\/wp-content\\\/uploads\\\/2023\\\/01\\\/Adolescentes-1.jpg\",\"contentUrl\":\"https:\\\/\\\/www.inmsol.com\\\/wp-content\\\/uploads\\\/2023\\\/01\\\/Adolescentes-1.jpg\",\"width\":1000,\"height\":1000},{\"@type\":\"BreadcrumbList\",\"@id\":\"https:\\\/\\\/www.inmsol.com\\\/es\\\/producto\\\/adolescentes\\\/#breadcrumb\",\"itemListElement\":[{\"@type\":\"ListItem\",\"position\":1,\"name\":\"Accredited Center by Instituto Cervantes\",\"item\":\"https:\\\/\\\/www.inmsol.com\\\/es\\\/pagina-ejemplo\\\/\"},{\"@type\":\"ListItem\",\"position\":2,\"name\":\"Cursos\",\"item\":\"https:\\\/\\\/www.inmsol.com\\\/es\\\/cursos\\\/\"},{\"@type\":\"ListItem\",\"position\":3,\"name\":\"Adolescentes\"}]},{\"@type\":\"WebSite\",\"@id\":\"https:\\\/\\\/www.inmsol.com\\\/es\\\/#website\",\"url\":\"https:\\\/\\\/www.inmsol.com\\\/es\\\/\",\"name\":\"iNMSOL\",\"description\":\"Aprenda Espa\u00f1ol con iNMSOL en Granada | Centro Acreditado por el Instituto Cervantes\",\"publisher\":{\"@id\":\"https:\\\/\\\/www.inmsol.com\\\/es\\\/#organization\"},\"potentialAction\":[{\"@type\":\"SearchAction\",\"target\":{\"@type\":\"EntryPoint\",\"urlTemplate\":\"https:\\\/\\\/www.inmsol.com\\\/es\\\/?s={search_term_string}\"},\"query-input\":{\"@type\":\"PropertyValueSpecification\",\"valueRequired\":true,\"valueName\":\"search_term_string\"}}],\"inLanguage\":\"es\"},{\"@type\":\"Organization\",\"@id\":\"https:\\\/\\\/www.inmsol.com\\\/es\\\/#organization\",\"name\":\"Instituto Mediterr\u00e1neo Sol\",\"url\":\"https:\\\/\\\/www.inmsol.com\\\/es\\\/\",\"logo\":{\"@type\":\"ImageObject\",\"inLanguage\":\"es\",\"@id\":\"https:\\\/\\\/www.inmsol.com\\\/es\\\/#\\\/schema\\\/logo\\\/image\\\/\",\"url\":\"https:\\\/\\\/www.inmsol.com\\\/wp-content\\\/uploads\\\/2023\\\/06\\\/logo-inmsol-1.png\",\"contentUrl\":\"https:\\\/\\\/www.inmsol.com\\\/wp-content\\\/uploads\\\/2023\\\/06\\\/logo-inmsol-1.png\",\"width\":136,\"height\":73,\"caption\":\"Instituto Mediterr\u00e1neo Sol\"},\"image\":{\"@id\":\"https:\\\/\\\/www.inmsol.com\\\/es\\\/#\\\/schema\\\/logo\\\/image\\\/\"},\"sameAs\":[\"https:\\\/\\\/www.facebook.com\\\/spanishcourses\",\"https:\\\/\\\/x.com\\\/StudyInGranada\",\"http:\\\/\\\/instagram.com\\\/imsolgranada\",\"https:\\\/\\\/es.linkedin.com\\\/company\\\/imsol-granada\",\"https:\\\/\\\/www.pinterest.es\\\/inmsol\\\/\",\"https:\\\/\\\/www.youtube.com\\\/channel\\\/UChz-Qn_7coFMosY85iYMO4g\"]}]}<\/script>\n<!-- \/ Yoast SEO plugin. -->","yoast_head_json":{"title":"Adolescentes | iNMSOL","description":"\u00a1Programa de inmersi\u00f3n en espa\u00f1ol para adolescentes de entre 13 y 17 a\u00f1os, en los meses de verano! Incluye curso de espa\u00f1ol y servicios complementarios.","robots":{"index":"index","follow":"follow","max-snippet":"max-snippet:-1","max-image-preview":"max-image-preview:large","max-video-preview":"max-video-preview:-1"},"canonical":"https:\/\/www.inmsol.com\/es\/producto\/adolescentes\/","og_locale":"es_ES","og_type":"article","og_title":"Espa\u00f1ol para adolescentes","og_description":"Adquiere las herramientas espec\u00edficas para utilizar el espa\u00f1ol en un \u00e1mbito profesional sanitario. Consigue ser competente en experiencias profesionales sanitarias presentes o futuras.\u00a1Programa de inmersi\u00f3n en espa\u00f1ol para adolescentes de entre 13 y 17 a\u00f1os, en los meses de verano! Incluye curso de espa\u00f1ol y servicios complementarios.","og_url":"https:\/\/www.inmsol.com\/es\/producto\/adolescentes\/","og_site_name":"iNMSOL","article_publisher":"https:\/\/www.facebook.com\/spanishcourses","article_modified_time":"2026-03-23T16:44:55+00:00","og_image":[{"width":1010,"height":500,"url":"https:\/\/www.inmsol.com\/wp-content\/uploads\/2023\/01\/Adolescentes.jpg","type":"image\/jpeg"}],"twitter_misc":{"Tiempo de lectura":"2 minutos"},"schema":{"@context":"https:\/\/schema.org","@graph":[{"@type":"WebPage","@id":"https:\/\/www.inmsol.com\/es\/producto\/adolescentes\/","url":"https:\/\/www.inmsol.com\/es\/producto\/adolescentes\/","name":"Adolescentes | iNMSOL","isPartOf":{"@id":"https:\/\/www.inmsol.com\/es\/#website"},"primaryImageOfPage":{"@id":"https:\/\/www.inmsol.com\/es\/producto\/adolescentes\/#primaryimage"},"image":{"@id":"https:\/\/www.inmsol.com\/es\/producto\/adolescentes\/#primaryimage"},"thumbnailUrl":"https:\/\/www.inmsol.com\/wp-content\/uploads\/2023\/01\/Adolescentes-1.jpg","datePublished":"2023-01-17T09:24:23+00:00","dateModified":"2026-03-23T16:44:55+00:00","description":"\u00a1Programa de inmersi\u00f3n en espa\u00f1ol para adolescentes de entre 13 y 17 a\u00f1os, en los meses de verano! Incluye curso de espa\u00f1ol y servicios complementarios.","breadcrumb":{"@id":"https:\/\/www.inmsol.com\/es\/producto\/adolescentes\/#breadcrumb"},"inLanguage":"es","potentialAction":[{"@type":"ReadAction","target":["https:\/\/www.inmsol.com\/es\/producto\/adolescentes\/"]}]},{"@type":"ImageObject","inLanguage":"es","@id":"https:\/\/www.inmsol.com\/es\/producto\/adolescentes\/#primaryimage","url":"https:\/\/www.inmsol.com\/wp-content\/uploads\/2023\/01\/Adolescentes-1.jpg","contentUrl":"https:\/\/www.inmsol.com\/wp-content\/uploads\/2023\/01\/Adolescentes-1.jpg","width":1000,"height":1000},{"@type":"BreadcrumbList","@id":"https:\/\/www.inmsol.com\/es\/producto\/adolescentes\/#breadcrumb","itemListElement":[{"@type":"ListItem","position":1,"name":"Accredited Center by Instituto Cervantes","item":"https:\/\/www.inmsol.com\/es\/pagina-ejemplo\/"},{"@type":"ListItem","position":2,"name":"Cursos","item":"https:\/\/www.inmsol.com\/es\/cursos\/"},{"@type":"ListItem","position":3,"name":"Adolescentes"}]},{"@type":"WebSite","@id":"https:\/\/www.inmsol.com\/es\/#website","url":"https:\/\/www.inmsol.com\/es\/","name":"iNMSOL","description":"Aprenda Espa\u00f1ol con iNMSOL en Granada | Centro Acreditado por el Instituto Cervantes","publisher":{"@id":"https:\/\/www.inmsol.com\/es\/#organization"},"potentialAction":[{"@type":"SearchAction","target":{"@type":"EntryPoint","urlTemplate":"https:\/\/www.inmsol.com\/es\/?s={search_term_string}"},"query-input":{"@type":"PropertyValueSpecification","valueRequired":true,"valueName":"search_term_string"}}],"inLanguage":"es"},{"@type":"Organization","@id":"https:\/\/www.inmsol.com\/es\/#organization","name":"Instituto Mediterr\u00e1neo Sol","url":"https:\/\/www.inmsol.com\/es\/","logo":{"@type":"ImageObject","inLanguage":"es","@id":"https:\/\/www.inmsol.com\/es\/#\/schema\/logo\/image\/","url":"https:\/\/www.inmsol.com\/wp-content\/uploads\/2023\/06\/logo-inmsol-1.png","contentUrl":"https:\/\/www.inmsol.com\/wp-content\/uploads\/2023\/06\/logo-inmsol-1.png","width":136,"height":73,"caption":"Instituto Mediterr\u00e1neo Sol"},"image":{"@id":"https:\/\/www.inmsol.com\/es\/#\/schema\/logo\/image\/"},"sameAs":["https:\/\/www.facebook.com\/spanishcourses","https:\/\/x.com\/StudyInGranada","http:\/\/instagram.com\/imsolgranada","https:\/\/es.linkedin.com\/company\/imsol-granada","https:\/\/www.pinterest.es\/inmsol\/","https:\/\/www.youtube.com\/channel\/UChz-Qn_7coFMosY85iYMO4g"]}]}},"_links":{"self":[{"href":"https:\/\/www.inmsol.com\/es\/wp-json\/wp\/v2\/product\/67974","targetHints":{"allow":["GET"]}}],"collection":[{"href":"https:\/\/www.inmsol.com\/es\/wp-json\/wp\/v2\/product"}],"about":[{"href":"https:\/\/www.inmsol.com\/es\/wp-json\/wp\/v2\/types\/product"}],"wp:featuredmedia":[{"embeddable":true,"href":"https:\/\/www.inmsol.com\/es\/wp-json\/wp\/v2\/media\/68061"}],"wp:attachment":[{"href":"https:\/\/www.inmsol.com\/es\/wp-json\/wp\/v2\/media?parent=67974"}],"wp:term":[{"taxonomy":"product_brand","embeddable":true,"href":"https:\/\/www.inmsol.com\/es\/wp-json\/wp\/v2\/product_brand?post=67974"},{"taxonomy":"product_cat","embeddable":true,"href":"https:\/\/www.inmsol.com\/es\/wp-json\/wp\/v2\/product_cat?post=67974"},{"taxonomy":"product_tag","embeddable":true,"href":"https:\/\/www.inmsol.com\/es\/wp-json\/wp\/v2\/product_tag?post=67974"}],"curies":[{"name":"wp","href":"https:\/\/api.w.org\/{rel}","templated":true}]}}