{"id":68597,"date":"2023-01-17T15:51:53","date_gmt":"2023-01-17T14:51:53","guid":{"rendered":"https:\/\/www.inmsol.com\/?post_type=product&#038;p=68597"},"modified":"2026-03-23T17:16:22","modified_gmt":"2026-03-23T16:16:22","slug":"extensivo","status":"publish","type":"product","link":"https:\/\/www.inmsol.com\/es\/producto\/extensivo\/","title":{"rendered":"Extensivo"},"content":{"rendered":"<p>Estos cursos extensivos de espa\u00f1ol est\u00e1n dirigidos a aquellos estudiantes que no pueden asistir a clase diariamente, por motivos de estudio o trabajo: los cursos incluyen 4 clases semanales sobre gram\u00e1tica comunicativa o conversaci\u00f3n\/vocabulario (a elecci\u00f3n del estudiante). Constan de 2 clases al d\u00eda distribuidas de la siguiente forma:<\/p>\n<ul>\n<li>2 clases\/d\u00eda de gram\u00e1tica comunicativa o conversaci\u00f3n y vocabulario, durante 2 d\u00edas por semana.<\/li>\n<\/ul>\n<p><strong>Para este curso se requiere una matr\u00edcula m\u00ednima de 4 semanas.<\/strong><\/p>\n<p><a href=\"https:\/\/www.inmsol.com\/wp-content\/uploads\/2023\/01\/4.-Curso-extensivo-1.jpg\" target=\"_blank\" rel=\"noopener\"><img fetchpriority=\"high\" decoding=\"async\" class=\"aligncenter wp-image-68776 size-full\" title=\"Curso extensivo de espa\u00f1ol en Granada\" src=\"https:\/\/www.inmsol.com\/wp-content\/uploads\/2023\/01\/4.-Curso-extensivo-1.jpg\" alt=\"Curso extensivo de espa\u00f1ol\" width=\"1010\" height=\"500\" srcset=\"https:\/\/www.inmsol.com\/wp-content\/uploads\/2023\/01\/4.-Curso-extensivo-1.jpg 1010w, https:\/\/www.inmsol.com\/wp-content\/uploads\/2023\/01\/4.-Curso-extensivo-1-800x396.jpg 800w, https:\/\/www.inmsol.com\/wp-content\/uploads\/2023\/01\/4.-Curso-extensivo-1-64x32.jpg 64w, https:\/\/www.inmsol.com\/wp-content\/uploads\/2023\/01\/4.-Curso-extensivo-1-460x228.jpg 460w, https:\/\/www.inmsol.com\/wp-content\/uploads\/2023\/01\/4.-Curso-extensivo-1-768x380.jpg 768w, https:\/\/www.inmsol.com\/wp-content\/uploads\/2023\/01\/4.-Curso-extensivo-1-250x124.jpg 250w, https:\/\/www.inmsol.com\/wp-content\/uploads\/2023\/01\/4.-Curso-extensivo-1-600x297.jpg 600w\" sizes=\"(max-width: 1010px) 100vw, 1010px\" \/><\/a><\/p>\n<p>Las clases se llevan a cabo totalmente en espa\u00f1ol desde el primer d\u00eda. La matr\u00edcula incluye la <em>prueba de nivel online<\/em>, clases 2 d\u00edas a la semana, <em>actividades semanales<\/em> y <em>certificado de asistencia<\/em> al final del curso. Cada clase tiene una duraci\u00f3n de 45 minutos.<\/p>\n<style>\n.btn-descarga {\n    display: inline-block !important;\n    background-color: #ad0228 !important;\n    color: white !important;\n    padding: 8px 16px !important;\n    font-size: 14px !important;\n    font-weight: bold !important;\n    text-decoration: none !important;\n    border-radius: 5px !important;\n    transition: background-color 0.3s ease !important;\n    cursor: pointer !important;\n    border: none !important;\n}<\/p>\n<p>.btn-descarga:hover {\n    background-color: #8b0120 !important;\n    color: white !important;\n    text-decoration: none !important;\n}\n<\/style>\n<p><a href=\"https:\/\/www.inmsol.com\/wp-content\/uploads\/2026\/03\/Objetivos_contenidos_cursos-especificos_2026_iNMSOL.pdf\" target=\"_blank\" class=\"btn-descarga\"><br \/>\n    \ud83d\udcc4 Contenidos del Curso<br \/>\n<\/a>&nbsp;<\/p>\n<p>&nbsp;<\/p>\n<blockquote>\n<h3>Condiciones que se aplican seg\u00fan el n\u00famero de participantes en este curso:<\/h3>\n<p><b>Menos de 3 estudiantes<\/b>: los participantes recibir\u00e1n el <strong>50% de las clases contratadas<\/strong>, de forma individual (1 profesor\/1 estudiante), \u00a0o semi privada (1 profesor\/2 estudiantes), atendiendo a su nivel y necesidades. En ning\u00fan caso deber\u00e1n abonar la diferencia de precio.<\/p>\n<p><strong>A partir de 4 estudiantes: <\/strong>los participantes <strong>recibir\u00e1n el 100% de las clases contratadas<\/strong>, en grupo.<\/p>\n<p>&nbsp;<\/p><\/blockquote>\n<p>&nbsp;<\/p>\n<p>\u00a1Consulta nuestros <a href=\"https:\/\/www.inmsol.com\/es\/informacion-y-condiciones-generales\/\" target=\"_blank\" rel=\"noopener\">t\u00e9rminos y condiciones<\/a>!<\/p>\n","protected":false},"excerpt":{"rendered":"<p>Curso extensivo de espa\u00f1ol, de 4 clases\/semana.<\/p>\n","protected":false},"featured_media":68769,"template":"","meta":{"_acf_changed":false},"product_brand":[],"product_cat":[763,765,766,767,768,769,757],"product_tag":[],"class_list":{"0":"post-68597","1":"product","2":"type-product","3":"status-publish","4":"has-post-thumbnail","6":"product_cat-a1","7":"product_cat-a2","8":"product_cat-b1","9":"product_cat-b2","10":"product_cat-c1","11":"product_cat-c2","12":"product_cat-extensivos","14":"first","15":"instock","16":"sold-individually","17":"purchasable","18":"product-type-variable"},"acf":[],"yoast_head":"<!-- This site is optimized with the Yoast SEO plugin v27.5 - https:\/\/yoast.com\/product\/yoast-seo-wordpress\/ -->\n<title>Extensivo | iNMSOL<\/title>\n<meta name=\"description\" content=\"Si no puedes asistir a clase diariamente, por motivos de estudio o trabajo, prueba nuestro curso extensivo: 4 clases semanales distribuidas en 2 d\u00edas.\" \/>\n<meta name=\"robots\" content=\"index, follow, max-snippet:-1, max-image-preview:large, max-video-preview:-1\" \/>\n<link rel=\"canonical\" href=\"https:\/\/www.inmsol.com\/es\/producto\/extensivo\/\" \/>\n<meta property=\"og:locale\" content=\"es_ES\" \/>\n<meta property=\"og:type\" content=\"article\" \/>\n<meta property=\"og:title\" content=\"Curso extensivo de espa\u00f1ol\" \/>\n<meta property=\"og:description\" content=\"Para estudiantes a partir de 50 a\u00f1os que quieren mejorar su espa\u00f1ol a otro ritmo, y con contenidos mucho m\u00e1s comunicativos y adaptados a sus necesidades.Si no puedes asistir a clase diariamente, por motivos de estudio o trabajo, prueba nuestro curso extensivo: 4 clases semanales distribuidas en 2 d\u00edas.\" \/>\n<meta property=\"og:url\" content=\"https:\/\/www.inmsol.com\/es\/producto\/extensivo\/\" \/>\n<meta property=\"og:site_name\" content=\"iNMSOL\" \/>\n<meta property=\"article:publisher\" content=\"https:\/\/www.facebook.com\/spanishcourses\" \/>\n<meta property=\"article:modified_time\" content=\"2026-03-23T16:16:22+00:00\" \/>\n<meta property=\"og:image\" content=\"https:\/\/www.inmsol.com\/wp-content\/uploads\/2023\/01\/4.-Curso-extensivo-1.jpg\" \/>\n\t<meta property=\"og:image:width\" content=\"1010\" \/>\n\t<meta property=\"og:image:height\" content=\"500\" \/>\n\t<meta property=\"og:image:type\" content=\"image\/jpeg\" \/>\n<meta name=\"twitter:label1\" content=\"Tiempo de lectura\" \/>\n\t<meta name=\"twitter:data1\" content=\"1 minuto\" \/>\n<script type=\"application\/ld+json\" class=\"yoast-schema-graph\">{\"@context\":\"https:\\\/\\\/schema.org\",\"@graph\":[{\"@type\":\"WebPage\",\"@id\":\"https:\\\/\\\/www.inmsol.com\\\/es\\\/producto\\\/extensivo\\\/\",\"url\":\"https:\\\/\\\/www.inmsol.com\\\/es\\\/producto\\\/extensivo\\\/\",\"name\":\"Extensivo | iNMSOL\",\"isPartOf\":{\"@id\":\"https:\\\/\\\/www.inmsol.com\\\/es\\\/#website\"},\"primaryImageOfPage\":{\"@id\":\"https:\\\/\\\/www.inmsol.com\\\/es\\\/producto\\\/extensivo\\\/#primaryimage\"},\"image\":{\"@id\":\"https:\\\/\\\/www.inmsol.com\\\/es\\\/producto\\\/extensivo\\\/#primaryimage\"},\"thumbnailUrl\":\"https:\\\/\\\/www.inmsol.com\\\/wp-content\\\/uploads\\\/2023\\\/01\\\/Extensivo.jpg\",\"datePublished\":\"2023-01-17T14:51:53+00:00\",\"dateModified\":\"2026-03-23T16:16:22+00:00\",\"description\":\"Si no puedes asistir a clase diariamente, por motivos de estudio o trabajo, prueba nuestro curso extensivo: 4 clases semanales distribuidas en 2 d\u00edas.\",\"breadcrumb\":{\"@id\":\"https:\\\/\\\/www.inmsol.com\\\/es\\\/producto\\\/extensivo\\\/#breadcrumb\"},\"inLanguage\":\"es\",\"potentialAction\":[{\"@type\":\"ReadAction\",\"target\":[\"https:\\\/\\\/www.inmsol.com\\\/es\\\/producto\\\/extensivo\\\/\"]}]},{\"@type\":\"ImageObject\",\"inLanguage\":\"es\",\"@id\":\"https:\\\/\\\/www.inmsol.com\\\/es\\\/producto\\\/extensivo\\\/#primaryimage\",\"url\":\"https:\\\/\\\/www.inmsol.com\\\/wp-content\\\/uploads\\\/2023\\\/01\\\/Extensivo.jpg\",\"contentUrl\":\"https:\\\/\\\/www.inmsol.com\\\/wp-content\\\/uploads\\\/2023\\\/01\\\/Extensivo.jpg\",\"width\":1000,\"height\":1000},{\"@type\":\"BreadcrumbList\",\"@id\":\"https:\\\/\\\/www.inmsol.com\\\/es\\\/producto\\\/extensivo\\\/#breadcrumb\",\"itemListElement\":[{\"@type\":\"ListItem\",\"position\":1,\"name\":\"Accredited Center by Instituto Cervantes\",\"item\":\"https:\\\/\\\/www.inmsol.com\\\/es\\\/pagina-ejemplo\\\/\"},{\"@type\":\"ListItem\",\"position\":2,\"name\":\"Cursos\",\"item\":\"https:\\\/\\\/www.inmsol.com\\\/es\\\/cursos\\\/\"},{\"@type\":\"ListItem\",\"position\":3,\"name\":\"Extensivo\"}]},{\"@type\":\"WebSite\",\"@id\":\"https:\\\/\\\/www.inmsol.com\\\/es\\\/#website\",\"url\":\"https:\\\/\\\/www.inmsol.com\\\/es\\\/\",\"name\":\"iNMSOL\",\"description\":\"Aprenda Espa\u00f1ol con iNMSOL en Granada | Centro Acreditado por el Instituto Cervantes\",\"publisher\":{\"@id\":\"https:\\\/\\\/www.inmsol.com\\\/es\\\/#organization\"},\"potentialAction\":[{\"@type\":\"SearchAction\",\"target\":{\"@type\":\"EntryPoint\",\"urlTemplate\":\"https:\\\/\\\/www.inmsol.com\\\/es\\\/?s={search_term_string}\"},\"query-input\":{\"@type\":\"PropertyValueSpecification\",\"valueRequired\":true,\"valueName\":\"search_term_string\"}}],\"inLanguage\":\"es\"},{\"@type\":\"Organization\",\"@id\":\"https:\\\/\\\/www.inmsol.com\\\/es\\\/#organization\",\"name\":\"Instituto Mediterr\u00e1neo Sol\",\"url\":\"https:\\\/\\\/www.inmsol.com\\\/es\\\/\",\"logo\":{\"@type\":\"ImageObject\",\"inLanguage\":\"es\",\"@id\":\"https:\\\/\\\/www.inmsol.com\\\/es\\\/#\\\/schema\\\/logo\\\/image\\\/\",\"url\":\"https:\\\/\\\/www.inmsol.com\\\/wp-content\\\/uploads\\\/2023\\\/06\\\/logo-inmsol-1.png\",\"contentUrl\":\"https:\\\/\\\/www.inmsol.com\\\/wp-content\\\/uploads\\\/2023\\\/06\\\/logo-inmsol-1.png\",\"width\":136,\"height\":73,\"caption\":\"Instituto Mediterr\u00e1neo Sol\"},\"image\":{\"@id\":\"https:\\\/\\\/www.inmsol.com\\\/es\\\/#\\\/schema\\\/logo\\\/image\\\/\"},\"sameAs\":[\"https:\\\/\\\/www.facebook.com\\\/spanishcourses\",\"https:\\\/\\\/x.com\\\/StudyInGranada\",\"http:\\\/\\\/instagram.com\\\/imsolgranada\",\"https:\\\/\\\/es.linkedin.com\\\/company\\\/imsol-granada\",\"https:\\\/\\\/www.pinterest.es\\\/inmsol\\\/\",\"https:\\\/\\\/www.youtube.com\\\/channel\\\/UChz-Qn_7coFMosY85iYMO4g\"]}]}<\/script>\n<!-- \/ Yoast SEO plugin. -->","yoast_head_json":{"title":"Extensivo | iNMSOL","description":"Si no puedes asistir a clase diariamente, por motivos de estudio o trabajo, prueba nuestro curso extensivo: 4 clases semanales distribuidas en 2 d\u00edas.","robots":{"index":"index","follow":"follow","max-snippet":"max-snippet:-1","max-image-preview":"max-image-preview:large","max-video-preview":"max-video-preview:-1"},"canonical":"https:\/\/www.inmsol.com\/es\/producto\/extensivo\/","og_locale":"es_ES","og_type":"article","og_title":"Curso extensivo de espa\u00f1ol","og_description":"Para estudiantes a partir de 50 a\u00f1os que quieren mejorar su espa\u00f1ol a otro ritmo, y con contenidos mucho m\u00e1s comunicativos y adaptados a sus necesidades.Si no puedes asistir a clase diariamente, por motivos de estudio o trabajo, prueba nuestro curso extensivo: 4 clases semanales distribuidas en 2 d\u00edas.","og_url":"https:\/\/www.inmsol.com\/es\/producto\/extensivo\/","og_site_name":"iNMSOL","article_publisher":"https:\/\/www.facebook.com\/spanishcourses","article_modified_time":"2026-03-23T16:16:22+00:00","og_image":[{"width":1010,"height":500,"url":"https:\/\/www.inmsol.com\/wp-content\/uploads\/2023\/01\/4.-Curso-extensivo-1.jpg","type":"image\/jpeg"}],"twitter_misc":{"Tiempo de lectura":"1 minuto"},"schema":{"@context":"https:\/\/schema.org","@graph":[{"@type":"WebPage","@id":"https:\/\/www.inmsol.com\/es\/producto\/extensivo\/","url":"https:\/\/www.inmsol.com\/es\/producto\/extensivo\/","name":"Extensivo | iNMSOL","isPartOf":{"@id":"https:\/\/www.inmsol.com\/es\/#website"},"primaryImageOfPage":{"@id":"https:\/\/www.inmsol.com\/es\/producto\/extensivo\/#primaryimage"},"image":{"@id":"https:\/\/www.inmsol.com\/es\/producto\/extensivo\/#primaryimage"},"thumbnailUrl":"https:\/\/www.inmsol.com\/wp-content\/uploads\/2023\/01\/Extensivo.jpg","datePublished":"2023-01-17T14:51:53+00:00","dateModified":"2026-03-23T16:16:22+00:00","description":"Si no puedes asistir a clase diariamente, por motivos de estudio o trabajo, prueba nuestro curso extensivo: 4 clases semanales distribuidas en 2 d\u00edas.","breadcrumb":{"@id":"https:\/\/www.inmsol.com\/es\/producto\/extensivo\/#breadcrumb"},"inLanguage":"es","potentialAction":[{"@type":"ReadAction","target":["https:\/\/www.inmsol.com\/es\/producto\/extensivo\/"]}]},{"@type":"ImageObject","inLanguage":"es","@id":"https:\/\/www.inmsol.com\/es\/producto\/extensivo\/#primaryimage","url":"https:\/\/www.inmsol.com\/wp-content\/uploads\/2023\/01\/Extensivo.jpg","contentUrl":"https:\/\/www.inmsol.com\/wp-content\/uploads\/2023\/01\/Extensivo.jpg","width":1000,"height":1000},{"@type":"BreadcrumbList","@id":"https:\/\/www.inmsol.com\/es\/producto\/extensivo\/#breadcrumb","itemListElement":[{"@type":"ListItem","position":1,"name":"Accredited Center by Instituto Cervantes","item":"https:\/\/www.inmsol.com\/es\/pagina-ejemplo\/"},{"@type":"ListItem","position":2,"name":"Cursos","item":"https:\/\/www.inmsol.com\/es\/cursos\/"},{"@type":"ListItem","position":3,"name":"Extensivo"}]},{"@type":"WebSite","@id":"https:\/\/www.inmsol.com\/es\/#website","url":"https:\/\/www.inmsol.com\/es\/","name":"iNMSOL","description":"Aprenda Espa\u00f1ol con iNMSOL en Granada | Centro Acreditado por el Instituto Cervantes","publisher":{"@id":"https:\/\/www.inmsol.com\/es\/#organization"},"potentialAction":[{"@type":"SearchAction","target":{"@type":"EntryPoint","urlTemplate":"https:\/\/www.inmsol.com\/es\/?s={search_term_string}"},"query-input":{"@type":"PropertyValueSpecification","valueRequired":true,"valueName":"search_term_string"}}],"inLanguage":"es"},{"@type":"Organization","@id":"https:\/\/www.inmsol.com\/es\/#organization","name":"Instituto Mediterr\u00e1neo Sol","url":"https:\/\/www.inmsol.com\/es\/","logo":{"@type":"ImageObject","inLanguage":"es","@id":"https:\/\/www.inmsol.com\/es\/#\/schema\/logo\/image\/","url":"https:\/\/www.inmsol.com\/wp-content\/uploads\/2023\/06\/logo-inmsol-1.png","contentUrl":"https:\/\/www.inmsol.com\/wp-content\/uploads\/2023\/06\/logo-inmsol-1.png","width":136,"height":73,"caption":"Instituto Mediterr\u00e1neo Sol"},"image":{"@id":"https:\/\/www.inmsol.com\/es\/#\/schema\/logo\/image\/"},"sameAs":["https:\/\/www.facebook.com\/spanishcourses","https:\/\/x.com\/StudyInGranada","http:\/\/instagram.com\/imsolgranada","https:\/\/es.linkedin.com\/company\/imsol-granada","https:\/\/www.pinterest.es\/inmsol\/","https:\/\/www.youtube.com\/channel\/UChz-Qn_7coFMosY85iYMO4g"]}]}},"_links":{"self":[{"href":"https:\/\/www.inmsol.com\/es\/wp-json\/wp\/v2\/product\/68597","targetHints":{"allow":["GET"]}}],"collection":[{"href":"https:\/\/www.inmsol.com\/es\/wp-json\/wp\/v2\/product"}],"about":[{"href":"https:\/\/www.inmsol.com\/es\/wp-json\/wp\/v2\/types\/product"}],"wp:featuredmedia":[{"embeddable":true,"href":"https:\/\/www.inmsol.com\/es\/wp-json\/wp\/v2\/media\/68769"}],"wp:attachment":[{"href":"https:\/\/www.inmsol.com\/es\/wp-json\/wp\/v2\/media?parent=68597"}],"wp:term":[{"taxonomy":"product_brand","embeddable":true,"href":"https:\/\/www.inmsol.com\/es\/wp-json\/wp\/v2\/product_brand?post=68597"},{"taxonomy":"product_cat","embeddable":true,"href":"https:\/\/www.inmsol.com\/es\/wp-json\/wp\/v2\/product_cat?post=68597"},{"taxonomy":"product_tag","embeddable":true,"href":"https:\/\/www.inmsol.com\/es\/wp-json\/wp\/v2\/product_tag?post=68597"}],"curies":[{"name":"wp","href":"https:\/\/api.w.org\/{rel}","templated":true}]}}