{"id":1574,"date":"2009-08-05T03:49:25","date_gmt":"2009-08-05T03:49:25","guid":{"rendered":"https:\/\/www.inmsol.com\/"},"modified":"2023-07-05T20:22:17","modified_gmt":"2023-07-05T18:22:17","slug":"normes-de-conduite","status":"publish","type":"page","link":"https:\/\/www.inmsol.com\/fr\/ecole-despagnol-grenade\/normes-de-conduite\/","title":{"rendered":"Normes de Conduite"},"content":{"rendered":"\t\t<div data-elementor-type=\"wp-page\" data-elementor-id=\"1574\" class=\"elementor elementor-1574 elementor-1571\" data-elementor-post-type=\"page\">\n\t\t\t\t\t\t<section class=\"elementor-section elementor-top-section elementor-element elementor-element-e177d2a elementor-section-full_width elementor-section-height-min-height elementor-section-stretched elementor-section-height-default elementor-section-items-middle parallax_section_no qode_elementor_container_no\" data-id=\"e177d2a\" data-element_type=\"section\" data-settings=\"{&quot;stretch_section&quot;:&quot;section-stretched&quot;,&quot;background_background&quot;:&quot;classic&quot;}\">\n\t\t\t\t\t\t\t<div class=\"elementor-background-overlay\"><\/div>\n\t\t\t\t\t\t\t<div class=\"elementor-container elementor-column-gap-no\">\n\t\t\t\t\t<div class=\"elementor-column elementor-col-100 elementor-top-column elementor-element elementor-element-4e6c2fe\" data-id=\"4e6c2fe\" data-element_type=\"column\">\n\t\t\t<div class=\"elementor-widget-wrap elementor-element-populated\">\n\t\t\t\t\t\t<section class=\"elementor-section elementor-inner-section elementor-element elementor-element-304f3d3 elementor-section-boxed elementor-section-height-default elementor-section-height-default parallax_section_no qode_elementor_container_no\" data-id=\"304f3d3\" data-element_type=\"section\">\n\t\t\t\t\t\t<div class=\"elementor-container elementor-column-gap-default\">\n\t\t\t\t\t<div class=\"elementor-column elementor-col-100 elementor-inner-column elementor-element elementor-element-18abf6c\" data-id=\"18abf6c\" data-element_type=\"column\">\n\t\t\t<div class=\"elementor-widget-wrap elementor-element-populated\">\n\t\t\t\t\t\t\t<\/div>\n\t\t<\/div>\n\t\t\t\t\t<\/div>\n\t\t<\/section>\n\t\t\t\t\t<\/div>\n\t\t<\/div>\n\t\t\t\t\t<\/div>\n\t\t<\/section>\n\t\t\t\t<section class=\"elementor-section elementor-top-section elementor-element elementor-element-6f01ed9 elementor-section-boxed elementor-section-height-default elementor-section-height-default parallax_section_no qode_elementor_container_no\" data-id=\"6f01ed9\" data-element_type=\"section\">\n\t\t\t\t\t\t<div class=\"elementor-container elementor-column-gap-default\">\n\t\t\t\t\t<div class=\"elementor-column elementor-col-100 elementor-top-column elementor-element elementor-element-a5d174c\" data-id=\"a5d174c\" data-element_type=\"column\">\n\t\t\t<div class=\"elementor-widget-wrap elementor-element-populated\">\n\t\t\t\t\t\t<div class=\"elementor-element elementor-element-42271f1 elementor-widget elementor-widget-heading\" data-id=\"42271f1\" data-element_type=\"widget\" data-widget_type=\"heading.default\">\n\t\t\t\t<div class=\"elementor-widget-container\">\n\t\t\t\t\t<h2 class=\"elementor-heading-title elementor-size-default\">NORMES DE CONDUITE<\/h2>\t\t\t\t<\/div>\n\t\t\t\t<\/div>\n\t\t\t\t<div class=\"elementor-element elementor-element-ac0bfc9 elementor-widget elementor-widget-text-editor\" data-id=\"ac0bfc9\" data-element_type=\"widget\" data-widget_type=\"text-editor.default\">\n\t\t\t\t<div class=\"elementor-widget-container\">\n\t\t\t\t\t\t\t\t\t<p><a href=\"https:\/\/www.inmsol.com\/downloads\/brochures\/FICHE%20POUR%20LES%20MINEURS.pdf\">T\u00e9l\u00e9charger la \u201cFiche pour les Mineurs\u201d<\/a><\/p>\t\t\t\t\t\t\t\t<\/div>\n\t\t\t\t<\/div>\n\t\t\t\t\t<\/div>\n\t\t<\/div>\n\t\t\t\t\t<\/div>\n\t\t<\/section>\n\t\t\t\t<section class=\"elementor-section elementor-top-section elementor-element elementor-element-d1f19b7 elementor-section-boxed elementor-section-height-default elementor-section-height-default parallax_section_no qode_elementor_container_no\" data-id=\"d1f19b7\" data-element_type=\"section\">\n\t\t\t\t\t\t<div class=\"elementor-container elementor-column-gap-default\">\n\t\t\t\t\t<div class=\"elementor-column elementor-col-50 elementor-top-column elementor-element elementor-element-b587eb4\" data-id=\"b587eb4\" data-element_type=\"column\">\n\t\t\t<div class=\"elementor-widget-wrap elementor-element-populated\">\n\t\t\t\t\t\t<div class=\"elementor-element elementor-element-fdd31f3 elementor-widget elementor-widget-heading\" data-id=\"fdd31f3\" data-element_type=\"widget\" data-widget_type=\"heading.default\">\n\t\t\t\t<div class=\"elementor-widget-container\">\n\t\t\t\t\t<h3 class=\"elementor-heading-title elementor-size-default\">LOIS<\/h3>\t\t\t\t<\/div>\n\t\t\t\t<\/div>\n\t\t\t\t<div class=\"elementor-element elementor-element-8199cf9 elementor-widget elementor-widget-text-editor\" data-id=\"8199cf9\" data-element_type=\"widget\" data-widget_type=\"text-editor.default\">\n\t\t\t\t<div class=\"elementor-widget-container\">\n\t\t\t\t\t\t\t\t\t<ul><li>L\u2019\u00e9l\u00e8ve doit accepter et respecter les lois et les normes du pays et de la localit\u00e9 de destination, et s\u2019adapter dans la mesure du possible aux m\u0153urs.<\/li><li>La loi espagnole interdit la consommation d\u2019alcool aux mineurs ainsi que la consommation de drogues. Enfreindre cette loi implique l\u2019expulsion imm\u00e9diate de l\u2019\u00e9l\u00e8ve du Cours pour Adolescents et le repatriement dans son pays.<\/li><\/ul>\t\t\t\t\t\t\t\t<\/div>\n\t\t\t\t<\/div>\n\t\t\t\t\t<\/div>\n\t\t<\/div>\n\t\t\t\t<div class=\"elementor-column elementor-col-50 elementor-top-column elementor-element elementor-element-1d8d3cc\" data-id=\"1d8d3cc\" data-element_type=\"column\">\n\t\t\t<div class=\"elementor-widget-wrap elementor-element-populated\">\n\t\t\t\t\t\t<div class=\"elementor-element elementor-element-91b3001 elementor-widget elementor-widget-heading\" data-id=\"91b3001\" data-element_type=\"widget\" data-widget_type=\"heading.default\">\n\t\t\t\t<div class=\"elementor-widget-container\">\n\t\t\t\t\t<h3 class=\"elementor-heading-title elementor-size-default\">FAMILLE<\/h3>\t\t\t\t<\/div>\n\t\t\t\t<\/div>\n\t\t\t\t<div class=\"elementor-element elementor-element-1e7b4d2 elementor-widget elementor-widget-text-editor\" data-id=\"1e7b4d2\" data-element_type=\"widget\" data-widget_type=\"text-editor.default\">\n\t\t\t\t<div class=\"elementor-widget-container\">\n\t\t\t\t\t\t\t\t\t<ul><li>Dans les familles d\u2019accueil, ne seront accept\u00e9s que les \u00e9l\u00e8ves capables de respecter les r\u00e8gles de vie commune et de comportement dans un milieu familial.<\/li><li>L\u2019\u00e9l\u00e8ve doit respecter les habitudes et les moeurs de la famille d\u2019accueil. De m\u00eame il doit suivre l\u2019horaire des repas et des rentr\u00e9es \u00e9tablit par l\u2019\u00e9cole qui ne pourront en aucune mani\u00e8re \u00eatre modifi\u00e9, sauf s\u2019il y a une activit\u00e9 de l\u2019\u00e9cole exigeant un changement d\u2019horaire. Tout changement sera alors communiqu\u00e9 \u00e0 l\u2019\u00e9l\u00e8ve \u00e0 l\u2019avance par la direction de l\u2019\u00e9cole.<\/li><li>Si, pour quelle que raison que ce soit, l\u2019\u00e9l\u00e8ve ne rentre pas \u00e0 l\u2019horaire \u00e9tabli, il devra pr\u00e9venir sa famille et donner une justification.<\/li><li>Dans la famille d\u2019accueil, l\u2019\u00e9l\u00e8ve doit avoir une conduite exemplaire.<\/li><li>Il y a un horaire pr\u00e9cis pour la rentr\u00e9e nocturne: l\u2019\u00e9cole \u00e9tablit que l\u2019heure maximum de rentr\u00e9e pour les adolescents est \u00e0 23.00 heures, pendant la semaine et \u00e9galement le week-end.<\/li><\/ul>\t\t\t\t\t\t\t\t<\/div>\n\t\t\t\t<\/div>\n\t\t\t\t\t<\/div>\n\t\t<\/div>\n\t\t\t\t\t<\/div>\n\t\t<\/section>\n\t\t\t\t<section class=\"elementor-section elementor-top-section elementor-element elementor-element-cd0db25 elementor-section-boxed elementor-section-height-default elementor-section-height-default parallax_section_no qode_elementor_container_no\" data-id=\"cd0db25\" data-element_type=\"section\">\n\t\t\t\t\t\t<div class=\"elementor-container elementor-column-gap-default\">\n\t\t\t\t\t<div class=\"elementor-column elementor-col-50 elementor-top-column elementor-element elementor-element-906fdd4\" data-id=\"906fdd4\" data-element_type=\"column\">\n\t\t\t<div class=\"elementor-widget-wrap elementor-element-populated\">\n\t\t\t\t\t\t<div class=\"elementor-element elementor-element-83f8e1b elementor-widget elementor-widget-heading\" data-id=\"83f8e1b\" data-element_type=\"widget\" data-widget_type=\"heading.default\">\n\t\t\t\t<div class=\"elementor-widget-container\">\n\t\t\t\t\t<h3 class=\"elementor-heading-title elementor-size-default\">\u00c9COLE<\/h3>\t\t\t\t<\/div>\n\t\t\t\t<\/div>\n\t\t\t\t<div class=\"elementor-element elementor-element-ada9e57 elementor-widget elementor-widget-text-editor\" data-id=\"ada9e57\" data-element_type=\"widget\" data-widget_type=\"text-editor.default\">\n\t\t\t\t<div class=\"elementor-widget-container\">\n\t\t\t\t\t\t\t\t\t<ul><li>L\u2019\u00e9l\u00e8ve doit respecter l\u2019horaire des cours et des activit\u00e9s programm\u00e9es par l\u2019\u00e9cole.<\/li><li>Il doit arriver \u00e0 l\u2019heure et \u00eatre correctement habill\u00e9.<\/li><li>L\u2019\u00e9l\u00e8ve doit assister au cours avec le mat\u00e9riel \u00e9l\u00e9mentaire (un cahier et un stylo) et respecter le mat\u00e9riel pr\u00eat\u00e9 par l\u2019\u00e9cole.<\/li><\/ul>\t\t\t\t\t\t\t\t<\/div>\n\t\t\t\t<\/div>\n\t\t\t\t\t<\/div>\n\t\t<\/div>\n\t\t\t\t<div class=\"elementor-column elementor-col-50 elementor-top-column elementor-element elementor-element-e70f2f9\" data-id=\"e70f2f9\" data-element_type=\"column\">\n\t\t\t<div class=\"elementor-widget-wrap elementor-element-populated\">\n\t\t\t\t\t\t<div class=\"elementor-element elementor-element-e7b6c75 elementor-widget elementor-widget-heading\" data-id=\"e7b6c75\" data-element_type=\"widget\" data-widget_type=\"heading.default\">\n\t\t\t\t<div class=\"elementor-widget-container\">\n\t\t\t\t\t<h3 class=\"elementor-heading-title elementor-size-default\">iNMSOL<\/h3>\t\t\t\t<\/div>\n\t\t\t\t<\/div>\n\t\t\t\t<div class=\"elementor-element elementor-element-2c3a141 elementor-widget elementor-widget-text-editor\" data-id=\"2c3a141\" data-element_type=\"widget\" data-widget_type=\"text-editor.default\">\n\t\t\t\t<div class=\"elementor-widget-container\">\n\t\t\t\t\t\t\t\t\t<ul><li>iNMSOL n\u2019est pas responsable des comportements contraire aux normes ici expos\u00e9es ou \u00e0 la loi en vigueur en Espagne, dans la Communit\u00e9 Autonome ou dans la Localit\u00e9 pendant le s\u00e9jour.<\/li><li>Toute infraction \u00e0 ces normes se soldera par l\u2019expulsion et le rapatriement de l\u2019\u00e9l\u00e8ve. Tout frais provoqu\u00e9s par l\u2019inobservation des normes sera \u00e0 la charge du participant ou de ses parents ou tuteurs. L\u2019arr\u00eat pr\u00e9matur\u00e9 du cours, \u00e0 cause des motifs expos\u00e9s ant\u00e9rieurement, suppose la perte du montant vers\u00e9 pour le paiement du s\u00e9jour.<\/li><\/ul>\t\t\t\t\t\t\t\t<\/div>\n\t\t\t\t<\/div>\n\t\t\t\t\t<\/div>\n\t\t<\/div>\n\t\t\t\t\t<\/div>\n\t\t<\/section>\n\t\t\t\t<section class=\"elementor-section elementor-top-section elementor-element elementor-element-90aac6f elementor-section-boxed elementor-section-height-default elementor-section-height-default parallax_section_no qode_elementor_container_no\" data-id=\"90aac6f\" data-element_type=\"section\">\n\t\t\t\t\t\t<div class=\"elementor-container elementor-column-gap-default\">\n\t\t\t\t\t<div class=\"elementor-column elementor-col-100 elementor-top-column elementor-element elementor-element-448ca22\" data-id=\"448ca22\" data-element_type=\"column\">\n\t\t\t<div class=\"elementor-widget-wrap elementor-element-populated\">\n\t\t\t\t\t\t<div class=\"elementor-element elementor-element-c13e462 elementor-widget elementor-widget-heading\" data-id=\"c13e462\" data-element_type=\"widget\" data-widget_type=\"heading.default\">\n\t\t\t\t<div class=\"elementor-widget-container\">\n\t\t\t\t\t<h3 class=\"elementor-heading-title elementor-size-default\">RESPONSABILIT\u00c9S DE iNMSOL\n\n<\/h3>\t\t\t\t<\/div>\n\t\t\t\t<\/div>\n\t\t\t\t<div class=\"elementor-element elementor-element-3161576 elementor-widget elementor-widget-text-editor\" data-id=\"3161576\" data-element_type=\"widget\" data-widget_type=\"text-editor.default\">\n\t\t\t\t<div class=\"elementor-widget-container\">\n\t\t\t\t\t\t\t\t\t<ul><li>iNMSOL est responsable de l\u2019\u00e9l\u00e8ve dans les cas suivants:<\/li><li style=\"list-style-type: none;\"><ul><li style=\"list-style-type: none;\"><ul><li>Pendant l\u2019horaire des cours \u00e0 l\u2019\u00e9cole.<\/li><li>Les activit\u00e9s organis\u00e9es par l\u2019\u00e9cole.<\/li><li>L\u2019horaire de repas et le s\u00e9jour dans la famille d\u2019accueil.<\/li><li>Les excursions programm\u00e9es par l\u2019\u00e9cole.<\/li><\/ul><\/li><li>iNMSOL N\u2019assume PAS de responsabilit\u00e9s pour les Cours Compl\u00e9mentaires auxquels le participant s\u2019inscrit: l\u2019entreprise ou la personne\/s qui les organise est enti\u00e8rement responsable du participant.<\/li><\/ul><\/li><\/ul>\t\t\t\t\t\t\t\t<\/div>\n\t\t\t\t<\/div>\n\t\t\t\t\t<\/div>\n\t\t<\/div>\n\t\t\t\t\t<\/div>\n\t\t<\/section>\n\t\t\t\t<\/div>\n\t\t","protected":false},"excerpt":{"rendered":"<p>NORMES DE CONDUITE T\u00e9l\u00e9charger la \u201cFiche pour les Mineurs\u201d LOIS L\u2019\u00e9l\u00e8ve doit accepter et respecter les lois et les normes du pays et de la localit\u00e9 de destination, et s\u2019adapter dans la mesure du possible aux m\u0153urs. La loi espagnole interdit la consommation d\u2019alcool aux&#8230;<\/p>\n","protected":false},"author":2,"featured_media":0,"parent":1401,"menu_order":0,"comment_status":"closed","ping_status":"closed","template":"","meta":{"_acf_changed":false,"footnotes":""},"class_list":["post-1574","page","type-page","status-publish","hentry"],"acf":[],"yoast_head":"<!-- This site is optimized with the Yoast SEO plugin v27.4 - https:\/\/yoast.com\/product\/yoast-seo-wordpress\/ -->\n<title>Normes de Conduite | Fiche pour les Mineurs, normes, responsable | INMSOL<\/title>\n<meta name=\"description\" content=\"L\u2019\u00e9l\u00e8ve doit accepter et respecter les lois et les normes du pays et de la localit\u00e9 de destination, et s\u2019adapter dans la mesure du possible aux m\u0153urs.L&#039;\u00e9l\u00e8ve et l&#039;\u00e9cole ont des responsabilit\u00e9s par accomplir.\" \/>\n<meta name=\"robots\" content=\"index, follow, max-snippet:-1, max-image-preview:large, max-video-preview:-1\" \/>\n<link rel=\"canonical\" href=\"https:\/\/www.inmsol.com\/fr\/ecole-despagnol-grenade\/normes-de-conduite\/\" \/>\n<meta property=\"og:locale\" content=\"fr_FR\" \/>\n<meta property=\"og:type\" content=\"article\" \/>\n<meta property=\"og:title\" content=\"Normes de Conduite | Fiche pour les Mineurs, normes, responsable | INMSOL\" \/>\n<meta property=\"og:description\" content=\"L\u2019\u00e9l\u00e8ve doit accepter et respecter les lois et les normes du pays et de la localit\u00e9 de destination, et s\u2019adapter dans la mesure du possible aux m\u0153urs.L&#039;\u00e9l\u00e8ve et l&#039;\u00e9cole ont des responsabilit\u00e9s par accomplir.\" \/>\n<meta property=\"og:url\" content=\"https:\/\/www.inmsol.com\/fr\/ecole-despagnol-grenade\/normes-de-conduite\/\" \/>\n<meta property=\"og:site_name\" content=\"iNMSOL\" \/>\n<meta property=\"article:publisher\" content=\"https:\/\/www.facebook.com\/spanishcourses\" \/>\n<meta property=\"article:modified_time\" content=\"2023-07-05T18:22:17+00:00\" \/>\n<meta property=\"og:image\" content=\"https:\/\/www.inmsol.com\/wp-content\/uploads\/2019\/08\/logo-inmsol.png\" \/>\n\t<meta property=\"og:image:width\" content=\"320\" \/>\n\t<meta property=\"og:image:height\" content=\"154\" \/>\n\t<meta property=\"og:image:type\" content=\"image\/png\" \/>\n<meta name=\"twitter:label1\" content=\"Dur\u00e9e de lecture estim\u00e9e\" \/>\n\t<meta name=\"twitter:data1\" content=\"2 minutes\" \/>\n<script type=\"application\/ld+json\" class=\"yoast-schema-graph\">{\"@context\":\"https:\\\/\\\/schema.org\",\"@graph\":[{\"@type\":\"WebPage\",\"@id\":\"https:\\\/\\\/www.inmsol.com\\\/fr\\\/ecole-despagnol-grenade\\\/normes-de-conduite\\\/\",\"url\":\"https:\\\/\\\/www.inmsol.com\\\/fr\\\/ecole-despagnol-grenade\\\/normes-de-conduite\\\/\",\"name\":\"Normes de Conduite | Fiche pour les Mineurs, normes, responsable | INMSOL\",\"isPartOf\":{\"@id\":\"https:\\\/\\\/www.inmsol.com\\\/fr\\\/#website\"},\"datePublished\":\"2009-08-05T03:49:25+00:00\",\"dateModified\":\"2023-07-05T18:22:17+00:00\",\"description\":\"L\u2019\u00e9l\u00e8ve doit accepter et respecter les lois et les normes du pays et de la localit\u00e9 de destination, et s\u2019adapter dans la mesure du possible aux m\u0153urs.L'\u00e9l\u00e8ve et l'\u00e9cole ont des responsabilit\u00e9s par accomplir.\",\"breadcrumb\":{\"@id\":\"https:\\\/\\\/www.inmsol.com\\\/fr\\\/ecole-despagnol-grenade\\\/normes-de-conduite\\\/#breadcrumb\"},\"inLanguage\":\"fr-FR\",\"potentialAction\":[{\"@type\":\"ReadAction\",\"target\":[\"https:\\\/\\\/www.inmsol.com\\\/fr\\\/ecole-despagnol-grenade\\\/normes-de-conduite\\\/\"]}]},{\"@type\":\"BreadcrumbList\",\"@id\":\"https:\\\/\\\/www.inmsol.com\\\/fr\\\/ecole-despagnol-grenade\\\/normes-de-conduite\\\/#breadcrumb\",\"itemListElement\":[{\"@type\":\"ListItem\",\"position\":1,\"name\":\"Accredited Center by Instituto Cervantes\",\"item\":\"https:\\\/\\\/www.inmsol.com\\\/fr\\\/pagina-ejemplo\\\/\"},{\"@type\":\"ListItem\",\"position\":2,\"name\":\"\u00c9cole d&rsquo;espagnol \u00e0 Granada\",\"item\":\"https:\\\/\\\/www.inmsol.com\\\/fr\\\/ecole-despagnol-grenade\\\/\"},{\"@type\":\"ListItem\",\"position\":3,\"name\":\"Normes de Conduite\"}]},{\"@type\":\"WebSite\",\"@id\":\"https:\\\/\\\/www.inmsol.com\\\/fr\\\/#website\",\"url\":\"https:\\\/\\\/www.inmsol.com\\\/fr\\\/\",\"name\":\"iNMSOL\",\"description\":\"Apprenez l'espagnol avec nous - Centre de formation affili\u00e9 \u00e0 l'Institute Cervantes\",\"publisher\":{\"@id\":\"https:\\\/\\\/www.inmsol.com\\\/fr\\\/#organization\"},\"potentialAction\":[{\"@type\":\"SearchAction\",\"target\":{\"@type\":\"EntryPoint\",\"urlTemplate\":\"https:\\\/\\\/www.inmsol.com\\\/fr\\\/?s={search_term_string}\"},\"query-input\":{\"@type\":\"PropertyValueSpecification\",\"valueRequired\":true,\"valueName\":\"search_term_string\"}}],\"inLanguage\":\"fr-FR\"},{\"@type\":\"Organization\",\"@id\":\"https:\\\/\\\/www.inmsol.com\\\/fr\\\/#organization\",\"name\":\"Instituto Mediterr\u00e1neo Sol\",\"url\":\"https:\\\/\\\/www.inmsol.com\\\/fr\\\/\",\"logo\":{\"@type\":\"ImageObject\",\"inLanguage\":\"fr-FR\",\"@id\":\"https:\\\/\\\/www.inmsol.com\\\/fr\\\/#\\\/schema\\\/logo\\\/image\\\/\",\"url\":\"https:\\\/\\\/www.inmsol.com\\\/wp-content\\\/uploads\\\/2023\\\/06\\\/logo-inmsol-1.png\",\"contentUrl\":\"https:\\\/\\\/www.inmsol.com\\\/wp-content\\\/uploads\\\/2023\\\/06\\\/logo-inmsol-1.png\",\"width\":136,\"height\":73,\"caption\":\"Instituto Mediterr\u00e1neo Sol\"},\"image\":{\"@id\":\"https:\\\/\\\/www.inmsol.com\\\/fr\\\/#\\\/schema\\\/logo\\\/image\\\/\"},\"sameAs\":[\"https:\\\/\\\/www.facebook.com\\\/spanishcourses\",\"https:\\\/\\\/x.com\\\/StudyInGranada\",\"http:\\\/\\\/instagram.com\\\/imsolgranada\",\"https:\\\/\\\/es.linkedin.com\\\/company\\\/imsol-granada\",\"https:\\\/\\\/www.pinterest.es\\\/inmsol\\\/\",\"https:\\\/\\\/www.youtube.com\\\/channel\\\/UChz-Qn_7coFMosY85iYMO4g\"]}]}<\/script>\n<!-- \/ Yoast SEO plugin. -->","yoast_head_json":{"title":"Normes de Conduite | Fiche pour les Mineurs, normes, responsable | INMSOL","description":"L\u2019\u00e9l\u00e8ve doit accepter et respecter les lois et les normes du pays et de la localit\u00e9 de destination, et s\u2019adapter dans la mesure du possible aux m\u0153urs.L'\u00e9l\u00e8ve et l'\u00e9cole ont des responsabilit\u00e9s par accomplir.","robots":{"index":"index","follow":"follow","max-snippet":"max-snippet:-1","max-image-preview":"max-image-preview:large","max-video-preview":"max-video-preview:-1"},"canonical":"https:\/\/www.inmsol.com\/fr\/ecole-despagnol-grenade\/normes-de-conduite\/","og_locale":"fr_FR","og_type":"article","og_title":"Normes de Conduite | Fiche pour les Mineurs, normes, responsable | INMSOL","og_description":"L\u2019\u00e9l\u00e8ve doit accepter et respecter les lois et les normes du pays et de la localit\u00e9 de destination, et s\u2019adapter dans la mesure du possible aux m\u0153urs.L'\u00e9l\u00e8ve et l'\u00e9cole ont des responsabilit\u00e9s par accomplir.","og_url":"https:\/\/www.inmsol.com\/fr\/ecole-despagnol-grenade\/normes-de-conduite\/","og_site_name":"iNMSOL","article_publisher":"https:\/\/www.facebook.com\/spanishcourses","article_modified_time":"2023-07-05T18:22:17+00:00","og_image":[{"width":320,"height":154,"url":"https:\/\/www.inmsol.com\/wp-content\/uploads\/2019\/08\/logo-inmsol.png","type":"image\/png"}],"twitter_misc":{"Dur\u00e9e de lecture estim\u00e9e":"2 minutes"},"schema":{"@context":"https:\/\/schema.org","@graph":[{"@type":"WebPage","@id":"https:\/\/www.inmsol.com\/fr\/ecole-despagnol-grenade\/normes-de-conduite\/","url":"https:\/\/www.inmsol.com\/fr\/ecole-despagnol-grenade\/normes-de-conduite\/","name":"Normes de Conduite | Fiche pour les Mineurs, normes, responsable | INMSOL","isPartOf":{"@id":"https:\/\/www.inmsol.com\/fr\/#website"},"datePublished":"2009-08-05T03:49:25+00:00","dateModified":"2023-07-05T18:22:17+00:00","description":"L\u2019\u00e9l\u00e8ve doit accepter et respecter les lois et les normes du pays et de la localit\u00e9 de destination, et s\u2019adapter dans la mesure du possible aux m\u0153urs.L'\u00e9l\u00e8ve et l'\u00e9cole ont des responsabilit\u00e9s par accomplir.","breadcrumb":{"@id":"https:\/\/www.inmsol.com\/fr\/ecole-despagnol-grenade\/normes-de-conduite\/#breadcrumb"},"inLanguage":"fr-FR","potentialAction":[{"@type":"ReadAction","target":["https:\/\/www.inmsol.com\/fr\/ecole-despagnol-grenade\/normes-de-conduite\/"]}]},{"@type":"BreadcrumbList","@id":"https:\/\/www.inmsol.com\/fr\/ecole-despagnol-grenade\/normes-de-conduite\/#breadcrumb","itemListElement":[{"@type":"ListItem","position":1,"name":"Accredited Center by Instituto Cervantes","item":"https:\/\/www.inmsol.com\/fr\/pagina-ejemplo\/"},{"@type":"ListItem","position":2,"name":"\u00c9cole d&rsquo;espagnol \u00e0 Granada","item":"https:\/\/www.inmsol.com\/fr\/ecole-despagnol-grenade\/"},{"@type":"ListItem","position":3,"name":"Normes de Conduite"}]},{"@type":"WebSite","@id":"https:\/\/www.inmsol.com\/fr\/#website","url":"https:\/\/www.inmsol.com\/fr\/","name":"iNMSOL","description":"Apprenez l'espagnol avec nous - Centre de formation affili\u00e9 \u00e0 l'Institute Cervantes","publisher":{"@id":"https:\/\/www.inmsol.com\/fr\/#organization"},"potentialAction":[{"@type":"SearchAction","target":{"@type":"EntryPoint","urlTemplate":"https:\/\/www.inmsol.com\/fr\/?s={search_term_string}"},"query-input":{"@type":"PropertyValueSpecification","valueRequired":true,"valueName":"search_term_string"}}],"inLanguage":"fr-FR"},{"@type":"Organization","@id":"https:\/\/www.inmsol.com\/fr\/#organization","name":"Instituto Mediterr\u00e1neo Sol","url":"https:\/\/www.inmsol.com\/fr\/","logo":{"@type":"ImageObject","inLanguage":"fr-FR","@id":"https:\/\/www.inmsol.com\/fr\/#\/schema\/logo\/image\/","url":"https:\/\/www.inmsol.com\/wp-content\/uploads\/2023\/06\/logo-inmsol-1.png","contentUrl":"https:\/\/www.inmsol.com\/wp-content\/uploads\/2023\/06\/logo-inmsol-1.png","width":136,"height":73,"caption":"Instituto Mediterr\u00e1neo Sol"},"image":{"@id":"https:\/\/www.inmsol.com\/fr\/#\/schema\/logo\/image\/"},"sameAs":["https:\/\/www.facebook.com\/spanishcourses","https:\/\/x.com\/StudyInGranada","http:\/\/instagram.com\/imsolgranada","https:\/\/es.linkedin.com\/company\/imsol-granada","https:\/\/www.pinterest.es\/inmsol\/","https:\/\/www.youtube.com\/channel\/UChz-Qn_7coFMosY85iYMO4g"]}]}},"_links":{"self":[{"href":"https:\/\/www.inmsol.com\/fr\/wp-json\/wp\/v2\/pages\/1574","targetHints":{"allow":["GET"]}}],"collection":[{"href":"https:\/\/www.inmsol.com\/fr\/wp-json\/wp\/v2\/pages"}],"about":[{"href":"https:\/\/www.inmsol.com\/fr\/wp-json\/wp\/v2\/types\/page"}],"author":[{"embeddable":true,"href":"https:\/\/www.inmsol.com\/fr\/wp-json\/wp\/v2\/users\/2"}],"replies":[{"embeddable":true,"href":"https:\/\/www.inmsol.com\/fr\/wp-json\/wp\/v2\/comments?post=1574"}],"version-history":[{"count":0,"href":"https:\/\/www.inmsol.com\/fr\/wp-json\/wp\/v2\/pages\/1574\/revisions"}],"up":[{"embeddable":true,"href":"https:\/\/www.inmsol.com\/fr\/wp-json\/wp\/v2\/pages\/1401"}],"wp:attachment":[{"href":"https:\/\/www.inmsol.com\/fr\/wp-json\/wp\/v2\/media?parent=1574"}],"curies":[{"name":"wp","href":"https:\/\/api.w.org\/{rel}","templated":true}]}}