{"id":51196,"date":"2020-06-03T11:45:43","date_gmt":"2020-06-03T09:45:43","guid":{"rendered":"https:\/\/www.inmsol.com\/otros-alojamientos\/"},"modified":"2024-06-17T11:01:23","modified_gmt":"2024-06-17T09:01:23","slug":"otros-alojamientos","status":"publish","type":"page","link":"https:\/\/www.inmsol.com\/fr\/otros-alojamientos\/","title":{"rendered":"D&rsquo;autres options d&rsquo;h\u00e9bergement"},"content":{"rendered":"\t\t<div data-elementor-type=\"wp-page\" data-elementor-id=\"51196\" class=\"elementor elementor-51196 elementor-51190 elementor-bc-flex-widget\" data-elementor-post-type=\"page\">\n\t\t\t\t\t\t<section class=\"elementor-section elementor-top-section elementor-element elementor-element-4bfb098 elementor-section-full_width elementor-section-height-min-height elementor-section-stretched elementor-section-height-default elementor-section-items-middle parallax_section_no qode_elementor_container_no\" data-id=\"4bfb098\" data-element_type=\"section\" data-settings=\"{&quot;stretch_section&quot;:&quot;section-stretched&quot;,&quot;background_background&quot;:&quot;classic&quot;}\">\n\t\t\t\t\t\t\t<div class=\"elementor-background-overlay\"><\/div>\n\t\t\t\t\t\t\t<div class=\"elementor-container elementor-column-gap-no\">\n\t\t\t\t\t<div class=\"elementor-column elementor-col-100 elementor-top-column elementor-element elementor-element-388289d\" data-id=\"388289d\" data-element_type=\"column\">\n\t\t\t<div class=\"elementor-widget-wrap elementor-element-populated\">\n\t\t\t\t\t\t<section class=\"elementor-section elementor-inner-section elementor-element elementor-element-156746c elementor-section-boxed elementor-section-height-default elementor-section-height-default parallax_section_no qode_elementor_container_no\" data-id=\"156746c\" data-element_type=\"section\">\n\t\t\t\t\t\t<div class=\"elementor-container elementor-column-gap-default\">\n\t\t\t\t\t<div class=\"elementor-column elementor-col-100 elementor-inner-column elementor-element elementor-element-863ce75\" data-id=\"863ce75\" data-element_type=\"column\">\n\t\t\t<div class=\"elementor-widget-wrap elementor-element-populated\">\n\t\t\t\t\t\t\t<\/div>\n\t\t<\/div>\n\t\t\t\t\t<\/div>\n\t\t<\/section>\n\t\t\t\t\t<\/div>\n\t\t<\/div>\n\t\t\t\t\t<\/div>\n\t\t<\/section>\n\t\t\t\t<section class=\"elementor-section elementor-top-section elementor-element elementor-element-263690a elementor-section-full_width elementor-section-content-middle elementor-section-stretched elementor-section-height-default elementor-section-height-default parallax_section_no qode_elementor_container_no\" data-id=\"263690a\" data-element_type=\"section\" data-settings=\"{&quot;stretch_section&quot;:&quot;section-stretched&quot;,&quot;background_background&quot;:&quot;classic&quot;}\">\n\t\t\t\t\t\t<div class=\"elementor-container elementor-column-gap-wider\">\n\t\t\t\t\t<div class=\"elementor-column elementor-col-50 elementor-top-column elementor-element elementor-element-bc5ff88\" data-id=\"bc5ff88\" data-element_type=\"column\" data-settings=\"{&quot;background_background&quot;:&quot;classic&quot;}\">\n\t\t\t<div class=\"elementor-widget-wrap elementor-element-populated\">\n\t\t\t\t\t\t<div class=\"elementor-element elementor-element-9db90e0 elementor-widget elementor-widget-spacer\" data-id=\"9db90e0\" data-element_type=\"widget\" data-widget_type=\"spacer.default\">\n\t\t\t\t<div class=\"elementor-widget-container\">\n\t\t\t\t\t\t\t<div class=\"elementor-spacer\">\n\t\t\t<div class=\"elementor-spacer-inner\"><\/div>\n\t\t<\/div>\n\t\t\t\t\t\t<\/div>\n\t\t\t\t<\/div>\n\t\t\t\t\t<\/div>\n\t\t<\/div>\n\t\t\t\t<div class=\"elementor-column elementor-col-50 elementor-top-column elementor-element elementor-element-15e4e46\" data-id=\"15e4e46\" data-element_type=\"column\">\n\t\t\t<div class=\"elementor-widget-wrap elementor-element-populated\">\n\t\t\t\t\t\t<div class=\"elementor-element elementor-element-ef3848c elementor-widget elementor-widget-text-editor\" data-id=\"ef3848c\" data-element_type=\"widget\" data-widget_type=\"text-editor.default\">\n\t\t\t\t<div class=\"elementor-widget-container\">\n\t\t\t\t\t\t\t\t\t<p>Si n\u00e9cessaire, l\u2019<strong>Instituto Mediterr\u00e1neo Sol\u00a0<\/strong>peut \u00e9galement r\u00e9server d\u2019autres type d\u2019h\u00e9bergement \u00e0 Granada. Les caract\u00e9ristiques d\u00e9pendront des besoins du participant et de ses souhaits concernant la cat\u00e9gorie de l\u2019\u00e9tablissement. L\u2019\u00e9tudiant pouvait choisir parmi:<\/p><ul><li><strong>H\u00f4tel dans diff\u00e9rentes cat\u00e9gories (3 \u00e9toiles, 4 \u00e9toiles, 5 \u00e9toiles)<\/strong><\/li><li><strong>Auberge \/ B &amp; B<\/strong><\/li><li><strong>Appartement touristique priv\u00e9<\/strong><\/li><\/ul>\t\t\t\t\t\t\t\t<\/div>\n\t\t\t\t<\/div>\n\t\t\t\t\t<\/div>\n\t\t<\/div>\n\t\t\t\t\t<\/div>\n\t\t<\/section>\n\t\t\t\t<section class=\"elementor-section elementor-top-section elementor-element elementor-element-fac7dcd elementor-section-boxed elementor-section-height-default elementor-section-height-default parallax_section_no qode_elementor_container_no\" data-id=\"fac7dcd\" data-element_type=\"section\">\n\t\t\t\t\t\t<div class=\"elementor-container elementor-column-gap-default\">\n\t\t\t\t\t<div class=\"elementor-column elementor-col-100 elementor-top-column elementor-element elementor-element-0fa1cf4\" data-id=\"0fa1cf4\" data-element_type=\"column\">\n\t\t\t<div class=\"elementor-widget-wrap elementor-element-populated\">\n\t\t\t\t\t\t<div class=\"elementor-element elementor-element-d85f665 elementor-widget elementor-widget-heading\" data-id=\"d85f665\" data-element_type=\"widget\" data-widget_type=\"heading.default\">\n\t\t\t\t<div class=\"elementor-widget-container\">\n\t\t\t\t\t<h3 class=\"elementor-heading-title elementor-size-default\">Comment proc\u00e9der \u00e0 ces r\u00e9servations?<\/h3>\t\t\t\t<\/div>\n\t\t\t\t<\/div>\n\t\t\t\t<div class=\"elementor-element elementor-element-93d5748 elementor-widget elementor-widget-text-editor\" data-id=\"93d5748\" data-element_type=\"widget\" data-widget_type=\"text-editor.default\">\n\t\t\t\t<div class=\"elementor-widget-container\">\n\t\t\t\t\t\t\t\t\t<p>L\u2019\u00e9tudiant remplira notre\u00a0<a href=\"https:\/\/www.inmsol.com\/fr\/enrollment\/\" target=\"_blank\" rel=\"noopener noreferrer\">formulaire d\u2019inscription<\/a>\u00a0en indiquant le type d\u2019h\u00e9bergement qu\u2019il souhaite r\u00e9server. L\u2019\u00e9tudiant doit proposer les\u00a0<strong>dates d\u2019arriv\u00e9e et de d\u00e9part<\/strong>. Ces dates doivent correspondre aux dates des\u00a0<a href=\"https:\/\/www.inmsol.com\/fr\/home\/\" target=\"_blank\" rel=\"noopener noreferrer\">cours d\u2019espagnol<\/a>\u00a0reserv\u00e9. iNMSOL demandera un budget \u00e0 l\u2019h\u00e9bergement en suivant ces informations:<\/p><ul><li>Les caract\u00e9ristiques des \u00e9tudiants<\/li><li>Type d\u2019h\u00e9bergement choisi par l\u2019\u00e9tudiant<\/li><li>Cat\u00e9gorie d\u2019h\u00e9bergement<\/li><\/ul><p>Lorsque iNMSOL recevra\u00a0<strong>le budget total du s\u00e9jour<\/strong>, nous l\u2019enverrons \u00e0 l\u2019\u00e9tudiant.\u00a0<strong>L\u2019\u00e9tudiant doit r\u00e9pondre dans les 24 heures suivantes<\/strong>. Afin de confirmer la r\u00e9servation, l\u2019\u00e9tudiant sera invit\u00e9 \u00e0 effectuer le pr\u00e9paiement \u00e0 l\u2019\u00e9cole, et apr\u00e8s cela, l\u2019\u00e9tudiant recevra toutes les informations et les instructions, ainsi que le document de confirmation officiel.<\/p>\t\t\t\t\t\t\t\t<\/div>\n\t\t\t\t<\/div>\n\t\t\t\t<div class=\"elementor-element elementor-element-76f7ac7 elementor-widget elementor-widget-text-editor\" data-id=\"76f7ac7\" data-element_type=\"widget\" data-widget_type=\"text-editor.default\">\n\t\t\t\t<div class=\"elementor-widget-container\">\n\t\t\t\t\t\t\t\t\t<p>Pour confirmer cette r\u00e9servation, l\u2019\u00e9tudiant doit\u00a0<strong>avancer 30% du total de l\u2019h\u00e9bergement<\/strong>, en plus des 100 \u20ac pr\u00e9pay\u00e9s pour le cours d\u2019espagnol.<\/p>\t\t\t\t\t\t\t\t<\/div>\n\t\t\t\t<\/div>\n\t\t\t\t\t<\/div>\n\t\t<\/div>\n\t\t\t\t\t<\/div>\n\t\t<\/section>\n\t\t\t\t<\/div>\n\t\t","protected":false},"excerpt":{"rendered":"<p>iNMSOL peut r\u00e9server de logement dans d&rsquo;autres types de modalit\u00e9s diff\u00e9rentes: h\u00f4tel, auberge ou appartements touristiques priv\u00e9s \u00e0 Granada.<\/p>\n","protected":false},"author":31,"featured_media":50565,"parent":0,"menu_order":0,"comment_status":"closed","ping_status":"closed","template":"","meta":{"_acf_changed":false,"footnotes":""},"class_list":["post-51196","page","type-page","status-publish","has-post-thumbnail","hentry"],"acf":[],"yoast_head":"<!-- This site is optimized with the Yoast SEO plugin v27.4 - https:\/\/yoast.com\/product\/yoast-seo-wordpress\/ -->\n<title>D&#039;autres options d&#039;h\u00e9bergement | Options d&#039;h\u00e9bergement avec iNMSOL<\/title>\n<meta name=\"description\" content=\"iNMSOL peut r\u00e9server l&#039;h\u00e9bergement dans d&#039;autres types de modalit\u00e9s diff\u00e9rentes: h\u00f4tel, auberge ou appartements touristiques priv\u00e9s \u00e0 Granada.\" \/>\n<meta name=\"robots\" content=\"index, follow, max-snippet:-1, max-image-preview:large, max-video-preview:-1\" \/>\n<link rel=\"canonical\" href=\"https:\/\/www.inmsol.com\/fr\/otros-alojamientos\/\" \/>\n<meta property=\"og:locale\" content=\"fr_FR\" \/>\n<meta property=\"og:type\" content=\"article\" \/>\n<meta property=\"og:title\" content=\"D&#039;autres options d&#039;h\u00e9bergement | Options d&#039;h\u00e9bergement avec iNMSOL\" \/>\n<meta property=\"og:description\" content=\"iNMSOL peut r\u00e9server l&#039;h\u00e9bergement dans d&#039;autres types de modalit\u00e9s diff\u00e9rentes: h\u00f4tel, auberge ou appartements touristiques priv\u00e9s \u00e0 Granada.\" \/>\n<meta property=\"og:url\" content=\"https:\/\/www.inmsol.com\/fr\/otros-alojamientos\/\" \/>\n<meta property=\"og:site_name\" content=\"iNMSOL\" \/>\n<meta property=\"article:publisher\" content=\"https:\/\/www.facebook.com\/spanishcourses\" \/>\n<meta property=\"article:modified_time\" content=\"2024-06-17T09:01:23+00:00\" \/>\n<meta property=\"og:image\" content=\"https:\/\/www.inmsol.com\/wp-content\/uploads\/2020\/06\/Hbaitaci\u00f3n-hotel-granada.jpg\" \/>\n\t<meta property=\"og:image:width\" content=\"1200\" \/>\n\t<meta property=\"og:image:height\" content=\"792\" \/>\n\t<meta property=\"og:image:type\" content=\"image\/jpeg\" \/>\n<meta name=\"twitter:label1\" content=\"Dur\u00e9e de lecture estim\u00e9e\" \/>\n\t<meta name=\"twitter:data1\" content=\"1 minute\" \/>\n<script type=\"application\/ld+json\" class=\"yoast-schema-graph\">{\"@context\":\"https:\\\/\\\/schema.org\",\"@graph\":[{\"@type\":\"WebPage\",\"@id\":\"https:\\\/\\\/www.inmsol.com\\\/fr\\\/otros-alojamientos\\\/\",\"url\":\"https:\\\/\\\/www.inmsol.com\\\/fr\\\/otros-alojamientos\\\/\",\"name\":\"D'autres options d'h\u00e9bergement | Options d'h\u00e9bergement avec iNMSOL\",\"isPartOf\":{\"@id\":\"https:\\\/\\\/www.inmsol.com\\\/fr\\\/#website\"},\"primaryImageOfPage\":{\"@id\":\"https:\\\/\\\/www.inmsol.com\\\/fr\\\/otros-alojamientos\\\/#primaryimage\"},\"image\":{\"@id\":\"https:\\\/\\\/www.inmsol.com\\\/fr\\\/otros-alojamientos\\\/#primaryimage\"},\"thumbnailUrl\":\"https:\\\/\\\/www.inmsol.com\\\/wp-content\\\/uploads\\\/2020\\\/06\\\/Hbaitaci\u00f3n-hotel-granada.jpg\",\"datePublished\":\"2020-06-03T09:45:43+00:00\",\"dateModified\":\"2024-06-17T09:01:23+00:00\",\"description\":\"iNMSOL peut r\u00e9server l'h\u00e9bergement dans d'autres types de modalit\u00e9s diff\u00e9rentes: h\u00f4tel, auberge ou appartements touristiques priv\u00e9s \u00e0 Granada.\",\"breadcrumb\":{\"@id\":\"https:\\\/\\\/www.inmsol.com\\\/fr\\\/otros-alojamientos\\\/#breadcrumb\"},\"inLanguage\":\"fr-FR\",\"potentialAction\":[{\"@type\":\"ReadAction\",\"target\":[\"https:\\\/\\\/www.inmsol.com\\\/fr\\\/otros-alojamientos\\\/\"]}]},{\"@type\":\"ImageObject\",\"inLanguage\":\"fr-FR\",\"@id\":\"https:\\\/\\\/www.inmsol.com\\\/fr\\\/otros-alojamientos\\\/#primaryimage\",\"url\":\"https:\\\/\\\/www.inmsol.com\\\/wp-content\\\/uploads\\\/2020\\\/06\\\/Hbaitaci\u00f3n-hotel-granada.jpg\",\"contentUrl\":\"https:\\\/\\\/www.inmsol.com\\\/wp-content\\\/uploads\\\/2020\\\/06\\\/Hbaitaci\u00f3n-hotel-granada.jpg\",\"width\":1200,\"height\":792,\"caption\":\"Habitaci\u00f3n de hotel en Granada\"},{\"@type\":\"BreadcrumbList\",\"@id\":\"https:\\\/\\\/www.inmsol.com\\\/fr\\\/otros-alojamientos\\\/#breadcrumb\",\"itemListElement\":[{\"@type\":\"ListItem\",\"position\":1,\"name\":\"Accredited Center by Instituto Cervantes\",\"item\":\"https:\\\/\\\/www.inmsol.com\\\/fr\\\/pagina-ejemplo\\\/\"},{\"@type\":\"ListItem\",\"position\":2,\"name\":\"D&rsquo;autres options d&rsquo;h\u00e9bergement\"}]},{\"@type\":\"WebSite\",\"@id\":\"https:\\\/\\\/www.inmsol.com\\\/fr\\\/#website\",\"url\":\"https:\\\/\\\/www.inmsol.com\\\/fr\\\/\",\"name\":\"iNMSOL\",\"description\":\"Apprenez l'espagnol avec nous - Centre de formation affili\u00e9 \u00e0 l'Institute Cervantes\",\"publisher\":{\"@id\":\"https:\\\/\\\/www.inmsol.com\\\/fr\\\/#organization\"},\"potentialAction\":[{\"@type\":\"SearchAction\",\"target\":{\"@type\":\"EntryPoint\",\"urlTemplate\":\"https:\\\/\\\/www.inmsol.com\\\/fr\\\/?s={search_term_string}\"},\"query-input\":{\"@type\":\"PropertyValueSpecification\",\"valueRequired\":true,\"valueName\":\"search_term_string\"}}],\"inLanguage\":\"fr-FR\"},{\"@type\":\"Organization\",\"@id\":\"https:\\\/\\\/www.inmsol.com\\\/fr\\\/#organization\",\"name\":\"Instituto Mediterr\u00e1neo Sol\",\"url\":\"https:\\\/\\\/www.inmsol.com\\\/fr\\\/\",\"logo\":{\"@type\":\"ImageObject\",\"inLanguage\":\"fr-FR\",\"@id\":\"https:\\\/\\\/www.inmsol.com\\\/fr\\\/#\\\/schema\\\/logo\\\/image\\\/\",\"url\":\"https:\\\/\\\/www.inmsol.com\\\/wp-content\\\/uploads\\\/2023\\\/06\\\/logo-inmsol-1.png\",\"contentUrl\":\"https:\\\/\\\/www.inmsol.com\\\/wp-content\\\/uploads\\\/2023\\\/06\\\/logo-inmsol-1.png\",\"width\":136,\"height\":73,\"caption\":\"Instituto Mediterr\u00e1neo Sol\"},\"image\":{\"@id\":\"https:\\\/\\\/www.inmsol.com\\\/fr\\\/#\\\/schema\\\/logo\\\/image\\\/\"},\"sameAs\":[\"https:\\\/\\\/www.facebook.com\\\/spanishcourses\",\"https:\\\/\\\/x.com\\\/StudyInGranada\",\"http:\\\/\\\/instagram.com\\\/imsolgranada\",\"https:\\\/\\\/es.linkedin.com\\\/company\\\/imsol-granada\",\"https:\\\/\\\/www.pinterest.es\\\/inmsol\\\/\",\"https:\\\/\\\/www.youtube.com\\\/channel\\\/UChz-Qn_7coFMosY85iYMO4g\"]}]}<\/script>\n<!-- \/ Yoast SEO plugin. -->","yoast_head_json":{"title":"D'autres options d'h\u00e9bergement | Options d'h\u00e9bergement avec iNMSOL","description":"iNMSOL peut r\u00e9server l'h\u00e9bergement dans d'autres types de modalit\u00e9s diff\u00e9rentes: h\u00f4tel, auberge ou appartements touristiques priv\u00e9s \u00e0 Granada.","robots":{"index":"index","follow":"follow","max-snippet":"max-snippet:-1","max-image-preview":"max-image-preview:large","max-video-preview":"max-video-preview:-1"},"canonical":"https:\/\/www.inmsol.com\/fr\/otros-alojamientos\/","og_locale":"fr_FR","og_type":"article","og_title":"D'autres options d'h\u00e9bergement | Options d'h\u00e9bergement avec iNMSOL","og_description":"iNMSOL peut r\u00e9server l'h\u00e9bergement dans d'autres types de modalit\u00e9s diff\u00e9rentes: h\u00f4tel, auberge ou appartements touristiques priv\u00e9s \u00e0 Granada.","og_url":"https:\/\/www.inmsol.com\/fr\/otros-alojamientos\/","og_site_name":"iNMSOL","article_publisher":"https:\/\/www.facebook.com\/spanishcourses","article_modified_time":"2024-06-17T09:01:23+00:00","og_image":[{"width":1200,"height":792,"url":"https:\/\/www.inmsol.com\/wp-content\/uploads\/2020\/06\/Hbaitaci\u00f3n-hotel-granada.jpg","type":"image\/jpeg"}],"twitter_misc":{"Dur\u00e9e de lecture estim\u00e9e":"1 minute"},"schema":{"@context":"https:\/\/schema.org","@graph":[{"@type":"WebPage","@id":"https:\/\/www.inmsol.com\/fr\/otros-alojamientos\/","url":"https:\/\/www.inmsol.com\/fr\/otros-alojamientos\/","name":"D'autres options d'h\u00e9bergement | Options d'h\u00e9bergement avec iNMSOL","isPartOf":{"@id":"https:\/\/www.inmsol.com\/fr\/#website"},"primaryImageOfPage":{"@id":"https:\/\/www.inmsol.com\/fr\/otros-alojamientos\/#primaryimage"},"image":{"@id":"https:\/\/www.inmsol.com\/fr\/otros-alojamientos\/#primaryimage"},"thumbnailUrl":"https:\/\/www.inmsol.com\/wp-content\/uploads\/2020\/06\/Hbaitaci\u00f3n-hotel-granada.jpg","datePublished":"2020-06-03T09:45:43+00:00","dateModified":"2024-06-17T09:01:23+00:00","description":"iNMSOL peut r\u00e9server l'h\u00e9bergement dans d'autres types de modalit\u00e9s diff\u00e9rentes: h\u00f4tel, auberge ou appartements touristiques priv\u00e9s \u00e0 Granada.","breadcrumb":{"@id":"https:\/\/www.inmsol.com\/fr\/otros-alojamientos\/#breadcrumb"},"inLanguage":"fr-FR","potentialAction":[{"@type":"ReadAction","target":["https:\/\/www.inmsol.com\/fr\/otros-alojamientos\/"]}]},{"@type":"ImageObject","inLanguage":"fr-FR","@id":"https:\/\/www.inmsol.com\/fr\/otros-alojamientos\/#primaryimage","url":"https:\/\/www.inmsol.com\/wp-content\/uploads\/2020\/06\/Hbaitaci\u00f3n-hotel-granada.jpg","contentUrl":"https:\/\/www.inmsol.com\/wp-content\/uploads\/2020\/06\/Hbaitaci\u00f3n-hotel-granada.jpg","width":1200,"height":792,"caption":"Habitaci\u00f3n de hotel en Granada"},{"@type":"BreadcrumbList","@id":"https:\/\/www.inmsol.com\/fr\/otros-alojamientos\/#breadcrumb","itemListElement":[{"@type":"ListItem","position":1,"name":"Accredited Center by Instituto Cervantes","item":"https:\/\/www.inmsol.com\/fr\/pagina-ejemplo\/"},{"@type":"ListItem","position":2,"name":"D&rsquo;autres options d&rsquo;h\u00e9bergement"}]},{"@type":"WebSite","@id":"https:\/\/www.inmsol.com\/fr\/#website","url":"https:\/\/www.inmsol.com\/fr\/","name":"iNMSOL","description":"Apprenez l'espagnol avec nous - Centre de formation affili\u00e9 \u00e0 l'Institute Cervantes","publisher":{"@id":"https:\/\/www.inmsol.com\/fr\/#organization"},"potentialAction":[{"@type":"SearchAction","target":{"@type":"EntryPoint","urlTemplate":"https:\/\/www.inmsol.com\/fr\/?s={search_term_string}"},"query-input":{"@type":"PropertyValueSpecification","valueRequired":true,"valueName":"search_term_string"}}],"inLanguage":"fr-FR"},{"@type":"Organization","@id":"https:\/\/www.inmsol.com\/fr\/#organization","name":"Instituto Mediterr\u00e1neo Sol","url":"https:\/\/www.inmsol.com\/fr\/","logo":{"@type":"ImageObject","inLanguage":"fr-FR","@id":"https:\/\/www.inmsol.com\/fr\/#\/schema\/logo\/image\/","url":"https:\/\/www.inmsol.com\/wp-content\/uploads\/2023\/06\/logo-inmsol-1.png","contentUrl":"https:\/\/www.inmsol.com\/wp-content\/uploads\/2023\/06\/logo-inmsol-1.png","width":136,"height":73,"caption":"Instituto Mediterr\u00e1neo Sol"},"image":{"@id":"https:\/\/www.inmsol.com\/fr\/#\/schema\/logo\/image\/"},"sameAs":["https:\/\/www.facebook.com\/spanishcourses","https:\/\/x.com\/StudyInGranada","http:\/\/instagram.com\/imsolgranada","https:\/\/es.linkedin.com\/company\/imsol-granada","https:\/\/www.pinterest.es\/inmsol\/","https:\/\/www.youtube.com\/channel\/UChz-Qn_7coFMosY85iYMO4g"]}]}},"_links":{"self":[{"href":"https:\/\/www.inmsol.com\/fr\/wp-json\/wp\/v2\/pages\/51196","targetHints":{"allow":["GET"]}}],"collection":[{"href":"https:\/\/www.inmsol.com\/fr\/wp-json\/wp\/v2\/pages"}],"about":[{"href":"https:\/\/www.inmsol.com\/fr\/wp-json\/wp\/v2\/types\/page"}],"author":[{"embeddable":true,"href":"https:\/\/www.inmsol.com\/fr\/wp-json\/wp\/v2\/users\/31"}],"replies":[{"embeddable":true,"href":"https:\/\/www.inmsol.com\/fr\/wp-json\/wp\/v2\/comments?post=51196"}],"version-history":[{"count":0,"href":"https:\/\/www.inmsol.com\/fr\/wp-json\/wp\/v2\/pages\/51196\/revisions"}],"wp:featuredmedia":[{"embeddable":true,"href":"https:\/\/www.inmsol.com\/fr\/wp-json\/wp\/v2\/media\/50565"}],"wp:attachment":[{"href":"https:\/\/www.inmsol.com\/fr\/wp-json\/wp\/v2\/media?parent=51196"}],"curies":[{"name":"wp","href":"https:\/\/api.w.org\/{rel}","templated":true}]}}