{"id":54811,"date":"2021-01-21T13:05:01","date_gmt":"2021-01-21T12:05:01","guid":{"rendered":"https:\/\/www.inmsol.com\/accredited-centre-by-the-instituto-cervantes\/"},"modified":"2025-10-31T17:16:38","modified_gmt":"2025-10-31T16:16:38","slug":"centre-agree-instituto-cervantes","status":"publish","type":"page","link":"https:\/\/www.inmsol.com\/fr\/centre-agree-instituto-cervantes\/","title":{"rendered":"Centre Agr\u00e9\u00e9 par l&rsquo;Instituto Cervantes"},"content":{"rendered":"\t\t<div data-elementor-type=\"wp-page\" data-elementor-id=\"54811\" class=\"elementor elementor-54811 elementor-54798\" data-elementor-post-type=\"page\">\n\t\t\t\t\t\t<section class=\"elementor-section elementor-top-section elementor-element elementor-element-73fbc57 elementor-section-full_width elementor-section-height-min-height elementor-section-stretched elementor-section-height-default elementor-section-items-middle parallax_section_no qode_elementor_container_no\" data-id=\"73fbc57\" data-element_type=\"section\" data-settings=\"{&quot;stretch_section&quot;:&quot;section-stretched&quot;,&quot;background_background&quot;:&quot;classic&quot;}\">\n\t\t\t\t\t\t\t<div class=\"elementor-background-overlay\"><\/div>\n\t\t\t\t\t\t\t<div class=\"elementor-container elementor-column-gap-no\">\n\t\t\t\t\t<div class=\"elementor-column elementor-col-100 elementor-top-column elementor-element elementor-element-f7649e4\" data-id=\"f7649e4\" data-element_type=\"column\">\n\t\t\t<div class=\"elementor-widget-wrap elementor-element-populated\">\n\t\t\t\t\t\t<section class=\"elementor-section elementor-inner-section elementor-element elementor-element-4658518 elementor-section-boxed elementor-section-height-default elementor-section-height-default parallax_section_no qode_elementor_container_no\" data-id=\"4658518\" data-element_type=\"section\">\n\t\t\t\t\t\t<div class=\"elementor-container elementor-column-gap-default\">\n\t\t\t\t\t<div class=\"elementor-column elementor-col-100 elementor-inner-column elementor-element elementor-element-33b71d0\" data-id=\"33b71d0\" data-element_type=\"column\">\n\t\t\t<div class=\"elementor-widget-wrap elementor-element-populated\">\n\t\t\t\t\t\t\t<\/div>\n\t\t<\/div>\n\t\t\t\t\t<\/div>\n\t\t<\/section>\n\t\t\t\t\t<\/div>\n\t\t<\/div>\n\t\t\t\t\t<\/div>\n\t\t<\/section>\n\t\t\t\t<section class=\"elementor-section elementor-top-section elementor-element elementor-element-c22fa41 elementor-section-full_width elementor-section-stretched elementor-section-height-default elementor-section-height-default parallax_section_no qode_elementor_container_no\" data-id=\"c22fa41\" data-element_type=\"section\" data-settings=\"{&quot;stretch_section&quot;:&quot;section-stretched&quot;,&quot;background_background&quot;:&quot;classic&quot;}\">\n\t\t\t\t\t\t<div class=\"elementor-container elementor-column-gap-default\">\n\t\t\t\t\t<div class=\"elementor-column elementor-col-100 elementor-top-column elementor-element elementor-element-33d5e13\" data-id=\"33d5e13\" data-element_type=\"column\">\n\t\t\t<div class=\"elementor-widget-wrap elementor-element-populated\">\n\t\t\t\t\t\t<section class=\"elementor-section elementor-inner-section elementor-element elementor-element-1012edc elementor-section-boxed elementor-section-height-default elementor-section-height-default parallax_section_no qode_elementor_container_no\" data-id=\"1012edc\" data-element_type=\"section\">\n\t\t\t\t\t\t<div class=\"elementor-container elementor-column-gap-default\">\n\t\t\t\t\t<div class=\"elementor-column elementor-col-100 elementor-inner-column elementor-element elementor-element-74f0eca\" data-id=\"74f0eca\" data-element_type=\"column\">\n\t\t\t<div class=\"elementor-widget-wrap elementor-element-populated\">\n\t\t\t\t\t\t<div class=\"elementor-element elementor-element-cce2cf5 elementor-widget elementor-widget-qi_addons_for_elementor_image_slider\" data-id=\"cce2cf5\" data-element_type=\"widget\" data-widget_type=\"qi_addons_for_elementor_image_slider.default\">\n\t\t\t\t<div class=\"elementor-widget-container\">\n\t\t\t\t\t<div class=\"qodef-shortcode qodef-m qodef-qi-image-slider qodef-qi-fslightbox-popup qodef-popup-gallery qodef-col-num--1 qodef-qi-grid qodef-qi-swiper-container\" data-options=\"{&quot;direction&quot;:&quot;horizontal&quot;,&quot;slidesPerView&quot;:&quot;1&quot;,&quot;spaceBetween&quot;:30,&quot;spaceBetweenTablet&quot;:30,&quot;spaceBetweenMobile&quot;:30,&quot;effect&quot;:&quot;slide&quot;,&quot;loop&quot;:false,&quot;autoplay&quot;:false,&quot;centeredSlides&quot;:false,&quot;speed&quot;:&quot;&quot;,&quot;speedAnimation&quot;:&quot;&quot;,&quot;outsideNavigation&quot;:&quot;no&quot;,&quot;outsidePagination&quot;:&quot;no&quot;,&quot;unique&quot;:997,&quot;partialValue&quot;:0,&quot;disablePartialValue&quot;:&quot;&quot;,&quot;parallax&quot;:&quot;no&quot;}\">\n\t<div class=\"swiper-wrapper\">\n\t\t<div class=\"qodef-e swiper-slide\">\n\t<div class=\"qodef-e-inner\">\n\t\t<div class=\"qodef-e-inner-holder\">\n\t\t\t\t\t\t\t<a class=\"qodef-popup-item\" itemprop=\"image\" href=\"https:\/\/www.inmsol.com\/wp-content\/uploads\/2023\/07\/Centro-Acreditado-por-el-Instituto-Cervantes.jpg\" data-type=\"image\" data-fslightbox=\"gallery-997\" data-e-disable-page-transition=\u201dtrue\u201d>\n\t\t\t\t\t\t\t<img fetchpriority=\"high\" decoding=\"async\" width=\"1010\" height=\"500\" src=\"https:\/\/www.inmsol.com\/wp-content\/uploads\/2023\/07\/Centro-Acreditado-por-el-Instituto-Cervantes.jpg\" class=\"attachment-full size-full\" alt=\"\" srcset=\"https:\/\/www.inmsol.com\/wp-content\/uploads\/2023\/07\/Centro-Acreditado-por-el-Instituto-Cervantes.jpg 1010w, https:\/\/www.inmsol.com\/wp-content\/uploads\/2023\/07\/Centro-Acreditado-por-el-Instituto-Cervantes-800x396.jpg 800w, https:\/\/www.inmsol.com\/wp-content\/uploads\/2023\/07\/Centro-Acreditado-por-el-Instituto-Cervantes-64x32.jpg 64w, https:\/\/www.inmsol.com\/wp-content\/uploads\/2023\/07\/Centro-Acreditado-por-el-Instituto-Cervantes-460x228.jpg 460w, https:\/\/www.inmsol.com\/wp-content\/uploads\/2023\/07\/Centro-Acreditado-por-el-Instituto-Cervantes-150x74.jpg 150w, https:\/\/www.inmsol.com\/wp-content\/uploads\/2023\/07\/Centro-Acreditado-por-el-Instituto-Cervantes-768x380.jpg 768w, https:\/\/www.inmsol.com\/wp-content\/uploads\/2023\/07\/Centro-Acreditado-por-el-Instituto-Cervantes-700x347.jpg 700w\" sizes=\"(max-width: 1010px) 100vw, 1010px\" \/>\t\t\t\t\t\t\t<\/a>\n\t\t\t\t\t<\/div>\n\t<\/div>\n\t<\/div>\n\t<\/div>\n\t<\/div>\n\t\t\t\t<\/div>\n\t\t\t\t<\/div>\n\t\t\t\t\t<\/div>\n\t\t<\/div>\n\t\t\t\t\t<\/div>\n\t\t<\/section>\n\t\t\t\t\t<\/div>\n\t\t<\/div>\n\t\t\t\t\t<\/div>\n\t\t<\/section>\n\t\t\t\t<section class=\"elementor-section elementor-top-section elementor-element elementor-element-16c8dc1 elementor-section-boxed elementor-section-height-default elementor-section-height-default parallax_section_no qode_elementor_container_no\" data-id=\"16c8dc1\" data-element_type=\"section\">\n\t\t\t\t\t\t<div class=\"elementor-container elementor-column-gap-wider\">\n\t\t\t\t\t<div class=\"elementor-column elementor-col-50 elementor-top-column elementor-element elementor-element-65c2d94\" data-id=\"65c2d94\" data-element_type=\"column\">\n\t\t\t<div class=\"elementor-widget-wrap elementor-element-populated\">\n\t\t\t\t\t\t<div class=\"elementor-element elementor-element-d992af5 elementor-widget elementor-widget-heading\" data-id=\"d992af5\" data-element_type=\"widget\" data-widget_type=\"heading.default\">\n\t\t\t\t<div class=\"elementor-widget-container\">\n\t\t\t\t\t<h3 class=\"elementor-heading-title elementor-size-default\">Pourquoi \u00e9tudier l\u2019Espagnol dans un Centre Agr\u00e9\u00e9?\n<\/h3>\t\t\t\t<\/div>\n\t\t\t\t<\/div>\n\t\t\t\t<div class=\"elementor-element elementor-element-594a91c elementor-widget elementor-widget-text-editor\" data-id=\"594a91c\" data-element_type=\"widget\" data-widget_type=\"text-editor.default\">\n\t\t\t\t<div class=\"elementor-widget-container\">\n\t\t\t\t\t\t\t\t\t<p>Parce que ce Centre Agr\u00e9\u00e9 par l\u2019<strong>Instituto Cervantes<\/strong>:<\/p><ul><li>Respecte l\u2019enseignement de l\u2019espagnol gr\u00e2ce \u00e0 ses conditions de qualit\u00e9.<\/li><li>Respecte les conditions l\u00e9gales pour effectuer leurs enseignements.<\/li><li>Dispose de ressources ad\u00e9quates pour l\u2019enseignement.<\/li><li>Dispose d\u2019\u00e9quipes de professeurs avec des dipl\u00f4mes et des formations ad\u00e9quates.<\/li><li>A un plan d\u2019enseignement qui garantie le progr\u00e8s.<\/li><li>Fixe un nombre limit\u00e9 d\u2019\u00e9l\u00e8ves par classe.<\/li><li>D\u00e9livre des certificats.<\/li><li>R\u00e9alise une publicit\u00e9 v\u00e9ridique en ad\u00e9quation avec l\u2019offre.<\/li><li>D\u00e9taille clairement les prix des cours et des services compl\u00e9mentaires.<\/li><\/ul>\t\t\t\t\t\t\t\t<\/div>\n\t\t\t\t<\/div>\n\t\t\t\t\t<\/div>\n\t\t<\/div>\n\t\t\t\t<div class=\"elementor-column elementor-col-50 elementor-top-column elementor-element elementor-element-68a63fd\" data-id=\"68a63fd\" data-element_type=\"column\">\n\t\t\t<div class=\"elementor-widget-wrap elementor-element-populated\">\n\t\t\t\t\t\t<div class=\"elementor-element elementor-element-1cc2f45 elementor-widget elementor-widget-heading\" data-id=\"1cc2f45\" data-element_type=\"widget\" data-widget_type=\"heading.default\">\n\t\t\t\t<div class=\"elementor-widget-container\">\n\t\t\t\t\t<h3 class=\"elementor-heading-title elementor-size-default\">iNMSOL: Centre Agr\u00e9\u00e9par l\u2019Instituto Cervantes\n<\/h3>\t\t\t\t<\/div>\n\t\t\t\t<\/div>\n\t\t\t\t<div class=\"elementor-element elementor-element-df80c35 elementor-widget elementor-widget-text-editor\" data-id=\"df80c35\" data-element_type=\"widget\" data-widget_type=\"text-editor.default\">\n\t\t\t\t<div class=\"elementor-widget-container\">\n\t\t\t\t\t\t\t\t\t<p><strong>L\u2019<\/strong><a href=\"https:\/\/www.inmsol.com\/fr\/\" target=\"_blank\" rel=\"noopener\"><strong>Instituto Mediterr\u00e1neo Sol<\/strong><\/a>\u00a0est un\u00a0<a href=\"https:\/\/acreditacion.cervantes.es\/\" target=\"_blank\" rel=\"noopener\">Centre Agr\u00e9\u00e9 par l\u2019Instituto Cervantes<\/a>\u00a0depuis 2002, en intermittence. L\u2019Instituto Cervantes proc\u00e8de \u00e0 des inspections p\u00e9riodiques et renouvelle les permis d\u2019accr\u00e9ditation chaque trois ans. Seulement les centres accr\u00e9dit\u00e9s peuvent utiliser les logos de l\u2019<strong>Instituto Cervantes<\/strong>\u00a0et seuls eux peuvent faire de la publicit\u00e9 de cette mani\u00e8re.<\/p>\t\t\t\t\t\t\t\t<\/div>\n\t\t\t\t<\/div>\n\t\t\t\t<div class=\"elementor-element elementor-element-f201586 elementor-widget elementor-widget-qi_addons_for_elementor_blockquote\" data-id=\"f201586\" data-element_type=\"widget\" data-widget_type=\"qi_addons_for_elementor_blockquote.default\">\n\t\t\t\t<div class=\"elementor-widget-container\">\n\t\t\t\t\t<div class=\"qodef-shortcode qodef-m qodef-qi-blockquote qodef-layout--inline qodef--\">\n\t\t\t<p class=\"qodef-m-text\">\n\t\t\t\t\t\tInstituto Mediterr\u00e1neo Sol (iNMSOL), a obtenu l'agr\u00e9ment de l'Instituto Cervantes, ce qui signifie qu'il satisfait aux exigences du Syst\u00e8me d'agr\u00e9ment de centres Instituto Cervantes. Cet agr\u00e9ment est le seul \u00e0 l'\u00e9chelle internationale visant exclusivement l'enseignement de l'espagnol comme langue \u00e9trang\u00e9re.\n\t\t<\/p>\n\t<\/div>\n\t\t\t\t<\/div>\n\t\t\t\t<\/div>\n\t\t\t\t\t<\/div>\n\t\t<\/div>\n\t\t\t\t\t<\/div>\n\t\t<\/section>\n\t\t\t\t<\/div>\n\t\t","protected":false},"excerpt":{"rendered":"<p>Souhaitez-vous savoir pourquoi nous vous recommandons d&rsquo;\u00e9tudier l&rsquo;espagnol dans un Centre Agr\u00e9\u00e9 par l&rsquo;Instituto Cervantes? <\/p>\n","protected":false},"author":31,"featured_media":54802,"parent":0,"menu_order":0,"comment_status":"closed","ping_status":"closed","template":"","meta":{"_acf_changed":false,"footnotes":""},"class_list":["post-54811","page","type-page","status-publish","has-post-thumbnail","hentry"],"acf":[],"yoast_head":"<!-- This site is optimized with the Yoast SEO plugin v27.4 - https:\/\/yoast.com\/product\/yoast-seo-wordpress\/ -->\n<title>Centre Agr\u00e9\u00e9 par l&#039;Instituto Cervantes | Instituto Mediterr\u00e1neo Sol<\/title>\n<meta name=\"description\" content=\"Souhaitez-vous savoir pourquoi nous vous recommandons d&#039;\u00e9tudier l&#039;espagnol dans un Centre Agr\u00e9\u00e9 par l&#039;Instituto Cervantes?\" \/>\n<meta name=\"robots\" content=\"index, follow, max-snippet:-1, max-image-preview:large, max-video-preview:-1\" \/>\n<link rel=\"canonical\" href=\"https:\/\/www.inmsol.com\/fr\/centre-agree-instituto-cervantes\/\" \/>\n<meta property=\"og:locale\" content=\"fr_FR\" \/>\n<meta property=\"og:type\" content=\"article\" \/>\n<meta property=\"og:title\" content=\"Centre Agr\u00e9\u00e9 par l&#039;Instituto Cervantes | Instituto Mediterr\u00e1neo Sol\" \/>\n<meta property=\"og:description\" content=\"Souhaitez-vous savoir pourquoi nous vous recommandons d&#039;\u00e9tudier l&#039;espagnol dans un Centre Agr\u00e9\u00e9 par l&#039;Instituto Cervantes?\" \/>\n<meta property=\"og:url\" content=\"https:\/\/www.inmsol.com\/fr\/centre-agree-instituto-cervantes\/\" \/>\n<meta property=\"og:site_name\" content=\"iNMSOL\" \/>\n<meta property=\"article:publisher\" content=\"https:\/\/www.facebook.com\/spanishcourses\" \/>\n<meta property=\"article:modified_time\" content=\"2025-10-31T16:16:38+00:00\" \/>\n<meta property=\"og:image\" content=\"https:\/\/www.inmsol.com\/wp-content\/uploads\/2021\/01\/Centro-Acreditado-por-el-Instituto-Cervantes.jpg\" \/>\n\t<meta property=\"og:image:width\" content=\"1010\" \/>\n\t<meta property=\"og:image:height\" content=\"500\" \/>\n\t<meta property=\"og:image:type\" content=\"image\/jpeg\" \/>\n<meta name=\"twitter:label1\" content=\"Dur\u00e9e de lecture estim\u00e9e\" \/>\n\t<meta name=\"twitter:data1\" content=\"2 minutes\" \/>\n<script type=\"application\/ld+json\" class=\"yoast-schema-graph\">{\"@context\":\"https:\\\/\\\/schema.org\",\"@graph\":[{\"@type\":\"WebPage\",\"@id\":\"https:\\\/\\\/www.inmsol.com\\\/fr\\\/centre-agree-instituto-cervantes\\\/\",\"url\":\"https:\\\/\\\/www.inmsol.com\\\/fr\\\/centre-agree-instituto-cervantes\\\/\",\"name\":\"Centre Agr\u00e9\u00e9 par l'Instituto Cervantes | Instituto Mediterr\u00e1neo Sol\",\"isPartOf\":{\"@id\":\"https:\\\/\\\/www.inmsol.com\\\/fr\\\/#website\"},\"primaryImageOfPage\":{\"@id\":\"https:\\\/\\\/www.inmsol.com\\\/fr\\\/centre-agree-instituto-cervantes\\\/#primaryimage\"},\"image\":{\"@id\":\"https:\\\/\\\/www.inmsol.com\\\/fr\\\/centre-agree-instituto-cervantes\\\/#primaryimage\"},\"thumbnailUrl\":\"https:\\\/\\\/www.inmsol.com\\\/wp-content\\\/uploads\\\/2021\\\/01\\\/Centro-Acreditado-por-el-Instituto-Cervantes.jpg\",\"datePublished\":\"2021-01-21T12:05:01+00:00\",\"dateModified\":\"2025-10-31T16:16:38+00:00\",\"description\":\"Souhaitez-vous savoir pourquoi nous vous recommandons d'\u00e9tudier l'espagnol dans un Centre Agr\u00e9\u00e9 par l'Instituto Cervantes?\",\"breadcrumb\":{\"@id\":\"https:\\\/\\\/www.inmsol.com\\\/fr\\\/centre-agree-instituto-cervantes\\\/#breadcrumb\"},\"inLanguage\":\"fr-FR\",\"potentialAction\":[{\"@type\":\"ReadAction\",\"target\":[\"https:\\\/\\\/www.inmsol.com\\\/fr\\\/centre-agree-instituto-cervantes\\\/\"]}]},{\"@type\":\"ImageObject\",\"inLanguage\":\"fr-FR\",\"@id\":\"https:\\\/\\\/www.inmsol.com\\\/fr\\\/centre-agree-instituto-cervantes\\\/#primaryimage\",\"url\":\"https:\\\/\\\/www.inmsol.com\\\/wp-content\\\/uploads\\\/2021\\\/01\\\/Centro-Acreditado-por-el-Instituto-Cervantes.jpg\",\"contentUrl\":\"https:\\\/\\\/www.inmsol.com\\\/wp-content\\\/uploads\\\/2021\\\/01\\\/Centro-Acreditado-por-el-Instituto-Cervantes.jpg\",\"width\":1010,\"height\":500,\"caption\":\"Accredited Centre by Instituto Cervantes\"},{\"@type\":\"BreadcrumbList\",\"@id\":\"https:\\\/\\\/www.inmsol.com\\\/fr\\\/centre-agree-instituto-cervantes\\\/#breadcrumb\",\"itemListElement\":[{\"@type\":\"ListItem\",\"position\":1,\"name\":\"Accredited Center by Instituto Cervantes\",\"item\":\"https:\\\/\\\/www.inmsol.com\\\/fr\\\/pagina-ejemplo\\\/\"},{\"@type\":\"ListItem\",\"position\":2,\"name\":\"Centre Agr\u00e9\u00e9 par l&#8217;Instituto Cervantes\"}]},{\"@type\":\"WebSite\",\"@id\":\"https:\\\/\\\/www.inmsol.com\\\/fr\\\/#website\",\"url\":\"https:\\\/\\\/www.inmsol.com\\\/fr\\\/\",\"name\":\"iNMSOL\",\"description\":\"Apprenez l'espagnol avec nous - Centre de formation affili\u00e9 \u00e0 l'Institute Cervantes\",\"publisher\":{\"@id\":\"https:\\\/\\\/www.inmsol.com\\\/fr\\\/#organization\"},\"potentialAction\":[{\"@type\":\"SearchAction\",\"target\":{\"@type\":\"EntryPoint\",\"urlTemplate\":\"https:\\\/\\\/www.inmsol.com\\\/fr\\\/?s={search_term_string}\"},\"query-input\":{\"@type\":\"PropertyValueSpecification\",\"valueRequired\":true,\"valueName\":\"search_term_string\"}}],\"inLanguage\":\"fr-FR\"},{\"@type\":\"Organization\",\"@id\":\"https:\\\/\\\/www.inmsol.com\\\/fr\\\/#organization\",\"name\":\"Instituto Mediterr\u00e1neo Sol\",\"url\":\"https:\\\/\\\/www.inmsol.com\\\/fr\\\/\",\"logo\":{\"@type\":\"ImageObject\",\"inLanguage\":\"fr-FR\",\"@id\":\"https:\\\/\\\/www.inmsol.com\\\/fr\\\/#\\\/schema\\\/logo\\\/image\\\/\",\"url\":\"https:\\\/\\\/www.inmsol.com\\\/wp-content\\\/uploads\\\/2023\\\/06\\\/logo-inmsol-1.png\",\"contentUrl\":\"https:\\\/\\\/www.inmsol.com\\\/wp-content\\\/uploads\\\/2023\\\/06\\\/logo-inmsol-1.png\",\"width\":136,\"height\":73,\"caption\":\"Instituto Mediterr\u00e1neo Sol\"},\"image\":{\"@id\":\"https:\\\/\\\/www.inmsol.com\\\/fr\\\/#\\\/schema\\\/logo\\\/image\\\/\"},\"sameAs\":[\"https:\\\/\\\/www.facebook.com\\\/spanishcourses\",\"https:\\\/\\\/x.com\\\/StudyInGranada\",\"http:\\\/\\\/instagram.com\\\/imsolgranada\",\"https:\\\/\\\/es.linkedin.com\\\/company\\\/imsol-granada\",\"https:\\\/\\\/www.pinterest.es\\\/inmsol\\\/\",\"https:\\\/\\\/www.youtube.com\\\/channel\\\/UChz-Qn_7coFMosY85iYMO4g\"]}]}<\/script>\n<!-- \/ Yoast SEO plugin. -->","yoast_head_json":{"title":"Centre Agr\u00e9\u00e9 par l'Instituto Cervantes | Instituto Mediterr\u00e1neo Sol","description":"Souhaitez-vous savoir pourquoi nous vous recommandons d'\u00e9tudier l'espagnol dans un Centre Agr\u00e9\u00e9 par l'Instituto Cervantes?","robots":{"index":"index","follow":"follow","max-snippet":"max-snippet:-1","max-image-preview":"max-image-preview:large","max-video-preview":"max-video-preview:-1"},"canonical":"https:\/\/www.inmsol.com\/fr\/centre-agree-instituto-cervantes\/","og_locale":"fr_FR","og_type":"article","og_title":"Centre Agr\u00e9\u00e9 par l'Instituto Cervantes | Instituto Mediterr\u00e1neo Sol","og_description":"Souhaitez-vous savoir pourquoi nous vous recommandons d'\u00e9tudier l'espagnol dans un Centre Agr\u00e9\u00e9 par l'Instituto Cervantes?","og_url":"https:\/\/www.inmsol.com\/fr\/centre-agree-instituto-cervantes\/","og_site_name":"iNMSOL","article_publisher":"https:\/\/www.facebook.com\/spanishcourses","article_modified_time":"2025-10-31T16:16:38+00:00","og_image":[{"width":1010,"height":500,"url":"https:\/\/www.inmsol.com\/wp-content\/uploads\/2021\/01\/Centro-Acreditado-por-el-Instituto-Cervantes.jpg","type":"image\/jpeg"}],"twitter_misc":{"Dur\u00e9e de lecture estim\u00e9e":"2 minutes"},"schema":{"@context":"https:\/\/schema.org","@graph":[{"@type":"WebPage","@id":"https:\/\/www.inmsol.com\/fr\/centre-agree-instituto-cervantes\/","url":"https:\/\/www.inmsol.com\/fr\/centre-agree-instituto-cervantes\/","name":"Centre Agr\u00e9\u00e9 par l'Instituto Cervantes | Instituto Mediterr\u00e1neo Sol","isPartOf":{"@id":"https:\/\/www.inmsol.com\/fr\/#website"},"primaryImageOfPage":{"@id":"https:\/\/www.inmsol.com\/fr\/centre-agree-instituto-cervantes\/#primaryimage"},"image":{"@id":"https:\/\/www.inmsol.com\/fr\/centre-agree-instituto-cervantes\/#primaryimage"},"thumbnailUrl":"https:\/\/www.inmsol.com\/wp-content\/uploads\/2021\/01\/Centro-Acreditado-por-el-Instituto-Cervantes.jpg","datePublished":"2021-01-21T12:05:01+00:00","dateModified":"2025-10-31T16:16:38+00:00","description":"Souhaitez-vous savoir pourquoi nous vous recommandons d'\u00e9tudier l'espagnol dans un Centre Agr\u00e9\u00e9 par l'Instituto Cervantes?","breadcrumb":{"@id":"https:\/\/www.inmsol.com\/fr\/centre-agree-instituto-cervantes\/#breadcrumb"},"inLanguage":"fr-FR","potentialAction":[{"@type":"ReadAction","target":["https:\/\/www.inmsol.com\/fr\/centre-agree-instituto-cervantes\/"]}]},{"@type":"ImageObject","inLanguage":"fr-FR","@id":"https:\/\/www.inmsol.com\/fr\/centre-agree-instituto-cervantes\/#primaryimage","url":"https:\/\/www.inmsol.com\/wp-content\/uploads\/2021\/01\/Centro-Acreditado-por-el-Instituto-Cervantes.jpg","contentUrl":"https:\/\/www.inmsol.com\/wp-content\/uploads\/2021\/01\/Centro-Acreditado-por-el-Instituto-Cervantes.jpg","width":1010,"height":500,"caption":"Accredited Centre by Instituto Cervantes"},{"@type":"BreadcrumbList","@id":"https:\/\/www.inmsol.com\/fr\/centre-agree-instituto-cervantes\/#breadcrumb","itemListElement":[{"@type":"ListItem","position":1,"name":"Accredited Center by Instituto Cervantes","item":"https:\/\/www.inmsol.com\/fr\/pagina-ejemplo\/"},{"@type":"ListItem","position":2,"name":"Centre Agr\u00e9\u00e9 par l&#8217;Instituto Cervantes"}]},{"@type":"WebSite","@id":"https:\/\/www.inmsol.com\/fr\/#website","url":"https:\/\/www.inmsol.com\/fr\/","name":"iNMSOL","description":"Apprenez l'espagnol avec nous - Centre de formation affili\u00e9 \u00e0 l'Institute Cervantes","publisher":{"@id":"https:\/\/www.inmsol.com\/fr\/#organization"},"potentialAction":[{"@type":"SearchAction","target":{"@type":"EntryPoint","urlTemplate":"https:\/\/www.inmsol.com\/fr\/?s={search_term_string}"},"query-input":{"@type":"PropertyValueSpecification","valueRequired":true,"valueName":"search_term_string"}}],"inLanguage":"fr-FR"},{"@type":"Organization","@id":"https:\/\/www.inmsol.com\/fr\/#organization","name":"Instituto Mediterr\u00e1neo Sol","url":"https:\/\/www.inmsol.com\/fr\/","logo":{"@type":"ImageObject","inLanguage":"fr-FR","@id":"https:\/\/www.inmsol.com\/fr\/#\/schema\/logo\/image\/","url":"https:\/\/www.inmsol.com\/wp-content\/uploads\/2023\/06\/logo-inmsol-1.png","contentUrl":"https:\/\/www.inmsol.com\/wp-content\/uploads\/2023\/06\/logo-inmsol-1.png","width":136,"height":73,"caption":"Instituto Mediterr\u00e1neo Sol"},"image":{"@id":"https:\/\/www.inmsol.com\/fr\/#\/schema\/logo\/image\/"},"sameAs":["https:\/\/www.facebook.com\/spanishcourses","https:\/\/x.com\/StudyInGranada","http:\/\/instagram.com\/imsolgranada","https:\/\/es.linkedin.com\/company\/imsol-granada","https:\/\/www.pinterest.es\/inmsol\/","https:\/\/www.youtube.com\/channel\/UChz-Qn_7coFMosY85iYMO4g"]}]}},"_links":{"self":[{"href":"https:\/\/www.inmsol.com\/fr\/wp-json\/wp\/v2\/pages\/54811","targetHints":{"allow":["GET"]}}],"collection":[{"href":"https:\/\/www.inmsol.com\/fr\/wp-json\/wp\/v2\/pages"}],"about":[{"href":"https:\/\/www.inmsol.com\/fr\/wp-json\/wp\/v2\/types\/page"}],"author":[{"embeddable":true,"href":"https:\/\/www.inmsol.com\/fr\/wp-json\/wp\/v2\/users\/31"}],"replies":[{"embeddable":true,"href":"https:\/\/www.inmsol.com\/fr\/wp-json\/wp\/v2\/comments?post=54811"}],"version-history":[{"count":3,"href":"https:\/\/www.inmsol.com\/fr\/wp-json\/wp\/v2\/pages\/54811\/revisions"}],"predecessor-version":[{"id":88478,"href":"https:\/\/www.inmsol.com\/fr\/wp-json\/wp\/v2\/pages\/54811\/revisions\/88478"}],"wp:featuredmedia":[{"embeddable":true,"href":"https:\/\/www.inmsol.com\/fr\/wp-json\/wp\/v2\/media\/54802"}],"wp:attachment":[{"href":"https:\/\/www.inmsol.com\/fr\/wp-json\/wp\/v2\/media?parent=54811"}],"curies":[{"name":"wp","href":"https:\/\/api.w.org\/{rel}","templated":true}]}}