{"id":70081,"date":"2023-03-09T16:47:38","date_gmt":"2023-03-09T15:47:38","guid":{"rendered":"https:\/\/www.inmsol.com\/?page_id=70081"},"modified":"2023-03-17T20:09:39","modified_gmt":"2023-03-17T19:09:39","slug":"declaration-accessibilite","status":"publish","type":"page","link":"https:\/\/www.inmsol.com\/fr\/declaration-accessibilite\/","title":{"rendered":"D\u00e9claration d\u2019Accessibilit\u00e9"},"content":{"rendered":"<p class=\"p1\"><span class=\"s1\">Conform\u00e9ment \u00e0 la r\u00e9glementation en vigueur en mati\u00e8re d&rsquo;accessibilit\u00e9, ce Site Internet est con\u00e7u avec l&rsquo;intention premi\u00e8re d&rsquo;en faciliter l&rsquo;utilisation au plus grand nombre possible d&rsquo;utilisateurs. Quelles que soient leurs caract\u00e9ristiques et conditions (capacit\u00e9s, limitations, mat\u00e9riels, logiciels, communications&#8230;). Nous voulons offrir la possibilit\u00e9 de pr\u00e9senter son contenu de mani\u00e8re universelle et d&rsquo;\u00e9valuer tout \u00e9ventuel handicap:<\/span><\/p>\n<ul>\n<li class=\"p1\"><span class=\"s1\">Physique<\/span><\/li>\n<li class=\"p1\"><span class=\"s1\">Intellectuel<\/span><\/li>\n<li class=\"p1\"><span class=\"s1\">Technique<\/span><\/li>\n<\/ul>\n<p><span class=\"s1\">Aussi au contexte sp\u00e9cifique d&rsquo;utilisation (conditions technologiques ou environnementales).<\/span><\/p>\n<p class=\"p1\"><span class=\"s1\">Pour cette raison, dans sa construction, sa conception et son d\u00e9veloppement, toutes les mesures et crit\u00e8res adopt\u00e9s visent \u00e0 assurer l&rsquo;accessibilit\u00e9. Que ses utilisateurs obtiennent toutes les informations et tous les services mis \u00e0 leur disposition.<\/span><\/p>\n<h3 class=\"p1\"><span class=\"s1\">Conformit\u00e9 et pr\u00e9paration<\/span><\/h3>\n<p class=\"p1\"><span class=\"s1\">Avec le r\u00e9sultat <strong>partiellement conforme<\/strong>, la pr\u00e9paration de cette d\u00e9claration a \u00e9t\u00e9 effectu\u00e9e le 1er mars 2023 par la m\u00e9thode d&rsquo;auto-\u00e9valuation, le site Web ayant \u00e9t\u00e9 d\u00e9velopp\u00e9 selon les normes suivantes\u00a0:<\/span><\/p>\n<ul class=\"ul1\">\n<li class=\"li1\"><span class=\"s2\">Il a \u00e9t\u00e9 con\u00e7u en s&rsquo;adaptant aux normes et r\u00e9glementations en vigueur en mati\u00e8re d&rsquo;accessibilit\u00e9, en respectant les points de contr\u00f4le de priorit\u00e9 2 (AA) d\u00e9finis dans la sp\u00e9cification Web Content Accessibility Guidelines (WCAG 2.1).<\/span><\/li>\n<li class=\"li1\"><span class=\"s2\">Il est optimis\u00e9 pour \u00eatre compatible avec les derni\u00e8res versions des diff\u00e9rents navigateurs d&rsquo;exploitation.<\/span><\/li>\n<li class=\"li1\"><span class=\"s2\">Il a \u00e9t\u00e9 con\u00e7u et optimis\u00e9 pour sa visualisation correcte dans n&rsquo;importe quelle r\u00e9solution d&rsquo;\u00e9cran et type d\u2019appareil.<\/span><\/li>\n<li class=\"li1\"><span class=\"s2\">Il a \u00e9t\u00e9 d\u00e9velopp\u00e9 en utilisant HTML5 comme langage de balisage et des feuilles de style CSS3 pour sa conception.<\/span><\/li>\n<li class=\"li1\"><span class=\"s2\">Il pr\u00e9sente un ordre logique et standardis\u00e9 de pr\u00e9sentation des \u00e9l\u00e9ments \u00e0 l&rsquo;\u00e9cran.<\/span><\/li>\n<li class=\"li1\"><span class=\"s2\">Il dispose d&rsquo;un syst\u00e8me de navigation simplifi\u00e9, facile \u00e0 prendre en main et \u00e0 utiliser, privil\u00e9giant \u00e0 tout moment la mise en page du contenu sur le design.<\/span><\/li>\n<li class=\"li1\"><span class=\"s2\">Il a une navigation, une conception et une structure visuelle coh\u00e9rentes.<\/span><\/li>\n<li class=\"li1\"><span class=\"s2\">La mise \u00e0 disposition d&rsquo;un formulaire de recherche de contenu a \u00e9t\u00e9 mise en place.<\/span><\/li>\n<li class=\"li1\"><span class=\"s2\">Un texte descriptif a \u00e9t\u00e9 ex\u00e9cut\u00e9 dans les images utilis\u00e9es.<\/span><\/li>\n<li class=\"li1\"><span class=\"s2\">Des dispositions ont \u00e9t\u00e9 prises pour permettre la navigation \u00e0 l&rsquo;aide d&rsquo;options d&rsquo;onglet.<\/span><\/li>\n<li class=\"li1\"><span class=\"s2\">L&rsquo;option a \u00e9t\u00e9 mise en \u0153uvre, via un bouton accessible sur tout le site Web, pour la configuration et l&rsquo;application des outils d&rsquo;accessibilit\u00e9 par l&rsquo;utilisateur.<\/span><\/li>\n<\/ul>\n<h3 class=\"p1\"><span class=\"s1\">Communication des incidents<\/span><\/h3>\n<p class=\"p1\"><span class=\"s1\">Pour assurer la qualit\u00e9 du site Web, si vous d\u00e9tectez un probl\u00e8me d&rsquo;accessibilit\u00e9 ou un incident connexe, vous pouvez nous contacter \u00e0 <a href=\"mailto:info@inmsol.com\" target=\"_blank\" rel=\"noopener\">info@inmsol.com<\/a> pour, par exemple :<\/span><\/p>\n<ul>\n<li class=\"p1\"><span class=\"s1\">Signaler d&rsquo;\u00e9ventuelles infractions en mati\u00e8re d&rsquo;accessibilit\u00e9.<\/span><\/li>\n<li class=\"p1\"><span class=\"s1\">Informez-nous de toute difficult\u00e9 d&rsquo;acc\u00e8s au contenu que vous auriez pu trouver.<\/span><\/li>\n<li class=\"p1\"><span class=\"s1\">Envoyez-nous tout type de requ\u00eate ou suggestion d&rsquo;am\u00e9lioration concernant l&rsquo;accessibilit\u00e9 du site Web.<\/span><\/li>\n<\/ul>\n<p class=\"p1\"><span class=\"s1\">Nous traiterons les communications re\u00e7ues dans les plus brefs d\u00e9lais, en vous remerciant par avance de votre coop\u00e9ration.<\/span><\/p>\n","protected":false},"excerpt":{"rendered":"<p>Conform\u00e9ment \u00e0 la r\u00e9glementation en vigueur en mati\u00e8re d&rsquo;accessibilit\u00e9, ce Site Internet est con\u00e7u avec l&rsquo;intention premi\u00e8re d&rsquo;en faciliter l&rsquo;utilisation au plus grand nombre possible d&rsquo;utilisateurs. Quelles que soient leurs caract\u00e9ristiques et conditions (capacit\u00e9s, limitations, mat\u00e9riels, logiciels, communications&#8230;). Nous voulons offrir la possibilit\u00e9 de pr\u00e9senter&#8230;<\/p>\n","protected":false},"author":31,"featured_media":0,"parent":0,"menu_order":0,"comment_status":"closed","ping_status":"closed","template":"","meta":{"_acf_changed":false,"footnotes":""},"class_list":["post-70081","page","type-page","status-publish","hentry"],"acf":[],"yoast_head":"<!-- This site is optimized with the Yoast SEO plugin v27.4 - https:\/\/yoast.com\/product\/yoast-seo-wordpress\/ -->\n<title>D\u00e9claration d\u2019Accessibilit\u00e9 | iNMSOL<\/title>\n<meta name=\"description\" content=\"Notre Site Internet est con\u00e7u avec l&#039;intention premi\u00e8re d&#039;en faciliter l&#039;utilisation au plus grand nombre possible d&#039;utilisateurs.\" \/>\n<meta name=\"robots\" content=\"index, follow, max-snippet:-1, max-image-preview:large, max-video-preview:-1\" \/>\n<link rel=\"canonical\" href=\"https:\/\/www.inmsol.com\/fr\/declaration-accessibilite\/\" \/>\n<meta property=\"og:locale\" content=\"fr_FR\" \/>\n<meta property=\"og:type\" content=\"article\" \/>\n<meta property=\"og:title\" content=\"D\u00e9claration d\u2019Accessibilit\u00e9 | iNMSOL\" \/>\n<meta property=\"og:description\" content=\"Notre Site Internet est con\u00e7u avec l&#039;intention premi\u00e8re d&#039;en faciliter l&#039;utilisation au plus grand nombre possible d&#039;utilisateurs.\" \/>\n<meta property=\"og:url\" content=\"https:\/\/www.inmsol.com\/fr\/declaration-accessibilite\/\" \/>\n<meta property=\"og:site_name\" content=\"iNMSOL\" \/>\n<meta property=\"article:publisher\" content=\"https:\/\/www.facebook.com\/spanishcourses\" \/>\n<meta property=\"article:modified_time\" content=\"2023-03-17T19:09:39+00:00\" \/>\n<meta property=\"og:image\" content=\"https:\/\/www.inmsol.com\/wp-content\/uploads\/2019\/08\/logo-inmsol.png\" \/>\n\t<meta property=\"og:image:width\" content=\"320\" \/>\n\t<meta property=\"og:image:height\" content=\"154\" \/>\n\t<meta property=\"og:image:type\" content=\"image\/png\" \/>\n<meta name=\"twitter:label1\" content=\"Dur\u00e9e de lecture estim\u00e9e\" \/>\n\t<meta name=\"twitter:data1\" content=\"2 minutes\" \/>\n<script type=\"application\/ld+json\" class=\"yoast-schema-graph\">{\"@context\":\"https:\\\/\\\/schema.org\",\"@graph\":[{\"@type\":\"WebPage\",\"@id\":\"https:\\\/\\\/www.inmsol.com\\\/fr\\\/declaration-accessibilite\\\/\",\"url\":\"https:\\\/\\\/www.inmsol.com\\\/fr\\\/declaration-accessibilite\\\/\",\"name\":\"D\u00e9claration d\u2019Accessibilit\u00e9 | iNMSOL\",\"isPartOf\":{\"@id\":\"https:\\\/\\\/www.inmsol.com\\\/fr\\\/#website\"},\"datePublished\":\"2023-03-09T15:47:38+00:00\",\"dateModified\":\"2023-03-17T19:09:39+00:00\",\"description\":\"Notre Site Internet est con\u00e7u avec l'intention premi\u00e8re d'en faciliter l'utilisation au plus grand nombre possible d'utilisateurs.\",\"breadcrumb\":{\"@id\":\"https:\\\/\\\/www.inmsol.com\\\/fr\\\/declaration-accessibilite\\\/#breadcrumb\"},\"inLanguage\":\"fr-FR\",\"potentialAction\":[{\"@type\":\"ReadAction\",\"target\":[\"https:\\\/\\\/www.inmsol.com\\\/fr\\\/declaration-accessibilite\\\/\"]}]},{\"@type\":\"BreadcrumbList\",\"@id\":\"https:\\\/\\\/www.inmsol.com\\\/fr\\\/declaration-accessibilite\\\/#breadcrumb\",\"itemListElement\":[{\"@type\":\"ListItem\",\"position\":1,\"name\":\"Accredited Center by Instituto Cervantes\",\"item\":\"https:\\\/\\\/www.inmsol.com\\\/fr\\\/pagina-ejemplo\\\/\"},{\"@type\":\"ListItem\",\"position\":2,\"name\":\"D\u00e9claration d\u2019Accessibilit\u00e9\"}]},{\"@type\":\"WebSite\",\"@id\":\"https:\\\/\\\/www.inmsol.com\\\/fr\\\/#website\",\"url\":\"https:\\\/\\\/www.inmsol.com\\\/fr\\\/\",\"name\":\"iNMSOL\",\"description\":\"Apprenez l'espagnol avec nous - Centre de formation affili\u00e9 \u00e0 l'Institute Cervantes\",\"publisher\":{\"@id\":\"https:\\\/\\\/www.inmsol.com\\\/fr\\\/#organization\"},\"potentialAction\":[{\"@type\":\"SearchAction\",\"target\":{\"@type\":\"EntryPoint\",\"urlTemplate\":\"https:\\\/\\\/www.inmsol.com\\\/fr\\\/?s={search_term_string}\"},\"query-input\":{\"@type\":\"PropertyValueSpecification\",\"valueRequired\":true,\"valueName\":\"search_term_string\"}}],\"inLanguage\":\"fr-FR\"},{\"@type\":\"Organization\",\"@id\":\"https:\\\/\\\/www.inmsol.com\\\/fr\\\/#organization\",\"name\":\"Instituto Mediterr\u00e1neo Sol\",\"url\":\"https:\\\/\\\/www.inmsol.com\\\/fr\\\/\",\"logo\":{\"@type\":\"ImageObject\",\"inLanguage\":\"fr-FR\",\"@id\":\"https:\\\/\\\/www.inmsol.com\\\/fr\\\/#\\\/schema\\\/logo\\\/image\\\/\",\"url\":\"https:\\\/\\\/www.inmsol.com\\\/wp-content\\\/uploads\\\/2023\\\/06\\\/logo-inmsol-1.png\",\"contentUrl\":\"https:\\\/\\\/www.inmsol.com\\\/wp-content\\\/uploads\\\/2023\\\/06\\\/logo-inmsol-1.png\",\"width\":136,\"height\":73,\"caption\":\"Instituto Mediterr\u00e1neo Sol\"},\"image\":{\"@id\":\"https:\\\/\\\/www.inmsol.com\\\/fr\\\/#\\\/schema\\\/logo\\\/image\\\/\"},\"sameAs\":[\"https:\\\/\\\/www.facebook.com\\\/spanishcourses\",\"https:\\\/\\\/x.com\\\/StudyInGranada\",\"http:\\\/\\\/instagram.com\\\/imsolgranada\",\"https:\\\/\\\/es.linkedin.com\\\/company\\\/imsol-granada\",\"https:\\\/\\\/www.pinterest.es\\\/inmsol\\\/\",\"https:\\\/\\\/www.youtube.com\\\/channel\\\/UChz-Qn_7coFMosY85iYMO4g\"]}]}<\/script>\n<!-- \/ Yoast SEO plugin. -->","yoast_head_json":{"title":"D\u00e9claration d\u2019Accessibilit\u00e9 | iNMSOL","description":"Notre Site Internet est con\u00e7u avec l'intention premi\u00e8re d'en faciliter l'utilisation au plus grand nombre possible d'utilisateurs.","robots":{"index":"index","follow":"follow","max-snippet":"max-snippet:-1","max-image-preview":"max-image-preview:large","max-video-preview":"max-video-preview:-1"},"canonical":"https:\/\/www.inmsol.com\/fr\/declaration-accessibilite\/","og_locale":"fr_FR","og_type":"article","og_title":"D\u00e9claration d\u2019Accessibilit\u00e9 | iNMSOL","og_description":"Notre Site Internet est con\u00e7u avec l'intention premi\u00e8re d'en faciliter l'utilisation au plus grand nombre possible d'utilisateurs.","og_url":"https:\/\/www.inmsol.com\/fr\/declaration-accessibilite\/","og_site_name":"iNMSOL","article_publisher":"https:\/\/www.facebook.com\/spanishcourses","article_modified_time":"2023-03-17T19:09:39+00:00","og_image":[{"width":320,"height":154,"url":"https:\/\/www.inmsol.com\/wp-content\/uploads\/2019\/08\/logo-inmsol.png","type":"image\/png"}],"twitter_misc":{"Dur\u00e9e de lecture estim\u00e9e":"2 minutes"},"schema":{"@context":"https:\/\/schema.org","@graph":[{"@type":"WebPage","@id":"https:\/\/www.inmsol.com\/fr\/declaration-accessibilite\/","url":"https:\/\/www.inmsol.com\/fr\/declaration-accessibilite\/","name":"D\u00e9claration d\u2019Accessibilit\u00e9 | iNMSOL","isPartOf":{"@id":"https:\/\/www.inmsol.com\/fr\/#website"},"datePublished":"2023-03-09T15:47:38+00:00","dateModified":"2023-03-17T19:09:39+00:00","description":"Notre Site Internet est con\u00e7u avec l'intention premi\u00e8re d'en faciliter l'utilisation au plus grand nombre possible d'utilisateurs.","breadcrumb":{"@id":"https:\/\/www.inmsol.com\/fr\/declaration-accessibilite\/#breadcrumb"},"inLanguage":"fr-FR","potentialAction":[{"@type":"ReadAction","target":["https:\/\/www.inmsol.com\/fr\/declaration-accessibilite\/"]}]},{"@type":"BreadcrumbList","@id":"https:\/\/www.inmsol.com\/fr\/declaration-accessibilite\/#breadcrumb","itemListElement":[{"@type":"ListItem","position":1,"name":"Accredited Center by Instituto Cervantes","item":"https:\/\/www.inmsol.com\/fr\/pagina-ejemplo\/"},{"@type":"ListItem","position":2,"name":"D\u00e9claration d\u2019Accessibilit\u00e9"}]},{"@type":"WebSite","@id":"https:\/\/www.inmsol.com\/fr\/#website","url":"https:\/\/www.inmsol.com\/fr\/","name":"iNMSOL","description":"Apprenez l'espagnol avec nous - Centre de formation affili\u00e9 \u00e0 l'Institute Cervantes","publisher":{"@id":"https:\/\/www.inmsol.com\/fr\/#organization"},"potentialAction":[{"@type":"SearchAction","target":{"@type":"EntryPoint","urlTemplate":"https:\/\/www.inmsol.com\/fr\/?s={search_term_string}"},"query-input":{"@type":"PropertyValueSpecification","valueRequired":true,"valueName":"search_term_string"}}],"inLanguage":"fr-FR"},{"@type":"Organization","@id":"https:\/\/www.inmsol.com\/fr\/#organization","name":"Instituto Mediterr\u00e1neo Sol","url":"https:\/\/www.inmsol.com\/fr\/","logo":{"@type":"ImageObject","inLanguage":"fr-FR","@id":"https:\/\/www.inmsol.com\/fr\/#\/schema\/logo\/image\/","url":"https:\/\/www.inmsol.com\/wp-content\/uploads\/2023\/06\/logo-inmsol-1.png","contentUrl":"https:\/\/www.inmsol.com\/wp-content\/uploads\/2023\/06\/logo-inmsol-1.png","width":136,"height":73,"caption":"Instituto Mediterr\u00e1neo Sol"},"image":{"@id":"https:\/\/www.inmsol.com\/fr\/#\/schema\/logo\/image\/"},"sameAs":["https:\/\/www.facebook.com\/spanishcourses","https:\/\/x.com\/StudyInGranada","http:\/\/instagram.com\/imsolgranada","https:\/\/es.linkedin.com\/company\/imsol-granada","https:\/\/www.pinterest.es\/inmsol\/","https:\/\/www.youtube.com\/channel\/UChz-Qn_7coFMosY85iYMO4g"]}]}},"_links":{"self":[{"href":"https:\/\/www.inmsol.com\/fr\/wp-json\/wp\/v2\/pages\/70081","targetHints":{"allow":["GET"]}}],"collection":[{"href":"https:\/\/www.inmsol.com\/fr\/wp-json\/wp\/v2\/pages"}],"about":[{"href":"https:\/\/www.inmsol.com\/fr\/wp-json\/wp\/v2\/types\/page"}],"author":[{"embeddable":true,"href":"https:\/\/www.inmsol.com\/fr\/wp-json\/wp\/v2\/users\/31"}],"replies":[{"embeddable":true,"href":"https:\/\/www.inmsol.com\/fr\/wp-json\/wp\/v2\/comments?post=70081"}],"version-history":[{"count":0,"href":"https:\/\/www.inmsol.com\/fr\/wp-json\/wp\/v2\/pages\/70081\/revisions"}],"wp:attachment":[{"href":"https:\/\/www.inmsol.com\/fr\/wp-json\/wp\/v2\/media?parent=70081"}],"curies":[{"name":"wp","href":"https:\/\/api.w.org\/{rel}","templated":true}]}}