{"id":65861,"date":"2023-01-12T15:34:37","date_gmt":"2023-01-12T14:34:37","guid":{"rendered":"https:\/\/www.inmsol.com\/?post_type=product&#038;p=65861"},"modified":"2026-03-30T16:46:01","modified_gmt":"2026-03-30T14:46:01","slug":"semi-prive-espagnol-10","status":"publish","type":"product","link":"https:\/\/www.inmsol.com\/fr\/producto\/semi-prive-espagnol-10\/","title":{"rendered":"Semi-priv\u00e9 d\u2019espagnol 10"},"content":{"rendered":"<p>Cours d&rsquo;espagnol semi-priv\u00e9 (2 \u00e9tudiants avec un professeur exclusif), compos\u00e9 de 2 le\u00e7ons par jour :<\/p>\n<ul>\n<li>2 le\u00e7ons semi-priv\u00e9s quotidiens, dans lesquels les \u00e9tudiants peuvent demander le contenu de leur int\u00e9r\u00eat<\/li>\n<\/ul>\n<p><a href=\"https:\/\/www.inmsol.com\/wp-content\/uploads\/2023\/01\/Curso-semi-privado-10.jpg\" target=\"_blank\" rel=\"noopener\"><img fetchpriority=\"high\" decoding=\"async\" class=\"aligncenter wp-image-65996 size-full\" title=\"Cours d'espagnol semi-priv\u00e9\" src=\"https:\/\/www.inmsol.com\/wp-content\/uploads\/2023\/01\/Curso-semi-privado-10.jpg\" alt=\"Cours d'espagnol semi-priv\u00e9 10 le\u00e7ons\/semaine\" width=\"1010\" height=\"500\" srcset=\"https:\/\/www.inmsol.com\/wp-content\/uploads\/2023\/01\/Curso-semi-privado-10.jpg 1010w, https:\/\/www.inmsol.com\/wp-content\/uploads\/2023\/01\/Curso-semi-privado-10-800x396.jpg 800w, https:\/\/www.inmsol.com\/wp-content\/uploads\/2023\/01\/Curso-semi-privado-10-64x32.jpg 64w, https:\/\/www.inmsol.com\/wp-content\/uploads\/2023\/01\/Curso-semi-privado-10-460x228.jpg 460w, https:\/\/www.inmsol.com\/wp-content\/uploads\/2023\/01\/Curso-semi-privado-10-768x380.jpg 768w, https:\/\/www.inmsol.com\/wp-content\/uploads\/2023\/01\/Curso-semi-privado-10-250x124.jpg 250w, https:\/\/www.inmsol.com\/wp-content\/uploads\/2023\/01\/Curso-semi-privado-10-600x297.jpg 600w\" sizes=\"(max-width: 1010px) 100vw, 1010px\" \/><\/a><\/p>\n<p>Les cours se d\u00e9roulent enti\u00e8rement en espagnol d\u00e8s le premier jour. L&rsquo;inscription comprend le <em>test de niveau en ligne<\/em>, des le\u00e7ons du lundi au vendredi, <em>des activit\u00e9s hebdomadaires<\/em> et <em>le certificat de pr\u00e9sence<\/em> \u00e0 la fin du cours. Chaque le\u00e7on a une dur\u00e9e de 45 minutes.<\/p>\n<style>\n.btn-descarga {\n    display: inline-block !important;\n    background-color: #ad0228 !important;\n    color: white !important;\n    padding: 8px 16px !important;\n    font-size: 14px !important;\n    font-weight: bold !important;\n    text-decoration: none !important;\n    border-radius: 5px !important;\n    transition: background-color 0.3s ease !important;\n    cursor: pointer !important;\n    border: none !important;\n}<\/p>\n<p>.btn-descarga:hover {\n    background-color: #8b0120 !important;\n    color: white !important;\n    text-decoration: none !important;\n}\n<\/style>\n<p><a href=\"https:\/\/www.inmsol.com\/wp-content\/uploads\/2026\/03\/Objetivos_contenidos_cursos-generales_2026.pdf\" target=\"_blank\" class=\"btn-descarga\"><br \/>\n    \ud83d\udcc4 Contenu du Cours<br \/>\n<\/a>&nbsp;<\/p>\n<p>&nbsp;<\/p>\n<p>Consultez <a href=\"https:\/\/www.inmsol.com\/fr\/informations-et-conditions\/\" target=\"_blank\" rel=\"noopener\">nos termes et conditions<\/a>!<\/p>\n","protected":false},"excerpt":{"rendered":"<p>Cours d&rsquo;espagnol semi-priv\u00e9 10 le\u00e7ons\/semaine<\/p>\n","protected":false},"featured_media":66005,"template":"","meta":{"_acf_changed":false},"product_brand":[],"product_cat":[832,831,835,830,837,836,1153],"product_tag":[],"class_list":{"0":"post-65861","1":"product","2":"type-product","3":"status-publish","4":"has-post-thumbnail","6":"product_cat-a1-fr","7":"product_cat-a2-fr","8":"product_cat-b1-fr","9":"product_cat-b2-fr","10":"product_cat-c1-fr","11":"product_cat-c2-fr","12":"product_cat-individuels-fr","14":"first","15":"instock","16":"purchasable","17":"product-type-variable"},"acf":[],"yoast_head":"<!-- This site is optimized with the Yoast SEO plugin v27.4 - https:\/\/yoast.com\/product\/yoast-seo-wordpress\/ -->\n<title>Semi-priv\u00e9 d\u2019espagnol 10 | iNMSOL<\/title>\n<meta name=\"description\" content=\"\u00cates-vous deux personnes \u00e0 la recherche des m\u00eames objectifs\u00a0? Nous vous proposons des cours particuliers : 1 professeur pour 2 \u00e9l\u00e8ves, contenu au choix !\" \/>\n<meta name=\"robots\" content=\"index, follow, max-snippet:-1, max-image-preview:large, max-video-preview:-1\" \/>\n<link rel=\"canonical\" href=\"https:\/\/www.inmsol.com\/fr\/producto\/semi-prive-espagnol-10\/\" \/>\n<meta property=\"og:locale\" content=\"fr_FR\" \/>\n<meta property=\"og:type\" content=\"article\" \/>\n<meta property=\"og:title\" content=\"Cours semi-priv\u00e9 d&#039;espagnol: 2 \u00e9tudiants, 1 professeur\" \/>\n<meta property=\"og:description\" content=\"\u00cates-vous deux personnes \u00e0 la recherche des m\u00eames objectifs\u00a0? Nous vous proposons des cours particuliers : 1 professeur pour 2 \u00e9l\u00e8ves, contenu au choix !\" \/>\n<meta property=\"og:url\" content=\"https:\/\/www.inmsol.com\/fr\/producto\/semi-prive-espagnol-10\/\" \/>\n<meta property=\"og:site_name\" content=\"iNMSOL\" \/>\n<meta property=\"article:publisher\" content=\"https:\/\/www.facebook.com\/spanishcourses\" \/>\n<meta property=\"article:modified_time\" content=\"2026-03-30T14:46:01+00:00\" \/>\n<meta property=\"og:image\" content=\"https:\/\/www.inmsol.com\/wp-content\/uploads\/2023\/01\/Curso-semi-privado-10-1.jpg\" \/>\n\t<meta property=\"og:image:width\" content=\"1000\" \/>\n\t<meta property=\"og:image:height\" content=\"1000\" \/>\n\t<meta property=\"og:image:type\" content=\"image\/jpeg\" \/>\n<meta name=\"twitter:label1\" content=\"Dur\u00e9e de lecture estim\u00e9e\" \/>\n\t<meta name=\"twitter:data1\" content=\"1 minute\" \/>\n<script type=\"application\/ld+json\" class=\"yoast-schema-graph\">{\"@context\":\"https:\\\/\\\/schema.org\",\"@graph\":[{\"@type\":\"WebPage\",\"@id\":\"https:\\\/\\\/www.inmsol.com\\\/fr\\\/producto\\\/semi-prive-espagnol-10\\\/\",\"url\":\"https:\\\/\\\/www.inmsol.com\\\/fr\\\/producto\\\/semi-prive-espagnol-10\\\/\",\"name\":\"Semi-priv\u00e9 d\u2019espagnol 10 | iNMSOL\",\"isPartOf\":{\"@id\":\"https:\\\/\\\/www.inmsol.com\\\/fr\\\/#website\"},\"primaryImageOfPage\":{\"@id\":\"https:\\\/\\\/www.inmsol.com\\\/fr\\\/producto\\\/semi-prive-espagnol-10\\\/#primaryimage\"},\"image\":{\"@id\":\"https:\\\/\\\/www.inmsol.com\\\/fr\\\/producto\\\/semi-prive-espagnol-10\\\/#primaryimage\"},\"thumbnailUrl\":\"https:\\\/\\\/www.inmsol.com\\\/wp-content\\\/uploads\\\/2023\\\/01\\\/Curso-semi-privado-10-1.jpg\",\"datePublished\":\"2023-01-12T14:34:37+00:00\",\"dateModified\":\"2026-03-30T14:46:01+00:00\",\"description\":\"\u00cates-vous deux personnes \u00e0 la recherche des m\u00eames objectifs\u00a0? Nous vous proposons des cours particuliers : 1 professeur pour 2 \u00e9l\u00e8ves, contenu au choix !\",\"breadcrumb\":{\"@id\":\"https:\\\/\\\/www.inmsol.com\\\/fr\\\/producto\\\/semi-prive-espagnol-10\\\/#breadcrumb\"},\"inLanguage\":\"fr-FR\",\"potentialAction\":[{\"@type\":\"ReadAction\",\"target\":[\"https:\\\/\\\/www.inmsol.com\\\/fr\\\/producto\\\/semi-prive-espagnol-10\\\/\"]}]},{\"@type\":\"ImageObject\",\"inLanguage\":\"fr-FR\",\"@id\":\"https:\\\/\\\/www.inmsol.com\\\/fr\\\/producto\\\/semi-prive-espagnol-10\\\/#primaryimage\",\"url\":\"https:\\\/\\\/www.inmsol.com\\\/wp-content\\\/uploads\\\/2023\\\/01\\\/Curso-semi-privado-10-1.jpg\",\"contentUrl\":\"https:\\\/\\\/www.inmsol.com\\\/wp-content\\\/uploads\\\/2023\\\/01\\\/Curso-semi-privado-10-1.jpg\",\"width\":1000,\"height\":1000},{\"@type\":\"BreadcrumbList\",\"@id\":\"https:\\\/\\\/www.inmsol.com\\\/fr\\\/producto\\\/semi-prive-espagnol-10\\\/#breadcrumb\",\"itemListElement\":[{\"@type\":\"ListItem\",\"position\":1,\"name\":\"Accredited Center by Instituto Cervantes\",\"item\":\"https:\\\/\\\/www.inmsol.com\\\/fr\\\/pagina-ejemplo\\\/\"},{\"@type\":\"ListItem\",\"position\":2,\"name\":\"Cours\",\"item\":\"https:\\\/\\\/www.inmsol.com\\\/fr\\\/cours\\\/\"},{\"@type\":\"ListItem\",\"position\":3,\"name\":\"Semi-priv\u00e9 d\u2019espagnol 10\"}]},{\"@type\":\"WebSite\",\"@id\":\"https:\\\/\\\/www.inmsol.com\\\/fr\\\/#website\",\"url\":\"https:\\\/\\\/www.inmsol.com\\\/fr\\\/\",\"name\":\"iNMSOL\",\"description\":\"Apprenez l'espagnol avec nous - Centre de formation affili\u00e9 \u00e0 l'Institute Cervantes\",\"publisher\":{\"@id\":\"https:\\\/\\\/www.inmsol.com\\\/fr\\\/#organization\"},\"potentialAction\":[{\"@type\":\"SearchAction\",\"target\":{\"@type\":\"EntryPoint\",\"urlTemplate\":\"https:\\\/\\\/www.inmsol.com\\\/fr\\\/?s={search_term_string}\"},\"query-input\":{\"@type\":\"PropertyValueSpecification\",\"valueRequired\":true,\"valueName\":\"search_term_string\"}}],\"inLanguage\":\"fr-FR\"},{\"@type\":\"Organization\",\"@id\":\"https:\\\/\\\/www.inmsol.com\\\/fr\\\/#organization\",\"name\":\"Instituto Mediterr\u00e1neo Sol\",\"url\":\"https:\\\/\\\/www.inmsol.com\\\/fr\\\/\",\"logo\":{\"@type\":\"ImageObject\",\"inLanguage\":\"fr-FR\",\"@id\":\"https:\\\/\\\/www.inmsol.com\\\/fr\\\/#\\\/schema\\\/logo\\\/image\\\/\",\"url\":\"https:\\\/\\\/www.inmsol.com\\\/wp-content\\\/uploads\\\/2023\\\/06\\\/logo-inmsol-1.png\",\"contentUrl\":\"https:\\\/\\\/www.inmsol.com\\\/wp-content\\\/uploads\\\/2023\\\/06\\\/logo-inmsol-1.png\",\"width\":136,\"height\":73,\"caption\":\"Instituto Mediterr\u00e1neo Sol\"},\"image\":{\"@id\":\"https:\\\/\\\/www.inmsol.com\\\/fr\\\/#\\\/schema\\\/logo\\\/image\\\/\"},\"sameAs\":[\"https:\\\/\\\/www.facebook.com\\\/spanishcourses\",\"https:\\\/\\\/x.com\\\/StudyInGranada\",\"http:\\\/\\\/instagram.com\\\/imsolgranada\",\"https:\\\/\\\/es.linkedin.com\\\/company\\\/imsol-granada\",\"https:\\\/\\\/www.pinterest.es\\\/inmsol\\\/\",\"https:\\\/\\\/www.youtube.com\\\/channel\\\/UChz-Qn_7coFMosY85iYMO4g\"]}]}<\/script>\n<!-- \/ Yoast SEO plugin. -->","yoast_head_json":{"title":"Semi-priv\u00e9 d\u2019espagnol 10 | iNMSOL","description":"\u00cates-vous deux personnes \u00e0 la recherche des m\u00eames objectifs\u00a0? Nous vous proposons des cours particuliers : 1 professeur pour 2 \u00e9l\u00e8ves, contenu au choix !","robots":{"index":"index","follow":"follow","max-snippet":"max-snippet:-1","max-image-preview":"max-image-preview:large","max-video-preview":"max-video-preview:-1"},"canonical":"https:\/\/www.inmsol.com\/fr\/producto\/semi-prive-espagnol-10\/","og_locale":"fr_FR","og_type":"article","og_title":"Cours semi-priv\u00e9 d'espagnol: 2 \u00e9tudiants, 1 professeur","og_description":"\u00cates-vous deux personnes \u00e0 la recherche des m\u00eames objectifs\u00a0? Nous vous proposons des cours particuliers : 1 professeur pour 2 \u00e9l\u00e8ves, contenu au choix !","og_url":"https:\/\/www.inmsol.com\/fr\/producto\/semi-prive-espagnol-10\/","og_site_name":"iNMSOL","article_publisher":"https:\/\/www.facebook.com\/spanishcourses","article_modified_time":"2026-03-30T14:46:01+00:00","og_image":[{"width":1000,"height":1000,"url":"https:\/\/www.inmsol.com\/wp-content\/uploads\/2023\/01\/Curso-semi-privado-10-1.jpg","type":"image\/jpeg"}],"twitter_misc":{"Dur\u00e9e de lecture estim\u00e9e":"1 minute"},"schema":{"@context":"https:\/\/schema.org","@graph":[{"@type":"WebPage","@id":"https:\/\/www.inmsol.com\/fr\/producto\/semi-prive-espagnol-10\/","url":"https:\/\/www.inmsol.com\/fr\/producto\/semi-prive-espagnol-10\/","name":"Semi-priv\u00e9 d\u2019espagnol 10 | iNMSOL","isPartOf":{"@id":"https:\/\/www.inmsol.com\/fr\/#website"},"primaryImageOfPage":{"@id":"https:\/\/www.inmsol.com\/fr\/producto\/semi-prive-espagnol-10\/#primaryimage"},"image":{"@id":"https:\/\/www.inmsol.com\/fr\/producto\/semi-prive-espagnol-10\/#primaryimage"},"thumbnailUrl":"https:\/\/www.inmsol.com\/wp-content\/uploads\/2023\/01\/Curso-semi-privado-10-1.jpg","datePublished":"2023-01-12T14:34:37+00:00","dateModified":"2026-03-30T14:46:01+00:00","description":"\u00cates-vous deux personnes \u00e0 la recherche des m\u00eames objectifs\u00a0? Nous vous proposons des cours particuliers : 1 professeur pour 2 \u00e9l\u00e8ves, contenu au choix !","breadcrumb":{"@id":"https:\/\/www.inmsol.com\/fr\/producto\/semi-prive-espagnol-10\/#breadcrumb"},"inLanguage":"fr-FR","potentialAction":[{"@type":"ReadAction","target":["https:\/\/www.inmsol.com\/fr\/producto\/semi-prive-espagnol-10\/"]}]},{"@type":"ImageObject","inLanguage":"fr-FR","@id":"https:\/\/www.inmsol.com\/fr\/producto\/semi-prive-espagnol-10\/#primaryimage","url":"https:\/\/www.inmsol.com\/wp-content\/uploads\/2023\/01\/Curso-semi-privado-10-1.jpg","contentUrl":"https:\/\/www.inmsol.com\/wp-content\/uploads\/2023\/01\/Curso-semi-privado-10-1.jpg","width":1000,"height":1000},{"@type":"BreadcrumbList","@id":"https:\/\/www.inmsol.com\/fr\/producto\/semi-prive-espagnol-10\/#breadcrumb","itemListElement":[{"@type":"ListItem","position":1,"name":"Accredited Center by Instituto Cervantes","item":"https:\/\/www.inmsol.com\/fr\/pagina-ejemplo\/"},{"@type":"ListItem","position":2,"name":"Cours","item":"https:\/\/www.inmsol.com\/fr\/cours\/"},{"@type":"ListItem","position":3,"name":"Semi-priv\u00e9 d\u2019espagnol 10"}]},{"@type":"WebSite","@id":"https:\/\/www.inmsol.com\/fr\/#website","url":"https:\/\/www.inmsol.com\/fr\/","name":"iNMSOL","description":"Apprenez l'espagnol avec nous - Centre de formation affili\u00e9 \u00e0 l'Institute Cervantes","publisher":{"@id":"https:\/\/www.inmsol.com\/fr\/#organization"},"potentialAction":[{"@type":"SearchAction","target":{"@type":"EntryPoint","urlTemplate":"https:\/\/www.inmsol.com\/fr\/?s={search_term_string}"},"query-input":{"@type":"PropertyValueSpecification","valueRequired":true,"valueName":"search_term_string"}}],"inLanguage":"fr-FR"},{"@type":"Organization","@id":"https:\/\/www.inmsol.com\/fr\/#organization","name":"Instituto Mediterr\u00e1neo Sol","url":"https:\/\/www.inmsol.com\/fr\/","logo":{"@type":"ImageObject","inLanguage":"fr-FR","@id":"https:\/\/www.inmsol.com\/fr\/#\/schema\/logo\/image\/","url":"https:\/\/www.inmsol.com\/wp-content\/uploads\/2023\/06\/logo-inmsol-1.png","contentUrl":"https:\/\/www.inmsol.com\/wp-content\/uploads\/2023\/06\/logo-inmsol-1.png","width":136,"height":73,"caption":"Instituto Mediterr\u00e1neo Sol"},"image":{"@id":"https:\/\/www.inmsol.com\/fr\/#\/schema\/logo\/image\/"},"sameAs":["https:\/\/www.facebook.com\/spanishcourses","https:\/\/x.com\/StudyInGranada","http:\/\/instagram.com\/imsolgranada","https:\/\/es.linkedin.com\/company\/imsol-granada","https:\/\/www.pinterest.es\/inmsol\/","https:\/\/www.youtube.com\/channel\/UChz-Qn_7coFMosY85iYMO4g"]}]}},"_links":{"self":[{"href":"https:\/\/www.inmsol.com\/fr\/wp-json\/wp\/v2\/product\/65861","targetHints":{"allow":["GET"]}}],"collection":[{"href":"https:\/\/www.inmsol.com\/fr\/wp-json\/wp\/v2\/product"}],"about":[{"href":"https:\/\/www.inmsol.com\/fr\/wp-json\/wp\/v2\/types\/product"}],"wp:featuredmedia":[{"embeddable":true,"href":"https:\/\/www.inmsol.com\/fr\/wp-json\/wp\/v2\/media\/66005"}],"wp:attachment":[{"href":"https:\/\/www.inmsol.com\/fr\/wp-json\/wp\/v2\/media?parent=65861"}],"wp:term":[{"taxonomy":"product_brand","embeddable":true,"href":"https:\/\/www.inmsol.com\/fr\/wp-json\/wp\/v2\/product_brand?post=65861"},{"taxonomy":"product_cat","embeddable":true,"href":"https:\/\/www.inmsol.com\/fr\/wp-json\/wp\/v2\/product_cat?post=65861"},{"taxonomy":"product_tag","embeddable":true,"href":"https:\/\/www.inmsol.com\/fr\/wp-json\/wp\/v2\/product_tag?post=65861"}],"curies":[{"name":"wp","href":"https:\/\/api.w.org\/{rel}","templated":true}]}}