{"id":68168,"date":"2023-01-17T12:42:38","date_gmt":"2023-01-17T11:42:38","guid":{"rendered":"https:\/\/www.inmsol.com\/?post_type=product&#038;p=68168"},"modified":"2026-03-30T17:13:15","modified_gmt":"2026-03-30T15:13:15","slug":"formation-professeurs-ele-non-natifs-45","status":"publish","type":"product","link":"https:\/\/www.inmsol.com\/fr\/producto\/formation-professeurs-ele-non-natifs-45\/","title":{"rendered":"Formation des professeurs ELE (NON-NATIFS) 45"},"content":{"rendered":"<p>Formez-vous \u00e0 l&rsquo;enseignement de l&rsquo;espagnol aux \u00e9trangers avec notre <a href=\"https:\/\/ele.inmsol.com\/fr\/cursos-espanol\/professeurs-etrangers\/\" target=\"_blank\" rel=\"noopener\">formation pour professeurs ELE non natifs<\/a>. Il se r\u00e9alise pendant 2 semaines et pour le r\u00e9aliser <strong>un niveau minimum de B1 est n\u00e9cessaire<\/strong>. Ce cours se compose de 4 le\u00e7ons par jour, organis\u00e9s comme suit :<\/p>\n<ul>\n<li>4 le\u00e7ons de grammaire, didactique et culture (selon l&rsquo;option choisie). <strong>Le\u00e7ons de 45 minutes.<\/strong><\/li>\n<\/ul>\n<p><a href=\"https:\/\/www.inmsol.com\/wp-content\/uploads\/2023\/01\/ELE-nativos.jpg\" target=\"_blank\" rel=\"noopener\"><img fetchpriority=\"high\" decoding=\"async\" class=\"aligncenter wp-image-68142 size-full\" title=\"Formation des professeurs ELE\" src=\"https:\/\/www.inmsol.com\/wp-content\/uploads\/2023\/01\/ELE-nativos.jpg\" alt=\"Formation des professeurs ELE (NON-NATIFS)\" width=\"1010\" height=\"500\" srcset=\"https:\/\/www.inmsol.com\/wp-content\/uploads\/2023\/01\/ELE-nativos.jpg 1010w, https:\/\/www.inmsol.com\/wp-content\/uploads\/2023\/01\/ELE-nativos-800x396.jpg 800w, https:\/\/www.inmsol.com\/wp-content\/uploads\/2023\/01\/ELE-nativos-64x32.jpg 64w, https:\/\/www.inmsol.com\/wp-content\/uploads\/2023\/01\/ELE-nativos-460x228.jpg 460w, https:\/\/www.inmsol.com\/wp-content\/uploads\/2023\/01\/ELE-nativos-768x380.jpg 768w, https:\/\/www.inmsol.com\/wp-content\/uploads\/2023\/01\/ELE-nativos-250x124.jpg 250w, https:\/\/www.inmsol.com\/wp-content\/uploads\/2023\/01\/ELE-nativos-600x297.jpg 600w\" sizes=\"(max-width: 1010px) 100vw, 1010px\" \/><\/a><\/p>\n<p>Vous pouvez choisir 3 options selon vos besoins :<\/p>\n<ul>\n<li><strong>OPTION A.<\/strong> Destin\u00e9 aux professeurs du primaire ou du secondaire avec un niveau d&rsquo;utilisateur ind\u00e9pendant (B1-Umbral). Pour ceux qui souhaitent am\u00e9liorer leurs comp\u00e9tences grammaticales et culturelles pour l&rsquo;enseignement de l&rsquo;espagnol.<\/li>\n<li><strong>OPTION B.<\/strong> Destin\u00e9 aux professeurs d&rsquo;espagnol avec un niveau d&rsquo;utilisateur ind\u00e9pendant (B1-Umbral et B2-Avanzado). Pour ceux qui souhaitent am\u00e9liorer leurs comp\u00e9tences grammaticales, p\u00e9dagogiques et culturelles pour l&rsquo;enseignement de l&rsquo;espagnol. En plus, \u00e0 ceux qui veulent se lancer dans les connaissances, les comp\u00e9tences, les techniques et les instruments pour commencer \u00e0 enseigner l&rsquo;espagnol de mani\u00e8re professionnelle.<\/li>\n<li><strong>OPTION C.<\/strong> Destin\u00e9 aux enseignants avec un niveau d&rsquo;utilisateur ind\u00e9pendant (C1-Dominio) qui veulent conna\u00eetre ou am\u00e9liorer des aspects de la didactique appliqu\u00e9e et \u00e9largir leur connaissance de la culture et des traditions espagnoles.<\/li>\n<\/ul>\n<p>Les cours se d\u00e9roulent enti\u00e8rement en espagnol d\u00e8s le premier jour. L&rsquo;inscription comprend le <em>test de niveau en ligne<\/em>, des le\u00e7ons du lundi au vendredi, <em>des activit\u00e9s hebdomadaires<\/em> et <em>le certificat de pr\u00e9sence<\/em> \u00e0 la fin du cours. Chaque le\u00e7on a une dur\u00e9e de 45 minutes.<\/p>\n<style>\n.btn-descarga {\n    display: inline-block !important;\n    background-color: #ad0228 !important;\n    color: white !important;\n    padding: 8px 16px !important;\n    font-size: 14px !important;\n    font-weight: bold !important;\n    text-decoration: none !important;\n    border-radius: 5px !important;\n    transition: background-color 0.3s ease !important;\n    cursor: pointer !important;\n    border: none !important;\n}<\/p>\n<p>.btn-descarga:hover {\n    background-color: #8b0120 !important;\n    color: white !important;\n    text-decoration: none !important;\n}\n<\/style>\n<p><a href=\"https:\/\/www.inmsol.com\/wp-content\/uploads\/2026\/03\/Objetivos_contenidos_cursos-especificos_2026_iNMSOL.pdf\" target=\"_blank\" class=\"btn-descarga\"><br \/>\n    \ud83d\udcc4 Contenu du Cours<br \/>\n<\/a>&nbsp;<\/p>\n<p>&nbsp;<\/p>\n<h4>Conditions g\u00e9n\u00e9rales selon le nombre de participants aux cours :<\/h4>\n<blockquote><p><strong>1 \u00e9tudiant ou 2 \u00e9tudiants :<\/strong> le participant recevra 50 % des le\u00e7ons sous contrat, individuellement (1 professeur\/1 \u00e9l\u00e8ve), ou de mani\u00e8re semi-priv\u00e9e (1 professeur\/2 \u00e9l\u00e8ves), en fonction de son niveau et de ses besoins. L\u2019\u00e9tudiant ne doit en aucun cas payer la diff\u00e9rence de prix. S&rsquo;il existe un cours de grammaire ou de conversation (2 le\u00e7ons\/jour) auquel l&rsquo;\u00e9tudiant peut participer, il sera invit\u00e9 pour le nombre de cours r\u00e9duits de son cours, en plus des cours individuels.<\/p>\n<p><strong>3 \u00e9tudiants ou plus :<\/strong> les participants recevront 100 % des le\u00e7ons sous contrat, en groupe.<\/p><\/blockquote>\n<p>Consultez <a href=\"https:\/\/www.inmsol.com\/fr\/informations-et-conditions\/\" target=\"_blank\" rel=\"noopener\">nos termes et conditions<\/a>!<\/p>\n","protected":false},"excerpt":{"rendered":"<p>Cours de formation pour enseignants ELE non natifs, 4 le\u00e7ons\/jour. Le\u00e7ons de 45 minutes.<\/p>\n","protected":false},"featured_media":68184,"template":"","meta":{"_acf_changed":false},"product_brand":[],"product_cat":[835,830,837,836,1196],"product_tag":[],"class_list":{"0":"post-68168","1":"product","2":"type-product","3":"status-publish","4":"has-post-thumbnail","6":"product_cat-b1-fr","7":"product_cat-b2-fr","8":"product_cat-c1-fr","9":"product_cat-c2-fr","10":"product_cat-formation-ele","12":"first","13":"instock","14":"sold-individually","15":"purchasable","16":"product-type-variable"},"acf":[],"yoast_head":"<!-- This site is optimized with the Yoast SEO plugin v27.4 - https:\/\/yoast.com\/product\/yoast-seo-wordpress\/ -->\n<title>Formation des professeurs ELE (NON-NATIFS) 45 | iNMSOL<\/title>\n<meta name=\"description\" content=\"Cours de formation g\u00e9n\u00e9rale en didactique ELE qui r\u00e9pond aux besoins de formation des professeurs d&#039;espagnol ELE non natifs.\" \/>\n<meta name=\"robots\" content=\"index, follow, max-snippet:-1, max-image-preview:large, max-video-preview:-1\" \/>\n<link rel=\"canonical\" href=\"https:\/\/www.inmsol.com\/fr\/producto\/formation-professeurs-ele-non-natifs-45\/\" \/>\n<meta property=\"og:locale\" content=\"fr_FR\" \/>\n<meta property=\"og:type\" content=\"article\" \/>\n<meta property=\"og:title\" content=\"Formation des professeurs ELE (NON-NATIFS) 45\" \/>\n<meta property=\"og:description\" content=\"Cours de formation g\u00e9n\u00e9rale en didactique ELE qui r\u00e9pond aux besoins de formation des professeurs d&#039;espagnol ELE non natifs.\" \/>\n<meta property=\"og:url\" content=\"https:\/\/www.inmsol.com\/fr\/producto\/formation-professeurs-ele-non-natifs-45\/\" \/>\n<meta property=\"og:site_name\" content=\"iNMSOL\" \/>\n<meta property=\"article:publisher\" content=\"https:\/\/www.facebook.com\/spanishcourses\" \/>\n<meta property=\"article:modified_time\" content=\"2026-03-30T15:13:15+00:00\" \/>\n<meta property=\"og:image\" content=\"https:\/\/www.inmsol.com\/wp-content\/uploads\/2023\/01\/ELE-nativos.jpg\" \/>\n<meta name=\"twitter:label1\" content=\"Dur\u00e9e de lecture estim\u00e9e\" \/>\n\t<meta name=\"twitter:data1\" content=\"2 minutes\" \/>\n<script type=\"application\/ld+json\" class=\"yoast-schema-graph\">{\"@context\":\"https:\\\/\\\/schema.org\",\"@graph\":[{\"@type\":\"WebPage\",\"@id\":\"https:\\\/\\\/www.inmsol.com\\\/fr\\\/producto\\\/formation-professeurs-ele-non-natifs-45\\\/\",\"url\":\"https:\\\/\\\/www.inmsol.com\\\/fr\\\/producto\\\/formation-professeurs-ele-non-natifs-45\\\/\",\"name\":\"Formation des professeurs ELE (NON-NATIFS) 45 | iNMSOL\",\"isPartOf\":{\"@id\":\"https:\\\/\\\/www.inmsol.com\\\/fr\\\/#website\"},\"primaryImageOfPage\":{\"@id\":\"https:\\\/\\\/www.inmsol.com\\\/fr\\\/producto\\\/formation-professeurs-ele-non-natifs-45\\\/#primaryimage\"},\"image\":{\"@id\":\"https:\\\/\\\/www.inmsol.com\\\/fr\\\/producto\\\/formation-professeurs-ele-non-natifs-45\\\/#primaryimage\"},\"thumbnailUrl\":\"https:\\\/\\\/www.inmsol.com\\\/wp-content\\\/uploads\\\/2023\\\/01\\\/ELE-no-nativos-45.jpg\",\"datePublished\":\"2023-01-17T11:42:38+00:00\",\"dateModified\":\"2026-03-30T15:13:15+00:00\",\"description\":\"Cours de formation g\u00e9n\u00e9rale en didactique ELE qui r\u00e9pond aux besoins de formation des professeurs d'espagnol ELE non natifs.\",\"breadcrumb\":{\"@id\":\"https:\\\/\\\/www.inmsol.com\\\/fr\\\/producto\\\/formation-professeurs-ele-non-natifs-45\\\/#breadcrumb\"},\"inLanguage\":\"fr-FR\",\"potentialAction\":[{\"@type\":\"ReadAction\",\"target\":[\"https:\\\/\\\/www.inmsol.com\\\/fr\\\/producto\\\/formation-professeurs-ele-non-natifs-45\\\/\"]}]},{\"@type\":\"ImageObject\",\"inLanguage\":\"fr-FR\",\"@id\":\"https:\\\/\\\/www.inmsol.com\\\/fr\\\/producto\\\/formation-professeurs-ele-non-natifs-45\\\/#primaryimage\",\"url\":\"https:\\\/\\\/www.inmsol.com\\\/wp-content\\\/uploads\\\/2023\\\/01\\\/ELE-no-nativos-45.jpg\",\"contentUrl\":\"https:\\\/\\\/www.inmsol.com\\\/wp-content\\\/uploads\\\/2023\\\/01\\\/ELE-no-nativos-45.jpg\",\"width\":1000,\"height\":1000},{\"@type\":\"BreadcrumbList\",\"@id\":\"https:\\\/\\\/www.inmsol.com\\\/fr\\\/producto\\\/formation-professeurs-ele-non-natifs-45\\\/#breadcrumb\",\"itemListElement\":[{\"@type\":\"ListItem\",\"position\":1,\"name\":\"Accredited Center by Instituto Cervantes\",\"item\":\"https:\\\/\\\/www.inmsol.com\\\/fr\\\/pagina-ejemplo\\\/\"},{\"@type\":\"ListItem\",\"position\":2,\"name\":\"Cours\",\"item\":\"https:\\\/\\\/www.inmsol.com\\\/fr\\\/cours\\\/\"},{\"@type\":\"ListItem\",\"position\":3,\"name\":\"Formation des professeurs ELE (NON-NATIFS) 45\"}]},{\"@type\":\"WebSite\",\"@id\":\"https:\\\/\\\/www.inmsol.com\\\/fr\\\/#website\",\"url\":\"https:\\\/\\\/www.inmsol.com\\\/fr\\\/\",\"name\":\"iNMSOL\",\"description\":\"Apprenez l'espagnol avec nous - Centre de formation affili\u00e9 \u00e0 l'Institute Cervantes\",\"publisher\":{\"@id\":\"https:\\\/\\\/www.inmsol.com\\\/fr\\\/#organization\"},\"potentialAction\":[{\"@type\":\"SearchAction\",\"target\":{\"@type\":\"EntryPoint\",\"urlTemplate\":\"https:\\\/\\\/www.inmsol.com\\\/fr\\\/?s={search_term_string}\"},\"query-input\":{\"@type\":\"PropertyValueSpecification\",\"valueRequired\":true,\"valueName\":\"search_term_string\"}}],\"inLanguage\":\"fr-FR\"},{\"@type\":\"Organization\",\"@id\":\"https:\\\/\\\/www.inmsol.com\\\/fr\\\/#organization\",\"name\":\"Instituto Mediterr\u00e1neo Sol\",\"url\":\"https:\\\/\\\/www.inmsol.com\\\/fr\\\/\",\"logo\":{\"@type\":\"ImageObject\",\"inLanguage\":\"fr-FR\",\"@id\":\"https:\\\/\\\/www.inmsol.com\\\/fr\\\/#\\\/schema\\\/logo\\\/image\\\/\",\"url\":\"https:\\\/\\\/www.inmsol.com\\\/wp-content\\\/uploads\\\/2023\\\/06\\\/logo-inmsol-1.png\",\"contentUrl\":\"https:\\\/\\\/www.inmsol.com\\\/wp-content\\\/uploads\\\/2023\\\/06\\\/logo-inmsol-1.png\",\"width\":136,\"height\":73,\"caption\":\"Instituto Mediterr\u00e1neo Sol\"},\"image\":{\"@id\":\"https:\\\/\\\/www.inmsol.com\\\/fr\\\/#\\\/schema\\\/logo\\\/image\\\/\"},\"sameAs\":[\"https:\\\/\\\/www.facebook.com\\\/spanishcourses\",\"https:\\\/\\\/x.com\\\/StudyInGranada\",\"http:\\\/\\\/instagram.com\\\/imsolgranada\",\"https:\\\/\\\/es.linkedin.com\\\/company\\\/imsol-granada\",\"https:\\\/\\\/www.pinterest.es\\\/inmsol\\\/\",\"https:\\\/\\\/www.youtube.com\\\/channel\\\/UChz-Qn_7coFMosY85iYMO4g\"]}]}<\/script>\n<!-- \/ Yoast SEO plugin. -->","yoast_head_json":{"title":"Formation des professeurs ELE (NON-NATIFS) 45 | iNMSOL","description":"Cours de formation g\u00e9n\u00e9rale en didactique ELE qui r\u00e9pond aux besoins de formation des professeurs d'espagnol ELE non natifs.","robots":{"index":"index","follow":"follow","max-snippet":"max-snippet:-1","max-image-preview":"max-image-preview:large","max-video-preview":"max-video-preview:-1"},"canonical":"https:\/\/www.inmsol.com\/fr\/producto\/formation-professeurs-ele-non-natifs-45\/","og_locale":"fr_FR","og_type":"article","og_title":"Formation des professeurs ELE (NON-NATIFS) 45","og_description":"Cours de formation g\u00e9n\u00e9rale en didactique ELE qui r\u00e9pond aux besoins de formation des professeurs d'espagnol ELE non natifs.","og_url":"https:\/\/www.inmsol.com\/fr\/producto\/formation-professeurs-ele-non-natifs-45\/","og_site_name":"iNMSOL","article_publisher":"https:\/\/www.facebook.com\/spanishcourses","article_modified_time":"2026-03-30T15:13:15+00:00","og_image":[{"url":"https:\/\/www.inmsol.com\/wp-content\/uploads\/2023\/01\/ELE-nativos.jpg","type":"","width":"","height":""}],"twitter_misc":{"Dur\u00e9e de lecture estim\u00e9e":"2 minutes"},"schema":{"@context":"https:\/\/schema.org","@graph":[{"@type":"WebPage","@id":"https:\/\/www.inmsol.com\/fr\/producto\/formation-professeurs-ele-non-natifs-45\/","url":"https:\/\/www.inmsol.com\/fr\/producto\/formation-professeurs-ele-non-natifs-45\/","name":"Formation des professeurs ELE (NON-NATIFS) 45 | iNMSOL","isPartOf":{"@id":"https:\/\/www.inmsol.com\/fr\/#website"},"primaryImageOfPage":{"@id":"https:\/\/www.inmsol.com\/fr\/producto\/formation-professeurs-ele-non-natifs-45\/#primaryimage"},"image":{"@id":"https:\/\/www.inmsol.com\/fr\/producto\/formation-professeurs-ele-non-natifs-45\/#primaryimage"},"thumbnailUrl":"https:\/\/www.inmsol.com\/wp-content\/uploads\/2023\/01\/ELE-no-nativos-45.jpg","datePublished":"2023-01-17T11:42:38+00:00","dateModified":"2026-03-30T15:13:15+00:00","description":"Cours de formation g\u00e9n\u00e9rale en didactique ELE qui r\u00e9pond aux besoins de formation des professeurs d'espagnol ELE non natifs.","breadcrumb":{"@id":"https:\/\/www.inmsol.com\/fr\/producto\/formation-professeurs-ele-non-natifs-45\/#breadcrumb"},"inLanguage":"fr-FR","potentialAction":[{"@type":"ReadAction","target":["https:\/\/www.inmsol.com\/fr\/producto\/formation-professeurs-ele-non-natifs-45\/"]}]},{"@type":"ImageObject","inLanguage":"fr-FR","@id":"https:\/\/www.inmsol.com\/fr\/producto\/formation-professeurs-ele-non-natifs-45\/#primaryimage","url":"https:\/\/www.inmsol.com\/wp-content\/uploads\/2023\/01\/ELE-no-nativos-45.jpg","contentUrl":"https:\/\/www.inmsol.com\/wp-content\/uploads\/2023\/01\/ELE-no-nativos-45.jpg","width":1000,"height":1000},{"@type":"BreadcrumbList","@id":"https:\/\/www.inmsol.com\/fr\/producto\/formation-professeurs-ele-non-natifs-45\/#breadcrumb","itemListElement":[{"@type":"ListItem","position":1,"name":"Accredited Center by Instituto Cervantes","item":"https:\/\/www.inmsol.com\/fr\/pagina-ejemplo\/"},{"@type":"ListItem","position":2,"name":"Cours","item":"https:\/\/www.inmsol.com\/fr\/cours\/"},{"@type":"ListItem","position":3,"name":"Formation des professeurs ELE (NON-NATIFS) 45"}]},{"@type":"WebSite","@id":"https:\/\/www.inmsol.com\/fr\/#website","url":"https:\/\/www.inmsol.com\/fr\/","name":"iNMSOL","description":"Apprenez l'espagnol avec nous - Centre de formation affili\u00e9 \u00e0 l'Institute Cervantes","publisher":{"@id":"https:\/\/www.inmsol.com\/fr\/#organization"},"potentialAction":[{"@type":"SearchAction","target":{"@type":"EntryPoint","urlTemplate":"https:\/\/www.inmsol.com\/fr\/?s={search_term_string}"},"query-input":{"@type":"PropertyValueSpecification","valueRequired":true,"valueName":"search_term_string"}}],"inLanguage":"fr-FR"},{"@type":"Organization","@id":"https:\/\/www.inmsol.com\/fr\/#organization","name":"Instituto Mediterr\u00e1neo Sol","url":"https:\/\/www.inmsol.com\/fr\/","logo":{"@type":"ImageObject","inLanguage":"fr-FR","@id":"https:\/\/www.inmsol.com\/fr\/#\/schema\/logo\/image\/","url":"https:\/\/www.inmsol.com\/wp-content\/uploads\/2023\/06\/logo-inmsol-1.png","contentUrl":"https:\/\/www.inmsol.com\/wp-content\/uploads\/2023\/06\/logo-inmsol-1.png","width":136,"height":73,"caption":"Instituto Mediterr\u00e1neo Sol"},"image":{"@id":"https:\/\/www.inmsol.com\/fr\/#\/schema\/logo\/image\/"},"sameAs":["https:\/\/www.facebook.com\/spanishcourses","https:\/\/x.com\/StudyInGranada","http:\/\/instagram.com\/imsolgranada","https:\/\/es.linkedin.com\/company\/imsol-granada","https:\/\/www.pinterest.es\/inmsol\/","https:\/\/www.youtube.com\/channel\/UChz-Qn_7coFMosY85iYMO4g"]}]}},"_links":{"self":[{"href":"https:\/\/www.inmsol.com\/fr\/wp-json\/wp\/v2\/product\/68168","targetHints":{"allow":["GET"]}}],"collection":[{"href":"https:\/\/www.inmsol.com\/fr\/wp-json\/wp\/v2\/product"}],"about":[{"href":"https:\/\/www.inmsol.com\/fr\/wp-json\/wp\/v2\/types\/product"}],"wp:featuredmedia":[{"embeddable":true,"href":"https:\/\/www.inmsol.com\/fr\/wp-json\/wp\/v2\/media\/68184"}],"wp:attachment":[{"href":"https:\/\/www.inmsol.com\/fr\/wp-json\/wp\/v2\/media?parent=68168"}],"wp:term":[{"taxonomy":"product_brand","embeddable":true,"href":"https:\/\/www.inmsol.com\/fr\/wp-json\/wp\/v2\/product_brand?post=68168"},{"taxonomy":"product_cat","embeddable":true,"href":"https:\/\/www.inmsol.com\/fr\/wp-json\/wp\/v2\/product_cat?post=68168"},{"taxonomy":"product_tag","embeddable":true,"href":"https:\/\/www.inmsol.com\/fr\/wp-json\/wp\/v2\/product_tag?post=68168"}],"curies":[{"name":"wp","href":"https:\/\/api.w.org\/{rel}","templated":true}]}}