{"id":68244,"date":"2023-01-17T13:05:17","date_gmt":"2023-01-17T12:05:17","guid":{"rendered":"https:\/\/www.inmsol.com\/?post_type=product&#038;p=68244"},"modified":"2026-03-30T17:08:51","modified_gmt":"2026-03-30T15:08:51","slug":"bildungsurlaub","status":"publish","type":"product","link":"https:\/\/www.inmsol.com\/fr\/producto\/bildungsurlaub\/","title":{"rendered":"Bildungsurlaub"},"content":{"rendered":"<p><strong>Cours d&rsquo;espagnol<\/strong> pour les \u00e9tudiants qui ont un permis Bildungsurlaub par l&rsquo;interm\u00e9diaire de leurs employeurs en Allemagne. Notre \u00e9cole est accr\u00e9dit\u00e9e par les Lands : <strong>Berlin, Brandebourg, Rh\u00e9nanie-Palatinat, Hambourg <\/strong>et <strong>Schleswig-Holstein<\/strong>. Il s&rsquo;agit d&rsquo;un cours d&rsquo;espagnol g\u00e9n\u00e9ral de 6 le\u00e7ons par jour, organis\u00e9 comme suit :<\/p>\n<ul>\n<li>2 le\u00e7ons de grammaire communicative par jour<\/li>\n<li>2 le\u00e7ons de conversation et de vocabulaire, avec pratique orale et \u00e9crite, par jour<\/li>\n<li>2 le\u00e7ons de r\u00e9vision ou de pratique communicative avec de nouveaux vocabulaires et expressions, par jour<\/li>\n<\/ul>\n<p><a href=\"https:\/\/www.inmsol.com\/wp-content\/uploads\/2023\/01\/5.-Curso-Bildungsurlaub.jpg\" target=\"_blank\" rel=\"noopener\"><img fetchpriority=\"high\" decoding=\"async\" class=\"aligncenter wp-image-68405 size-full\" title=\"Cours d'espagnol Bildungsurlaub Granada\" src=\"https:\/\/www.inmsol.com\/wp-content\/uploads\/2023\/01\/5.-Curso-Bildungsurlaub.jpg\" alt=\"Cours d'espagnol Bildungsurlaub\" width=\"1010\" height=\"500\" srcset=\"https:\/\/www.inmsol.com\/wp-content\/uploads\/2023\/01\/5.-Curso-Bildungsurlaub.jpg 1010w, https:\/\/www.inmsol.com\/wp-content\/uploads\/2023\/01\/5.-Curso-Bildungsurlaub-800x396.jpg 800w, https:\/\/www.inmsol.com\/wp-content\/uploads\/2023\/01\/5.-Curso-Bildungsurlaub-64x32.jpg 64w, https:\/\/www.inmsol.com\/wp-content\/uploads\/2023\/01\/5.-Curso-Bildungsurlaub-460x228.jpg 460w, https:\/\/www.inmsol.com\/wp-content\/uploads\/2023\/01\/5.-Curso-Bildungsurlaub-768x380.jpg 768w, https:\/\/www.inmsol.com\/wp-content\/uploads\/2023\/01\/5.-Curso-Bildungsurlaub-250x124.jpg 250w, https:\/\/www.inmsol.com\/wp-content\/uploads\/2023\/01\/5.-Curso-Bildungsurlaub-600x297.jpg 600w\" sizes=\"(max-width: 1010px) 100vw, 1010px\" \/><\/a><\/p>\n<p>Les cours se d\u00e9roulent enti\u00e8rement en espagnol d\u00e8s le premier jour. L&rsquo;inscription comprend le <em>test de niveau en ligne<\/em>, des le\u00e7ons du lundi au vendredi, <em>des activit\u00e9s hebdomadaires<\/em> et <em>le certificat de pr\u00e9sence<\/em> \u00e0 la fin du cours. Chaque le\u00e7on a une dur\u00e9e de 45 minutes.<\/p>\n<style>\n.btn-descarga {\n    display: inline-block !important;\n    background-color: #ad0228 !important;\n    color: white !important;\n    padding: 8px 16px !important;\n    font-size: 14px !important;\n    font-weight: bold !important;\n    text-decoration: none !important;\n    border-radius: 5px !important;\n    transition: background-color 0.3s ease !important;\n    cursor: pointer !important;\n    border: none !important;\n}<\/p>\n<p>.btn-descarga:hover {\n    background-color: #8b0120 !important;\n    color: white !important;\n    text-decoration: none !important;\n}\n<\/style>\n<p><a href=\"https:\/\/www.inmsol.com\/wp-content\/uploads\/2026\/03\/Objetivos_contenidos_cursos-especificos_2026_iNMSOL.pdf\" target=\"_blank\" class=\"btn-descarga\"><br \/>\n    \ud83d\udcc4 Contenu du Cours<br \/>\n<\/a>&nbsp;<\/p>\n<p>&nbsp;<\/p>\n<h4>Conditions g\u00e9n\u00e9rales selon le nombre de participants aux cours :<\/h4>\n<p>Le nombre maximum d&rsquo;\u00e9l\u00e8ves par classe de m\u00eame niveau et de m\u00eames caract\u00e9ristiques de cours est 10, et le minimum est 3. Si ce minimum n&rsquo;est pas atteint, les conditions suivantes s&rsquo;appliqueront :<\/p>\n<blockquote><p><strong>1 \u00e9tudiant ou 2 \u00e9tudiants :<\/strong> le participant recevra 50 % des le\u00e7ons sous contrat, individuellement (1 professeur\/1 \u00e9l\u00e8ve), ou de mani\u00e8re semi-priv\u00e9e (1 professeur\/2 \u00e9l\u00e8ves), en fonction de son niveau et de ses besoins. L\u2019\u00e9tudiant ne doit en aucun cas payer la diff\u00e9rence de prix.<\/p>\n<p><strong>3 \u00e9tudiants ou plus :<\/strong> les participants recevront 100 % des le\u00e7ons sous contrat, en groupe.<\/p><\/blockquote>\n<p>Consultez <a href=\"https:\/\/www.inmsol.com\/fr\/informations-et-conditions\/\" target=\"_blank\" rel=\"noopener\">nos termes et conditions<\/a>!<\/p>\n","protected":false},"excerpt":{"rendered":"<p>Cours Bildungsurlaub de 30 le\u00e7ons\/semaine.<\/p>\n","protected":false},"featured_media":68395,"template":"","meta":{"_acf_changed":false},"product_brand":[],"product_cat":[832,831,835,830,1200,837,836],"product_tag":[],"class_list":{"0":"post-68244","1":"product","2":"type-product","3":"status-publish","4":"has-post-thumbnail","6":"product_cat-a1-fr","7":"product_cat-a2-fr","8":"product_cat-b1-fr","9":"product_cat-b2-fr","10":"product_cat-bildungsurlaub-fr-2","11":"product_cat-c1-fr","12":"product_cat-c2-fr","14":"first","15":"instock","16":"sold-individually","17":"purchasable","18":"product-type-variable"},"acf":[],"yoast_head":"<!-- This site is optimized with the Yoast SEO plugin v27.4 - https:\/\/yoast.com\/product\/yoast-seo-wordpress\/ -->\n<title>Bildungsurlaub | iNMSOL<\/title>\n<meta name=\"description\" content=\"Cours d&#039;espagnol pour les \u00e9tudiants qui ont un permis Bildungsurlaub par l&#039;interm\u00e9diaire de leurs employeurs en Allemagne.\" \/>\n<meta name=\"robots\" content=\"index, follow, max-snippet:-1, max-image-preview:large, max-video-preview:-1\" \/>\n<link rel=\"canonical\" href=\"https:\/\/www.inmsol.com\/fr\/producto\/bildungsurlaub\/\" \/>\n<meta property=\"og:locale\" content=\"fr_FR\" \/>\n<meta property=\"og:type\" content=\"article\" \/>\n<meta property=\"og:title\" content=\"Cours d&#039;espagnol Bildungsurlaub\" \/>\n<meta property=\"og:description\" content=\"Cours d&#039;espagnol pour les \u00e9tudiants qui ont un permis Bildungsurlaub par l&#039;interm\u00e9diaire de leurs employeurs en Allemagne.\" \/>\n<meta property=\"og:url\" content=\"https:\/\/www.inmsol.com\/fr\/producto\/bildungsurlaub\/\" \/>\n<meta property=\"og:site_name\" content=\"iNMSOL\" \/>\n<meta property=\"article:publisher\" content=\"https:\/\/www.facebook.com\/spanishcourses\" \/>\n<meta property=\"article:modified_time\" content=\"2026-03-30T15:08:51+00:00\" \/>\n<meta property=\"og:image\" content=\"https:\/\/www.inmsol.com\/wp-content\/uploads\/2023\/01\/5.-Curso-Bildungsurlaub.jpg\" \/>\n<meta name=\"twitter:label1\" content=\"Dur\u00e9e de lecture estim\u00e9e\" \/>\n\t<meta name=\"twitter:data1\" content=\"2 minutes\" \/>\n<script type=\"application\/ld+json\" class=\"yoast-schema-graph\">{\"@context\":\"https:\\\/\\\/schema.org\",\"@graph\":[{\"@type\":\"WebPage\",\"@id\":\"https:\\\/\\\/www.inmsol.com\\\/fr\\\/producto\\\/bildungsurlaub\\\/\",\"url\":\"https:\\\/\\\/www.inmsol.com\\\/fr\\\/producto\\\/bildungsurlaub\\\/\",\"name\":\"Bildungsurlaub | iNMSOL\",\"isPartOf\":{\"@id\":\"https:\\\/\\\/www.inmsol.com\\\/fr\\\/#website\"},\"primaryImageOfPage\":{\"@id\":\"https:\\\/\\\/www.inmsol.com\\\/fr\\\/producto\\\/bildungsurlaub\\\/#primaryimage\"},\"image\":{\"@id\":\"https:\\\/\\\/www.inmsol.com\\\/fr\\\/producto\\\/bildungsurlaub\\\/#primaryimage\"},\"thumbnailUrl\":\"https:\\\/\\\/www.inmsol.com\\\/wp-content\\\/uploads\\\/2023\\\/01\\\/Bildungsurlaub.jpg\",\"datePublished\":\"2023-01-17T12:05:17+00:00\",\"dateModified\":\"2026-03-30T15:08:51+00:00\",\"description\":\"Cours d'espagnol pour les \u00e9tudiants qui ont un permis Bildungsurlaub par l'interm\u00e9diaire de leurs employeurs en Allemagne.\",\"breadcrumb\":{\"@id\":\"https:\\\/\\\/www.inmsol.com\\\/fr\\\/producto\\\/bildungsurlaub\\\/#breadcrumb\"},\"inLanguage\":\"fr-FR\",\"potentialAction\":[{\"@type\":\"ReadAction\",\"target\":[\"https:\\\/\\\/www.inmsol.com\\\/fr\\\/producto\\\/bildungsurlaub\\\/\"]}]},{\"@type\":\"ImageObject\",\"inLanguage\":\"fr-FR\",\"@id\":\"https:\\\/\\\/www.inmsol.com\\\/fr\\\/producto\\\/bildungsurlaub\\\/#primaryimage\",\"url\":\"https:\\\/\\\/www.inmsol.com\\\/wp-content\\\/uploads\\\/2023\\\/01\\\/Bildungsurlaub.jpg\",\"contentUrl\":\"https:\\\/\\\/www.inmsol.com\\\/wp-content\\\/uploads\\\/2023\\\/01\\\/Bildungsurlaub.jpg\",\"width\":1000,\"height\":1000},{\"@type\":\"BreadcrumbList\",\"@id\":\"https:\\\/\\\/www.inmsol.com\\\/fr\\\/producto\\\/bildungsurlaub\\\/#breadcrumb\",\"itemListElement\":[{\"@type\":\"ListItem\",\"position\":1,\"name\":\"Accredited Center by Instituto Cervantes\",\"item\":\"https:\\\/\\\/www.inmsol.com\\\/fr\\\/pagina-ejemplo\\\/\"},{\"@type\":\"ListItem\",\"position\":2,\"name\":\"Cours\",\"item\":\"https:\\\/\\\/www.inmsol.com\\\/fr\\\/cours\\\/\"},{\"@type\":\"ListItem\",\"position\":3,\"name\":\"Bildungsurlaub\"}]},{\"@type\":\"WebSite\",\"@id\":\"https:\\\/\\\/www.inmsol.com\\\/fr\\\/#website\",\"url\":\"https:\\\/\\\/www.inmsol.com\\\/fr\\\/\",\"name\":\"iNMSOL\",\"description\":\"Apprenez l'espagnol avec nous - Centre de formation affili\u00e9 \u00e0 l'Institute Cervantes\",\"publisher\":{\"@id\":\"https:\\\/\\\/www.inmsol.com\\\/fr\\\/#organization\"},\"potentialAction\":[{\"@type\":\"SearchAction\",\"target\":{\"@type\":\"EntryPoint\",\"urlTemplate\":\"https:\\\/\\\/www.inmsol.com\\\/fr\\\/?s={search_term_string}\"},\"query-input\":{\"@type\":\"PropertyValueSpecification\",\"valueRequired\":true,\"valueName\":\"search_term_string\"}}],\"inLanguage\":\"fr-FR\"},{\"@type\":\"Organization\",\"@id\":\"https:\\\/\\\/www.inmsol.com\\\/fr\\\/#organization\",\"name\":\"Instituto Mediterr\u00e1neo Sol\",\"url\":\"https:\\\/\\\/www.inmsol.com\\\/fr\\\/\",\"logo\":{\"@type\":\"ImageObject\",\"inLanguage\":\"fr-FR\",\"@id\":\"https:\\\/\\\/www.inmsol.com\\\/fr\\\/#\\\/schema\\\/logo\\\/image\\\/\",\"url\":\"https:\\\/\\\/www.inmsol.com\\\/wp-content\\\/uploads\\\/2023\\\/06\\\/logo-inmsol-1.png\",\"contentUrl\":\"https:\\\/\\\/www.inmsol.com\\\/wp-content\\\/uploads\\\/2023\\\/06\\\/logo-inmsol-1.png\",\"width\":136,\"height\":73,\"caption\":\"Instituto Mediterr\u00e1neo Sol\"},\"image\":{\"@id\":\"https:\\\/\\\/www.inmsol.com\\\/fr\\\/#\\\/schema\\\/logo\\\/image\\\/\"},\"sameAs\":[\"https:\\\/\\\/www.facebook.com\\\/spanishcourses\",\"https:\\\/\\\/x.com\\\/StudyInGranada\",\"http:\\\/\\\/instagram.com\\\/imsolgranada\",\"https:\\\/\\\/es.linkedin.com\\\/company\\\/imsol-granada\",\"https:\\\/\\\/www.pinterest.es\\\/inmsol\\\/\",\"https:\\\/\\\/www.youtube.com\\\/channel\\\/UChz-Qn_7coFMosY85iYMO4g\"]}]}<\/script>\n<!-- \/ Yoast SEO plugin. -->","yoast_head_json":{"title":"Bildungsurlaub | iNMSOL","description":"Cours d'espagnol pour les \u00e9tudiants qui ont un permis Bildungsurlaub par l'interm\u00e9diaire de leurs employeurs en Allemagne.","robots":{"index":"index","follow":"follow","max-snippet":"max-snippet:-1","max-image-preview":"max-image-preview:large","max-video-preview":"max-video-preview:-1"},"canonical":"https:\/\/www.inmsol.com\/fr\/producto\/bildungsurlaub\/","og_locale":"fr_FR","og_type":"article","og_title":"Cours d'espagnol Bildungsurlaub","og_description":"Cours d'espagnol pour les \u00e9tudiants qui ont un permis Bildungsurlaub par l'interm\u00e9diaire de leurs employeurs en Allemagne.","og_url":"https:\/\/www.inmsol.com\/fr\/producto\/bildungsurlaub\/","og_site_name":"iNMSOL","article_publisher":"https:\/\/www.facebook.com\/spanishcourses","article_modified_time":"2026-03-30T15:08:51+00:00","og_image":[{"url":"https:\/\/www.inmsol.com\/wp-content\/uploads\/2023\/01\/5.-Curso-Bildungsurlaub.jpg","type":"","width":"","height":""}],"twitter_misc":{"Dur\u00e9e de lecture estim\u00e9e":"2 minutes"},"schema":{"@context":"https:\/\/schema.org","@graph":[{"@type":"WebPage","@id":"https:\/\/www.inmsol.com\/fr\/producto\/bildungsurlaub\/","url":"https:\/\/www.inmsol.com\/fr\/producto\/bildungsurlaub\/","name":"Bildungsurlaub | iNMSOL","isPartOf":{"@id":"https:\/\/www.inmsol.com\/fr\/#website"},"primaryImageOfPage":{"@id":"https:\/\/www.inmsol.com\/fr\/producto\/bildungsurlaub\/#primaryimage"},"image":{"@id":"https:\/\/www.inmsol.com\/fr\/producto\/bildungsurlaub\/#primaryimage"},"thumbnailUrl":"https:\/\/www.inmsol.com\/wp-content\/uploads\/2023\/01\/Bildungsurlaub.jpg","datePublished":"2023-01-17T12:05:17+00:00","dateModified":"2026-03-30T15:08:51+00:00","description":"Cours d'espagnol pour les \u00e9tudiants qui ont un permis Bildungsurlaub par l'interm\u00e9diaire de leurs employeurs en Allemagne.","breadcrumb":{"@id":"https:\/\/www.inmsol.com\/fr\/producto\/bildungsurlaub\/#breadcrumb"},"inLanguage":"fr-FR","potentialAction":[{"@type":"ReadAction","target":["https:\/\/www.inmsol.com\/fr\/producto\/bildungsurlaub\/"]}]},{"@type":"ImageObject","inLanguage":"fr-FR","@id":"https:\/\/www.inmsol.com\/fr\/producto\/bildungsurlaub\/#primaryimage","url":"https:\/\/www.inmsol.com\/wp-content\/uploads\/2023\/01\/Bildungsurlaub.jpg","contentUrl":"https:\/\/www.inmsol.com\/wp-content\/uploads\/2023\/01\/Bildungsurlaub.jpg","width":1000,"height":1000},{"@type":"BreadcrumbList","@id":"https:\/\/www.inmsol.com\/fr\/producto\/bildungsurlaub\/#breadcrumb","itemListElement":[{"@type":"ListItem","position":1,"name":"Accredited Center by Instituto Cervantes","item":"https:\/\/www.inmsol.com\/fr\/pagina-ejemplo\/"},{"@type":"ListItem","position":2,"name":"Cours","item":"https:\/\/www.inmsol.com\/fr\/cours\/"},{"@type":"ListItem","position":3,"name":"Bildungsurlaub"}]},{"@type":"WebSite","@id":"https:\/\/www.inmsol.com\/fr\/#website","url":"https:\/\/www.inmsol.com\/fr\/","name":"iNMSOL","description":"Apprenez l'espagnol avec nous - Centre de formation affili\u00e9 \u00e0 l'Institute Cervantes","publisher":{"@id":"https:\/\/www.inmsol.com\/fr\/#organization"},"potentialAction":[{"@type":"SearchAction","target":{"@type":"EntryPoint","urlTemplate":"https:\/\/www.inmsol.com\/fr\/?s={search_term_string}"},"query-input":{"@type":"PropertyValueSpecification","valueRequired":true,"valueName":"search_term_string"}}],"inLanguage":"fr-FR"},{"@type":"Organization","@id":"https:\/\/www.inmsol.com\/fr\/#organization","name":"Instituto Mediterr\u00e1neo Sol","url":"https:\/\/www.inmsol.com\/fr\/","logo":{"@type":"ImageObject","inLanguage":"fr-FR","@id":"https:\/\/www.inmsol.com\/fr\/#\/schema\/logo\/image\/","url":"https:\/\/www.inmsol.com\/wp-content\/uploads\/2023\/06\/logo-inmsol-1.png","contentUrl":"https:\/\/www.inmsol.com\/wp-content\/uploads\/2023\/06\/logo-inmsol-1.png","width":136,"height":73,"caption":"Instituto Mediterr\u00e1neo Sol"},"image":{"@id":"https:\/\/www.inmsol.com\/fr\/#\/schema\/logo\/image\/"},"sameAs":["https:\/\/www.facebook.com\/spanishcourses","https:\/\/x.com\/StudyInGranada","http:\/\/instagram.com\/imsolgranada","https:\/\/es.linkedin.com\/company\/imsol-granada","https:\/\/www.pinterest.es\/inmsol\/","https:\/\/www.youtube.com\/channel\/UChz-Qn_7coFMosY85iYMO4g"]}]}},"_links":{"self":[{"href":"https:\/\/www.inmsol.com\/fr\/wp-json\/wp\/v2\/product\/68244","targetHints":{"allow":["GET"]}}],"collection":[{"href":"https:\/\/www.inmsol.com\/fr\/wp-json\/wp\/v2\/product"}],"about":[{"href":"https:\/\/www.inmsol.com\/fr\/wp-json\/wp\/v2\/types\/product"}],"wp:featuredmedia":[{"embeddable":true,"href":"https:\/\/www.inmsol.com\/fr\/wp-json\/wp\/v2\/media\/68395"}],"wp:attachment":[{"href":"https:\/\/www.inmsol.com\/fr\/wp-json\/wp\/v2\/media?parent=68244"}],"wp:term":[{"taxonomy":"product_brand","embeddable":true,"href":"https:\/\/www.inmsol.com\/fr\/wp-json\/wp\/v2\/product_brand?post=68244"},{"taxonomy":"product_cat","embeddable":true,"href":"https:\/\/www.inmsol.com\/fr\/wp-json\/wp\/v2\/product_cat?post=68244"},{"taxonomy":"product_tag","embeddable":true,"href":"https:\/\/www.inmsol.com\/fr\/wp-json\/wp\/v2\/product_tag?post=68244"}],"curies":[{"name":"wp","href":"https:\/\/api.w.org\/{rel}","templated":true}]}}