{"id":1575,"date":"2009-08-05T03:51:33","date_gmt":"2009-08-05T03:51:33","guid":{"rendered":"https:\/\/www.inmsol.com\/"},"modified":"2023-07-05T22:31:29","modified_gmt":"2023-07-05T20:31:29","slug":"norme-di-comportamento","status":"publish","type":"page","link":"https:\/\/www.inmsol.com\/it\/scuola-spagnolo-granada\/norme-di-comportamento\/","title":{"rendered":"Norme di Comportamento"},"content":{"rendered":"\t\t<div data-elementor-type=\"wp-page\" data-elementor-id=\"1575\" class=\"elementor elementor-1575 elementor-1571\" data-elementor-post-type=\"page\">\n\t\t\t\t\t\t<section class=\"elementor-section elementor-top-section elementor-element elementor-element-08e12da elementor-section-full_width elementor-section-height-min-height elementor-section-stretched elementor-section-height-default elementor-section-items-middle parallax_section_no qode_elementor_container_no\" data-id=\"08e12da\" data-element_type=\"section\" data-settings=\"{&quot;stretch_section&quot;:&quot;section-stretched&quot;,&quot;background_background&quot;:&quot;classic&quot;}\">\n\t\t\t\t\t\t\t<div class=\"elementor-background-overlay\"><\/div>\n\t\t\t\t\t\t\t<div class=\"elementor-container elementor-column-gap-no\">\n\t\t\t\t\t<div class=\"elementor-column elementor-col-100 elementor-top-column elementor-element elementor-element-6cedddc\" data-id=\"6cedddc\" data-element_type=\"column\">\n\t\t\t<div class=\"elementor-widget-wrap elementor-element-populated\">\n\t\t\t\t\t\t<section class=\"elementor-section elementor-inner-section elementor-element elementor-element-10d8d2e elementor-section-boxed elementor-section-height-default elementor-section-height-default parallax_section_no qode_elementor_container_no\" data-id=\"10d8d2e\" data-element_type=\"section\">\n\t\t\t\t\t\t<div class=\"elementor-container elementor-column-gap-default\">\n\t\t\t\t\t<div class=\"elementor-column elementor-col-100 elementor-inner-column elementor-element elementor-element-ddc8a74\" data-id=\"ddc8a74\" data-element_type=\"column\">\n\t\t\t<div class=\"elementor-widget-wrap elementor-element-populated\">\n\t\t\t\t\t\t\t<\/div>\n\t\t<\/div>\n\t\t\t\t\t<\/div>\n\t\t<\/section>\n\t\t\t\t\t<\/div>\n\t\t<\/div>\n\t\t\t\t\t<\/div>\n\t\t<\/section>\n\t\t\t\t<section class=\"elementor-section elementor-top-section elementor-element elementor-element-4b866b0 elementor-section-boxed elementor-section-height-default elementor-section-height-default parallax_section_no qode_elementor_container_no\" data-id=\"4b866b0\" data-element_type=\"section\">\n\t\t\t\t\t\t<div class=\"elementor-container elementor-column-gap-default\">\n\t\t\t\t\t<div class=\"elementor-column elementor-col-100 elementor-top-column elementor-element elementor-element-7f24c03\" data-id=\"7f24c03\" data-element_type=\"column\">\n\t\t\t<div class=\"elementor-widget-wrap elementor-element-populated\">\n\t\t\t\t\t\t<div class=\"elementor-element elementor-element-4df064f elementor-widget elementor-widget-heading\" data-id=\"4df064f\" data-element_type=\"widget\" data-widget_type=\"heading.default\">\n\t\t\t\t<div class=\"elementor-widget-container\">\n\t\t\t\t\t<h2 class=\"elementor-heading-title elementor-size-default\">NORME DI COMPORTAMENTO\n\n<\/h2>\t\t\t\t<\/div>\n\t\t\t\t<\/div>\n\t\t\t\t<div class=\"elementor-element elementor-element-5cc832d elementor-widget elementor-widget-text-editor\" data-id=\"5cc832d\" data-element_type=\"widget\" data-widget_type=\"text-editor.default\">\n\t\t\t\t<div class=\"elementor-widget-container\">\n\t\t\t\t\t\t\t\t\t<p><a href=\"https:\/\/www.inmsol.com\/it\/downloads\/brochures\/MODULO%20PER%20MINORENNI.pdf\">Clicca qui<\/a>\u00a0per scaricare il Modulo per minorenni.<\/p>\t\t\t\t\t\t\t\t<\/div>\n\t\t\t\t<\/div>\n\t\t\t\t\t<\/div>\n\t\t<\/div>\n\t\t\t\t\t<\/div>\n\t\t<\/section>\n\t\t\t\t<section class=\"elementor-section elementor-top-section elementor-element elementor-element-37fe778 elementor-section-boxed elementor-section-height-default elementor-section-height-default parallax_section_no qode_elementor_container_no\" data-id=\"37fe778\" data-element_type=\"section\">\n\t\t\t\t\t\t<div class=\"elementor-container elementor-column-gap-default\">\n\t\t\t\t\t<div class=\"elementor-column elementor-col-50 elementor-top-column elementor-element elementor-element-8170ae3\" data-id=\"8170ae3\" data-element_type=\"column\">\n\t\t\t<div class=\"elementor-widget-wrap elementor-element-populated\">\n\t\t\t\t\t\t<div class=\"elementor-element elementor-element-1e84495 elementor-widget elementor-widget-heading\" data-id=\"1e84495\" data-element_type=\"widget\" data-widget_type=\"heading.default\">\n\t\t\t\t<div class=\"elementor-widget-container\">\n\t\t\t\t\t<h3 class=\"elementor-heading-title elementor-size-default\">LEGGI\n\n<\/h3>\t\t\t\t<\/div>\n\t\t\t\t<\/div>\n\t\t\t\t<div class=\"elementor-element elementor-element-06fa333 elementor-widget elementor-widget-text-editor\" data-id=\"06fa333\" data-element_type=\"widget\" data-widget_type=\"text-editor.default\">\n\t\t\t\t<div class=\"elementor-widget-container\">\n\t\t\t\t\t\t\t\t\t<ul><li>Lo studente dovr\u00e0 accettare e rispettare leggi e norme del Paese e della localit\u00e0 di destinazione e adattarsi, per quanto possibile, ai costumi e alle tradizioni locali.<\/li><li>La legge spagnola vieta la consumazione di alcol ai minori di 18 anni e vieta il consumo di droghe. La violazione di tale legge comporta l\u2019esclusione immediata dal programma del \u201cCorso Adolescenti\u201d e il rientro inmediato al proprio Paese.<\/li><\/ul>\t\t\t\t\t\t\t\t<\/div>\n\t\t\t\t<\/div>\n\t\t\t\t\t<\/div>\n\t\t<\/div>\n\t\t\t\t<div class=\"elementor-column elementor-col-50 elementor-top-column elementor-element elementor-element-856bf73\" data-id=\"856bf73\" data-element_type=\"column\">\n\t\t\t<div class=\"elementor-widget-wrap elementor-element-populated\">\n\t\t\t\t\t\t<div class=\"elementor-element elementor-element-519e59a elementor-widget elementor-widget-heading\" data-id=\"519e59a\" data-element_type=\"widget\" data-widget_type=\"heading.default\">\n\t\t\t\t<div class=\"elementor-widget-container\">\n\t\t\t\t\t<h3 class=\"elementor-heading-title elementor-size-default\">IN FAMIGLIA\n\n<\/h3>\t\t\t\t<\/div>\n\t\t\t\t<\/div>\n\t\t\t\t<div class=\"elementor-element elementor-element-88eee4f elementor-widget elementor-widget-text-editor\" data-id=\"88eee4f\" data-element_type=\"widget\" data-widget_type=\"text-editor.default\">\n\t\t\t\t<div class=\"elementor-widget-container\">\n\t\t\t\t\t\t\t\t\t<ul><li>Si ammetteranno in famiglia soltanto studenti disposti ad accettare le abituali norme di convivenza e di comportamento, in un ambiente familiare che saranno obbligati a rispettare.<\/li><li>I partecipanti dovranno comportarsi correttamente in famiglia.<\/li><li>I partecipanti dovranno rispettare le abitudini e i costumi della famiglia che li accoglier\u00e0 e seguire l\u2019orario dei pasti e di rientro stabiliti dalla scuola. Non \u00e8 possibile cambiare tale orario, salvo per attivit\u00e0 della scuola, che saranno precedentemente comunicate.<\/li><li>L\u2019orario limite di rientro non pu\u00f2 superare le ore 24.00, fine settimana compresi.<\/li><li>Se per qualche motivo lo studente non dovesse rientare a casa puntuale, dovr\u00e0 avvisare la famiglia e giustificare tale ritardo.<\/li><\/ul>\t\t\t\t\t\t\t\t<\/div>\n\t\t\t\t<\/div>\n\t\t\t\t\t<\/div>\n\t\t<\/div>\n\t\t\t\t\t<\/div>\n\t\t<\/section>\n\t\t\t\t<section class=\"elementor-section elementor-top-section elementor-element elementor-element-fd36a26 elementor-section-boxed elementor-section-height-default elementor-section-height-default parallax_section_no qode_elementor_container_no\" data-id=\"fd36a26\" data-element_type=\"section\">\n\t\t\t\t\t\t<div class=\"elementor-container elementor-column-gap-default\">\n\t\t\t\t\t<div class=\"elementor-column elementor-col-50 elementor-top-column elementor-element elementor-element-684d65a\" data-id=\"684d65a\" data-element_type=\"column\">\n\t\t\t<div class=\"elementor-widget-wrap elementor-element-populated\">\n\t\t\t\t\t\t<div class=\"elementor-element elementor-element-647183e elementor-widget elementor-widget-heading\" data-id=\"647183e\" data-element_type=\"widget\" data-widget_type=\"heading.default\">\n\t\t\t\t<div class=\"elementor-widget-container\">\n\t\t\t\t\t<h3 class=\"elementor-heading-title elementor-size-default\">A SCUOLA\n\n<\/h3>\t\t\t\t<\/div>\n\t\t\t\t<\/div>\n\t\t\t\t<div class=\"elementor-element elementor-element-50bcc2b elementor-widget elementor-widget-text-editor\" data-id=\"50bcc2b\" data-element_type=\"widget\" data-widget_type=\"text-editor.default\">\n\t\t\t\t<div class=\"elementor-widget-container\">\n\t\t\t\t\t\t\t\t\t<ul><li>I partecipanti dovranno rispettare l\u2019orario delle lezioni e delle attivit\u00e0 svolte dalla scuola.<\/li><li>I partecipanti sono tenuti ad arrivare puntuali e a vestirsi in modo adeguato.<\/li><li>I partecipanti dovranno portare con s\u00e9 il materiale di base (quaderni, penne etc.) e rispettare il materiale fornito dalla scuola.<\/li><\/ul>\t\t\t\t\t\t\t\t<\/div>\n\t\t\t\t<\/div>\n\t\t\t\t\t<\/div>\n\t\t<\/div>\n\t\t\t\t<div class=\"elementor-column elementor-col-50 elementor-top-column elementor-element elementor-element-86ada56\" data-id=\"86ada56\" data-element_type=\"column\">\n\t\t\t<div class=\"elementor-widget-wrap elementor-element-populated\">\n\t\t\t\t\t\t<div class=\"elementor-element elementor-element-3cb2d9d elementor-widget elementor-widget-heading\" data-id=\"3cb2d9d\" data-element_type=\"widget\" data-widget_type=\"heading.default\">\n\t\t\t\t<div class=\"elementor-widget-container\">\n\t\t\t\t\t<h3 class=\"elementor-heading-title elementor-size-default\">iNMSOL<\/h3>\t\t\t\t<\/div>\n\t\t\t\t<\/div>\n\t\t\t\t<div class=\"elementor-element elementor-element-6eef7da elementor-widget elementor-widget-text-editor\" data-id=\"6eef7da\" data-element_type=\"widget\" data-widget_type=\"text-editor.default\">\n\t\t\t\t<div class=\"elementor-widget-container\">\n\t\t\t\t\t\t\t\t\t<ul><li>NMSOL non si assume la responsabilit\u00e0 per eventuali comportamenti che non si adeguino alle norme sopra descritte o alla legislazione vigente in Spagna, nella Comunidad Aut\u00f3noma (Regione Andalusia) o nella localit\u00e0 in cui avr\u00e0 luogo il soggiorno.<\/li><li>Il mancato adempimento di anche una sola di tali norme obbligher\u00e0 iNMSOL a procedere all\u2019esclusione dal programma e al rientro al proprio Paese e a risarcire per conto del partecipante, dei genitori o del tutore, i danni causati da tale inadempimento. Il rientro anticipato per i motivi sopra esposti comporta la perdita dell\u2019importo versato per il soggiorno, che non verr\u00e0 restituito.<\/li><\/ul>\t\t\t\t\t\t\t\t<\/div>\n\t\t\t\t<\/div>\n\t\t\t\t\t<\/div>\n\t\t<\/div>\n\t\t\t\t\t<\/div>\n\t\t<\/section>\n\t\t\t\t<section class=\"elementor-section elementor-top-section elementor-element elementor-element-1a0999f elementor-section-boxed elementor-section-height-default elementor-section-height-default parallax_section_no qode_elementor_container_no\" data-id=\"1a0999f\" data-element_type=\"section\">\n\t\t\t\t\t\t<div class=\"elementor-container elementor-column-gap-default\">\n\t\t\t\t\t<div class=\"elementor-column elementor-col-100 elementor-top-column elementor-element elementor-element-d823689\" data-id=\"d823689\" data-element_type=\"column\">\n\t\t\t<div class=\"elementor-widget-wrap elementor-element-populated\">\n\t\t\t\t\t\t<div class=\"elementor-element elementor-element-01e0c18 elementor-widget elementor-widget-heading\" data-id=\"01e0c18\" data-element_type=\"widget\" data-widget_type=\"heading.default\">\n\t\t\t\t<div class=\"elementor-widget-container\">\n\t\t\t\t\t<h3 class=\"elementor-heading-title elementor-size-default\">RESPONSABILIT\u00c0 DI iNMSOL\n\n<\/h3>\t\t\t\t<\/div>\n\t\t\t\t<\/div>\n\t\t\t\t<div class=\"elementor-element elementor-element-7af6b14 elementor-widget elementor-widget-text-editor\" data-id=\"7af6b14\" data-element_type=\"widget\" data-widget_type=\"text-editor.default\">\n\t\t\t\t<div class=\"elementor-widget-container\">\n\t\t\t\t\t\t\t\t\t<ul><li>iNMSOL si assume la responsabilit\u00e0 dello studente nei seguenti casi:<ul><li>Durante le ore di lezione e il tempo trascorso nella scuola;<\/li><li>Durante le attivit\u00e0 organizzate dalla scuola;<\/li><li>Durante i pasti e il tempo trascorso in famiglia;<\/li><li>Durante le escursioni organizzate dalla scuola.<\/li><\/ul><\/li><li>iNMSOL NON si assume la responsabilit\u00e0 di eventuali Corsi Complementari ai quali lo studente si sia iscritto, n\u00e9 di programma, orari o attivit\u00e0 legati agli stessi. L\u2019azienda o la persona organizzatrice di tali corsi si assumer\u00e0 la completa responsabilit\u00e0 del partecipante.<\/li><\/ul><p>Il solo fatto di iscriversi e partecipare ad un corso implica l\u2019accettazione e l\u2019adempimento da parte del partecipante delle Norme di Comportamento comprese in queste pagine e delle Informazioni e Condizioni Generali dell\u2019Iscrizione.<\/p><p>iNMSOL si riserva il diritto di modificare, su basi giustificate, parte delle informazioni contenute in questa pagina.<\/p>\t\t\t\t\t\t\t\t<\/div>\n\t\t\t\t<\/div>\n\t\t\t\t\t<\/div>\n\t\t<\/div>\n\t\t\t\t\t<\/div>\n\t\t<\/section>\n\t\t\t\t<\/div>\n\t\t","protected":false},"excerpt":{"rendered":"<p>NORME DI COMPORTAMENTO Clicca qui\u00a0per scaricare il Modulo per minorenni. LEGGI Lo studente dovr\u00e0 accettare e rispettare leggi e norme del Paese e della localit\u00e0 di destinazione e adattarsi, per quanto possibile, ai costumi e alle tradizioni locali. La legge spagnola vieta la consumazione di&#8230;<\/p>\n","protected":false},"author":2,"featured_media":0,"parent":1403,"menu_order":0,"comment_status":"closed","ping_status":"closed","template":"","meta":{"_acf_changed":false,"footnotes":""},"class_list":["post-1575","page","type-page","status-publish","hentry"],"acf":[],"yoast_head":"<!-- This site is optimized with the Yoast SEO plugin v27.4 - https:\/\/yoast.com\/product\/yoast-seo-wordpress\/ -->\n<title>Norme di comportamento |Scuola di spagnolo Granada<\/title>\n<meta name=\"description\" content=\"Norme di comportamento della scuola di spagnolo a Granada, iNMSOL, sia a scuola che in alloggio che durante le attivit\u00e0.\" \/>\n<meta name=\"robots\" content=\"index, follow, max-snippet:-1, max-image-preview:large, max-video-preview:-1\" \/>\n<link rel=\"canonical\" href=\"https:\/\/www.inmsol.com\/it\/scuola-spagnolo-granada\/norme-di-comportamento\/\" \/>\n<meta property=\"og:locale\" content=\"it_IT\" \/>\n<meta property=\"og:type\" content=\"article\" \/>\n<meta property=\"og:title\" content=\"Norme di comportamento |Scuola di spagnolo Granada\" \/>\n<meta property=\"og:description\" content=\"Norme di comportamento della scuola di spagnolo a Granada, iNMSOL, sia a scuola che in alloggio che durante le attivit\u00e0.\" \/>\n<meta property=\"og:url\" content=\"https:\/\/www.inmsol.com\/it\/scuola-spagnolo-granada\/norme-di-comportamento\/\" \/>\n<meta property=\"og:site_name\" content=\"iNMSOL\" \/>\n<meta property=\"article:publisher\" content=\"https:\/\/www.facebook.com\/spanishcourses\" \/>\n<meta property=\"article:modified_time\" content=\"2023-07-05T20:31:29+00:00\" \/>\n<meta property=\"og:image\" content=\"https:\/\/www.inmsol.com\/wp-content\/uploads\/2019\/08\/logo-inmsol.png\" \/>\n\t<meta property=\"og:image:width\" content=\"320\" \/>\n\t<meta property=\"og:image:height\" content=\"154\" \/>\n\t<meta property=\"og:image:type\" content=\"image\/png\" \/>\n<meta name=\"twitter:label1\" content=\"Tempo di lettura stimato\" \/>\n\t<meta name=\"twitter:data1\" content=\"3 minuti\" \/>\n<script type=\"application\/ld+json\" class=\"yoast-schema-graph\">{\"@context\":\"https:\\\/\\\/schema.org\",\"@graph\":[{\"@type\":\"WebPage\",\"@id\":\"https:\\\/\\\/www.inmsol.com\\\/it\\\/scuola-spagnolo-granada\\\/norme-di-comportamento\\\/\",\"url\":\"https:\\\/\\\/www.inmsol.com\\\/it\\\/scuola-spagnolo-granada\\\/norme-di-comportamento\\\/\",\"name\":\"Norme di comportamento |Scuola di spagnolo Granada\",\"isPartOf\":{\"@id\":\"https:\\\/\\\/www.inmsol.com\\\/it\\\/#website\"},\"datePublished\":\"2009-08-05T03:51:33+00:00\",\"dateModified\":\"2023-07-05T20:31:29+00:00\",\"description\":\"Norme di comportamento della scuola di spagnolo a Granada, iNMSOL, sia a scuola che in alloggio che durante le attivit\u00e0.\",\"breadcrumb\":{\"@id\":\"https:\\\/\\\/www.inmsol.com\\\/it\\\/scuola-spagnolo-granada\\\/norme-di-comportamento\\\/#breadcrumb\"},\"inLanguage\":\"it-IT\",\"potentialAction\":[{\"@type\":\"ReadAction\",\"target\":[\"https:\\\/\\\/www.inmsol.com\\\/it\\\/scuola-spagnolo-granada\\\/norme-di-comportamento\\\/\"]}]},{\"@type\":\"BreadcrumbList\",\"@id\":\"https:\\\/\\\/www.inmsol.com\\\/it\\\/scuola-spagnolo-granada\\\/norme-di-comportamento\\\/#breadcrumb\",\"itemListElement\":[{\"@type\":\"ListItem\",\"position\":1,\"name\":\"Accredited Center by Instituto Cervantes\",\"item\":\"https:\\\/\\\/www.inmsol.com\\\/it\\\/pagina-ejemplo\\\/\"},{\"@type\":\"ListItem\",\"position\":2,\"name\":\"Scuola di spagnolo a Granada\",\"item\":\"https:\\\/\\\/www.inmsol.com\\\/it\\\/scuola-spagnolo-granada\\\/\"},{\"@type\":\"ListItem\",\"position\":3,\"name\":\"Norme di Comportamento\"}]},{\"@type\":\"WebSite\",\"@id\":\"https:\\\/\\\/www.inmsol.com\\\/it\\\/#website\",\"url\":\"https:\\\/\\\/www.inmsol.com\\\/it\\\/\",\"name\":\"iNMSOL\",\"description\":\"Impara lo spagnolo con noi - Centro di studio accreditato con l'Istituto Cervantes\",\"publisher\":{\"@id\":\"https:\\\/\\\/www.inmsol.com\\\/it\\\/#organization\"},\"potentialAction\":[{\"@type\":\"SearchAction\",\"target\":{\"@type\":\"EntryPoint\",\"urlTemplate\":\"https:\\\/\\\/www.inmsol.com\\\/it\\\/?s={search_term_string}\"},\"query-input\":{\"@type\":\"PropertyValueSpecification\",\"valueRequired\":true,\"valueName\":\"search_term_string\"}}],\"inLanguage\":\"it-IT\"},{\"@type\":\"Organization\",\"@id\":\"https:\\\/\\\/www.inmsol.com\\\/it\\\/#organization\",\"name\":\"Instituto Mediterr\u00e1neo Sol\",\"url\":\"https:\\\/\\\/www.inmsol.com\\\/it\\\/\",\"logo\":{\"@type\":\"ImageObject\",\"inLanguage\":\"it-IT\",\"@id\":\"https:\\\/\\\/www.inmsol.com\\\/it\\\/#\\\/schema\\\/logo\\\/image\\\/\",\"url\":\"https:\\\/\\\/www.inmsol.com\\\/wp-content\\\/uploads\\\/2023\\\/06\\\/logo-inmsol-1.png\",\"contentUrl\":\"https:\\\/\\\/www.inmsol.com\\\/wp-content\\\/uploads\\\/2023\\\/06\\\/logo-inmsol-1.png\",\"width\":136,\"height\":73,\"caption\":\"Instituto Mediterr\u00e1neo Sol\"},\"image\":{\"@id\":\"https:\\\/\\\/www.inmsol.com\\\/it\\\/#\\\/schema\\\/logo\\\/image\\\/\"},\"sameAs\":[\"https:\\\/\\\/www.facebook.com\\\/spanishcourses\",\"https:\\\/\\\/x.com\\\/StudyInGranada\",\"http:\\\/\\\/instagram.com\\\/imsolgranada\",\"https:\\\/\\\/es.linkedin.com\\\/company\\\/imsol-granada\",\"https:\\\/\\\/www.pinterest.es\\\/inmsol\\\/\",\"https:\\\/\\\/www.youtube.com\\\/channel\\\/UChz-Qn_7coFMosY85iYMO4g\"]}]}<\/script>\n<!-- \/ Yoast SEO plugin. -->","yoast_head_json":{"title":"Norme di comportamento |Scuola di spagnolo Granada","description":"Norme di comportamento della scuola di spagnolo a Granada, iNMSOL, sia a scuola che in alloggio che durante le attivit\u00e0.","robots":{"index":"index","follow":"follow","max-snippet":"max-snippet:-1","max-image-preview":"max-image-preview:large","max-video-preview":"max-video-preview:-1"},"canonical":"https:\/\/www.inmsol.com\/it\/scuola-spagnolo-granada\/norme-di-comportamento\/","og_locale":"it_IT","og_type":"article","og_title":"Norme di comportamento |Scuola di spagnolo Granada","og_description":"Norme di comportamento della scuola di spagnolo a Granada, iNMSOL, sia a scuola che in alloggio che durante le attivit\u00e0.","og_url":"https:\/\/www.inmsol.com\/it\/scuola-spagnolo-granada\/norme-di-comportamento\/","og_site_name":"iNMSOL","article_publisher":"https:\/\/www.facebook.com\/spanishcourses","article_modified_time":"2023-07-05T20:31:29+00:00","og_image":[{"width":320,"height":154,"url":"https:\/\/www.inmsol.com\/wp-content\/uploads\/2019\/08\/logo-inmsol.png","type":"image\/png"}],"twitter_misc":{"Tempo di lettura stimato":"3 minuti"},"schema":{"@context":"https:\/\/schema.org","@graph":[{"@type":"WebPage","@id":"https:\/\/www.inmsol.com\/it\/scuola-spagnolo-granada\/norme-di-comportamento\/","url":"https:\/\/www.inmsol.com\/it\/scuola-spagnolo-granada\/norme-di-comportamento\/","name":"Norme di comportamento |Scuola di spagnolo Granada","isPartOf":{"@id":"https:\/\/www.inmsol.com\/it\/#website"},"datePublished":"2009-08-05T03:51:33+00:00","dateModified":"2023-07-05T20:31:29+00:00","description":"Norme di comportamento della scuola di spagnolo a Granada, iNMSOL, sia a scuola che in alloggio che durante le attivit\u00e0.","breadcrumb":{"@id":"https:\/\/www.inmsol.com\/it\/scuola-spagnolo-granada\/norme-di-comportamento\/#breadcrumb"},"inLanguage":"it-IT","potentialAction":[{"@type":"ReadAction","target":["https:\/\/www.inmsol.com\/it\/scuola-spagnolo-granada\/norme-di-comportamento\/"]}]},{"@type":"BreadcrumbList","@id":"https:\/\/www.inmsol.com\/it\/scuola-spagnolo-granada\/norme-di-comportamento\/#breadcrumb","itemListElement":[{"@type":"ListItem","position":1,"name":"Accredited Center by Instituto Cervantes","item":"https:\/\/www.inmsol.com\/it\/pagina-ejemplo\/"},{"@type":"ListItem","position":2,"name":"Scuola di spagnolo a Granada","item":"https:\/\/www.inmsol.com\/it\/scuola-spagnolo-granada\/"},{"@type":"ListItem","position":3,"name":"Norme di Comportamento"}]},{"@type":"WebSite","@id":"https:\/\/www.inmsol.com\/it\/#website","url":"https:\/\/www.inmsol.com\/it\/","name":"iNMSOL","description":"Impara lo spagnolo con noi - Centro di studio accreditato con l'Istituto Cervantes","publisher":{"@id":"https:\/\/www.inmsol.com\/it\/#organization"},"potentialAction":[{"@type":"SearchAction","target":{"@type":"EntryPoint","urlTemplate":"https:\/\/www.inmsol.com\/it\/?s={search_term_string}"},"query-input":{"@type":"PropertyValueSpecification","valueRequired":true,"valueName":"search_term_string"}}],"inLanguage":"it-IT"},{"@type":"Organization","@id":"https:\/\/www.inmsol.com\/it\/#organization","name":"Instituto Mediterr\u00e1neo Sol","url":"https:\/\/www.inmsol.com\/it\/","logo":{"@type":"ImageObject","inLanguage":"it-IT","@id":"https:\/\/www.inmsol.com\/it\/#\/schema\/logo\/image\/","url":"https:\/\/www.inmsol.com\/wp-content\/uploads\/2023\/06\/logo-inmsol-1.png","contentUrl":"https:\/\/www.inmsol.com\/wp-content\/uploads\/2023\/06\/logo-inmsol-1.png","width":136,"height":73,"caption":"Instituto Mediterr\u00e1neo Sol"},"image":{"@id":"https:\/\/www.inmsol.com\/it\/#\/schema\/logo\/image\/"},"sameAs":["https:\/\/www.facebook.com\/spanishcourses","https:\/\/x.com\/StudyInGranada","http:\/\/instagram.com\/imsolgranada","https:\/\/es.linkedin.com\/company\/imsol-granada","https:\/\/www.pinterest.es\/inmsol\/","https:\/\/www.youtube.com\/channel\/UChz-Qn_7coFMosY85iYMO4g"]}]}},"_links":{"self":[{"href":"https:\/\/www.inmsol.com\/it\/wp-json\/wp\/v2\/pages\/1575","targetHints":{"allow":["GET"]}}],"collection":[{"href":"https:\/\/www.inmsol.com\/it\/wp-json\/wp\/v2\/pages"}],"about":[{"href":"https:\/\/www.inmsol.com\/it\/wp-json\/wp\/v2\/types\/page"}],"author":[{"embeddable":true,"href":"https:\/\/www.inmsol.com\/it\/wp-json\/wp\/v2\/users\/2"}],"replies":[{"embeddable":true,"href":"https:\/\/www.inmsol.com\/it\/wp-json\/wp\/v2\/comments?post=1575"}],"version-history":[{"count":0,"href":"https:\/\/www.inmsol.com\/it\/wp-json\/wp\/v2\/pages\/1575\/revisions"}],"up":[{"embeddable":true,"href":"https:\/\/www.inmsol.com\/it\/wp-json\/wp\/v2\/pages\/1403"}],"wp:attachment":[{"href":"https:\/\/www.inmsol.com\/it\/wp-json\/wp\/v2\/media?parent=1575"}],"curies":[{"name":"wp","href":"https:\/\/api.w.org\/{rel}","templated":true}]}}