{"id":1913,"date":"2014-03-12T19:27:59","date_gmt":"2014-03-12T19:27:59","guid":{"rendered":"https:\/\/www.inmsol.com\/"},"modified":"2024-02-23T18:23:17","modified_gmt":"2024-02-23T17:23:17","slug":"avviso-legale","status":"publish","type":"page","link":"https:\/\/www.inmsol.com\/it\/avviso-legale\/","title":{"rendered":"Avviso legale"},"content":{"rendered":"\t\t<div data-elementor-type=\"wp-page\" data-elementor-id=\"1913\" class=\"elementor elementor-1913 elementor-1911\" data-elementor-post-type=\"page\">\n\t\t\t\t\t\t<section class=\"elementor-section elementor-top-section elementor-element elementor-element-21d6c3c elementor-section-full_width elementor-section-height-min-height elementor-section-stretched elementor-section-height-default elementor-section-items-middle parallax_section_no qode_elementor_container_no\" data-id=\"21d6c3c\" data-element_type=\"section\" data-settings=\"{&quot;stretch_section&quot;:&quot;section-stretched&quot;,&quot;background_background&quot;:&quot;classic&quot;}\">\n\t\t\t\t\t\t\t<div class=\"elementor-background-overlay\"><\/div>\n\t\t\t\t\t\t\t<div class=\"elementor-container elementor-column-gap-no\">\n\t\t\t\t\t<div class=\"elementor-column elementor-col-100 elementor-top-column elementor-element elementor-element-bb63849\" data-id=\"bb63849\" data-element_type=\"column\">\n\t\t\t<div class=\"elementor-widget-wrap elementor-element-populated\">\n\t\t\t\t\t\t<section class=\"elementor-section elementor-inner-section elementor-element elementor-element-0a40252 elementor-section-boxed elementor-section-height-default elementor-section-height-default parallax_section_no qode_elementor_container_no\" data-id=\"0a40252\" data-element_type=\"section\">\n\t\t\t\t\t\t<div class=\"elementor-container elementor-column-gap-default\">\n\t\t\t\t\t<div class=\"elementor-column elementor-col-100 elementor-inner-column elementor-element elementor-element-97b58e4\" data-id=\"97b58e4\" data-element_type=\"column\">\n\t\t\t<div class=\"elementor-widget-wrap elementor-element-populated\">\n\t\t\t\t\t\t\t<\/div>\n\t\t<\/div>\n\t\t\t\t\t<\/div>\n\t\t<\/section>\n\t\t\t\t\t<\/div>\n\t\t<\/div>\n\t\t\t\t\t<\/div>\n\t\t<\/section>\n\t\t\t\t<section class=\"elementor-section elementor-top-section elementor-element elementor-element-3be05c06 elementor-section-boxed elementor-section-height-default elementor-section-height-default parallax_section_no qode_elementor_container_no\" data-id=\"3be05c06\" data-element_type=\"section\">\n\t\t\t\t\t\t<div class=\"elementor-container elementor-column-gap-default\">\n\t\t\t\t\t<div class=\"elementor-column elementor-col-100 elementor-top-column elementor-element elementor-element-8f35b7\" data-id=\"8f35b7\" data-element_type=\"column\">\n\t\t\t<div class=\"elementor-widget-wrap elementor-element-populated\">\n\t\t\t\t\t\t<div class=\"elementor-element elementor-element-48fcebcb elementor-widget elementor-widget-text-editor\" data-id=\"48fcebcb\" data-element_type=\"widget\" data-widget_type=\"text-editor.default\">\n\t\t\t\t<div class=\"elementor-widget-container\">\n\t\t\t\t\t\t\t\t\t<h3>AVVISO<\/h3><p>In conformit\u00e0 con l\u2019articolo 10 della Legge 34\/2002 dell\u201911 luglio, i Servizi della Societ\u00e0 dell\u2019Informazione e del Commercio Elettronico, i dati identificativi sono i seguenti:<\/p><p>Nome del Fornitore di questo sito : INSTITUTO MEDITERRANEO SOL, S.L. (di seguito INMSOL )<\/p><p>societ\u00e0 di diritto spagnolo, con sede in C \/ Enriqueta Lozano 17, 1\u00baB, 18009 Granada , Spagna. Iscritta nel Registro Mercantile di Granada , Libro 485, Folio 213, foglio n \u00b0GR3554 e CIF B-18314468<\/p><p>Oltre alla sede, \u00e8 disponibile per gli utenti il seguente indirizzo\u00a0<a href=\"mailto:info@inmsol.com\">info@inmsol.com<\/a>\u00a0dove potranno inviare eventuali richieste, domande o reclami .<\/p><h3>OGGETTO<\/h3><p>INMSOL di seguito il Fornitore, responsabile del sito web, mette a disposizione degli utenti questo documento che \u00e8 destinato a soddisfare gli obblighi previsti dalla legge 34\/2002 dei Servizi della Societ\u00e0 dell\u2019Informazione e del Commercio Elettronico (LSSI-CE ), ed informare tutti gli utenti del sito riguardo le condizioni di utilizzo del sito web.<\/p><p>Chiunque acceda a questo sito assume il ruolo di utente, impegnandosi ad osservare ed applicare rigorosamente le disposizioni legali di cui sopra, cos\u00ec come altre leggi applicabili. Accedendo a questo sito riconoscete e accettate i seguenti termini e condizioni d\u2019uso.<\/p><p>Il fornitore si riserva il diritto di modificare le informazioni che possono apparire sul sito web senza alcun preavviso o di informare gli utenti di tali obblighi, essendo sufficiente con la pubblicazione sul sito web del fornitore .<\/p><h3>LINKS E RESPONSABILIT\u00c0<\/h3><p>Dal sito si pu\u00f2 essere reindirizzati a siti web di contenuti di terze parti. Dal momento che il fornitore non pu\u00f2 controllare sempre i contenuti pubblicati dalle terze parti sui loro siti web, non si assume alcuna responsabilit\u00e0 per tali contenuti. In ogni caso, il fornitore dichiara che proceder\u00e0 immediatamente a rimuovere qualsiasi contenuto che possa violare la legge nazionale o internazionale, la morale o l\u2019ordine pubblico, di procedere al ritiro immediato del reindirizzamento al sito web, richiamando l\u2019attenzione delle autorit\u00e0 competenti sul contenuto in questione.<\/p><p>Il fornitore declina ogni responsabilit\u00e0 per le informazioni pubblicate sul suo sito web , quando queste informazioni siano state modificate o introdotte da una parte esterna ad esso.<\/p><p>Questo sito \u00e8 stato rivisto e testato per funzionare correttamente. In linea di principio, \u00e8 possibile garantirne il corretto funzionamento 365 giorni l\u2019anno, 24 ore al giorno. Tuttavia, il fornitore non esclude la possibilit\u00e0 di errori di programmazione, o che cause di forza maggiore, calamit\u00e0 naturali, scioperi o simili circostanze rendano impossibile l\u2019accesso al sito .<\/p><h3>AGGIORNAMENTI E MODIFICHE DEL SITO WEB<\/h3><p>Il fornitore si riserva il diritto di aggiornare , modificare o eliminare le informazioni contenute nel suo sito web, e la sua configurazione o la presentazione in qualsiasi momento, senza preavviso e senza incorrere in alcuna responsabilit\u00e0.<\/p><h3>PROPRIETA \u2018INTELLETTUALE<\/h3><p>Il sito web, compresi e non solo limitati alla programmazione, editing, la compilazione ed altri elementi necessari per il suo funzionamento, disegni, loghi, testi e\/o immagini, sono di propriet\u00e0 del fornitore o comunque si dispone di una licenza o autorizzazione degli autori. Tutti i contenuti del sito sono debitamente protetti dalle leggi di propriet\u00e0 intellettuale ed inscritti nei registri pubblici corrispondenti.<\/p><p>Indipendentemente dallo scopo per cui sono stati destinati, la riproduzione totale o parziale, l\u2019utilizzo, lo sfruttamento, la distribuzione e la commercializzazione, in ogni caso, richiede il preventivo consenso scritto del fornitore.<\/p><p>Qualsiasi uso che non sia stato preventivamente autorizzato dal fornitore sar\u00e0 considerato una grave violazione dei diritti di propriet\u00e0 intellettuale dell\u2019autore.<\/p><p>Questo sito web contiene marchi, loghi, disegni e slogan, tutti di propriet\u00e0 di INMSOL. L\u2019utente riconosce espressamente questo titolo e capisce che non acquisisce alcun diritto sugli stessi, n\u00e9 pu\u00f2 modificarli o usarli.<\/p><p>Questo marchio di fabbrica, senza il consenso espresso per iscritto e firmato dal proprietario, sar\u00e0 di un uso non autorizzato. L\u2019 utente non \u00e8 autorizzato a utilizzare il marchio di fabbrica di Inmsol in qualsiasi altro sito web, come collegamenti senza il consenso scritto di Inmsol .<br \/>I disegni, loghi, testi e \/ o grafici non appartenenti al fornitore, che possono apparire sul sito, appartengono ai rispettivi proprietari, essendo essi stessi i responsabili di ogni controversia che dovesse insorgere in merito.<\/p><p>Per fare osservazioni in merito a possibili violazioni dei diritti di propriet\u00e0 intellettuale, nonch\u00e9 su qualsiasi contenuto del sito, \u00e8 possibile farlo tramite il seguente indirizzo e-mail,\u00a0<a href=\"mailto:info@inmsol.com\">info@inmsol.com<\/a>\u00a0.<\/p><h3>SICUREZZA<\/h3><p>Si sono adottati i livelli di sicurezza per la protezione dei dati personali legalmente previsti dalla normativa, e si sono installate tutte le misure tecniche ed organizzative a disposizione per prevenire la perdita, l\u2019alterazione, l\u2019accesso non autorizzato ed il furto dei dati personali che ci vengono forniti. Tuttavia, gli utenti devono essere consapevoli che le misure di sicurezza in Internet non sono inespugnabili .<\/p><h3>LEGGE APPLICABILE E GIURISDIZIONE<\/h3><p>In generale, i rapporti con gli utenti, derivanti dalla fornitura delle nostre attivit\u00e0 e dei servizi descritti in questo sito sono soggette alla legislazione e giurisdizione spagnola. E si regolano ed interpretano in conformit\u00e0 con tale normativa in ci\u00f2 che non \u00e8 espressamente stabilito. La risoluzione di tutte le controversie o domande relative a questo sito web o le attivit\u00e0 in esso sviluppate, a cui le parti espressamente si prestano, fornitore ed utente, \u00e9 di competenza dei i tribunali di Granada (Spagna). Gli utenti di questo sito sono consapevoli di tutto ci\u00f2 che \u00e8 stato espresso ed accettano volontariamente .<\/p>\t\t\t\t\t\t\t\t<\/div>\n\t\t\t\t<\/div>\n\t\t\t\t\t<\/div>\n\t\t<\/div>\n\t\t\t\t\t<\/div>\n\t\t<\/section>\n\t\t\t\t<\/div>\n\t\t","protected":false},"excerpt":{"rendered":"<p>AVVISO In conformit\u00e0 con l\u2019articolo 10 della Legge 34\/2002 dell\u201911 luglio, i Servizi della Societ\u00e0 dell\u2019Informazione e del Commercio Elettronico, i dati identificativi sono i seguenti: Nome del Fornitore di questo sito : INSTITUTO MEDITERRANEO SOL, S.L. (di seguito INMSOL ) societ\u00e0 di diritto spagnolo,&#8230;<\/p>\n","protected":false},"author":2,"featured_media":0,"parent":0,"menu_order":0,"comment_status":"closed","ping_status":"closed","template":"","meta":{"_acf_changed":false,"footnotes":""},"class_list":["post-1913","page","type-page","status-publish","hentry"],"acf":[],"yoast_head":"<!-- This site is optimized with the Yoast SEO plugin v27.6 - https:\/\/yoast.com\/product\/yoast-seo-wordpress\/ -->\n<title>Avviso legale | Instituto Mediterr\u00e1neo Sol<\/title>\n<meta name=\"description\" content=\"Avviso legale in conformit\u00e0 con l&#039;articolo 10 della Legge 34\/2002 dell\u201911 luglio.\" \/>\n<meta name=\"robots\" content=\"index, follow, max-snippet:-1, max-image-preview:large, max-video-preview:-1\" \/>\n<link rel=\"canonical\" href=\"https:\/\/www.inmsol.com\/it\/avviso-legale\/\" \/>\n<meta property=\"og:locale\" content=\"it_IT\" \/>\n<meta property=\"og:type\" content=\"article\" \/>\n<meta property=\"og:title\" content=\"Avviso legale | Instituto Mediterr\u00e1neo Sol\" \/>\n<meta property=\"og:description\" content=\"Avviso legale in conformit\u00e0 con l&#039;articolo 10 della Legge 34\/2002 dell\u201911 luglio.\" \/>\n<meta property=\"og:url\" content=\"https:\/\/www.inmsol.com\/it\/avviso-legale\/\" \/>\n<meta property=\"og:site_name\" content=\"iNMSOL\" \/>\n<meta property=\"article:publisher\" content=\"https:\/\/www.facebook.com\/spanishcourses\" \/>\n<meta property=\"article:modified_time\" content=\"2024-02-23T17:23:17+00:00\" \/>\n<meta property=\"og:image\" content=\"https:\/\/www.inmsol.com\/wp-content\/uploads\/2019\/08\/logo-inmsol.png\" \/>\n\t<meta property=\"og:image:width\" content=\"320\" \/>\n\t<meta property=\"og:image:height\" content=\"154\" \/>\n\t<meta property=\"og:image:type\" content=\"image\/png\" \/>\n<meta name=\"twitter:label1\" content=\"Tempo di lettura stimato\" \/>\n\t<meta name=\"twitter:data1\" content=\"4 minuti\" \/>\n<script type=\"application\/ld+json\" class=\"yoast-schema-graph\">{\"@context\":\"https:\\\/\\\/schema.org\",\"@graph\":[{\"@type\":\"WebPage\",\"@id\":\"https:\\\/\\\/www.inmsol.com\\\/it\\\/avviso-legale\\\/\",\"url\":\"https:\\\/\\\/www.inmsol.com\\\/it\\\/avviso-legale\\\/\",\"name\":\"Avviso legale | Instituto Mediterr\u00e1neo Sol\",\"isPartOf\":{\"@id\":\"https:\\\/\\\/www.inmsol.com\\\/it\\\/#website\"},\"datePublished\":\"2014-03-12T19:27:59+00:00\",\"dateModified\":\"2024-02-23T17:23:17+00:00\",\"description\":\"Avviso legale in conformit\u00e0 con l'articolo 10 della Legge 34\\\/2002 dell\u201911 luglio.\",\"breadcrumb\":{\"@id\":\"https:\\\/\\\/www.inmsol.com\\\/it\\\/avviso-legale\\\/#breadcrumb\"},\"inLanguage\":\"it-IT\",\"potentialAction\":[{\"@type\":\"ReadAction\",\"target\":[\"https:\\\/\\\/www.inmsol.com\\\/it\\\/avviso-legale\\\/\"]}]},{\"@type\":\"BreadcrumbList\",\"@id\":\"https:\\\/\\\/www.inmsol.com\\\/it\\\/avviso-legale\\\/#breadcrumb\",\"itemListElement\":[{\"@type\":\"ListItem\",\"position\":1,\"name\":\"Accredited Center by Instituto Cervantes\",\"item\":\"https:\\\/\\\/www.inmsol.com\\\/it\\\/pagina-ejemplo\\\/\"},{\"@type\":\"ListItem\",\"position\":2,\"name\":\"Avviso legale\"}]},{\"@type\":\"WebSite\",\"@id\":\"https:\\\/\\\/www.inmsol.com\\\/it\\\/#website\",\"url\":\"https:\\\/\\\/www.inmsol.com\\\/it\\\/\",\"name\":\"iNMSOL\",\"description\":\"Impara lo spagnolo con noi - Centro di studio accreditato con l'Istituto Cervantes\",\"publisher\":{\"@id\":\"https:\\\/\\\/www.inmsol.com\\\/it\\\/#organization\"},\"potentialAction\":[{\"@type\":\"SearchAction\",\"target\":{\"@type\":\"EntryPoint\",\"urlTemplate\":\"https:\\\/\\\/www.inmsol.com\\\/it\\\/?s={search_term_string}\"},\"query-input\":{\"@type\":\"PropertyValueSpecification\",\"valueRequired\":true,\"valueName\":\"search_term_string\"}}],\"inLanguage\":\"it-IT\"},{\"@type\":\"Organization\",\"@id\":\"https:\\\/\\\/www.inmsol.com\\\/it\\\/#organization\",\"name\":\"Instituto Mediterr\u00e1neo Sol\",\"url\":\"https:\\\/\\\/www.inmsol.com\\\/it\\\/\",\"logo\":{\"@type\":\"ImageObject\",\"inLanguage\":\"it-IT\",\"@id\":\"https:\\\/\\\/www.inmsol.com\\\/it\\\/#\\\/schema\\\/logo\\\/image\\\/\",\"url\":\"https:\\\/\\\/www.inmsol.com\\\/wp-content\\\/uploads\\\/2023\\\/06\\\/logo-inmsol-1.png\",\"contentUrl\":\"https:\\\/\\\/www.inmsol.com\\\/wp-content\\\/uploads\\\/2023\\\/06\\\/logo-inmsol-1.png\",\"width\":136,\"height\":73,\"caption\":\"Instituto Mediterr\u00e1neo Sol\"},\"image\":{\"@id\":\"https:\\\/\\\/www.inmsol.com\\\/it\\\/#\\\/schema\\\/logo\\\/image\\\/\"},\"sameAs\":[\"https:\\\/\\\/www.facebook.com\\\/spanishcourses\",\"https:\\\/\\\/x.com\\\/StudyInGranada\",\"http:\\\/\\\/instagram.com\\\/imsolgranada\",\"https:\\\/\\\/es.linkedin.com\\\/company\\\/imsol-granada\",\"https:\\\/\\\/www.pinterest.es\\\/inmsol\\\/\",\"https:\\\/\\\/www.youtube.com\\\/channel\\\/UChz-Qn_7coFMosY85iYMO4g\"]}]}<\/script>\n<!-- \/ Yoast SEO plugin. -->","yoast_head_json":{"title":"Avviso legale | Instituto Mediterr\u00e1neo Sol","description":"Avviso legale in conformit\u00e0 con l'articolo 10 della Legge 34\/2002 dell\u201911 luglio.","robots":{"index":"index","follow":"follow","max-snippet":"max-snippet:-1","max-image-preview":"max-image-preview:large","max-video-preview":"max-video-preview:-1"},"canonical":"https:\/\/www.inmsol.com\/it\/avviso-legale\/","og_locale":"it_IT","og_type":"article","og_title":"Avviso legale | Instituto Mediterr\u00e1neo Sol","og_description":"Avviso legale in conformit\u00e0 con l'articolo 10 della Legge 34\/2002 dell\u201911 luglio.","og_url":"https:\/\/www.inmsol.com\/it\/avviso-legale\/","og_site_name":"iNMSOL","article_publisher":"https:\/\/www.facebook.com\/spanishcourses","article_modified_time":"2024-02-23T17:23:17+00:00","og_image":[{"width":320,"height":154,"url":"https:\/\/www.inmsol.com\/wp-content\/uploads\/2019\/08\/logo-inmsol.png","type":"image\/png"}],"twitter_misc":{"Tempo di lettura stimato":"4 minuti"},"schema":{"@context":"https:\/\/schema.org","@graph":[{"@type":"WebPage","@id":"https:\/\/www.inmsol.com\/it\/avviso-legale\/","url":"https:\/\/www.inmsol.com\/it\/avviso-legale\/","name":"Avviso legale | Instituto Mediterr\u00e1neo Sol","isPartOf":{"@id":"https:\/\/www.inmsol.com\/it\/#website"},"datePublished":"2014-03-12T19:27:59+00:00","dateModified":"2024-02-23T17:23:17+00:00","description":"Avviso legale in conformit\u00e0 con l'articolo 10 della Legge 34\/2002 dell\u201911 luglio.","breadcrumb":{"@id":"https:\/\/www.inmsol.com\/it\/avviso-legale\/#breadcrumb"},"inLanguage":"it-IT","potentialAction":[{"@type":"ReadAction","target":["https:\/\/www.inmsol.com\/it\/avviso-legale\/"]}]},{"@type":"BreadcrumbList","@id":"https:\/\/www.inmsol.com\/it\/avviso-legale\/#breadcrumb","itemListElement":[{"@type":"ListItem","position":1,"name":"Accredited Center by Instituto Cervantes","item":"https:\/\/www.inmsol.com\/it\/pagina-ejemplo\/"},{"@type":"ListItem","position":2,"name":"Avviso legale"}]},{"@type":"WebSite","@id":"https:\/\/www.inmsol.com\/it\/#website","url":"https:\/\/www.inmsol.com\/it\/","name":"iNMSOL","description":"Impara lo spagnolo con noi - Centro di studio accreditato con l'Istituto Cervantes","publisher":{"@id":"https:\/\/www.inmsol.com\/it\/#organization"},"potentialAction":[{"@type":"SearchAction","target":{"@type":"EntryPoint","urlTemplate":"https:\/\/www.inmsol.com\/it\/?s={search_term_string}"},"query-input":{"@type":"PropertyValueSpecification","valueRequired":true,"valueName":"search_term_string"}}],"inLanguage":"it-IT"},{"@type":"Organization","@id":"https:\/\/www.inmsol.com\/it\/#organization","name":"Instituto Mediterr\u00e1neo Sol","url":"https:\/\/www.inmsol.com\/it\/","logo":{"@type":"ImageObject","inLanguage":"it-IT","@id":"https:\/\/www.inmsol.com\/it\/#\/schema\/logo\/image\/","url":"https:\/\/www.inmsol.com\/wp-content\/uploads\/2023\/06\/logo-inmsol-1.png","contentUrl":"https:\/\/www.inmsol.com\/wp-content\/uploads\/2023\/06\/logo-inmsol-1.png","width":136,"height":73,"caption":"Instituto Mediterr\u00e1neo Sol"},"image":{"@id":"https:\/\/www.inmsol.com\/it\/#\/schema\/logo\/image\/"},"sameAs":["https:\/\/www.facebook.com\/spanishcourses","https:\/\/x.com\/StudyInGranada","http:\/\/instagram.com\/imsolgranada","https:\/\/es.linkedin.com\/company\/imsol-granada","https:\/\/www.pinterest.es\/inmsol\/","https:\/\/www.youtube.com\/channel\/UChz-Qn_7coFMosY85iYMO4g"]}]}},"_links":{"self":[{"href":"https:\/\/www.inmsol.com\/it\/wp-json\/wp\/v2\/pages\/1913","targetHints":{"allow":["GET"]}}],"collection":[{"href":"https:\/\/www.inmsol.com\/it\/wp-json\/wp\/v2\/pages"}],"about":[{"href":"https:\/\/www.inmsol.com\/it\/wp-json\/wp\/v2\/types\/page"}],"author":[{"embeddable":true,"href":"https:\/\/www.inmsol.com\/it\/wp-json\/wp\/v2\/users\/2"}],"replies":[{"embeddable":true,"href":"https:\/\/www.inmsol.com\/it\/wp-json\/wp\/v2\/comments?post=1913"}],"version-history":[{"count":0,"href":"https:\/\/www.inmsol.com\/it\/wp-json\/wp\/v2\/pages\/1913\/revisions"}],"wp:attachment":[{"href":"https:\/\/www.inmsol.com\/it\/wp-json\/wp\/v2\/media?parent=1913"}],"curies":[{"name":"wp","href":"https:\/\/api.w.org\/{rel}","templated":true}]}}