{"id":51198,"date":"2020-06-03T11:45:43","date_gmt":"2020-06-03T09:45:43","guid":{"rendered":"https:\/\/www.inmsol.com\/otros-alojamientos\/"},"modified":"2024-06-17T11:06:06","modified_gmt":"2024-06-17T09:06:06","slug":"otros-alojamientos","status":"publish","type":"page","link":"https:\/\/www.inmsol.com\/it\/otros-alojamientos\/","title":{"rendered":"Altre opzioni di alloggio"},"content":{"rendered":"\t\t<div data-elementor-type=\"wp-page\" data-elementor-id=\"51198\" class=\"elementor elementor-51198 elementor-51190 elementor-bc-flex-widget\" data-elementor-post-type=\"page\">\n\t\t\t\t\t\t<section class=\"elementor-section elementor-top-section elementor-element elementor-element-7054f47 elementor-section-full_width elementor-section-height-min-height elementor-section-stretched elementor-section-height-default elementor-section-items-middle parallax_section_no qode_elementor_container_no\" data-id=\"7054f47\" data-element_type=\"section\" data-settings=\"{&quot;stretch_section&quot;:&quot;section-stretched&quot;,&quot;background_background&quot;:&quot;classic&quot;}\">\n\t\t\t\t\t\t\t<div class=\"elementor-background-overlay\"><\/div>\n\t\t\t\t\t\t\t<div class=\"elementor-container elementor-column-gap-no\">\n\t\t\t\t\t<div class=\"elementor-column elementor-col-100 elementor-top-column elementor-element elementor-element-0a0f2b5\" data-id=\"0a0f2b5\" data-element_type=\"column\">\n\t\t\t<div class=\"elementor-widget-wrap elementor-element-populated\">\n\t\t\t\t\t\t<section class=\"elementor-section elementor-inner-section elementor-element elementor-element-dc8dfb4 elementor-section-boxed elementor-section-height-default elementor-section-height-default parallax_section_no qode_elementor_container_no\" data-id=\"dc8dfb4\" data-element_type=\"section\">\n\t\t\t\t\t\t<div class=\"elementor-container elementor-column-gap-default\">\n\t\t\t\t\t<div class=\"elementor-column elementor-col-100 elementor-inner-column elementor-element elementor-element-061911a\" data-id=\"061911a\" data-element_type=\"column\">\n\t\t\t<div class=\"elementor-widget-wrap elementor-element-populated\">\n\t\t\t\t\t\t\t<\/div>\n\t\t<\/div>\n\t\t\t\t\t<\/div>\n\t\t<\/section>\n\t\t\t\t\t<\/div>\n\t\t<\/div>\n\t\t\t\t\t<\/div>\n\t\t<\/section>\n\t\t\t\t<section class=\"elementor-section elementor-top-section elementor-element elementor-element-da94e45 elementor-section-full_width elementor-section-content-middle elementor-section-stretched elementor-section-height-default elementor-section-height-default parallax_section_no qode_elementor_container_no\" data-id=\"da94e45\" data-element_type=\"section\" data-settings=\"{&quot;stretch_section&quot;:&quot;section-stretched&quot;,&quot;background_background&quot;:&quot;classic&quot;}\">\n\t\t\t\t\t\t<div class=\"elementor-container elementor-column-gap-wider\">\n\t\t\t\t\t<div class=\"elementor-column elementor-col-50 elementor-top-column elementor-element elementor-element-2669bc8\" data-id=\"2669bc8\" data-element_type=\"column\" data-settings=\"{&quot;background_background&quot;:&quot;classic&quot;}\">\n\t\t\t<div class=\"elementor-widget-wrap elementor-element-populated\">\n\t\t\t\t\t\t<div class=\"elementor-element elementor-element-e22e9e3 elementor-widget elementor-widget-spacer\" data-id=\"e22e9e3\" data-element_type=\"widget\" data-widget_type=\"spacer.default\">\n\t\t\t\t<div class=\"elementor-widget-container\">\n\t\t\t\t\t\t\t<div class=\"elementor-spacer\">\n\t\t\t<div class=\"elementor-spacer-inner\"><\/div>\n\t\t<\/div>\n\t\t\t\t\t\t<\/div>\n\t\t\t\t<\/div>\n\t\t\t\t\t<\/div>\n\t\t<\/div>\n\t\t\t\t<div class=\"elementor-column elementor-col-50 elementor-top-column elementor-element elementor-element-9aeeeeb\" data-id=\"9aeeeeb\" data-element_type=\"column\">\n\t\t\t<div class=\"elementor-widget-wrap elementor-element-populated\">\n\t\t\t\t\t\t<div class=\"elementor-element elementor-element-7bce360 elementor-widget elementor-widget-text-editor\" data-id=\"7bce360\" data-element_type=\"widget\" data-widget_type=\"text-editor.default\">\n\t\t\t\t<div class=\"elementor-widget-container\">\n\t\t\t\t\t\t\t\t\t<p>Se necessario, l\u2019<strong>Instituto Mediterr\u00e1neo Sol<\/strong>\u00a0pu\u00f2 prenotare questo tipo di alloggio a\u00a0<strong>Granada<\/strong>. La scuola si riserva, fungendo da intermediario, di diverse categorie, a seconda delle esigenze del partecipante e dei suoi desideri. Lo studente pu\u00f2 scegliere tra:<\/p><ul><li><strong>Hotel di diverse categorie (3 stelle, 4 stelle, 5 stelle)<\/strong><\/li><li><strong>Ostello \/ B&amp;B<\/strong><\/li><li><strong>Appartamento turistico privato<\/strong><\/li><\/ul>\t\t\t\t\t\t\t\t<\/div>\n\t\t\t\t<\/div>\n\t\t\t\t\t<\/div>\n\t\t<\/div>\n\t\t\t\t\t<\/div>\n\t\t<\/section>\n\t\t\t\t<section class=\"elementor-section elementor-top-section elementor-element elementor-element-f7672ca elementor-section-boxed elementor-section-height-default elementor-section-height-default parallax_section_no qode_elementor_container_no\" data-id=\"f7672ca\" data-element_type=\"section\">\n\t\t\t\t\t\t<div class=\"elementor-container elementor-column-gap-default\">\n\t\t\t\t\t<div class=\"elementor-column elementor-col-100 elementor-top-column elementor-element elementor-element-1443ef5\" data-id=\"1443ef5\" data-element_type=\"column\">\n\t\t\t<div class=\"elementor-widget-wrap elementor-element-populated\">\n\t\t\t\t\t\t<div class=\"elementor-element elementor-element-adfd049 elementor-widget elementor-widget-heading\" data-id=\"adfd049\" data-element_type=\"widget\" data-widget_type=\"heading.default\">\n\t\t\t\t<div class=\"elementor-widget-container\">\n\t\t\t\t\t<h3 class=\"elementor-heading-title elementor-size-default\">Come procedere con queste prenotazioni?<\/h3>\t\t\t\t<\/div>\n\t\t\t\t<\/div>\n\t\t\t\t<div class=\"elementor-element elementor-element-0b30e96 elementor-widget elementor-widget-text-editor\" data-id=\"0b30e96\" data-element_type=\"widget\" data-widget_type=\"text-editor.default\">\n\t\t\t\t<div class=\"elementor-widget-container\">\n\t\t\t\t\t\t\t\t\t<p>Come per tutti i nostri servizi, lo studente compiler\u00e0 il nostro\u00a0<a href=\"https:\/\/www.inmsol.com\/it\/iscrizione\/\" target=\"_blank\" rel=\"noopener noreferrer\">modulo di registrazione<\/a>\u00a0indicando il tipo di alloggio che desidera prenotare. Lo studente deve proporre\u00a0<strong>le date di entrata e di uscita<\/strong>. Queste date devono concordare con le date del\u00a0<a href=\"https:\/\/www.inmsol.com\/it\/corsi-spagnolo-spagna\/corsi-spagnolo-granada\/\" target=\"_blank\" rel=\"noopener noreferrer\">corso di spagnolo<\/a>\u00a0dello studente. iNMSOL richieder\u00e0 un budget per l\u2019alloggio seguendo queste informazioni:<\/p><ul><li>Le caratteristiche dello studente<\/li><li>Tipo di alloggio scelto dallo studente<\/li><li>Categoria di alloggio (se applicabile)<\/li><\/ul><p>Quando iNMSOL riceve il\u00a0<strong>budget totale per il soggiorno<\/strong>, lo invieremo allo studente.\u00a0<strong>Lo studente deve rispondere entro 24 ore<\/strong>. Per confermare la prenotazione, allo studente verr\u00e0 chiesto di effettuare il pagamento anticipato alla scuola, dopodich\u00e9 lo studente ricever\u00e0 tutte le informazioni e le indicazioni, oltre al documento ufficiale di conferma.<\/p>\t\t\t\t\t\t\t\t<\/div>\n\t\t\t\t<\/div>\n\t\t\t\t<div class=\"elementor-element elementor-element-bf5dec3 elementor-widget elementor-widget-text-editor\" data-id=\"bf5dec3\" data-element_type=\"widget\" data-widget_type=\"text-editor.default\">\n\t\t\t\t<div class=\"elementor-widget-container\">\n\t\t\t\t\t\t\t\t\t<p>Per confermare questa prenotazione, lo studente<strong>\u00a0deve anticipare il 30% della sistemazione totale<\/strong>, oltre ai 100 \u20ac prepagati per il corso di spagnolo.<\/p>\t\t\t\t\t\t\t\t<\/div>\n\t\t\t\t<\/div>\n\t\t\t\t\t<\/div>\n\t\t<\/div>\n\t\t\t\t\t<\/div>\n\t\t<\/section>\n\t\t\t\t<\/div>\n\t\t","protected":false},"excerpt":{"rendered":"<p>iNMSOL pu\u00f2 prenotare alloggi per i suoi studenti in altri tipi di diverse modalit\u00e0: hotel, ostello o appartamenti turistici privati a Granada.<\/p>\n","protected":false},"author":31,"featured_media":50567,"parent":0,"menu_order":0,"comment_status":"closed","ping_status":"closed","template":"","meta":{"_acf_changed":false,"footnotes":""},"class_list":["post-51198","page","type-page","status-publish","has-post-thumbnail","hentry"],"acf":[],"yoast_head":"<!-- This site is optimized with the Yoast SEO plugin v27.4 - https:\/\/yoast.com\/product\/yoast-seo-wordpress\/ -->\n<title>Altre opzioni di alloggio | Opzioni di alloggio con iNMSOL<\/title>\n<meta name=\"description\" content=\"iNMSOL pu\u00f2 prenotare alloggi per i suoi studenti in altri tipi di diverse modalit\u00e0: hotel, ostello o appartamenti turistici privati a Granada.\" \/>\n<meta name=\"robots\" content=\"index, follow, max-snippet:-1, max-image-preview:large, max-video-preview:-1\" \/>\n<link rel=\"canonical\" href=\"https:\/\/www.inmsol.com\/it\/otros-alojamientos\/\" \/>\n<meta property=\"og:locale\" content=\"it_IT\" \/>\n<meta property=\"og:type\" content=\"article\" \/>\n<meta property=\"og:title\" content=\"Altre opzioni di alloggio | Opzioni di alloggio con iNMSOL\" \/>\n<meta property=\"og:description\" content=\"iNMSOL pu\u00f2 prenotare alloggi per i suoi studenti in altri tipi di diverse modalit\u00e0: hotel, ostello o appartamenti turistici privati a Granada.\" \/>\n<meta property=\"og:url\" content=\"https:\/\/www.inmsol.com\/it\/otros-alojamientos\/\" \/>\n<meta property=\"og:site_name\" content=\"iNMSOL\" \/>\n<meta property=\"article:publisher\" content=\"https:\/\/www.facebook.com\/spanishcourses\" \/>\n<meta property=\"article:modified_time\" content=\"2024-06-17T09:06:06+00:00\" \/>\n<meta property=\"og:image\" content=\"https:\/\/www.inmsol.com\/wp-content\/uploads\/2020\/06\/Hbaitaci\u00f3n-hotel-granada.jpg\" \/>\n\t<meta property=\"og:image:width\" content=\"1200\" \/>\n\t<meta property=\"og:image:height\" content=\"792\" \/>\n\t<meta property=\"og:image:type\" content=\"image\/jpeg\" \/>\n<meta name=\"twitter:label1\" content=\"Tempo di lettura stimato\" \/>\n\t<meta name=\"twitter:data1\" content=\"2 minuti\" \/>\n<script type=\"application\/ld+json\" class=\"yoast-schema-graph\">{\"@context\":\"https:\\\/\\\/schema.org\",\"@graph\":[{\"@type\":\"WebPage\",\"@id\":\"https:\\\/\\\/www.inmsol.com\\\/it\\\/otros-alojamientos\\\/\",\"url\":\"https:\\\/\\\/www.inmsol.com\\\/it\\\/otros-alojamientos\\\/\",\"name\":\"Altre opzioni di alloggio | Opzioni di alloggio con iNMSOL\",\"isPartOf\":{\"@id\":\"https:\\\/\\\/www.inmsol.com\\\/it\\\/#website\"},\"primaryImageOfPage\":{\"@id\":\"https:\\\/\\\/www.inmsol.com\\\/it\\\/otros-alojamientos\\\/#primaryimage\"},\"image\":{\"@id\":\"https:\\\/\\\/www.inmsol.com\\\/it\\\/otros-alojamientos\\\/#primaryimage\"},\"thumbnailUrl\":\"https:\\\/\\\/www.inmsol.com\\\/wp-content\\\/uploads\\\/2020\\\/06\\\/Hbaitaci\u00f3n-hotel-granada.jpg\",\"datePublished\":\"2020-06-03T09:45:43+00:00\",\"dateModified\":\"2024-06-17T09:06:06+00:00\",\"description\":\"iNMSOL pu\u00f2 prenotare alloggi per i suoi studenti in altri tipi di diverse modalit\u00e0: hotel, ostello o appartamenti turistici privati a Granada.\",\"breadcrumb\":{\"@id\":\"https:\\\/\\\/www.inmsol.com\\\/it\\\/otros-alojamientos\\\/#breadcrumb\"},\"inLanguage\":\"it-IT\",\"potentialAction\":[{\"@type\":\"ReadAction\",\"target\":[\"https:\\\/\\\/www.inmsol.com\\\/it\\\/otros-alojamientos\\\/\"]}]},{\"@type\":\"ImageObject\",\"inLanguage\":\"it-IT\",\"@id\":\"https:\\\/\\\/www.inmsol.com\\\/it\\\/otros-alojamientos\\\/#primaryimage\",\"url\":\"https:\\\/\\\/www.inmsol.com\\\/wp-content\\\/uploads\\\/2020\\\/06\\\/Hbaitaci\u00f3n-hotel-granada.jpg\",\"contentUrl\":\"https:\\\/\\\/www.inmsol.com\\\/wp-content\\\/uploads\\\/2020\\\/06\\\/Hbaitaci\u00f3n-hotel-granada.jpg\",\"width\":1200,\"height\":792,\"caption\":\"Habitaci\u00f3n de hotel en Granada\"},{\"@type\":\"BreadcrumbList\",\"@id\":\"https:\\\/\\\/www.inmsol.com\\\/it\\\/otros-alojamientos\\\/#breadcrumb\",\"itemListElement\":[{\"@type\":\"ListItem\",\"position\":1,\"name\":\"Accredited Center by Instituto Cervantes\",\"item\":\"https:\\\/\\\/www.inmsol.com\\\/it\\\/pagina-ejemplo\\\/\"},{\"@type\":\"ListItem\",\"position\":2,\"name\":\"Altre opzioni di alloggio\"}]},{\"@type\":\"WebSite\",\"@id\":\"https:\\\/\\\/www.inmsol.com\\\/it\\\/#website\",\"url\":\"https:\\\/\\\/www.inmsol.com\\\/it\\\/\",\"name\":\"iNMSOL\",\"description\":\"Impara lo spagnolo con noi - Centro di studio accreditato con l'Istituto Cervantes\",\"publisher\":{\"@id\":\"https:\\\/\\\/www.inmsol.com\\\/it\\\/#organization\"},\"potentialAction\":[{\"@type\":\"SearchAction\",\"target\":{\"@type\":\"EntryPoint\",\"urlTemplate\":\"https:\\\/\\\/www.inmsol.com\\\/it\\\/?s={search_term_string}\"},\"query-input\":{\"@type\":\"PropertyValueSpecification\",\"valueRequired\":true,\"valueName\":\"search_term_string\"}}],\"inLanguage\":\"it-IT\"},{\"@type\":\"Organization\",\"@id\":\"https:\\\/\\\/www.inmsol.com\\\/it\\\/#organization\",\"name\":\"Instituto Mediterr\u00e1neo Sol\",\"url\":\"https:\\\/\\\/www.inmsol.com\\\/it\\\/\",\"logo\":{\"@type\":\"ImageObject\",\"inLanguage\":\"it-IT\",\"@id\":\"https:\\\/\\\/www.inmsol.com\\\/it\\\/#\\\/schema\\\/logo\\\/image\\\/\",\"url\":\"https:\\\/\\\/www.inmsol.com\\\/wp-content\\\/uploads\\\/2023\\\/06\\\/logo-inmsol-1.png\",\"contentUrl\":\"https:\\\/\\\/www.inmsol.com\\\/wp-content\\\/uploads\\\/2023\\\/06\\\/logo-inmsol-1.png\",\"width\":136,\"height\":73,\"caption\":\"Instituto Mediterr\u00e1neo Sol\"},\"image\":{\"@id\":\"https:\\\/\\\/www.inmsol.com\\\/it\\\/#\\\/schema\\\/logo\\\/image\\\/\"},\"sameAs\":[\"https:\\\/\\\/www.facebook.com\\\/spanishcourses\",\"https:\\\/\\\/x.com\\\/StudyInGranada\",\"http:\\\/\\\/instagram.com\\\/imsolgranada\",\"https:\\\/\\\/es.linkedin.com\\\/company\\\/imsol-granada\",\"https:\\\/\\\/www.pinterest.es\\\/inmsol\\\/\",\"https:\\\/\\\/www.youtube.com\\\/channel\\\/UChz-Qn_7coFMosY85iYMO4g\"]}]}<\/script>\n<!-- \/ Yoast SEO plugin. -->","yoast_head_json":{"title":"Altre opzioni di alloggio | Opzioni di alloggio con iNMSOL","description":"iNMSOL pu\u00f2 prenotare alloggi per i suoi studenti in altri tipi di diverse modalit\u00e0: hotel, ostello o appartamenti turistici privati a Granada.","robots":{"index":"index","follow":"follow","max-snippet":"max-snippet:-1","max-image-preview":"max-image-preview:large","max-video-preview":"max-video-preview:-1"},"canonical":"https:\/\/www.inmsol.com\/it\/otros-alojamientos\/","og_locale":"it_IT","og_type":"article","og_title":"Altre opzioni di alloggio | Opzioni di alloggio con iNMSOL","og_description":"iNMSOL pu\u00f2 prenotare alloggi per i suoi studenti in altri tipi di diverse modalit\u00e0: hotel, ostello o appartamenti turistici privati a Granada.","og_url":"https:\/\/www.inmsol.com\/it\/otros-alojamientos\/","og_site_name":"iNMSOL","article_publisher":"https:\/\/www.facebook.com\/spanishcourses","article_modified_time":"2024-06-17T09:06:06+00:00","og_image":[{"width":1200,"height":792,"url":"https:\/\/www.inmsol.com\/wp-content\/uploads\/2020\/06\/Hbaitaci\u00f3n-hotel-granada.jpg","type":"image\/jpeg"}],"twitter_misc":{"Tempo di lettura stimato":"2 minuti"},"schema":{"@context":"https:\/\/schema.org","@graph":[{"@type":"WebPage","@id":"https:\/\/www.inmsol.com\/it\/otros-alojamientos\/","url":"https:\/\/www.inmsol.com\/it\/otros-alojamientos\/","name":"Altre opzioni di alloggio | Opzioni di alloggio con iNMSOL","isPartOf":{"@id":"https:\/\/www.inmsol.com\/it\/#website"},"primaryImageOfPage":{"@id":"https:\/\/www.inmsol.com\/it\/otros-alojamientos\/#primaryimage"},"image":{"@id":"https:\/\/www.inmsol.com\/it\/otros-alojamientos\/#primaryimage"},"thumbnailUrl":"https:\/\/www.inmsol.com\/wp-content\/uploads\/2020\/06\/Hbaitaci\u00f3n-hotel-granada.jpg","datePublished":"2020-06-03T09:45:43+00:00","dateModified":"2024-06-17T09:06:06+00:00","description":"iNMSOL pu\u00f2 prenotare alloggi per i suoi studenti in altri tipi di diverse modalit\u00e0: hotel, ostello o appartamenti turistici privati a Granada.","breadcrumb":{"@id":"https:\/\/www.inmsol.com\/it\/otros-alojamientos\/#breadcrumb"},"inLanguage":"it-IT","potentialAction":[{"@type":"ReadAction","target":["https:\/\/www.inmsol.com\/it\/otros-alojamientos\/"]}]},{"@type":"ImageObject","inLanguage":"it-IT","@id":"https:\/\/www.inmsol.com\/it\/otros-alojamientos\/#primaryimage","url":"https:\/\/www.inmsol.com\/wp-content\/uploads\/2020\/06\/Hbaitaci\u00f3n-hotel-granada.jpg","contentUrl":"https:\/\/www.inmsol.com\/wp-content\/uploads\/2020\/06\/Hbaitaci\u00f3n-hotel-granada.jpg","width":1200,"height":792,"caption":"Habitaci\u00f3n de hotel en Granada"},{"@type":"BreadcrumbList","@id":"https:\/\/www.inmsol.com\/it\/otros-alojamientos\/#breadcrumb","itemListElement":[{"@type":"ListItem","position":1,"name":"Accredited Center by Instituto Cervantes","item":"https:\/\/www.inmsol.com\/it\/pagina-ejemplo\/"},{"@type":"ListItem","position":2,"name":"Altre opzioni di alloggio"}]},{"@type":"WebSite","@id":"https:\/\/www.inmsol.com\/it\/#website","url":"https:\/\/www.inmsol.com\/it\/","name":"iNMSOL","description":"Impara lo spagnolo con noi - Centro di studio accreditato con l'Istituto Cervantes","publisher":{"@id":"https:\/\/www.inmsol.com\/it\/#organization"},"potentialAction":[{"@type":"SearchAction","target":{"@type":"EntryPoint","urlTemplate":"https:\/\/www.inmsol.com\/it\/?s={search_term_string}"},"query-input":{"@type":"PropertyValueSpecification","valueRequired":true,"valueName":"search_term_string"}}],"inLanguage":"it-IT"},{"@type":"Organization","@id":"https:\/\/www.inmsol.com\/it\/#organization","name":"Instituto Mediterr\u00e1neo Sol","url":"https:\/\/www.inmsol.com\/it\/","logo":{"@type":"ImageObject","inLanguage":"it-IT","@id":"https:\/\/www.inmsol.com\/it\/#\/schema\/logo\/image\/","url":"https:\/\/www.inmsol.com\/wp-content\/uploads\/2023\/06\/logo-inmsol-1.png","contentUrl":"https:\/\/www.inmsol.com\/wp-content\/uploads\/2023\/06\/logo-inmsol-1.png","width":136,"height":73,"caption":"Instituto Mediterr\u00e1neo Sol"},"image":{"@id":"https:\/\/www.inmsol.com\/it\/#\/schema\/logo\/image\/"},"sameAs":["https:\/\/www.facebook.com\/spanishcourses","https:\/\/x.com\/StudyInGranada","http:\/\/instagram.com\/imsolgranada","https:\/\/es.linkedin.com\/company\/imsol-granada","https:\/\/www.pinterest.es\/inmsol\/","https:\/\/www.youtube.com\/channel\/UChz-Qn_7coFMosY85iYMO4g"]}]}},"_links":{"self":[{"href":"https:\/\/www.inmsol.com\/it\/wp-json\/wp\/v2\/pages\/51198","targetHints":{"allow":["GET"]}}],"collection":[{"href":"https:\/\/www.inmsol.com\/it\/wp-json\/wp\/v2\/pages"}],"about":[{"href":"https:\/\/www.inmsol.com\/it\/wp-json\/wp\/v2\/types\/page"}],"author":[{"embeddable":true,"href":"https:\/\/www.inmsol.com\/it\/wp-json\/wp\/v2\/users\/31"}],"replies":[{"embeddable":true,"href":"https:\/\/www.inmsol.com\/it\/wp-json\/wp\/v2\/comments?post=51198"}],"version-history":[{"count":0,"href":"https:\/\/www.inmsol.com\/it\/wp-json\/wp\/v2\/pages\/51198\/revisions"}],"wp:featuredmedia":[{"embeddable":true,"href":"https:\/\/www.inmsol.com\/it\/wp-json\/wp\/v2\/media\/50567"}],"wp:attachment":[{"href":"https:\/\/www.inmsol.com\/it\/wp-json\/wp\/v2\/media?parent=51198"}],"curies":[{"name":"wp","href":"https:\/\/api.w.org\/{rel}","templated":true}]}}