{"id":70073,"date":"2023-03-09T16:34:11","date_gmt":"2023-03-09T15:34:11","guid":{"rendered":"https:\/\/www.inmsol.com\/?page_id=70073"},"modified":"2023-03-09T16:36:11","modified_gmt":"2023-03-09T15:36:11","slug":"dichiarazione-di-accessibilita","status":"publish","type":"page","link":"https:\/\/www.inmsol.com\/it\/dichiarazione-di-accessibilita\/","title":{"rendered":"Dichiarazione di accessibilit\u00e0"},"content":{"rendered":"<p>In conformit\u00e0 alla normativa vigente in materia di accessibilit\u00e0, questo Sito Web viene fornito con l&#8217;intento primario di facilitarne l&#8217;utilizzo al maggior numero possibile di utenti, indipendentemente dalle loro caratteristiche e condizioni (abilit\u00e0, limitazioni, hardware, software, comunicazioni&#8230;), volendo offrire la possibilit\u00e0 di presentare i suoi contenuti in modo universale e tenendo conto di ogni possibile disabilit\u00e0 (fisica, intellettuale o tecnica) o contesto specifico di utilizzo (condizioni tecnologiche o ambientali).<\/p>\n<p>Per questo motivo, nella sua costruzione, progettazione e sviluppo sono state adottate tutte le misure e i criteri per garantire che gli utenti possano ottenere tutte le informazioni e i servizi messi a loro disposizione con la minore difficolt\u00e0 possibile.<\/p>\n<h3><strong>Conformit\u00e0 e preparazione<\/strong><\/h3>\n<p>Con il risultato di una conformit\u00e0 parziale, la preparazione della presente dichiarazione \u00e8 stata effettuata il 1\u00b0 marzo 2023 attraverso un metodo di autovalutazione, essendo il sito web sviluppato secondo i seguenti standard:<\/p>\n<ul>\n<li>\u00c8 stato progettato adattandosi agli standard e alle normative vigenti in materia di accessibilit\u00e0, rispettando i punti di controllo di priorit\u00e0 2 (AA) definiti nella specifica Web Content Accessibility Guidelines (WCAG 2.1).<\/li>\n<li>\u00c8 ottimizzato per la compatibilit\u00e0 con le ultime versioni dei diversi browser operativi.<\/li>\n<li>\u00c8 stato progettato e ottimizzato per una corretta visualizzazione su qualsiasi risoluzione dello schermo e tipo di dispositivo.<\/li>\n<li>\u00c8 stato sviluppato utilizzando HTML5 come linguaggio di markup e fogli di stile CSS3 per il suo design.<\/li>\n<li>Presenta un ordine logico e standardizzato di presentazione degli elementi sullo schermo.<\/li>\n<li>Ha un sistema di navigazione semplificato, facile da imparare e da usare, che d\u00e0 sempre la priorit\u00e0 al layout dei contenuti rispetto al design.<\/li>\n<li>Ha una navigazione, un design e una struttura visiva coerenti e omogenei.<\/li>\n<li>\u00c8 stata implementata la disponibilit\u00e0 di un modulo di ricerca dei contenuti.<\/li>\n<li>\u00c8 stato implementato un testo descrittivo nelle immagini utilizzate.<\/li>\n<li>\u00c8 stata prevista la possibilit\u00e0 di navigare attraverso l&#8217;uso di schede.<\/li>\n<li>\u00c8 stata implementata l&#8217;opzione, tramite un pulsante accessibile in tutto il sito web, per la configurazione e l&#8217;applicazione di strumenti di accessibilit\u00e0 da parte dell&#8217;utente.<\/li>\n<\/ul>\n<h3><strong>Comunicazione degli incidenti<\/strong><\/h3>\n<p>Per garantire la qualit\u00e0 del Sito web, se si rileva un problema di accessibilit\u00e0 o un incidente correlato, \u00e8 possibile contattarci all&#8217;indirizzo info@inmsol.com per, ad esempio:<\/p>\n<ul>\n<li>Segnalare eventuali violazioni dell&#8217;accessibilit\u00e0.<\/li>\n<li>Informarci di eventuali difficolt\u00e0 di accesso ai contenuti riscontrate.<\/li>\n<li>Inviarci qualsiasi tipo di richiesta o suggerimento di miglioramento in relazione all&#8217;accessibilit\u00e0 del Sito web.<\/li>\n<\/ul>\n<p>Ci occuperemo delle comunicazioni ricevute nel pi\u00f9 breve tempo possibile, ringraziandovi in anticipo per la vostra collaborazione.<\/p>\n","protected":false},"excerpt":{"rendered":"<p>In conformit\u00e0 alla normativa vigente in materia di accessibilit\u00e0, questo Sito Web viene fornito con l&#8217;intento primario di facilitarne l&#8217;utilizzo al maggior numero possibile di utenti, indipendentemente dalle loro caratteristiche e condizioni (abilit\u00e0, limitazioni, hardware, software, comunicazioni&#8230;), volendo offrire la possibilit\u00e0 di presentare i suoi&#8230;<\/p>\n","protected":false},"author":31,"featured_media":0,"parent":0,"menu_order":0,"comment_status":"closed","ping_status":"closed","template":"","meta":{"_acf_changed":false,"footnotes":""},"class_list":["post-70073","page","type-page","status-publish","hentry"],"acf":[],"yoast_head":"<!-- This site is optimized with the Yoast SEO plugin v27.4 - https:\/\/yoast.com\/product\/yoast-seo-wordpress\/ -->\n<title>Dichiarazione di accessibilit\u00e0 &#8226; iNMSOL<\/title>\n<meta name=\"robots\" content=\"index, follow, max-snippet:-1, max-image-preview:large, max-video-preview:-1\" \/>\n<link rel=\"canonical\" href=\"https:\/\/www.inmsol.com\/it\/dichiarazione-di-accessibilita\/\" \/>\n<meta property=\"og:locale\" content=\"it_IT\" \/>\n<meta property=\"og:type\" content=\"article\" \/>\n<meta property=\"og:title\" content=\"Dichiarazione di accessibilit\u00e0 &#8226; iNMSOL\" \/>\n<meta property=\"og:description\" content=\"In conformit\u00e0 alla normativa vigente in materia di accessibilit\u00e0, questo Sito Web viene fornito con l&#8217;intento primario di facilitarne l&#8217;utilizzo al maggior numero possibile di utenti, indipendentemente dalle loro caratteristiche e condizioni (abilit\u00e0, limitazioni, hardware, software, comunicazioni&#8230;), volendo offrire la possibilit\u00e0 di presentare i suoi...\" \/>\n<meta property=\"og:url\" content=\"https:\/\/www.inmsol.com\/it\/dichiarazione-di-accessibilita\/\" \/>\n<meta property=\"og:site_name\" content=\"iNMSOL\" \/>\n<meta property=\"article:publisher\" content=\"https:\/\/www.facebook.com\/spanishcourses\" \/>\n<meta property=\"article:modified_time\" content=\"2023-03-09T15:36:11+00:00\" \/>\n<meta property=\"og:image\" content=\"https:\/\/www.inmsol.com\/wp-content\/uploads\/2019\/08\/logo-inmsol.png\" \/>\n\t<meta property=\"og:image:width\" content=\"320\" \/>\n\t<meta property=\"og:image:height\" content=\"154\" \/>\n\t<meta property=\"og:image:type\" content=\"image\/png\" \/>\n<meta name=\"twitter:label1\" content=\"Tempo di lettura stimato\" \/>\n\t<meta name=\"twitter:data1\" content=\"2 minuti\" \/>\n<script type=\"application\/ld+json\" class=\"yoast-schema-graph\">{\"@context\":\"https:\\\/\\\/schema.org\",\"@graph\":[{\"@type\":\"WebPage\",\"@id\":\"https:\\\/\\\/www.inmsol.com\\\/it\\\/dichiarazione-di-accessibilita\\\/\",\"url\":\"https:\\\/\\\/www.inmsol.com\\\/it\\\/dichiarazione-di-accessibilita\\\/\",\"name\":\"Dichiarazione di accessibilit\u00e0 &#8226; iNMSOL\",\"isPartOf\":{\"@id\":\"https:\\\/\\\/www.inmsol.com\\\/it\\\/#website\"},\"datePublished\":\"2023-03-09T15:34:11+00:00\",\"dateModified\":\"2023-03-09T15:36:11+00:00\",\"breadcrumb\":{\"@id\":\"https:\\\/\\\/www.inmsol.com\\\/it\\\/dichiarazione-di-accessibilita\\\/#breadcrumb\"},\"inLanguage\":\"it-IT\",\"potentialAction\":[{\"@type\":\"ReadAction\",\"target\":[\"https:\\\/\\\/www.inmsol.com\\\/it\\\/dichiarazione-di-accessibilita\\\/\"]}]},{\"@type\":\"BreadcrumbList\",\"@id\":\"https:\\\/\\\/www.inmsol.com\\\/it\\\/dichiarazione-di-accessibilita\\\/#breadcrumb\",\"itemListElement\":[{\"@type\":\"ListItem\",\"position\":1,\"name\":\"Accredited Center by Instituto Cervantes\",\"item\":\"https:\\\/\\\/www.inmsol.com\\\/it\\\/pagina-ejemplo\\\/\"},{\"@type\":\"ListItem\",\"position\":2,\"name\":\"Dichiarazione di accessibilit\u00e0\"}]},{\"@type\":\"WebSite\",\"@id\":\"https:\\\/\\\/www.inmsol.com\\\/it\\\/#website\",\"url\":\"https:\\\/\\\/www.inmsol.com\\\/it\\\/\",\"name\":\"iNMSOL\",\"description\":\"Impara lo spagnolo con noi - Centro di studio accreditato con l'Istituto Cervantes\",\"publisher\":{\"@id\":\"https:\\\/\\\/www.inmsol.com\\\/it\\\/#organization\"},\"potentialAction\":[{\"@type\":\"SearchAction\",\"target\":{\"@type\":\"EntryPoint\",\"urlTemplate\":\"https:\\\/\\\/www.inmsol.com\\\/it\\\/?s={search_term_string}\"},\"query-input\":{\"@type\":\"PropertyValueSpecification\",\"valueRequired\":true,\"valueName\":\"search_term_string\"}}],\"inLanguage\":\"it-IT\"},{\"@type\":\"Organization\",\"@id\":\"https:\\\/\\\/www.inmsol.com\\\/it\\\/#organization\",\"name\":\"Instituto Mediterr\u00e1neo Sol\",\"url\":\"https:\\\/\\\/www.inmsol.com\\\/it\\\/\",\"logo\":{\"@type\":\"ImageObject\",\"inLanguage\":\"it-IT\",\"@id\":\"https:\\\/\\\/www.inmsol.com\\\/it\\\/#\\\/schema\\\/logo\\\/image\\\/\",\"url\":\"https:\\\/\\\/www.inmsol.com\\\/wp-content\\\/uploads\\\/2023\\\/06\\\/logo-inmsol-1.png\",\"contentUrl\":\"https:\\\/\\\/www.inmsol.com\\\/wp-content\\\/uploads\\\/2023\\\/06\\\/logo-inmsol-1.png\",\"width\":136,\"height\":73,\"caption\":\"Instituto Mediterr\u00e1neo Sol\"},\"image\":{\"@id\":\"https:\\\/\\\/www.inmsol.com\\\/it\\\/#\\\/schema\\\/logo\\\/image\\\/\"},\"sameAs\":[\"https:\\\/\\\/www.facebook.com\\\/spanishcourses\",\"https:\\\/\\\/x.com\\\/StudyInGranada\",\"http:\\\/\\\/instagram.com\\\/imsolgranada\",\"https:\\\/\\\/es.linkedin.com\\\/company\\\/imsol-granada\",\"https:\\\/\\\/www.pinterest.es\\\/inmsol\\\/\",\"https:\\\/\\\/www.youtube.com\\\/channel\\\/UChz-Qn_7coFMosY85iYMO4g\"]}]}<\/script>\n<!-- \/ Yoast SEO plugin. -->","yoast_head_json":{"title":"Dichiarazione di accessibilit\u00e0 &#8226; iNMSOL","robots":{"index":"index","follow":"follow","max-snippet":"max-snippet:-1","max-image-preview":"max-image-preview:large","max-video-preview":"max-video-preview:-1"},"canonical":"https:\/\/www.inmsol.com\/it\/dichiarazione-di-accessibilita\/","og_locale":"it_IT","og_type":"article","og_title":"Dichiarazione di accessibilit\u00e0 &#8226; iNMSOL","og_description":"In conformit\u00e0 alla normativa vigente in materia di accessibilit\u00e0, questo Sito Web viene fornito con l&#8217;intento primario di facilitarne l&#8217;utilizzo al maggior numero possibile di utenti, indipendentemente dalle loro caratteristiche e condizioni (abilit\u00e0, limitazioni, hardware, software, comunicazioni&#8230;), volendo offrire la possibilit\u00e0 di presentare i suoi...","og_url":"https:\/\/www.inmsol.com\/it\/dichiarazione-di-accessibilita\/","og_site_name":"iNMSOL","article_publisher":"https:\/\/www.facebook.com\/spanishcourses","article_modified_time":"2023-03-09T15:36:11+00:00","og_image":[{"width":320,"height":154,"url":"https:\/\/www.inmsol.com\/wp-content\/uploads\/2019\/08\/logo-inmsol.png","type":"image\/png"}],"twitter_misc":{"Tempo di lettura stimato":"2 minuti"},"schema":{"@context":"https:\/\/schema.org","@graph":[{"@type":"WebPage","@id":"https:\/\/www.inmsol.com\/it\/dichiarazione-di-accessibilita\/","url":"https:\/\/www.inmsol.com\/it\/dichiarazione-di-accessibilita\/","name":"Dichiarazione di accessibilit\u00e0 &#8226; iNMSOL","isPartOf":{"@id":"https:\/\/www.inmsol.com\/it\/#website"},"datePublished":"2023-03-09T15:34:11+00:00","dateModified":"2023-03-09T15:36:11+00:00","breadcrumb":{"@id":"https:\/\/www.inmsol.com\/it\/dichiarazione-di-accessibilita\/#breadcrumb"},"inLanguage":"it-IT","potentialAction":[{"@type":"ReadAction","target":["https:\/\/www.inmsol.com\/it\/dichiarazione-di-accessibilita\/"]}]},{"@type":"BreadcrumbList","@id":"https:\/\/www.inmsol.com\/it\/dichiarazione-di-accessibilita\/#breadcrumb","itemListElement":[{"@type":"ListItem","position":1,"name":"Accredited Center by Instituto Cervantes","item":"https:\/\/www.inmsol.com\/it\/pagina-ejemplo\/"},{"@type":"ListItem","position":2,"name":"Dichiarazione di accessibilit\u00e0"}]},{"@type":"WebSite","@id":"https:\/\/www.inmsol.com\/it\/#website","url":"https:\/\/www.inmsol.com\/it\/","name":"iNMSOL","description":"Impara lo spagnolo con noi - Centro di studio accreditato con l'Istituto Cervantes","publisher":{"@id":"https:\/\/www.inmsol.com\/it\/#organization"},"potentialAction":[{"@type":"SearchAction","target":{"@type":"EntryPoint","urlTemplate":"https:\/\/www.inmsol.com\/it\/?s={search_term_string}"},"query-input":{"@type":"PropertyValueSpecification","valueRequired":true,"valueName":"search_term_string"}}],"inLanguage":"it-IT"},{"@type":"Organization","@id":"https:\/\/www.inmsol.com\/it\/#organization","name":"Instituto Mediterr\u00e1neo Sol","url":"https:\/\/www.inmsol.com\/it\/","logo":{"@type":"ImageObject","inLanguage":"it-IT","@id":"https:\/\/www.inmsol.com\/it\/#\/schema\/logo\/image\/","url":"https:\/\/www.inmsol.com\/wp-content\/uploads\/2023\/06\/logo-inmsol-1.png","contentUrl":"https:\/\/www.inmsol.com\/wp-content\/uploads\/2023\/06\/logo-inmsol-1.png","width":136,"height":73,"caption":"Instituto Mediterr\u00e1neo Sol"},"image":{"@id":"https:\/\/www.inmsol.com\/it\/#\/schema\/logo\/image\/"},"sameAs":["https:\/\/www.facebook.com\/spanishcourses","https:\/\/x.com\/StudyInGranada","http:\/\/instagram.com\/imsolgranada","https:\/\/es.linkedin.com\/company\/imsol-granada","https:\/\/www.pinterest.es\/inmsol\/","https:\/\/www.youtube.com\/channel\/UChz-Qn_7coFMosY85iYMO4g"]}]}},"_links":{"self":[{"href":"https:\/\/www.inmsol.com\/it\/wp-json\/wp\/v2\/pages\/70073","targetHints":{"allow":["GET"]}}],"collection":[{"href":"https:\/\/www.inmsol.com\/it\/wp-json\/wp\/v2\/pages"}],"about":[{"href":"https:\/\/www.inmsol.com\/it\/wp-json\/wp\/v2\/types\/page"}],"author":[{"embeddable":true,"href":"https:\/\/www.inmsol.com\/it\/wp-json\/wp\/v2\/users\/31"}],"replies":[{"embeddable":true,"href":"https:\/\/www.inmsol.com\/it\/wp-json\/wp\/v2\/comments?post=70073"}],"version-history":[{"count":0,"href":"https:\/\/www.inmsol.com\/it\/wp-json\/wp\/v2\/pages\/70073\/revisions"}],"wp:attachment":[{"href":"https:\/\/www.inmsol.com\/it\/wp-json\/wp\/v2\/media?parent=70073"}],"curies":[{"name":"wp","href":"https:\/\/api.w.org\/{rel}","templated":true}]}}