{"id":66255,"date":"2023-01-12T16:22:10","date_gmt":"2023-01-12T15:22:10","guid":{"rendered":"https:\/\/www.inmsol.com\/?post_type=product&#038;p=66255"},"modified":"2026-03-30T16:05:07","modified_gmt":"2026-03-30T14:05:07","slug":"semi-privato-spagnolo-20","status":"publish","type":"product","link":"https:\/\/www.inmsol.com\/it\/producto\/semi-privato-spagnolo-20\/","title":{"rendered":"Semi-privato di spagnolo 20"},"content":{"rendered":"<p>Corso semi-privato di spagnolo (2 studenti e 1 professore in esclusiva), composta da 4 lezioni al giorno:<\/p>\n<ul>\n<li>4 lezioni semi-private al giorno, nelle quali gli studenti potranno richiedere contenuti di loro interesse<\/li>\n<\/ul>\n<p>&nbsp;<\/p>\n<p><a href=\"https:\/\/www.inmsol.com\/wp-content\/uploads\/2023\/01\/Curso-semi-privado-10.jpg\" target=\"_blank\" rel=\"noopener\"><img fetchpriority=\"high\" decoding=\"async\" class=\"aligncenter wp-image-65996 size-full\" title=\"Corso semi-privato di spagnolo a Granada\" src=\"https:\/\/www.inmsol.com\/wp-content\/uploads\/2023\/01\/Curso-semi-privado-10.jpg\" alt=\"Corso semi-privato di spagnolo\" width=\"1010\" height=\"500\" srcset=\"https:\/\/www.inmsol.com\/wp-content\/uploads\/2023\/01\/Curso-semi-privado-10.jpg 1010w, https:\/\/www.inmsol.com\/wp-content\/uploads\/2023\/01\/Curso-semi-privado-10-800x396.jpg 800w, https:\/\/www.inmsol.com\/wp-content\/uploads\/2023\/01\/Curso-semi-privado-10-64x32.jpg 64w, https:\/\/www.inmsol.com\/wp-content\/uploads\/2023\/01\/Curso-semi-privado-10-460x228.jpg 460w, https:\/\/www.inmsol.com\/wp-content\/uploads\/2023\/01\/Curso-semi-privado-10-768x380.jpg 768w, https:\/\/www.inmsol.com\/wp-content\/uploads\/2023\/01\/Curso-semi-privado-10-250x124.jpg 250w, https:\/\/www.inmsol.com\/wp-content\/uploads\/2023\/01\/Curso-semi-privado-10-600x297.jpg 600w\" sizes=\"(max-width: 1010px) 100vw, 1010px\" \/><\/a><\/p>\n<p>Le lezioni si terranno interamente in spagnolo, fin dal primo giorno. L&#8217;immatricolazione include il <em>test di livello online<\/em>, lezioni dal luned\u00ec al venerd\u00ec, <em>attivit\u00e0 settimanali<\/em> e il <em>certificato di partecipazione<\/em> alla fine del corso. Ogni lezione ha una durata di 45 minuti.<\/p>\n<style>\n.btn-descarga {\n    display: inline-block !important;\n    background-color: #ad0228 !important;\n    color: white !important;\n    padding: 8px 16px !important;\n    font-size: 14px !important;\n    font-weight: bold !important;\n    text-decoration: none !important;\n    border-radius: 5px !important;\n    transition: background-color 0.3s ease !important;\n    cursor: pointer !important;\n    border: none !important;\n}<\/p>\n<p>.btn-descarga:hover {\n    background-color: #8b0120 !important;\n    color: white !important;\n    text-decoration: none !important;\n}\n<\/style>\n<p><a href=\"https:\/\/www.inmsol.com\/wp-content\/uploads\/2026\/03\/Objetivos_contenidos_cursos-generales_2026.pdf\" target=\"_blank\" class=\"btn-descarga\"><br \/>\n    \ud83d\udcc4 Contenuto del Corso<br \/>\n<\/a>&nbsp;<\/p>\n<p>Consulta i nostri <a href=\"https:\/\/www.inmsol.com\/it\/informazioni-e-condizioni-generali\/\" target=\"_blank\" rel=\"noopener\">termini e condizioni<\/a>!<\/p>\n","protected":false},"excerpt":{"rendered":"<p>Corso semi-privato di spagnolo di 20 lezioni\/settimana.<\/p>\n","protected":false},"featured_media":66007,"template":"","meta":{"_acf_changed":false},"product_brand":[],"product_cat":[954,953,957,952,959,958,1155],"product_tag":[],"class_list":{"0":"post-66255","1":"product","2":"type-product","3":"status-publish","4":"has-post-thumbnail","6":"product_cat-a1-it","7":"product_cat-a2-it","8":"product_cat-b1-it","9":"product_cat-b2-it","10":"product_cat-c1-it","11":"product_cat-c2-it","12":"product_cat-individuale-it","14":"first","15":"instock","16":"sold-individually","17":"purchasable","18":"product-type-variable"},"acf":[],"yoast_head":"<!-- This site is optimized with the Yoast SEO plugin v27.4 - https:\/\/yoast.com\/product\/yoast-seo-wordpress\/ -->\n<title>Semi-privato di spagnolo 20 | iNMSOL<\/title>\n<meta name=\"description\" content=\"Siete due persone con gli stessi obiettivi? Vi proponiamo lezioni private dedicate a voi: 1 professore per 2 studenti, i contenuti li scegliete voi!\" \/>\n<meta name=\"robots\" content=\"index, follow, max-snippet:-1, max-image-preview:large, max-video-preview:-1\" \/>\n<link rel=\"canonical\" href=\"https:\/\/www.inmsol.com\/it\/producto\/semi-privato-spagnolo-20\/\" \/>\n<meta property=\"og:locale\" content=\"it_IT\" \/>\n<meta property=\"og:type\" content=\"article\" \/>\n<meta property=\"og:title\" content=\"Clases semi privadas de espa\u00f1ol: 2 estudiantes, 1 profesor\" \/>\n<meta property=\"og:description\" content=\"\u00bfSois dos personas y busc\u00e1is los mismos objetivos? Os proponemos clases privadas dedicadas a vosotros: 1 profesor para 2 estudiantes, \u00a1contenidos a elegir!\" \/>\n<meta property=\"og:url\" content=\"https:\/\/www.inmsol.com\/it\/producto\/semi-privato-spagnolo-20\/\" \/>\n<meta property=\"og:site_name\" content=\"iNMSOL\" \/>\n<meta property=\"article:publisher\" content=\"https:\/\/www.facebook.com\/spanishcourses\" \/>\n<meta property=\"article:modified_time\" content=\"2026-03-30T14:05:07+00:00\" \/>\n<meta property=\"og:image\" content=\"https:\/\/www.inmsol.com\/wp-content\/uploads\/2023\/01\/Curso-semi-privado-10-1.jpg\" \/>\n\t<meta property=\"og:image:width\" content=\"1000\" \/>\n\t<meta property=\"og:image:height\" content=\"1000\" \/>\n\t<meta property=\"og:image:type\" content=\"image\/jpeg\" \/>\n<meta name=\"twitter:label1\" content=\"Tempo di lettura stimato\" \/>\n\t<meta name=\"twitter:data1\" content=\"1 minuto\" \/>\n<script type=\"application\/ld+json\" class=\"yoast-schema-graph\">{\"@context\":\"https:\\\/\\\/schema.org\",\"@graph\":[{\"@type\":\"WebPage\",\"@id\":\"https:\\\/\\\/www.inmsol.com\\\/it\\\/producto\\\/semi-privato-spagnolo-20\\\/\",\"url\":\"https:\\\/\\\/www.inmsol.com\\\/it\\\/producto\\\/semi-privato-spagnolo-20\\\/\",\"name\":\"Semi-privato di spagnolo 20 | iNMSOL\",\"isPartOf\":{\"@id\":\"https:\\\/\\\/www.inmsol.com\\\/it\\\/#website\"},\"primaryImageOfPage\":{\"@id\":\"https:\\\/\\\/www.inmsol.com\\\/it\\\/producto\\\/semi-privato-spagnolo-20\\\/#primaryimage\"},\"image\":{\"@id\":\"https:\\\/\\\/www.inmsol.com\\\/it\\\/producto\\\/semi-privato-spagnolo-20\\\/#primaryimage\"},\"thumbnailUrl\":\"https:\\\/\\\/www.inmsol.com\\\/wp-content\\\/uploads\\\/2023\\\/01\\\/Curso-semi-privado-10-1.jpg\",\"datePublished\":\"2023-01-12T15:22:10+00:00\",\"dateModified\":\"2026-03-30T14:05:07+00:00\",\"description\":\"Siete due persone con gli stessi obiettivi? Vi proponiamo lezioni private dedicate a voi: 1 professore per 2 studenti, i contenuti li scegliete voi!\",\"breadcrumb\":{\"@id\":\"https:\\\/\\\/www.inmsol.com\\\/it\\\/producto\\\/semi-privato-spagnolo-20\\\/#breadcrumb\"},\"inLanguage\":\"it-IT\",\"potentialAction\":[{\"@type\":\"ReadAction\",\"target\":[\"https:\\\/\\\/www.inmsol.com\\\/it\\\/producto\\\/semi-privato-spagnolo-20\\\/\"]}]},{\"@type\":\"ImageObject\",\"inLanguage\":\"it-IT\",\"@id\":\"https:\\\/\\\/www.inmsol.com\\\/it\\\/producto\\\/semi-privato-spagnolo-20\\\/#primaryimage\",\"url\":\"https:\\\/\\\/www.inmsol.com\\\/wp-content\\\/uploads\\\/2023\\\/01\\\/Curso-semi-privado-10-1.jpg\",\"contentUrl\":\"https:\\\/\\\/www.inmsol.com\\\/wp-content\\\/uploads\\\/2023\\\/01\\\/Curso-semi-privado-10-1.jpg\",\"width\":1000,\"height\":1000},{\"@type\":\"BreadcrumbList\",\"@id\":\"https:\\\/\\\/www.inmsol.com\\\/it\\\/producto\\\/semi-privato-spagnolo-20\\\/#breadcrumb\",\"itemListElement\":[{\"@type\":\"ListItem\",\"position\":1,\"name\":\"Accredited Center by Instituto Cervantes\",\"item\":\"https:\\\/\\\/www.inmsol.com\\\/it\\\/pagina-ejemplo\\\/\"},{\"@type\":\"ListItem\",\"position\":2,\"name\":\"Corsi\",\"item\":\"https:\\\/\\\/www.inmsol.com\\\/it\\\/corsi\\\/\"},{\"@type\":\"ListItem\",\"position\":3,\"name\":\"Semi-privato di spagnolo 20\"}]},{\"@type\":\"WebSite\",\"@id\":\"https:\\\/\\\/www.inmsol.com\\\/it\\\/#website\",\"url\":\"https:\\\/\\\/www.inmsol.com\\\/it\\\/\",\"name\":\"iNMSOL\",\"description\":\"Impara lo spagnolo con noi - Centro di studio accreditato con l'Istituto Cervantes\",\"publisher\":{\"@id\":\"https:\\\/\\\/www.inmsol.com\\\/it\\\/#organization\"},\"potentialAction\":[{\"@type\":\"SearchAction\",\"target\":{\"@type\":\"EntryPoint\",\"urlTemplate\":\"https:\\\/\\\/www.inmsol.com\\\/it\\\/?s={search_term_string}\"},\"query-input\":{\"@type\":\"PropertyValueSpecification\",\"valueRequired\":true,\"valueName\":\"search_term_string\"}}],\"inLanguage\":\"it-IT\"},{\"@type\":\"Organization\",\"@id\":\"https:\\\/\\\/www.inmsol.com\\\/it\\\/#organization\",\"name\":\"Instituto Mediterr\u00e1neo Sol\",\"url\":\"https:\\\/\\\/www.inmsol.com\\\/it\\\/\",\"logo\":{\"@type\":\"ImageObject\",\"inLanguage\":\"it-IT\",\"@id\":\"https:\\\/\\\/www.inmsol.com\\\/it\\\/#\\\/schema\\\/logo\\\/image\\\/\",\"url\":\"https:\\\/\\\/www.inmsol.com\\\/wp-content\\\/uploads\\\/2023\\\/06\\\/logo-inmsol-1.png\",\"contentUrl\":\"https:\\\/\\\/www.inmsol.com\\\/wp-content\\\/uploads\\\/2023\\\/06\\\/logo-inmsol-1.png\",\"width\":136,\"height\":73,\"caption\":\"Instituto Mediterr\u00e1neo Sol\"},\"image\":{\"@id\":\"https:\\\/\\\/www.inmsol.com\\\/it\\\/#\\\/schema\\\/logo\\\/image\\\/\"},\"sameAs\":[\"https:\\\/\\\/www.facebook.com\\\/spanishcourses\",\"https:\\\/\\\/x.com\\\/StudyInGranada\",\"http:\\\/\\\/instagram.com\\\/imsolgranada\",\"https:\\\/\\\/es.linkedin.com\\\/company\\\/imsol-granada\",\"https:\\\/\\\/www.pinterest.es\\\/inmsol\\\/\",\"https:\\\/\\\/www.youtube.com\\\/channel\\\/UChz-Qn_7coFMosY85iYMO4g\"]}]}<\/script>\n<!-- \/ Yoast SEO plugin. -->","yoast_head_json":{"title":"Semi-privato di spagnolo 20 | iNMSOL","description":"Siete due persone con gli stessi obiettivi? Vi proponiamo lezioni private dedicate a voi: 1 professore per 2 studenti, i contenuti li scegliete voi!","robots":{"index":"index","follow":"follow","max-snippet":"max-snippet:-1","max-image-preview":"max-image-preview:large","max-video-preview":"max-video-preview:-1"},"canonical":"https:\/\/www.inmsol.com\/it\/producto\/semi-privato-spagnolo-20\/","og_locale":"it_IT","og_type":"article","og_title":"Clases semi privadas de espa\u00f1ol: 2 estudiantes, 1 profesor","og_description":"\u00bfSois dos personas y busc\u00e1is los mismos objetivos? Os proponemos clases privadas dedicadas a vosotros: 1 profesor para 2 estudiantes, \u00a1contenidos a elegir!","og_url":"https:\/\/www.inmsol.com\/it\/producto\/semi-privato-spagnolo-20\/","og_site_name":"iNMSOL","article_publisher":"https:\/\/www.facebook.com\/spanishcourses","article_modified_time":"2026-03-30T14:05:07+00:00","og_image":[{"width":1000,"height":1000,"url":"https:\/\/www.inmsol.com\/wp-content\/uploads\/2023\/01\/Curso-semi-privado-10-1.jpg","type":"image\/jpeg"}],"twitter_misc":{"Tempo di lettura stimato":"1 minuto"},"schema":{"@context":"https:\/\/schema.org","@graph":[{"@type":"WebPage","@id":"https:\/\/www.inmsol.com\/it\/producto\/semi-privato-spagnolo-20\/","url":"https:\/\/www.inmsol.com\/it\/producto\/semi-privato-spagnolo-20\/","name":"Semi-privato di spagnolo 20 | iNMSOL","isPartOf":{"@id":"https:\/\/www.inmsol.com\/it\/#website"},"primaryImageOfPage":{"@id":"https:\/\/www.inmsol.com\/it\/producto\/semi-privato-spagnolo-20\/#primaryimage"},"image":{"@id":"https:\/\/www.inmsol.com\/it\/producto\/semi-privato-spagnolo-20\/#primaryimage"},"thumbnailUrl":"https:\/\/www.inmsol.com\/wp-content\/uploads\/2023\/01\/Curso-semi-privado-10-1.jpg","datePublished":"2023-01-12T15:22:10+00:00","dateModified":"2026-03-30T14:05:07+00:00","description":"Siete due persone con gli stessi obiettivi? Vi proponiamo lezioni private dedicate a voi: 1 professore per 2 studenti, i contenuti li scegliete voi!","breadcrumb":{"@id":"https:\/\/www.inmsol.com\/it\/producto\/semi-privato-spagnolo-20\/#breadcrumb"},"inLanguage":"it-IT","potentialAction":[{"@type":"ReadAction","target":["https:\/\/www.inmsol.com\/it\/producto\/semi-privato-spagnolo-20\/"]}]},{"@type":"ImageObject","inLanguage":"it-IT","@id":"https:\/\/www.inmsol.com\/it\/producto\/semi-privato-spagnolo-20\/#primaryimage","url":"https:\/\/www.inmsol.com\/wp-content\/uploads\/2023\/01\/Curso-semi-privado-10-1.jpg","contentUrl":"https:\/\/www.inmsol.com\/wp-content\/uploads\/2023\/01\/Curso-semi-privado-10-1.jpg","width":1000,"height":1000},{"@type":"BreadcrumbList","@id":"https:\/\/www.inmsol.com\/it\/producto\/semi-privato-spagnolo-20\/#breadcrumb","itemListElement":[{"@type":"ListItem","position":1,"name":"Accredited Center by Instituto Cervantes","item":"https:\/\/www.inmsol.com\/it\/pagina-ejemplo\/"},{"@type":"ListItem","position":2,"name":"Corsi","item":"https:\/\/www.inmsol.com\/it\/corsi\/"},{"@type":"ListItem","position":3,"name":"Semi-privato di spagnolo 20"}]},{"@type":"WebSite","@id":"https:\/\/www.inmsol.com\/it\/#website","url":"https:\/\/www.inmsol.com\/it\/","name":"iNMSOL","description":"Impara lo spagnolo con noi - Centro di studio accreditato con l'Istituto Cervantes","publisher":{"@id":"https:\/\/www.inmsol.com\/it\/#organization"},"potentialAction":[{"@type":"SearchAction","target":{"@type":"EntryPoint","urlTemplate":"https:\/\/www.inmsol.com\/it\/?s={search_term_string}"},"query-input":{"@type":"PropertyValueSpecification","valueRequired":true,"valueName":"search_term_string"}}],"inLanguage":"it-IT"},{"@type":"Organization","@id":"https:\/\/www.inmsol.com\/it\/#organization","name":"Instituto Mediterr\u00e1neo Sol","url":"https:\/\/www.inmsol.com\/it\/","logo":{"@type":"ImageObject","inLanguage":"it-IT","@id":"https:\/\/www.inmsol.com\/it\/#\/schema\/logo\/image\/","url":"https:\/\/www.inmsol.com\/wp-content\/uploads\/2023\/06\/logo-inmsol-1.png","contentUrl":"https:\/\/www.inmsol.com\/wp-content\/uploads\/2023\/06\/logo-inmsol-1.png","width":136,"height":73,"caption":"Instituto Mediterr\u00e1neo Sol"},"image":{"@id":"https:\/\/www.inmsol.com\/it\/#\/schema\/logo\/image\/"},"sameAs":["https:\/\/www.facebook.com\/spanishcourses","https:\/\/x.com\/StudyInGranada","http:\/\/instagram.com\/imsolgranada","https:\/\/es.linkedin.com\/company\/imsol-granada","https:\/\/www.pinterest.es\/inmsol\/","https:\/\/www.youtube.com\/channel\/UChz-Qn_7coFMosY85iYMO4g"]}]}},"_links":{"self":[{"href":"https:\/\/www.inmsol.com\/it\/wp-json\/wp\/v2\/product\/66255","targetHints":{"allow":["GET"]}}],"collection":[{"href":"https:\/\/www.inmsol.com\/it\/wp-json\/wp\/v2\/product"}],"about":[{"href":"https:\/\/www.inmsol.com\/it\/wp-json\/wp\/v2\/types\/product"}],"wp:featuredmedia":[{"embeddable":true,"href":"https:\/\/www.inmsol.com\/it\/wp-json\/wp\/v2\/media\/66007"}],"wp:attachment":[{"href":"https:\/\/www.inmsol.com\/it\/wp-json\/wp\/v2\/media?parent=66255"}],"wp:term":[{"taxonomy":"product_brand","embeddable":true,"href":"https:\/\/www.inmsol.com\/it\/wp-json\/wp\/v2\/product_brand?post=66255"},{"taxonomy":"product_cat","embeddable":true,"href":"https:\/\/www.inmsol.com\/it\/wp-json\/wp\/v2\/product_cat?post=66255"},{"taxonomy":"product_tag","embeddable":true,"href":"https:\/\/www.inmsol.com\/it\/wp-json\/wp\/v2\/product_tag?post=66255"}],"curies":[{"name":"wp","href":"https:\/\/api.w.org\/{rel}","templated":true}]}}