{"id":66587,"date":"2023-01-12T16:32:59","date_gmt":"2023-01-12T15:32:59","guid":{"rendered":"https:\/\/www.inmsol.com\/?post_type=product&#038;p=66587"},"modified":"2026-03-27T18:13:46","modified_gmt":"2026-03-27T17:13:46","slug":"estudios-hispanicos","status":"publish","type":"product","link":"https:\/\/www.inmsol.com\/it\/producto\/estudios-hispanicos\/","title":{"rendered":"Studi ispanici"},"content":{"rendered":"<p>Con questo tipo di corsi si ottiene un&#8217;amplia conoscenza dello spagnolo rispetto a contesto letterario, storico, culturale e commerciale, in modo che lo studente possa conoscere la realt\u00e0 della Spagna in diversi ambiti. Inoltre, si tratteranno, da una parte,\u00a0 aspetti generali dello spagnolo come lingua e come ricorso linguistico, dall&#8217;altra, si studier\u00e0 la storia, la cultura, la letteratura e il commercio della Spagna e America Latina. Per questo corso, lo studente deve avere<strong> almeno un livello B1 di spagnolo<\/strong>. Si compone di 4 lezioni al giorno, organizzate come segue:<\/p>\n<ul>\n<li>2 lezioni quotidiane di grammatica o conversazione<\/li>\n<li>2 lezioni quotidiane di materie specifiche di studi ispanici<\/li>\n<\/ul>\n<p>Le materie specifiche saranno 2 a scelta dello studente:<\/p>\n<ol>\n<li>Letteratura spagnola e latinoamericana<\/li>\n<li>Storia spagnola e latinoamericana<\/li>\n<li>Cultura spagnola e latinoamericana<\/li>\n<\/ol>\n<p>&nbsp;<\/p>\n<p><a href=\"https:\/\/www.inmsol.com\/wp-content\/uploads\/2023\/01\/Curso-general-de-estudios-hispanicos.jpg\" target=\"_blank\" rel=\"noopener\"><img fetchpriority=\"high\" decoding=\"async\" class=\"aligncenter wp-image-67006 size-full\" title=\"Studi ispanici a Granada\" src=\"https:\/\/www.inmsol.com\/wp-content\/uploads\/2023\/01\/Curso-general-de-estudios-hispanicos.jpg\" alt=\"Studi ispanici\" width=\"1010\" height=\"500\" srcset=\"https:\/\/www.inmsol.com\/wp-content\/uploads\/2023\/01\/Curso-general-de-estudios-hispanicos.jpg 1010w, https:\/\/www.inmsol.com\/wp-content\/uploads\/2023\/01\/Curso-general-de-estudios-hispanicos-800x396.jpg 800w, https:\/\/www.inmsol.com\/wp-content\/uploads\/2023\/01\/Curso-general-de-estudios-hispanicos-64x32.jpg 64w, https:\/\/www.inmsol.com\/wp-content\/uploads\/2023\/01\/Curso-general-de-estudios-hispanicos-460x228.jpg 460w, https:\/\/www.inmsol.com\/wp-content\/uploads\/2023\/01\/Curso-general-de-estudios-hispanicos-768x380.jpg 768w, https:\/\/www.inmsol.com\/wp-content\/uploads\/2023\/01\/Curso-general-de-estudios-hispanicos-250x124.jpg 250w, https:\/\/www.inmsol.com\/wp-content\/uploads\/2023\/01\/Curso-general-de-estudios-hispanicos-600x297.jpg 600w\" sizes=\"(max-width: 1010px) 100vw, 1010px\" \/><\/a><\/p>\n<p>Le lezioni saranno interamente in spagnolo, fin dal primo giorno. L&#8217;immatricolazione include il <em>test di livello online<\/em>, lezioni dal luned\u00ec al venerd\u00ec, <em>attivit\u00e0 settimanali<\/em> e il <em>certificato di partecipazione<\/em> alla fine del corso. Ogni lezione ha una durata di 45 minuti.<\/p>\n<style>\n.btn-descarga {\n    display: inline-block !important;\n    background-color: #ad0228 !important;\n    color: white !important;\n    padding: 8px 16px !important;\n    font-size: 14px !important;\n    font-weight: bold !important;\n    text-decoration: none !important;\n    border-radius: 5px !important;\n    transition: background-color 0.3s ease !important;\n    cursor: pointer !important;\n    border: none !important;\n}<\/p>\n<p>.btn-descarga:hover {\n    background-color: #8b0120 !important;\n    color: white !important;\n    text-decoration: none !important;\n}\n<\/style>\n<p><a href=\"https:\/\/www.inmsol.com\/wp-content\/uploads\/2026\/03\/Objetivos_contenidos_cursos-especificos_2026_iNMSOL.pdf\" target=\"_blank\" class=\"btn-descarga\"><br \/>\n    \ud83d\udcc4 Contenuti del Corso<br \/>\n<\/a>&nbsp;<\/p>\n<p>&nbsp;<\/p>\n<h4>Condizioni generali d\u2019accordo con il numero di participanti ai corsi:<\/h4>\n<p>Il numero massimo di studenti per lezione dello stesso livello e con le stesse caratteristiche di corso \u00e8 di 10 mentre il minimo \u00e8 di 3. Se non si raggiunge il succitato numero minimo, si applicano le seguenti condizioni:<\/p>\n<blockquote><p><strong>1 studente o 2 studenti:<\/strong> il partecipante riceve il 50% delle lezioni individuali (1 professore\/ 1 studente) o semiprivate (1 professore\/ 2 studenti), accordate sulla base del suo livello e necessit\u00e0. In nessun caso gli \u00e8 richiesto di pagare la differenza di prezzo.<\/p>\n<p><strong>Da 3 studenti in s\u00f9:<\/strong> i partecipanti riceveranno il 100% delle lezioni accordate in gruppo.<\/p><\/blockquote>\n<p>Consulta i nostri <a href=\"https:\/\/www.inmsol.com\/it\/informazioni-e-condizioni-generali\/\" target=\"_blank\" rel=\"noopener\">termini e condizioni<\/a>!<\/p>\n","protected":false},"excerpt":{"rendered":"<p>Corso di studi ispanici di 20 lezioni\/settimana.<\/p>\n","protected":false},"featured_media":67017,"template":"","meta":{"_acf_changed":false},"product_brand":[],"product_cat":[957,952,959,958,1182],"product_tag":[],"class_list":{"0":"post-66587","1":"product","2":"type-product","3":"status-publish","4":"has-post-thumbnail","6":"product_cat-b1-it","7":"product_cat-b2-it","8":"product_cat-c1-it","9":"product_cat-c2-it","10":"product_cat-studi-ispanici","12":"first","13":"instock","14":"sold-individually","15":"purchasable","16":"product-type-variable"},"acf":[],"yoast_head":"<!-- This site is optimized with the Yoast SEO plugin v27.4 - https:\/\/yoast.com\/product\/yoast-seo-wordpress\/ -->\n<title>Studi ispanici | iNMSOL<\/title>\n<meta name=\"description\" content=\"Ottieni un&#039;ampia conoscenza dello spagnolo in contesti letterari, storici, culturali e commerciali, tanto della Spagna come dell&#039;America Latina.\" \/>\n<meta name=\"robots\" content=\"index, follow, max-snippet:-1, max-image-preview:large, max-video-preview:-1\" \/>\n<link rel=\"canonical\" href=\"https:\/\/www.inmsol.com\/it\/producto\/estudios-hispanicos\/\" \/>\n<meta property=\"og:locale\" content=\"it_IT\" \/>\n<meta property=\"og:type\" content=\"article\" \/>\n<meta property=\"og:title\" content=\"Intensivo de espa\u00f1ol 20 clases\" \/>\n<meta property=\"og:description\" content=\"\u00a1Reserva uno de nuestros cursos intensivo de espa\u00f1ol en Granada! Estos cursos est\u00e1n disponibles desde 20 clases semanales.\" \/>\n<meta property=\"og:url\" content=\"https:\/\/www.inmsol.com\/it\/producto\/estudios-hispanicos\/\" \/>\n<meta property=\"og:site_name\" content=\"iNMSOL\" \/>\n<meta property=\"article:publisher\" content=\"https:\/\/www.facebook.com\/spanishcourses\" \/>\n<meta property=\"article:modified_time\" content=\"2026-03-27T17:13:46+00:00\" \/>\n<meta property=\"og:image\" content=\"https:\/\/www.inmsol.com\/wp-content\/uploads\/2023\/01\/Curso-de-estudios-hispanicos.jpg\" \/>\n\t<meta property=\"og:image:width\" content=\"1000\" \/>\n\t<meta property=\"og:image:height\" content=\"1000\" \/>\n\t<meta property=\"og:image:type\" content=\"image\/jpeg\" \/>\n<meta name=\"twitter:label1\" content=\"Tempo di lettura stimato\" \/>\n\t<meta name=\"twitter:data1\" content=\"2 minuti\" \/>\n<script type=\"application\/ld+json\" class=\"yoast-schema-graph\">{\"@context\":\"https:\\\/\\\/schema.org\",\"@graph\":[{\"@type\":\"WebPage\",\"@id\":\"https:\\\/\\\/www.inmsol.com\\\/it\\\/producto\\\/estudios-hispanicos\\\/\",\"url\":\"https:\\\/\\\/www.inmsol.com\\\/it\\\/producto\\\/estudios-hispanicos\\\/\",\"name\":\"Studi ispanici | iNMSOL\",\"isPartOf\":{\"@id\":\"https:\\\/\\\/www.inmsol.com\\\/it\\\/#website\"},\"primaryImageOfPage\":{\"@id\":\"https:\\\/\\\/www.inmsol.com\\\/it\\\/producto\\\/estudios-hispanicos\\\/#primaryimage\"},\"image\":{\"@id\":\"https:\\\/\\\/www.inmsol.com\\\/it\\\/producto\\\/estudios-hispanicos\\\/#primaryimage\"},\"thumbnailUrl\":\"https:\\\/\\\/www.inmsol.com\\\/wp-content\\\/uploads\\\/2023\\\/01\\\/Curso-de-estudios-hispanicos.jpg\",\"datePublished\":\"2023-01-12T15:32:59+00:00\",\"dateModified\":\"2026-03-27T17:13:46+00:00\",\"description\":\"Ottieni un'ampia conoscenza dello spagnolo in contesti letterari, storici, culturali e commerciali, tanto della Spagna come dell'America Latina.\",\"breadcrumb\":{\"@id\":\"https:\\\/\\\/www.inmsol.com\\\/it\\\/producto\\\/estudios-hispanicos\\\/#breadcrumb\"},\"inLanguage\":\"it-IT\",\"potentialAction\":[{\"@type\":\"ReadAction\",\"target\":[\"https:\\\/\\\/www.inmsol.com\\\/it\\\/producto\\\/estudios-hispanicos\\\/\"]}]},{\"@type\":\"ImageObject\",\"inLanguage\":\"it-IT\",\"@id\":\"https:\\\/\\\/www.inmsol.com\\\/it\\\/producto\\\/estudios-hispanicos\\\/#primaryimage\",\"url\":\"https:\\\/\\\/www.inmsol.com\\\/wp-content\\\/uploads\\\/2023\\\/01\\\/Curso-de-estudios-hispanicos.jpg\",\"contentUrl\":\"https:\\\/\\\/www.inmsol.com\\\/wp-content\\\/uploads\\\/2023\\\/01\\\/Curso-de-estudios-hispanicos.jpg\",\"width\":1000,\"height\":1000},{\"@type\":\"BreadcrumbList\",\"@id\":\"https:\\\/\\\/www.inmsol.com\\\/it\\\/producto\\\/estudios-hispanicos\\\/#breadcrumb\",\"itemListElement\":[{\"@type\":\"ListItem\",\"position\":1,\"name\":\"Accredited Center by Instituto Cervantes\",\"item\":\"https:\\\/\\\/www.inmsol.com\\\/it\\\/pagina-ejemplo\\\/\"},{\"@type\":\"ListItem\",\"position\":2,\"name\":\"Corsi\",\"item\":\"https:\\\/\\\/www.inmsol.com\\\/it\\\/corsi\\\/\"},{\"@type\":\"ListItem\",\"position\":3,\"name\":\"Studi ispanici\"}]},{\"@type\":\"WebSite\",\"@id\":\"https:\\\/\\\/www.inmsol.com\\\/it\\\/#website\",\"url\":\"https:\\\/\\\/www.inmsol.com\\\/it\\\/\",\"name\":\"iNMSOL\",\"description\":\"Impara lo spagnolo con noi - Centro di studio accreditato con l'Istituto Cervantes\",\"publisher\":{\"@id\":\"https:\\\/\\\/www.inmsol.com\\\/it\\\/#organization\"},\"potentialAction\":[{\"@type\":\"SearchAction\",\"target\":{\"@type\":\"EntryPoint\",\"urlTemplate\":\"https:\\\/\\\/www.inmsol.com\\\/it\\\/?s={search_term_string}\"},\"query-input\":{\"@type\":\"PropertyValueSpecification\",\"valueRequired\":true,\"valueName\":\"search_term_string\"}}],\"inLanguage\":\"it-IT\"},{\"@type\":\"Organization\",\"@id\":\"https:\\\/\\\/www.inmsol.com\\\/it\\\/#organization\",\"name\":\"Instituto Mediterr\u00e1neo Sol\",\"url\":\"https:\\\/\\\/www.inmsol.com\\\/it\\\/\",\"logo\":{\"@type\":\"ImageObject\",\"inLanguage\":\"it-IT\",\"@id\":\"https:\\\/\\\/www.inmsol.com\\\/it\\\/#\\\/schema\\\/logo\\\/image\\\/\",\"url\":\"https:\\\/\\\/www.inmsol.com\\\/wp-content\\\/uploads\\\/2023\\\/06\\\/logo-inmsol-1.png\",\"contentUrl\":\"https:\\\/\\\/www.inmsol.com\\\/wp-content\\\/uploads\\\/2023\\\/06\\\/logo-inmsol-1.png\",\"width\":136,\"height\":73,\"caption\":\"Instituto Mediterr\u00e1neo Sol\"},\"image\":{\"@id\":\"https:\\\/\\\/www.inmsol.com\\\/it\\\/#\\\/schema\\\/logo\\\/image\\\/\"},\"sameAs\":[\"https:\\\/\\\/www.facebook.com\\\/spanishcourses\",\"https:\\\/\\\/x.com\\\/StudyInGranada\",\"http:\\\/\\\/instagram.com\\\/imsolgranada\",\"https:\\\/\\\/es.linkedin.com\\\/company\\\/imsol-granada\",\"https:\\\/\\\/www.pinterest.es\\\/inmsol\\\/\",\"https:\\\/\\\/www.youtube.com\\\/channel\\\/UChz-Qn_7coFMosY85iYMO4g\"]}]}<\/script>\n<!-- \/ Yoast SEO plugin. -->","yoast_head_json":{"title":"Studi ispanici | iNMSOL","description":"Ottieni un'ampia conoscenza dello spagnolo in contesti letterari, storici, culturali e commerciali, tanto della Spagna come dell'America Latina.","robots":{"index":"index","follow":"follow","max-snippet":"max-snippet:-1","max-image-preview":"max-image-preview:large","max-video-preview":"max-video-preview:-1"},"canonical":"https:\/\/www.inmsol.com\/it\/producto\/estudios-hispanicos\/","og_locale":"it_IT","og_type":"article","og_title":"Intensivo de espa\u00f1ol 20 clases","og_description":"\u00a1Reserva uno de nuestros cursos intensivo de espa\u00f1ol en Granada! Estos cursos est\u00e1n disponibles desde 20 clases semanales.","og_url":"https:\/\/www.inmsol.com\/it\/producto\/estudios-hispanicos\/","og_site_name":"iNMSOL","article_publisher":"https:\/\/www.facebook.com\/spanishcourses","article_modified_time":"2026-03-27T17:13:46+00:00","og_image":[{"width":1000,"height":1000,"url":"https:\/\/www.inmsol.com\/wp-content\/uploads\/2023\/01\/Curso-de-estudios-hispanicos.jpg","type":"image\/jpeg"}],"twitter_misc":{"Tempo di lettura stimato":"2 minuti"},"schema":{"@context":"https:\/\/schema.org","@graph":[{"@type":"WebPage","@id":"https:\/\/www.inmsol.com\/it\/producto\/estudios-hispanicos\/","url":"https:\/\/www.inmsol.com\/it\/producto\/estudios-hispanicos\/","name":"Studi ispanici | iNMSOL","isPartOf":{"@id":"https:\/\/www.inmsol.com\/it\/#website"},"primaryImageOfPage":{"@id":"https:\/\/www.inmsol.com\/it\/producto\/estudios-hispanicos\/#primaryimage"},"image":{"@id":"https:\/\/www.inmsol.com\/it\/producto\/estudios-hispanicos\/#primaryimage"},"thumbnailUrl":"https:\/\/www.inmsol.com\/wp-content\/uploads\/2023\/01\/Curso-de-estudios-hispanicos.jpg","datePublished":"2023-01-12T15:32:59+00:00","dateModified":"2026-03-27T17:13:46+00:00","description":"Ottieni un'ampia conoscenza dello spagnolo in contesti letterari, storici, culturali e commerciali, tanto della Spagna come dell'America Latina.","breadcrumb":{"@id":"https:\/\/www.inmsol.com\/it\/producto\/estudios-hispanicos\/#breadcrumb"},"inLanguage":"it-IT","potentialAction":[{"@type":"ReadAction","target":["https:\/\/www.inmsol.com\/it\/producto\/estudios-hispanicos\/"]}]},{"@type":"ImageObject","inLanguage":"it-IT","@id":"https:\/\/www.inmsol.com\/it\/producto\/estudios-hispanicos\/#primaryimage","url":"https:\/\/www.inmsol.com\/wp-content\/uploads\/2023\/01\/Curso-de-estudios-hispanicos.jpg","contentUrl":"https:\/\/www.inmsol.com\/wp-content\/uploads\/2023\/01\/Curso-de-estudios-hispanicos.jpg","width":1000,"height":1000},{"@type":"BreadcrumbList","@id":"https:\/\/www.inmsol.com\/it\/producto\/estudios-hispanicos\/#breadcrumb","itemListElement":[{"@type":"ListItem","position":1,"name":"Accredited Center by Instituto Cervantes","item":"https:\/\/www.inmsol.com\/it\/pagina-ejemplo\/"},{"@type":"ListItem","position":2,"name":"Corsi","item":"https:\/\/www.inmsol.com\/it\/corsi\/"},{"@type":"ListItem","position":3,"name":"Studi ispanici"}]},{"@type":"WebSite","@id":"https:\/\/www.inmsol.com\/it\/#website","url":"https:\/\/www.inmsol.com\/it\/","name":"iNMSOL","description":"Impara lo spagnolo con noi - Centro di studio accreditato con l'Istituto Cervantes","publisher":{"@id":"https:\/\/www.inmsol.com\/it\/#organization"},"potentialAction":[{"@type":"SearchAction","target":{"@type":"EntryPoint","urlTemplate":"https:\/\/www.inmsol.com\/it\/?s={search_term_string}"},"query-input":{"@type":"PropertyValueSpecification","valueRequired":true,"valueName":"search_term_string"}}],"inLanguage":"it-IT"},{"@type":"Organization","@id":"https:\/\/www.inmsol.com\/it\/#organization","name":"Instituto Mediterr\u00e1neo Sol","url":"https:\/\/www.inmsol.com\/it\/","logo":{"@type":"ImageObject","inLanguage":"it-IT","@id":"https:\/\/www.inmsol.com\/it\/#\/schema\/logo\/image\/","url":"https:\/\/www.inmsol.com\/wp-content\/uploads\/2023\/06\/logo-inmsol-1.png","contentUrl":"https:\/\/www.inmsol.com\/wp-content\/uploads\/2023\/06\/logo-inmsol-1.png","width":136,"height":73,"caption":"Instituto Mediterr\u00e1neo Sol"},"image":{"@id":"https:\/\/www.inmsol.com\/it\/#\/schema\/logo\/image\/"},"sameAs":["https:\/\/www.facebook.com\/spanishcourses","https:\/\/x.com\/StudyInGranada","http:\/\/instagram.com\/imsolgranada","https:\/\/es.linkedin.com\/company\/imsol-granada","https:\/\/www.pinterest.es\/inmsol\/","https:\/\/www.youtube.com\/channel\/UChz-Qn_7coFMosY85iYMO4g"]}]}},"_links":{"self":[{"href":"https:\/\/www.inmsol.com\/it\/wp-json\/wp\/v2\/product\/66587","targetHints":{"allow":["GET"]}}],"collection":[{"href":"https:\/\/www.inmsol.com\/it\/wp-json\/wp\/v2\/product"}],"about":[{"href":"https:\/\/www.inmsol.com\/it\/wp-json\/wp\/v2\/types\/product"}],"wp:featuredmedia":[{"embeddable":true,"href":"https:\/\/www.inmsol.com\/it\/wp-json\/wp\/v2\/media\/67017"}],"wp:attachment":[{"href":"https:\/\/www.inmsol.com\/it\/wp-json\/wp\/v2\/media?parent=66587"}],"wp:term":[{"taxonomy":"product_brand","embeddable":true,"href":"https:\/\/www.inmsol.com\/it\/wp-json\/wp\/v2\/product_brand?post=66587"},{"taxonomy":"product_cat","embeddable":true,"href":"https:\/\/www.inmsol.com\/it\/wp-json\/wp\/v2\/product_cat?post=66587"},{"taxonomy":"product_tag","embeddable":true,"href":"https:\/\/www.inmsol.com\/it\/wp-json\/wp\/v2\/product_tag?post=66587"}],"curies":[{"name":"wp","href":"https:\/\/api.w.org\/{rel}","templated":true}]}}