{"id":68010,"date":"2023-01-17T10:24:23","date_gmt":"2023-01-17T09:24:23","guid":{"rendered":"https:\/\/www.inmsol.com\/?post_type=product&#038;p=68010"},"modified":"2026-03-27T17:57:52","modified_gmt":"2026-03-27T16:57:52","slug":"adolescenti","status":"publish","type":"product","link":"https:\/\/www.inmsol.com\/it\/producto\/adolescenti\/","title":{"rendered":"Adolescenti"},"content":{"rendered":"<p>Programma di immersione per studenti tra i 13 e i 17 anni nei mesi estivi. <strong>Un&#8217;esperienza completa<\/strong> per giovani che vogliono trascorrere due e\/o quattro settimane a Granada per imparare lo spagnolo <strong>insieme ad altri alunni della stessa et\u00e0<\/strong>. Questo corso consiste in 4 lezioni al giorno, organizzati come segue:<\/p>\n<ul>\n<li>4 lezioni al giorno di corso intensivo di spagnolo<\/li>\n<li>Programma quotidiano di attivit\u00e0 complementarie<\/li>\n<\/ul>\n<p><a href=\"https:\/\/www.inmsol.com\/wp-content\/uploads\/2023\/01\/Adolescentes.jpg\" target=\"_blank\" rel=\"noopener\"><img fetchpriority=\"high\" decoding=\"async\" class=\"aligncenter wp-image-68054 size-full\" title=\"Spagnolo per adolescenti\" src=\"https:\/\/www.inmsol.com\/wp-content\/uploads\/2023\/01\/Adolescentes.jpg\" alt=\"Spagnolo per adolescenti\" width=\"1010\" height=\"500\" srcset=\"https:\/\/www.inmsol.com\/wp-content\/uploads\/2023\/01\/Adolescentes.jpg 1010w, https:\/\/www.inmsol.com\/wp-content\/uploads\/2023\/01\/Adolescentes-800x396.jpg 800w, https:\/\/www.inmsol.com\/wp-content\/uploads\/2023\/01\/Adolescentes-64x32.jpg 64w, https:\/\/www.inmsol.com\/wp-content\/uploads\/2023\/01\/Adolescentes-460x228.jpg 460w, https:\/\/www.inmsol.com\/wp-content\/uploads\/2023\/01\/Adolescentes-768x380.jpg 768w, https:\/\/www.inmsol.com\/wp-content\/uploads\/2023\/01\/Adolescentes-250x124.jpg 250w, https:\/\/www.inmsol.com\/wp-content\/uploads\/2023\/01\/Adolescentes-600x297.jpg 600w\" sizes=\"(max-width: 1010px) 100vw, 1010px\" \/><\/a><\/p>\n<p>Questi corsi includono:<\/p>\n<ul>\n<li>Servizio di transfer da\/per l&#8217;aeroporto<\/li>\n<li>Alloggio presso una famiglia (camera doppia, pensione completa)<\/li>\n<li>Istruttore durante tutto il corso<\/li>\n<li>Programma di attivit\u00e0 culturali settimanali<\/li>\n<li>Escursione\/attivit\u00e0 nel fine settimana<\/li>\n<\/ul>\n<p>Le lezioni si terranno interamente in spagnolo, fin dal primo giorno. L&#8217;immatricolazione include il <em>test di livello online<\/em>, lezioni dal luned\u00ec al venerd\u00ec, <em>attivit\u00e0 settimanali<\/em> e <em>certificato di partecipazione<\/em> alla fine del corso. Ogni lezione ha una durata di 45 minuti.<\/p>\n<style>\n.btn-descarga {<br \/>\n    display: inline-block !important;<br \/>\n    background-color: #ad0228 !important;<br \/>\n    color: white !important;<br \/>\n    padding: 8px 16px !important;<br \/>\n    font-size: 14px !important;<br \/>\n    font-weight: bold !important;<br \/>\n    text-decoration: none !important;<br \/>\n    border-radius: 5px !important;<br \/>\n    transition: background-color 0.3s ease !important;<br \/>\n    cursor: pointer !important;<br \/>\n    border: none !important;<br \/>\n}<\/p>\n<p>.btn-descarga:hover {<br \/>\n    background-color: #8b0120 !important;<br \/>\n    color: white !important;<br \/>\n    text-decoration: none !important;<br \/>\n}<br \/>\n<\/style>\n<p><a class=\"btn-descarga\" href=\"https:\/\/www.inmsol.com\/wp-content\/uploads\/2026\/03\/Objetivos_contenidos_cursos-especificos_2026_iNMSOL.pdf\" target=\"_blank\" rel=\"noopener\"><br \/>\n\ud83d\udcc4 Contenuti del Corso<br \/>\n<\/a><\/p>\n<h4>Condizioni generali d\u2019accordo con il numero di participanti ai corsi:<\/h4>\n<p>Il numero massimo di studenti per lezione dello stesso livello e con le stesse caratteristiche di corso \u00e8 di 10 mentre il minimo \u00e8 di 3. Se non si raggiunge il succitato numero minimo, si applicano le seguenti condizioni:<\/p>\n<p><strong>1 studente o 2 studenti:<\/strong> il partecipante riceve il 50% delle lezioni individuali (1 professore\/ 1 studente) o semiprivate (1 professore\/ 2 studenti), accordate sulla base del suo livello e necessit\u00e0. In nessun caso gli \u00e8 richiesto di pagare la differenza di prezzo.<\/p>\n<p><strong>Da 3 studenti in s\u00f9:<\/strong> i partecipanti riceveranno il 100% delle lezioni accordate in gruppo.<\/p>\n<p>Consulta i nostri <a href=\"https:\/\/www.inmsol.com\/it\/informazioni-e-condizioni-generali\/\" target=\"_blank\" rel=\"noopener\">termini e condizioni<\/a>!<\/p>\n","protected":false},"excerpt":{"rendered":"<p>Corso di spagnolo per adolescenti, tutto incluso.<\/p>\n","protected":false},"featured_media":68065,"template":"","meta":{"_acf_changed":false},"product_brand":[],"product_cat":[954,953,1194,957,952,959,958],"product_tag":[],"class_list":{"0":"post-68010","1":"product","2":"type-product","3":"status-publish","4":"has-post-thumbnail","6":"product_cat-a1-it","7":"product_cat-a2-it","8":"product_cat-adolescenti-it","9":"product_cat-b1-it","10":"product_cat-b2-it","11":"product_cat-c1-it","12":"product_cat-c2-it","14":"first","15":"instock","16":"sold-individually","17":"purchasable","18":"product-type-variable"},"acf":[],"yoast_head":"<!-- This site is optimized with the Yoast SEO plugin v27.4 - https:\/\/yoast.com\/product\/yoast-seo-wordpress\/ -->\n<title>Adolescenti | iNMSOL<\/title>\n<meta name=\"description\" content=\"Programma di immersione nello spagnolo per adolescenti tra i 13 e i 17 anni, nei mesi estivi! Include il corso di spagnolo e servizi complementari.\" \/>\n<meta name=\"robots\" content=\"index, follow, max-snippet:-1, max-image-preview:large, max-video-preview:-1\" \/>\n<link rel=\"canonical\" href=\"https:\/\/www.inmsol.com\/it\/producto\/adolescenti\/\" \/>\n<meta property=\"og:locale\" content=\"it_IT\" \/>\n<meta property=\"og:type\" content=\"article\" \/>\n<meta property=\"og:title\" content=\"Espa\u00f1ol para adolescentes\" \/>\n<meta property=\"og:description\" content=\"Adquiere las herramientas espec\u00edficas para utilizar el espa\u00f1ol en un \u00e1mbito profesional sanitario. Consigue ser competente en experiencias profesionales sanitarias presentes o futuras.\u00a1Programa de inmersi\u00f3n en espa\u00f1ol para adolescentes de entre 13 y 17 a\u00f1os, en los meses de verano! Incluye curso de espa\u00f1ol y servicios complementarios.\" \/>\n<meta property=\"og:url\" content=\"https:\/\/www.inmsol.com\/it\/producto\/adolescenti\/\" \/>\n<meta property=\"og:site_name\" content=\"iNMSOL\" \/>\n<meta property=\"article:publisher\" content=\"https:\/\/www.facebook.com\/spanishcourses\" \/>\n<meta property=\"article:modified_time\" content=\"2026-03-27T16:57:52+00:00\" \/>\n<meta property=\"og:image\" content=\"https:\/\/www.inmsol.com\/wp-content\/uploads\/2023\/01\/Adolescentes.jpg\" \/>\n<meta name=\"twitter:label1\" content=\"Tempo di lettura stimato\" \/>\n\t<meta name=\"twitter:data1\" content=\"2 minuti\" \/>\n<script type=\"application\/ld+json\" class=\"yoast-schema-graph\">{\"@context\":\"https:\\\/\\\/schema.org\",\"@graph\":[{\"@type\":\"WebPage\",\"@id\":\"https:\\\/\\\/www.inmsol.com\\\/it\\\/producto\\\/adolescenti\\\/\",\"url\":\"https:\\\/\\\/www.inmsol.com\\\/it\\\/producto\\\/adolescenti\\\/\",\"name\":\"Adolescenti | iNMSOL\",\"isPartOf\":{\"@id\":\"https:\\\/\\\/www.inmsol.com\\\/it\\\/#website\"},\"primaryImageOfPage\":{\"@id\":\"https:\\\/\\\/www.inmsol.com\\\/it\\\/producto\\\/adolescenti\\\/#primaryimage\"},\"image\":{\"@id\":\"https:\\\/\\\/www.inmsol.com\\\/it\\\/producto\\\/adolescenti\\\/#primaryimage\"},\"thumbnailUrl\":\"https:\\\/\\\/www.inmsol.com\\\/wp-content\\\/uploads\\\/2023\\\/01\\\/Adolescentes-1.jpg\",\"datePublished\":\"2023-01-17T09:24:23+00:00\",\"dateModified\":\"2026-03-27T16:57:52+00:00\",\"description\":\"Programma di immersione nello spagnolo per adolescenti tra i 13 e i 17 anni, nei mesi estivi! Include il corso di spagnolo e servizi complementari.\",\"breadcrumb\":{\"@id\":\"https:\\\/\\\/www.inmsol.com\\\/it\\\/producto\\\/adolescenti\\\/#breadcrumb\"},\"inLanguage\":\"it-IT\",\"potentialAction\":[{\"@type\":\"ReadAction\",\"target\":[\"https:\\\/\\\/www.inmsol.com\\\/it\\\/producto\\\/adolescenti\\\/\"]}]},{\"@type\":\"ImageObject\",\"inLanguage\":\"it-IT\",\"@id\":\"https:\\\/\\\/www.inmsol.com\\\/it\\\/producto\\\/adolescenti\\\/#primaryimage\",\"url\":\"https:\\\/\\\/www.inmsol.com\\\/wp-content\\\/uploads\\\/2023\\\/01\\\/Adolescentes-1.jpg\",\"contentUrl\":\"https:\\\/\\\/www.inmsol.com\\\/wp-content\\\/uploads\\\/2023\\\/01\\\/Adolescentes-1.jpg\",\"width\":1000,\"height\":1000},{\"@type\":\"BreadcrumbList\",\"@id\":\"https:\\\/\\\/www.inmsol.com\\\/it\\\/producto\\\/adolescenti\\\/#breadcrumb\",\"itemListElement\":[{\"@type\":\"ListItem\",\"position\":1,\"name\":\"Accredited Center by Instituto Cervantes\",\"item\":\"https:\\\/\\\/www.inmsol.com\\\/it\\\/pagina-ejemplo\\\/\"},{\"@type\":\"ListItem\",\"position\":2,\"name\":\"Corsi\",\"item\":\"https:\\\/\\\/www.inmsol.com\\\/it\\\/corsi\\\/\"},{\"@type\":\"ListItem\",\"position\":3,\"name\":\"Adolescenti\"}]},{\"@type\":\"WebSite\",\"@id\":\"https:\\\/\\\/www.inmsol.com\\\/it\\\/#website\",\"url\":\"https:\\\/\\\/www.inmsol.com\\\/it\\\/\",\"name\":\"iNMSOL\",\"description\":\"Impara lo spagnolo con noi - Centro di studio accreditato con l'Istituto Cervantes\",\"publisher\":{\"@id\":\"https:\\\/\\\/www.inmsol.com\\\/it\\\/#organization\"},\"potentialAction\":[{\"@type\":\"SearchAction\",\"target\":{\"@type\":\"EntryPoint\",\"urlTemplate\":\"https:\\\/\\\/www.inmsol.com\\\/it\\\/?s={search_term_string}\"},\"query-input\":{\"@type\":\"PropertyValueSpecification\",\"valueRequired\":true,\"valueName\":\"search_term_string\"}}],\"inLanguage\":\"it-IT\"},{\"@type\":\"Organization\",\"@id\":\"https:\\\/\\\/www.inmsol.com\\\/it\\\/#organization\",\"name\":\"Instituto Mediterr\u00e1neo Sol\",\"url\":\"https:\\\/\\\/www.inmsol.com\\\/it\\\/\",\"logo\":{\"@type\":\"ImageObject\",\"inLanguage\":\"it-IT\",\"@id\":\"https:\\\/\\\/www.inmsol.com\\\/it\\\/#\\\/schema\\\/logo\\\/image\\\/\",\"url\":\"https:\\\/\\\/www.inmsol.com\\\/wp-content\\\/uploads\\\/2023\\\/06\\\/logo-inmsol-1.png\",\"contentUrl\":\"https:\\\/\\\/www.inmsol.com\\\/wp-content\\\/uploads\\\/2023\\\/06\\\/logo-inmsol-1.png\",\"width\":136,\"height\":73,\"caption\":\"Instituto Mediterr\u00e1neo Sol\"},\"image\":{\"@id\":\"https:\\\/\\\/www.inmsol.com\\\/it\\\/#\\\/schema\\\/logo\\\/image\\\/\"},\"sameAs\":[\"https:\\\/\\\/www.facebook.com\\\/spanishcourses\",\"https:\\\/\\\/x.com\\\/StudyInGranada\",\"http:\\\/\\\/instagram.com\\\/imsolgranada\",\"https:\\\/\\\/es.linkedin.com\\\/company\\\/imsol-granada\",\"https:\\\/\\\/www.pinterest.es\\\/inmsol\\\/\",\"https:\\\/\\\/www.youtube.com\\\/channel\\\/UChz-Qn_7coFMosY85iYMO4g\"]}]}<\/script>\n<!-- \/ Yoast SEO plugin. -->","yoast_head_json":{"title":"Adolescenti | iNMSOL","description":"Programma di immersione nello spagnolo per adolescenti tra i 13 e i 17 anni, nei mesi estivi! Include il corso di spagnolo e servizi complementari.","robots":{"index":"index","follow":"follow","max-snippet":"max-snippet:-1","max-image-preview":"max-image-preview:large","max-video-preview":"max-video-preview:-1"},"canonical":"https:\/\/www.inmsol.com\/it\/producto\/adolescenti\/","og_locale":"it_IT","og_type":"article","og_title":"Espa\u00f1ol para adolescentes","og_description":"Adquiere las herramientas espec\u00edficas para utilizar el espa\u00f1ol en un \u00e1mbito profesional sanitario. Consigue ser competente en experiencias profesionales sanitarias presentes o futuras.\u00a1Programa de inmersi\u00f3n en espa\u00f1ol para adolescentes de entre 13 y 17 a\u00f1os, en los meses de verano! Incluye curso de espa\u00f1ol y servicios complementarios.","og_url":"https:\/\/www.inmsol.com\/it\/producto\/adolescenti\/","og_site_name":"iNMSOL","article_publisher":"https:\/\/www.facebook.com\/spanishcourses","article_modified_time":"2026-03-27T16:57:52+00:00","og_image":[{"url":"https:\/\/www.inmsol.com\/wp-content\/uploads\/2023\/01\/Adolescentes.jpg","type":"","width":"","height":""}],"twitter_misc":{"Tempo di lettura stimato":"2 minuti"},"schema":{"@context":"https:\/\/schema.org","@graph":[{"@type":"WebPage","@id":"https:\/\/www.inmsol.com\/it\/producto\/adolescenti\/","url":"https:\/\/www.inmsol.com\/it\/producto\/adolescenti\/","name":"Adolescenti | iNMSOL","isPartOf":{"@id":"https:\/\/www.inmsol.com\/it\/#website"},"primaryImageOfPage":{"@id":"https:\/\/www.inmsol.com\/it\/producto\/adolescenti\/#primaryimage"},"image":{"@id":"https:\/\/www.inmsol.com\/it\/producto\/adolescenti\/#primaryimage"},"thumbnailUrl":"https:\/\/www.inmsol.com\/wp-content\/uploads\/2023\/01\/Adolescentes-1.jpg","datePublished":"2023-01-17T09:24:23+00:00","dateModified":"2026-03-27T16:57:52+00:00","description":"Programma di immersione nello spagnolo per adolescenti tra i 13 e i 17 anni, nei mesi estivi! Include il corso di spagnolo e servizi complementari.","breadcrumb":{"@id":"https:\/\/www.inmsol.com\/it\/producto\/adolescenti\/#breadcrumb"},"inLanguage":"it-IT","potentialAction":[{"@type":"ReadAction","target":["https:\/\/www.inmsol.com\/it\/producto\/adolescenti\/"]}]},{"@type":"ImageObject","inLanguage":"it-IT","@id":"https:\/\/www.inmsol.com\/it\/producto\/adolescenti\/#primaryimage","url":"https:\/\/www.inmsol.com\/wp-content\/uploads\/2023\/01\/Adolescentes-1.jpg","contentUrl":"https:\/\/www.inmsol.com\/wp-content\/uploads\/2023\/01\/Adolescentes-1.jpg","width":1000,"height":1000},{"@type":"BreadcrumbList","@id":"https:\/\/www.inmsol.com\/it\/producto\/adolescenti\/#breadcrumb","itemListElement":[{"@type":"ListItem","position":1,"name":"Accredited Center by Instituto Cervantes","item":"https:\/\/www.inmsol.com\/it\/pagina-ejemplo\/"},{"@type":"ListItem","position":2,"name":"Corsi","item":"https:\/\/www.inmsol.com\/it\/corsi\/"},{"@type":"ListItem","position":3,"name":"Adolescenti"}]},{"@type":"WebSite","@id":"https:\/\/www.inmsol.com\/it\/#website","url":"https:\/\/www.inmsol.com\/it\/","name":"iNMSOL","description":"Impara lo spagnolo con noi - Centro di studio accreditato con l'Istituto Cervantes","publisher":{"@id":"https:\/\/www.inmsol.com\/it\/#organization"},"potentialAction":[{"@type":"SearchAction","target":{"@type":"EntryPoint","urlTemplate":"https:\/\/www.inmsol.com\/it\/?s={search_term_string}"},"query-input":{"@type":"PropertyValueSpecification","valueRequired":true,"valueName":"search_term_string"}}],"inLanguage":"it-IT"},{"@type":"Organization","@id":"https:\/\/www.inmsol.com\/it\/#organization","name":"Instituto Mediterr\u00e1neo Sol","url":"https:\/\/www.inmsol.com\/it\/","logo":{"@type":"ImageObject","inLanguage":"it-IT","@id":"https:\/\/www.inmsol.com\/it\/#\/schema\/logo\/image\/","url":"https:\/\/www.inmsol.com\/wp-content\/uploads\/2023\/06\/logo-inmsol-1.png","contentUrl":"https:\/\/www.inmsol.com\/wp-content\/uploads\/2023\/06\/logo-inmsol-1.png","width":136,"height":73,"caption":"Instituto Mediterr\u00e1neo Sol"},"image":{"@id":"https:\/\/www.inmsol.com\/it\/#\/schema\/logo\/image\/"},"sameAs":["https:\/\/www.facebook.com\/spanishcourses","https:\/\/x.com\/StudyInGranada","http:\/\/instagram.com\/imsolgranada","https:\/\/es.linkedin.com\/company\/imsol-granada","https:\/\/www.pinterest.es\/inmsol\/","https:\/\/www.youtube.com\/channel\/UChz-Qn_7coFMosY85iYMO4g"]}]}},"_links":{"self":[{"href":"https:\/\/www.inmsol.com\/it\/wp-json\/wp\/v2\/product\/68010","targetHints":{"allow":["GET"]}}],"collection":[{"href":"https:\/\/www.inmsol.com\/it\/wp-json\/wp\/v2\/product"}],"about":[{"href":"https:\/\/www.inmsol.com\/it\/wp-json\/wp\/v2\/types\/product"}],"wp:featuredmedia":[{"embeddable":true,"href":"https:\/\/www.inmsol.com\/it\/wp-json\/wp\/v2\/media\/68065"}],"wp:attachment":[{"href":"https:\/\/www.inmsol.com\/it\/wp-json\/wp\/v2\/media?parent=68010"}],"wp:term":[{"taxonomy":"product_brand","embeddable":true,"href":"https:\/\/www.inmsol.com\/it\/wp-json\/wp\/v2\/product_brand?post=68010"},{"taxonomy":"product_cat","embeddable":true,"href":"https:\/\/www.inmsol.com\/it\/wp-json\/wp\/v2\/product_cat?post=68010"},{"taxonomy":"product_tag","embeddable":true,"href":"https:\/\/www.inmsol.com\/it\/wp-json\/wp\/v2\/product_tag?post=68010"}],"curies":[{"name":"wp","href":"https:\/\/api.w.org\/{rel}","templated":true}]}}