{"id":68197,"date":"2023-01-17T13:01:27","date_gmt":"2023-01-17T12:01:27","guid":{"rendered":"https:\/\/www.inmsol.com\/?post_type=product&#038;p=68197"},"modified":"2026-03-27T17:52:09","modified_gmt":"2026-03-27T16:52:09","slug":"formazione-ele-non-nativi-60","status":"publish","type":"product","link":"https:\/\/www.inmsol.com\/it\/producto\/formazione-ele-non-nativi-60\/","title":{"rendered":"Formazione per professori ELE (NON NATIVI) 60"},"content":{"rendered":"<div class=\"gmail_default\">\n<div class=\"gmail_default\">\n<div class=\"gmail_default\">\n<div class=\"gmail_default\">\n<div class=\"gmail_default\">\n<div class=\"gmail_default\">\n<div class=\"gmail_default\">\n<div class=\"gmail_default\">\n<div dir=\"ltr\">\n<div dir=\"ltr\">\n<div dir=\"ltr\">\n<div dir=\"ltr\">\n<div dir=\"ltr\">\n<div dir=\"ltr\">\n<div dir=\"ltr\">\n<div dir=\"ltr\">\n<div dir=\"ltr\">\n<div dir=\"ltr\">\n<div class=\"gmail_default\">\n<div class=\"gmail_default\">\n<div class=\"gmail_default\">\n<div class=\"gmail_default\">\n<div class=\"gmail_default\">\n<div class=\"gmail_default\">\n<div class=\"gmail_default\">\n<div class=\"gmail_default\">\n<div class=\"gmail_default\">\n<div class=\"gmail_default\">\n<div class=\"gmail_default\">\n<div class=\"gmail_default\">\n<div dir=\"ltr\">\n<div dir=\"ltr\">\n<div dir=\"ltr\">\n<div dir=\"ltr\">\n<div dir=\"ltr\">\n<div dir=\"ltr\">\n<div dir=\"ltr\">\n<div dir=\"ltr\">\n<div dir=\"ltr\">\n<div dir=\"ltr\">\n<div class=\"gmail_default\">\n<div class=\"gmail_default\">\n<div class=\"gmail_default\">\n<div class=\"gmail_default\">\n<div class=\"gmail_default\">\n<div class=\"gmail_default\">\n<p>Impara lo spagnolo per stranieri con il nostro corso di formazione per insegnanti ELE non madrelingua. Si effettua per 2 settimane e per realizzarlo \u00e8 necessario un <strong>livello minimo di B1.<\/strong>\u00a0 Il corso comprende 4 lezioni al giorno, organizzate come segue:<\/p>\n<ul>\n<li>4 lezioni di grammatica, didattica e cultura (a seconda dell&#8217;opzione scelta). Lezioni di 60 minuti.<img fetchpriority=\"high\" decoding=\"async\" class=\"aligncenter wp-image-68142 size-full\" title=\"Formazione per professori ELE (NON NATIVI) a Granada\" src=\"https:\/\/www.inmsol.com\/wp-content\/uploads\/2023\/01\/ELE-nativos.jpg\" alt=\"Formazione per professori ELE (NON NATIVI)\" width=\"1010\" height=\"500\" srcset=\"https:\/\/www.inmsol.com\/wp-content\/uploads\/2023\/01\/ELE-nativos.jpg 1010w, https:\/\/www.inmsol.com\/wp-content\/uploads\/2023\/01\/ELE-nativos-800x396.jpg 800w, https:\/\/www.inmsol.com\/wp-content\/uploads\/2023\/01\/ELE-nativos-64x32.jpg 64w, https:\/\/www.inmsol.com\/wp-content\/uploads\/2023\/01\/ELE-nativos-460x228.jpg 460w, https:\/\/www.inmsol.com\/wp-content\/uploads\/2023\/01\/ELE-nativos-768x380.jpg 768w, https:\/\/www.inmsol.com\/wp-content\/uploads\/2023\/01\/ELE-nativos-250x124.jpg 250w, https:\/\/www.inmsol.com\/wp-content\/uploads\/2023\/01\/ELE-nativos-600x297.jpg 600w\" sizes=\"(max-width: 1010px) 100vw, 1010px\" \/><\/li>\n<\/ul>\n<p>Puoi scegliere 3 opzioni in base alle tue esigenze:<\/p>\n<ul>\n<li><strong>OPZIONE A.<\/strong> Rivolto a insegnanti di istruzione primaria o secondaria con un livello utente indipendente (B1-Umbral) che desiderano migliorare le loro competenze grammaticali e culturali per l&#8217;insegnamento dello spagnolo.<\/li>\n<li><strong>OPZIONE B.<\/strong> Rivolto a insegnanti di spagnolo con un livello di utente indipendente (B1-Umbral B2-Avanzado) che vogliono migliorare la loro competenza grammaticale, docente e culturale per l&#8217;insegnamento dello spagnolo.\u00a0 Inoltre, a coloro che vogliono imparare le conoscenze, le abilit\u00e0, le tecniche e gli strumenti per iniziare professionalmente nell&#8217;insegnamento dello spagnolo.<\/li>\n<li><strong>OPZIONE C<\/strong>. Rivolto a docenti con un livello di utente indipendente (C1-Dominio) che desiderano conoscere o migliorare gli aspetti della didattica applicata e ampliare la conoscenza della cultura e delle tradizioni spagnole.<\/li>\n<\/ul>\n<p>L&#8217;iscrizione comprende il <em>test di livello online<\/em>, le lezioni dal luned\u00ec al venerd\u00ec, le <em>attivit\u00e0 settimanali<\/em> e il <em>certificato di partecipazione <\/em>alla fine del corso. Ogni lezione dura 45 minuti. L&#8217;opzione del corso super intensivo avr\u00e0 gli stessi contenuti ma una durata inferiore (4 settimane invece di 6).<\/p>\n<\/div>\n<\/div>\n<\/div>\n<style>\n.btn-descarga {\n    display: inline-block !important;\n    background-color: #ad0228 !important;\n    color: white !important;\n    padding: 8px 16px !important;\n    font-size: 14px !important;\n    font-weight: bold !important;\n    text-decoration: none !important;\n    border-radius: 5px !important;\n    transition: background-color 0.3s ease !important;\n    cursor: pointer !important;\n    border: none !important;\n}<\/p>\n<p>.btn-descarga:hover {\n    background-color: #8b0120 !important;\n    color: white !important;\n    text-decoration: none !important;\n}\n<\/style>\n<p><a href=\"https:\/\/www.inmsol.com\/wp-content\/uploads\/2026\/03\/Objetivos_contenidos_cursos-especificos_2026_iNMSOL.pdf\" target=\"_blank\" class=\"btn-descarga\"><br \/>\n    \ud83d\udcc4 Contenuti del corso<br \/>\n<\/a>&nbsp;<\/p>\n<div class=\"gmail_default\">\n<div class=\"gmail_default\">\n<h4>Condizioni generali d\u2019accordo con il numero di participanti ai corsi:<\/h4>\n<p>Il numero massimo di studenti per lezione dello stesso livello e con le stesse caratteristiche di corso \u00e8 di 10 mentre il minimo \u00e8 di 3. Se non si raggiunge il succitato numero minimo, si applicano le seguenti condizioni:<\/p>\n<blockquote><p><strong>1 studente o 2 studenti:<\/strong> il partecipante riceve il 50% delle lezioni individuali (1 professore\/ 1 studente) o semiprivate (1 professore\/ 2 studenti), accordate sulla base del suo livello e necessit\u00e0. In nessun caso gli \u00e8 richiesto di pagare la differenza di prezzo.<\/p>\n<p><strong>Da 3 studenti in s\u00f9<\/strong>: i partecipanti riceveranno il 100% delle lezioni accordate in gruppo.<\/p><\/blockquote>\n<div class=\"gmail_default\">\n<p>Consulta i nostri <a href=\"https:\/\/www.inmsol.com\/it\/informazioni-e-condizioni-generali\/\" target=\"_blank\" rel=\"noopener\">termini e condizioni<\/a>!<\/p>\n<\/div>\n<\/div>\n<\/div>\n<\/div>\n<\/div>\n<\/div>\n<\/div>\n<\/div>\n<\/div>\n<\/div>\n<\/div>\n<\/div>\n<\/div>\n<\/div>\n<\/div>\n<\/div>\n<\/div>\n<\/div>\n<\/div>\n<\/div>\n<\/div>\n<\/div>\n<\/div>\n<\/div>\n<\/div>\n<\/div>\n<\/div>\n<\/div>\n<\/div>\n<\/div>\n<\/div>\n<\/div>\n<\/div>\n<\/div>\n<\/div>\n<\/div>\n<\/div>\n<\/div>\n<\/div>\n<\/div>\n<\/div>\n<\/div>\n<\/div>\n<\/div>\n<\/div>\n<\/div>\n","protected":false},"excerpt":{"rendered":"<p>Corso di formazione per insegnanti ELE non madrelingua, 4 lezioni\/giorno. Lezioni di 60 minuti.<\/p>\n","protected":false},"featured_media":68213,"template":"","meta":{"_acf_changed":false},"product_brand":[],"product_cat":[957,952,959,958,1197],"product_tag":[],"class_list":{"0":"post-68197","1":"product","2":"type-product","3":"status-publish","4":"has-post-thumbnail","6":"product_cat-b1-it","7":"product_cat-b2-it","8":"product_cat-c1-it","9":"product_cat-c2-it","10":"product_cat-formazione-ele","12":"first","13":"instock","14":"sold-individually","15":"purchasable","16":"product-type-variable"},"acf":[],"yoast_head":"<!-- This site is optimized with the Yoast SEO plugin v27.4 - https:\/\/yoast.com\/product\/yoast-seo-wordpress\/ -->\n<title>Formazione per professori ELE (NON NATIVI) 60 | iNMSOL<\/title>\n<meta name=\"description\" content=\"Corso di formazione generale in didattica di ELE che risponde alle esigenze formative di insegnanti non madrelingua di spagnolo.\" \/>\n<meta name=\"robots\" content=\"index, follow, max-snippet:-1, max-image-preview:large, max-video-preview:-1\" \/>\n<link rel=\"canonical\" href=\"https:\/\/www.inmsol.com\/it\/producto\/formazione-ele-non-nativi-60\/\" \/>\n<meta property=\"og:locale\" content=\"it_IT\" \/>\n<meta property=\"og:type\" content=\"article\" \/>\n<meta property=\"og:title\" content=\"Formaci\u00f3n para profesores de ELE no nativos\" \/>\n<meta property=\"og:description\" content=\"Curso de formaci\u00f3n general en did\u00e1ctica de ELE que atiende a las necesidades formativas de profesores no nativos de espa\u00f1ol.\" \/>\n<meta property=\"og:url\" content=\"https:\/\/www.inmsol.com\/it\/producto\/formazione-ele-non-nativi-60\/\" \/>\n<meta property=\"og:site_name\" content=\"iNMSOL\" \/>\n<meta property=\"article:publisher\" content=\"https:\/\/www.facebook.com\/spanishcourses\" \/>\n<meta property=\"article:modified_time\" content=\"2026-03-27T16:52:09+00:00\" \/>\n<meta property=\"og:image\" content=\"https:\/\/www.inmsol.com\/wp-content\/uploads\/2023\/01\/ELE-nativos.jpg\" \/>\n<meta name=\"twitter:label1\" content=\"Tempo di lettura stimato\" \/>\n\t<meta name=\"twitter:data1\" content=\"2 minuti\" \/>\n<script type=\"application\/ld+json\" class=\"yoast-schema-graph\">{\"@context\":\"https:\\\/\\\/schema.org\",\"@graph\":[{\"@type\":\"WebPage\",\"@id\":\"https:\\\/\\\/www.inmsol.com\\\/it\\\/producto\\\/formazione-ele-non-nativi-60\\\/\",\"url\":\"https:\\\/\\\/www.inmsol.com\\\/it\\\/producto\\\/formazione-ele-non-nativi-60\\\/\",\"name\":\"Formazione per professori ELE (NON NATIVI) 60 | iNMSOL\",\"isPartOf\":{\"@id\":\"https:\\\/\\\/www.inmsol.com\\\/it\\\/#website\"},\"primaryImageOfPage\":{\"@id\":\"https:\\\/\\\/www.inmsol.com\\\/it\\\/producto\\\/formazione-ele-non-nativi-60\\\/#primaryimage\"},\"image\":{\"@id\":\"https:\\\/\\\/www.inmsol.com\\\/it\\\/producto\\\/formazione-ele-non-nativi-60\\\/#primaryimage\"},\"thumbnailUrl\":\"https:\\\/\\\/www.inmsol.com\\\/wp-content\\\/uploads\\\/2023\\\/01\\\/ELE-no-nativos-60.jpg\",\"datePublished\":\"2023-01-17T12:01:27+00:00\",\"dateModified\":\"2026-03-27T16:52:09+00:00\",\"description\":\"Corso di formazione generale in didattica di ELE che risponde alle esigenze formative di insegnanti non madrelingua di spagnolo.\",\"breadcrumb\":{\"@id\":\"https:\\\/\\\/www.inmsol.com\\\/it\\\/producto\\\/formazione-ele-non-nativi-60\\\/#breadcrumb\"},\"inLanguage\":\"it-IT\",\"potentialAction\":[{\"@type\":\"ReadAction\",\"target\":[\"https:\\\/\\\/www.inmsol.com\\\/it\\\/producto\\\/formazione-ele-non-nativi-60\\\/\"]}]},{\"@type\":\"ImageObject\",\"inLanguage\":\"it-IT\",\"@id\":\"https:\\\/\\\/www.inmsol.com\\\/it\\\/producto\\\/formazione-ele-non-nativi-60\\\/#primaryimage\",\"url\":\"https:\\\/\\\/www.inmsol.com\\\/wp-content\\\/uploads\\\/2023\\\/01\\\/ELE-no-nativos-60.jpg\",\"contentUrl\":\"https:\\\/\\\/www.inmsol.com\\\/wp-content\\\/uploads\\\/2023\\\/01\\\/ELE-no-nativos-60.jpg\",\"width\":1000,\"height\":1000},{\"@type\":\"BreadcrumbList\",\"@id\":\"https:\\\/\\\/www.inmsol.com\\\/it\\\/producto\\\/formazione-ele-non-nativi-60\\\/#breadcrumb\",\"itemListElement\":[{\"@type\":\"ListItem\",\"position\":1,\"name\":\"Accredited Center by Instituto Cervantes\",\"item\":\"https:\\\/\\\/www.inmsol.com\\\/it\\\/pagina-ejemplo\\\/\"},{\"@type\":\"ListItem\",\"position\":2,\"name\":\"Corsi\",\"item\":\"https:\\\/\\\/www.inmsol.com\\\/it\\\/corsi\\\/\"},{\"@type\":\"ListItem\",\"position\":3,\"name\":\"Formazione per professori ELE (NON NATIVI) 60\"}]},{\"@type\":\"WebSite\",\"@id\":\"https:\\\/\\\/www.inmsol.com\\\/it\\\/#website\",\"url\":\"https:\\\/\\\/www.inmsol.com\\\/it\\\/\",\"name\":\"iNMSOL\",\"description\":\"Impara lo spagnolo con noi - Centro di studio accreditato con l'Istituto Cervantes\",\"publisher\":{\"@id\":\"https:\\\/\\\/www.inmsol.com\\\/it\\\/#organization\"},\"potentialAction\":[{\"@type\":\"SearchAction\",\"target\":{\"@type\":\"EntryPoint\",\"urlTemplate\":\"https:\\\/\\\/www.inmsol.com\\\/it\\\/?s={search_term_string}\"},\"query-input\":{\"@type\":\"PropertyValueSpecification\",\"valueRequired\":true,\"valueName\":\"search_term_string\"}}],\"inLanguage\":\"it-IT\"},{\"@type\":\"Organization\",\"@id\":\"https:\\\/\\\/www.inmsol.com\\\/it\\\/#organization\",\"name\":\"Instituto Mediterr\u00e1neo Sol\",\"url\":\"https:\\\/\\\/www.inmsol.com\\\/it\\\/\",\"logo\":{\"@type\":\"ImageObject\",\"inLanguage\":\"it-IT\",\"@id\":\"https:\\\/\\\/www.inmsol.com\\\/it\\\/#\\\/schema\\\/logo\\\/image\\\/\",\"url\":\"https:\\\/\\\/www.inmsol.com\\\/wp-content\\\/uploads\\\/2023\\\/06\\\/logo-inmsol-1.png\",\"contentUrl\":\"https:\\\/\\\/www.inmsol.com\\\/wp-content\\\/uploads\\\/2023\\\/06\\\/logo-inmsol-1.png\",\"width\":136,\"height\":73,\"caption\":\"Instituto Mediterr\u00e1neo Sol\"},\"image\":{\"@id\":\"https:\\\/\\\/www.inmsol.com\\\/it\\\/#\\\/schema\\\/logo\\\/image\\\/\"},\"sameAs\":[\"https:\\\/\\\/www.facebook.com\\\/spanishcourses\",\"https:\\\/\\\/x.com\\\/StudyInGranada\",\"http:\\\/\\\/instagram.com\\\/imsolgranada\",\"https:\\\/\\\/es.linkedin.com\\\/company\\\/imsol-granada\",\"https:\\\/\\\/www.pinterest.es\\\/inmsol\\\/\",\"https:\\\/\\\/www.youtube.com\\\/channel\\\/UChz-Qn_7coFMosY85iYMO4g\"]}]}<\/script>\n<!-- \/ Yoast SEO plugin. -->","yoast_head_json":{"title":"Formazione per professori ELE (NON NATIVI) 60 | iNMSOL","description":"Corso di formazione generale in didattica di ELE che risponde alle esigenze formative di insegnanti non madrelingua di spagnolo.","robots":{"index":"index","follow":"follow","max-snippet":"max-snippet:-1","max-image-preview":"max-image-preview:large","max-video-preview":"max-video-preview:-1"},"canonical":"https:\/\/www.inmsol.com\/it\/producto\/formazione-ele-non-nativi-60\/","og_locale":"it_IT","og_type":"article","og_title":"Formaci\u00f3n para profesores de ELE no nativos","og_description":"Curso de formaci\u00f3n general en did\u00e1ctica de ELE que atiende a las necesidades formativas de profesores no nativos de espa\u00f1ol.","og_url":"https:\/\/www.inmsol.com\/it\/producto\/formazione-ele-non-nativi-60\/","og_site_name":"iNMSOL","article_publisher":"https:\/\/www.facebook.com\/spanishcourses","article_modified_time":"2026-03-27T16:52:09+00:00","og_image":[{"url":"https:\/\/www.inmsol.com\/wp-content\/uploads\/2023\/01\/ELE-nativos.jpg","type":"","width":"","height":""}],"twitter_misc":{"Tempo di lettura stimato":"2 minuti"},"schema":{"@context":"https:\/\/schema.org","@graph":[{"@type":"WebPage","@id":"https:\/\/www.inmsol.com\/it\/producto\/formazione-ele-non-nativi-60\/","url":"https:\/\/www.inmsol.com\/it\/producto\/formazione-ele-non-nativi-60\/","name":"Formazione per professori ELE (NON NATIVI) 60 | iNMSOL","isPartOf":{"@id":"https:\/\/www.inmsol.com\/it\/#website"},"primaryImageOfPage":{"@id":"https:\/\/www.inmsol.com\/it\/producto\/formazione-ele-non-nativi-60\/#primaryimage"},"image":{"@id":"https:\/\/www.inmsol.com\/it\/producto\/formazione-ele-non-nativi-60\/#primaryimage"},"thumbnailUrl":"https:\/\/www.inmsol.com\/wp-content\/uploads\/2023\/01\/ELE-no-nativos-60.jpg","datePublished":"2023-01-17T12:01:27+00:00","dateModified":"2026-03-27T16:52:09+00:00","description":"Corso di formazione generale in didattica di ELE che risponde alle esigenze formative di insegnanti non madrelingua di spagnolo.","breadcrumb":{"@id":"https:\/\/www.inmsol.com\/it\/producto\/formazione-ele-non-nativi-60\/#breadcrumb"},"inLanguage":"it-IT","potentialAction":[{"@type":"ReadAction","target":["https:\/\/www.inmsol.com\/it\/producto\/formazione-ele-non-nativi-60\/"]}]},{"@type":"ImageObject","inLanguage":"it-IT","@id":"https:\/\/www.inmsol.com\/it\/producto\/formazione-ele-non-nativi-60\/#primaryimage","url":"https:\/\/www.inmsol.com\/wp-content\/uploads\/2023\/01\/ELE-no-nativos-60.jpg","contentUrl":"https:\/\/www.inmsol.com\/wp-content\/uploads\/2023\/01\/ELE-no-nativos-60.jpg","width":1000,"height":1000},{"@type":"BreadcrumbList","@id":"https:\/\/www.inmsol.com\/it\/producto\/formazione-ele-non-nativi-60\/#breadcrumb","itemListElement":[{"@type":"ListItem","position":1,"name":"Accredited Center by Instituto Cervantes","item":"https:\/\/www.inmsol.com\/it\/pagina-ejemplo\/"},{"@type":"ListItem","position":2,"name":"Corsi","item":"https:\/\/www.inmsol.com\/it\/corsi\/"},{"@type":"ListItem","position":3,"name":"Formazione per professori ELE (NON NATIVI) 60"}]},{"@type":"WebSite","@id":"https:\/\/www.inmsol.com\/it\/#website","url":"https:\/\/www.inmsol.com\/it\/","name":"iNMSOL","description":"Impara lo spagnolo con noi - Centro di studio accreditato con l'Istituto Cervantes","publisher":{"@id":"https:\/\/www.inmsol.com\/it\/#organization"},"potentialAction":[{"@type":"SearchAction","target":{"@type":"EntryPoint","urlTemplate":"https:\/\/www.inmsol.com\/it\/?s={search_term_string}"},"query-input":{"@type":"PropertyValueSpecification","valueRequired":true,"valueName":"search_term_string"}}],"inLanguage":"it-IT"},{"@type":"Organization","@id":"https:\/\/www.inmsol.com\/it\/#organization","name":"Instituto Mediterr\u00e1neo Sol","url":"https:\/\/www.inmsol.com\/it\/","logo":{"@type":"ImageObject","inLanguage":"it-IT","@id":"https:\/\/www.inmsol.com\/it\/#\/schema\/logo\/image\/","url":"https:\/\/www.inmsol.com\/wp-content\/uploads\/2023\/06\/logo-inmsol-1.png","contentUrl":"https:\/\/www.inmsol.com\/wp-content\/uploads\/2023\/06\/logo-inmsol-1.png","width":136,"height":73,"caption":"Instituto Mediterr\u00e1neo Sol"},"image":{"@id":"https:\/\/www.inmsol.com\/it\/#\/schema\/logo\/image\/"},"sameAs":["https:\/\/www.facebook.com\/spanishcourses","https:\/\/x.com\/StudyInGranada","http:\/\/instagram.com\/imsolgranada","https:\/\/es.linkedin.com\/company\/imsol-granada","https:\/\/www.pinterest.es\/inmsol\/","https:\/\/www.youtube.com\/channel\/UChz-Qn_7coFMosY85iYMO4g"]}]}},"_links":{"self":[{"href":"https:\/\/www.inmsol.com\/it\/wp-json\/wp\/v2\/product\/68197","targetHints":{"allow":["GET"]}}],"collection":[{"href":"https:\/\/www.inmsol.com\/it\/wp-json\/wp\/v2\/product"}],"about":[{"href":"https:\/\/www.inmsol.com\/it\/wp-json\/wp\/v2\/types\/product"}],"wp:featuredmedia":[{"embeddable":true,"href":"https:\/\/www.inmsol.com\/it\/wp-json\/wp\/v2\/media\/68213"}],"wp:attachment":[{"href":"https:\/\/www.inmsol.com\/it\/wp-json\/wp\/v2\/media?parent=68197"}],"wp:term":[{"taxonomy":"product_brand","embeddable":true,"href":"https:\/\/www.inmsol.com\/it\/wp-json\/wp\/v2\/product_brand?post=68197"},{"taxonomy":"product_cat","embeddable":true,"href":"https:\/\/www.inmsol.com\/it\/wp-json\/wp\/v2\/product_cat?post=68197"},{"taxonomy":"product_tag","embeddable":true,"href":"https:\/\/www.inmsol.com\/it\/wp-json\/wp\/v2\/product_tag?post=68197"}],"curies":[{"name":"wp","href":"https:\/\/api.w.org\/{rel}","templated":true}]}}