{"id":69180,"date":"2023-01-11T17:31:55","date_gmt":"2023-01-11T16:31:55","guid":{"rendered":"https:\/\/www.inmsol.com\/?post_type=product&#038;p=69180"},"modified":"2026-03-30T15:52:02","modified_gmt":"2026-03-30T13:52:02","slug":"preparazione-siele-20","status":"publish","type":"product","link":"https:\/\/www.inmsol.com\/it\/producto\/preparazione-siele-20\/","title":{"rendered":"Preparazione al SIELE 20"},"content":{"rendered":"<p>Corso composto da 4 lezioni al giorno, tenuto da esaminatori ufficiali e il cui contenuto si basa sullo studio delle prove ufficiali dell&#8217;esame del SIELE (Servicio Internacional de Evaluaci\u00f3n de la Lengua Espa\u00f1ola):<\/p>\n<ul>\n<li>Comprensione scritta<\/li>\n<li>Espressione e interazione scritte<\/li>\n<li>Comprensione orale<\/li>\n<li>Espressione e interazione orali<\/li>\n<\/ul>\n<p><a href=\"https:\/\/www.inmsol.com\/wp-content\/uploads\/2023\/01\/4.-Curso-extensivo.jpg\" target=\"_blank\" rel=\"noopener\"><img fetchpriority=\"high\" decoding=\"async\" class=\"aligncenter wp-image-65285 size-full\" title=\"Preprazione al SIELE a Granada\" src=\"https:\/\/www.inmsol.com\/wp-content\/uploads\/2023\/01\/4.-Curso-extensivo.jpg\" alt=\"Preprazione al SIELE a Granada\" width=\"1010\" height=\"500\" srcset=\"https:\/\/www.inmsol.com\/wp-content\/uploads\/2023\/01\/4.-Curso-extensivo.jpg 1010w, https:\/\/www.inmsol.com\/wp-content\/uploads\/2023\/01\/4.-Curso-extensivo-800x396.jpg 800w, https:\/\/www.inmsol.com\/wp-content\/uploads\/2023\/01\/4.-Curso-extensivo-64x32.jpg 64w, https:\/\/www.inmsol.com\/wp-content\/uploads\/2023\/01\/4.-Curso-extensivo-460x228.jpg 460w, https:\/\/www.inmsol.com\/wp-content\/uploads\/2023\/01\/4.-Curso-extensivo-768x380.jpg 768w, https:\/\/www.inmsol.com\/wp-content\/uploads\/2023\/01\/4.-Curso-extensivo-250x124.jpg 250w, https:\/\/www.inmsol.com\/wp-content\/uploads\/2023\/01\/4.-Curso-extensivo-600x297.jpg 600w\" sizes=\"(max-width: 1010px) 100vw, 1010px\" \/><\/a><\/p>\n<p>Le lezioni si terranno interamente in spagnolo, fin dal primo giorno. L&#8217;immatricolazione include il test di livello online, lezioni dal luned\u00ec al venerd\u00ec, attivit\u00e0 settimanali e il certificato di assistenza alla fine del corso.\u00a0 Ogni lezione ha una durata di 45 minuti.<\/p>\n<style>\n.btn-descarga {<br \/>    display: inline-block !important;<br \/>    background-color: #ad0228 !important;<br \/>    color: white !important;<br \/>    padding: 8px 16px !important;<br \/>    font-size: 14px !important;<br \/>    font-weight: bold !important;<br \/>    text-decoration: none !important;<br \/>    border-radius: 5px !important;<br \/>    transition: background-color 0.3s ease !important;<br \/>    cursor: pointer !important;<br \/>    border: none !important;<br \/>}<\/p>\n<p>.btn-descarga:hover {<br \/>    background-color: #8b0120 !important;<br \/>    color: white !important;<br \/>    text-decoration: none !important;<br \/>}<br \/><\/style>\n<p><a class=\"btn-descarga\" href=\"https:\/\/www.inmsol.com\/wp-content\/uploads\/2026\/03\/Objetivos_contenidos_cursos-especificos_2026_iNMSOL.pdf\" target=\"_blank\" rel=\"noopener\"><br \/>\n\ud83d\udcc4 Contenuti del Corso<br \/>\n<\/a><\/p>\n<p>&nbsp;<\/p>\n<p><strong>Questo corso non include l&#8217;iscrizione all&#8217;esame SIELE<\/strong>, per\u00f2 possiamo aiutarti a fare l&#8217;iscrizione affinch\u00e8 tu possa sostenere l&#8217;esame presso il nostro centro.<\/p>\n<h4>Condizioni generali d\u2019accordo con il numero di participanti ai corsi:<\/h4>\n<p><strong>Corsi di preparazioni al SIELE da 4 lezioni al giorno:<\/strong><\/p>\n<blockquote><p><strong>1 studente o 2 studenti:<\/strong> il partecipante riceve il 50% delle lezioni individuali (1 professore\/ 1 studente) o semiprivate (1 professore\/ 2 studenti), sulla base del suo livello e necessit\u00e0. In nessun caso gli \u00e8 richiesto di pagare la differenza di prezzo. Qualora ci fosse un corso di grammatica o conversazione (2 lezioni\/ giorno) a cui lo studente possa partecipare, verrebbe invitato a inserirsi per il numero di lezioni sottratte dal suo corso di preparazione al SIELE, in aggiunta alle lezioni individuali. Se lo studente vuole partecipare solamente alle lezioni di preparazione, dovr\u00e1 pagare il prezzo del corso da 2 lezioni al giorno<\/p>\n<p><strong> Da 3 studenti in s\u00f9:<\/strong> i partecipanti riceveranno il 100% delle lezioni accordate in gruppo.<\/p><\/blockquote>\n<p>&nbsp;<\/p>\n<p>Consulta i nostri <a href=\"https:\/\/www.inmsol.com\/it\/informazioni-e-condizioni-generali\/\" target=\"_blank\" rel=\"noopener\">termini e condizioni<\/a>!<\/p>\n","protected":false},"excerpt":{"rendered":"<p>Preparazione al SIELE 20 lezioni\/settimana<\/p>\n","protected":false},"featured_media":65440,"template":"","meta":{"_acf_changed":false},"product_brand":[],"product_cat":[954,953,957,952,959,958,1245],"product_tag":[],"class_list":{"0":"post-69180","1":"product","2":"type-product","3":"status-publish","4":"has-post-thumbnail","6":"product_cat-a1-it","7":"product_cat-a2-it","8":"product_cat-b1-it","9":"product_cat-b2-it","10":"product_cat-c1-it","11":"product_cat-c2-it","12":"product_cat-preparazione-dele","14":"first","15":"instock","16":"sold-individually","17":"shipping-taxable","18":"purchasable","19":"product-type-variable"},"acf":[],"yoast_head":"<!-- This site is optimized with the Yoast SEO plugin v27.4 - https:\/\/yoast.com\/product\/yoast-seo-wordpress\/ -->\n<title>Preparazione al SIELE 20 &#8226; iNMSOL<\/title>\n<meta name=\"description\" content=\"Prepara il tuo esame SIELE con i nostri professori nativi. I professori sono esaminatori ufficiali e hanno esperienza in questi esami.\" \/>\n<meta name=\"robots\" content=\"index, follow, max-snippet:-1, max-image-preview:large, max-video-preview:-1\" \/>\n<link rel=\"canonical\" href=\"https:\/\/www.inmsol.com\/it\/producto\/preparazione-siele-20\/\" \/>\n<meta property=\"og:locale\" content=\"it_IT\" \/>\n<meta property=\"og:type\" content=\"article\" \/>\n<meta property=\"og:title\" content=\"Preparazione al SIELE 20 &#8226; iNMSOL\" \/>\n<meta property=\"og:description\" content=\"Prepara il tuo esame SIELE con i nostri professori nativi. I professori sono esaminatori ufficiali e hanno esperienza in questi esami.\" \/>\n<meta property=\"og:url\" content=\"https:\/\/www.inmsol.com\/it\/producto\/preparazione-siele-20\/\" \/>\n<meta property=\"og:site_name\" content=\"iNMSOL\" \/>\n<meta property=\"article:publisher\" content=\"https:\/\/www.facebook.com\/spanishcourses\" \/>\n<meta property=\"article:modified_time\" content=\"2026-03-30T13:52:02+00:00\" \/>\n<meta property=\"og:image\" content=\"https:\/\/www.inmsol.com\/wp-content\/uploads\/2023\/01\/Curso-preparacion-SIELE-20.jpg\" \/>\n\t<meta property=\"og:image:width\" content=\"1000\" \/>\n\t<meta property=\"og:image:height\" content=\"1000\" \/>\n\t<meta property=\"og:image:type\" content=\"image\/jpeg\" \/>\n<meta name=\"twitter:label1\" content=\"Tempo di lettura stimato\" \/>\n\t<meta name=\"twitter:data1\" content=\"2 minuti\" \/>\n<script type=\"application\/ld+json\" class=\"yoast-schema-graph\">{\"@context\":\"https:\\\/\\\/schema.org\",\"@graph\":[{\"@type\":\"WebPage\",\"@id\":\"https:\\\/\\\/www.inmsol.com\\\/it\\\/producto\\\/preparazione-siele-20\\\/\",\"url\":\"https:\\\/\\\/www.inmsol.com\\\/it\\\/producto\\\/preparazione-siele-20\\\/\",\"name\":\"Preparazione al SIELE 20 &#8226; iNMSOL\",\"isPartOf\":{\"@id\":\"https:\\\/\\\/www.inmsol.com\\\/it\\\/#website\"},\"primaryImageOfPage\":{\"@id\":\"https:\\\/\\\/www.inmsol.com\\\/it\\\/producto\\\/preparazione-siele-20\\\/#primaryimage\"},\"image\":{\"@id\":\"https:\\\/\\\/www.inmsol.com\\\/it\\\/producto\\\/preparazione-siele-20\\\/#primaryimage\"},\"thumbnailUrl\":\"https:\\\/\\\/www.inmsol.com\\\/wp-content\\\/uploads\\\/2023\\\/01\\\/Curso-preparacion-SIELE-20.jpg\",\"datePublished\":\"2023-01-11T16:31:55+00:00\",\"dateModified\":\"2026-03-30T13:52:02+00:00\",\"description\":\"Prepara il tuo esame SIELE con i nostri professori nativi. I professori sono esaminatori ufficiali e hanno esperienza in questi esami.\",\"breadcrumb\":{\"@id\":\"https:\\\/\\\/www.inmsol.com\\\/it\\\/producto\\\/preparazione-siele-20\\\/#breadcrumb\"},\"inLanguage\":\"it-IT\",\"potentialAction\":[{\"@type\":\"ReadAction\",\"target\":[\"https:\\\/\\\/www.inmsol.com\\\/it\\\/producto\\\/preparazione-siele-20\\\/\"]}]},{\"@type\":\"ImageObject\",\"inLanguage\":\"it-IT\",\"@id\":\"https:\\\/\\\/www.inmsol.com\\\/it\\\/producto\\\/preparazione-siele-20\\\/#primaryimage\",\"url\":\"https:\\\/\\\/www.inmsol.com\\\/wp-content\\\/uploads\\\/2023\\\/01\\\/Curso-preparacion-SIELE-20.jpg\",\"contentUrl\":\"https:\\\/\\\/www.inmsol.com\\\/wp-content\\\/uploads\\\/2023\\\/01\\\/Curso-preparacion-SIELE-20.jpg\",\"width\":1000,\"height\":1000},{\"@type\":\"BreadcrumbList\",\"@id\":\"https:\\\/\\\/www.inmsol.com\\\/it\\\/producto\\\/preparazione-siele-20\\\/#breadcrumb\",\"itemListElement\":[{\"@type\":\"ListItem\",\"position\":1,\"name\":\"Accredited Center by Instituto Cervantes\",\"item\":\"https:\\\/\\\/www.inmsol.com\\\/it\\\/pagina-ejemplo\\\/\"},{\"@type\":\"ListItem\",\"position\":2,\"name\":\"Corsi\",\"item\":\"https:\\\/\\\/www.inmsol.com\\\/it\\\/corsi\\\/\"},{\"@type\":\"ListItem\",\"position\":3,\"name\":\"Preparazione al SIELE 20\"}]},{\"@type\":\"WebSite\",\"@id\":\"https:\\\/\\\/www.inmsol.com\\\/it\\\/#website\",\"url\":\"https:\\\/\\\/www.inmsol.com\\\/it\\\/\",\"name\":\"iNMSOL\",\"description\":\"Impara lo spagnolo con noi - Centro di studio accreditato con l'Istituto Cervantes\",\"publisher\":{\"@id\":\"https:\\\/\\\/www.inmsol.com\\\/it\\\/#organization\"},\"potentialAction\":[{\"@type\":\"SearchAction\",\"target\":{\"@type\":\"EntryPoint\",\"urlTemplate\":\"https:\\\/\\\/www.inmsol.com\\\/it\\\/?s={search_term_string}\"},\"query-input\":{\"@type\":\"PropertyValueSpecification\",\"valueRequired\":true,\"valueName\":\"search_term_string\"}}],\"inLanguage\":\"it-IT\"},{\"@type\":\"Organization\",\"@id\":\"https:\\\/\\\/www.inmsol.com\\\/it\\\/#organization\",\"name\":\"Instituto Mediterr\u00e1neo Sol\",\"url\":\"https:\\\/\\\/www.inmsol.com\\\/it\\\/\",\"logo\":{\"@type\":\"ImageObject\",\"inLanguage\":\"it-IT\",\"@id\":\"https:\\\/\\\/www.inmsol.com\\\/it\\\/#\\\/schema\\\/logo\\\/image\\\/\",\"url\":\"https:\\\/\\\/www.inmsol.com\\\/wp-content\\\/uploads\\\/2023\\\/06\\\/logo-inmsol-1.png\",\"contentUrl\":\"https:\\\/\\\/www.inmsol.com\\\/wp-content\\\/uploads\\\/2023\\\/06\\\/logo-inmsol-1.png\",\"width\":136,\"height\":73,\"caption\":\"Instituto Mediterr\u00e1neo Sol\"},\"image\":{\"@id\":\"https:\\\/\\\/www.inmsol.com\\\/it\\\/#\\\/schema\\\/logo\\\/image\\\/\"},\"sameAs\":[\"https:\\\/\\\/www.facebook.com\\\/spanishcourses\",\"https:\\\/\\\/x.com\\\/StudyInGranada\",\"http:\\\/\\\/instagram.com\\\/imsolgranada\",\"https:\\\/\\\/es.linkedin.com\\\/company\\\/imsol-granada\",\"https:\\\/\\\/www.pinterest.es\\\/inmsol\\\/\",\"https:\\\/\\\/www.youtube.com\\\/channel\\\/UChz-Qn_7coFMosY85iYMO4g\"]}]}<\/script>\n<!-- \/ Yoast SEO plugin. -->","yoast_head_json":{"title":"Preparazione al SIELE 20 &#8226; iNMSOL","description":"Prepara il tuo esame SIELE con i nostri professori nativi. I professori sono esaminatori ufficiali e hanno esperienza in questi esami.","robots":{"index":"index","follow":"follow","max-snippet":"max-snippet:-1","max-image-preview":"max-image-preview:large","max-video-preview":"max-video-preview:-1"},"canonical":"https:\/\/www.inmsol.com\/it\/producto\/preparazione-siele-20\/","og_locale":"it_IT","og_type":"article","og_title":"Preparazione al SIELE 20 &#8226; iNMSOL","og_description":"Prepara il tuo esame SIELE con i nostri professori nativi. I professori sono esaminatori ufficiali e hanno esperienza in questi esami.","og_url":"https:\/\/www.inmsol.com\/it\/producto\/preparazione-siele-20\/","og_site_name":"iNMSOL","article_publisher":"https:\/\/www.facebook.com\/spanishcourses","article_modified_time":"2026-03-30T13:52:02+00:00","og_image":[{"width":1000,"height":1000,"url":"https:\/\/www.inmsol.com\/wp-content\/uploads\/2023\/01\/Curso-preparacion-SIELE-20.jpg","type":"image\/jpeg"}],"twitter_misc":{"Tempo di lettura stimato":"2 minuti"},"schema":{"@context":"https:\/\/schema.org","@graph":[{"@type":"WebPage","@id":"https:\/\/www.inmsol.com\/it\/producto\/preparazione-siele-20\/","url":"https:\/\/www.inmsol.com\/it\/producto\/preparazione-siele-20\/","name":"Preparazione al SIELE 20 &#8226; iNMSOL","isPartOf":{"@id":"https:\/\/www.inmsol.com\/it\/#website"},"primaryImageOfPage":{"@id":"https:\/\/www.inmsol.com\/it\/producto\/preparazione-siele-20\/#primaryimage"},"image":{"@id":"https:\/\/www.inmsol.com\/it\/producto\/preparazione-siele-20\/#primaryimage"},"thumbnailUrl":"https:\/\/www.inmsol.com\/wp-content\/uploads\/2023\/01\/Curso-preparacion-SIELE-20.jpg","datePublished":"2023-01-11T16:31:55+00:00","dateModified":"2026-03-30T13:52:02+00:00","description":"Prepara il tuo esame SIELE con i nostri professori nativi. I professori sono esaminatori ufficiali e hanno esperienza in questi esami.","breadcrumb":{"@id":"https:\/\/www.inmsol.com\/it\/producto\/preparazione-siele-20\/#breadcrumb"},"inLanguage":"it-IT","potentialAction":[{"@type":"ReadAction","target":["https:\/\/www.inmsol.com\/it\/producto\/preparazione-siele-20\/"]}]},{"@type":"ImageObject","inLanguage":"it-IT","@id":"https:\/\/www.inmsol.com\/it\/producto\/preparazione-siele-20\/#primaryimage","url":"https:\/\/www.inmsol.com\/wp-content\/uploads\/2023\/01\/Curso-preparacion-SIELE-20.jpg","contentUrl":"https:\/\/www.inmsol.com\/wp-content\/uploads\/2023\/01\/Curso-preparacion-SIELE-20.jpg","width":1000,"height":1000},{"@type":"BreadcrumbList","@id":"https:\/\/www.inmsol.com\/it\/producto\/preparazione-siele-20\/#breadcrumb","itemListElement":[{"@type":"ListItem","position":1,"name":"Accredited Center by Instituto Cervantes","item":"https:\/\/www.inmsol.com\/it\/pagina-ejemplo\/"},{"@type":"ListItem","position":2,"name":"Corsi","item":"https:\/\/www.inmsol.com\/it\/corsi\/"},{"@type":"ListItem","position":3,"name":"Preparazione al SIELE 20"}]},{"@type":"WebSite","@id":"https:\/\/www.inmsol.com\/it\/#website","url":"https:\/\/www.inmsol.com\/it\/","name":"iNMSOL","description":"Impara lo spagnolo con noi - Centro di studio accreditato con l'Istituto Cervantes","publisher":{"@id":"https:\/\/www.inmsol.com\/it\/#organization"},"potentialAction":[{"@type":"SearchAction","target":{"@type":"EntryPoint","urlTemplate":"https:\/\/www.inmsol.com\/it\/?s={search_term_string}"},"query-input":{"@type":"PropertyValueSpecification","valueRequired":true,"valueName":"search_term_string"}}],"inLanguage":"it-IT"},{"@type":"Organization","@id":"https:\/\/www.inmsol.com\/it\/#organization","name":"Instituto Mediterr\u00e1neo Sol","url":"https:\/\/www.inmsol.com\/it\/","logo":{"@type":"ImageObject","inLanguage":"it-IT","@id":"https:\/\/www.inmsol.com\/it\/#\/schema\/logo\/image\/","url":"https:\/\/www.inmsol.com\/wp-content\/uploads\/2023\/06\/logo-inmsol-1.png","contentUrl":"https:\/\/www.inmsol.com\/wp-content\/uploads\/2023\/06\/logo-inmsol-1.png","width":136,"height":73,"caption":"Instituto Mediterr\u00e1neo Sol"},"image":{"@id":"https:\/\/www.inmsol.com\/it\/#\/schema\/logo\/image\/"},"sameAs":["https:\/\/www.facebook.com\/spanishcourses","https:\/\/x.com\/StudyInGranada","http:\/\/instagram.com\/imsolgranada","https:\/\/es.linkedin.com\/company\/imsol-granada","https:\/\/www.pinterest.es\/inmsol\/","https:\/\/www.youtube.com\/channel\/UChz-Qn_7coFMosY85iYMO4g"]}]}},"_links":{"self":[{"href":"https:\/\/www.inmsol.com\/it\/wp-json\/wp\/v2\/product\/69180","targetHints":{"allow":["GET"]}}],"collection":[{"href":"https:\/\/www.inmsol.com\/it\/wp-json\/wp\/v2\/product"}],"about":[{"href":"https:\/\/www.inmsol.com\/it\/wp-json\/wp\/v2\/types\/product"}],"wp:featuredmedia":[{"embeddable":true,"href":"https:\/\/www.inmsol.com\/it\/wp-json\/wp\/v2\/media\/65440"}],"wp:attachment":[{"href":"https:\/\/www.inmsol.com\/it\/wp-json\/wp\/v2\/media?parent=69180"}],"wp:term":[{"taxonomy":"product_brand","embeddable":true,"href":"https:\/\/www.inmsol.com\/it\/wp-json\/wp\/v2\/product_brand?post=69180"},{"taxonomy":"product_cat","embeddable":true,"href":"https:\/\/www.inmsol.com\/it\/wp-json\/wp\/v2\/product_cat?post=69180"},{"taxonomy":"product_tag","embeddable":true,"href":"https:\/\/www.inmsol.com\/it\/wp-json\/wp\/v2\/product_tag?post=69180"}],"curies":[{"name":"wp","href":"https:\/\/api.w.org\/{rel}","templated":true}]}}