{"id":1784,"date":"2011-11-15T12:51:20","date_gmt":"2011-11-15T12:51:20","guid":{"rendered":"https:\/\/www.inmsol.com\/"},"modified":"2023-06-30T18:35:51","modified_gmt":"2023-06-30T16:35:51","slug":"metodologia-i-nauczyciele","status":"publish","type":"page","link":"https:\/\/www.inmsol.com\/pl\/metodologia-i-nauczyciele\/","title":{"rendered":"Metodologia i nauczyciele"},"content":{"rendered":"\t\t<div data-elementor-type=\"wp-page\" data-elementor-id=\"1784\" class=\"elementor elementor-1784 elementor-1406\" data-elementor-post-type=\"page\">\n\t\t\t\t\t\t<section class=\"elementor-section elementor-top-section elementor-element elementor-element-d5459d0 elementor-section-full_width elementor-section-height-min-height elementor-section-stretched elementor-section-height-default elementor-section-items-middle parallax_section_no qode_elementor_container_no\" data-id=\"d5459d0\" data-element_type=\"section\" data-settings=\"{&quot;stretch_section&quot;:&quot;section-stretched&quot;,&quot;background_background&quot;:&quot;classic&quot;}\">\n\t\t\t\t\t\t\t<div class=\"elementor-background-overlay\"><\/div>\n\t\t\t\t\t\t\t<div class=\"elementor-container elementor-column-gap-no\">\n\t\t\t\t\t<div class=\"elementor-column elementor-col-100 elementor-top-column elementor-element elementor-element-e500c11\" data-id=\"e500c11\" data-element_type=\"column\">\n\t\t\t<div class=\"elementor-widget-wrap elementor-element-populated\">\n\t\t\t\t\t\t<section class=\"elementor-section elementor-inner-section elementor-element elementor-element-8fd6657 elementor-section-boxed elementor-section-height-default elementor-section-height-default parallax_section_no qode_elementor_container_no\" data-id=\"8fd6657\" data-element_type=\"section\">\n\t\t\t\t\t\t<div class=\"elementor-container elementor-column-gap-default\">\n\t\t\t\t\t<div class=\"elementor-column elementor-col-100 elementor-inner-column elementor-element elementor-element-8c38b3c\" data-id=\"8c38b3c\" data-element_type=\"column\">\n\t\t\t<div class=\"elementor-widget-wrap elementor-element-populated\">\n\t\t\t\t\t\t\t<\/div>\n\t\t<\/div>\n\t\t\t\t\t<\/div>\n\t\t<\/section>\n\t\t\t\t\t<\/div>\n\t\t<\/div>\n\t\t\t\t\t<\/div>\n\t\t<\/section>\n\t\t\t\t<section class=\"elementor-section elementor-top-section elementor-element elementor-element-206e87c elementor-section-full_width elementor-section-content-middle elementor-section-stretched elementor-section-height-default elementor-section-height-default parallax_section_no qode_elementor_container_no\" data-id=\"206e87c\" data-element_type=\"section\" data-settings=\"{&quot;stretch_section&quot;:&quot;section-stretched&quot;,&quot;background_background&quot;:&quot;classic&quot;}\">\n\t\t\t\t\t\t<div class=\"elementor-container elementor-column-gap-wider\">\n\t\t\t\t\t<div class=\"elementor-column elementor-col-50 elementor-top-column elementor-element elementor-element-bfea539\" data-id=\"bfea539\" data-element_type=\"column\" data-settings=\"{&quot;background_background&quot;:&quot;classic&quot;}\">\n\t\t\t<div class=\"elementor-widget-wrap elementor-element-populated\">\n\t\t\t\t\t\t<div class=\"elementor-element elementor-element-78106dc elementor-widget elementor-widget-spacer\" data-id=\"78106dc\" data-element_type=\"widget\" data-widget_type=\"spacer.default\">\n\t\t\t\t<div class=\"elementor-widget-container\">\n\t\t\t\t\t\t\t<div class=\"elementor-spacer\">\n\t\t\t<div class=\"elementor-spacer-inner\"><\/div>\n\t\t<\/div>\n\t\t\t\t\t\t<\/div>\n\t\t\t\t<\/div>\n\t\t\t\t\t<\/div>\n\t\t<\/div>\n\t\t\t\t<div class=\"elementor-column elementor-col-50 elementor-top-column elementor-element elementor-element-e2efc44\" data-id=\"e2efc44\" data-element_type=\"column\">\n\t\t\t<div class=\"elementor-widget-wrap elementor-element-populated\">\n\t\t\t\t\t\t<div class=\"elementor-element elementor-element-3523435 elementor-widget elementor-widget-heading\" data-id=\"3523435\" data-element_type=\"widget\" data-widget_type=\"heading.default\">\n\t\t\t\t<div class=\"elementor-widget-container\">\n\t\t\t\t\t<h3 class=\"elementor-heading-title elementor-size-default\">METODOLOGIA\n\n<\/h3>\t\t\t\t<\/div>\n\t\t\t\t<\/div>\n\t\t\t\t<div class=\"elementor-element elementor-element-787c455 elementor-widget elementor-widget-text-editor\" data-id=\"787c455\" data-element_type=\"widget\" data-widget_type=\"text-editor.default\">\n\t\t\t\t<div class=\"elementor-widget-container\">\n\t\t\t\t\t\t\t\t\t<p>Nauczanie odbywa si\u0119 tylko w j\u0119zyku hiszpa\u0144skim bez pos\u0142ugiwania si\u0119 innym\u00a0j\u0119zykiem, u\u017cywaj\u0105c\u00a0<strong>bezpo\u015bredniej metody komunikacyjnej i sytuacyjnej<\/strong>, szukaj\u0105c skojarze\u0144 mi\u0119dzy danym przedmiotem a s\u0142owem go okre\u015blaj\u0105cym.\u00a0<strong>S\u0142ownictwo<\/strong>\u00a0i\u00a0<strong>gramatyka<\/strong>\u00a0s\u0105 nauczane zgodnie z kontekstem, pomagaj\u0105c w ten spos\u00f3b definiowa\u0107, k\u0142ad\u0105c szczeg\u00f3lny nacisk na uczestnictwo student\u00f3w zar\u00f3wno w\u00a0<strong>cz\u0119\u015bci pisemnej<\/strong>\u00a0jak i\u00a0<strong>ustnej<\/strong>. Podczas kursu wykonuje si\u0119 \u0107wiczenia na r\u00f3\u017cnych strukturach gramatycznych, \u0107wiczenia z czasownikami regularnymi i nieregularnymi, dyktanda, czytanie ze szczeg\u00f3ln\u0105 uwag\u0105 na fonetyk\u0119 i wymow\u0119, polepszaj\u0105c w ten spos\u00f3b poziom wypowiedzi, kontrolowanej zawsze przez nauczyciela. Wszystkie programy zaj\u0119\u0107 zosta\u0142y opracowane zgodnie z wymogami Rady Europejskiej, je\u015bli chodzi o\u00a0poziomy bieg\u0142o\u015bci j\u0119zykowej i zgodnie z\u00a0<strong>planem Curricular Instytutu Cervantesa<\/strong>.<\/p><table border=\"0\" cellspacing=\"1\" cellpadding=\"1\"><tbody><tr><td>\u00a0<\/td><td>\u00a0<\/td><\/tr><\/tbody><\/table><p>Tu\u017c przed przybyciem, ka\u017cdy z uczni\u00f3w wykonuje<a href=\"https:\/\/www.inmsol.com\/pl\/egzaminy-i-certyfikaty\/\" target=\"_blank\" rel=\"noopener\">\u00a0test\u00a0<\/a>sprawdzaj\u0105cy poziom znajomo\u015bci j\u0119zyka z r\u00f3\u017cnych\u00a0dziedzin. Po te\u015bcie, ka\u017cda osoba zostanie przydzielona\u00a0<strong>do grupy<\/strong>\u00a0<strong>odpowiadaj\u0105cej jej poziomowi\u00a0<\/strong><strong>zar\u00f3wno z konwersacji jak i z gramatyki<\/strong>. Jako \u017ce ucze\u0144 nie zawsze posiada ten sam poziom w r\u00f3\u017cnych dziedzinach (s\u0142ownictwo, gramatyka, konwersacje), u nas b\u0119dzie mia\u0142 mo\u017cliwo\u015b\u0107 uczestnictwa w dw\u00f3ch r\u00f3\u017cnych grupach, w zale\u017cno\u015bci od poziomu jaki prezentuje i po wyra\u017ceniu zgody przez dyrektora szko\u0142y.<br \/>Grupy nie zamykaj\u0105 si\u0119 a\u017c do wtorku ka\u017cdego tygodnia. Zawsze istnieje mo\u017cliwo\u015b\u0107 zmiany grupy, je\u015bli tylko wyda si\u0119 to konieczne.<\/p>\t\t\t\t\t\t\t\t<\/div>\n\t\t\t\t<\/div>\n\t\t\t\t\t<\/div>\n\t\t<\/div>\n\t\t\t\t\t<\/div>\n\t\t<\/section>\n\t\t\t\t<section class=\"elementor-section elementor-top-section elementor-element elementor-element-39062e6 elementor-section-full_width elementor-section-content-middle elementor-section-stretched elementor-section-height-default elementor-section-height-default parallax_section_no qode_elementor_container_no\" data-id=\"39062e6\" data-element_type=\"section\" data-settings=\"{&quot;stretch_section&quot;:&quot;section-stretched&quot;}\">\n\t\t\t\t\t\t<div class=\"elementor-container elementor-column-gap-wider\">\n\t\t\t\t\t<div class=\"elementor-column elementor-col-50 elementor-top-column elementor-element elementor-element-ef93b14\" data-id=\"ef93b14\" data-element_type=\"column\">\n\t\t\t<div class=\"elementor-widget-wrap elementor-element-populated\">\n\t\t\t\t\t\t<div class=\"elementor-element elementor-element-6f6a417 elementor-widget elementor-widget-heading\" data-id=\"6f6a417\" data-element_type=\"widget\" data-widget_type=\"heading.default\">\n\t\t\t\t<div class=\"elementor-widget-container\">\n\t\t\t\t\t<h3 class=\"elementor-heading-title elementor-size-default\">NAUCZYCIELE<\/h3>\t\t\t\t<\/div>\n\t\t\t\t<\/div>\n\t\t\t\t<div class=\"elementor-element elementor-element-fb742af elementor-widget elementor-widget-text-editor\" data-id=\"fb742af\" data-element_type=\"widget\" data-widget_type=\"text-editor.default\">\n\t\t\t\t<div class=\"elementor-widget-container\">\n\t\t\t\t\t\t\t\t\t<p>Aby m\u00f3c realizowa\u0107 wspomniane\u00a0metody nauczania,<strong>\u00a0Instytut Mediterr\u00e1neo Sol<\/strong>\u00a0posiada profesjonaln\u0105 i dynamiczn\u0105 kadr\u0119, z tytu\u0142em uko\u0144czenia szko\u0142y wy\u017cszej i z przygotowaniem metodologicznym w celu nauczania obcokrajowc\u00f3w j\u0119zyka hiszpa\u0144skiego.<\/p><p><strong>Wszyscy nauczyciele z iNMSOL s\u0105 rodzimymi u\u017cytkownikami j\u0119zyka hiszpa\u0144skiego.<\/strong><\/p><p>Praca nauczycieli jest kierowana i koordynowana przez dyrektora szko\u0142y, kt\u00f3ry doradza nauczycielom w jaki spos\u00f3b podnie\u015b\u0107 poziom zaj\u0119\u0107.<\/p><p><u>iNMSOL dysponuje ofertami pracy, z kt\u00f3rych mog\u0105 skorzysta\u0107 osoby, kt\u00f3re wcze\u015bniej zrealizowa\u0142y u nas\u00a0<a href=\"http:\/\/www.cursos-profesores-ele.com\/\" target=\"_blank\" rel=\"noopener\"><strong>kurs dla profesor\u00f3w E\/LE<\/strong><\/a>.<\/u><\/p>\t\t\t\t\t\t\t\t<\/div>\n\t\t\t\t<\/div>\n\t\t\t\t\t<\/div>\n\t\t<\/div>\n\t\t\t\t<div class=\"elementor-column elementor-col-50 elementor-top-column elementor-element elementor-element-81c4a62\" data-id=\"81c4a62\" data-element_type=\"column\" data-settings=\"{&quot;background_background&quot;:&quot;classic&quot;}\">\n\t\t\t<div class=\"elementor-widget-wrap elementor-element-populated\">\n\t\t\t\t\t\t<div class=\"elementor-element elementor-element-c66f517 elementor-widget elementor-widget-spacer\" data-id=\"c66f517\" data-element_type=\"widget\" data-widget_type=\"spacer.default\">\n\t\t\t\t<div class=\"elementor-widget-container\">\n\t\t\t\t\t\t\t<div class=\"elementor-spacer\">\n\t\t\t<div class=\"elementor-spacer-inner\"><\/div>\n\t\t<\/div>\n\t\t\t\t\t\t<\/div>\n\t\t\t\t<\/div>\n\t\t\t\t\t<\/div>\n\t\t<\/div>\n\t\t\t\t\t<\/div>\n\t\t<\/section>\n\t\t\t\t<\/div>\n\t\t","protected":false},"excerpt":{"rendered":"<p>METODOLOGIA Nauczanie odbywa si\u0119 tylko w j\u0119zyku hiszpa\u0144skim bez pos\u0142ugiwania si\u0119 innym\u00a0j\u0119zykiem, u\u017cywaj\u0105c\u00a0bezpo\u015bredniej metody komunikacyjnej i sytuacyjnej, szukaj\u0105c skojarze\u0144 mi\u0119dzy danym przedmiotem a s\u0142owem go okre\u015blaj\u0105cym.\u00a0S\u0142ownictwo\u00a0i\u00a0gramatyka\u00a0s\u0105 nauczane zgodnie z kontekstem, pomagaj\u0105c w ten spos\u00f3b definiowa\u0107, k\u0142ad\u0105c szczeg\u00f3lny nacisk na uczestnictwo student\u00f3w zar\u00f3wno w\u00a0cz\u0119\u015bci pisemnej\u00a0jak i\u00a0ustnej&#8230;.<\/p>\n","protected":false},"author":2,"featured_media":6814,"parent":0,"menu_order":0,"comment_status":"closed","ping_status":"closed","template":"elementor_header_footer","meta":{"_acf_changed":false,"footnotes":""},"class_list":["post-1784","page","type-page","status-publish","has-post-thumbnail","hentry"],"acf":[],"yoast_head":"<!-- This site is optimized with the Yoast SEO plugin v27.4 - https:\/\/yoast.com\/product\/yoast-seo-wordpress\/ -->\n<title>Metodologia i nauczyciele | hiszpa\u0144scy nauczyciele, metoda komunikatywna, test j\u0119zyka, plan curricular Instytutu Cervantesa | INMSOL<\/title>\n<meta name=\"description\" content=\"Nauczanie odbywa si\u0119 jedynie w j\u0119zyku hiszpa\u0144skim bez u\u017cycia innego j\u0119zyka, za pomoc\u0105 metody komunikatywnej bezpo\u015bredniej i sytuacyjnej. Wszyscy nauczyciele to rodzimi u\u017cytkownicy j\u0119zyka z tytu\u0142em wy\u017cszej uczelni.\" \/>\n<meta name=\"robots\" content=\"index, follow, max-snippet:-1, max-image-preview:large, max-video-preview:-1\" \/>\n<link rel=\"canonical\" href=\"https:\/\/www.inmsol.com\/pl\/metodologia-i-nauczyciele\/\" \/>\n<meta property=\"og:locale\" content=\"pl_PL\" \/>\n<meta property=\"og:type\" content=\"article\" \/>\n<meta property=\"og:title\" content=\"Metodologia i nauczyciele | hiszpa\u0144scy nauczyciele, metoda komunikatywna, test j\u0119zyka, plan curricular Instytutu Cervantesa | INMSOL\" \/>\n<meta property=\"og:description\" content=\"Nauczanie odbywa si\u0119 jedynie w j\u0119zyku hiszpa\u0144skim bez u\u017cycia innego j\u0119zyka, za pomoc\u0105 metody komunikatywnej bezpo\u015bredniej i sytuacyjnej. Wszyscy nauczyciele to rodzimi u\u017cytkownicy j\u0119zyka z tytu\u0142em wy\u017cszej uczelni.\" \/>\n<meta property=\"og:url\" content=\"https:\/\/www.inmsol.com\/pl\/metodologia-i-nauczyciele\/\" \/>\n<meta property=\"og:site_name\" content=\"iNMSOL\" \/>\n<meta property=\"article:publisher\" content=\"https:\/\/www.facebook.com\/spanishcourses\" \/>\n<meta property=\"article:modified_time\" content=\"2023-06-30T16:35:51+00:00\" \/>\n<meta property=\"og:image\" content=\"https:\/\/www.inmsol.com\/wp-content\/uploads\/2009\/05\/DSC_0039-scaled.jpg\" \/>\n\t<meta property=\"og:image:width\" content=\"2560\" \/>\n\t<meta property=\"og:image:height\" content=\"1718\" \/>\n\t<meta property=\"og:image:type\" content=\"image\/jpeg\" \/>\n<meta name=\"twitter:label1\" content=\"Szacowany czas czytania\" \/>\n\t<meta name=\"twitter:data1\" content=\"2 minuty\" \/>\n<script type=\"application\/ld+json\" class=\"yoast-schema-graph\">{\"@context\":\"https:\\\/\\\/schema.org\",\"@graph\":[{\"@type\":\"WebPage\",\"@id\":\"https:\\\/\\\/www.inmsol.com\\\/pl\\\/metodologia-i-nauczyciele\\\/\",\"url\":\"https:\\\/\\\/www.inmsol.com\\\/pl\\\/metodologia-i-nauczyciele\\\/\",\"name\":\"Metodologia i nauczyciele | hiszpa\u0144scy nauczyciele, metoda komunikatywna, test j\u0119zyka, plan curricular Instytutu Cervantesa | INMSOL\",\"isPartOf\":{\"@id\":\"https:\\\/\\\/www.inmsol.com\\\/pl\\\/#website\"},\"primaryImageOfPage\":{\"@id\":\"https:\\\/\\\/www.inmsol.com\\\/pl\\\/metodologia-i-nauczyciele\\\/#primaryimage\"},\"image\":{\"@id\":\"https:\\\/\\\/www.inmsol.com\\\/pl\\\/metodologia-i-nauczyciele\\\/#primaryimage\"},\"thumbnailUrl\":\"https:\\\/\\\/www.inmsol.com\\\/wp-content\\\/uploads\\\/2009\\\/05\\\/DSC_0039-scaled.jpg\",\"datePublished\":\"2011-11-15T12:51:20+00:00\",\"dateModified\":\"2023-06-30T16:35:51+00:00\",\"description\":\"Nauczanie odbywa si\u0119 jedynie w j\u0119zyku hiszpa\u0144skim bez u\u017cycia innego j\u0119zyka, za pomoc\u0105 metody komunikatywnej bezpo\u015bredniej i sytuacyjnej. Wszyscy nauczyciele to rodzimi u\u017cytkownicy j\u0119zyka z tytu\u0142em wy\u017cszej uczelni.\",\"breadcrumb\":{\"@id\":\"https:\\\/\\\/www.inmsol.com\\\/pl\\\/metodologia-i-nauczyciele\\\/#breadcrumb\"},\"inLanguage\":\"pl-PL\",\"potentialAction\":[{\"@type\":\"ReadAction\",\"target\":[\"https:\\\/\\\/www.inmsol.com\\\/pl\\\/metodologia-i-nauczyciele\\\/\"]}]},{\"@type\":\"ImageObject\",\"inLanguage\":\"pl-PL\",\"@id\":\"https:\\\/\\\/www.inmsol.com\\\/pl\\\/metodologia-i-nauczyciele\\\/#primaryimage\",\"url\":\"https:\\\/\\\/www.inmsol.com\\\/wp-content\\\/uploads\\\/2009\\\/05\\\/DSC_0039-scaled.jpg\",\"contentUrl\":\"https:\\\/\\\/www.inmsol.com\\\/wp-content\\\/uploads\\\/2009\\\/05\\\/DSC_0039-scaled.jpg\",\"width\":2560,\"height\":1718},{\"@type\":\"BreadcrumbList\",\"@id\":\"https:\\\/\\\/www.inmsol.com\\\/pl\\\/metodologia-i-nauczyciele\\\/#breadcrumb\",\"itemListElement\":[{\"@type\":\"ListItem\",\"position\":1,\"name\":\"Accredited Center by Instituto Cervantes\",\"item\":\"https:\\\/\\\/www.inmsol.com\\\/pl\\\/pagina-ejemplo\\\/\"},{\"@type\":\"ListItem\",\"position\":2,\"name\":\"Metodologia i nauczyciele\"}]},{\"@type\":\"WebSite\",\"@id\":\"https:\\\/\\\/www.inmsol.com\\\/pl\\\/#website\",\"url\":\"https:\\\/\\\/www.inmsol.com\\\/pl\\\/\",\"name\":\"iNMSOL\",\"description\":\"Learn Spanish with Us | Cervantes acredited Learning Centre\",\"publisher\":{\"@id\":\"https:\\\/\\\/www.inmsol.com\\\/pl\\\/#organization\"},\"potentialAction\":[{\"@type\":\"SearchAction\",\"target\":{\"@type\":\"EntryPoint\",\"urlTemplate\":\"https:\\\/\\\/www.inmsol.com\\\/pl\\\/?s={search_term_string}\"},\"query-input\":{\"@type\":\"PropertyValueSpecification\",\"valueRequired\":true,\"valueName\":\"search_term_string\"}}],\"inLanguage\":\"pl-PL\"},{\"@type\":\"Organization\",\"@id\":\"https:\\\/\\\/www.inmsol.com\\\/pl\\\/#organization\",\"name\":\"Instituto Mediterr\u00e1neo Sol\",\"url\":\"https:\\\/\\\/www.inmsol.com\\\/pl\\\/\",\"logo\":{\"@type\":\"ImageObject\",\"inLanguage\":\"pl-PL\",\"@id\":\"https:\\\/\\\/www.inmsol.com\\\/pl\\\/#\\\/schema\\\/logo\\\/image\\\/\",\"url\":\"https:\\\/\\\/www.inmsol.com\\\/wp-content\\\/uploads\\\/2023\\\/06\\\/logo-inmsol-1.png\",\"contentUrl\":\"https:\\\/\\\/www.inmsol.com\\\/wp-content\\\/uploads\\\/2023\\\/06\\\/logo-inmsol-1.png\",\"width\":136,\"height\":73,\"caption\":\"Instituto Mediterr\u00e1neo Sol\"},\"image\":{\"@id\":\"https:\\\/\\\/www.inmsol.com\\\/pl\\\/#\\\/schema\\\/logo\\\/image\\\/\"},\"sameAs\":[\"https:\\\/\\\/www.facebook.com\\\/spanishcourses\",\"https:\\\/\\\/x.com\\\/StudyInGranada\",\"http:\\\/\\\/instagram.com\\\/imsolgranada\",\"https:\\\/\\\/es.linkedin.com\\\/company\\\/imsol-granada\",\"https:\\\/\\\/www.pinterest.es\\\/inmsol\\\/\",\"https:\\\/\\\/www.youtube.com\\\/channel\\\/UChz-Qn_7coFMosY85iYMO4g\"]}]}<\/script>\n<!-- \/ Yoast SEO plugin. -->","yoast_head_json":{"title":"Metodologia i nauczyciele | hiszpa\u0144scy nauczyciele, metoda komunikatywna, test j\u0119zyka, plan curricular Instytutu Cervantesa | INMSOL","description":"Nauczanie odbywa si\u0119 jedynie w j\u0119zyku hiszpa\u0144skim bez u\u017cycia innego j\u0119zyka, za pomoc\u0105 metody komunikatywnej bezpo\u015bredniej i sytuacyjnej. Wszyscy nauczyciele to rodzimi u\u017cytkownicy j\u0119zyka z tytu\u0142em wy\u017cszej uczelni.","robots":{"index":"index","follow":"follow","max-snippet":"max-snippet:-1","max-image-preview":"max-image-preview:large","max-video-preview":"max-video-preview:-1"},"canonical":"https:\/\/www.inmsol.com\/pl\/metodologia-i-nauczyciele\/","og_locale":"pl_PL","og_type":"article","og_title":"Metodologia i nauczyciele | hiszpa\u0144scy nauczyciele, metoda komunikatywna, test j\u0119zyka, plan curricular Instytutu Cervantesa | INMSOL","og_description":"Nauczanie odbywa si\u0119 jedynie w j\u0119zyku hiszpa\u0144skim bez u\u017cycia innego j\u0119zyka, za pomoc\u0105 metody komunikatywnej bezpo\u015bredniej i sytuacyjnej. Wszyscy nauczyciele to rodzimi u\u017cytkownicy j\u0119zyka z tytu\u0142em wy\u017cszej uczelni.","og_url":"https:\/\/www.inmsol.com\/pl\/metodologia-i-nauczyciele\/","og_site_name":"iNMSOL","article_publisher":"https:\/\/www.facebook.com\/spanishcourses","article_modified_time":"2023-06-30T16:35:51+00:00","og_image":[{"width":2560,"height":1718,"url":"https:\/\/www.inmsol.com\/wp-content\/uploads\/2009\/05\/DSC_0039-scaled.jpg","type":"image\/jpeg"}],"twitter_misc":{"Szacowany czas czytania":"2 minuty"},"schema":{"@context":"https:\/\/schema.org","@graph":[{"@type":"WebPage","@id":"https:\/\/www.inmsol.com\/pl\/metodologia-i-nauczyciele\/","url":"https:\/\/www.inmsol.com\/pl\/metodologia-i-nauczyciele\/","name":"Metodologia i nauczyciele | hiszpa\u0144scy nauczyciele, metoda komunikatywna, test j\u0119zyka, plan curricular Instytutu Cervantesa | INMSOL","isPartOf":{"@id":"https:\/\/www.inmsol.com\/pl\/#website"},"primaryImageOfPage":{"@id":"https:\/\/www.inmsol.com\/pl\/metodologia-i-nauczyciele\/#primaryimage"},"image":{"@id":"https:\/\/www.inmsol.com\/pl\/metodologia-i-nauczyciele\/#primaryimage"},"thumbnailUrl":"https:\/\/www.inmsol.com\/wp-content\/uploads\/2009\/05\/DSC_0039-scaled.jpg","datePublished":"2011-11-15T12:51:20+00:00","dateModified":"2023-06-30T16:35:51+00:00","description":"Nauczanie odbywa si\u0119 jedynie w j\u0119zyku hiszpa\u0144skim bez u\u017cycia innego j\u0119zyka, za pomoc\u0105 metody komunikatywnej bezpo\u015bredniej i sytuacyjnej. Wszyscy nauczyciele to rodzimi u\u017cytkownicy j\u0119zyka z tytu\u0142em wy\u017cszej uczelni.","breadcrumb":{"@id":"https:\/\/www.inmsol.com\/pl\/metodologia-i-nauczyciele\/#breadcrumb"},"inLanguage":"pl-PL","potentialAction":[{"@type":"ReadAction","target":["https:\/\/www.inmsol.com\/pl\/metodologia-i-nauczyciele\/"]}]},{"@type":"ImageObject","inLanguage":"pl-PL","@id":"https:\/\/www.inmsol.com\/pl\/metodologia-i-nauczyciele\/#primaryimage","url":"https:\/\/www.inmsol.com\/wp-content\/uploads\/2009\/05\/DSC_0039-scaled.jpg","contentUrl":"https:\/\/www.inmsol.com\/wp-content\/uploads\/2009\/05\/DSC_0039-scaled.jpg","width":2560,"height":1718},{"@type":"BreadcrumbList","@id":"https:\/\/www.inmsol.com\/pl\/metodologia-i-nauczyciele\/#breadcrumb","itemListElement":[{"@type":"ListItem","position":1,"name":"Accredited Center by Instituto Cervantes","item":"https:\/\/www.inmsol.com\/pl\/pagina-ejemplo\/"},{"@type":"ListItem","position":2,"name":"Metodologia i nauczyciele"}]},{"@type":"WebSite","@id":"https:\/\/www.inmsol.com\/pl\/#website","url":"https:\/\/www.inmsol.com\/pl\/","name":"iNMSOL","description":"Learn Spanish with Us | Cervantes acredited Learning Centre","publisher":{"@id":"https:\/\/www.inmsol.com\/pl\/#organization"},"potentialAction":[{"@type":"SearchAction","target":{"@type":"EntryPoint","urlTemplate":"https:\/\/www.inmsol.com\/pl\/?s={search_term_string}"},"query-input":{"@type":"PropertyValueSpecification","valueRequired":true,"valueName":"search_term_string"}}],"inLanguage":"pl-PL"},{"@type":"Organization","@id":"https:\/\/www.inmsol.com\/pl\/#organization","name":"Instituto Mediterr\u00e1neo Sol","url":"https:\/\/www.inmsol.com\/pl\/","logo":{"@type":"ImageObject","inLanguage":"pl-PL","@id":"https:\/\/www.inmsol.com\/pl\/#\/schema\/logo\/image\/","url":"https:\/\/www.inmsol.com\/wp-content\/uploads\/2023\/06\/logo-inmsol-1.png","contentUrl":"https:\/\/www.inmsol.com\/wp-content\/uploads\/2023\/06\/logo-inmsol-1.png","width":136,"height":73,"caption":"Instituto Mediterr\u00e1neo Sol"},"image":{"@id":"https:\/\/www.inmsol.com\/pl\/#\/schema\/logo\/image\/"},"sameAs":["https:\/\/www.facebook.com\/spanishcourses","https:\/\/x.com\/StudyInGranada","http:\/\/instagram.com\/imsolgranada","https:\/\/es.linkedin.com\/company\/imsol-granada","https:\/\/www.pinterest.es\/inmsol\/","https:\/\/www.youtube.com\/channel\/UChz-Qn_7coFMosY85iYMO4g"]}]}},"_links":{"self":[{"href":"https:\/\/www.inmsol.com\/pl\/wp-json\/wp\/v2\/pages\/1784","targetHints":{"allow":["GET"]}}],"collection":[{"href":"https:\/\/www.inmsol.com\/pl\/wp-json\/wp\/v2\/pages"}],"about":[{"href":"https:\/\/www.inmsol.com\/pl\/wp-json\/wp\/v2\/types\/page"}],"author":[{"embeddable":true,"href":"https:\/\/www.inmsol.com\/pl\/wp-json\/wp\/v2\/users\/2"}],"replies":[{"embeddable":true,"href":"https:\/\/www.inmsol.com\/pl\/wp-json\/wp\/v2\/comments?post=1784"}],"version-history":[{"count":0,"href":"https:\/\/www.inmsol.com\/pl\/wp-json\/wp\/v2\/pages\/1784\/revisions"}],"wp:featuredmedia":[{"embeddable":true,"href":"https:\/\/www.inmsol.com\/pl\/wp-json\/wp\/v2\/media\/6814"}],"wp:attachment":[{"href":"https:\/\/www.inmsol.com\/pl\/wp-json\/wp\/v2\/media?parent=1784"}],"curies":[{"name":"wp","href":"https:\/\/api.w.org\/{rel}","templated":true}]}}