{"id":1792,"date":"2011-11-15T13:03:24","date_gmt":"2011-11-15T13:03:24","guid":{"rendered":"https:\/\/www.inmsol.com\/"},"modified":"2023-06-27T18:44:46","modified_gmt":"2023-06-27T16:44:46","slug":"zakwaterowanie","status":"publish","type":"page","link":"https:\/\/www.inmsol.com\/pl\/zakwaterowanie\/","title":{"rendered":"Zakwaterowanie"},"content":{"rendered":"\t\t<div data-elementor-type=\"wp-page\" data-elementor-id=\"1792\" class=\"elementor elementor-1792 elementor-1441\" data-elementor-post-type=\"page\">\n\t\t\t\t\t\t<section class=\"elementor-section elementor-top-section elementor-element elementor-element-6462e24 elementor-section-full_width elementor-section-height-min-height elementor-section-stretched elementor-section-height-default elementor-section-items-middle parallax_section_no qode_elementor_container_no\" data-id=\"6462e24\" data-element_type=\"section\" data-settings=\"{&quot;stretch_section&quot;:&quot;section-stretched&quot;,&quot;background_background&quot;:&quot;classic&quot;}\">\n\t\t\t\t\t\t\t<div class=\"elementor-background-overlay\"><\/div>\n\t\t\t\t\t\t\t<div class=\"elementor-container elementor-column-gap-no\">\n\t\t\t\t\t<div class=\"elementor-column elementor-col-100 elementor-top-column elementor-element elementor-element-3c0a274\" data-id=\"3c0a274\" data-element_type=\"column\">\n\t\t\t<div class=\"elementor-widget-wrap elementor-element-populated\">\n\t\t\t\t\t\t<section class=\"elementor-section elementor-inner-section elementor-element elementor-element-6e04006 elementor-section-boxed elementor-section-height-default elementor-section-height-default parallax_section_no qode_elementor_container_no\" data-id=\"6e04006\" data-element_type=\"section\">\n\t\t\t\t\t\t<div class=\"elementor-container elementor-column-gap-default\">\n\t\t\t\t\t<div class=\"elementor-column elementor-col-100 elementor-inner-column elementor-element elementor-element-758d6c4\" data-id=\"758d6c4\" data-element_type=\"column\">\n\t\t\t<div class=\"elementor-widget-wrap elementor-element-populated\">\n\t\t\t\t\t\t\t<\/div>\n\t\t<\/div>\n\t\t\t\t\t<\/div>\n\t\t<\/section>\n\t\t\t\t\t<\/div>\n\t\t<\/div>\n\t\t\t\t\t<\/div>\n\t\t<\/section>\n\t\t\t\t<section class=\"elementor-section elementor-top-section elementor-element elementor-element-a4d8549 elementor-section-boxed elementor-section-height-default elementor-section-height-default parallax_section_no qode_elementor_container_no\" data-id=\"a4d8549\" data-element_type=\"section\">\n\t\t\t\t\t\t<div class=\"elementor-container elementor-column-gap-default\">\n\t\t\t\t\t<div class=\"elementor-column elementor-col-100 elementor-top-column elementor-element elementor-element-c9c6faf\" data-id=\"c9c6faf\" data-element_type=\"column\">\n\t\t\t<div class=\"elementor-widget-wrap elementor-element-populated\">\n\t\t\t\t\t\t<div class=\"elementor-element elementor-element-68b7cc0 elementor-widget elementor-widget-qi_addons_for_elementor_image_slider\" data-id=\"68b7cc0\" data-element_type=\"widget\" data-widget_type=\"qi_addons_for_elementor_image_slider.default\">\n\t\t\t\t<div class=\"elementor-widget-container\">\n\t\t\t\t\t<div class=\"qodef-shortcode qodef-m qodef-qi-image-slider qodef-qi-fslightbox-popup qodef-popup-gallery qodef-col-num--1 qodef-qi-grid qodef-qi-swiper-container qodef-navigation--inside qodef-pagination--inside qodef-navigation--hover-move\" data-options=\"{&quot;direction&quot;:&quot;horizontal&quot;,&quot;slidesPerView&quot;:&quot;1&quot;,&quot;spaceBetween&quot;:0,&quot;spaceBetweenTablet&quot;:30,&quot;spaceBetweenMobile&quot;:30,&quot;effect&quot;:&quot;slide&quot;,&quot;loop&quot;:true,&quot;autoplay&quot;:true,&quot;centeredSlides&quot;:true,&quot;speed&quot;:&quot;&quot;,&quot;speedAnimation&quot;:&quot;&quot;,&quot;outsideNavigation&quot;:&quot;no&quot;,&quot;outsidePagination&quot;:&quot;no&quot;,&quot;unique&quot;:137,&quot;partialValue&quot;:0,&quot;disablePartialValue&quot;:&quot;&quot;,&quot;parallax&quot;:&quot;no&quot;,&quot;customStages&quot;:true,&quot;slidesPerView1680&quot;:&quot;3&quot;,&quot;slidesPerView1440&quot;:&quot;1&quot;,&quot;slidesPerView1366&quot;:&quot;1&quot;,&quot;slidesPerView1024&quot;:&quot;1&quot;,&quot;slidesPerView768&quot;:&quot;1&quot;,&quot;slidesPerView680&quot;:&quot;1&quot;,&quot;slidesPerView480&quot;:&quot;1&quot;}\">\n\t<div class=\"swiper-wrapper\">\n\t\t<div class=\"qodef-e swiper-slide\">\n\t<div class=\"qodef-e-inner\">\n\t\t<div class=\"qodef-e-inner-holder\">\n\t\t\t\t\t\t\t<a class=\"qodef-popup-item\" itemprop=\"image\" href=\"https:\/\/www.inmsol.com\/wp-content\/uploads\/2009\/05\/familia-salon.jpg\" data-type=\"image\" data-fslightbox=\"gallery-137\" data-e-disable-page-transition=\u201dtrue\u201d>\n\t\t\t\t\t\t\t<img fetchpriority=\"high\" decoding=\"async\" width=\"1536\" height=\"1852\" src=\"https:\/\/www.inmsol.com\/wp-content\/uploads\/2009\/05\/familia-salon.jpg\" class=\"attachment-full size-full\" alt=\"\" srcset=\"https:\/\/www.inmsol.com\/wp-content\/uploads\/2009\/05\/familia-salon.jpg 1536w, https:\/\/www.inmsol.com\/wp-content\/uploads\/2009\/05\/familia-salon-800x965.jpg 800w, https:\/\/www.inmsol.com\/wp-content\/uploads\/2009\/05\/familia-salon-64x77.jpg 64w, https:\/\/www.inmsol.com\/wp-content\/uploads\/2009\/05\/familia-salon-248x300.jpg 248w, https:\/\/www.inmsol.com\/wp-content\/uploads\/2009\/05\/familia-salon-849x1024.jpg 849w, https:\/\/www.inmsol.com\/wp-content\/uploads\/2009\/05\/familia-salon-165x200.jpg 165w, https:\/\/www.inmsol.com\/wp-content\/uploads\/2009\/05\/familia-salon-331x400.jpg 331w\" sizes=\"(max-width: 1536px) 100vw, 1536px\" \/>\t\t\t\t\t\t\t<\/a>\n\t\t\t\t\t<\/div>\n\t<\/div>\n\t<\/div>\n<div class=\"qodef-e swiper-slide\">\n\t<div class=\"qodef-e-inner\">\n\t\t<div class=\"qodef-e-inner-holder\">\n\t\t\t\t\t\t\t<a class=\"qodef-popup-item\" itemprop=\"image\" href=\"https:\/\/www.inmsol.com\/wp-content\/uploads\/2009\/05\/familia-h-doble.jpg\" data-type=\"image\" data-fslightbox=\"gallery-137\" data-e-disable-page-transition=\u201dtrue\u201d>\n\t\t\t\t\t\t\t<img decoding=\"async\" width=\"2048\" height=\"1536\" src=\"https:\/\/www.inmsol.com\/wp-content\/uploads\/2009\/05\/familia-h-doble.jpg\" class=\"attachment-full size-full\" alt=\"\" srcset=\"https:\/\/www.inmsol.com\/wp-content\/uploads\/2009\/05\/familia-h-doble.jpg 2048w, https:\/\/www.inmsol.com\/wp-content\/uploads\/2009\/05\/familia-h-doble-800x600.jpg 800w, https:\/\/www.inmsol.com\/wp-content\/uploads\/2009\/05\/familia-h-doble-64x48.jpg 64w, https:\/\/www.inmsol.com\/wp-content\/uploads\/2009\/05\/familia-h-doble-400x300.jpg 400w, https:\/\/www.inmsol.com\/wp-content\/uploads\/2009\/05\/familia-h-doble-1024x768.jpg 1024w, https:\/\/www.inmsol.com\/wp-content\/uploads\/2009\/05\/familia-h-doble-200x150.jpg 200w, https:\/\/www.inmsol.com\/wp-content\/uploads\/2009\/05\/familia-h-doble-250x187.jpg 250w, https:\/\/www.inmsol.com\/wp-content\/uploads\/2009\/05\/familia-h-doble-533x400.jpg 533w\" sizes=\"(max-width: 2048px) 100vw, 2048px\" \/>\t\t\t\t\t\t\t<\/a>\n\t\t\t\t\t<\/div>\n\t<\/div>\n\t<\/div>\n<div class=\"qodef-e swiper-slide\">\n\t<div class=\"qodef-e-inner\">\n\t\t<div class=\"qodef-e-inner-holder\">\n\t\t\t\t\t\t\t<a class=\"qodef-popup-item\" itemprop=\"image\" href=\"https:\/\/www.inmsol.com\/wp-content\/uploads\/2009\/05\/Alojamiento-piso-compartido3-scaled.jpg\" data-type=\"image\" data-fslightbox=\"gallery-137\" data-e-disable-page-transition=\u201dtrue\u201d>\n\t\t\t\t\t\t\t<img decoding=\"async\" width=\"2560\" height=\"1714\" src=\"https:\/\/www.inmsol.com\/wp-content\/uploads\/2009\/05\/Alojamiento-piso-compartido3-scaled.jpg\" class=\"attachment-full size-full\" alt=\"\" srcset=\"https:\/\/www.inmsol.com\/wp-content\/uploads\/2009\/05\/Alojamiento-piso-compartido3-scaled.jpg 2560w, https:\/\/www.inmsol.com\/wp-content\/uploads\/2009\/05\/Alojamiento-piso-compartido3-scaled-800x536.jpg 800w, https:\/\/www.inmsol.com\/wp-content\/uploads\/2009\/05\/Alojamiento-piso-compartido3-scaled-64x43.jpg 64w, https:\/\/www.inmsol.com\/wp-content\/uploads\/2009\/05\/Alojamiento-piso-compartido3-448x300.jpg 448w, https:\/\/www.inmsol.com\/wp-content\/uploads\/2009\/05\/Alojamiento-piso-compartido3-1024x685.jpg 1024w, https:\/\/www.inmsol.com\/wp-content\/uploads\/2009\/05\/Alojamiento-piso-compartido3-200x133.jpg 200w, https:\/\/www.inmsol.com\/wp-content\/uploads\/2009\/05\/Alojamiento-piso-compartido3-250x167.jpg 250w, https:\/\/www.inmsol.com\/wp-content\/uploads\/2009\/05\/Alojamiento-piso-compartido3-597x400.jpg 597w\" sizes=\"(max-width: 2560px) 100vw, 2560px\" \/>\t\t\t\t\t\t\t<\/a>\n\t\t\t\t\t<\/div>\n\t<\/div>\n\t<\/div>\n<div class=\"qodef-e swiper-slide\">\n\t<div class=\"qodef-e-inner\">\n\t\t<div class=\"qodef-e-inner-holder\">\n\t\t\t\t\t\t\t<a class=\"qodef-popup-item\" itemprop=\"image\" href=\"https:\/\/www.inmsol.com\/wp-content\/uploads\/2009\/05\/Alojamiento-piso-compartido2-scaled.jpg\" data-type=\"image\" data-fslightbox=\"gallery-137\" data-e-disable-page-transition=\u201dtrue\u201d>\n\t\t\t\t\t\t\t<img loading=\"lazy\" decoding=\"async\" width=\"2560\" height=\"1714\" src=\"https:\/\/www.inmsol.com\/wp-content\/uploads\/2009\/05\/Alojamiento-piso-compartido2-scaled.jpg\" class=\"attachment-full size-full\" alt=\"\" srcset=\"https:\/\/www.inmsol.com\/wp-content\/uploads\/2009\/05\/Alojamiento-piso-compartido2-scaled.jpg 2560w, https:\/\/www.inmsol.com\/wp-content\/uploads\/2009\/05\/Alojamiento-piso-compartido2-scaled-800x536.jpg 800w, https:\/\/www.inmsol.com\/wp-content\/uploads\/2009\/05\/Alojamiento-piso-compartido2-scaled-64x43.jpg 64w, https:\/\/www.inmsol.com\/wp-content\/uploads\/2009\/05\/Alojamiento-piso-compartido2-448x300.jpg 448w, https:\/\/www.inmsol.com\/wp-content\/uploads\/2009\/05\/Alojamiento-piso-compartido2-1024x685.jpg 1024w, https:\/\/www.inmsol.com\/wp-content\/uploads\/2009\/05\/Alojamiento-piso-compartido2-200x133.jpg 200w, https:\/\/www.inmsol.com\/wp-content\/uploads\/2009\/05\/Alojamiento-piso-compartido2-250x167.jpg 250w, https:\/\/www.inmsol.com\/wp-content\/uploads\/2009\/05\/Alojamiento-piso-compartido2-597x400.jpg 597w\" sizes=\"(max-width: 2560px) 100vw, 2560px\" \/>\t\t\t\t\t\t\t<\/a>\n\t\t\t\t\t<\/div>\n\t<\/div>\n\t<\/div>\n\t<\/div>\n\t\t<div class=\"swiper-button-prev\"><svg class=\"qodef-swiper-arrow-left\" xmlns=\"http:\/\/www.w3.org\/2000\/svg\" x=\"0px\" y=\"0px\" viewBox=\"0 0 34.2 32.3\" xml:space=\"preserve\" style=\"stroke-width: 2;\"><line x1=\"0.5\" y1=\"16\" x2=\"33.5\" y2=\"16\"\/><line x1=\"0.3\" y1=\"16.5\" x2=\"16.2\" y2=\"0.7\"\/><line x1=\"0\" y1=\"15.4\" x2=\"16.2\" y2=\"31.6\"\/><\/svg><\/div>\n\t<div class=\"swiper-button-next\"><svg class=\"qodef-swiper-arrow-right\" xmlns=\"http:\/\/www.w3.org\/2000\/svg\" x=\"0px\" y=\"0px\" viewBox=\"0 0 34.2 32.3\" xml:space=\"preserve\" style=\"stroke-width: 2;\"><line x1=\"0\" y1=\"16\" x2=\"33\" y2=\"16\"\/><line x1=\"17.3\" y1=\"0.7\" x2=\"33.2\" y2=\"16.5\"\/><line x1=\"17.3\" y1=\"31.6\" x2=\"33.5\" y2=\"15.4\"\/><\/svg><\/div>\n\t<div class=\"swiper-pagination\"><\/div>\n<\/div>\n\t\t\t\t<\/div>\n\t\t\t\t<\/div>\n\t\t\t\t\t<\/div>\n\t\t<\/div>\n\t\t\t\t\t<\/div>\n\t\t<\/section>\n\t\t\t\t<section class=\"elementor-section elementor-top-section elementor-element elementor-element-2219af7 elementor-section-boxed elementor-section-height-default elementor-section-height-default parallax_section_no qode_elementor_container_no\" data-id=\"2219af7\" data-element_type=\"section\">\n\t\t\t\t\t\t<div class=\"elementor-container elementor-column-gap-default\">\n\t\t\t\t\t<div class=\"elementor-column elementor-col-100 elementor-top-column elementor-element elementor-element-1f1ae6e\" data-id=\"1f1ae6e\" data-element_type=\"column\">\n\t\t\t<div class=\"elementor-widget-wrap elementor-element-populated\">\n\t\t\t\t\t\t<div class=\"elementor-element elementor-element-96db520 elementor-widget elementor-widget-heading\" data-id=\"96db520\" data-element_type=\"widget\" data-widget_type=\"heading.default\">\n\t\t\t\t<div class=\"elementor-widget-container\">\n\t\t\t\t\t<h3 class=\"elementor-heading-title elementor-size-default\">Zakwaterowanie<\/h3>\t\t\t\t<\/div>\n\t\t\t\t<\/div>\n\t\t\t\t<div class=\"elementor-element elementor-element-aa8bc42 elementor-widget elementor-widget-text-editor\" data-id=\"aa8bc42\" data-element_type=\"widget\" data-widget_type=\"text-editor.default\">\n\t\t\t\t<div class=\"elementor-widget-container\">\n\t\t\t\t\t\t\t\t\t<p class=\"rteleft\"><strong>Typy zakwaterowania w Granadzie.\u00a0<\/strong><\/p><p class=\"rteleft\">Je\u017celi sobie tego \u017cyczysz, mo\u017cemy<strong>\u00a0zorganizowa\u0107 Ci zakwaterowanie,<\/strong>\u00a0przyjmuj\u0105c rol\u0119 po\u015brednika i sprawiaj\u0105c, \u017ce wszystko b\u0119dzie\u00a0<strong>gotowe na Tw\u00f3j przyjazd.<\/strong><\/p><p><b>Informacje og\u00f3lne na temat zakwaterowania:<\/b><\/p><ul><li>Czas pobytu na kwaterze liczymy\u00a0<strong>od niedzieli<\/strong>\u00a0przed rozpocz\u0119ciem kursu\u00a0<strong>do soboty<\/strong>\u00a0po jego zako\u0144czeniu.<\/li><li><b>Suplementy:<\/b><ul><li><b>Dodatkowe noce:<\/b>\u00a0cena ka\u017cdej dodatkowej nocy, czy to przed czy po kursie, b\u0119dzie zale\u017cna od typu zakwaterowania wybranego przez studenta.<\/li><li><b>Osoba towarzysz\u0105ca:<\/b>\u00a0Istnieje mo\u017cliwo\u015b\u0107 przyjazdu z osob\u0105 towarzysz\u0105c\u0105, kt\u00f3ra nie chce realizowa\u0107 kursu, natomiast potrzebuje zakwaterowania. Osoba ta b\u0119dzie zobowi\u0105zana do uiszczenia dodatkowej op\u0142aty do ceny zakwaterowania, kt\u00f3re wybra\u0142a (<a title=\"zobacz ceny\" href=\"https:\/\/www.inmsol.com\/pl\/ceny\/\" target=\"_blank\" rel=\"noopener\">zobacz ceny<\/a>), mog\u0105c uczestniczy\u0107 w dodatkowych aktywno\u015bciach oferowanych przez szko\u0142\u0119.<\/li><\/ul><\/li><li><b>Godzina wej\u015bcia na kwater\u0119:<\/b>\u00a0mniej wi\u0119cej od godziny\u00a0<b>16.00<\/b><\/li><li><b>Godzina opuszczenia kwatery:<\/b>\u00a0przed godz.\u00a0<b>12.00<\/b><\/li><li>Ka\u017cdy ucze\u0144 dostanie wszystko, co potrzebne do spania (poduszk\u0119, prze\u015bcierad\u0142a, koc, itd.). Konieczne jest natomiast\u00a0<strong>zaopatrzenie si\u0119 w r\u0119czniki i \u015brodki higieny osobistej.<\/strong><\/li><li>\u015brednia odleg\u0142o\u015b\u0107 kwater od naszej szko\u0142y to<strong>\u00a015-20 minut pieszo.<\/strong><\/li><\/ul><p><b>Masz do wyboru:<\/b><\/p><ul><li><b>Dzielenie mieszkania ze wsp\u00f3\u0142lokatorami:\u00a0<\/b>mieszkania s\u0105 w pe\u0142ni wyposa\u017cone.<ul><li>Pokoje s\u0105 wyposa\u017cone w:\u00a0<strong>\u0142\u00f3\u017cko, szaf\u0119, biurko, krzes\u0142o, po\u015bciel.<\/strong>\u00a0Jedyne w co ucze\u0144 musi si\u0119 zaopatrzy\u0107 to r\u0119czniki.<\/li><li>Wsp\u00f3lne pomieszczenia:<ul><li>Salon z TV, TDT, DVD<\/li><li>Kuchnia z kuchenk\u0105, lod\u00f3wk\u0105 i pralk\u0105<\/li><li>\u0141azienka<\/li><\/ul><\/li><\/ul><\/li><li><b>Kwatera u rodziny:<\/b>\u00a0niepe\u0142ne wy\u017cywienie\u00a0(2 posi\u0142ki: \u015bniadanie, obiad lub kolacja),\u00a0pe\u0142ne wy\u017cywienie\u00a0(3 posi\u0142ki: \u015bniadanie, obiad i kolacja), z pokojem jedno- lub dwuosobowym. Mo\u017cliwo\u015b\u0107 zrobienia jednego prania w \u00a0tygodniu. Student nie musi przywozi\u0107 swojej po\u015bcieli, ale powinien zaopatrzy\u0107 si\u0119 we w\u0142asne r\u0119czniki. Ka\u017cda osoba, w momencie zg\u0142oszenia si\u0119, powinna\u00a0<strong>wyszczeg\u00f3lni\u0107<\/strong>\u00a0wszystkie swoje\u00a0<strong>alergie, na\u0142ogi (czy jest palaczem)\u00a0<\/strong>i swoje<strong>\u00a0nawyki \u017cywieniowe.<\/strong><\/li><li><b>Rezerwacja hotelu\/hostelu lub kawalerki:<\/b>\u00a0Je\u015bli zaistnieje taka potrzeba, Instytut Mediterr\u00e1neo Sol zajmie si\u0119 r\u00f3wnie\u017c takim typem zakwaterowania. Cena zale\u017cy od potrzeb i wymaga\u0144 studenta.<\/li><\/ul>\t\t\t\t\t\t\t\t<\/div>\n\t\t\t\t<\/div>\n\t\t\t\t\t<\/div>\n\t\t<\/div>\n\t\t\t\t\t<\/div>\n\t\t<\/section>\n\t\t\t\t<\/div>\n\t\t","protected":false},"excerpt":{"rendered":"<p>Zakwaterowanie Typy zakwaterowania w Granadzie.\u00a0 Je\u017celi sobie tego \u017cyczysz, mo\u017cemy\u00a0zorganizowa\u0107 Ci zakwaterowanie,\u00a0przyjmuj\u0105c rol\u0119 po\u015brednika i sprawiaj\u0105c, \u017ce wszystko b\u0119dzie\u00a0gotowe na Tw\u00f3j przyjazd. Informacje og\u00f3lne na temat zakwaterowania: Czas pobytu na kwaterze liczymy\u00a0od niedzieli\u00a0przed rozpocz\u0119ciem kursu\u00a0do soboty\u00a0po jego zako\u0144czeniu. Suplementy: Dodatkowe noce:\u00a0cena ka\u017cdej dodatkowej nocy, czy&#8230;<\/p>\n","protected":false},"author":2,"featured_media":3069,"parent":0,"menu_order":0,"comment_status":"closed","ping_status":"closed","template":"","meta":{"_acf_changed":false,"footnotes":""},"class_list":["post-1792","page","type-page","status-publish","has-post-thumbnail","hentry"],"acf":[],"yoast_head":"<!-- This site is optimized with the Yoast SEO plugin v27.6 - https:\/\/yoast.com\/product\/yoast-seo-wordpress\/ -->\n<title>zakwaterowania w Granadzie INMSOL<\/title>\n<meta name=\"description\" content=\"Mo\u017cemy zarezerwowa\u0107 twoje zakwaterowanie odgrywaj\u0105c rol\u0119 po\u015brednika, gwarantuj\u0105c jego gotowo\u015b\u0107 na twoje przybycie. Tydzie\u0144 liczy si\u0119 od niedzieli do soboty.\" \/>\n<meta name=\"robots\" content=\"index, follow, max-snippet:-1, max-image-preview:large, max-video-preview:-1\" \/>\n<link rel=\"canonical\" href=\"https:\/\/www.inmsol.com\/pl\/zakwaterowanie\/\" \/>\n<meta property=\"og:locale\" content=\"pl_PL\" \/>\n<meta property=\"og:type\" content=\"article\" \/>\n<meta property=\"og:title\" content=\"zakwaterowania w Granadzie INMSOL\" \/>\n<meta property=\"og:description\" content=\"Mo\u017cemy zarezerwowa\u0107 twoje zakwaterowanie odgrywaj\u0105c rol\u0119 po\u015brednika, gwarantuj\u0105c jego gotowo\u015b\u0107 na twoje przybycie. Tydzie\u0144 liczy si\u0119 od niedzieli do soboty.\" \/>\n<meta property=\"og:url\" content=\"https:\/\/www.inmsol.com\/pl\/zakwaterowanie\/\" \/>\n<meta property=\"og:site_name\" content=\"iNMSOL\" \/>\n<meta property=\"article:publisher\" content=\"https:\/\/www.facebook.com\/spanishcourses\" \/>\n<meta property=\"article:modified_time\" content=\"2023-06-27T16:44:46+00:00\" \/>\n<meta property=\"og:image\" content=\"https:\/\/www.inmsol.com\/wp-content\/uploads\/2009\/05\/Alojamiento-piso-compartido2-scaled.jpg\" \/>\n\t<meta property=\"og:image:width\" content=\"2560\" \/>\n\t<meta property=\"og:image:height\" content=\"1714\" \/>\n\t<meta property=\"og:image:type\" content=\"image\/jpeg\" \/>\n<meta name=\"twitter:label1\" content=\"Szacowany czas czytania\" \/>\n\t<meta name=\"twitter:data1\" content=\"2 minuty\" \/>\n<script type=\"application\/ld+json\" class=\"yoast-schema-graph\">{\"@context\":\"https:\\\/\\\/schema.org\",\"@graph\":[{\"@type\":\"WebPage\",\"@id\":\"https:\\\/\\\/www.inmsol.com\\\/pl\\\/zakwaterowanie\\\/\",\"url\":\"https:\\\/\\\/www.inmsol.com\\\/pl\\\/zakwaterowanie\\\/\",\"name\":\"zakwaterowania w Granadzie INMSOL\",\"isPartOf\":{\"@id\":\"https:\\\/\\\/www.inmsol.com\\\/pl\\\/#website\"},\"primaryImageOfPage\":{\"@id\":\"https:\\\/\\\/www.inmsol.com\\\/pl\\\/zakwaterowanie\\\/#primaryimage\"},\"image\":{\"@id\":\"https:\\\/\\\/www.inmsol.com\\\/pl\\\/zakwaterowanie\\\/#primaryimage\"},\"thumbnailUrl\":\"https:\\\/\\\/www.inmsol.com\\\/wp-content\\\/uploads\\\/2009\\\/05\\\/Alojamiento-piso-compartido2-scaled.jpg\",\"datePublished\":\"2011-11-15T13:03:24+00:00\",\"dateModified\":\"2023-06-27T16:44:46+00:00\",\"description\":\"Mo\u017cemy zarezerwowa\u0107 twoje zakwaterowanie odgrywaj\u0105c rol\u0119 po\u015brednika, gwarantuj\u0105c jego gotowo\u015b\u0107 na twoje przybycie. Tydzie\u0144 liczy si\u0119 od niedzieli do soboty.\",\"breadcrumb\":{\"@id\":\"https:\\\/\\\/www.inmsol.com\\\/pl\\\/zakwaterowanie\\\/#breadcrumb\"},\"inLanguage\":\"pl-PL\",\"potentialAction\":[{\"@type\":\"ReadAction\",\"target\":[\"https:\\\/\\\/www.inmsol.com\\\/pl\\\/zakwaterowanie\\\/\"]}]},{\"@type\":\"ImageObject\",\"inLanguage\":\"pl-PL\",\"@id\":\"https:\\\/\\\/www.inmsol.com\\\/pl\\\/zakwaterowanie\\\/#primaryimage\",\"url\":\"https:\\\/\\\/www.inmsol.com\\\/wp-content\\\/uploads\\\/2009\\\/05\\\/Alojamiento-piso-compartido2-scaled.jpg\",\"contentUrl\":\"https:\\\/\\\/www.inmsol.com\\\/wp-content\\\/uploads\\\/2009\\\/05\\\/Alojamiento-piso-compartido2-scaled.jpg\",\"width\":2560,\"height\":1714},{\"@type\":\"BreadcrumbList\",\"@id\":\"https:\\\/\\\/www.inmsol.com\\\/pl\\\/zakwaterowanie\\\/#breadcrumb\",\"itemListElement\":[{\"@type\":\"ListItem\",\"position\":1,\"name\":\"Accredited Center by Instituto Cervantes\",\"item\":\"https:\\\/\\\/www.inmsol.com\\\/pl\\\/pagina-ejemplo\\\/\"},{\"@type\":\"ListItem\",\"position\":2,\"name\":\"Zakwaterowanie\"}]},{\"@type\":\"WebSite\",\"@id\":\"https:\\\/\\\/www.inmsol.com\\\/pl\\\/#website\",\"url\":\"https:\\\/\\\/www.inmsol.com\\\/pl\\\/\",\"name\":\"iNMSOL\",\"description\":\"Learn Spanish with Us | Cervantes acredited Learning Centre\",\"publisher\":{\"@id\":\"https:\\\/\\\/www.inmsol.com\\\/pl\\\/#organization\"},\"potentialAction\":[{\"@type\":\"SearchAction\",\"target\":{\"@type\":\"EntryPoint\",\"urlTemplate\":\"https:\\\/\\\/www.inmsol.com\\\/pl\\\/?s={search_term_string}\"},\"query-input\":{\"@type\":\"PropertyValueSpecification\",\"valueRequired\":true,\"valueName\":\"search_term_string\"}}],\"inLanguage\":\"pl-PL\"},{\"@type\":\"Organization\",\"@id\":\"https:\\\/\\\/www.inmsol.com\\\/pl\\\/#organization\",\"name\":\"Instituto Mediterr\u00e1neo Sol\",\"url\":\"https:\\\/\\\/www.inmsol.com\\\/pl\\\/\",\"logo\":{\"@type\":\"ImageObject\",\"inLanguage\":\"pl-PL\",\"@id\":\"https:\\\/\\\/www.inmsol.com\\\/pl\\\/#\\\/schema\\\/logo\\\/image\\\/\",\"url\":\"https:\\\/\\\/www.inmsol.com\\\/wp-content\\\/uploads\\\/2023\\\/06\\\/logo-inmsol-1.png\",\"contentUrl\":\"https:\\\/\\\/www.inmsol.com\\\/wp-content\\\/uploads\\\/2023\\\/06\\\/logo-inmsol-1.png\",\"width\":136,\"height\":73,\"caption\":\"Instituto Mediterr\u00e1neo Sol\"},\"image\":{\"@id\":\"https:\\\/\\\/www.inmsol.com\\\/pl\\\/#\\\/schema\\\/logo\\\/image\\\/\"},\"sameAs\":[\"https:\\\/\\\/www.facebook.com\\\/spanishcourses\",\"https:\\\/\\\/x.com\\\/StudyInGranada\",\"http:\\\/\\\/instagram.com\\\/imsolgranada\",\"https:\\\/\\\/es.linkedin.com\\\/company\\\/imsol-granada\",\"https:\\\/\\\/www.pinterest.es\\\/inmsol\\\/\",\"https:\\\/\\\/www.youtube.com\\\/channel\\\/UChz-Qn_7coFMosY85iYMO4g\"]}]}<\/script>\n<!-- \/ Yoast SEO plugin. -->","yoast_head_json":{"title":"zakwaterowania w Granadzie INMSOL","description":"Mo\u017cemy zarezerwowa\u0107 twoje zakwaterowanie odgrywaj\u0105c rol\u0119 po\u015brednika, gwarantuj\u0105c jego gotowo\u015b\u0107 na twoje przybycie. Tydzie\u0144 liczy si\u0119 od niedzieli do soboty.","robots":{"index":"index","follow":"follow","max-snippet":"max-snippet:-1","max-image-preview":"max-image-preview:large","max-video-preview":"max-video-preview:-1"},"canonical":"https:\/\/www.inmsol.com\/pl\/zakwaterowanie\/","og_locale":"pl_PL","og_type":"article","og_title":"zakwaterowania w Granadzie INMSOL","og_description":"Mo\u017cemy zarezerwowa\u0107 twoje zakwaterowanie odgrywaj\u0105c rol\u0119 po\u015brednika, gwarantuj\u0105c jego gotowo\u015b\u0107 na twoje przybycie. Tydzie\u0144 liczy si\u0119 od niedzieli do soboty.","og_url":"https:\/\/www.inmsol.com\/pl\/zakwaterowanie\/","og_site_name":"iNMSOL","article_publisher":"https:\/\/www.facebook.com\/spanishcourses","article_modified_time":"2023-06-27T16:44:46+00:00","og_image":[{"width":2560,"height":1714,"url":"https:\/\/www.inmsol.com\/wp-content\/uploads\/2009\/05\/Alojamiento-piso-compartido2-scaled.jpg","type":"image\/jpeg"}],"twitter_misc":{"Szacowany czas czytania":"2 minuty"},"schema":{"@context":"https:\/\/schema.org","@graph":[{"@type":"WebPage","@id":"https:\/\/www.inmsol.com\/pl\/zakwaterowanie\/","url":"https:\/\/www.inmsol.com\/pl\/zakwaterowanie\/","name":"zakwaterowania w Granadzie INMSOL","isPartOf":{"@id":"https:\/\/www.inmsol.com\/pl\/#website"},"primaryImageOfPage":{"@id":"https:\/\/www.inmsol.com\/pl\/zakwaterowanie\/#primaryimage"},"image":{"@id":"https:\/\/www.inmsol.com\/pl\/zakwaterowanie\/#primaryimage"},"thumbnailUrl":"https:\/\/www.inmsol.com\/wp-content\/uploads\/2009\/05\/Alojamiento-piso-compartido2-scaled.jpg","datePublished":"2011-11-15T13:03:24+00:00","dateModified":"2023-06-27T16:44:46+00:00","description":"Mo\u017cemy zarezerwowa\u0107 twoje zakwaterowanie odgrywaj\u0105c rol\u0119 po\u015brednika, gwarantuj\u0105c jego gotowo\u015b\u0107 na twoje przybycie. Tydzie\u0144 liczy si\u0119 od niedzieli do soboty.","breadcrumb":{"@id":"https:\/\/www.inmsol.com\/pl\/zakwaterowanie\/#breadcrumb"},"inLanguage":"pl-PL","potentialAction":[{"@type":"ReadAction","target":["https:\/\/www.inmsol.com\/pl\/zakwaterowanie\/"]}]},{"@type":"ImageObject","inLanguage":"pl-PL","@id":"https:\/\/www.inmsol.com\/pl\/zakwaterowanie\/#primaryimage","url":"https:\/\/www.inmsol.com\/wp-content\/uploads\/2009\/05\/Alojamiento-piso-compartido2-scaled.jpg","contentUrl":"https:\/\/www.inmsol.com\/wp-content\/uploads\/2009\/05\/Alojamiento-piso-compartido2-scaled.jpg","width":2560,"height":1714},{"@type":"BreadcrumbList","@id":"https:\/\/www.inmsol.com\/pl\/zakwaterowanie\/#breadcrumb","itemListElement":[{"@type":"ListItem","position":1,"name":"Accredited Center by Instituto Cervantes","item":"https:\/\/www.inmsol.com\/pl\/pagina-ejemplo\/"},{"@type":"ListItem","position":2,"name":"Zakwaterowanie"}]},{"@type":"WebSite","@id":"https:\/\/www.inmsol.com\/pl\/#website","url":"https:\/\/www.inmsol.com\/pl\/","name":"iNMSOL","description":"Learn Spanish with Us | Cervantes acredited Learning Centre","publisher":{"@id":"https:\/\/www.inmsol.com\/pl\/#organization"},"potentialAction":[{"@type":"SearchAction","target":{"@type":"EntryPoint","urlTemplate":"https:\/\/www.inmsol.com\/pl\/?s={search_term_string}"},"query-input":{"@type":"PropertyValueSpecification","valueRequired":true,"valueName":"search_term_string"}}],"inLanguage":"pl-PL"},{"@type":"Organization","@id":"https:\/\/www.inmsol.com\/pl\/#organization","name":"Instituto Mediterr\u00e1neo Sol","url":"https:\/\/www.inmsol.com\/pl\/","logo":{"@type":"ImageObject","inLanguage":"pl-PL","@id":"https:\/\/www.inmsol.com\/pl\/#\/schema\/logo\/image\/","url":"https:\/\/www.inmsol.com\/wp-content\/uploads\/2023\/06\/logo-inmsol-1.png","contentUrl":"https:\/\/www.inmsol.com\/wp-content\/uploads\/2023\/06\/logo-inmsol-1.png","width":136,"height":73,"caption":"Instituto Mediterr\u00e1neo Sol"},"image":{"@id":"https:\/\/www.inmsol.com\/pl\/#\/schema\/logo\/image\/"},"sameAs":["https:\/\/www.facebook.com\/spanishcourses","https:\/\/x.com\/StudyInGranada","http:\/\/instagram.com\/imsolgranada","https:\/\/es.linkedin.com\/company\/imsol-granada","https:\/\/www.pinterest.es\/inmsol\/","https:\/\/www.youtube.com\/channel\/UChz-Qn_7coFMosY85iYMO4g"]}]}},"_links":{"self":[{"href":"https:\/\/www.inmsol.com\/pl\/wp-json\/wp\/v2\/pages\/1792","targetHints":{"allow":["GET"]}}],"collection":[{"href":"https:\/\/www.inmsol.com\/pl\/wp-json\/wp\/v2\/pages"}],"about":[{"href":"https:\/\/www.inmsol.com\/pl\/wp-json\/wp\/v2\/types\/page"}],"author":[{"embeddable":true,"href":"https:\/\/www.inmsol.com\/pl\/wp-json\/wp\/v2\/users\/2"}],"replies":[{"embeddable":true,"href":"https:\/\/www.inmsol.com\/pl\/wp-json\/wp\/v2\/comments?post=1792"}],"version-history":[{"count":0,"href":"https:\/\/www.inmsol.com\/pl\/wp-json\/wp\/v2\/pages\/1792\/revisions"}],"wp:featuredmedia":[{"embeddable":true,"href":"https:\/\/www.inmsol.com\/pl\/wp-json\/wp\/v2\/media\/3069"}],"wp:attachment":[{"href":"https:\/\/www.inmsol.com\/pl\/wp-json\/wp\/v2\/media?parent=1792"}],"curies":[{"name":"wp","href":"https:\/\/api.w.org\/{rel}","templated":true}]}}