{"id":1793,"date":"2011-11-15T13:04:14","date_gmt":"2011-11-15T13:04:14","guid":{"rendered":"https:\/\/www.inmsol.com\/"},"modified":"2023-06-29T03:00:30","modified_gmt":"2023-06-29T01:00:30","slug":"dodatkowe-uslugi","status":"publish","type":"page","link":"https:\/\/www.inmsol.com\/pl\/dodatkowe-uslugi\/","title":{"rendered":"Dodatkowe us\u0142ugi"},"content":{"rendered":"\t\t<div data-elementor-type=\"wp-page\" data-elementor-id=\"1793\" class=\"elementor elementor-1793 elementor-1447\" data-elementor-post-type=\"page\">\n\t\t\t\t\t\t<section class=\"elementor-section elementor-top-section elementor-element elementor-element-b64f62c elementor-section-full_width elementor-section-height-min-height elementor-section-stretched elementor-section-height-default elementor-section-items-middle parallax_section_no qode_elementor_container_no\" data-id=\"b64f62c\" data-element_type=\"section\" data-settings=\"{&quot;stretch_section&quot;:&quot;section-stretched&quot;,&quot;background_background&quot;:&quot;classic&quot;}\">\n\t\t\t\t\t\t\t<div class=\"elementor-background-overlay\"><\/div>\n\t\t\t\t\t\t\t<div class=\"elementor-container elementor-column-gap-no\">\n\t\t\t\t\t<div class=\"elementor-column elementor-col-100 elementor-top-column elementor-element elementor-element-dfcb1b8\" data-id=\"dfcb1b8\" data-element_type=\"column\">\n\t\t\t<div class=\"elementor-widget-wrap elementor-element-populated\">\n\t\t\t\t\t\t<section class=\"elementor-section elementor-inner-section elementor-element elementor-element-b6eea5b elementor-section-boxed elementor-section-height-default elementor-section-height-default parallax_section_no qode_elementor_container_no\" data-id=\"b6eea5b\" data-element_type=\"section\">\n\t\t\t\t\t\t<div class=\"elementor-container elementor-column-gap-default\">\n\t\t\t\t\t<div class=\"elementor-column elementor-col-100 elementor-inner-column elementor-element elementor-element-555af07\" data-id=\"555af07\" data-element_type=\"column\">\n\t\t\t<div class=\"elementor-widget-wrap elementor-element-populated\">\n\t\t\t\t\t\t\t<\/div>\n\t\t<\/div>\n\t\t\t\t\t<\/div>\n\t\t<\/section>\n\t\t\t\t\t<\/div>\n\t\t<\/div>\n\t\t\t\t\t<\/div>\n\t\t<\/section>\n\t\t\t\t<section class=\"elementor-section elementor-top-section elementor-element elementor-element-99cc73f elementor-section-boxed elementor-section-height-default elementor-section-height-default parallax_section_no qode_elementor_container_no\" data-id=\"99cc73f\" data-element_type=\"section\">\n\t\t\t\t\t\t<div class=\"elementor-container elementor-column-gap-wider\">\n\t\t\t\t\t<div class=\"elementor-column elementor-col-50 elementor-top-column elementor-element elementor-element-ba027fe\" data-id=\"ba027fe\" data-element_type=\"column\">\n\t\t\t<div class=\"elementor-widget-wrap elementor-element-populated\">\n\t\t\t\t\t\t<div class=\"elementor-element elementor-element-5a4164f elementor-widget elementor-widget-text-editor\" data-id=\"5a4164f\" data-element_type=\"widget\" data-widget_type=\"text-editor.default\">\n\t\t\t\t<div class=\"elementor-widget-container\">\n\t\t\t\t\t\t\t\t\t<ul><li>Test okre\u015blaj\u0105cy poziom j\u0119zyka, wykonywany tu\u017c po przybyciu.<\/li><li>Teczka powitalna.<\/li><li>Certyfikat uczestnictwa po zako\u0144czeniu kursu.<\/li><li>Konsultacje.<\/li><li>Biblioteka z mo\u017cliwo\u015bci\u0105 wypo\u017cyczenia ksi\u0105\u017cek.<\/li><\/ul>\t\t\t\t\t\t\t\t<\/div>\n\t\t\t\t<\/div>\n\t\t\t\t\t<\/div>\n\t\t<\/div>\n\t\t\t\t<div class=\"elementor-column elementor-col-50 elementor-top-column elementor-element elementor-element-80f7e8c\" data-id=\"80f7e8c\" data-element_type=\"column\">\n\t\t\t<div class=\"elementor-widget-wrap elementor-element-populated\">\n\t\t\t\t\t\t<div class=\"elementor-element elementor-element-b3fd34d elementor-widget elementor-widget-text-editor\" data-id=\"b3fd34d\" data-element_type=\"widget\" data-widget_type=\"text-editor.default\">\n\t\t\t\t<div class=\"elementor-widget-container\">\n\t\t\t\t\t\t\t\t\t<ul><li>Videoteka z VHS i DVD, z mo\u017cliwo\u015bci\u0105 wypo\u017cyczenia.<\/li><li>Dost\u0119p do internetu.<\/li><li>Sie\u0107 WiFi na terenie ca\u0142ej szko\u0142y.<\/li><li>Legitymacja iNMSOL ze zni\u017ck\u0105 w r\u00f3znych miejscach w \u00a0Granadzie.<\/li><\/ul>\t\t\t\t\t\t\t\t<\/div>\n\t\t\t\t<\/div>\n\t\t\t\t\t<\/div>\n\t\t<\/div>\n\t\t\t\t\t<\/div>\n\t\t<\/section>\n\t\t\t\t<\/div>\n\t\t","protected":false},"excerpt":{"rendered":"<p>Test okre\u015blaj\u0105cy poziom j\u0119zyka, wykonywany tu\u017c po przybyciu. Teczka powitalna. Certyfikat uczestnictwa po zako\u0144czeniu kursu. Konsultacje. Biblioteka z mo\u017cliwo\u015bci\u0105 wypo\u017cyczenia ksi\u0105\u017cek. Videoteka z VHS i DVD, z mo\u017cliwo\u015bci\u0105 wypo\u017cyczenia. Dost\u0119p do internetu. Sie\u0107 WiFi na terenie ca\u0142ej szko\u0142y. Legitymacja iNMSOL ze zni\u017ck\u0105 w r\u00f3znych miejscach&#8230;<\/p>\n","protected":false},"author":2,"featured_media":6782,"parent":0,"menu_order":0,"comment_status":"closed","ping_status":"closed","template":"","meta":{"_acf_changed":false,"footnotes":""},"class_list":["post-1793","page","type-page","status-publish","has-post-thumbnail","hentry"],"acf":[],"yoast_head":"<!-- This site is optimized with the Yoast SEO plugin v27.5 - https:\/\/yoast.com\/product\/yoast-seo-wordpress\/ -->\n<title>Dodatkowe us\u0142ugi | WIFI, test j\u0119zyka, biblioteka, filmy, zni\u017cki, certyfikat, legitymacja studencka | INMSOL<\/title>\n<meta name=\"description\" content=\"Us\u0142ugi dodatkowe do dyspozycji uczni\u00f3w to: legitymacja studencka, teczka powitalna, test poziomu j\u0119zyka, certyfikat uczestnictwa, dost\u0119p do internetu, sie\u0107 WIFI w ca\u0142ej szkole, biblioteka, videoteka z mo\u017cliwo\u015bci\u0105 wypo\u017cyczenia.\" \/>\n<meta name=\"robots\" content=\"index, follow, max-snippet:-1, max-image-preview:large, max-video-preview:-1\" \/>\n<link rel=\"canonical\" href=\"https:\/\/www.inmsol.com\/pl\/dodatkowe-uslugi\/\" \/>\n<meta property=\"og:locale\" content=\"pl_PL\" \/>\n<meta property=\"og:type\" content=\"article\" \/>\n<meta property=\"og:title\" content=\"Dodatkowe us\u0142ugi | WIFI, test j\u0119zyka, biblioteka, filmy, zni\u017cki, certyfikat, legitymacja studencka | INMSOL\" \/>\n<meta property=\"og:description\" content=\"Us\u0142ugi dodatkowe do dyspozycji uczni\u00f3w to: legitymacja studencka, teczka powitalna, test poziomu j\u0119zyka, certyfikat uczestnictwa, dost\u0119p do internetu, sie\u0107 WIFI w ca\u0142ej szkole, biblioteka, videoteka z mo\u017cliwo\u015bci\u0105 wypo\u017cyczenia.\" \/>\n<meta property=\"og:url\" content=\"https:\/\/www.inmsol.com\/pl\/dodatkowe-uslugi\/\" \/>\n<meta property=\"og:site_name\" content=\"iNMSOL\" \/>\n<meta property=\"article:publisher\" content=\"https:\/\/www.facebook.com\/spanishcourses\" \/>\n<meta property=\"article:modified_time\" content=\"2023-06-29T01:00:30+00:00\" \/>\n<meta property=\"og:image\" content=\"https:\/\/www.inmsol.com\/wp-content\/uploads\/2009\/05\/serviciosgratuitos-scaled.jpg\" \/>\n\t<meta property=\"og:image:width\" content=\"2560\" \/>\n\t<meta property=\"og:image:height\" content=\"1676\" \/>\n\t<meta property=\"og:image:type\" content=\"image\/jpeg\" \/>\n<script type=\"application\/ld+json\" class=\"yoast-schema-graph\">{\"@context\":\"https:\\\/\\\/schema.org\",\"@graph\":[{\"@type\":\"WebPage\",\"@id\":\"https:\\\/\\\/www.inmsol.com\\\/pl\\\/dodatkowe-uslugi\\\/\",\"url\":\"https:\\\/\\\/www.inmsol.com\\\/pl\\\/dodatkowe-uslugi\\\/\",\"name\":\"Dodatkowe us\u0142ugi | WIFI, test j\u0119zyka, biblioteka, filmy, zni\u017cki, certyfikat, legitymacja studencka | INMSOL\",\"isPartOf\":{\"@id\":\"https:\\\/\\\/www.inmsol.com\\\/pl\\\/#website\"},\"primaryImageOfPage\":{\"@id\":\"https:\\\/\\\/www.inmsol.com\\\/pl\\\/dodatkowe-uslugi\\\/#primaryimage\"},\"image\":{\"@id\":\"https:\\\/\\\/www.inmsol.com\\\/pl\\\/dodatkowe-uslugi\\\/#primaryimage\"},\"thumbnailUrl\":\"https:\\\/\\\/www.inmsol.com\\\/wp-content\\\/uploads\\\/2009\\\/05\\\/serviciosgratuitos-scaled.jpg\",\"datePublished\":\"2011-11-15T13:04:14+00:00\",\"dateModified\":\"2023-06-29T01:00:30+00:00\",\"description\":\"Us\u0142ugi dodatkowe do dyspozycji uczni\u00f3w to: legitymacja studencka, teczka powitalna, test poziomu j\u0119zyka, certyfikat uczestnictwa, dost\u0119p do internetu, sie\u0107 WIFI w ca\u0142ej szkole, biblioteka, videoteka z mo\u017cliwo\u015bci\u0105 wypo\u017cyczenia.\",\"breadcrumb\":{\"@id\":\"https:\\\/\\\/www.inmsol.com\\\/pl\\\/dodatkowe-uslugi\\\/#breadcrumb\"},\"inLanguage\":\"pl-PL\",\"potentialAction\":[{\"@type\":\"ReadAction\",\"target\":[\"https:\\\/\\\/www.inmsol.com\\\/pl\\\/dodatkowe-uslugi\\\/\"]}]},{\"@type\":\"ImageObject\",\"inLanguage\":\"pl-PL\",\"@id\":\"https:\\\/\\\/www.inmsol.com\\\/pl\\\/dodatkowe-uslugi\\\/#primaryimage\",\"url\":\"https:\\\/\\\/www.inmsol.com\\\/wp-content\\\/uploads\\\/2009\\\/05\\\/serviciosgratuitos-scaled.jpg\",\"contentUrl\":\"https:\\\/\\\/www.inmsol.com\\\/wp-content\\\/uploads\\\/2009\\\/05\\\/serviciosgratuitos-scaled.jpg\",\"width\":2560,\"height\":1676},{\"@type\":\"BreadcrumbList\",\"@id\":\"https:\\\/\\\/www.inmsol.com\\\/pl\\\/dodatkowe-uslugi\\\/#breadcrumb\",\"itemListElement\":[{\"@type\":\"ListItem\",\"position\":1,\"name\":\"Accredited Center by Instituto Cervantes\",\"item\":\"https:\\\/\\\/www.inmsol.com\\\/pl\\\/pagina-ejemplo\\\/\"},{\"@type\":\"ListItem\",\"position\":2,\"name\":\"Dodatkowe us\u0142ugi\"}]},{\"@type\":\"WebSite\",\"@id\":\"https:\\\/\\\/www.inmsol.com\\\/pl\\\/#website\",\"url\":\"https:\\\/\\\/www.inmsol.com\\\/pl\\\/\",\"name\":\"iNMSOL\",\"description\":\"Learn Spanish with Us | Cervantes acredited Learning Centre\",\"publisher\":{\"@id\":\"https:\\\/\\\/www.inmsol.com\\\/pl\\\/#organization\"},\"potentialAction\":[{\"@type\":\"SearchAction\",\"target\":{\"@type\":\"EntryPoint\",\"urlTemplate\":\"https:\\\/\\\/www.inmsol.com\\\/pl\\\/?s={search_term_string}\"},\"query-input\":{\"@type\":\"PropertyValueSpecification\",\"valueRequired\":true,\"valueName\":\"search_term_string\"}}],\"inLanguage\":\"pl-PL\"},{\"@type\":\"Organization\",\"@id\":\"https:\\\/\\\/www.inmsol.com\\\/pl\\\/#organization\",\"name\":\"Instituto Mediterr\u00e1neo Sol\",\"url\":\"https:\\\/\\\/www.inmsol.com\\\/pl\\\/\",\"logo\":{\"@type\":\"ImageObject\",\"inLanguage\":\"pl-PL\",\"@id\":\"https:\\\/\\\/www.inmsol.com\\\/pl\\\/#\\\/schema\\\/logo\\\/image\\\/\",\"url\":\"https:\\\/\\\/www.inmsol.com\\\/wp-content\\\/uploads\\\/2023\\\/06\\\/logo-inmsol-1.png\",\"contentUrl\":\"https:\\\/\\\/www.inmsol.com\\\/wp-content\\\/uploads\\\/2023\\\/06\\\/logo-inmsol-1.png\",\"width\":136,\"height\":73,\"caption\":\"Instituto Mediterr\u00e1neo Sol\"},\"image\":{\"@id\":\"https:\\\/\\\/www.inmsol.com\\\/pl\\\/#\\\/schema\\\/logo\\\/image\\\/\"},\"sameAs\":[\"https:\\\/\\\/www.facebook.com\\\/spanishcourses\",\"https:\\\/\\\/x.com\\\/StudyInGranada\",\"http:\\\/\\\/instagram.com\\\/imsolgranada\",\"https:\\\/\\\/es.linkedin.com\\\/company\\\/imsol-granada\",\"https:\\\/\\\/www.pinterest.es\\\/inmsol\\\/\",\"https:\\\/\\\/www.youtube.com\\\/channel\\\/UChz-Qn_7coFMosY85iYMO4g\"]}]}<\/script>\n<!-- \/ Yoast SEO plugin. -->","yoast_head_json":{"title":"Dodatkowe us\u0142ugi | WIFI, test j\u0119zyka, biblioteka, filmy, zni\u017cki, certyfikat, legitymacja studencka | INMSOL","description":"Us\u0142ugi dodatkowe do dyspozycji uczni\u00f3w to: legitymacja studencka, teczka powitalna, test poziomu j\u0119zyka, certyfikat uczestnictwa, dost\u0119p do internetu, sie\u0107 WIFI w ca\u0142ej szkole, biblioteka, videoteka z mo\u017cliwo\u015bci\u0105 wypo\u017cyczenia.","robots":{"index":"index","follow":"follow","max-snippet":"max-snippet:-1","max-image-preview":"max-image-preview:large","max-video-preview":"max-video-preview:-1"},"canonical":"https:\/\/www.inmsol.com\/pl\/dodatkowe-uslugi\/","og_locale":"pl_PL","og_type":"article","og_title":"Dodatkowe us\u0142ugi | WIFI, test j\u0119zyka, biblioteka, filmy, zni\u017cki, certyfikat, legitymacja studencka | INMSOL","og_description":"Us\u0142ugi dodatkowe do dyspozycji uczni\u00f3w to: legitymacja studencka, teczka powitalna, test poziomu j\u0119zyka, certyfikat uczestnictwa, dost\u0119p do internetu, sie\u0107 WIFI w ca\u0142ej szkole, biblioteka, videoteka z mo\u017cliwo\u015bci\u0105 wypo\u017cyczenia.","og_url":"https:\/\/www.inmsol.com\/pl\/dodatkowe-uslugi\/","og_site_name":"iNMSOL","article_publisher":"https:\/\/www.facebook.com\/spanishcourses","article_modified_time":"2023-06-29T01:00:30+00:00","og_image":[{"width":2560,"height":1676,"url":"https:\/\/www.inmsol.com\/wp-content\/uploads\/2009\/05\/serviciosgratuitos-scaled.jpg","type":"image\/jpeg"}],"schema":{"@context":"https:\/\/schema.org","@graph":[{"@type":"WebPage","@id":"https:\/\/www.inmsol.com\/pl\/dodatkowe-uslugi\/","url":"https:\/\/www.inmsol.com\/pl\/dodatkowe-uslugi\/","name":"Dodatkowe us\u0142ugi | WIFI, test j\u0119zyka, biblioteka, filmy, zni\u017cki, certyfikat, legitymacja studencka | INMSOL","isPartOf":{"@id":"https:\/\/www.inmsol.com\/pl\/#website"},"primaryImageOfPage":{"@id":"https:\/\/www.inmsol.com\/pl\/dodatkowe-uslugi\/#primaryimage"},"image":{"@id":"https:\/\/www.inmsol.com\/pl\/dodatkowe-uslugi\/#primaryimage"},"thumbnailUrl":"https:\/\/www.inmsol.com\/wp-content\/uploads\/2009\/05\/serviciosgratuitos-scaled.jpg","datePublished":"2011-11-15T13:04:14+00:00","dateModified":"2023-06-29T01:00:30+00:00","description":"Us\u0142ugi dodatkowe do dyspozycji uczni\u00f3w to: legitymacja studencka, teczka powitalna, test poziomu j\u0119zyka, certyfikat uczestnictwa, dost\u0119p do internetu, sie\u0107 WIFI w ca\u0142ej szkole, biblioteka, videoteka z mo\u017cliwo\u015bci\u0105 wypo\u017cyczenia.","breadcrumb":{"@id":"https:\/\/www.inmsol.com\/pl\/dodatkowe-uslugi\/#breadcrumb"},"inLanguage":"pl-PL","potentialAction":[{"@type":"ReadAction","target":["https:\/\/www.inmsol.com\/pl\/dodatkowe-uslugi\/"]}]},{"@type":"ImageObject","inLanguage":"pl-PL","@id":"https:\/\/www.inmsol.com\/pl\/dodatkowe-uslugi\/#primaryimage","url":"https:\/\/www.inmsol.com\/wp-content\/uploads\/2009\/05\/serviciosgratuitos-scaled.jpg","contentUrl":"https:\/\/www.inmsol.com\/wp-content\/uploads\/2009\/05\/serviciosgratuitos-scaled.jpg","width":2560,"height":1676},{"@type":"BreadcrumbList","@id":"https:\/\/www.inmsol.com\/pl\/dodatkowe-uslugi\/#breadcrumb","itemListElement":[{"@type":"ListItem","position":1,"name":"Accredited Center by Instituto Cervantes","item":"https:\/\/www.inmsol.com\/pl\/pagina-ejemplo\/"},{"@type":"ListItem","position":2,"name":"Dodatkowe us\u0142ugi"}]},{"@type":"WebSite","@id":"https:\/\/www.inmsol.com\/pl\/#website","url":"https:\/\/www.inmsol.com\/pl\/","name":"iNMSOL","description":"Learn Spanish with Us | Cervantes acredited Learning Centre","publisher":{"@id":"https:\/\/www.inmsol.com\/pl\/#organization"},"potentialAction":[{"@type":"SearchAction","target":{"@type":"EntryPoint","urlTemplate":"https:\/\/www.inmsol.com\/pl\/?s={search_term_string}"},"query-input":{"@type":"PropertyValueSpecification","valueRequired":true,"valueName":"search_term_string"}}],"inLanguage":"pl-PL"},{"@type":"Organization","@id":"https:\/\/www.inmsol.com\/pl\/#organization","name":"Instituto Mediterr\u00e1neo Sol","url":"https:\/\/www.inmsol.com\/pl\/","logo":{"@type":"ImageObject","inLanguage":"pl-PL","@id":"https:\/\/www.inmsol.com\/pl\/#\/schema\/logo\/image\/","url":"https:\/\/www.inmsol.com\/wp-content\/uploads\/2023\/06\/logo-inmsol-1.png","contentUrl":"https:\/\/www.inmsol.com\/wp-content\/uploads\/2023\/06\/logo-inmsol-1.png","width":136,"height":73,"caption":"Instituto Mediterr\u00e1neo Sol"},"image":{"@id":"https:\/\/www.inmsol.com\/pl\/#\/schema\/logo\/image\/"},"sameAs":["https:\/\/www.facebook.com\/spanishcourses","https:\/\/x.com\/StudyInGranada","http:\/\/instagram.com\/imsolgranada","https:\/\/es.linkedin.com\/company\/imsol-granada","https:\/\/www.pinterest.es\/inmsol\/","https:\/\/www.youtube.com\/channel\/UChz-Qn_7coFMosY85iYMO4g"]}]}},"_links":{"self":[{"href":"https:\/\/www.inmsol.com\/pl\/wp-json\/wp\/v2\/pages\/1793","targetHints":{"allow":["GET"]}}],"collection":[{"href":"https:\/\/www.inmsol.com\/pl\/wp-json\/wp\/v2\/pages"}],"about":[{"href":"https:\/\/www.inmsol.com\/pl\/wp-json\/wp\/v2\/types\/page"}],"author":[{"embeddable":true,"href":"https:\/\/www.inmsol.com\/pl\/wp-json\/wp\/v2\/users\/2"}],"replies":[{"embeddable":true,"href":"https:\/\/www.inmsol.com\/pl\/wp-json\/wp\/v2\/comments?post=1793"}],"version-history":[{"count":0,"href":"https:\/\/www.inmsol.com\/pl\/wp-json\/wp\/v2\/pages\/1793\/revisions"}],"wp:featuredmedia":[{"embeddable":true,"href":"https:\/\/www.inmsol.com\/pl\/wp-json\/wp\/v2\/media\/6782"}],"wp:attachment":[{"href":"https:\/\/www.inmsol.com\/pl\/wp-json\/wp\/v2\/media?parent=1793"}],"curies":[{"name":"wp","href":"https:\/\/api.w.org\/{rel}","templated":true}]}}