{"id":1809,"date":"2011-11-15T14:24:43","date_gmt":"2011-11-15T14:24:43","guid":{"rendered":"https:\/\/www.inmsol.com\/"},"modified":"2020-11-23T09:59:48","modified_gmt":"2020-11-23T08:59:48","slug":"stypendium-erasmus-do-ksztalcenia-nauczycieli","status":"publish","type":"page","link":"https:\/\/www.inmsol.com\/pl\/stypendium-erasmus-do-ksztalcenia-nauczycieli\/","title":{"rendered":"Stypendium Erasmus+ do kszta\u0142cenia nauczycieli"},"content":{"rendered":"<p style=\"text-align: justify;\"><a href=\"https:\/\/ec.europa.eu\/programmes\/erasmus-plus\/about_en\">Erasmus+<\/a> jest nowym programem UE na polu edukacji, praktyk, m\u0142odzie\u017cy i sportu <strong>na lata 2014-2010<\/strong>.<\/p>\n<p style=\"text-align: justify;\">Zawiera wszystkie 7 program\u00f3w (w tym Comenius i Grundtvig) z lat 2007-2013, zwane programem Long Life Learning (LLP), program Youth in action i 5 program\u00f3w wsp\u00f3\u0142pracy mi\u0119dzynarodowej.<\/p>\n<p style=\"text-align: justify;\">Nowy program skupi si\u0119 na dziedzinach:<\/p>\n<ul style=\"text-align: justify;\">\n<li>edukacji, praktyk i m\u0142odzie\u017cy<\/li>\n<li>sportu<\/li>\n<\/ul>\n<p style=\"text-align: justify;\">Wymienione kraje mog\u0105 bra\u0107 udzia\u0142 we wszystkich cz\u0119\u015bciach programu Erasmus+: wszystkie kraje cz\u0142onkowskie Unii Europejskiej, kraje by\u0142ej Jugos\u0142awii, Macedonia, Islandia, Liechtenstein, Norwegia, Szwajcaria i Turcja<\/p>\n<p style=\"text-align: justify;\">Inne kraje mog\u0105 wzi\u0105\u0107 udzia\u0142 w niekt\u00f3rych cz\u0119\u015bciach programu pod warunkiem spe\u0142nienia okre\u015blonych kryteri\u00f3w i warunk\u00f3w.<\/p>\n<p style=\"text-align: justify;\"><a href=\"https:\/\/www.inmsol.com\/downloads\/brochures\/erasmus-plus-programme-guide_en.pdf\">TUTAJ<\/a> mo\u017cesz znale\u017a\u0107 specjalny przewodnik po programie.<\/p>\n<p style=\"text-align: justify;\">Od 2010 iNMSOL oferuje Praktyki dla Nauczycieli obj\u0119tych programem Comenius i Grundtvig, pochodz\u0105cych z r\u00f3\u017cnych europejskich kraj\u00f3w. Kurs jest skierowany g\u0142\u00f3wnie do nauczycieli zajmuj\u0105cych si\u0119 edukacj\u0105 m\u0142odzie\u017cy i doros\u0142ych i mo\u017ce uprawnia\u0107 do uczestnictwa w European Key Action1. <a href=\"https:\/\/www.inmsol.com\/downloads\/brochures\/FormaciondeProfesoresERASMUSplusEN.pdf\">TUTAJ<\/a> znajdziesz opis kursu.<\/p>\n<p style=\"text-align: justify;\"><strong>PAMI\u0118TAJ, \u017bE NASZ NUMER PIC (PARTICIPANT IDENTIFICATION CODE) to <u>946526292<\/u><\/strong><\/p>\n<p style=\"text-align: justify;\">Pami\u0119taj, \u017ce, w nowym programie, tylko instytucje lub szko\u0142y, gdzie pracujesz mog\u0105 aplikowa\u0107 na stypendium! Skontaktuj si\u0119 z nimi jak najszybciej i podziel si\u0119 checi\u0105 uczestnictwa w naszych praktykach.<\/p>\n<p style=\"text-align: justify;\"><em><a href=\"https:\/\/ec.europa.eu\/programmes\/erasmus-plus\/node_en\">Mo\u017ce\u017c skontaktowa\u0107 si\u0119 z Narodow\u0105 Agencj\u0105 w Twoim kraju w\u00a0 celu rozwiania w\u0105tpliwo\u015bci i zasi\u0119gni\u0119cia dalszych informacji o programie.<\/a><\/em><\/p>\n","protected":false},"excerpt":{"rendered":"<p>Erasmus+ jest nowym programem UE na polu edukacji, praktyk, m\u0142odzie\u017cy i sportu na lata 2014-2010. Zawiera wszystkie 7 program\u00f3w (w tym Comenius i Grundtvig) z lat 2007-2013, zwane programem Long Life Learning (LLP), program Youth in action i 5 program\u00f3w wsp\u00f3\u0142pracy mi\u0119dzynarodowej. Nowy program skupi&#8230;<\/p>\n","protected":false},"author":2,"featured_media":8330,"parent":0,"menu_order":0,"comment_status":"closed","ping_status":"closed","template":"","meta":{"_acf_changed":false,"footnotes":""},"class_list":["post-1809","page","type-page","status-publish","has-post-thumbnail","hentry"],"acf":[],"yoast_head":"<!-- This site is optimized with the Yoast SEO plugin v27.5 - https:\/\/yoast.com\/product\/yoast-seo-wordpress\/ -->\n<title>Stypendium Erasmus + do kszta\u0142cenia nauczycieli j\u0119zyka hiszpa\u0144skiego | edukacja, doro\u015bli, szkolenie | INMSOL<\/title>\n<meta name=\"description\" content=\"Stypendium Erasmus + na kursy przygotowawcze dla nauczycieli w Instituto Mediterr\u00e1neo Sol.\" \/>\n<meta name=\"robots\" content=\"index, follow, max-snippet:-1, max-image-preview:large, max-video-preview:-1\" \/>\n<link rel=\"canonical\" href=\"https:\/\/www.inmsol.com\/pl\/stypendium-erasmus-do-ksztalcenia-nauczycieli\/\" \/>\n<meta property=\"og:locale\" content=\"pl_PL\" \/>\n<meta property=\"og:type\" content=\"article\" \/>\n<meta property=\"og:title\" content=\"Stypendium Erasmus + do kszta\u0142cenia nauczycieli j\u0119zyka hiszpa\u0144skiego | edukacja, doro\u015bli, szkolenie | INMSOL\" \/>\n<meta property=\"og:description\" content=\"Stypendium Erasmus + na kursy przygotowawcze dla nauczycieli w Instituto Mediterr\u00e1neo Sol.\" \/>\n<meta property=\"og:url\" content=\"https:\/\/www.inmsol.com\/pl\/stypendium-erasmus-do-ksztalcenia-nauczycieli\/\" \/>\n<meta property=\"og:site_name\" content=\"iNMSOL\" \/>\n<meta property=\"article:publisher\" content=\"https:\/\/www.facebook.com\/spanishcourses\" \/>\n<meta property=\"article:modified_time\" content=\"2020-11-23T08:59:48+00:00\" \/>\n<meta property=\"og:image\" content=\"https:\/\/www.inmsol.com\/wp-content\/uploads\/2011\/04\/erasmus-plus-logo.jpg\" \/>\n\t<meta property=\"og:image:width\" content=\"1024\" \/>\n\t<meta property=\"og:image:height\" content=\"728\" \/>\n\t<meta property=\"og:image:type\" content=\"image\/jpeg\" \/>\n<meta name=\"twitter:label1\" content=\"Szacowany czas czytania\" \/>\n\t<meta name=\"twitter:data1\" content=\"1 minuta\" \/>\n<script type=\"application\/ld+json\" class=\"yoast-schema-graph\">{\"@context\":\"https:\\\/\\\/schema.org\",\"@graph\":[{\"@type\":\"WebPage\",\"@id\":\"https:\\\/\\\/www.inmsol.com\\\/pl\\\/stypendium-erasmus-do-ksztalcenia-nauczycieli\\\/\",\"url\":\"https:\\\/\\\/www.inmsol.com\\\/pl\\\/stypendium-erasmus-do-ksztalcenia-nauczycieli\\\/\",\"name\":\"Stypendium Erasmus + do kszta\u0142cenia nauczycieli j\u0119zyka hiszpa\u0144skiego | edukacja, doro\u015bli, szkolenie | INMSOL\",\"isPartOf\":{\"@id\":\"https:\\\/\\\/www.inmsol.com\\\/pl\\\/#website\"},\"primaryImageOfPage\":{\"@id\":\"https:\\\/\\\/www.inmsol.com\\\/pl\\\/stypendium-erasmus-do-ksztalcenia-nauczycieli\\\/#primaryimage\"},\"image\":{\"@id\":\"https:\\\/\\\/www.inmsol.com\\\/pl\\\/stypendium-erasmus-do-ksztalcenia-nauczycieli\\\/#primaryimage\"},\"thumbnailUrl\":\"https:\\\/\\\/www.inmsol.com\\\/wp-content\\\/uploads\\\/2011\\\/04\\\/erasmus-plus-logo.jpg\",\"datePublished\":\"2011-11-15T14:24:43+00:00\",\"dateModified\":\"2020-11-23T08:59:48+00:00\",\"description\":\"Stypendium Erasmus + na kursy przygotowawcze dla nauczycieli w Instituto Mediterr\u00e1neo Sol.\",\"breadcrumb\":{\"@id\":\"https:\\\/\\\/www.inmsol.com\\\/pl\\\/stypendium-erasmus-do-ksztalcenia-nauczycieli\\\/#breadcrumb\"},\"inLanguage\":\"pl-PL\",\"potentialAction\":[{\"@type\":\"ReadAction\",\"target\":[\"https:\\\/\\\/www.inmsol.com\\\/pl\\\/stypendium-erasmus-do-ksztalcenia-nauczycieli\\\/\"]}]},{\"@type\":\"ImageObject\",\"inLanguage\":\"pl-PL\",\"@id\":\"https:\\\/\\\/www.inmsol.com\\\/pl\\\/stypendium-erasmus-do-ksztalcenia-nauczycieli\\\/#primaryimage\",\"url\":\"https:\\\/\\\/www.inmsol.com\\\/wp-content\\\/uploads\\\/2011\\\/04\\\/erasmus-plus-logo.jpg\",\"contentUrl\":\"https:\\\/\\\/www.inmsol.com\\\/wp-content\\\/uploads\\\/2011\\\/04\\\/erasmus-plus-logo.jpg\",\"width\":1024,\"height\":728,\"caption\":\"Erasmus plus logo\"},{\"@type\":\"BreadcrumbList\",\"@id\":\"https:\\\/\\\/www.inmsol.com\\\/pl\\\/stypendium-erasmus-do-ksztalcenia-nauczycieli\\\/#breadcrumb\",\"itemListElement\":[{\"@type\":\"ListItem\",\"position\":1,\"name\":\"Accredited Center by Instituto Cervantes\",\"item\":\"https:\\\/\\\/www.inmsol.com\\\/pl\\\/pagina-ejemplo\\\/\"},{\"@type\":\"ListItem\",\"position\":2,\"name\":\"Stypendium Erasmus+ do kszta\u0142cenia nauczycieli\"}]},{\"@type\":\"WebSite\",\"@id\":\"https:\\\/\\\/www.inmsol.com\\\/pl\\\/#website\",\"url\":\"https:\\\/\\\/www.inmsol.com\\\/pl\\\/\",\"name\":\"iNMSOL\",\"description\":\"Learn Spanish with Us | Cervantes acredited Learning Centre\",\"publisher\":{\"@id\":\"https:\\\/\\\/www.inmsol.com\\\/pl\\\/#organization\"},\"potentialAction\":[{\"@type\":\"SearchAction\",\"target\":{\"@type\":\"EntryPoint\",\"urlTemplate\":\"https:\\\/\\\/www.inmsol.com\\\/pl\\\/?s={search_term_string}\"},\"query-input\":{\"@type\":\"PropertyValueSpecification\",\"valueRequired\":true,\"valueName\":\"search_term_string\"}}],\"inLanguage\":\"pl-PL\"},{\"@type\":\"Organization\",\"@id\":\"https:\\\/\\\/www.inmsol.com\\\/pl\\\/#organization\",\"name\":\"Instituto Mediterr\u00e1neo Sol\",\"url\":\"https:\\\/\\\/www.inmsol.com\\\/pl\\\/\",\"logo\":{\"@type\":\"ImageObject\",\"inLanguage\":\"pl-PL\",\"@id\":\"https:\\\/\\\/www.inmsol.com\\\/pl\\\/#\\\/schema\\\/logo\\\/image\\\/\",\"url\":\"https:\\\/\\\/www.inmsol.com\\\/wp-content\\\/uploads\\\/2023\\\/06\\\/logo-inmsol-1.png\",\"contentUrl\":\"https:\\\/\\\/www.inmsol.com\\\/wp-content\\\/uploads\\\/2023\\\/06\\\/logo-inmsol-1.png\",\"width\":136,\"height\":73,\"caption\":\"Instituto Mediterr\u00e1neo Sol\"},\"image\":{\"@id\":\"https:\\\/\\\/www.inmsol.com\\\/pl\\\/#\\\/schema\\\/logo\\\/image\\\/\"},\"sameAs\":[\"https:\\\/\\\/www.facebook.com\\\/spanishcourses\",\"https:\\\/\\\/x.com\\\/StudyInGranada\",\"http:\\\/\\\/instagram.com\\\/imsolgranada\",\"https:\\\/\\\/es.linkedin.com\\\/company\\\/imsol-granada\",\"https:\\\/\\\/www.pinterest.es\\\/inmsol\\\/\",\"https:\\\/\\\/www.youtube.com\\\/channel\\\/UChz-Qn_7coFMosY85iYMO4g\"]}]}<\/script>\n<!-- \/ Yoast SEO plugin. -->","yoast_head_json":{"title":"Stypendium Erasmus + do kszta\u0142cenia nauczycieli j\u0119zyka hiszpa\u0144skiego | edukacja, doro\u015bli, szkolenie | INMSOL","description":"Stypendium Erasmus + na kursy przygotowawcze dla nauczycieli w Instituto Mediterr\u00e1neo Sol.","robots":{"index":"index","follow":"follow","max-snippet":"max-snippet:-1","max-image-preview":"max-image-preview:large","max-video-preview":"max-video-preview:-1"},"canonical":"https:\/\/www.inmsol.com\/pl\/stypendium-erasmus-do-ksztalcenia-nauczycieli\/","og_locale":"pl_PL","og_type":"article","og_title":"Stypendium Erasmus + do kszta\u0142cenia nauczycieli j\u0119zyka hiszpa\u0144skiego | edukacja, doro\u015bli, szkolenie | INMSOL","og_description":"Stypendium Erasmus + na kursy przygotowawcze dla nauczycieli w Instituto Mediterr\u00e1neo Sol.","og_url":"https:\/\/www.inmsol.com\/pl\/stypendium-erasmus-do-ksztalcenia-nauczycieli\/","og_site_name":"iNMSOL","article_publisher":"https:\/\/www.facebook.com\/spanishcourses","article_modified_time":"2020-11-23T08:59:48+00:00","og_image":[{"width":1024,"height":728,"url":"https:\/\/www.inmsol.com\/wp-content\/uploads\/2011\/04\/erasmus-plus-logo.jpg","type":"image\/jpeg"}],"twitter_misc":{"Szacowany czas czytania":"1 minuta"},"schema":{"@context":"https:\/\/schema.org","@graph":[{"@type":"WebPage","@id":"https:\/\/www.inmsol.com\/pl\/stypendium-erasmus-do-ksztalcenia-nauczycieli\/","url":"https:\/\/www.inmsol.com\/pl\/stypendium-erasmus-do-ksztalcenia-nauczycieli\/","name":"Stypendium Erasmus + do kszta\u0142cenia nauczycieli j\u0119zyka hiszpa\u0144skiego | edukacja, doro\u015bli, szkolenie | INMSOL","isPartOf":{"@id":"https:\/\/www.inmsol.com\/pl\/#website"},"primaryImageOfPage":{"@id":"https:\/\/www.inmsol.com\/pl\/stypendium-erasmus-do-ksztalcenia-nauczycieli\/#primaryimage"},"image":{"@id":"https:\/\/www.inmsol.com\/pl\/stypendium-erasmus-do-ksztalcenia-nauczycieli\/#primaryimage"},"thumbnailUrl":"https:\/\/www.inmsol.com\/wp-content\/uploads\/2011\/04\/erasmus-plus-logo.jpg","datePublished":"2011-11-15T14:24:43+00:00","dateModified":"2020-11-23T08:59:48+00:00","description":"Stypendium Erasmus + na kursy przygotowawcze dla nauczycieli w Instituto Mediterr\u00e1neo Sol.","breadcrumb":{"@id":"https:\/\/www.inmsol.com\/pl\/stypendium-erasmus-do-ksztalcenia-nauczycieli\/#breadcrumb"},"inLanguage":"pl-PL","potentialAction":[{"@type":"ReadAction","target":["https:\/\/www.inmsol.com\/pl\/stypendium-erasmus-do-ksztalcenia-nauczycieli\/"]}]},{"@type":"ImageObject","inLanguage":"pl-PL","@id":"https:\/\/www.inmsol.com\/pl\/stypendium-erasmus-do-ksztalcenia-nauczycieli\/#primaryimage","url":"https:\/\/www.inmsol.com\/wp-content\/uploads\/2011\/04\/erasmus-plus-logo.jpg","contentUrl":"https:\/\/www.inmsol.com\/wp-content\/uploads\/2011\/04\/erasmus-plus-logo.jpg","width":1024,"height":728,"caption":"Erasmus plus logo"},{"@type":"BreadcrumbList","@id":"https:\/\/www.inmsol.com\/pl\/stypendium-erasmus-do-ksztalcenia-nauczycieli\/#breadcrumb","itemListElement":[{"@type":"ListItem","position":1,"name":"Accredited Center by Instituto Cervantes","item":"https:\/\/www.inmsol.com\/pl\/pagina-ejemplo\/"},{"@type":"ListItem","position":2,"name":"Stypendium Erasmus+ do kszta\u0142cenia nauczycieli"}]},{"@type":"WebSite","@id":"https:\/\/www.inmsol.com\/pl\/#website","url":"https:\/\/www.inmsol.com\/pl\/","name":"iNMSOL","description":"Learn Spanish with Us | Cervantes acredited Learning Centre","publisher":{"@id":"https:\/\/www.inmsol.com\/pl\/#organization"},"potentialAction":[{"@type":"SearchAction","target":{"@type":"EntryPoint","urlTemplate":"https:\/\/www.inmsol.com\/pl\/?s={search_term_string}"},"query-input":{"@type":"PropertyValueSpecification","valueRequired":true,"valueName":"search_term_string"}}],"inLanguage":"pl-PL"},{"@type":"Organization","@id":"https:\/\/www.inmsol.com\/pl\/#organization","name":"Instituto Mediterr\u00e1neo Sol","url":"https:\/\/www.inmsol.com\/pl\/","logo":{"@type":"ImageObject","inLanguage":"pl-PL","@id":"https:\/\/www.inmsol.com\/pl\/#\/schema\/logo\/image\/","url":"https:\/\/www.inmsol.com\/wp-content\/uploads\/2023\/06\/logo-inmsol-1.png","contentUrl":"https:\/\/www.inmsol.com\/wp-content\/uploads\/2023\/06\/logo-inmsol-1.png","width":136,"height":73,"caption":"Instituto Mediterr\u00e1neo Sol"},"image":{"@id":"https:\/\/www.inmsol.com\/pl\/#\/schema\/logo\/image\/"},"sameAs":["https:\/\/www.facebook.com\/spanishcourses","https:\/\/x.com\/StudyInGranada","http:\/\/instagram.com\/imsolgranada","https:\/\/es.linkedin.com\/company\/imsol-granada","https:\/\/www.pinterest.es\/inmsol\/","https:\/\/www.youtube.com\/channel\/UChz-Qn_7coFMosY85iYMO4g"]}]}},"_links":{"self":[{"href":"https:\/\/www.inmsol.com\/pl\/wp-json\/wp\/v2\/pages\/1809","targetHints":{"allow":["GET"]}}],"collection":[{"href":"https:\/\/www.inmsol.com\/pl\/wp-json\/wp\/v2\/pages"}],"about":[{"href":"https:\/\/www.inmsol.com\/pl\/wp-json\/wp\/v2\/types\/page"}],"author":[{"embeddable":true,"href":"https:\/\/www.inmsol.com\/pl\/wp-json\/wp\/v2\/users\/2"}],"replies":[{"embeddable":true,"href":"https:\/\/www.inmsol.com\/pl\/wp-json\/wp\/v2\/comments?post=1809"}],"version-history":[{"count":0,"href":"https:\/\/www.inmsol.com\/pl\/wp-json\/wp\/v2\/pages\/1809\/revisions"}],"wp:featuredmedia":[{"embeddable":true,"href":"https:\/\/www.inmsol.com\/pl\/wp-json\/wp\/v2\/media\/8330"}],"wp:attachment":[{"href":"https:\/\/www.inmsol.com\/pl\/wp-json\/wp\/v2\/media?parent=1809"}],"curies":[{"name":"wp","href":"https:\/\/api.w.org\/{rel}","templated":true}]}}