{"id":64607,"date":"2023-01-02T15:08:23","date_gmt":"2023-01-02T14:08:23","guid":{"rendered":"https:\/\/www.inmsol.com\/producto\/superintensive-spanish-30\/"},"modified":"2026-03-31T16:39:12","modified_gmt":"2026-03-31T14:39:12","slug":"superintensive-spanish-30","status":"publish","type":"product","link":"https:\/\/www.inmsol.com\/pl\/producto\/superintensive-spanish-30\/","title":{"rendered":"Superintensywny kurs j\u0119zyka hiszpa\u0144skiego \u2013 30 lekcji\/tydzie\u0144"},"content":{"rendered":"<p class=\"ds-markdown-paragraph\">Superintensywny kurs j\u0119zyka hiszpa\u0144skiego, kt\u00f3ry obejmuje 6 lekcji dziennie, zorganizowanych w nast\u0119puj\u0105cy spos\u00f3b:<\/p>\n<ul>\n<li class=\"ds-markdown-paragraph\">2 lekcje dziennie z gramatyki komunikacyjnej.<\/li>\n<li class=\"ds-markdown-paragraph\">2 lekcje dziennie ze s\u0142ownictwa i konwersacji, z praktyk\u0105 ustn\u0105 i pisemn\u0105.<\/li>\n<li class=\"ds-markdown-paragraph\">5. i 6. godzina lekcyjna to zaj\u0119cia wspomagaj\u0105ce, utrwalaj\u0105ce wiedz\u0119 w dowolnej z umiej\u0119tno\u015bci.<\/li>\n<\/ul>\n<p><a href=\"https:\/\/www.inmsol.com\/wp-content\/uploads\/2022\/12\/Cursos-intensivos-y-superintensivos-2.jpg\" target=\"_blank\" rel=\"noopener\"><img fetchpriority=\"high\" decoding=\"async\" class=\"aligncenter wp-image-63699 size-full\" title=\"Cursos intensivos de espa\u00f1ol\" src=\"https:\/\/www.inmsol.com\/wp-content\/uploads\/2022\/12\/Cursos-intensivos-y-superintensivos-2.jpg\" alt=\"Cursos intensivos de espa\u00f1ol en Granada\" width=\"1010\" height=\"500\" srcset=\"https:\/\/www.inmsol.com\/wp-content\/uploads\/2022\/12\/Cursos-intensivos-y-superintensivos-2.jpg 1010w, https:\/\/www.inmsol.com\/wp-content\/uploads\/2022\/12\/Cursos-intensivos-y-superintensivos-2-800x396.jpg 800w, https:\/\/www.inmsol.com\/wp-content\/uploads\/2022\/12\/Cursos-intensivos-y-superintensivos-2-64x32.jpg 64w, https:\/\/www.inmsol.com\/wp-content\/uploads\/2022\/12\/Cursos-intensivos-y-superintensivos-2-460x228.jpg 460w, https:\/\/www.inmsol.com\/wp-content\/uploads\/2022\/12\/Cursos-intensivos-y-superintensivos-2-768x380.jpg 768w, https:\/\/www.inmsol.com\/wp-content\/uploads\/2022\/12\/Cursos-intensivos-y-superintensivos-2-250x124.jpg 250w, https:\/\/www.inmsol.com\/wp-content\/uploads\/2022\/12\/Cursos-intensivos-y-superintensivos-2-600x297.jpg 600w\" sizes=\"(max-width: 1010px) 100vw, 1010px\" \/><\/a><\/p>\n<p>Zaj\u0119cia prowadzone s\u0105 w ca\u0142o\u015bci w j\u0119zyku hiszpa\u0144skim od pierwszego dnia. W cen\u0119 kursu wliczone s\u0105: test poziomuj\u0105cy online, lekcje od poniedzia\u0142ku do pi\u0105tku, cotygodniowe zaj\u0119cia dodatkowe oraz certyfikat uko\u0144czenia kursu. Ka\u017cda lekcja trwa 45 minut.<\/p>\n<p><a class=\"btn-descarga\" href=\"https:\/\/www.inmsol.com\/wp-content\/uploads\/2026\/03\/Objetivos_contenidos_cursos-generales_2026.pdf\" target=\"_blank\" rel=\"noopener\"><br \/>\n\ud83d\udcc4 Tre\u015b\u0107 kursu<br \/>\n<\/a><\/p>\n<p>&nbsp;<\/p>\n<h4 class=\"ds-markdown-paragraph\">Warunki og\u00f3lne dotycz\u0105ce liczby uczestnik\u00f3w kurs\u00f3w:<\/h4>\n<p class=\"ds-markdown-paragraph\">Maksymalna liczba uczni\u00f3w w grupie na tym samym poziomie i o tych samych cechach kursu wynosi 10, a minimalna \u2013 3. W przypadku nieosi\u0105gni\u0119cia tej minimalnej liczby obowi\u0105zuj\u0105 nast\u0119puj\u0105ce zasady:<\/p>\n<ul>\n<li>\n<p class=\"ds-markdown-paragraph\"><strong>1 ucze\u0144 lub 2 uczni\u00f3w<\/strong>: uczestnik otrzymuje 50% wykupionych lekcji w formie zaj\u0119\u0107 indywidualnych (1 nauczyciel \/ 1 ucze\u0144) lub p\u00f3\u0142prywatnych (1 nauczyciel \/ 2 uczni\u00f3w), w zale\u017cno\u015bci od jego poziomu i potrzeb. W \u017cadnym przypadku uczestnik nie dop\u0142aca r\u00f3\u017cnicy w cenie.<\/p>\n<\/li>\n<li>\n<p class=\"ds-markdown-paragraph\"><strong>3 uczni\u00f3w lub wi\u0119cej<\/strong>: uczestnicy otrzymuj\u0105 100% wykupionych lekcji w grupie.<\/p>\n<\/li>\n<\/ul>\n<p>Sprawd\u017a nasze <a href=\"https:\/\/www.inmsol.com\/pl\/informacje-i-warunki\/\" target=\"_blank\" rel=\"noopener\">warunki uczestnictwa<\/a>!<\/p>\n","protected":false},"excerpt":{"rendered":"<p>Superintensywny kurs j\u0119zyka hiszpa\u0144skiego \u2013 30 lekcji\/tydzie\u0144.<\/p>\n","protected":false},"featured_media":63892,"template":"","meta":{"_acf_changed":false},"product_brand":[],"product_cat":[1015,1014,1018,1013,1020,1019,1017],"product_tag":[],"class_list":{"0":"post-64607","1":"product","2":"type-product","3":"status-publish","4":"has-post-thumbnail","6":"product_cat-a1-pl","7":"product_cat-a2-pl","8":"product_cat-b1-pl","9":"product_cat-b2-pl","10":"product_cat-c1-pl","11":"product_cat-c2-pl","12":"product_cat-intensives-pl","14":"first","15":"instock","16":"sold-individually","17":"purchasable","18":"product-type-variable"},"acf":[],"yoast_head":"<!-- This site is optimized with the Yoast SEO plugin v27.4 - https:\/\/yoast.com\/product\/yoast-seo-wordpress\/ -->\n<title>Superintensywny kurs j\u0119zyka hiszpa\u0144skiego \u2013 30 lekcji\/tydzie\u0144 | iNMSOL<\/title>\n<meta name=\"description\" content=\"Book one of our superintensive Spanish courses in Granada! These intensive courses have 30 weekly lessons, at all levels.\" \/>\n<meta name=\"robots\" content=\"index, follow, max-snippet:-1, max-image-preview:large, max-video-preview:-1\" \/>\n<link rel=\"canonical\" href=\"https:\/\/www.inmsol.com\/pl\/producto\/superintensive-spanish-30\/\" \/>\n<meta property=\"og:locale\" content=\"pl_PL\" \/>\n<meta property=\"og:type\" content=\"article\" \/>\n<meta property=\"og:title\" content=\"Superintensive Spanish 30 lessons\" \/>\n<meta property=\"og:description\" content=\"Book one of our superintensive Spanish courses in Granada! These intensive courses have 30 weekly lessons, at all levels.\" \/>\n<meta property=\"og:url\" content=\"https:\/\/www.inmsol.com\/pl\/producto\/superintensive-spanish-30\/\" \/>\n<meta property=\"og:site_name\" content=\"iNMSOL\" \/>\n<meta property=\"article:publisher\" content=\"https:\/\/www.facebook.com\/spanishcourses\" \/>\n<meta property=\"article:modified_time\" content=\"2026-03-31T14:39:12+00:00\" \/>\n<meta property=\"og:image\" content=\"https:\/\/www.inmsol.com\/wp-content\/uploads\/2023\/01\/Curso-superintensivo.jpg\" \/>\n\t<meta property=\"og:image:width\" content=\"1000\" \/>\n\t<meta property=\"og:image:height\" content=\"1000\" \/>\n\t<meta property=\"og:image:type\" content=\"image\/jpeg\" \/>\n<meta name=\"twitter:label1\" content=\"Szacowany czas czytania\" \/>\n\t<meta name=\"twitter:data1\" content=\"2 minuty\" \/>\n<script type=\"application\/ld+json\" class=\"yoast-schema-graph\">{\"@context\":\"https:\\\/\\\/schema.org\",\"@graph\":[{\"@type\":\"WebPage\",\"@id\":\"https:\\\/\\\/www.inmsol.com\\\/pl\\\/producto\\\/superintensive-spanish-30\\\/\",\"url\":\"https:\\\/\\\/www.inmsol.com\\\/pl\\\/producto\\\/superintensive-spanish-30\\\/\",\"name\":\"Superintensywny kurs j\u0119zyka hiszpa\u0144skiego \u2013 30 lekcji\\\/tydzie\u0144 | iNMSOL\",\"isPartOf\":{\"@id\":\"https:\\\/\\\/www.inmsol.com\\\/pl\\\/#website\"},\"primaryImageOfPage\":{\"@id\":\"https:\\\/\\\/www.inmsol.com\\\/pl\\\/producto\\\/superintensive-spanish-30\\\/#primaryimage\"},\"image\":{\"@id\":\"https:\\\/\\\/www.inmsol.com\\\/pl\\\/producto\\\/superintensive-spanish-30\\\/#primaryimage\"},\"thumbnailUrl\":\"https:\\\/\\\/www.inmsol.com\\\/wp-content\\\/uploads\\\/2023\\\/01\\\/Curso-superintensivo.jpg\",\"datePublished\":\"2023-01-02T14:08:23+00:00\",\"dateModified\":\"2026-03-31T14:39:12+00:00\",\"description\":\"Book one of our superintensive Spanish courses in Granada! These intensive courses have 30 weekly lessons, at all levels.\",\"breadcrumb\":{\"@id\":\"https:\\\/\\\/www.inmsol.com\\\/pl\\\/producto\\\/superintensive-spanish-30\\\/#breadcrumb\"},\"inLanguage\":\"pl-PL\",\"potentialAction\":[{\"@type\":\"ReadAction\",\"target\":[\"https:\\\/\\\/www.inmsol.com\\\/pl\\\/producto\\\/superintensive-spanish-30\\\/\"]}]},{\"@type\":\"ImageObject\",\"inLanguage\":\"pl-PL\",\"@id\":\"https:\\\/\\\/www.inmsol.com\\\/pl\\\/producto\\\/superintensive-spanish-30\\\/#primaryimage\",\"url\":\"https:\\\/\\\/www.inmsol.com\\\/wp-content\\\/uploads\\\/2023\\\/01\\\/Curso-superintensivo.jpg\",\"contentUrl\":\"https:\\\/\\\/www.inmsol.com\\\/wp-content\\\/uploads\\\/2023\\\/01\\\/Curso-superintensivo.jpg\",\"width\":1000,\"height\":1000},{\"@type\":\"BreadcrumbList\",\"@id\":\"https:\\\/\\\/www.inmsol.com\\\/pl\\\/producto\\\/superintensive-spanish-30\\\/#breadcrumb\",\"itemListElement\":[{\"@type\":\"ListItem\",\"position\":1,\"name\":\"Accredited Center by Instituto Cervantes\",\"item\":\"https:\\\/\\\/www.inmsol.com\\\/pl\\\/pagina-ejemplo\\\/\"},{\"@type\":\"ListItem\",\"position\":2,\"name\":\"Kursy\",\"item\":\"https:\\\/\\\/www.inmsol.com\\\/pl\\\/kursy\\\/\"},{\"@type\":\"ListItem\",\"position\":3,\"name\":\"Superintensywny kurs j\u0119zyka hiszpa\u0144skiego \u2013 30 lekcji\\\/tydzie\u0144\"}]},{\"@type\":\"WebSite\",\"@id\":\"https:\\\/\\\/www.inmsol.com\\\/pl\\\/#website\",\"url\":\"https:\\\/\\\/www.inmsol.com\\\/pl\\\/\",\"name\":\"iNMSOL\",\"description\":\"Learn Spanish with Us | Cervantes acredited Learning Centre\",\"publisher\":{\"@id\":\"https:\\\/\\\/www.inmsol.com\\\/pl\\\/#organization\"},\"potentialAction\":[{\"@type\":\"SearchAction\",\"target\":{\"@type\":\"EntryPoint\",\"urlTemplate\":\"https:\\\/\\\/www.inmsol.com\\\/pl\\\/?s={search_term_string}\"},\"query-input\":{\"@type\":\"PropertyValueSpecification\",\"valueRequired\":true,\"valueName\":\"search_term_string\"}}],\"inLanguage\":\"pl-PL\"},{\"@type\":\"Organization\",\"@id\":\"https:\\\/\\\/www.inmsol.com\\\/pl\\\/#organization\",\"name\":\"Instituto Mediterr\u00e1neo Sol\",\"url\":\"https:\\\/\\\/www.inmsol.com\\\/pl\\\/\",\"logo\":{\"@type\":\"ImageObject\",\"inLanguage\":\"pl-PL\",\"@id\":\"https:\\\/\\\/www.inmsol.com\\\/pl\\\/#\\\/schema\\\/logo\\\/image\\\/\",\"url\":\"https:\\\/\\\/www.inmsol.com\\\/wp-content\\\/uploads\\\/2023\\\/06\\\/logo-inmsol-1.png\",\"contentUrl\":\"https:\\\/\\\/www.inmsol.com\\\/wp-content\\\/uploads\\\/2023\\\/06\\\/logo-inmsol-1.png\",\"width\":136,\"height\":73,\"caption\":\"Instituto Mediterr\u00e1neo Sol\"},\"image\":{\"@id\":\"https:\\\/\\\/www.inmsol.com\\\/pl\\\/#\\\/schema\\\/logo\\\/image\\\/\"},\"sameAs\":[\"https:\\\/\\\/www.facebook.com\\\/spanishcourses\",\"https:\\\/\\\/x.com\\\/StudyInGranada\",\"http:\\\/\\\/instagram.com\\\/imsolgranada\",\"https:\\\/\\\/es.linkedin.com\\\/company\\\/imsol-granada\",\"https:\\\/\\\/www.pinterest.es\\\/inmsol\\\/\",\"https:\\\/\\\/www.youtube.com\\\/channel\\\/UChz-Qn_7coFMosY85iYMO4g\"]}]}<\/script>\n<!-- \/ Yoast SEO plugin. -->","yoast_head_json":{"title":"Superintensywny kurs j\u0119zyka hiszpa\u0144skiego \u2013 30 lekcji\/tydzie\u0144 | iNMSOL","description":"Book one of our superintensive Spanish courses in Granada! These intensive courses have 30 weekly lessons, at all levels.","robots":{"index":"index","follow":"follow","max-snippet":"max-snippet:-1","max-image-preview":"max-image-preview:large","max-video-preview":"max-video-preview:-1"},"canonical":"https:\/\/www.inmsol.com\/pl\/producto\/superintensive-spanish-30\/","og_locale":"pl_PL","og_type":"article","og_title":"Superintensive Spanish 30 lessons","og_description":"Book one of our superintensive Spanish courses in Granada! These intensive courses have 30 weekly lessons, at all levels.","og_url":"https:\/\/www.inmsol.com\/pl\/producto\/superintensive-spanish-30\/","og_site_name":"iNMSOL","article_publisher":"https:\/\/www.facebook.com\/spanishcourses","article_modified_time":"2026-03-31T14:39:12+00:00","og_image":[{"width":1000,"height":1000,"url":"https:\/\/www.inmsol.com\/wp-content\/uploads\/2023\/01\/Curso-superintensivo.jpg","type":"image\/jpeg"}],"twitter_misc":{"Szacowany czas czytania":"2 minuty"},"schema":{"@context":"https:\/\/schema.org","@graph":[{"@type":"WebPage","@id":"https:\/\/www.inmsol.com\/pl\/producto\/superintensive-spanish-30\/","url":"https:\/\/www.inmsol.com\/pl\/producto\/superintensive-spanish-30\/","name":"Superintensywny kurs j\u0119zyka hiszpa\u0144skiego \u2013 30 lekcji\/tydzie\u0144 | iNMSOL","isPartOf":{"@id":"https:\/\/www.inmsol.com\/pl\/#website"},"primaryImageOfPage":{"@id":"https:\/\/www.inmsol.com\/pl\/producto\/superintensive-spanish-30\/#primaryimage"},"image":{"@id":"https:\/\/www.inmsol.com\/pl\/producto\/superintensive-spanish-30\/#primaryimage"},"thumbnailUrl":"https:\/\/www.inmsol.com\/wp-content\/uploads\/2023\/01\/Curso-superintensivo.jpg","datePublished":"2023-01-02T14:08:23+00:00","dateModified":"2026-03-31T14:39:12+00:00","description":"Book one of our superintensive Spanish courses in Granada! These intensive courses have 30 weekly lessons, at all levels.","breadcrumb":{"@id":"https:\/\/www.inmsol.com\/pl\/producto\/superintensive-spanish-30\/#breadcrumb"},"inLanguage":"pl-PL","potentialAction":[{"@type":"ReadAction","target":["https:\/\/www.inmsol.com\/pl\/producto\/superintensive-spanish-30\/"]}]},{"@type":"ImageObject","inLanguage":"pl-PL","@id":"https:\/\/www.inmsol.com\/pl\/producto\/superintensive-spanish-30\/#primaryimage","url":"https:\/\/www.inmsol.com\/wp-content\/uploads\/2023\/01\/Curso-superintensivo.jpg","contentUrl":"https:\/\/www.inmsol.com\/wp-content\/uploads\/2023\/01\/Curso-superintensivo.jpg","width":1000,"height":1000},{"@type":"BreadcrumbList","@id":"https:\/\/www.inmsol.com\/pl\/producto\/superintensive-spanish-30\/#breadcrumb","itemListElement":[{"@type":"ListItem","position":1,"name":"Accredited Center by Instituto Cervantes","item":"https:\/\/www.inmsol.com\/pl\/pagina-ejemplo\/"},{"@type":"ListItem","position":2,"name":"Kursy","item":"https:\/\/www.inmsol.com\/pl\/kursy\/"},{"@type":"ListItem","position":3,"name":"Superintensywny kurs j\u0119zyka hiszpa\u0144skiego \u2013 30 lekcji\/tydzie\u0144"}]},{"@type":"WebSite","@id":"https:\/\/www.inmsol.com\/pl\/#website","url":"https:\/\/www.inmsol.com\/pl\/","name":"iNMSOL","description":"Learn Spanish with Us | Cervantes acredited Learning Centre","publisher":{"@id":"https:\/\/www.inmsol.com\/pl\/#organization"},"potentialAction":[{"@type":"SearchAction","target":{"@type":"EntryPoint","urlTemplate":"https:\/\/www.inmsol.com\/pl\/?s={search_term_string}"},"query-input":{"@type":"PropertyValueSpecification","valueRequired":true,"valueName":"search_term_string"}}],"inLanguage":"pl-PL"},{"@type":"Organization","@id":"https:\/\/www.inmsol.com\/pl\/#organization","name":"Instituto Mediterr\u00e1neo Sol","url":"https:\/\/www.inmsol.com\/pl\/","logo":{"@type":"ImageObject","inLanguage":"pl-PL","@id":"https:\/\/www.inmsol.com\/pl\/#\/schema\/logo\/image\/","url":"https:\/\/www.inmsol.com\/wp-content\/uploads\/2023\/06\/logo-inmsol-1.png","contentUrl":"https:\/\/www.inmsol.com\/wp-content\/uploads\/2023\/06\/logo-inmsol-1.png","width":136,"height":73,"caption":"Instituto Mediterr\u00e1neo Sol"},"image":{"@id":"https:\/\/www.inmsol.com\/pl\/#\/schema\/logo\/image\/"},"sameAs":["https:\/\/www.facebook.com\/spanishcourses","https:\/\/x.com\/StudyInGranada","http:\/\/instagram.com\/imsolgranada","https:\/\/es.linkedin.com\/company\/imsol-granada","https:\/\/www.pinterest.es\/inmsol\/","https:\/\/www.youtube.com\/channel\/UChz-Qn_7coFMosY85iYMO4g"]}]}},"_links":{"self":[{"href":"https:\/\/www.inmsol.com\/pl\/wp-json\/wp\/v2\/product\/64607","targetHints":{"allow":["GET"]}}],"collection":[{"href":"https:\/\/www.inmsol.com\/pl\/wp-json\/wp\/v2\/product"}],"about":[{"href":"https:\/\/www.inmsol.com\/pl\/wp-json\/wp\/v2\/types\/product"}],"wp:featuredmedia":[{"embeddable":true,"href":"https:\/\/www.inmsol.com\/pl\/wp-json\/wp\/v2\/media\/63892"}],"wp:attachment":[{"href":"https:\/\/www.inmsol.com\/pl\/wp-json\/wp\/v2\/media?parent=64607"}],"wp:term":[{"taxonomy":"product_brand","embeddable":true,"href":"https:\/\/www.inmsol.com\/pl\/wp-json\/wp\/v2\/product_brand?post=64607"},{"taxonomy":"product_cat","embeddable":true,"href":"https:\/\/www.inmsol.com\/pl\/wp-json\/wp\/v2\/product_cat?post=64607"},{"taxonomy":"product_tag","embeddable":true,"href":"https:\/\/www.inmsol.com\/pl\/wp-json\/wp\/v2\/product_tag?post=64607"}],"curies":[{"name":"wp","href":"https:\/\/api.w.org\/{rel}","templated":true}]}}