{"id":67992,"date":"2023-01-17T10:24:23","date_gmt":"2023-01-17T09:24:23","guid":{"rendered":"https:\/\/www.inmsol.com\/?post_type=product&#038;p=67992"},"modified":"2026-03-31T14:47:22","modified_gmt":"2026-03-31T12:47:22","slug":"spanish-course-teenagers","status":"publish","type":"product","link":"https:\/\/www.inmsol.com\/pl\/producto\/spanish-course-teenagers\/","title":{"rendered":"Kursy letnie dla m\u0142odzie\u017cy"},"content":{"rendered":"<p class=\"ds-markdown-paragraph\"><strong>Program immersyjny dla uczni\u00f3w w wieku od 13 do 17 lat w miesi\u0105cach letnich. <\/strong>Kompleksowe do\u015bwiadczenie dla m\u0142odych ludzi, kt\u00f3rzy chc\u0105 sp\u0119dzi\u0107 dwa i\/lub cztery tygodnie w Grenadzie, ucz\u0105c si\u0119 j\u0119zyka hiszpa\u0144skiego razem z innymi uczniami w tym samym wieku. Kurs sk\u0142ada si\u0119 z 4 lekcji dziennie, zorganizowanych w nast\u0119puj\u0105cy spos\u00f3b:<\/p>\n<ul>\n<li>\n<p class=\"ds-markdown-paragraph\">4 lekcje dziennie \u2013 intensywny kurs j\u0119zyka hiszpa\u0144skiego<\/p>\n<\/li>\n<li>\n<p class=\"ds-markdown-paragraph\">Codzienny program zaj\u0119\u0107 dodatkowych<\/p>\n<\/li>\n<li>\n<p class=\"ds-markdown-paragraph\">2 lekcje dziennie z gramatyki komunikacyjne<\/p>\n<\/li>\n<\/ul>\n<p>&nbsp;<\/p>\n<p><a href=\"https:\/\/www.inmsol.com\/wp-content\/uploads\/2023\/01\/Adolescentes.jpg\" target=\"_blank\" rel=\"noopener\"><img fetchpriority=\"high\" decoding=\"async\" class=\"aligncenter wp-image-68054 size-full\" title=\"Espa\u00f1ol para adolescentes\" src=\"https:\/\/www.inmsol.com\/wp-content\/uploads\/2023\/01\/Adolescentes.jpg\" alt=\"Espa\u00f1ol para adolescentes\" width=\"1010\" height=\"500\" srcset=\"https:\/\/www.inmsol.com\/wp-content\/uploads\/2023\/01\/Adolescentes.jpg 1010w, https:\/\/www.inmsol.com\/wp-content\/uploads\/2023\/01\/Adolescentes-800x396.jpg 800w, https:\/\/www.inmsol.com\/wp-content\/uploads\/2023\/01\/Adolescentes-64x32.jpg 64w, https:\/\/www.inmsol.com\/wp-content\/uploads\/2023\/01\/Adolescentes-460x228.jpg 460w, https:\/\/www.inmsol.com\/wp-content\/uploads\/2023\/01\/Adolescentes-768x380.jpg 768w, https:\/\/www.inmsol.com\/wp-content\/uploads\/2023\/01\/Adolescentes-250x124.jpg 250w, https:\/\/www.inmsol.com\/wp-content\/uploads\/2023\/01\/Adolescentes-600x297.jpg 600w\" sizes=\"(max-width: 1010px) 100vw, 1010px\" \/><\/a><\/p>\n<p class=\"ds-markdown-paragraph\"><strong>W ramach kursu zapewniamy:<\/strong><\/p>\n<ul>\n<li class=\"ds-markdown-paragraph\">Transfer z lotniska i na lotnisko<\/li>\n<li class=\"ds-markdown-paragraph\">Zakwaterowanie u rodziny (pok\u00f3j dwuosobowy, pe\u0142ne wy\u017cywienie)<\/li>\n<li class=\"ds-markdown-paragraph\">Opiekuna przez ca\u0142y czas trwania kursu<\/li>\n<li class=\"ds-markdown-paragraph\">Program cotygodniowych zaj\u0119\u0107 kulturalnych<\/li>\n<li class=\"ds-markdown-paragraph\">Wycieczk\u0119\/zaj\u0119cia w weekend<\/li>\n<\/ul>\n<style>\n.btn-descarga {<br \/>\n    display: inline-block !important;<br \/>\n    background-color: #ad0228 !important;<br \/>\n    color: white !important;<br \/>\n    padding: 8px 16px !important;<br \/>\n    font-size: 14px !important;<br \/>\n    font-weight: bold !important;<br \/>\n    text-decoration: none !important;<br \/>\n    border-radius: 5px !important;<br \/>\n    transition: background-color 0.3s ease !important;<br \/>\n    cursor: pointer !important;<br \/>\n    border: none !important;<br \/>\n}<\/p>\n<p>.btn-descarga:hover {<br \/>\n    background-color: #8b0120 !important;<br \/>\n    color: white !important;<br \/>\n    text-decoration: none !important;<br \/>\n}<br \/>\n<\/style>\n<p><a class=\"btn-descarga\" href=\"https:\/\/www.inmsol.com\/wp-content\/uploads\/2026\/03\/Objetivos_contenidos_cursos-especificos_2026_iNMSOL.pdf\" target=\"_blank\" rel=\"noopener\"><br \/>\n\ud83d\udcc4 Tre\u015b\u0107 kursu<br \/>\n<\/a><\/p>\n<p>Zaj\u0119cia prowadzone s\u0105 w ca\u0142o\u015bci w j\u0119zyku hiszpa\u0144skim od pierwszego dnia. W cen\u0119 kursu wliczone s\u0105: test poziomuj\u0105cy online, lekcje od poniedzia\u0142ku do pi\u0105tku, cotygodniowe zaj\u0119cia dodatkowe oraz certyfikat uko\u0144czenia kursu. Ka\u017cda lekcja trwa 45 minut.<\/p>\n<p>Sprawd\u017a nasze <a href=\"https:\/\/www.inmsol.com\/pl\/informacje-i-warunki\/\" target=\"_blank\" rel=\"noopener\">warunki uczestnictwa<\/a>!<\/p>\n","protected":false},"excerpt":{"rendered":"<p>Spanish Course for teenagers, all included.<\/p>\n","protected":false},"featured_media":68066,"template":"","meta":{"_acf_changed":false},"product_brand":[],"product_cat":[1015,1014,1018,1013,1020,1019,1191],"product_tag":[],"class_list":{"0":"post-67992","1":"product","2":"type-product","3":"status-publish","4":"has-post-thumbnail","6":"product_cat-a1-pl","7":"product_cat-a2-pl","8":"product_cat-b1-pl","9":"product_cat-b2-pl","10":"product_cat-c1-pl","11":"product_cat-c2-pl","12":"product_cat-teenagers-pl","14":"first","15":"instock","16":"sold-individually","17":"purchasable","18":"product-type-variable"},"acf":[],"yoast_head":"<!-- This site is optimized with the Yoast SEO plugin v27.4 - https:\/\/yoast.com\/product\/yoast-seo-wordpress\/ -->\n<title>Kursy letnie dla m\u0142odzie\u017cy | iNMSOL<\/title>\n<meta name=\"description\" content=\"Spanish immersion program for teenagers between 13 and 17 years old, in the summer months! Includes Spanish course and complementary services.\" \/>\n<meta name=\"robots\" content=\"index, follow, max-snippet:-1, max-image-preview:large, max-video-preview:-1\" \/>\n<link rel=\"canonical\" href=\"https:\/\/www.inmsol.com\/pl\/producto\/spanish-course-teenagers\/\" \/>\n<meta property=\"og:locale\" content=\"pl_PL\" \/>\n<meta property=\"og:type\" content=\"article\" \/>\n<meta property=\"og:title\" content=\"Espa\u00f1ol para adolescentes\" \/>\n<meta property=\"og:description\" content=\"Adquiere las herramientas espec\u00edficas para utilizar el espa\u00f1ol en un \u00e1mbito profesional sanitario. Consigue ser competente en experiencias profesionales sanitarias presentes o futuras.\u00a1Programa de inmersi\u00f3n en espa\u00f1ol para adolescentes de entre 13 y 17 a\u00f1os, en los meses de verano! Incluye curso de espa\u00f1ol y servicios complementarios.\" \/>\n<meta property=\"og:url\" content=\"https:\/\/www.inmsol.com\/pl\/producto\/spanish-course-teenagers\/\" \/>\n<meta property=\"og:site_name\" content=\"iNMSOL\" \/>\n<meta property=\"article:publisher\" content=\"https:\/\/www.facebook.com\/spanishcourses\" \/>\n<meta property=\"article:modified_time\" content=\"2026-03-31T12:47:22+00:00\" \/>\n<meta property=\"og:image\" content=\"https:\/\/www.inmsol.com\/wp-content\/uploads\/2023\/01\/Adolescentes.jpg\" \/>\n<meta name=\"twitter:label1\" content=\"Szacowany czas czytania\" \/>\n\t<meta name=\"twitter:data1\" content=\"2 minuty\" \/>\n<script type=\"application\/ld+json\" class=\"yoast-schema-graph\">{\"@context\":\"https:\\\/\\\/schema.org\",\"@graph\":[{\"@type\":\"WebPage\",\"@id\":\"https:\\\/\\\/www.inmsol.com\\\/pl\\\/producto\\\/spanish-course-teenagers\\\/\",\"url\":\"https:\\\/\\\/www.inmsol.com\\\/pl\\\/producto\\\/spanish-course-teenagers\\\/\",\"name\":\"Kursy letnie dla m\u0142odzie\u017cy | iNMSOL\",\"isPartOf\":{\"@id\":\"https:\\\/\\\/www.inmsol.com\\\/pl\\\/#website\"},\"primaryImageOfPage\":{\"@id\":\"https:\\\/\\\/www.inmsol.com\\\/pl\\\/producto\\\/spanish-course-teenagers\\\/#primaryimage\"},\"image\":{\"@id\":\"https:\\\/\\\/www.inmsol.com\\\/pl\\\/producto\\\/spanish-course-teenagers\\\/#primaryimage\"},\"thumbnailUrl\":\"https:\\\/\\\/www.inmsol.com\\\/wp-content\\\/uploads\\\/2023\\\/01\\\/Adolescentes-1.jpg\",\"datePublished\":\"2023-01-17T09:24:23+00:00\",\"dateModified\":\"2026-03-31T12:47:22+00:00\",\"description\":\"Spanish immersion program for teenagers between 13 and 17 years old, in the summer months! Includes Spanish course and complementary services.\",\"breadcrumb\":{\"@id\":\"https:\\\/\\\/www.inmsol.com\\\/pl\\\/producto\\\/spanish-course-teenagers\\\/#breadcrumb\"},\"inLanguage\":\"pl-PL\",\"potentialAction\":[{\"@type\":\"ReadAction\",\"target\":[\"https:\\\/\\\/www.inmsol.com\\\/pl\\\/producto\\\/spanish-course-teenagers\\\/\"]}]},{\"@type\":\"ImageObject\",\"inLanguage\":\"pl-PL\",\"@id\":\"https:\\\/\\\/www.inmsol.com\\\/pl\\\/producto\\\/spanish-course-teenagers\\\/#primaryimage\",\"url\":\"https:\\\/\\\/www.inmsol.com\\\/wp-content\\\/uploads\\\/2023\\\/01\\\/Adolescentes-1.jpg\",\"contentUrl\":\"https:\\\/\\\/www.inmsol.com\\\/wp-content\\\/uploads\\\/2023\\\/01\\\/Adolescentes-1.jpg\",\"width\":1000,\"height\":1000},{\"@type\":\"BreadcrumbList\",\"@id\":\"https:\\\/\\\/www.inmsol.com\\\/pl\\\/producto\\\/spanish-course-teenagers\\\/#breadcrumb\",\"itemListElement\":[{\"@type\":\"ListItem\",\"position\":1,\"name\":\"Accredited Center by Instituto Cervantes\",\"item\":\"https:\\\/\\\/www.inmsol.com\\\/pl\\\/pagina-ejemplo\\\/\"},{\"@type\":\"ListItem\",\"position\":2,\"name\":\"Kursy\",\"item\":\"https:\\\/\\\/www.inmsol.com\\\/pl\\\/kursy\\\/\"},{\"@type\":\"ListItem\",\"position\":3,\"name\":\"Kursy letnie dla m\u0142odzie\u017cy\"}]},{\"@type\":\"WebSite\",\"@id\":\"https:\\\/\\\/www.inmsol.com\\\/pl\\\/#website\",\"url\":\"https:\\\/\\\/www.inmsol.com\\\/pl\\\/\",\"name\":\"iNMSOL\",\"description\":\"Learn Spanish with Us | Cervantes acredited Learning Centre\",\"publisher\":{\"@id\":\"https:\\\/\\\/www.inmsol.com\\\/pl\\\/#organization\"},\"potentialAction\":[{\"@type\":\"SearchAction\",\"target\":{\"@type\":\"EntryPoint\",\"urlTemplate\":\"https:\\\/\\\/www.inmsol.com\\\/pl\\\/?s={search_term_string}\"},\"query-input\":{\"@type\":\"PropertyValueSpecification\",\"valueRequired\":true,\"valueName\":\"search_term_string\"}}],\"inLanguage\":\"pl-PL\"},{\"@type\":\"Organization\",\"@id\":\"https:\\\/\\\/www.inmsol.com\\\/pl\\\/#organization\",\"name\":\"Instituto Mediterr\u00e1neo Sol\",\"url\":\"https:\\\/\\\/www.inmsol.com\\\/pl\\\/\",\"logo\":{\"@type\":\"ImageObject\",\"inLanguage\":\"pl-PL\",\"@id\":\"https:\\\/\\\/www.inmsol.com\\\/pl\\\/#\\\/schema\\\/logo\\\/image\\\/\",\"url\":\"https:\\\/\\\/www.inmsol.com\\\/wp-content\\\/uploads\\\/2023\\\/06\\\/logo-inmsol-1.png\",\"contentUrl\":\"https:\\\/\\\/www.inmsol.com\\\/wp-content\\\/uploads\\\/2023\\\/06\\\/logo-inmsol-1.png\",\"width\":136,\"height\":73,\"caption\":\"Instituto Mediterr\u00e1neo Sol\"},\"image\":{\"@id\":\"https:\\\/\\\/www.inmsol.com\\\/pl\\\/#\\\/schema\\\/logo\\\/image\\\/\"},\"sameAs\":[\"https:\\\/\\\/www.facebook.com\\\/spanishcourses\",\"https:\\\/\\\/x.com\\\/StudyInGranada\",\"http:\\\/\\\/instagram.com\\\/imsolgranada\",\"https:\\\/\\\/es.linkedin.com\\\/company\\\/imsol-granada\",\"https:\\\/\\\/www.pinterest.es\\\/inmsol\\\/\",\"https:\\\/\\\/www.youtube.com\\\/channel\\\/UChz-Qn_7coFMosY85iYMO4g\"]}]}<\/script>\n<!-- \/ Yoast SEO plugin. -->","yoast_head_json":{"title":"Kursy letnie dla m\u0142odzie\u017cy | iNMSOL","description":"Spanish immersion program for teenagers between 13 and 17 years old, in the summer months! Includes Spanish course and complementary services.","robots":{"index":"index","follow":"follow","max-snippet":"max-snippet:-1","max-image-preview":"max-image-preview:large","max-video-preview":"max-video-preview:-1"},"canonical":"https:\/\/www.inmsol.com\/pl\/producto\/spanish-course-teenagers\/","og_locale":"pl_PL","og_type":"article","og_title":"Espa\u00f1ol para adolescentes","og_description":"Adquiere las herramientas espec\u00edficas para utilizar el espa\u00f1ol en un \u00e1mbito profesional sanitario. Consigue ser competente en experiencias profesionales sanitarias presentes o futuras.\u00a1Programa de inmersi\u00f3n en espa\u00f1ol para adolescentes de entre 13 y 17 a\u00f1os, en los meses de verano! Incluye curso de espa\u00f1ol y servicios complementarios.","og_url":"https:\/\/www.inmsol.com\/pl\/producto\/spanish-course-teenagers\/","og_site_name":"iNMSOL","article_publisher":"https:\/\/www.facebook.com\/spanishcourses","article_modified_time":"2026-03-31T12:47:22+00:00","og_image":[{"url":"https:\/\/www.inmsol.com\/wp-content\/uploads\/2023\/01\/Adolescentes.jpg","type":"","width":"","height":""}],"twitter_misc":{"Szacowany czas czytania":"2 minuty"},"schema":{"@context":"https:\/\/schema.org","@graph":[{"@type":"WebPage","@id":"https:\/\/www.inmsol.com\/pl\/producto\/spanish-course-teenagers\/","url":"https:\/\/www.inmsol.com\/pl\/producto\/spanish-course-teenagers\/","name":"Kursy letnie dla m\u0142odzie\u017cy | iNMSOL","isPartOf":{"@id":"https:\/\/www.inmsol.com\/pl\/#website"},"primaryImageOfPage":{"@id":"https:\/\/www.inmsol.com\/pl\/producto\/spanish-course-teenagers\/#primaryimage"},"image":{"@id":"https:\/\/www.inmsol.com\/pl\/producto\/spanish-course-teenagers\/#primaryimage"},"thumbnailUrl":"https:\/\/www.inmsol.com\/wp-content\/uploads\/2023\/01\/Adolescentes-1.jpg","datePublished":"2023-01-17T09:24:23+00:00","dateModified":"2026-03-31T12:47:22+00:00","description":"Spanish immersion program for teenagers between 13 and 17 years old, in the summer months! Includes Spanish course and complementary services.","breadcrumb":{"@id":"https:\/\/www.inmsol.com\/pl\/producto\/spanish-course-teenagers\/#breadcrumb"},"inLanguage":"pl-PL","potentialAction":[{"@type":"ReadAction","target":["https:\/\/www.inmsol.com\/pl\/producto\/spanish-course-teenagers\/"]}]},{"@type":"ImageObject","inLanguage":"pl-PL","@id":"https:\/\/www.inmsol.com\/pl\/producto\/spanish-course-teenagers\/#primaryimage","url":"https:\/\/www.inmsol.com\/wp-content\/uploads\/2023\/01\/Adolescentes-1.jpg","contentUrl":"https:\/\/www.inmsol.com\/wp-content\/uploads\/2023\/01\/Adolescentes-1.jpg","width":1000,"height":1000},{"@type":"BreadcrumbList","@id":"https:\/\/www.inmsol.com\/pl\/producto\/spanish-course-teenagers\/#breadcrumb","itemListElement":[{"@type":"ListItem","position":1,"name":"Accredited Center by Instituto Cervantes","item":"https:\/\/www.inmsol.com\/pl\/pagina-ejemplo\/"},{"@type":"ListItem","position":2,"name":"Kursy","item":"https:\/\/www.inmsol.com\/pl\/kursy\/"},{"@type":"ListItem","position":3,"name":"Kursy letnie dla m\u0142odzie\u017cy"}]},{"@type":"WebSite","@id":"https:\/\/www.inmsol.com\/pl\/#website","url":"https:\/\/www.inmsol.com\/pl\/","name":"iNMSOL","description":"Learn Spanish with Us | Cervantes acredited Learning Centre","publisher":{"@id":"https:\/\/www.inmsol.com\/pl\/#organization"},"potentialAction":[{"@type":"SearchAction","target":{"@type":"EntryPoint","urlTemplate":"https:\/\/www.inmsol.com\/pl\/?s={search_term_string}"},"query-input":{"@type":"PropertyValueSpecification","valueRequired":true,"valueName":"search_term_string"}}],"inLanguage":"pl-PL"},{"@type":"Organization","@id":"https:\/\/www.inmsol.com\/pl\/#organization","name":"Instituto Mediterr\u00e1neo Sol","url":"https:\/\/www.inmsol.com\/pl\/","logo":{"@type":"ImageObject","inLanguage":"pl-PL","@id":"https:\/\/www.inmsol.com\/pl\/#\/schema\/logo\/image\/","url":"https:\/\/www.inmsol.com\/wp-content\/uploads\/2023\/06\/logo-inmsol-1.png","contentUrl":"https:\/\/www.inmsol.com\/wp-content\/uploads\/2023\/06\/logo-inmsol-1.png","width":136,"height":73,"caption":"Instituto Mediterr\u00e1neo Sol"},"image":{"@id":"https:\/\/www.inmsol.com\/pl\/#\/schema\/logo\/image\/"},"sameAs":["https:\/\/www.facebook.com\/spanishcourses","https:\/\/x.com\/StudyInGranada","http:\/\/instagram.com\/imsolgranada","https:\/\/es.linkedin.com\/company\/imsol-granada","https:\/\/www.pinterest.es\/inmsol\/","https:\/\/www.youtube.com\/channel\/UChz-Qn_7coFMosY85iYMO4g"]}]}},"_links":{"self":[{"href":"https:\/\/www.inmsol.com\/pl\/wp-json\/wp\/v2\/product\/67992","targetHints":{"allow":["GET"]}}],"collection":[{"href":"https:\/\/www.inmsol.com\/pl\/wp-json\/wp\/v2\/product"}],"about":[{"href":"https:\/\/www.inmsol.com\/pl\/wp-json\/wp\/v2\/types\/product"}],"wp:featuredmedia":[{"embeddable":true,"href":"https:\/\/www.inmsol.com\/pl\/wp-json\/wp\/v2\/media\/68066"}],"wp:attachment":[{"href":"https:\/\/www.inmsol.com\/pl\/wp-json\/wp\/v2\/media?parent=67992"}],"wp:term":[{"taxonomy":"product_brand","embeddable":true,"href":"https:\/\/www.inmsol.com\/pl\/wp-json\/wp\/v2\/product_brand?post=67992"},{"taxonomy":"product_cat","embeddable":true,"href":"https:\/\/www.inmsol.com\/pl\/wp-json\/wp\/v2\/product_cat?post=67992"},{"taxonomy":"product_tag","embeddable":true,"href":"https:\/\/www.inmsol.com\/pl\/wp-json\/wp\/v2\/product_tag?post=67992"}],"curies":[{"name":"wp","href":"https:\/\/api.w.org\/{rel}","templated":true}]}}