{"id":68286,"date":"2023-01-17T13:05:17","date_gmt":"2023-01-17T12:05:17","guid":{"rendered":"https:\/\/www.inmsol.com\/?post_type=product&#038;p=68286"},"modified":"2026-03-31T12:49:40","modified_gmt":"2026-03-31T10:49:40","slug":"biludngsurlaub","status":"publish","type":"product","link":"https:\/\/www.inmsol.com\/pl\/producto\/biludngsurlaub\/","title":{"rendered":"Kurs Bildungsurlaub"},"content":{"rendered":"<p class=\"ds-markdown-paragraph\">Kurs j\u0119zyka hiszpa\u0144skiego przeznaczony dla student\u00f3w, kt\u00f3rzy korzystaj\u0105 z urlopu szkoleniowego (Bildungsurlaub) przyznawanego przez pracodawc\u0119 w Niemczech. Nasza szko\u0142a posiada akredytacj\u0119 kraj\u00f3w zwi\u0105zkowych (Land\u00f3w) Niemiec. Jest to og\u00f3lny kurs j\u0119zyka hiszpa\u0144skiego w wymiarze 6 lekcji dziennie, zorganizowany w nast\u0119puj\u0105cy spos\u00f3b:<\/p>\n<ul>\n<li>\n<p class=\"ds-markdown-paragraph\">2 lekcje gramatyki komunikacyjnej<\/p>\n<\/li>\n<li>\n<p class=\"ds-markdown-paragraph\">2 lekcje konwersacji i s\u0142ownictwa z praktyk\u0105 ustn\u0105 i pisemn\u0105<\/p>\n<\/li>\n<li>\n<p class=\"ds-markdown-paragraph\">2 lekcje powt\u00f3rzeniowe lub \u0107wiczenia komunikacyjne z nowym s\u0142ownictwem i wyra\u017ceniami<\/p>\n<\/li>\n<\/ul>\n<p><a href=\"https:\/\/www.inmsol.com\/wp-content\/uploads\/2023\/01\/5.-Curso-Bildungsurlaub.jpg\" target=\"_blank\" rel=\"noopener\"><img fetchpriority=\"high\" decoding=\"async\" class=\"aligncenter wp-image-68405 size-full\" title=\"Curso Bildungsurlaub en Granada\" src=\"https:\/\/www.inmsol.com\/wp-content\/uploads\/2023\/01\/5.-Curso-Bildungsurlaub.jpg\" alt=\"Curso Bildungsurlaub\" width=\"1010\" height=\"500\" srcset=\"https:\/\/www.inmsol.com\/wp-content\/uploads\/2023\/01\/5.-Curso-Bildungsurlaub.jpg 1010w, https:\/\/www.inmsol.com\/wp-content\/uploads\/2023\/01\/5.-Curso-Bildungsurlaub-800x396.jpg 800w, https:\/\/www.inmsol.com\/wp-content\/uploads\/2023\/01\/5.-Curso-Bildungsurlaub-64x32.jpg 64w, https:\/\/www.inmsol.com\/wp-content\/uploads\/2023\/01\/5.-Curso-Bildungsurlaub-460x228.jpg 460w, https:\/\/www.inmsol.com\/wp-content\/uploads\/2023\/01\/5.-Curso-Bildungsurlaub-768x380.jpg 768w, https:\/\/www.inmsol.com\/wp-content\/uploads\/2023\/01\/5.-Curso-Bildungsurlaub-250x124.jpg 250w, https:\/\/www.inmsol.com\/wp-content\/uploads\/2023\/01\/5.-Curso-Bildungsurlaub-600x297.jpg 600w\" sizes=\"(max-width: 1010px) 100vw, 1010px\" \/><\/a><\/p>\n<p>Zaj\u0119cia prowadzone s\u0105 w ca\u0142o\u015bci w j\u0119zyku hiszpa\u0144skim od pierwszego dnia. W cen\u0119 kursu wliczone s\u0105: test poziomuj\u0105cy online, lekcje od poniedzia\u0142ku do pi\u0105tku, cotygodniowe zaj\u0119cia dodatkowe oraz certyfikat uko\u0144czenia kursu. Ka\u017cda lekcja trwa 45 minut.<\/p>\n<style>\n.btn-descarga {\n    display: inline-block !important;\n    background-color: #ad0228 !important;\n    color: white !important;\n    padding: 8px 16px !important;\n    font-size: 14px !important;\n    font-weight: bold !important;\n    text-decoration: none !important;\n    border-radius: 5px !important;\n    transition: background-color 0.3s ease !important;\n    cursor: pointer !important;\n    border: none !important;\n}<\/p>\n<p>.btn-descarga:hover {\n    background-color: #8b0120 !important;\n    color: white !important;\n    text-decoration: none !important;\n}\n<\/style>\n<p><a href=\"https:\/\/www.inmsol.com\/wp-content\/uploads\/2026\/03\/Objetivos_contenidos_cursos-especificos_2026_iNMSOL.pdf\" target=\"_blank\" class=\"btn-descarga\"><br \/>\n    \ud83d\udcc4 Tre\u015b\u0107 kursu<br \/>\n<\/a>&nbsp;<\/p>\n<p>&nbsp;<\/p>\n<p>Sprawd\u017a nasze <a href=\"https:\/\/www.inmsol.com\/pl\/informacje-i-warunki\/\" target=\"_blank\" rel=\"noopener\">warunki uczestnictwa<\/a>!<\/p>\n","protected":false},"excerpt":{"rendered":"<p>Biludngsurlaub course of 30 lessons\/week.<\/p>\n","protected":false},"featured_media":68397,"template":"","meta":{"_acf_changed":false},"product_brand":[],"product_cat":[1015,1014,1018,1013,1203,1020,1019],"product_tag":[],"class_list":{"0":"post-68286","1":"product","2":"type-product","3":"status-publish","4":"has-post-thumbnail","6":"product_cat-a1-pl","7":"product_cat-a2-pl","8":"product_cat-b1-pl","9":"product_cat-b2-pl","10":"product_cat-bildungsurlaub-pl-2","11":"product_cat-c1-pl","12":"product_cat-c2-pl","14":"first","15":"instock","16":"sold-individually","17":"purchasable","18":"product-type-variable"},"acf":[],"yoast_head":"<!-- This site is optimized with the Yoast SEO plugin v27.4 - https:\/\/yoast.com\/product\/yoast-seo-wordpress\/ -->\n<title>Kurs Bildungsurlaub | iNMSOL<\/title>\n<meta name=\"description\" content=\"Learn Spanish grammar in Granada in a communicative and funny way. Bildungsurlaub courses consist of 30 lessons per week.\" \/>\n<meta name=\"robots\" content=\"index, follow, max-snippet:-1, max-image-preview:large, max-video-preview:-1\" \/>\n<link rel=\"canonical\" href=\"https:\/\/www.inmsol.com\/pl\/producto\/biludngsurlaub\/\" \/>\n<meta property=\"og:locale\" content=\"pl_PL\" \/>\n<meta property=\"og:type\" content=\"article\" \/>\n<meta property=\"og:title\" content=\"Curso Bildungsurlaub\" \/>\n<meta property=\"og:description\" content=\"Curso de espa\u00f1ol destinado a los estudiantes que disfrutan de un permiso Bildungsurlaub a trav\u00e9s de sus empleadores en Alemania.\" \/>\n<meta property=\"og:url\" content=\"https:\/\/www.inmsol.com\/pl\/producto\/biludngsurlaub\/\" \/>\n<meta property=\"og:site_name\" content=\"iNMSOL\" \/>\n<meta property=\"article:publisher\" content=\"https:\/\/www.facebook.com\/spanishcourses\" \/>\n<meta property=\"article:modified_time\" content=\"2026-03-31T10:49:40+00:00\" \/>\n<meta property=\"og:image\" content=\"https:\/\/www.inmsol.com\/wp-content\/uploads\/2023\/01\/5.-Curso-Bildungsurlaub.jpg\" \/>\n<meta name=\"twitter:label1\" content=\"Szacowany czas czytania\" \/>\n\t<meta name=\"twitter:data1\" content=\"1 minuta\" \/>\n<script type=\"application\/ld+json\" class=\"yoast-schema-graph\">{\"@context\":\"https:\\\/\\\/schema.org\",\"@graph\":[{\"@type\":\"WebPage\",\"@id\":\"https:\\\/\\\/www.inmsol.com\\\/pl\\\/producto\\\/biludngsurlaub\\\/\",\"url\":\"https:\\\/\\\/www.inmsol.com\\\/pl\\\/producto\\\/biludngsurlaub\\\/\",\"name\":\"Kurs Bildungsurlaub | iNMSOL\",\"isPartOf\":{\"@id\":\"https:\\\/\\\/www.inmsol.com\\\/pl\\\/#website\"},\"primaryImageOfPage\":{\"@id\":\"https:\\\/\\\/www.inmsol.com\\\/pl\\\/producto\\\/biludngsurlaub\\\/#primaryimage\"},\"image\":{\"@id\":\"https:\\\/\\\/www.inmsol.com\\\/pl\\\/producto\\\/biludngsurlaub\\\/#primaryimage\"},\"thumbnailUrl\":\"https:\\\/\\\/www.inmsol.com\\\/wp-content\\\/uploads\\\/2023\\\/01\\\/Bildungsurlaub.jpg\",\"datePublished\":\"2023-01-17T12:05:17+00:00\",\"dateModified\":\"2026-03-31T10:49:40+00:00\",\"description\":\"Learn Spanish grammar in Granada in a communicative and funny way. Bildungsurlaub courses consist of 30 lessons per week.\",\"breadcrumb\":{\"@id\":\"https:\\\/\\\/www.inmsol.com\\\/pl\\\/producto\\\/biludngsurlaub\\\/#breadcrumb\"},\"inLanguage\":\"pl-PL\",\"potentialAction\":[{\"@type\":\"ReadAction\",\"target\":[\"https:\\\/\\\/www.inmsol.com\\\/pl\\\/producto\\\/biludngsurlaub\\\/\"]}]},{\"@type\":\"ImageObject\",\"inLanguage\":\"pl-PL\",\"@id\":\"https:\\\/\\\/www.inmsol.com\\\/pl\\\/producto\\\/biludngsurlaub\\\/#primaryimage\",\"url\":\"https:\\\/\\\/www.inmsol.com\\\/wp-content\\\/uploads\\\/2023\\\/01\\\/Bildungsurlaub.jpg\",\"contentUrl\":\"https:\\\/\\\/www.inmsol.com\\\/wp-content\\\/uploads\\\/2023\\\/01\\\/Bildungsurlaub.jpg\",\"width\":1000,\"height\":1000},{\"@type\":\"BreadcrumbList\",\"@id\":\"https:\\\/\\\/www.inmsol.com\\\/pl\\\/producto\\\/biludngsurlaub\\\/#breadcrumb\",\"itemListElement\":[{\"@type\":\"ListItem\",\"position\":1,\"name\":\"Accredited Center by Instituto Cervantes\",\"item\":\"https:\\\/\\\/www.inmsol.com\\\/pl\\\/pagina-ejemplo\\\/\"},{\"@type\":\"ListItem\",\"position\":2,\"name\":\"Kursy\",\"item\":\"https:\\\/\\\/www.inmsol.com\\\/pl\\\/kursy\\\/\"},{\"@type\":\"ListItem\",\"position\":3,\"name\":\"Kurs Bildungsurlaub\"}]},{\"@type\":\"WebSite\",\"@id\":\"https:\\\/\\\/www.inmsol.com\\\/pl\\\/#website\",\"url\":\"https:\\\/\\\/www.inmsol.com\\\/pl\\\/\",\"name\":\"iNMSOL\",\"description\":\"Learn Spanish with Us | Cervantes acredited Learning Centre\",\"publisher\":{\"@id\":\"https:\\\/\\\/www.inmsol.com\\\/pl\\\/#organization\"},\"potentialAction\":[{\"@type\":\"SearchAction\",\"target\":{\"@type\":\"EntryPoint\",\"urlTemplate\":\"https:\\\/\\\/www.inmsol.com\\\/pl\\\/?s={search_term_string}\"},\"query-input\":{\"@type\":\"PropertyValueSpecification\",\"valueRequired\":true,\"valueName\":\"search_term_string\"}}],\"inLanguage\":\"pl-PL\"},{\"@type\":\"Organization\",\"@id\":\"https:\\\/\\\/www.inmsol.com\\\/pl\\\/#organization\",\"name\":\"Instituto Mediterr\u00e1neo Sol\",\"url\":\"https:\\\/\\\/www.inmsol.com\\\/pl\\\/\",\"logo\":{\"@type\":\"ImageObject\",\"inLanguage\":\"pl-PL\",\"@id\":\"https:\\\/\\\/www.inmsol.com\\\/pl\\\/#\\\/schema\\\/logo\\\/image\\\/\",\"url\":\"https:\\\/\\\/www.inmsol.com\\\/wp-content\\\/uploads\\\/2023\\\/06\\\/logo-inmsol-1.png\",\"contentUrl\":\"https:\\\/\\\/www.inmsol.com\\\/wp-content\\\/uploads\\\/2023\\\/06\\\/logo-inmsol-1.png\",\"width\":136,\"height\":73,\"caption\":\"Instituto Mediterr\u00e1neo Sol\"},\"image\":{\"@id\":\"https:\\\/\\\/www.inmsol.com\\\/pl\\\/#\\\/schema\\\/logo\\\/image\\\/\"},\"sameAs\":[\"https:\\\/\\\/www.facebook.com\\\/spanishcourses\",\"https:\\\/\\\/x.com\\\/StudyInGranada\",\"http:\\\/\\\/instagram.com\\\/imsolgranada\",\"https:\\\/\\\/es.linkedin.com\\\/company\\\/imsol-granada\",\"https:\\\/\\\/www.pinterest.es\\\/inmsol\\\/\",\"https:\\\/\\\/www.youtube.com\\\/channel\\\/UChz-Qn_7coFMosY85iYMO4g\"]}]}<\/script>\n<!-- \/ Yoast SEO plugin. -->","yoast_head_json":{"title":"Kurs Bildungsurlaub | iNMSOL","description":"Learn Spanish grammar in Granada in a communicative and funny way. Bildungsurlaub courses consist of 30 lessons per week.","robots":{"index":"index","follow":"follow","max-snippet":"max-snippet:-1","max-image-preview":"max-image-preview:large","max-video-preview":"max-video-preview:-1"},"canonical":"https:\/\/www.inmsol.com\/pl\/producto\/biludngsurlaub\/","og_locale":"pl_PL","og_type":"article","og_title":"Curso Bildungsurlaub","og_description":"Curso de espa\u00f1ol destinado a los estudiantes que disfrutan de un permiso Bildungsurlaub a trav\u00e9s de sus empleadores en Alemania.","og_url":"https:\/\/www.inmsol.com\/pl\/producto\/biludngsurlaub\/","og_site_name":"iNMSOL","article_publisher":"https:\/\/www.facebook.com\/spanishcourses","article_modified_time":"2026-03-31T10:49:40+00:00","og_image":[{"url":"https:\/\/www.inmsol.com\/wp-content\/uploads\/2023\/01\/5.-Curso-Bildungsurlaub.jpg","type":"","width":"","height":""}],"twitter_misc":{"Szacowany czas czytania":"1 minuta"},"schema":{"@context":"https:\/\/schema.org","@graph":[{"@type":"WebPage","@id":"https:\/\/www.inmsol.com\/pl\/producto\/biludngsurlaub\/","url":"https:\/\/www.inmsol.com\/pl\/producto\/biludngsurlaub\/","name":"Kurs Bildungsurlaub | iNMSOL","isPartOf":{"@id":"https:\/\/www.inmsol.com\/pl\/#website"},"primaryImageOfPage":{"@id":"https:\/\/www.inmsol.com\/pl\/producto\/biludngsurlaub\/#primaryimage"},"image":{"@id":"https:\/\/www.inmsol.com\/pl\/producto\/biludngsurlaub\/#primaryimage"},"thumbnailUrl":"https:\/\/www.inmsol.com\/wp-content\/uploads\/2023\/01\/Bildungsurlaub.jpg","datePublished":"2023-01-17T12:05:17+00:00","dateModified":"2026-03-31T10:49:40+00:00","description":"Learn Spanish grammar in Granada in a communicative and funny way. Bildungsurlaub courses consist of 30 lessons per week.","breadcrumb":{"@id":"https:\/\/www.inmsol.com\/pl\/producto\/biludngsurlaub\/#breadcrumb"},"inLanguage":"pl-PL","potentialAction":[{"@type":"ReadAction","target":["https:\/\/www.inmsol.com\/pl\/producto\/biludngsurlaub\/"]}]},{"@type":"ImageObject","inLanguage":"pl-PL","@id":"https:\/\/www.inmsol.com\/pl\/producto\/biludngsurlaub\/#primaryimage","url":"https:\/\/www.inmsol.com\/wp-content\/uploads\/2023\/01\/Bildungsurlaub.jpg","contentUrl":"https:\/\/www.inmsol.com\/wp-content\/uploads\/2023\/01\/Bildungsurlaub.jpg","width":1000,"height":1000},{"@type":"BreadcrumbList","@id":"https:\/\/www.inmsol.com\/pl\/producto\/biludngsurlaub\/#breadcrumb","itemListElement":[{"@type":"ListItem","position":1,"name":"Accredited Center by Instituto Cervantes","item":"https:\/\/www.inmsol.com\/pl\/pagina-ejemplo\/"},{"@type":"ListItem","position":2,"name":"Kursy","item":"https:\/\/www.inmsol.com\/pl\/kursy\/"},{"@type":"ListItem","position":3,"name":"Kurs Bildungsurlaub"}]},{"@type":"WebSite","@id":"https:\/\/www.inmsol.com\/pl\/#website","url":"https:\/\/www.inmsol.com\/pl\/","name":"iNMSOL","description":"Learn Spanish with Us | Cervantes acredited Learning Centre","publisher":{"@id":"https:\/\/www.inmsol.com\/pl\/#organization"},"potentialAction":[{"@type":"SearchAction","target":{"@type":"EntryPoint","urlTemplate":"https:\/\/www.inmsol.com\/pl\/?s={search_term_string}"},"query-input":{"@type":"PropertyValueSpecification","valueRequired":true,"valueName":"search_term_string"}}],"inLanguage":"pl-PL"},{"@type":"Organization","@id":"https:\/\/www.inmsol.com\/pl\/#organization","name":"Instituto Mediterr\u00e1neo Sol","url":"https:\/\/www.inmsol.com\/pl\/","logo":{"@type":"ImageObject","inLanguage":"pl-PL","@id":"https:\/\/www.inmsol.com\/pl\/#\/schema\/logo\/image\/","url":"https:\/\/www.inmsol.com\/wp-content\/uploads\/2023\/06\/logo-inmsol-1.png","contentUrl":"https:\/\/www.inmsol.com\/wp-content\/uploads\/2023\/06\/logo-inmsol-1.png","width":136,"height":73,"caption":"Instituto Mediterr\u00e1neo Sol"},"image":{"@id":"https:\/\/www.inmsol.com\/pl\/#\/schema\/logo\/image\/"},"sameAs":["https:\/\/www.facebook.com\/spanishcourses","https:\/\/x.com\/StudyInGranada","http:\/\/instagram.com\/imsolgranada","https:\/\/es.linkedin.com\/company\/imsol-granada","https:\/\/www.pinterest.es\/inmsol\/","https:\/\/www.youtube.com\/channel\/UChz-Qn_7coFMosY85iYMO4g"]}]}},"_links":{"self":[{"href":"https:\/\/www.inmsol.com\/pl\/wp-json\/wp\/v2\/product\/68286","targetHints":{"allow":["GET"]}}],"collection":[{"href":"https:\/\/www.inmsol.com\/pl\/wp-json\/wp\/v2\/product"}],"about":[{"href":"https:\/\/www.inmsol.com\/pl\/wp-json\/wp\/v2\/types\/product"}],"wp:featuredmedia":[{"embeddable":true,"href":"https:\/\/www.inmsol.com\/pl\/wp-json\/wp\/v2\/media\/68397"}],"wp:attachment":[{"href":"https:\/\/www.inmsol.com\/pl\/wp-json\/wp\/v2\/media?parent=68286"}],"wp:term":[{"taxonomy":"product_brand","embeddable":true,"href":"https:\/\/www.inmsol.com\/pl\/wp-json\/wp\/v2\/product_brand?post=68286"},{"taxonomy":"product_cat","embeddable":true,"href":"https:\/\/www.inmsol.com\/pl\/wp-json\/wp\/v2\/product_cat?post=68286"},{"taxonomy":"product_tag","embeddable":true,"href":"https:\/\/www.inmsol.com\/pl\/wp-json\/wp\/v2\/product_tag?post=68286"}],"curies":[{"name":"wp","href":"https:\/\/api.w.org\/{rel}","templated":true}]}}