{"id":69838,"date":"2023-01-11T17:31:55","date_gmt":"2023-01-11T16:31:55","guid":{"rendered":"https:\/\/www.inmsol.com\/?post_type=product&#038;p=69838"},"modified":"2026-04-06T15:44:35","modified_gmt":"2026-04-06T13:44:35","slug":"preparation-siele-20","status":"publish","type":"product","link":"https:\/\/www.inmsol.com\/pl\/producto\/preparation-siele-20\/","title":{"rendered":"Przygotowanie do egzaminu SIELE \u2013 20 lekcji\/tydzie\u0144"},"content":{"rendered":"<p class=\"ds-markdown-paragraph\">Kurs sk\u0142adaj\u0105cy si\u0119 z 4 zaj\u0119\u0107 dziennie, prowadzonych przez egzaminator\u00f3w akredytowanych, kt\u00f3rego tre\u015b\u0107 opiera si\u0119 na analizie oficjalnych arkuszy egzaminacyjnych SIELE (Servicio Internacional de Evaluaci\u00f3n de la Lengua Espa\u00f1ola):<\/p>\n<ul>\n<li class=\"ds-markdown-paragraph\">Rozumienie tekst\u00f3w czytanych<\/li>\n<li class=\"ds-markdown-paragraph\">Wyra\u017canie si\u0119 w pi\u015bmie i interakcja pisemna<\/li>\n<li class=\"ds-markdown-paragraph\">Rozumienie ze s\u0142uchu<\/li>\n<li class=\"ds-markdown-paragraph\">Wyra\u017canie si\u0119 w mowie i interakcja ustna<\/li>\n<\/ul>\n<p><a href=\"https:\/\/www.inmsol.com\/wp-content\/uploads\/2023\/01\/4.-Curso-extensivo.jpg\" target=\"_blank\" rel=\"noopener\"><img fetchpriority=\"high\" decoding=\"async\" class=\"aligncenter wp-image-65285 size-full\" title=\"SIELE preparation in Granada\" src=\"https:\/\/www.inmsol.com\/wp-content\/uploads\/2023\/01\/4.-Curso-extensivo.jpg\" alt=\"SIELE preparation in Granada\" width=\"1010\" height=\"500\" srcset=\"https:\/\/www.inmsol.com\/wp-content\/uploads\/2023\/01\/4.-Curso-extensivo.jpg 1010w, https:\/\/www.inmsol.com\/wp-content\/uploads\/2023\/01\/4.-Curso-extensivo-800x396.jpg 800w, https:\/\/www.inmsol.com\/wp-content\/uploads\/2023\/01\/4.-Curso-extensivo-64x32.jpg 64w, https:\/\/www.inmsol.com\/wp-content\/uploads\/2023\/01\/4.-Curso-extensivo-460x228.jpg 460w, https:\/\/www.inmsol.com\/wp-content\/uploads\/2023\/01\/4.-Curso-extensivo-768x380.jpg 768w, https:\/\/www.inmsol.com\/wp-content\/uploads\/2023\/01\/4.-Curso-extensivo-250x124.jpg 250w, https:\/\/www.inmsol.com\/wp-content\/uploads\/2023\/01\/4.-Curso-extensivo-600x297.jpg 600w\" sizes=\"(max-width: 1010px) 100vw, 1010px\" \/><\/a><\/p>\n<p><strong>Kurs ten nie obejmuje rejestracji na egzamin SIELE, <\/strong>jednak s\u0142u\u017cymy pomoc\u0105 w zapisaniu si\u0119 na egzamin w naszym centrum.<\/p>\n<style>\n.btn-descarga {<br \/>    display: inline-block !important;<br \/>    background-color: #ad0228 !important;<br \/>    color: white !important;<br \/>    padding: 8px 16px !important;<br \/>    font-size: 14px !important;<br \/>    font-weight: bold !important;<br \/>    text-decoration: none !important;<br \/>    border-radius: 5px !important;<br \/>    transition: background-color 0.3s ease !important;<br \/>    cursor: pointer !important;<br \/>    border: none !important;<br \/>}<\/p>\n<p>.btn-descarga:hover {<br \/>    background-color: #8b0120 !important;<br \/>    color: white !important;<br \/>    text-decoration: none !important;<br \/>}<br \/><\/style>\n<p><a class=\"btn-descarga\" href=\"https:\/\/www.inmsol.com\/wp-content\/uploads\/2026\/03\/Objetivos_contenidos_cursos-especificos_2026_iNMSOL.pdf\" target=\"_blank\" rel=\"noopener\"><br \/>\n\ud83d\udcc4 Tre\u015b\u0107 kursu<br \/>\n<\/a><\/p>\n<p>&nbsp;<\/p>\n<p class=\"ds-markdown-paragraph\"><strong>Ten kurs nie obejmuje zapisu na egzamin SIELE, ale mo\u017cemy pom\u00f3c Ci zarejestrowa\u0107 si\u0119 na egzamin w naszym centrum.<\/strong><\/p>\n<p class=\"ds-markdown-paragraph\"><strong>Warunki og\u00f3lne w zale\u017cno\u015bci od liczby uczestnik\u00f3w kursu:<\/strong><\/p>\n<blockquote>\n<p class=\"ds-markdown-paragraph\"><strong>1 ucze\u0144 lub 2 uczni\u00f3w:<\/strong>\u00a0uczestnik otrzyma 50% lekcji przewidzianych w umowie, indywidualnie (1 nauczyciel \/ 1 ucze\u0144) lub w formie p\u00f3\u0142prywatnej (1 nauczyciel \/ 2 uczni\u00f3w), w zale\u017cno\u015bci od jego poziomu i potrzeb. Ucze\u0144 w \u017cadnym wypadku nie musi p\u0142aci\u0107 r\u00f3\u017cnicy w cenie. Je\u015bli istnieje kurs gramatyki lub konwersacji (2 lekcje dziennie), w kt\u00f3rym ucze\u0144 mo\u017ce uczestniczy\u0107, zostanie zaproszony na liczb\u0119 zredukowanych lekcji w ramach swojego kursu przygotowawczego do SIELE, opr\u00f3cz lekcji indywidualnych. Je\u015bli ucze\u0144 chce uczestniczy\u0107 wy\u0142\u0105cznie w kursie przygotowawczym do SIELE, zostanie mu naliczona cena kursu w wymiarze 2 lekcji dziennie.<\/p>\n<p class=\"ds-markdown-paragraph\"><strong>3 uczni\u00f3w lub wi\u0119cej:<\/strong>\u00a0uczestnicy otrzymaj\u0105 100% lekcji przewidzianych w umowie, w grupie.<\/p>\n<\/blockquote>\n<p class=\"ds-markdown-paragraph\">Skontaktuj si\u0119 z nami, <a href=\"https:\/\/www.inmsol.com\/pl\/informacje-i-warunki\/\" target=\"_blank\" rel=\"noopener\">aby zapozna\u0107 si\u0119 z naszymi warunkami<\/a>!<\/p>\n","protected":false},"excerpt":{"rendered":"<p>Przygotowanie do egzaminu SIELE \u2013 20 lekcji.<\/p>\n","protected":false},"featured_media":65441,"template":"","meta":{"_acf_changed":false},"product_brand":[],"product_cat":[1015,1014,1018,1013,1020,1019,1241],"product_tag":[],"class_list":{"0":"post-69838","1":"product","2":"type-product","3":"status-publish","4":"has-post-thumbnail","6":"product_cat-a1-pl","7":"product_cat-a2-pl","8":"product_cat-b1-pl","9":"product_cat-b2-pl","10":"product_cat-c1-pl","11":"product_cat-c2-pl","12":"product_cat-dele-preparation-pl","14":"first","15":"instock","16":"sold-individually","17":"shipping-taxable","18":"purchasable","19":"product-type-variable"},"acf":[],"yoast_head":"<!-- This site is optimized with the Yoast SEO plugin v27.4 - https:\/\/yoast.com\/product\/yoast-seo-wordpress\/ -->\n<title>Przygotowanie do egzaminu SIELE \u2013 20 lekcji\/tydzie\u0144 &#8226; iNMSOL<\/title>\n<meta name=\"description\" content=\"Prepare your SIELE exam with our native professors. Our professors are official examiners and they have experience with these exams.\" \/>\n<meta name=\"robots\" content=\"index, follow, max-snippet:-1, max-image-preview:large, max-video-preview:-1\" \/>\n<link rel=\"canonical\" href=\"https:\/\/www.inmsol.com\/pl\/producto\/preparation-siele-20\/\" \/>\n<meta property=\"og:locale\" content=\"pl_PL\" \/>\n<meta property=\"og:type\" content=\"article\" \/>\n<meta property=\"og:title\" content=\"Przygotowanie do egzaminu SIELE \u2013 20 lekcji\/tydzie\u0144 &#8226; iNMSOL\" \/>\n<meta property=\"og:description\" content=\"Prepare your SIELE exam with our native professors. Our professors are official examiners and they have experience with these exams.\" \/>\n<meta property=\"og:url\" content=\"https:\/\/www.inmsol.com\/pl\/producto\/preparation-siele-20\/\" \/>\n<meta property=\"og:site_name\" content=\"iNMSOL\" \/>\n<meta property=\"article:publisher\" content=\"https:\/\/www.facebook.com\/spanishcourses\" \/>\n<meta property=\"article:modified_time\" content=\"2026-04-06T13:44:35+00:00\" \/>\n<meta property=\"og:image\" content=\"https:\/\/www.inmsol.com\/wp-content\/uploads\/2023\/01\/Curso-preparacion-SIELE-20.jpg\" \/>\n\t<meta property=\"og:image:width\" content=\"1000\" \/>\n\t<meta property=\"og:image:height\" content=\"1000\" \/>\n\t<meta property=\"og:image:type\" content=\"image\/jpeg\" \/>\n<meta name=\"twitter:label1\" content=\"Szacowany czas czytania\" \/>\n\t<meta name=\"twitter:data1\" content=\"1 minuta\" \/>\n<script type=\"application\/ld+json\" class=\"yoast-schema-graph\">{\"@context\":\"https:\\\/\\\/schema.org\",\"@graph\":[{\"@type\":\"WebPage\",\"@id\":\"https:\\\/\\\/www.inmsol.com\\\/pl\\\/producto\\\/preparation-siele-20\\\/\",\"url\":\"https:\\\/\\\/www.inmsol.com\\\/pl\\\/producto\\\/preparation-siele-20\\\/\",\"name\":\"Przygotowanie do egzaminu SIELE \u2013 20 lekcji\\\/tydzie\u0144 &#8226; iNMSOL\",\"isPartOf\":{\"@id\":\"https:\\\/\\\/www.inmsol.com\\\/pl\\\/#website\"},\"primaryImageOfPage\":{\"@id\":\"https:\\\/\\\/www.inmsol.com\\\/pl\\\/producto\\\/preparation-siele-20\\\/#primaryimage\"},\"image\":{\"@id\":\"https:\\\/\\\/www.inmsol.com\\\/pl\\\/producto\\\/preparation-siele-20\\\/#primaryimage\"},\"thumbnailUrl\":\"https:\\\/\\\/www.inmsol.com\\\/wp-content\\\/uploads\\\/2023\\\/01\\\/Curso-preparacion-SIELE-20.jpg\",\"datePublished\":\"2023-01-11T16:31:55+00:00\",\"dateModified\":\"2026-04-06T13:44:35+00:00\",\"description\":\"Prepare your SIELE exam with our native professors. Our professors are official examiners and they have experience with these exams.\",\"breadcrumb\":{\"@id\":\"https:\\\/\\\/www.inmsol.com\\\/pl\\\/producto\\\/preparation-siele-20\\\/#breadcrumb\"},\"inLanguage\":\"pl-PL\",\"potentialAction\":[{\"@type\":\"ReadAction\",\"target\":[\"https:\\\/\\\/www.inmsol.com\\\/pl\\\/producto\\\/preparation-siele-20\\\/\"]}]},{\"@type\":\"ImageObject\",\"inLanguage\":\"pl-PL\",\"@id\":\"https:\\\/\\\/www.inmsol.com\\\/pl\\\/producto\\\/preparation-siele-20\\\/#primaryimage\",\"url\":\"https:\\\/\\\/www.inmsol.com\\\/wp-content\\\/uploads\\\/2023\\\/01\\\/Curso-preparacion-SIELE-20.jpg\",\"contentUrl\":\"https:\\\/\\\/www.inmsol.com\\\/wp-content\\\/uploads\\\/2023\\\/01\\\/Curso-preparacion-SIELE-20.jpg\",\"width\":1000,\"height\":1000},{\"@type\":\"BreadcrumbList\",\"@id\":\"https:\\\/\\\/www.inmsol.com\\\/pl\\\/producto\\\/preparation-siele-20\\\/#breadcrumb\",\"itemListElement\":[{\"@type\":\"ListItem\",\"position\":1,\"name\":\"Accredited Center by Instituto Cervantes\",\"item\":\"https:\\\/\\\/www.inmsol.com\\\/pl\\\/pagina-ejemplo\\\/\"},{\"@type\":\"ListItem\",\"position\":2,\"name\":\"Kursy\",\"item\":\"https:\\\/\\\/www.inmsol.com\\\/pl\\\/kursy\\\/\"},{\"@type\":\"ListItem\",\"position\":3,\"name\":\"Przygotowanie do egzaminu SIELE \u2013 20 lekcji\\\/tydzie\u0144\"}]},{\"@type\":\"WebSite\",\"@id\":\"https:\\\/\\\/www.inmsol.com\\\/pl\\\/#website\",\"url\":\"https:\\\/\\\/www.inmsol.com\\\/pl\\\/\",\"name\":\"iNMSOL\",\"description\":\"Learn Spanish with Us | Cervantes acredited Learning Centre\",\"publisher\":{\"@id\":\"https:\\\/\\\/www.inmsol.com\\\/pl\\\/#organization\"},\"potentialAction\":[{\"@type\":\"SearchAction\",\"target\":{\"@type\":\"EntryPoint\",\"urlTemplate\":\"https:\\\/\\\/www.inmsol.com\\\/pl\\\/?s={search_term_string}\"},\"query-input\":{\"@type\":\"PropertyValueSpecification\",\"valueRequired\":true,\"valueName\":\"search_term_string\"}}],\"inLanguage\":\"pl-PL\"},{\"@type\":\"Organization\",\"@id\":\"https:\\\/\\\/www.inmsol.com\\\/pl\\\/#organization\",\"name\":\"Instituto Mediterr\u00e1neo Sol\",\"url\":\"https:\\\/\\\/www.inmsol.com\\\/pl\\\/\",\"logo\":{\"@type\":\"ImageObject\",\"inLanguage\":\"pl-PL\",\"@id\":\"https:\\\/\\\/www.inmsol.com\\\/pl\\\/#\\\/schema\\\/logo\\\/image\\\/\",\"url\":\"https:\\\/\\\/www.inmsol.com\\\/wp-content\\\/uploads\\\/2023\\\/06\\\/logo-inmsol-1.png\",\"contentUrl\":\"https:\\\/\\\/www.inmsol.com\\\/wp-content\\\/uploads\\\/2023\\\/06\\\/logo-inmsol-1.png\",\"width\":136,\"height\":73,\"caption\":\"Instituto Mediterr\u00e1neo Sol\"},\"image\":{\"@id\":\"https:\\\/\\\/www.inmsol.com\\\/pl\\\/#\\\/schema\\\/logo\\\/image\\\/\"},\"sameAs\":[\"https:\\\/\\\/www.facebook.com\\\/spanishcourses\",\"https:\\\/\\\/x.com\\\/StudyInGranada\",\"http:\\\/\\\/instagram.com\\\/imsolgranada\",\"https:\\\/\\\/es.linkedin.com\\\/company\\\/imsol-granada\",\"https:\\\/\\\/www.pinterest.es\\\/inmsol\\\/\",\"https:\\\/\\\/www.youtube.com\\\/channel\\\/UChz-Qn_7coFMosY85iYMO4g\"]}]}<\/script>\n<!-- \/ Yoast SEO plugin. -->","yoast_head_json":{"title":"Przygotowanie do egzaminu SIELE \u2013 20 lekcji\/tydzie\u0144 &#8226; iNMSOL","description":"Prepare your SIELE exam with our native professors. Our professors are official examiners and they have experience with these exams.","robots":{"index":"index","follow":"follow","max-snippet":"max-snippet:-1","max-image-preview":"max-image-preview:large","max-video-preview":"max-video-preview:-1"},"canonical":"https:\/\/www.inmsol.com\/pl\/producto\/preparation-siele-20\/","og_locale":"pl_PL","og_type":"article","og_title":"Przygotowanie do egzaminu SIELE \u2013 20 lekcji\/tydzie\u0144 &#8226; iNMSOL","og_description":"Prepare your SIELE exam with our native professors. Our professors are official examiners and they have experience with these exams.","og_url":"https:\/\/www.inmsol.com\/pl\/producto\/preparation-siele-20\/","og_site_name":"iNMSOL","article_publisher":"https:\/\/www.facebook.com\/spanishcourses","article_modified_time":"2026-04-06T13:44:35+00:00","og_image":[{"width":1000,"height":1000,"url":"https:\/\/www.inmsol.com\/wp-content\/uploads\/2023\/01\/Curso-preparacion-SIELE-20.jpg","type":"image\/jpeg"}],"twitter_misc":{"Szacowany czas czytania":"1 minuta"},"schema":{"@context":"https:\/\/schema.org","@graph":[{"@type":"WebPage","@id":"https:\/\/www.inmsol.com\/pl\/producto\/preparation-siele-20\/","url":"https:\/\/www.inmsol.com\/pl\/producto\/preparation-siele-20\/","name":"Przygotowanie do egzaminu SIELE \u2013 20 lekcji\/tydzie\u0144 &#8226; iNMSOL","isPartOf":{"@id":"https:\/\/www.inmsol.com\/pl\/#website"},"primaryImageOfPage":{"@id":"https:\/\/www.inmsol.com\/pl\/producto\/preparation-siele-20\/#primaryimage"},"image":{"@id":"https:\/\/www.inmsol.com\/pl\/producto\/preparation-siele-20\/#primaryimage"},"thumbnailUrl":"https:\/\/www.inmsol.com\/wp-content\/uploads\/2023\/01\/Curso-preparacion-SIELE-20.jpg","datePublished":"2023-01-11T16:31:55+00:00","dateModified":"2026-04-06T13:44:35+00:00","description":"Prepare your SIELE exam with our native professors. Our professors are official examiners and they have experience with these exams.","breadcrumb":{"@id":"https:\/\/www.inmsol.com\/pl\/producto\/preparation-siele-20\/#breadcrumb"},"inLanguage":"pl-PL","potentialAction":[{"@type":"ReadAction","target":["https:\/\/www.inmsol.com\/pl\/producto\/preparation-siele-20\/"]}]},{"@type":"ImageObject","inLanguage":"pl-PL","@id":"https:\/\/www.inmsol.com\/pl\/producto\/preparation-siele-20\/#primaryimage","url":"https:\/\/www.inmsol.com\/wp-content\/uploads\/2023\/01\/Curso-preparacion-SIELE-20.jpg","contentUrl":"https:\/\/www.inmsol.com\/wp-content\/uploads\/2023\/01\/Curso-preparacion-SIELE-20.jpg","width":1000,"height":1000},{"@type":"BreadcrumbList","@id":"https:\/\/www.inmsol.com\/pl\/producto\/preparation-siele-20\/#breadcrumb","itemListElement":[{"@type":"ListItem","position":1,"name":"Accredited Center by Instituto Cervantes","item":"https:\/\/www.inmsol.com\/pl\/pagina-ejemplo\/"},{"@type":"ListItem","position":2,"name":"Kursy","item":"https:\/\/www.inmsol.com\/pl\/kursy\/"},{"@type":"ListItem","position":3,"name":"Przygotowanie do egzaminu SIELE \u2013 20 lekcji\/tydzie\u0144"}]},{"@type":"WebSite","@id":"https:\/\/www.inmsol.com\/pl\/#website","url":"https:\/\/www.inmsol.com\/pl\/","name":"iNMSOL","description":"Learn Spanish with Us | Cervantes acredited Learning Centre","publisher":{"@id":"https:\/\/www.inmsol.com\/pl\/#organization"},"potentialAction":[{"@type":"SearchAction","target":{"@type":"EntryPoint","urlTemplate":"https:\/\/www.inmsol.com\/pl\/?s={search_term_string}"},"query-input":{"@type":"PropertyValueSpecification","valueRequired":true,"valueName":"search_term_string"}}],"inLanguage":"pl-PL"},{"@type":"Organization","@id":"https:\/\/www.inmsol.com\/pl\/#organization","name":"Instituto Mediterr\u00e1neo Sol","url":"https:\/\/www.inmsol.com\/pl\/","logo":{"@type":"ImageObject","inLanguage":"pl-PL","@id":"https:\/\/www.inmsol.com\/pl\/#\/schema\/logo\/image\/","url":"https:\/\/www.inmsol.com\/wp-content\/uploads\/2023\/06\/logo-inmsol-1.png","contentUrl":"https:\/\/www.inmsol.com\/wp-content\/uploads\/2023\/06\/logo-inmsol-1.png","width":136,"height":73,"caption":"Instituto Mediterr\u00e1neo Sol"},"image":{"@id":"https:\/\/www.inmsol.com\/pl\/#\/schema\/logo\/image\/"},"sameAs":["https:\/\/www.facebook.com\/spanishcourses","https:\/\/x.com\/StudyInGranada","http:\/\/instagram.com\/imsolgranada","https:\/\/es.linkedin.com\/company\/imsol-granada","https:\/\/www.pinterest.es\/inmsol\/","https:\/\/www.youtube.com\/channel\/UChz-Qn_7coFMosY85iYMO4g"]}]}},"_links":{"self":[{"href":"https:\/\/www.inmsol.com\/pl\/wp-json\/wp\/v2\/product\/69838","targetHints":{"allow":["GET"]}}],"collection":[{"href":"https:\/\/www.inmsol.com\/pl\/wp-json\/wp\/v2\/product"}],"about":[{"href":"https:\/\/www.inmsol.com\/pl\/wp-json\/wp\/v2\/types\/product"}],"wp:featuredmedia":[{"embeddable":true,"href":"https:\/\/www.inmsol.com\/pl\/wp-json\/wp\/v2\/media\/65441"}],"wp:attachment":[{"href":"https:\/\/www.inmsol.com\/pl\/wp-json\/wp\/v2\/media?parent=69838"}],"wp:term":[{"taxonomy":"product_brand","embeddable":true,"href":"https:\/\/www.inmsol.com\/pl\/wp-json\/wp\/v2\/product_brand?post=69838"},{"taxonomy":"product_cat","embeddable":true,"href":"https:\/\/www.inmsol.com\/pl\/wp-json\/wp\/v2\/product_cat?post=69838"},{"taxonomy":"product_tag","embeddable":true,"href":"https:\/\/www.inmsol.com\/pl\/wp-json\/wp\/v2\/product_tag?post=69838"}],"curies":[{"name":"wp","href":"https:\/\/api.w.org\/{rel}","templated":true}]}}